{"id":140,"date":"2017-11-25T22:39:43","date_gmt":"2017-11-25T22:39:43","guid":{"rendered":"http:\/\/armonianaturaldietshop.com\/pagos-y-envios\/"},"modified":"2019-02-21T20:09:18","modified_gmt":"2019-02-21T20:09:18","slug":"payments-and-shipments","status":"publish","type":"page","link":"https:\/\/armonianaturaldietshop.com\/en\/payments-and-shipments\/","title":{"rendered":"Payments and Shipping"},"content":{"rendered":"<h2>Payments and Shipping<\/h2>\n<h1><span style=\"color: #59b347;\">ARMONIA NATURAL<\/span><\/h1>\n<p>Armonia Natural gives you different forms of payment and shipping for your purchases:<\/p>\n<p>National or local payments can be made through Efecty, Supergiros, Gane, and Baloto. International payments by Western Union, Money Gram or PayPal.<\/p>\n<p><img loading=\"lazy\" class=\"wp-image-2023 size-full aligncenter\" src=\"http:\/\/armonianaturaldietshop.com\/wp-content\/uploads\/2018\/07\/money-1.png\" alt=\"\" width=\"608\" height=\"384\" srcset=\"https:\/\/armonianaturaldietshop.com\/wp-content\/uploads\/2018\/07\/money-1.png 608w, https:\/\/armonianaturaldietshop.com\/wp-content\/uploads\/2018\/07\/money-1-600x379.png 600w, https:\/\/armonianaturaldietshop.com\/wp-content\/uploads\/2018\/07\/money-1-300x189.png 300w\" sizes=\"(max-width: 608px) 100vw, 608px\" \/><\/p>\n<h2><\/h2>\n<h2><span style=\"color: #99cc00;\">Pagos<\/span> bancarios:<\/h2>\n<p><img loading=\"lazy\" class=\"alignnone wp-image-2011 \" src=\"https:\/\/armonianaturaldietshop.com\/wp-content\/uploads\/2018\/07\/Pagos-bancarios.png\" alt=\"Pagos-bancarios\" width=\"408\" height=\"135\" srcset=\"https:\/\/armonianaturaldietshop.com\/wp-content\/uploads\/2018\/07\/Pagos-bancarios.png 948w, https:\/\/armonianaturaldietshop.com\/wp-content\/uploads\/2018\/07\/Pagos-bancarios-600x199.png 600w, https:\/\/armonianaturaldietshop.com\/wp-content\/uploads\/2018\/07\/Pagos-bancarios-300x99.png 300w, https:\/\/armonianaturaldietshop.com\/wp-content\/uploads\/2018\/07\/Pagos-bancarios-768x254.png 768w\" sizes=\"(max-width: 408px) 100vw, 408px\" \/><\/p>\n<p>Saving Account Davivienda\u00a0<strong>No.\u00a0015770009817<\/strong><\/p>\n<p>Saving Account Bancolombia\u00a0<strong>No.73663908739<\/strong><\/p>\n<h2><span style=\"color: #99cc00;\">Shipment\u00a0<\/span>of products:<\/h2>\n<p><img loading=\"lazy\" class=\"wp-image-2007 aligncenter\" src=\"https:\/\/armonianaturaldietshop.com\/wp-content\/uploads\/2018\/07\/worldwideshipping.jpg\" alt=\"\" width=\"751\" height=\"270\" \/><\/p>\n<p>Armonia Natural Diet Shop offers you the following means:<\/p>\n<p><img loading=\"lazy\" class=\"alignnone wp-image-2038 size-full\" src=\"http:\/\/armonianaturaldietshop.com\/wp-content\/uploads\/2018\/07\/envios.png\" alt=\"\" width=\"1406\" height=\"193\" srcset=\"https:\/\/armonianaturaldietshop.com\/wp-content\/uploads\/2018\/07\/envios.png 1406w, https:\/\/armonianaturaldietshop.com\/wp-content\/uploads\/2018\/07\/envios-600x82.png 600w, https:\/\/armonianaturaldietshop.com\/wp-content\/uploads\/2018\/07\/envios-300x41.png 300w, https:\/\/armonianaturaldietshop.com\/wp-content\/uploads\/2018\/07\/envios-768x105.png 768w, https:\/\/armonianaturaldietshop.com\/wp-content\/uploads\/2018\/07\/envios-1024x141.png 1024w\" sizes=\"(max-width: 1406px) 100vw, 1406px\" \/><\/p>\n<p><strong>\u00a0<\/strong><\/p>\n<p><strong>Delivery of goods policy:<\/strong><\/p>\n<p><strong><br \/>\n<\/strong>\u00a0Throughout Colombia, Central America, North America and Europe:<\/p>\n<p>Online purchases of products of Armonia Natural Diet Shop can be made from any country. Taking into account that products deliveries are only carried out within the Colombian territory. International shipping is subject to revision and policies of the destination country.<\/p>\n<p><strong>\u00a0Delivery times:<\/strong><\/p>\n<p>It is important that at the time of entering the delivery address verify that this is correct and has the complete information, only in this way you will receive your products in the stipulated time.<\/p>\n<p>*The approximate time of delivery is between 1 &#8211; 3 working days from Monday to Saturday. There are no deliveries on Sundays or public holidays.<\/p>\n<p><strong>Deliveries to addresses other than the buyer:<\/strong><\/p>\n<p>In the buying process, we can indicate an address other than your address as a buyer, these cases apply when your purchase is in order to make a gift.<\/p>\n<p>Delivery addresses can be even in cities other than the buyer&#8217;s address.<\/p>\n<p><strong>With whom do we dispatch our orders?<\/strong><\/p>\n<p>Our providers of national and International mailing are Servientrega, Deprisa of Avianca, Interrapidisimo, Envia, and Redetrans. In the city of Cali-Valle, our shipments or deliveries yields main directly make them Armonia Natural Diet Shop.<\/p>\n<p><strong>How much cost shipments?<\/strong><\/p>\n<p>Shipments or deliveries in Cali-Valle our main headquarters have a fixed value of $ 5.000.<\/p>\n<p>National Shipments is like that: the rates depend on the destination city and the total weight of the (s) product (s). This value will see it in the details of your purchase, in the transportation box.<\/p>\n<p><strong>What happens if the product arrives damage :<\/strong><\/p>\n<p>It is important that at the time of receiving of the product to verify that the outside box is in good condition if it is possible, check the State of the products purchased before the person who delivers your purchase.<br \/>\nIf you see an abnormality immediately notifies the person who gives the \/ products.<\/p>\n<p>Note: After the purchase is made, the seller will contact the buyer to arrange for the means of payment and shipment of the products.<\/p>\n<p><em><strong>Armon\u00eda Natural Diet Shop<\/strong><\/em><\/p>\n","protected":false},"excerpt":{"rendered":"<p>Payments and Shipping<br \/>\nARMONIA NATURAL<\/p>\n<p>Armonia Natural gives you different forms of payment and shipping for your purchases:<\/p>\n<p>National or local payments can be made through Efecty, Supergiros, Gane, and Baloto. International payments by Western Union, Money Gram or PayPal.<\/p>\n<\/p>\n<p>Pagos bancarios:<\/p>\n<p>Saving Account Davivienda\u00a0<strong>No.\u00a0015770009817<\/strong><\/p>\n<p>Saving Account Bancolombia\u00a0<strong>No.73663908739<\/strong><\/p>\n<p>Shipment\u00a0of products:<\/p>\n<p>Armonia Natural Diet Shop offers you the following means:<\/p>\n<\/p>\n<p><strong>\u00a0<\/strong><\/p>\n<p><strong>Delivery of goods policy:<\/strong><\/p>\n<p><strong><br \/>\n<\/strong>\u00a0Throughout [&#8230;]<\/p>\n","protected":false},"author":1,"featured_media":0,"parent":0,"menu_order":0,"comment_status":"closed","ping_status":"closed","template":"","meta":[],"acf":[],"yoast_head":"<!-- This site is optimized with the Yoast SEO plugin v18.5.1 - https:\/\/yoast.com\/wordpress\/plugins\/seo\/ -->\n<title>Pagos y env\u00edos Armon\u00eda Natural Diet Shop<\/title>\n<meta name=\"description\" content=\"Armon\u00eda Natural te brinda diferentes formas de pago y env\u00edo para tus compras. Los Pagos Nacionales o Locales se pueden realizar a trav\u00e9s de Efecty, Supergiros, Baloto y Gane Pagos Internacionales por Western Union, Money Gram o PayPal .\" \/>\n<meta name=\"robots\" content=\"index, follow, max-snippet:-1, max-image-preview:large, max-video-preview:-1\" \/>\n<link rel=\"canonical\" href=\"https:\/\/armonianaturaldietshop.com\/en\/payments-and-shipments\/\" \/>\n<meta property=\"og:locale\" content=\"en_US\" \/>\n<meta property=\"og:type\" content=\"article\" \/>\n<meta property=\"og:title\" content=\"Pagos y env\u00edos Armon\u00eda Natural Diet Shop\" \/>\n<meta property=\"og:description\" content=\"Armon\u00eda Natural te brinda diferentes formas de pago y env\u00edo para tus compras. Los Pagos Nacionales o Locales se pueden realizar a trav\u00e9s de Efecty, Supergiros, Baloto y Gane Pagos Internacionales por Western Union, Money Gram o PayPal .\" \/>\n<meta property=\"og:url\" content=\"https:\/\/armonianaturaldietshop.com\/en\/payments-and-shipments\/\" \/>\n<meta property=\"og:site_name\" content=\"Armonia Natural Diet Shop\" \/>\n<meta property=\"article:publisher\" content=\"https:\/\/www.facebook.com\/ArmoniaNaturalDietShop\/\" \/>\n<meta property=\"article:modified_time\" content=\"2019-02-21T20:09:18+00:00\" \/>\n<meta property=\"og:image\" content=\"http:\/\/armonianaturaldietshop.com\/wp-content\/uploads\/2018\/07\/money-1.png\" \/>\n<meta name=\"twitter:card\" content=\"summary_large_image\" \/>\n<meta name=\"twitter:label1\" content=\"Est. reading time\" \/>\n\t<meta name=\"twitter:data1\" content=\"2 minutes\" \/>\n<script type=\"application\/ld+json\" class=\"yoast-schema-graph\">{\"@context\":\"https:\/\/schema.org\",\"@graph\":[{\"@type\":\"Organization\",\"@id\":\"https:\/\/armonianaturaldietshop.com\/#organization\",\"name\":\"Armonia Natural Diet Shop\",\"url\":\"https:\/\/armonianaturaldietshop.com\/\",\"sameAs\":[\"https:\/\/www.facebook.com\/ArmoniaNaturalDietShop\/\",\"https:\/\/www.instagram.com\/armonia.natural\/?hl=en\"],\"logo\":{\"@type\":\"ImageObject\",\"@id\":\"https:\/\/armonianaturaldietshop.com\/#logo\",\"inLanguage\":\"en-US\",\"url\":\"https:\/\/armonianaturaldietshop.com\/wp-content\/uploads\/2018\/01\/top-banner-1.png\",\"contentUrl\":\"https:\/\/armonianaturaldietshop.com\/wp-content\/uploads\/2018\/01\/top-banner-1.png\",\"width\":369,\"height\":116,\"caption\":\"Armonia Natural Diet Shop\"},\"image\":{\"@id\":\"https:\/\/armonianaturaldietshop.com\/#logo\"}},{\"@type\":\"WebSite\",\"@id\":\"https:\/\/armonianaturaldietshop.com\/#website\",\"url\":\"https:\/\/armonianaturaldietshop.com\/\",\"name\":\"Armonia Natural Diet Shop\",\"description\":\"Otro sitio realizado con WordPress\",\"publisher\":{\"@id\":\"https:\/\/armonianaturaldietshop.com\/#organization\"},\"potentialAction\":[{\"@type\":\"SearchAction\",\"target\":{\"@type\":\"EntryPoint\",\"urlTemplate\":\"https:\/\/armonianaturaldietshop.com\/?s={search_term_string}\"},\"query-input\":\"required name=search_term_string\"}],\"inLanguage\":\"en-US\"},{\"@type\":\"ImageObject\",\"@id\":\"https:\/\/armonianaturaldietshop.com\/en\/payments-and-shipments\/#primaryimage\",\"inLanguage\":\"en-US\",\"url\":\"http:\/\/armonianaturaldietshop.com\/wp-content\/uploads\/2018\/07\/money-1.png\",\"contentUrl\":\"http:\/\/armonianaturaldietshop.com\/wp-content\/uploads\/2018\/07\/money-1.png\"},{\"@type\":\"WebPage\",\"@id\":\"https:\/\/armonianaturaldietshop.com\/en\/payments-and-shipments\/#webpage\",\"url\":\"https:\/\/armonianaturaldietshop.com\/en\/payments-and-shipments\/\",\"name\":\"Pagos y env\u00edos Armon\u00eda Natural Diet Shop\",\"isPartOf\":{\"@id\":\"https:\/\/armonianaturaldietshop.com\/#website\"},\"primaryImageOfPage\":{\"@id\":\"https:\/\/armonianaturaldietshop.com\/en\/payments-and-shipments\/#primaryimage\"},\"datePublished\":\"2017-11-25T22:39:43+00:00\",\"dateModified\":\"2019-02-21T20:09:18+00:00\",\"description\":\"Armon\u00eda Natural te brinda diferentes formas de pago y env\u00edo para tus compras. Los Pagos Nacionales o Locales se pueden realizar a trav\u00e9s de Efecty, Supergiros, Baloto y Gane Pagos Internacionales por Western Union, Money Gram o PayPal .\",\"breadcrumb\":{\"@id\":\"https:\/\/armonianaturaldietshop.com\/en\/payments-and-shipments\/#breadcrumb\"},\"inLanguage\":\"en-US\",\"potentialAction\":[{\"@type\":\"ReadAction\",\"target\":[\"https:\/\/armonianaturaldietshop.com\/en\/payments-and-shipments\/\"]}]},{\"@type\":\"BreadcrumbList\",\"@id\":\"https:\/\/armonianaturaldietshop.com\/en\/payments-and-shipments\/#breadcrumb\",\"itemListElement\":[{\"@type\":\"ListItem\",\"position\":1,\"name\":\"Home\",\"item\":\"https:\/\/armonianaturaldietshop.com\/en\/\"},{\"@type\":\"ListItem\",\"position\":2,\"name\":\"Payments and Shipping\"}]}]}<\/script>\n<!-- \/ Yoast SEO plugin. -->","yoast_head_json":{"title":"Pagos y env\u00edos Armon\u00eda Natural Diet Shop","description":"Armon\u00eda Natural te brinda diferentes formas de pago y env\u00edo para tus compras. Los Pagos Nacionales o Locales se pueden realizar a trav\u00e9s de Efecty, Supergiros, Baloto y Gane Pagos Internacionales por Western Union, Money Gram o PayPal .","robots":{"index":"index","follow":"follow","max-snippet":"max-snippet:-1","max-image-preview":"max-image-preview:large","max-video-preview":"max-video-preview:-1"},"canonical":"https:\/\/armonianaturaldietshop.com\/en\/payments-and-shipments\/","og_locale":"en_US","og_type":"article","og_title":"Pagos y env\u00edos Armon\u00eda Natural Diet Shop","og_description":"Armon\u00eda Natural te brinda diferentes formas de pago y env\u00edo para tus compras. Los Pagos Nacionales o Locales se pueden realizar a trav\u00e9s de Efecty, Supergiros, Baloto y Gane Pagos Internacionales por Western Union, Money Gram o PayPal .","og_url":"https:\/\/armonianaturaldietshop.com\/en\/payments-and-shipments\/","og_site_name":"Armonia Natural Diet Shop","article_publisher":"https:\/\/www.facebook.com\/ArmoniaNaturalDietShop\/","article_modified_time":"2019-02-21T20:09:18+00:00","og_image":[{"url":"http:\/\/armonianaturaldietshop.com\/wp-content\/uploads\/2018\/07\/money-1.png"}],"twitter_card":"summary_large_image","twitter_misc":{"Est. reading time":"2 minutes"},"schema":{"@context":"https:\/\/schema.org","@graph":[{"@type":"Organization","@id":"https:\/\/armonianaturaldietshop.com\/#organization","name":"Armonia Natural Diet Shop","url":"https:\/\/armonianaturaldietshop.com\/","sameAs":["https:\/\/www.facebook.com\/ArmoniaNaturalDietShop\/","https:\/\/www.instagram.com\/armonia.natural\/?hl=en"],"logo":{"@type":"ImageObject","@id":"https:\/\/armonianaturaldietshop.com\/#logo","inLanguage":"en-US","url":"https:\/\/armonianaturaldietshop.com\/wp-content\/uploads\/2018\/01\/top-banner-1.png","contentUrl":"https:\/\/armonianaturaldietshop.com\/wp-content\/uploads\/2018\/01\/top-banner-1.png","width":369,"height":116,"caption":"Armonia Natural Diet Shop"},"image":{"@id":"https:\/\/armonianaturaldietshop.com\/#logo"}},{"@type":"WebSite","@id":"https:\/\/armonianaturaldietshop.com\/#website","url":"https:\/\/armonianaturaldietshop.com\/","name":"Armonia Natural Diet Shop","description":"Otro sitio realizado con WordPress","publisher":{"@id":"https:\/\/armonianaturaldietshop.com\/#organization"},"potentialAction":[{"@type":"SearchAction","target":{"@type":"EntryPoint","urlTemplate":"https:\/\/armonianaturaldietshop.com\/?s={search_term_string}"},"query-input":"required name=search_term_string"}],"inLanguage":"en-US"},{"@type":"ImageObject","@id":"https:\/\/armonianaturaldietshop.com\/en\/payments-and-shipments\/#primaryimage","inLanguage":"en-US","url":"http:\/\/armonianaturaldietshop.com\/wp-content\/uploads\/2018\/07\/money-1.png","contentUrl":"http:\/\/armonianaturaldietshop.com\/wp-content\/uploads\/2018\/07\/money-1.png"},{"@type":"WebPage","@id":"https:\/\/armonianaturaldietshop.com\/en\/payments-and-shipments\/#webpage","url":"https:\/\/armonianaturaldietshop.com\/en\/payments-and-shipments\/","name":"Pagos y env\u00edos Armon\u00eda Natural Diet Shop","isPartOf":{"@id":"https:\/\/armonianaturaldietshop.com\/#website"},"primaryImageOfPage":{"@id":"https:\/\/armonianaturaldietshop.com\/en\/payments-and-shipments\/#primaryimage"},"datePublished":"2017-11-25T22:39:43+00:00","dateModified":"2019-02-21T20:09:18+00:00","description":"Armon\u00eda Natural te brinda diferentes formas de pago y env\u00edo para tus compras. Los Pagos Nacionales o Locales se pueden realizar a trav\u00e9s de Efecty, Supergiros, Baloto y Gane Pagos Internacionales por Western Union, Money Gram o PayPal .","breadcrumb":{"@id":"https:\/\/armonianaturaldietshop.com\/en\/payments-and-shipments\/#breadcrumb"},"inLanguage":"en-US","potentialAction":[{"@type":"ReadAction","target":["https:\/\/armonianaturaldietshop.com\/en\/payments-and-shipments\/"]}]},{"@type":"BreadcrumbList","@id":"https:\/\/armonianaturaldietshop.com\/en\/payments-and-shipments\/#breadcrumb","itemListElement":[{"@type":"ListItem","position":1,"name":"Home","item":"https:\/\/armonianaturaldietshop.com\/en\/"},{"@type":"ListItem","position":2,"name":"Payments and Shipping"}]}]}},"_links":{"self":[{"href":"https:\/\/armonianaturaldietshop.com\/en\/wp-json\/wp\/v2\/pages\/140"}],"collection":[{"href":"https:\/\/armonianaturaldietshop.com\/en\/wp-json\/wp\/v2\/pages"}],"about":[{"href":"https:\/\/armonianaturaldietshop.com\/en\/wp-json\/wp\/v2\/types\/page"}],"author":[{"embeddable":true,"href":"https:\/\/armonianaturaldietshop.com\/en\/wp-json\/wp\/v2\/users\/1"}],"replies":[{"embeddable":true,"href":"https:\/\/armonianaturaldietshop.com\/en\/wp-json\/wp\/v2\/comments?post=140"}],"version-history":[{"count":11,"href":"https:\/\/armonianaturaldietshop.com\/en\/wp-json\/wp\/v2\/pages\/140\/revisions"}],"predecessor-version":[{"id":3118,"href":"https:\/\/armonianaturaldietshop.com\/en\/wp-json\/wp\/v2\/pages\/140\/revisions\/3118"}],"wp:attachment":[{"href":"https:\/\/armonianaturaldietshop.com\/en\/wp-json\/wp\/v2\/media?parent=140"}],"curies":[{"name":"wp","href":"https:\/\/api.w.org\/{rel}","templated":true}]}}