{"id":1982,"date":"2018-04-13T15:01:34","date_gmt":"2018-04-13T15:01:34","guid":{"rendered":"http:\/\/armonianaturaldietshop.com\/politica-de-privacidad\/"},"modified":"2018-04-13T15:04:21","modified_gmt":"2018-04-13T15:04:21","slug":"privacy-policy","status":"publish","type":"page","link":"https:\/\/armonianaturaldietshop.com\/en\/privacy-policy\/","title":{"rendered":"Privacy policy"},"content":{"rendered":"<p><span style=\"color: #59b347;\"><strong>POL\u00cdTICAS DE PRIVACIDAD Y T\u00c9RMINOS DE USO<\/strong><\/span><\/p>\n<p>&nbsp;<\/p>\n<p>Este portal es propiedad de Armonia Natural Diet Shop, sociedad Limitada constituida en la ciudad de Cali Colombia y registrada en la C\u00e1mara de Comercio con el numero de Matricula 847542-1 del 14 de junio de 2012. Identificada ante la DIAN con el Nit 6097507-0.<\/p>\n<p>Direccion administrativa: Calle 14C # 64A-70.<br \/>\nTel\u00e9fono (2)4839778<br \/>\ne-mail\u00a0<a href=\"mailto:info@armonianaturaldietshop.com\">info@armonianaturaldietshop.com<\/a><br \/>\nNos regimos por las leyes de la Republica de Colombia.<br \/>\n<strong>\u00a0<\/strong><\/p>\n<p><span style=\"color: #59b347;\"><strong>POLITICA DE PRIVACIDAD<\/strong><\/span><\/p>\n<p>&nbsp;<\/p>\n<p>Armonia Natural Diet Shop, teniendo en cuenta la vigencia de la Ley Estatutaria 1581 de 2012,\u00a0\u00a0 &#8220;Por la cual se dictan las disposiciones generales para la protecci\u00f3n de datos personales y el decreto reglamentario 1377 de 2013&#8221;,\u00a0 respeta la privacidad de las personas\u00a0 que utilicen nuestra\u00a0 p\u00e1gina www.armonianaturaldietshop.com o cualquier otro sitio al cual se puedan entrar mediante un enlace. Esta Pol\u00edtica de Privacidad se refiere a la informaci\u00f3n que Armonia Natural Diet shop, pueden recopilar y el uso que pueden darle a dicha informaci\u00f3n. Tambi\u00e9n explica las medidas de seguridad tomadas para proteger su informaci\u00f3n, su posibilidad de acceder a su informaci\u00f3n, y a qui\u00e9n podr\u00e1 dirigirse en Armonia Natural Diet Shop,\u00a0 para resolver sus inquietudes en relaci\u00f3n con esta declaraci\u00f3n de privacidad que puedan surgir.<\/p>\n<p>Esta Pol\u00edtica de Privacidad contempla la recopilaci\u00f3n y uso de informaci\u00f3n personal en la p\u00e1gina Web, as\u00ed como tambi\u00e9n la recopilaci\u00f3n por cualquier otro medio.<\/p>\n<p>&nbsp;<\/p>\n<p><span style=\"color: #59b347;\"><strong>ACEPTACION DEL USUARIO<\/strong><\/span><\/p>\n<p>&nbsp;<\/p>\n<p>En algunas partes de esta p\u00e1gina pedimos nos suministre informaci\u00f3n que nos permita mejorar la visita a la p\u00e1gina, atender la oferta de compra y dar seguimiento a las inquietudes tras la visita.<\/p>\n<p>Su participaci\u00f3n es totalmente voluntaria. Es posible que pidamos informaci\u00f3n concreta relacionada con su nombre, direcci\u00f3n de correo electr\u00f3nico y otros datos personales similares de identificaci\u00f3n m\u00e1s concreta que se necesitan para registrarle o suscribirle a servicios u ofertas. Si alguna vez llegamos a requerir informaci\u00f3n considerablemente diferente, se lo informaremos. Cuando el usuario proporciona informaci\u00f3n personal no la daremos a ninguna compa\u00f1\u00eda externa para su uso con fines de mercadotecnia u ofertas de servicios.<\/p>\n<p>Al usar la p\u00e1gina Web, Ud. autoriza expresamente a Armonia Natural Diet Shop a recopilar, usar, tratar, divulgar, etc. su informaci\u00f3n personal de acuerdo con la siguiente Pol\u00edtica de Privacidad. Si Ud. no est\u00e1 de acuerdo con esta Pol\u00edtica de Privacidad, por favor, no utilice la p\u00e1gina Web.<\/p>\n<p>&nbsp;<\/p>\n<p><span style=\"color: #59b347;\"><strong>USO DE DE LA INFORMACION PERSONAL<\/strong><\/span><\/p>\n<p>&nbsp;<\/p>\n<p>En caso de que usted suministre informaci\u00f3n personal, dicha informaci\u00f3n ser\u00e1 objeto de tratamiento automatizado e incorporada a la base de datos de Armonia Natural Diet Shop. La recolecci\u00f3n y tratamiento de la informaci\u00f3n y\/o datos de car\u00e1cter personal tienen por finalidad la prestaci\u00f3n, gesti\u00f3n, administraci\u00f3n, actualizaci\u00f3n y mejora de los servicios y contenidos puestos a disposici\u00f3n de los usuarios por parte de Armonia Natural Diet Shop a trav\u00e9s de su p\u00e1gina Web. Asimismo los datos podr\u00e1n ser utilizados para la participaci\u00f3n de sorteos, promociones, ofertas, para el env\u00edo de comunicaciones a los usuarios en lo referente a los servicios y contenidos brindados por Armonia Natural Diet Shop, as\u00ed como para cualquier otro uso permitido por la ley.<\/p>\n<p>&nbsp;<\/p>\n<p><span style=\"color: #59b347;\"><strong>PROTECCION A LA INFORMACI\u00d3N PERSONAL<\/strong><\/span><\/p>\n<p>&nbsp;<\/p>\n<p>Armonia Natural Diet Shop manifiesta que no cede ni transfiere informaci\u00f3n personal de los usuarios a ning\u00fan tercero.<\/p>\n<p>&nbsp;<\/p>\n<p><span style=\"color: #59b347;\"><strong>EXCEPCIONES<\/strong><\/span><\/p>\n<p>&nbsp;<\/p>\n<p>No obstante, algunos servicios que Armonia Natural Diet Shop realizan a trav\u00e9s de la p\u00e1gina Web, como compras, bonificaciones, sorteos, promociones, etc., pueden requerir que Armonia Natural Diet Shop se encuentren en la necesidad de compartir cierta informaci\u00f3n con terceros a efectos de dar cumplimiento con las prestaciones correspondientes. En esos casos, Armonia Natural Diet Shop deber\u00e1n necesariamente ceder la informaci\u00f3n del usuario solo a los efectos del cumplimiento del objeto para el cual fue solicitado el dato, para lo cual el usuario que acepte participar de esos servicios presta su consentimiento a tal fin.<\/p>\n<p>&nbsp;<\/p>\n<p><span style=\"color: #59b347;\"><strong>DIVULGACION LEGAL<\/strong><\/span><\/p>\n<p>&nbsp;<\/p>\n<p>Armonia Natural Diet Shop podr\u00e1 revelar informaci\u00f3n personal a terceros sin su consentimiento cuando se trata de requerimientos exigidos por ley o por resoluci\u00f3n judicial que as\u00ed lo autorice, para cooperar con autoridades gubernamentales en investigaciones judiciales y para hacer cumplir o proteger la propiedad intelectual o derechos contractuales de Armonia Natural Diet Shop.<\/p>\n<p>&nbsp;<\/p>\n<p><span style=\"color: #59b347;\"><strong>OBLIGACIONES SOBRE\u00a0 LA INFORMACI\u00d3N<\/strong><\/span><\/p>\n<p>&nbsp;<\/p>\n<p>Para prevenir el acceso no autorizado, mantener la precisi\u00f3n de los datos y asegurar el uso correcto de la informaci\u00f3n, Armonia Natural Diet Shop han puesto en uso ciertos medios f\u00edsicos, electr\u00f3nicos, administrativos y procedimientos de seguridad que protegen y aseguran la informaci\u00f3n que se recopila en l\u00ednea por Internet.<\/p>\n<p>Armonia Natural Diet Shop resguardan la informaci\u00f3n de acuerdo a est\u00e1ndares y procedimientos de seguridad establecidos y continuamente eval\u00faa nuevas tecnolog\u00edas para proteger la informaci\u00f3n. Sin embargo, Ud. reconoce que los medios t\u00e9cnicos existentes que brindan seguridad no son inexpugnables, y que a\u00fan cuando se adopten todos los m\u00e9todos razonables de seguridad es posible sufrir manipulaciones, destrucci\u00f3n o p\u00e9rdida de informaci\u00f3n.<\/p>\n<p>&nbsp;<\/p>\n<p><span style=\"color: #59b347;\"><strong>DERECHOS DEL TITULAR<\/strong><\/span><\/p>\n<p>&nbsp;<\/p>\n<p>Armonia Natural Diet Shop garantizan el debido cumplimiento de los derechos de los usuarios sobre la informaci\u00f3n personal proporcionada que conceden las disposiciones que regulan la Protecci\u00f3n de Datos Personales vigentes en Colombia. De este modo, el usuario podr\u00e1 ejercitar los derechos de acceso, rectificaci\u00f3n, actualizaci\u00f3n, cancelaci\u00f3n de datos y oposici\u00f3n.\u00a0 Para hacer efectivo este derecho, los usuarios solamente deben enviar un correo electr\u00f3nico dirigido a\u00a0<a href=\"mailto:info@armonianaturaldietshop.com\">info@armonianaturaldietshop.com<\/a>.\u00a0Ante el requerimiento formal realizado por parte del usuario, Armonia Natural Diet Shop proceder\u00e1 a brindar el acceso a su informaci\u00f3n personal, as\u00ed como a rectificar, actualizar o suprimir los datos personales del afectado seg\u00fan corresponda.<\/p>\n<p>&nbsp;<\/p>\n<p><span style=\"color: #59b347;\"><strong>ACCESO A OTOS SITIOS<\/strong><\/span><\/p>\n<p>&nbsp;<\/p>\n<p>La p\u00e1gina Web puede contener v\u00ednculos hacia otros sitios o recursos de Internet, incluyendo sitios operados por los socios comerciales del sitio web, proveedores de servicios y proveedores de contenido. Cuando se accede a estos sitios a trav\u00e9s de los enlaces o v\u00ednculos correspondientes, Ud. reconoce estar contact\u00e1ndose con otro sitio distinto a la p\u00e1gina Web de Armonia Natural Diet Shop. En este sentido, Armonia Natural Diet Shop no tiene ninguna responsabilidad, obligaci\u00f3n y\/o control con respecto a los contenidos disponibles en esos otros sitios o a la recolecci\u00f3n, uso, tratamiento y\/o divulgaci\u00f3n que \u00e9stos hagan de su informaci\u00f3n personal. Se sugiere al usuario la revisi\u00f3n de las pol\u00edticas de privacidad de tales terceras partes para comprender de qu\u00e9 forma recopilan y usan la informaci\u00f3n.<\/p>\n<p>&nbsp;<\/p>\n<p><span style=\"color: #59b347;\"><strong>CONSERVACION DE DATOS DE USUARIOS NO ACTIVOS<\/strong><\/span><\/p>\n<p>&nbsp;<\/p>\n<p>El usuario acepta que, a\u00fan cuando deje de ser usuario activo de nuestra p\u00e1gina Web, Armonia Natural Diet Shop podr\u00e1n seguir usando la informaci\u00f3n personal que se haya recopilado anteriormente.<\/p>\n<p>&nbsp;<\/p>\n<p><span style=\"color: #59b347;\"><strong>MODIFICACIONES A ESTA POL\u00cdTICA DE PRIVACIDAD<\/strong><\/span><\/p>\n<p>&nbsp;<\/p>\n<p>Debido al permanente cambio y actualizaci\u00f3n en las tecnolog\u00edas y desarrollos en seguridad, Armonia Natural Diet Shop se reservan el derecho en cualquier momento a revisar esta Pol\u00edtica de Privacidad, por medio de la actualizaci\u00f3n de este anuncio. Al usar esta p\u00e1gina, el usuario conviene en darse por obligado por cualquiera de tales revisiones, debiendo entonces visitar peri\u00f3dicamente esta p\u00e1gina para determinar la Pol\u00edtica vigente en ese momento a la cual el usuario estar\u00e1 sometido en el evento que decida utilizar esta p\u00e1gina.<\/p>\n<p>Armonia Natural Diet Shop se reservan el derecho a modificar esta Pol\u00edtica de Privacidad cuando sea necesario. Le sugerimos la visita peri\u00f3dica e esta Pol\u00edtica de Privacidad para estar informado de la versi\u00f3n m\u00e1s actual.<\/p>\n<p>&nbsp;<\/p>\n<p><span style=\"color: #59b347;\"><strong>TERMINOS Y CONDICIONES DE LA PAGINA WEB<\/strong><\/span><\/p>\n<p>&nbsp;<\/p>\n<p>El acuerdo de utilizaci\u00f3n de la p\u00e1gina Web contiene cl\u00e1usulas importantes sobre, por ejemplo, limitaci\u00f3n o exclusi\u00f3n de la obligaci\u00f3n de Armonia Natural Diet Shop con respecto al uso que se hiciera de la p\u00e1gina Web; determinaci\u00f3n de la ley aplicable y la jurisdicci\u00f3n exclusiva para la resoluci\u00f3n de cualquier disputa concerniente a la p\u00e1gina Web. Cada una de dichas cl\u00e1usulas es aplicable a cualquier disputa que pudiera surgir en relaci\u00f3n con esta Pol\u00edtica de Privacidad o con la recopilaci\u00f3n, uso, tratamiento y\/o divulgaci\u00f3n que Armonia Natural Diet Shop hicieran de su informaci\u00f3n personal.<\/p>\n","protected":false},"excerpt":{"rendered":"<p><strong>POL\u00cdTICAS DE PRIVACIDAD Y T\u00c9RMINOS DE USO<\/strong><\/p>\n<p>&nbsp;<\/p>\n<p>Este portal es propiedad de Armonia Natural Diet Shop, sociedad Limitada constituida en la ciudad de Cali Colombia y registrada en la C\u00e1mara de Comercio con el numero de Matricula 847542-1 del 14 de junio de 2012. Identificada ante la DIAN con el Nit 6097507-0.<\/p>\n<p>Direccion administrativa: Calle 14C # [&#8230;]<\/p>\n","protected":false},"author":1,"featured_media":0,"parent":0,"menu_order":0,"comment_status":"closed","ping_status":"closed","template":"","meta":[],"acf":[],"yoast_head":"<!-- This site is optimized with the Yoast SEO plugin v18.5.1 - https:\/\/yoast.com\/wordpress\/plugins\/seo\/ -->\n<title>Privacy policy - Armonia Natural Diet Shop<\/title>\n<meta name=\"robots\" content=\"index, follow, max-snippet:-1, max-image-preview:large, max-video-preview:-1\" \/>\n<link rel=\"canonical\" href=\"https:\/\/armonianaturaldietshop.com\/en\/privacy-policy\/\" \/>\n<meta property=\"og:locale\" content=\"en_US\" \/>\n<meta property=\"og:type\" content=\"article\" \/>\n<meta property=\"og:title\" content=\"Privacy policy - Armonia Natural Diet Shop\" \/>\n<meta property=\"og:description\" content=\"POL\u00cdTICAS DE PRIVACIDAD Y T\u00c9RMINOS DE USO &nbsp; Este portal es propiedad de Armonia Natural Diet Shop, sociedad Limitada constituida en la ciudad de Cali Colombia y registrada en la C\u00e1mara de Comercio con el numero de Matricula 847542-1 del 14 de junio de 2012. Identificada ante la DIAN con el Nit 6097507-0. Direccion administrativa: Calle 14C # [...]\" \/>\n<meta property=\"og:url\" content=\"https:\/\/armonianaturaldietshop.com\/en\/privacy-policy\/\" \/>\n<meta property=\"og:site_name\" content=\"Armonia Natural Diet Shop\" \/>\n<meta property=\"article:publisher\" content=\"https:\/\/www.facebook.com\/ArmoniaNaturalDietShop\/\" \/>\n<meta property=\"article:modified_time\" content=\"2018-04-13T15:04:21+00:00\" \/>\n<meta name=\"twitter:card\" content=\"summary_large_image\" \/>\n<meta name=\"twitter:label1\" content=\"Est. reading time\" \/>\n\t<meta name=\"twitter:data1\" content=\"7 minutes\" \/>\n<script type=\"application\/ld+json\" class=\"yoast-schema-graph\">{\"@context\":\"https:\/\/schema.org\",\"@graph\":[{\"@type\":\"Organization\",\"@id\":\"https:\/\/armonianaturaldietshop.com\/#organization\",\"name\":\"Armonia Natural Diet Shop\",\"url\":\"https:\/\/armonianaturaldietshop.com\/\",\"sameAs\":[\"https:\/\/www.facebook.com\/ArmoniaNaturalDietShop\/\",\"https:\/\/www.instagram.com\/armonia.natural\/?hl=en\"],\"logo\":{\"@type\":\"ImageObject\",\"@id\":\"https:\/\/armonianaturaldietshop.com\/#logo\",\"inLanguage\":\"en-US\",\"url\":\"https:\/\/armonianaturaldietshop.com\/wp-content\/uploads\/2018\/01\/top-banner-1.png\",\"contentUrl\":\"https:\/\/armonianaturaldietshop.com\/wp-content\/uploads\/2018\/01\/top-banner-1.png\",\"width\":369,\"height\":116,\"caption\":\"Armonia Natural Diet Shop\"},\"image\":{\"@id\":\"https:\/\/armonianaturaldietshop.com\/#logo\"}},{\"@type\":\"WebSite\",\"@id\":\"https:\/\/armonianaturaldietshop.com\/#website\",\"url\":\"https:\/\/armonianaturaldietshop.com\/\",\"name\":\"Armonia Natural Diet Shop\",\"description\":\"Otro sitio realizado con WordPress\",\"publisher\":{\"@id\":\"https:\/\/armonianaturaldietshop.com\/#organization\"},\"potentialAction\":[{\"@type\":\"SearchAction\",\"target\":{\"@type\":\"EntryPoint\",\"urlTemplate\":\"https:\/\/armonianaturaldietshop.com\/?s={search_term_string}\"},\"query-input\":\"required name=search_term_string\"}],\"inLanguage\":\"en-US\"},{\"@type\":\"WebPage\",\"@id\":\"https:\/\/armonianaturaldietshop.com\/en\/privacy-policy\/#webpage\",\"url\":\"https:\/\/armonianaturaldietshop.com\/en\/privacy-policy\/\",\"name\":\"Privacy policy - Armonia Natural Diet Shop\",\"isPartOf\":{\"@id\":\"https:\/\/armonianaturaldietshop.com\/#website\"},\"datePublished\":\"2018-04-13T15:01:34+00:00\",\"dateModified\":\"2018-04-13T15:04:21+00:00\",\"breadcrumb\":{\"@id\":\"https:\/\/armonianaturaldietshop.com\/en\/privacy-policy\/#breadcrumb\"},\"inLanguage\":\"en-US\",\"potentialAction\":[{\"@type\":\"ReadAction\",\"target\":[\"https:\/\/armonianaturaldietshop.com\/en\/privacy-policy\/\"]}]},{\"@type\":\"BreadcrumbList\",\"@id\":\"https:\/\/armonianaturaldietshop.com\/en\/privacy-policy\/#breadcrumb\",\"itemListElement\":[{\"@type\":\"ListItem\",\"position\":1,\"name\":\"Home\",\"item\":\"https:\/\/armonianaturaldietshop.com\/en\/\"},{\"@type\":\"ListItem\",\"position\":2,\"name\":\"Privacy policy\"}]}]}<\/script>\n<!-- \/ Yoast SEO plugin. -->","yoast_head_json":{"title":"Privacy policy - Armonia Natural Diet Shop","robots":{"index":"index","follow":"follow","max-snippet":"max-snippet:-1","max-image-preview":"max-image-preview:large","max-video-preview":"max-video-preview:-1"},"canonical":"https:\/\/armonianaturaldietshop.com\/en\/privacy-policy\/","og_locale":"en_US","og_type":"article","og_title":"Privacy policy - Armonia Natural Diet Shop","og_description":"POL\u00cdTICAS DE PRIVACIDAD Y T\u00c9RMINOS DE USO &nbsp; Este portal es propiedad de Armonia Natural Diet Shop, sociedad Limitada constituida en la ciudad de Cali Colombia y registrada en la C\u00e1mara de Comercio con el numero de Matricula 847542-1 del 14 de junio de 2012. Identificada ante la DIAN con el Nit 6097507-0. Direccion administrativa: Calle 14C # [...]","og_url":"https:\/\/armonianaturaldietshop.com\/en\/privacy-policy\/","og_site_name":"Armonia Natural Diet Shop","article_publisher":"https:\/\/www.facebook.com\/ArmoniaNaturalDietShop\/","article_modified_time":"2018-04-13T15:04:21+00:00","twitter_card":"summary_large_image","twitter_misc":{"Est. reading time":"7 minutes"},"schema":{"@context":"https:\/\/schema.org","@graph":[{"@type":"Organization","@id":"https:\/\/armonianaturaldietshop.com\/#organization","name":"Armonia Natural Diet Shop","url":"https:\/\/armonianaturaldietshop.com\/","sameAs":["https:\/\/www.facebook.com\/ArmoniaNaturalDietShop\/","https:\/\/www.instagram.com\/armonia.natural\/?hl=en"],"logo":{"@type":"ImageObject","@id":"https:\/\/armonianaturaldietshop.com\/#logo","inLanguage":"en-US","url":"https:\/\/armonianaturaldietshop.com\/wp-content\/uploads\/2018\/01\/top-banner-1.png","contentUrl":"https:\/\/armonianaturaldietshop.com\/wp-content\/uploads\/2018\/01\/top-banner-1.png","width":369,"height":116,"caption":"Armonia Natural Diet Shop"},"image":{"@id":"https:\/\/armonianaturaldietshop.com\/#logo"}},{"@type":"WebSite","@id":"https:\/\/armonianaturaldietshop.com\/#website","url":"https:\/\/armonianaturaldietshop.com\/","name":"Armonia Natural Diet Shop","description":"Otro sitio realizado con WordPress","publisher":{"@id":"https:\/\/armonianaturaldietshop.com\/#organization"},"potentialAction":[{"@type":"SearchAction","target":{"@type":"EntryPoint","urlTemplate":"https:\/\/armonianaturaldietshop.com\/?s={search_term_string}"},"query-input":"required name=search_term_string"}],"inLanguage":"en-US"},{"@type":"WebPage","@id":"https:\/\/armonianaturaldietshop.com\/en\/privacy-policy\/#webpage","url":"https:\/\/armonianaturaldietshop.com\/en\/privacy-policy\/","name":"Privacy policy - Armonia Natural Diet Shop","isPartOf":{"@id":"https:\/\/armonianaturaldietshop.com\/#website"},"datePublished":"2018-04-13T15:01:34+00:00","dateModified":"2018-04-13T15:04:21+00:00","breadcrumb":{"@id":"https:\/\/armonianaturaldietshop.com\/en\/privacy-policy\/#breadcrumb"},"inLanguage":"en-US","potentialAction":[{"@type":"ReadAction","target":["https:\/\/armonianaturaldietshop.com\/en\/privacy-policy\/"]}]},{"@type":"BreadcrumbList","@id":"https:\/\/armonianaturaldietshop.com\/en\/privacy-policy\/#breadcrumb","itemListElement":[{"@type":"ListItem","position":1,"name":"Home","item":"https:\/\/armonianaturaldietshop.com\/en\/"},{"@type":"ListItem","position":2,"name":"Privacy policy"}]}]}},"_links":{"self":[{"href":"https:\/\/armonianaturaldietshop.com\/en\/wp-json\/wp\/v2\/pages\/1982"}],"collection":[{"href":"https:\/\/armonianaturaldietshop.com\/en\/wp-json\/wp\/v2\/pages"}],"about":[{"href":"https:\/\/armonianaturaldietshop.com\/en\/wp-json\/wp\/v2\/types\/page"}],"author":[{"embeddable":true,"href":"https:\/\/armonianaturaldietshop.com\/en\/wp-json\/wp\/v2\/users\/1"}],"replies":[{"embeddable":true,"href":"https:\/\/armonianaturaldietshop.com\/en\/wp-json\/wp\/v2\/comments?post=1982"}],"version-history":[{"count":1,"href":"https:\/\/armonianaturaldietshop.com\/en\/wp-json\/wp\/v2\/pages\/1982\/revisions"}],"predecessor-version":[{"id":1983,"href":"https:\/\/armonianaturaldietshop.com\/en\/wp-json\/wp\/v2\/pages\/1982\/revisions\/1983"}],"wp:attachment":[{"href":"https:\/\/armonianaturaldietshop.com\/en\/wp-json\/wp\/v2\/media?parent=1982"}],"curies":[{"name":"wp","href":"https:\/\/api.w.org\/{rel}","templated":true}]}}