{"id":1678,"date":"2018-01-28T21:43:30","date_gmt":"2018-01-28T21:43:30","guid":{"rendered":"http:\/\/armonianaturaldietshop.com\/product\/vitamina-c-500mg-puritans\/"},"modified":"2022-01-27T19:18:19","modified_gmt":"2022-01-27T19:18:19","slug":"vitamina-c-500mg-puritans","status":"publish","type":"product","link":"https:\/\/armonianaturaldietshop.com\/en\/product\/vitamina-c-500mg-puritans\/","title":{"rendered":"Vitamina C 500mg Puritans"},"content":{"rendered":"<p style=\"text-align: justify;\">La vitamina C es fundamental para muchas de las funciones que cumple el organismo y es una de las vitaminas m\u00e1s importantes para el sistema inmunol\u00f3gico, que adem\u00e1s ayuda a combatir los radicales libres que da\u00f1an las c\u00e9lulas del cuerpo.<\/p>\n<p style=\"text-align: justify;\">** Nuestro producto incluye tambi\u00e9n frutos de rosas silvestres, que contribuyen con la absorci\u00f3n y utilizaci\u00f3n de la vitamina C por parte del organismo.<\/p>\n<p style=\"text-align: justify;\">**Es un poderoso antioxidante.**<\/p>\n<p style=\"text-align: justify;\">**Favorece la funci\u00f3n inmunol\u00f3gica y contribuye con el bienestar.**<\/p>\n<p style=\"text-align: justify;\"><strong>**IMPORTANCIA DE LA VITAMINA C**<\/strong><br \/>\nAunque el cuerpo humano no pueda producir vitamina C de forma natural, est\u00e1 presente en grandes cantidades en muchos alimentos y a menudo, se a\u00f1ade vitamina C a muchos alimentos que no la tienen de forma natural. La vitamina C es importante ya que el consumirla de forma adecuada est\u00e1 asociado con numerosos beneficios para la salud.<\/p>\n<p style=\"text-align: justify;\"><strong>\u00bfPara qu\u00e9 es importante la vitamina C?<\/strong><\/p>\n<p style=\"text-align: justify;\">La vitamina C es importante ya que es necesaria para la reparaci\u00f3n de los tejidos y el crecimiento. Esto significa que ayuda a curar heridas, reparando y manteniendo el cart\u00edlago, los huesos e incluso los dientes.<br \/>\nAdem\u00e1s, la vitamina C es necesaria para formar el col\u00e1geno, una prote\u00edna cuya utilidad en el organismo para construirse, desde nueva piel para cerrar cicatrices hasta ligamentos y vasos sangu\u00edneos. Estas funciones son extremadamente valiosas.<\/p>\n<p style=\"text-align: justify;\">Vitamina C y radicales libres La vitamina C de las naranjas tambi\u00e9n juega un papel fundamiental en la defensa de las c\u00e9lulas ya que es antioxidante, por lo cual ayuda a bloquear la producci\u00f3n de radicales libres. Seg\u00fan varias investigaciones, los radicales libres pueden causar importantes da\u00f1os al organismo, entre los que se incluyen, da\u00f1o al material gen\u00e9tico (ADN), enzimas y otras proteinas y grasas de la membrana celular. Este da\u00f1o contribuye al desarrollo de muchas enfermedades cr\u00f3nicas como enfermedades cardiacas y c\u00e1ncer.<\/p>\n<p style=\"text-align: justify;\">Vitamina C para prevenir enfermedades Gran parte de los investigadores est\u00e1n de acuerdo con el papel de la vitamina C para prevenir enfermedades, de hecho, cerca de 100 estudios epidemiol\u00f3gicos han examinado el papel de la vitamina C o alimentos ricos en vitamina C en la prevenci\u00f3n del c\u00e1ncer, encontrando una gran evidencia de este papel, reduciendo el riesgo de c\u00e1ncer de ex\u00f3fago, cavidad oral, est\u00f3mago y p\u00e1ncreas y una sustancial evidencia de ayuda para la protecci\u00f3n contra el c\u00e1ncer de cuello de \u00fatero, de recto, mama y pulmones.<\/p>\n<p style=\"text-align: justify;\">La vitamina C tambi\u00e9n puede reducir el riesgo de sufrir ictus cerebral, seg\u00fan un estudio publicado en 2008 en la publicaci\u00f3n American Journal of Clinical Nutrition. Los participantes en el estudio con mayores niveles de vitamina C tuvieron un 42% menos de riesgo de sufrir ictus cerebral en comparaci\u00f3n con los participantes del estudio con menor nivel de vitamina C.<\/p>\n<p style=\"text-align: justify;\">Alimentos con vitamina C Los alimentos considerados buenas fuentes de vitamina C incluyen frutas c\u00edtricas, zumos, tomates, mel\u00f3n, boniato, br\u00f3coli, pimientos y verduras de hoja verde. El cuerpo no puede almacenar el exceso de vitamina C, por lo que ha de consumirse la cantidad necesaria de vitamina C cada d\u00eda.<\/p>\n<p><strong>Indicaciones:<\/strong> Adultos, tomar de uno (1) a dos (2) comprimidos por d\u00eda, preferiblemente con las comidas.<\/p>\n<p style=\"text-align: justify;\"><strong>Otros ingredientes:<\/strong> \u00e1cido asc\u00f3rbico, celulosa vegetal, bioflavonoides de c\u00edtricos, rosa silvestre, estearato de magnesio vegetal, s\u00edlice.<\/p>\n<p style=\"text-align: justify;\"><span style=\"color: #2e2e2e; font-family: Arial, Helvetica, Verdana, sans-serif; font-size: 13px; border: none; font-weight: bold;\">\u00a0<\/span><\/p>\n<p style=\"text-align: justify;\">\n","protected":false},"excerpt":{"rendered":"<p>La vitamina C es fundamental para muchas de las funciones que cumple el organismo y es una de las vitaminas m\u00e1s importantes para el sistema inmunol\u00f3gico, que adem\u00e1s ayuda a combatir los radicales libres que da\u00f1an las c\u00e9lulas del cuerpo.<\/p>\n","protected":false},"featured_media":523,"comment_status":"open","ping_status":"closed","template":"","meta":[],"product_cat":[34],"product_tag":[],"acf":[],"yoast_head":"<!-- This site is optimized with the Yoast SEO plugin v18.5.1 - https:\/\/yoast.com\/wordpress\/plugins\/seo\/ -->\n<title>Vitamina C 500mg Puritans - Armonia Natural Diet Shop<\/title>\n<meta name=\"robots\" content=\"index, follow, max-snippet:-1, max-image-preview:large, max-video-preview:-1\" \/>\n<link rel=\"canonical\" href=\"https:\/\/armonianaturaldietshop.com\/en\/product\/vitamina-c-500mg-puritans\/\" \/>\n<meta property=\"og:locale\" content=\"en_US\" \/>\n<meta property=\"og:type\" content=\"article\" \/>\n<meta property=\"og:title\" content=\"Vitamina C 500mg Puritans - Armonia Natural Diet Shop\" \/>\n<meta property=\"og:description\" content=\"La vitamina C es fundamental para muchas de las funciones que cumple el organismo y es una de las vitaminas m\u00e1s importantes para el sistema inmunol\u00f3gico, que adem\u00e1s ayuda a combatir los radicales libres que da\u00f1an las c\u00e9lulas del cuerpo.\" \/>\n<meta property=\"og:url\" content=\"https:\/\/armonianaturaldietshop.com\/en\/product\/vitamina-c-500mg-puritans\/\" \/>\n<meta property=\"og:site_name\" content=\"Armonia Natural Diet Shop\" \/>\n<meta property=\"article:publisher\" content=\"https:\/\/www.facebook.com\/ArmoniaNaturalDietShop\/\" \/>\n<meta property=\"article:modified_time\" content=\"2022-01-27T19:18:19+00:00\" \/>\n<meta property=\"og:image\" content=\"https:\/\/armonianaturaldietshop.com\/wp-content\/uploads\/2018\/02\/vitamina-c-500mg-puritans_225.jpg\" \/>\n\t<meta property=\"og:image:width\" content=\"119\" \/>\n\t<meta property=\"og:image:height\" content=\"240\" \/>\n\t<meta property=\"og:image:type\" content=\"image\/jpeg\" \/>\n<meta name=\"twitter:card\" content=\"summary_large_image\" \/>\n<meta name=\"twitter:label1\" content=\"Est. reading time\" \/>\n\t<meta name=\"twitter:data1\" content=\"3 minutes\" \/>\n<script type=\"application\/ld+json\" class=\"yoast-schema-graph\">{\"@context\":\"https:\/\/schema.org\",\"@graph\":[{\"@type\":\"Organization\",\"@id\":\"https:\/\/armonianaturaldietshop.com\/#organization\",\"name\":\"Armonia Natural Diet Shop\",\"url\":\"https:\/\/armonianaturaldietshop.com\/\",\"sameAs\":[\"https:\/\/www.facebook.com\/ArmoniaNaturalDietShop\/\",\"https:\/\/www.instagram.com\/armonia.natural\/?hl=en\"],\"logo\":{\"@type\":\"ImageObject\",\"@id\":\"https:\/\/armonianaturaldietshop.com\/#logo\",\"inLanguage\":\"en-US\",\"url\":\"https:\/\/armonianaturaldietshop.com\/wp-content\/uploads\/2018\/01\/top-banner-1.png\",\"contentUrl\":\"https:\/\/armonianaturaldietshop.com\/wp-content\/uploads\/2018\/01\/top-banner-1.png\",\"width\":369,\"height\":116,\"caption\":\"Armonia Natural Diet Shop\"},\"image\":{\"@id\":\"https:\/\/armonianaturaldietshop.com\/#logo\"}},{\"@type\":\"WebSite\",\"@id\":\"https:\/\/armonianaturaldietshop.com\/#website\",\"url\":\"https:\/\/armonianaturaldietshop.com\/\",\"name\":\"Armonia Natural Diet Shop\",\"description\":\"Otro sitio realizado con WordPress\",\"publisher\":{\"@id\":\"https:\/\/armonianaturaldietshop.com\/#organization\"},\"potentialAction\":[{\"@type\":\"SearchAction\",\"target\":{\"@type\":\"EntryPoint\",\"urlTemplate\":\"https:\/\/armonianaturaldietshop.com\/?s={search_term_string}\"},\"query-input\":\"required name=search_term_string\"}],\"inLanguage\":\"en-US\"},{\"@type\":\"ImageObject\",\"@id\":\"https:\/\/armonianaturaldietshop.com\/en\/product\/vitamina-c-500mg-puritans\/#primaryimage\",\"inLanguage\":\"en-US\",\"url\":\"https:\/\/armonianaturaldietshop.com\/wp-content\/uploads\/2018\/02\/vitamina-c-500mg-puritans_225.jpg\",\"contentUrl\":\"https:\/\/armonianaturaldietshop.com\/wp-content\/uploads\/2018\/02\/vitamina-c-500mg-puritans_225.jpg\",\"width\":119,\"height\":240},{\"@type\":\"WebPage\",\"@id\":\"https:\/\/armonianaturaldietshop.com\/en\/product\/vitamina-c-500mg-puritans\/#webpage\",\"url\":\"https:\/\/armonianaturaldietshop.com\/en\/product\/vitamina-c-500mg-puritans\/\",\"name\":\"Vitamina C 500mg Puritans - Armonia Natural Diet Shop\",\"isPartOf\":{\"@id\":\"https:\/\/armonianaturaldietshop.com\/#website\"},\"primaryImageOfPage\":{\"@id\":\"https:\/\/armonianaturaldietshop.com\/en\/product\/vitamina-c-500mg-puritans\/#primaryimage\"},\"datePublished\":\"2018-01-28T21:43:30+00:00\",\"dateModified\":\"2022-01-27T19:18:19+00:00\",\"breadcrumb\":{\"@id\":\"https:\/\/armonianaturaldietshop.com\/en\/product\/vitamina-c-500mg-puritans\/#breadcrumb\"},\"inLanguage\":\"en-US\",\"potentialAction\":[{\"@type\":\"ReadAction\",\"target\":[\"https:\/\/armonianaturaldietshop.com\/en\/product\/vitamina-c-500mg-puritans\/\"]}]},{\"@type\":\"BreadcrumbList\",\"@id\":\"https:\/\/armonianaturaldietshop.com\/en\/product\/vitamina-c-500mg-puritans\/#breadcrumb\",\"itemListElement\":[{\"@type\":\"ListItem\",\"position\":1,\"name\":\"Home\",\"item\":\"https:\/\/armonianaturaldietshop.com\/en\/\"},{\"@type\":\"ListItem\",\"position\":2,\"name\":\"Shop\",\"item\":\"https:\/\/armonianaturaldietshop.com\/en\/shop\/\"},{\"@type\":\"ListItem\",\"position\":3,\"name\":\"Vitamina C 500mg Puritans\"}]}]}<\/script>\n<!-- \/ Yoast SEO plugin. -->","yoast_head_json":{"title":"Vitamina C 500mg Puritans - Armonia Natural Diet Shop","robots":{"index":"index","follow":"follow","max-snippet":"max-snippet:-1","max-image-preview":"max-image-preview:large","max-video-preview":"max-video-preview:-1"},"canonical":"https:\/\/armonianaturaldietshop.com\/en\/product\/vitamina-c-500mg-puritans\/","og_locale":"en_US","og_type":"article","og_title":"Vitamina C 500mg Puritans - Armonia Natural Diet Shop","og_description":"La vitamina C es fundamental para muchas de las funciones que cumple el organismo y es una de las vitaminas m\u00e1s importantes para el sistema inmunol\u00f3gico, que adem\u00e1s ayuda a combatir los radicales libres que da\u00f1an las c\u00e9lulas del cuerpo.","og_url":"https:\/\/armonianaturaldietshop.com\/en\/product\/vitamina-c-500mg-puritans\/","og_site_name":"Armonia Natural Diet Shop","article_publisher":"https:\/\/www.facebook.com\/ArmoniaNaturalDietShop\/","article_modified_time":"2022-01-27T19:18:19+00:00","og_image":[{"width":119,"height":240,"url":"https:\/\/armonianaturaldietshop.com\/wp-content\/uploads\/2018\/02\/vitamina-c-500mg-puritans_225.jpg","type":"image\/jpeg"}],"twitter_card":"summary_large_image","twitter_misc":{"Est. reading time":"3 minutes"},"schema":{"@context":"https:\/\/schema.org","@graph":[{"@type":"Organization","@id":"https:\/\/armonianaturaldietshop.com\/#organization","name":"Armonia Natural Diet Shop","url":"https:\/\/armonianaturaldietshop.com\/","sameAs":["https:\/\/www.facebook.com\/ArmoniaNaturalDietShop\/","https:\/\/www.instagram.com\/armonia.natural\/?hl=en"],"logo":{"@type":"ImageObject","@id":"https:\/\/armonianaturaldietshop.com\/#logo","inLanguage":"en-US","url":"https:\/\/armonianaturaldietshop.com\/wp-content\/uploads\/2018\/01\/top-banner-1.png","contentUrl":"https:\/\/armonianaturaldietshop.com\/wp-content\/uploads\/2018\/01\/top-banner-1.png","width":369,"height":116,"caption":"Armonia Natural Diet Shop"},"image":{"@id":"https:\/\/armonianaturaldietshop.com\/#logo"}},{"@type":"WebSite","@id":"https:\/\/armonianaturaldietshop.com\/#website","url":"https:\/\/armonianaturaldietshop.com\/","name":"Armonia Natural Diet Shop","description":"Otro sitio realizado con WordPress","publisher":{"@id":"https:\/\/armonianaturaldietshop.com\/#organization"},"potentialAction":[{"@type":"SearchAction","target":{"@type":"EntryPoint","urlTemplate":"https:\/\/armonianaturaldietshop.com\/?s={search_term_string}"},"query-input":"required name=search_term_string"}],"inLanguage":"en-US"},{"@type":"ImageObject","@id":"https:\/\/armonianaturaldietshop.com\/en\/product\/vitamina-c-500mg-puritans\/#primaryimage","inLanguage":"en-US","url":"https:\/\/armonianaturaldietshop.com\/wp-content\/uploads\/2018\/02\/vitamina-c-500mg-puritans_225.jpg","contentUrl":"https:\/\/armonianaturaldietshop.com\/wp-content\/uploads\/2018\/02\/vitamina-c-500mg-puritans_225.jpg","width":119,"height":240},{"@type":"WebPage","@id":"https:\/\/armonianaturaldietshop.com\/en\/product\/vitamina-c-500mg-puritans\/#webpage","url":"https:\/\/armonianaturaldietshop.com\/en\/product\/vitamina-c-500mg-puritans\/","name":"Vitamina C 500mg Puritans - Armonia Natural Diet Shop","isPartOf":{"@id":"https:\/\/armonianaturaldietshop.com\/#website"},"primaryImageOfPage":{"@id":"https:\/\/armonianaturaldietshop.com\/en\/product\/vitamina-c-500mg-puritans\/#primaryimage"},"datePublished":"2018-01-28T21:43:30+00:00","dateModified":"2022-01-27T19:18:19+00:00","breadcrumb":{"@id":"https:\/\/armonianaturaldietshop.com\/en\/product\/vitamina-c-500mg-puritans\/#breadcrumb"},"inLanguage":"en-US","potentialAction":[{"@type":"ReadAction","target":["https:\/\/armonianaturaldietshop.com\/en\/product\/vitamina-c-500mg-puritans\/"]}]},{"@type":"BreadcrumbList","@id":"https:\/\/armonianaturaldietshop.com\/en\/product\/vitamina-c-500mg-puritans\/#breadcrumb","itemListElement":[{"@type":"ListItem","position":1,"name":"Home","item":"https:\/\/armonianaturaldietshop.com\/en\/"},{"@type":"ListItem","position":2,"name":"Shop","item":"https:\/\/armonianaturaldietshop.com\/en\/shop\/"},{"@type":"ListItem","position":3,"name":"Vitamina C 500mg Puritans"}]}]}},"_links":{"self":[{"href":"https:\/\/armonianaturaldietshop.com\/en\/wp-json\/wp\/v2\/product\/1678"}],"collection":[{"href":"https:\/\/armonianaturaldietshop.com\/en\/wp-json\/wp\/v2\/product"}],"about":[{"href":"https:\/\/armonianaturaldietshop.com\/en\/wp-json\/wp\/v2\/types\/product"}],"replies":[{"embeddable":true,"href":"https:\/\/armonianaturaldietshop.com\/en\/wp-json\/wp\/v2\/comments?post=1678"}],"wp:featuredmedia":[{"embeddable":true,"href":"https:\/\/armonianaturaldietshop.com\/en\/wp-json\/wp\/v2\/media\/523"}],"wp:attachment":[{"href":"https:\/\/armonianaturaldietshop.com\/en\/wp-json\/wp\/v2\/media?parent=1678"}],"wp:term":[{"taxonomy":"product_cat","embeddable":true,"href":"https:\/\/armonianaturaldietshop.com\/en\/wp-json\/wp\/v2\/product_cat?post=1678"},{"taxonomy":"product_tag","embeddable":true,"href":"https:\/\/armonianaturaldietshop.com\/en\/wp-json\/wp\/v2\/product_tag?post=1678"}],"curies":[{"name":"wp","href":"https:\/\/api.w.org\/{rel}","templated":true}]}}