{"id":1679,"date":"2018-01-28T21:43:30","date_gmt":"2018-01-28T21:43:30","guid":{"rendered":"http:\/\/armonianaturaldietshop.com\/product\/vitamina-de-complejo-b-100-tabletas\/"},"modified":"2022-01-27T19:20:50","modified_gmt":"2022-01-27T19:20:50","slug":"vitamina-de-complejo-b-100-tabletas","status":"publish","type":"product","link":"https:\/\/armonianaturaldietshop.com\/en\/product\/vitamina-de-complejo-b-100-tabletas\/","title":{"rendered":"Vitamina de Complejo B 100 tabletas"},"content":{"rendered":"<p style=\"text-align: justify;\"><strong>Super Complejo B<\/strong><\/p>\n<p style=\"text-align: justify;\">Durante una dieta baja en grasa y colesterol, encontraron que el \u00e1cido f\u00f3lico, vitamina B6 y vitamina B12 puede reducir el riesgo de enfermedad cardiovascular. Super Complejo B es un suplemento diet\u00e9tico que contiene todas las vitaminas del complejo B: tiamina, riboflavina, niacina, vitamina B6, \u00e1cido f\u00f3lico, vitamina B12, biotina y \u00e1cido pantot\u00e9nico, m\u00e1s vitamina C.<br \/>\nLa tiamina se refiere principalmente a la producci\u00f3n de energ\u00eda en el cuerpo, especialmente el cerebro. Riboflavina y niacina est\u00e1n asociados con la generaci\u00f3n de energ\u00eda y control de los mecanismos antioxidantes en el cuerpo. La vitamina B 6 est\u00e1 especialmente vinculada a la s\u00edntesis de prote\u00ednas en nuestro cuerpo.<\/p>\n<p style=\"text-align: justify;\">Super B Complex tiene el \u00e1cido f\u00f3lico que es esencial para la divisi\u00f3n celular y s\u00edntesis de ADN de los neurotransmisores y neurotransmisores en el cuerpo. La vitamina B12 est\u00e1 involucrada en muchas reacciones del cuerpo y trabaja en estrecha colaboraci\u00f3n con \u00e1cido f\u00f3lico. La biotina es una vitamina B que ayuda a la s\u00edntesis de grasas y prote\u00ednas utilizadas en el cuerpo.<\/p>\n<p style=\"text-align: justify;\">El \u00e1cido pantot\u00e9nico es otra vitamina B, lo que contribuye a la utilizaci\u00f3n de grasas e hidratos de carbono para sintetizar la energ\u00eda requerida para la hidrataci\u00f3n de los tejidos, particularmente en el pulm\u00f3n y el ojo, sino que tambi\u00e9n aumenta la respuesta inmunitaria del cuerpo.<\/p>\n<p style=\"text-align: justify;\"><strong>Beneficios de Super Complejo B:<\/strong><\/p>\n<p style=\"text-align: justify;\">Durante el per\u00edodo de control de peso pueden tener deficiencia de vitamina B<br \/>\nSuper-vitaminas del complejo B, el cuerpo puede utilizar correctamente los nutrientes (prote\u00ednas, l\u00edpidos, hidratos de carbono),<br \/>\nLa vitamina B, como complejo adicional de SuperB puede utilizarse para mejorar los procesos de utilizaci\u00f3n de la energ\u00eda en el cuerpo.<br \/>\nProveedores de energ\u00eda para funcionar correctamente.<\/p>\n<p style=\"text-align: justify;\"><strong><img src=\"images\/COMPLEJO_B_FACTS.jpg\" alt=\"COMPLEJO B FACTS\" \/><\/strong><\/p>\n<p style=\"text-align: justify;\"><strong>Indicaciones:<\/strong> Adultos, tomar de dos (2) a cuatro (4) comprimidos por d\u00eda, preferiblemente con una comida.<\/p>\n<p style=\"text-align: justify;\"><strong>Otros ingredientes:<\/strong> celulosa vegetal, fosfato dic\u00e1lcico, s\u00edlice, estearato de magnesio vegetal.<\/p>\n<p style=\"text-align: justify;\"><strong>ADVERTENCIA:<\/strong> Si est\u00e1 embarazada, en per\u00edodo de lactancia o tomando alg\u00fan medicamento, consulte con su m\u00e9dico antes de usar este producto. Suspenda su uso y consulte a su m\u00e9dico si se produce alguna reacci\u00f3n adversa.<\/p>\n<p style=\"text-align: justify;\">\n","protected":false},"excerpt":{"rendered":"<p>er B Complex tiene el \u00e1cido f\u00f3lico que es esencial para la divisi\u00f3n celular y s\u00edntesis de ADN de los neurotransmisores y neurotransmisores en el cuerpo. La vitamina B12 est\u00e1 involucrada en muchas reacciones del cuerpo y trabaja en estrecha colaboraci\u00f3n con \u00e1cido f\u00f3lico. La biotina es una vitamina B que ayuda a la s\u00edntesis de grasas y prote\u00ednas utilizadas en el cuerpo.<\/p>\n","protected":false},"featured_media":525,"comment_status":"open","ping_status":"closed","template":"","meta":[],"product_cat":[34],"product_tag":[],"acf":[],"yoast_head":"<!-- This site is optimized with the Yoast SEO plugin v18.5.1 - https:\/\/yoast.com\/wordpress\/plugins\/seo\/ -->\n<title>Vitamina de Complejo B 100 tabletas - Armonia Natural Diet Shop<\/title>\n<meta name=\"robots\" content=\"index, follow, max-snippet:-1, max-image-preview:large, max-video-preview:-1\" \/>\n<link rel=\"canonical\" href=\"https:\/\/armonianaturaldietshop.com\/en\/product\/vitamina-de-complejo-b-100-tabletas\/\" \/>\n<meta property=\"og:locale\" content=\"en_US\" \/>\n<meta property=\"og:type\" content=\"article\" \/>\n<meta property=\"og:title\" content=\"Vitamina de Complejo B 100 tabletas - Armonia Natural Diet Shop\" \/>\n<meta property=\"og:description\" content=\"er B Complex tiene el \u00e1cido f\u00f3lico que es esencial para la divisi\u00f3n celular y s\u00edntesis de ADN de los neurotransmisores y neurotransmisores en el cuerpo. La vitamina B12 est\u00e1 involucrada en muchas reacciones del cuerpo y trabaja en estrecha colaboraci\u00f3n con \u00e1cido f\u00f3lico. La biotina es una vitamina B que ayuda a la s\u00edntesis de grasas y prote\u00ednas utilizadas en el cuerpo.\" \/>\n<meta property=\"og:url\" content=\"https:\/\/armonianaturaldietshop.com\/en\/product\/vitamina-de-complejo-b-100-tabletas\/\" \/>\n<meta property=\"og:site_name\" content=\"Armonia Natural Diet Shop\" \/>\n<meta property=\"article:publisher\" content=\"https:\/\/www.facebook.com\/ArmoniaNaturalDietShop\/\" \/>\n<meta property=\"article:modified_time\" content=\"2022-01-27T19:20:50+00:00\" \/>\n<meta property=\"og:image\" content=\"https:\/\/armonianaturaldietshop.com\/wp-content\/uploads\/2018\/02\/vitamina-de-complejo-b-100-tabletas_105.jpg\" \/>\n\t<meta property=\"og:image:width\" content=\"256\" \/>\n\t<meta property=\"og:image:height\" content=\"286\" \/>\n\t<meta property=\"og:image:type\" content=\"image\/jpeg\" \/>\n<meta name=\"twitter:card\" content=\"summary_large_image\" \/>\n<meta name=\"twitter:label1\" content=\"Est. reading time\" \/>\n\t<meta name=\"twitter:data1\" content=\"2 minutes\" \/>\n<script type=\"application\/ld+json\" class=\"yoast-schema-graph\">{\"@context\":\"https:\/\/schema.org\",\"@graph\":[{\"@type\":\"Organization\",\"@id\":\"https:\/\/armonianaturaldietshop.com\/#organization\",\"name\":\"Armonia Natural Diet Shop\",\"url\":\"https:\/\/armonianaturaldietshop.com\/\",\"sameAs\":[\"https:\/\/www.facebook.com\/ArmoniaNaturalDietShop\/\",\"https:\/\/www.instagram.com\/armonia.natural\/?hl=en\"],\"logo\":{\"@type\":\"ImageObject\",\"@id\":\"https:\/\/armonianaturaldietshop.com\/#logo\",\"inLanguage\":\"en-US\",\"url\":\"https:\/\/armonianaturaldietshop.com\/wp-content\/uploads\/2018\/01\/top-banner-1.png\",\"contentUrl\":\"https:\/\/armonianaturaldietshop.com\/wp-content\/uploads\/2018\/01\/top-banner-1.png\",\"width\":369,\"height\":116,\"caption\":\"Armonia Natural Diet Shop\"},\"image\":{\"@id\":\"https:\/\/armonianaturaldietshop.com\/#logo\"}},{\"@type\":\"WebSite\",\"@id\":\"https:\/\/armonianaturaldietshop.com\/#website\",\"url\":\"https:\/\/armonianaturaldietshop.com\/\",\"name\":\"Armonia Natural Diet Shop\",\"description\":\"Otro sitio realizado con WordPress\",\"publisher\":{\"@id\":\"https:\/\/armonianaturaldietshop.com\/#organization\"},\"potentialAction\":[{\"@type\":\"SearchAction\",\"target\":{\"@type\":\"EntryPoint\",\"urlTemplate\":\"https:\/\/armonianaturaldietshop.com\/?s={search_term_string}\"},\"query-input\":\"required name=search_term_string\"}],\"inLanguage\":\"en-US\"},{\"@type\":\"ImageObject\",\"@id\":\"https:\/\/armonianaturaldietshop.com\/en\/product\/vitamina-de-complejo-b-100-tabletas\/#primaryimage\",\"inLanguage\":\"en-US\",\"url\":\"https:\/\/armonianaturaldietshop.com\/wp-content\/uploads\/2018\/02\/vitamina-de-complejo-b-100-tabletas_105.jpg\",\"contentUrl\":\"https:\/\/armonianaturaldietshop.com\/wp-content\/uploads\/2018\/02\/vitamina-de-complejo-b-100-tabletas_105.jpg\",\"width\":256,\"height\":286},{\"@type\":\"WebPage\",\"@id\":\"https:\/\/armonianaturaldietshop.com\/en\/product\/vitamina-de-complejo-b-100-tabletas\/#webpage\",\"url\":\"https:\/\/armonianaturaldietshop.com\/en\/product\/vitamina-de-complejo-b-100-tabletas\/\",\"name\":\"Vitamina de Complejo B 100 tabletas - Armonia Natural Diet Shop\",\"isPartOf\":{\"@id\":\"https:\/\/armonianaturaldietshop.com\/#website\"},\"primaryImageOfPage\":{\"@id\":\"https:\/\/armonianaturaldietshop.com\/en\/product\/vitamina-de-complejo-b-100-tabletas\/#primaryimage\"},\"datePublished\":\"2018-01-28T21:43:30+00:00\",\"dateModified\":\"2022-01-27T19:20:50+00:00\",\"breadcrumb\":{\"@id\":\"https:\/\/armonianaturaldietshop.com\/en\/product\/vitamina-de-complejo-b-100-tabletas\/#breadcrumb\"},\"inLanguage\":\"en-US\",\"potentialAction\":[{\"@type\":\"ReadAction\",\"target\":[\"https:\/\/armonianaturaldietshop.com\/en\/product\/vitamina-de-complejo-b-100-tabletas\/\"]}]},{\"@type\":\"BreadcrumbList\",\"@id\":\"https:\/\/armonianaturaldietshop.com\/en\/product\/vitamina-de-complejo-b-100-tabletas\/#breadcrumb\",\"itemListElement\":[{\"@type\":\"ListItem\",\"position\":1,\"name\":\"Home\",\"item\":\"https:\/\/armonianaturaldietshop.com\/en\/\"},{\"@type\":\"ListItem\",\"position\":2,\"name\":\"Shop\",\"item\":\"https:\/\/armonianaturaldietshop.com\/en\/shop\/\"},{\"@type\":\"ListItem\",\"position\":3,\"name\":\"Vitamina de Complejo B 100 tabletas\"}]}]}<\/script>\n<!-- \/ Yoast SEO plugin. -->","yoast_head_json":{"title":"Vitamina de Complejo B 100 tabletas - Armonia Natural Diet Shop","robots":{"index":"index","follow":"follow","max-snippet":"max-snippet:-1","max-image-preview":"max-image-preview:large","max-video-preview":"max-video-preview:-1"},"canonical":"https:\/\/armonianaturaldietshop.com\/en\/product\/vitamina-de-complejo-b-100-tabletas\/","og_locale":"en_US","og_type":"article","og_title":"Vitamina de Complejo B 100 tabletas - Armonia Natural Diet Shop","og_description":"er B Complex tiene el \u00e1cido f\u00f3lico que es esencial para la divisi\u00f3n celular y s\u00edntesis de ADN de los neurotransmisores y neurotransmisores en el cuerpo. La vitamina B12 est\u00e1 involucrada en muchas reacciones del cuerpo y trabaja en estrecha colaboraci\u00f3n con \u00e1cido f\u00f3lico. La biotina es una vitamina B que ayuda a la s\u00edntesis de grasas y prote\u00ednas utilizadas en el cuerpo.","og_url":"https:\/\/armonianaturaldietshop.com\/en\/product\/vitamina-de-complejo-b-100-tabletas\/","og_site_name":"Armonia Natural Diet Shop","article_publisher":"https:\/\/www.facebook.com\/ArmoniaNaturalDietShop\/","article_modified_time":"2022-01-27T19:20:50+00:00","og_image":[{"width":256,"height":286,"url":"https:\/\/armonianaturaldietshop.com\/wp-content\/uploads\/2018\/02\/vitamina-de-complejo-b-100-tabletas_105.jpg","type":"image\/jpeg"}],"twitter_card":"summary_large_image","twitter_misc":{"Est. reading time":"2 minutes"},"schema":{"@context":"https:\/\/schema.org","@graph":[{"@type":"Organization","@id":"https:\/\/armonianaturaldietshop.com\/#organization","name":"Armonia Natural Diet Shop","url":"https:\/\/armonianaturaldietshop.com\/","sameAs":["https:\/\/www.facebook.com\/ArmoniaNaturalDietShop\/","https:\/\/www.instagram.com\/armonia.natural\/?hl=en"],"logo":{"@type":"ImageObject","@id":"https:\/\/armonianaturaldietshop.com\/#logo","inLanguage":"en-US","url":"https:\/\/armonianaturaldietshop.com\/wp-content\/uploads\/2018\/01\/top-banner-1.png","contentUrl":"https:\/\/armonianaturaldietshop.com\/wp-content\/uploads\/2018\/01\/top-banner-1.png","width":369,"height":116,"caption":"Armonia Natural Diet Shop"},"image":{"@id":"https:\/\/armonianaturaldietshop.com\/#logo"}},{"@type":"WebSite","@id":"https:\/\/armonianaturaldietshop.com\/#website","url":"https:\/\/armonianaturaldietshop.com\/","name":"Armonia Natural Diet Shop","description":"Otro sitio realizado con WordPress","publisher":{"@id":"https:\/\/armonianaturaldietshop.com\/#organization"},"potentialAction":[{"@type":"SearchAction","target":{"@type":"EntryPoint","urlTemplate":"https:\/\/armonianaturaldietshop.com\/?s={search_term_string}"},"query-input":"required name=search_term_string"}],"inLanguage":"en-US"},{"@type":"ImageObject","@id":"https:\/\/armonianaturaldietshop.com\/en\/product\/vitamina-de-complejo-b-100-tabletas\/#primaryimage","inLanguage":"en-US","url":"https:\/\/armonianaturaldietshop.com\/wp-content\/uploads\/2018\/02\/vitamina-de-complejo-b-100-tabletas_105.jpg","contentUrl":"https:\/\/armonianaturaldietshop.com\/wp-content\/uploads\/2018\/02\/vitamina-de-complejo-b-100-tabletas_105.jpg","width":256,"height":286},{"@type":"WebPage","@id":"https:\/\/armonianaturaldietshop.com\/en\/product\/vitamina-de-complejo-b-100-tabletas\/#webpage","url":"https:\/\/armonianaturaldietshop.com\/en\/product\/vitamina-de-complejo-b-100-tabletas\/","name":"Vitamina de Complejo B 100 tabletas - Armonia Natural Diet Shop","isPartOf":{"@id":"https:\/\/armonianaturaldietshop.com\/#website"},"primaryImageOfPage":{"@id":"https:\/\/armonianaturaldietshop.com\/en\/product\/vitamina-de-complejo-b-100-tabletas\/#primaryimage"},"datePublished":"2018-01-28T21:43:30+00:00","dateModified":"2022-01-27T19:20:50+00:00","breadcrumb":{"@id":"https:\/\/armonianaturaldietshop.com\/en\/product\/vitamina-de-complejo-b-100-tabletas\/#breadcrumb"},"inLanguage":"en-US","potentialAction":[{"@type":"ReadAction","target":["https:\/\/armonianaturaldietshop.com\/en\/product\/vitamina-de-complejo-b-100-tabletas\/"]}]},{"@type":"BreadcrumbList","@id":"https:\/\/armonianaturaldietshop.com\/en\/product\/vitamina-de-complejo-b-100-tabletas\/#breadcrumb","itemListElement":[{"@type":"ListItem","position":1,"name":"Home","item":"https:\/\/armonianaturaldietshop.com\/en\/"},{"@type":"ListItem","position":2,"name":"Shop","item":"https:\/\/armonianaturaldietshop.com\/en\/shop\/"},{"@type":"ListItem","position":3,"name":"Vitamina de Complejo B 100 tabletas"}]}]}},"_links":{"self":[{"href":"https:\/\/armonianaturaldietshop.com\/en\/wp-json\/wp\/v2\/product\/1679"}],"collection":[{"href":"https:\/\/armonianaturaldietshop.com\/en\/wp-json\/wp\/v2\/product"}],"about":[{"href":"https:\/\/armonianaturaldietshop.com\/en\/wp-json\/wp\/v2\/types\/product"}],"replies":[{"embeddable":true,"href":"https:\/\/armonianaturaldietshop.com\/en\/wp-json\/wp\/v2\/comments?post=1679"}],"wp:featuredmedia":[{"embeddable":true,"href":"https:\/\/armonianaturaldietshop.com\/en\/wp-json\/wp\/v2\/media\/525"}],"wp:attachment":[{"href":"https:\/\/armonianaturaldietshop.com\/en\/wp-json\/wp\/v2\/media?parent=1679"}],"wp:term":[{"taxonomy":"product_cat","embeddable":true,"href":"https:\/\/armonianaturaldietshop.com\/en\/wp-json\/wp\/v2\/product_cat?post=1679"},{"taxonomy":"product_tag","embeddable":true,"href":"https:\/\/armonianaturaldietshop.com\/en\/wp-json\/wp\/v2\/product_tag?post=1679"}],"curies":[{"name":"wp","href":"https:\/\/api.w.org\/{rel}","templated":true}]}}