{"id":1681,"date":"2018-01-28T21:43:30","date_gmt":"2018-01-28T21:43:30","guid":{"rendered":"http:\/\/armonianaturaldietshop.com\/product\/vitamina-e-crema-facial-6000iu\/"},"modified":"2022-01-27T20:17:30","modified_gmt":"2022-01-27T20:17:30","slug":"vitamina-e-crema-facial-6000iu","status":"publish","type":"product","link":"https:\/\/armonianaturaldietshop.com\/en\/product\/vitamina-e-crema-facial-6000iu\/","title":{"rendered":"Vitamina E crema facial 6,000iu"},"content":{"rendered":"<p style=\"text-align: justify;\">Una de las vitaminas esenciales para el cuidado de la piel, es la vitamina E o Tocoferol. Esta vitamina, es un componente clave en la estructura org\u00e1nica de las c\u00e9lulas del cuerpo y ayuda a mejorar el sistema inmunol\u00f3gico, lo que previene la degeneraci\u00f3n celular. Puritan&#8217;s pride Skin Cream de 6.000 IU para apoyar la capacidad regenerativa natural de la piel porque la nutre y la protege.<\/p>\n<p style=\"text-align: justify;\"><strong>Vitamin E Skin<\/strong> Cream de Mason mantiene la piel joven, tersa, el\u00e1stica y protege la piel del envejecimiento. Es esencialmente \u00fatil para reducir las cicatrices despu\u00e9s de una cirug\u00eda o en los casos de acn\u00e9. La aplicaci\u00f3n de la crema en caso de pieles sensibles y resecas resulta tambi\u00e9n muy positiva.<\/p>\n<p style=\"text-align: justify;\">La vitamina E es uno de los antioxidantes m\u00e1s conocidos e investigados, tanto cuando se toma oralmente como cuando se usa en productos para el cuidado de la piel. Si existiera un Sal\u00f3n de la Fama de los antioxidantes, es probable que la vitamina E fuera la primera en formar parte del mismo (aunque esto no significa que sea el \u201cmejor\u201d antioxidante ya que no existe uno que sea el mejor, sino muchas maravillosas opciones extremadamente \u00fatiles). Es soluble en la grasa y puede encontrarse en varias formas, siendo el tocoferol su ingrediente m\u00e1s biol\u00f3gicamente activo.<\/p>\n<p style=\"text-align: justify;\">Vitamin E 6.000 IU Skin Cream ayuda a aumentar la microcirculaci\u00f3n de la piel, (flujo sangu\u00edneo) ayudando a mejorar la alimentaci\u00f3n del tejido, mejorando as\u00ed, la elasticidad de la piel y ayudando a reducir las arrugas.<\/p>\n<p style=\"text-align: justify;\"><strong>Las caracter\u00edsticas m\u00e1s destacadas de la Vitamin E 6.000 IU Skin Cream de Puritan&#8217;s Pride son:<\/strong><\/p>\n<p style=\"text-align: justify;\">Es una crema emoliente que trabaja de manera instant\u00e1nea para proporcionar todos los beneficios de la vitamina E natural.<br \/>\nEs un producto con una alta concentraci\u00f3n de vitamina E: cada dos onzas cuenta con 6.000 IU de vitamina E<br \/>\nContiene exclusivamente Vitamina E natural (Tocoferol)<br \/>\nLa cantidad de tocoferol por 2 onzas es de 6.000 IU equivalente aproximadamente a 4.000 mg.<\/p>\n<p style=\"text-align: justify;\"><strong>Indicaciones:<\/strong> Usar 2-3 veces al d\u00eda como humectante, base de maquillaje o crema de noche. Especialemente \u00fatil para corregir los efectos de resequedad que provoca el sol, viento y clima.<\/p>\n<p style=\"text-align: justify;\"><strong>Otros ingredientes:<\/strong> Agua, acetato de tocoferol (vitamina E), petrolato, benzoato de alquilo C12-15, alcohol cetearil y ceteareth-20, estearato de glicerina, \u00e9steres de cetilo, \u00e1cido este\u00e1rico, aceite mineral, trietanolamina, silicato de magnesio y sodio (y) pirofosfato tetras\u00f3dico, polisorbato 80, diazolidinil urea, aceite de germen de trigo (Triticum Vulgare), metilparabeno, propilparabeno.<\/p>\n<p style=\"text-align: justify;\"><strong>ADVERTENCIA:<\/strong> No aplicar sobre piel da\u00f1ada o irritada o en zonas afectadas por sarpullido. Suspenda su uso y consulte a su m\u00e9dico m\u00e9dico en caso de sensibilidad cut\u00e1nea. Evite el contacto con los ojos. No usar en ni\u00f1os o animales. PARA USO EXTERNO \u00daNICAMENTE. EVITE EL CONTACTO CON LOS OJOS. NO APLIQUE SOBRE LA PIEL DA\u00d1ADA O IRRITADA. SUSPENDA SU USO EN CASO DE SENSIBILIDAD CUT\u00c1NEA. MANTENER FUERA DEL ALCANCE DE LOS NI\u00d1OS.<\/p>\n<p style=\"text-align: justify;\">\n","protected":false},"excerpt":{"rendered":"<p>Una de las vitaminas esenciales para el cuidado de la piel, es la vitamina E o Tocoferol. Esta vitamina, es un componente clave en la estructura org\u00e1nica de las c\u00e9lulas del cuerpo y ayuda a mejorar el sistema inmunol\u00f3gico, lo que previene la degeneraci\u00f3n celular. Puritan&#8217;s pride Skin Cream de 6.000 IU para apoyar la capacidad regenerativa natural de la piel porque la nutre y la protege.<\/p>\n","protected":false},"featured_media":527,"comment_status":"open","ping_status":"closed","template":"","meta":[],"product_cat":[32,34],"product_tag":[],"acf":[],"yoast_head":"<!-- This site is optimized with the Yoast SEO plugin v18.5.1 - https:\/\/yoast.com\/wordpress\/plugins\/seo\/ -->\n<title>Vitamina E crema facial 6,000iu - Armonia Natural Diet Shop<\/title>\n<meta name=\"robots\" content=\"index, follow, max-snippet:-1, max-image-preview:large, max-video-preview:-1\" \/>\n<link rel=\"canonical\" href=\"https:\/\/armonianaturaldietshop.com\/en\/product\/vitamina-e-crema-facial-6000iu\/\" \/>\n<meta property=\"og:locale\" content=\"en_US\" \/>\n<meta property=\"og:type\" content=\"article\" \/>\n<meta property=\"og:title\" content=\"Vitamina E crema facial 6,000iu - Armonia Natural Diet Shop\" \/>\n<meta property=\"og:description\" content=\"Una de las vitaminas esenciales para el cuidado de la piel, es la vitamina E o Tocoferol. Esta vitamina, es un componente clave en la estructura org\u00e1nica de las c\u00e9lulas del cuerpo y ayuda a mejorar el sistema inmunol\u00f3gico, lo que previene la degeneraci\u00f3n celular. Puritan&#039;s pride Skin Cream de 6.000 IU para apoyar la capacidad regenerativa natural de la piel porque la nutre y la protege.\" \/>\n<meta property=\"og:url\" content=\"https:\/\/armonianaturaldietshop.com\/en\/product\/vitamina-e-crema-facial-6000iu\/\" \/>\n<meta property=\"og:site_name\" content=\"Armonia Natural Diet Shop\" \/>\n<meta property=\"article:publisher\" content=\"https:\/\/www.facebook.com\/ArmoniaNaturalDietShop\/\" \/>\n<meta property=\"article:modified_time\" content=\"2022-01-27T20:17:30+00:00\" \/>\n<meta property=\"og:image\" content=\"https:\/\/armonianaturaldietshop.com\/wp-content\/uploads\/2018\/02\/vitamina-e-crema-facial-6000iu_106.jpg\" \/>\n\t<meta property=\"og:image:width\" content=\"256\" \/>\n\t<meta property=\"og:image:height\" content=\"286\" \/>\n\t<meta property=\"og:image:type\" content=\"image\/jpeg\" \/>\n<meta name=\"twitter:card\" content=\"summary_large_image\" \/>\n<meta name=\"twitter:label1\" content=\"Est. reading time\" \/>\n\t<meta name=\"twitter:data1\" content=\"3 minutes\" \/>\n<script type=\"application\/ld+json\" class=\"yoast-schema-graph\">{\"@context\":\"https:\/\/schema.org\",\"@graph\":[{\"@type\":\"Organization\",\"@id\":\"https:\/\/armonianaturaldietshop.com\/#organization\",\"name\":\"Armonia Natural Diet Shop\",\"url\":\"https:\/\/armonianaturaldietshop.com\/\",\"sameAs\":[\"https:\/\/www.facebook.com\/ArmoniaNaturalDietShop\/\",\"https:\/\/www.instagram.com\/armonia.natural\/?hl=en\"],\"logo\":{\"@type\":\"ImageObject\",\"@id\":\"https:\/\/armonianaturaldietshop.com\/#logo\",\"inLanguage\":\"en-US\",\"url\":\"https:\/\/armonianaturaldietshop.com\/wp-content\/uploads\/2018\/01\/top-banner-1.png\",\"contentUrl\":\"https:\/\/armonianaturaldietshop.com\/wp-content\/uploads\/2018\/01\/top-banner-1.png\",\"width\":369,\"height\":116,\"caption\":\"Armonia Natural Diet Shop\"},\"image\":{\"@id\":\"https:\/\/armonianaturaldietshop.com\/#logo\"}},{\"@type\":\"WebSite\",\"@id\":\"https:\/\/armonianaturaldietshop.com\/#website\",\"url\":\"https:\/\/armonianaturaldietshop.com\/\",\"name\":\"Armonia Natural Diet Shop\",\"description\":\"Otro sitio realizado con WordPress\",\"publisher\":{\"@id\":\"https:\/\/armonianaturaldietshop.com\/#organization\"},\"potentialAction\":[{\"@type\":\"SearchAction\",\"target\":{\"@type\":\"EntryPoint\",\"urlTemplate\":\"https:\/\/armonianaturaldietshop.com\/?s={search_term_string}\"},\"query-input\":\"required name=search_term_string\"}],\"inLanguage\":\"en-US\"},{\"@type\":\"ImageObject\",\"@id\":\"https:\/\/armonianaturaldietshop.com\/en\/product\/vitamina-e-crema-facial-6000iu\/#primaryimage\",\"inLanguage\":\"en-US\",\"url\":\"https:\/\/armonianaturaldietshop.com\/wp-content\/uploads\/2018\/02\/vitamina-e-crema-facial-6000iu_106.jpg\",\"contentUrl\":\"https:\/\/armonianaturaldietshop.com\/wp-content\/uploads\/2018\/02\/vitamina-e-crema-facial-6000iu_106.jpg\",\"width\":256,\"height\":286},{\"@type\":\"WebPage\",\"@id\":\"https:\/\/armonianaturaldietshop.com\/en\/product\/vitamina-e-crema-facial-6000iu\/#webpage\",\"url\":\"https:\/\/armonianaturaldietshop.com\/en\/product\/vitamina-e-crema-facial-6000iu\/\",\"name\":\"Vitamina E crema facial 6,000iu - Armonia Natural Diet Shop\",\"isPartOf\":{\"@id\":\"https:\/\/armonianaturaldietshop.com\/#website\"},\"primaryImageOfPage\":{\"@id\":\"https:\/\/armonianaturaldietshop.com\/en\/product\/vitamina-e-crema-facial-6000iu\/#primaryimage\"},\"datePublished\":\"2018-01-28T21:43:30+00:00\",\"dateModified\":\"2022-01-27T20:17:30+00:00\",\"breadcrumb\":{\"@id\":\"https:\/\/armonianaturaldietshop.com\/en\/product\/vitamina-e-crema-facial-6000iu\/#breadcrumb\"},\"inLanguage\":\"en-US\",\"potentialAction\":[{\"@type\":\"ReadAction\",\"target\":[\"https:\/\/armonianaturaldietshop.com\/en\/product\/vitamina-e-crema-facial-6000iu\/\"]}]},{\"@type\":\"BreadcrumbList\",\"@id\":\"https:\/\/armonianaturaldietshop.com\/en\/product\/vitamina-e-crema-facial-6000iu\/#breadcrumb\",\"itemListElement\":[{\"@type\":\"ListItem\",\"position\":1,\"name\":\"Home\",\"item\":\"https:\/\/armonianaturaldietshop.com\/en\/\"},{\"@type\":\"ListItem\",\"position\":2,\"name\":\"Shop\",\"item\":\"https:\/\/armonianaturaldietshop.com\/en\/shop\/\"},{\"@type\":\"ListItem\",\"position\":3,\"name\":\"Vitamina E crema facial 6,000iu\"}]}]}<\/script>\n<!-- \/ Yoast SEO plugin. -->","yoast_head_json":{"title":"Vitamina E crema facial 6,000iu - Armonia Natural Diet Shop","robots":{"index":"index","follow":"follow","max-snippet":"max-snippet:-1","max-image-preview":"max-image-preview:large","max-video-preview":"max-video-preview:-1"},"canonical":"https:\/\/armonianaturaldietshop.com\/en\/product\/vitamina-e-crema-facial-6000iu\/","og_locale":"en_US","og_type":"article","og_title":"Vitamina E crema facial 6,000iu - Armonia Natural Diet Shop","og_description":"Una de las vitaminas esenciales para el cuidado de la piel, es la vitamina E o Tocoferol. Esta vitamina, es un componente clave en la estructura org\u00e1nica de las c\u00e9lulas del cuerpo y ayuda a mejorar el sistema inmunol\u00f3gico, lo que previene la degeneraci\u00f3n celular. Puritan's pride Skin Cream de 6.000 IU para apoyar la capacidad regenerativa natural de la piel porque la nutre y la protege.","og_url":"https:\/\/armonianaturaldietshop.com\/en\/product\/vitamina-e-crema-facial-6000iu\/","og_site_name":"Armonia Natural Diet Shop","article_publisher":"https:\/\/www.facebook.com\/ArmoniaNaturalDietShop\/","article_modified_time":"2022-01-27T20:17:30+00:00","og_image":[{"width":256,"height":286,"url":"https:\/\/armonianaturaldietshop.com\/wp-content\/uploads\/2018\/02\/vitamina-e-crema-facial-6000iu_106.jpg","type":"image\/jpeg"}],"twitter_card":"summary_large_image","twitter_misc":{"Est. reading time":"3 minutes"},"schema":{"@context":"https:\/\/schema.org","@graph":[{"@type":"Organization","@id":"https:\/\/armonianaturaldietshop.com\/#organization","name":"Armonia Natural Diet Shop","url":"https:\/\/armonianaturaldietshop.com\/","sameAs":["https:\/\/www.facebook.com\/ArmoniaNaturalDietShop\/","https:\/\/www.instagram.com\/armonia.natural\/?hl=en"],"logo":{"@type":"ImageObject","@id":"https:\/\/armonianaturaldietshop.com\/#logo","inLanguage":"en-US","url":"https:\/\/armonianaturaldietshop.com\/wp-content\/uploads\/2018\/01\/top-banner-1.png","contentUrl":"https:\/\/armonianaturaldietshop.com\/wp-content\/uploads\/2018\/01\/top-banner-1.png","width":369,"height":116,"caption":"Armonia Natural Diet Shop"},"image":{"@id":"https:\/\/armonianaturaldietshop.com\/#logo"}},{"@type":"WebSite","@id":"https:\/\/armonianaturaldietshop.com\/#website","url":"https:\/\/armonianaturaldietshop.com\/","name":"Armonia Natural Diet Shop","description":"Otro sitio realizado con WordPress","publisher":{"@id":"https:\/\/armonianaturaldietshop.com\/#organization"},"potentialAction":[{"@type":"SearchAction","target":{"@type":"EntryPoint","urlTemplate":"https:\/\/armonianaturaldietshop.com\/?s={search_term_string}"},"query-input":"required name=search_term_string"}],"inLanguage":"en-US"},{"@type":"ImageObject","@id":"https:\/\/armonianaturaldietshop.com\/en\/product\/vitamina-e-crema-facial-6000iu\/#primaryimage","inLanguage":"en-US","url":"https:\/\/armonianaturaldietshop.com\/wp-content\/uploads\/2018\/02\/vitamina-e-crema-facial-6000iu_106.jpg","contentUrl":"https:\/\/armonianaturaldietshop.com\/wp-content\/uploads\/2018\/02\/vitamina-e-crema-facial-6000iu_106.jpg","width":256,"height":286},{"@type":"WebPage","@id":"https:\/\/armonianaturaldietshop.com\/en\/product\/vitamina-e-crema-facial-6000iu\/#webpage","url":"https:\/\/armonianaturaldietshop.com\/en\/product\/vitamina-e-crema-facial-6000iu\/","name":"Vitamina E crema facial 6,000iu - Armonia Natural Diet Shop","isPartOf":{"@id":"https:\/\/armonianaturaldietshop.com\/#website"},"primaryImageOfPage":{"@id":"https:\/\/armonianaturaldietshop.com\/en\/product\/vitamina-e-crema-facial-6000iu\/#primaryimage"},"datePublished":"2018-01-28T21:43:30+00:00","dateModified":"2022-01-27T20:17:30+00:00","breadcrumb":{"@id":"https:\/\/armonianaturaldietshop.com\/en\/product\/vitamina-e-crema-facial-6000iu\/#breadcrumb"},"inLanguage":"en-US","potentialAction":[{"@type":"ReadAction","target":["https:\/\/armonianaturaldietshop.com\/en\/product\/vitamina-e-crema-facial-6000iu\/"]}]},{"@type":"BreadcrumbList","@id":"https:\/\/armonianaturaldietshop.com\/en\/product\/vitamina-e-crema-facial-6000iu\/#breadcrumb","itemListElement":[{"@type":"ListItem","position":1,"name":"Home","item":"https:\/\/armonianaturaldietshop.com\/en\/"},{"@type":"ListItem","position":2,"name":"Shop","item":"https:\/\/armonianaturaldietshop.com\/en\/shop\/"},{"@type":"ListItem","position":3,"name":"Vitamina E crema facial 6,000iu"}]}]}},"_links":{"self":[{"href":"https:\/\/armonianaturaldietshop.com\/en\/wp-json\/wp\/v2\/product\/1681"}],"collection":[{"href":"https:\/\/armonianaturaldietshop.com\/en\/wp-json\/wp\/v2\/product"}],"about":[{"href":"https:\/\/armonianaturaldietshop.com\/en\/wp-json\/wp\/v2\/types\/product"}],"replies":[{"embeddable":true,"href":"https:\/\/armonianaturaldietshop.com\/en\/wp-json\/wp\/v2\/comments?post=1681"}],"wp:featuredmedia":[{"embeddable":true,"href":"https:\/\/armonianaturaldietshop.com\/en\/wp-json\/wp\/v2\/media\/527"}],"wp:attachment":[{"href":"https:\/\/armonianaturaldietshop.com\/en\/wp-json\/wp\/v2\/media?parent=1681"}],"wp:term":[{"taxonomy":"product_cat","embeddable":true,"href":"https:\/\/armonianaturaldietshop.com\/en\/wp-json\/wp\/v2\/product_cat?post=1681"},{"taxonomy":"product_tag","embeddable":true,"href":"https:\/\/armonianaturaldietshop.com\/en\/wp-json\/wp\/v2\/product_tag?post=1681"}],"curies":[{"name":"wp","href":"https:\/\/api.w.org\/{rel}","templated":true}]}}