{"id":1688,"date":"2018-01-28T21:43:27","date_gmt":"2018-01-28T21:43:27","guid":{"rendered":"http:\/\/armonianaturaldietshop.com\/product\/ultra-zx-blue\/"},"modified":"2021-11-04T21:23:31","modified_gmt":"2021-11-04T21:23:31","slug":"ultra-zx-blue","status":"publish","type":"product","link":"https:\/\/armonianaturaldietshop.com\/en\/product\/ultra-zx-blue\/","title":{"rendered":"Ultra Zx Blue Edition"},"content":{"rendered":"<h2 style=\"clear: both; color: #404040; font-family: 'Open Sans',sans-serif; text-align: center;\"><span style=\"color: #000080;\">\u00bfC\u00f3mo Funciona Ultra ZX BLUE?<\/span><\/h2>\n<div style=\"font-size: large;\"><\/div>\n<div style=\"font-size: large;\">\n<p style=\"margin: 0px 0px 0.8em; color: #404040; font-family: 'Open Sans',sans-serif; font-size: 16px;\">Las principales funciones de Ultra Zx Blue esta en\u00a0 sus ingredientes, estos estimulan el metabolismo \u201cTermog\u00e9nesis\u201d, que eleva el \u00edndice metab\u00f3lico para ayudar al cuerpo a quemar m\u00e1s calor\u00edas de lo habitual a trav\u00e9s de la producci\u00f3n de calor.<\/p>\n<ul style=\"margin: 0px 0px 1.5em 3em; list-style-position: initial; list-style-image: initial; color: #404040; font-family: 'Open Sans',sans-serif; font-size: 16px;\">\n<li>Aceleran el metabolismo<\/li>\n<li>Disminuye el apetito<\/li>\n<li>Controla la ansiedad<\/li>\n<li>Reduce medidas<\/li>\n<li>Tonifica masa muscular<\/li>\n<li>Aumenta la energ\u00eda<\/li>\n<li>Quema grasa<\/li>\n<\/ul>\n<h2 style=\"clear: both; color: #404040; font-family: 'Open Sans',sans-serif; text-align: center;\"><\/h2>\n<h2 style=\"clear: both; color: #404040; font-family: 'Open Sans',sans-serif; text-align: center;\"><span style=\"color: #000080;\">\u00bfQuien debe de consumir ULTRA ZX BLUE?<\/span><\/h2>\n<p>&nbsp;<\/p>\n<p style=\"margin: 0px 0px 0.8em; color: #404040; font-family: 'Open Sans',sans-serif; font-size: 16px;\">Va dirigido a aquellas personas que no tienen Tiempo para realizar actividad fisica. a diferencia de las\u00a0ULTRA ZX\u00a0(capsula color morado), las ULTRA ZX BLUE son mas potentes mas, mas recargadas, de tal manera que usted puede perder grasa mas Rapidamente. Mientras Que las\u00a0<a href=\"https:\/\/armonianaturaldietshop.com\/en\/?post_type=product&#038;p=1690\">ULTRA ZX GOLD<\/a>, va dirigido a personas que realizan actividad fisica.<\/p>\n<h2 style=\"clear: both; color: #404040; font-family: 'Open Sans',sans-serif; text-align: center;\"><span style=\"color: #000080;\">\u00bfComo debes tomar ULTRA ZX BLUE?<\/span><\/h2>\n<p>&nbsp;<\/p>\n<p>&nbsp;<\/p>\n<p style=\"margin: 0px 0px 0.8em; color: #404040; font-family: 'Open Sans',sans-serif; font-size: 16px;\">Consumir 1 capsula diaria x 30 d\u00edas despu\u00e9s del desayuno .<\/p>\n<p style=\"margin: 0px 0px 0.8em; color: #404040; font-family: 'Open Sans',sans-serif; font-size: 16px;\">Para perder peso no es necesario que hagas una dieta o ejercicio, con ULTRA ZX BLUE puedes llegar a perder de 7 a 13 libras por mes, sin embargo ULTRA ZX BLUE. Es un promotor de los buenos h\u00e1bitos y recomendamos lleves una dieta saludable. Al consumir ULTRA ZX BLUE con una dieta saludable, los resultados ser\u00e1n mucho m\u00e1s r\u00e1pidos y duraderos.<\/p>\n<h2 style=\"clear: both; color: #404040; font-family: 'Open Sans',sans-serif; text-align: center;\"><span style=\"color: #000080;\">Cu\u00e1les son los beneficios de ULTRA ZX BLUE?<\/span><\/h2>\n<p>&nbsp;<\/p>\n<p style=\"margin: 0px 0px 0.8em; color: #404040; font-family: 'Open Sans',sans-serif; font-size: 16px;\">La responsabilidad del uso de este producto es de quien lo toma, si tiene alguna duda consultar a su medico de confianza antes de tomarlo. Si la persona esta medicada, es recomendable que consulte al medico antes de consumir este tipo de producto, debido a que se desconoce como pueden interactuar con los otros medicamentos que esta consumiendo.<\/p>\n<ul style=\"margin: 0px 0px 1.5em 3em; list-style-position: initial; list-style-image: initial; color: #404040; font-family: 'Open Sans',sans-serif; font-size: 16px;\">\n<li>Quema grasa<\/li>\n<li>Reduce el apetito<\/li>\n<li>Controla la ansiedad<\/li>\n<li>Reduce medidas<\/li>\n<li>Tonifica la masa muscular<\/li>\n<li>Te ayudar\u00e1 a disminuir tus niveles de<a href=\"https:\/\/medlineplus.gov\/spanish\/cholesterollevelswhatyouneedtoknow.html\"> colesterol.<\/a><\/li>\n<li>Te ayudar\u00e1 a combatir la hipertensi\u00f3n arterial.<\/li>\n<li>Ayuda a que las grasas se conviertan en energ\u00eda, por lo cual perder\u00e1s peso r\u00e1pidamente<\/li>\n<li>Produce un aumento de la actividad lipol\u00edtica, que es la que se encarga de regular que las grasas se depositen entre los tejidos corporales y responsables de los \u201crollitos\u201d o \u201cmichelines\u201d.<\/li>\n<li>NO HAY EFECTOS SECUNDARIOS<\/li>\n<li>NO PRODUCE IMSOMNIO<\/li>\n<li>NO PRODUCE TAQUICARDIA<\/li>\n<\/ul>\n<h2 style=\"clear: both; color: #404040; font-family: 'Open Sans',sans-serif;\"><span style=\"color: #ff0000;\">Recomendaciones<\/span><\/h2>\n<p>&nbsp;<\/p>\n<ul style=\"margin: 0px 0px 1.5em 3em; list-style-position: initial; list-style-image: initial; color: #404040; font-family: 'Open Sans',sans-serif; font-size: 16px;\">\n<li>\n<p style=\"margin: 0px 0px 0.8em;\">Comer 3 veces m\u00ednimo al d\u00eda.<\/p>\n<\/li>\n<li>\n<p style=\"margin: 0px 0px 0.8em;\">Incrementar consumo de prote\u00ednas y vegetales.<\/p>\n<\/li>\n<li>Comer frutas .<\/li>\n<li>Endulza tus bebidas con Stevia o Splenda.<\/li>\n<li>Beber 2 litros de agua al d\u00eda..<\/li>\n<li><\/li>\n<\/ul>\n<h2 style=\"clear: both; color: #404040; font-family: 'Open Sans',sans-serif;\"><span style=\"color: #ff0000;\">ContraIndicaciones<\/span><\/h2>\n<p>&nbsp;<\/p>\n<ul style=\"margin: 0px 0px 1.5em 3em; list-style-position: initial; list-style-image: initial; color: #404040; font-family: 'Open Sans',sans-serif; font-size: 16px;\">\n<li>No pueden usarlo mujeres embarazadas.<\/li>\n<li>No pueden usarlo ni\u00f1os menores de edad.<\/li>\n<li>No pueden usarlo mujeres en estado de lactancia.<\/li>\n<li>No pueden usarlo personas con colon irritable.<\/li>\n<li>No pueden usarlo Hipertensos ni Diabeticos.<\/li>\n<\/ul>\n<\/div>\n","protected":false},"excerpt":{"rendered":"<p>ULTRA ZX BLUE es un suplemento dietario que estimula la perdida de peso en hombres y mujeres sin dieta y sin ejercicio, Mediante la Termogenesis, de esta menera tu cuerpo acelera su metabolismo requiriendo mas energia, asi comienza a utilizar las grasas almacenadas en el cuerpo a manera de reserva. Entonces es cuando tu cuerpo que comvierte en una Maquina Quemadora de grasa, sin la necesidad de Tener una actividad f\u00edsica, Ultra zx Blue es 100% natural<\/p>\n","protected":false},"featured_media":3698,"comment_status":"open","ping_status":"closed","template":"","meta":[],"product_cat":[49,31],"product_tag":[],"acf":[],"yoast_head":"<!-- This site is optimized with the Yoast SEO plugin v18.5.1 - https:\/\/yoast.com\/wordpress\/plugins\/seo\/ -->\n<title>Ultra Zx Blue Edition - Armonia Natural Diet Shop<\/title>\n<meta name=\"description\" content=\"Ultra Zx Blue Ediition es un supresor de la ansiedad y el apetito que te ayudan a conseguir ese peso ideal que tanto quieres de forma natural.\" \/>\n<meta name=\"robots\" content=\"index, follow, max-snippet:-1, max-image-preview:large, max-video-preview:-1\" \/>\n<link rel=\"canonical\" href=\"https:\/\/armonianaturaldietshop.com\/product\/ultra-zx-blue\/\" \/>\n<meta property=\"og:locale\" content=\"en_US\" \/>\n<meta property=\"og:type\" content=\"article\" \/>\n<meta property=\"og:title\" content=\"Ultra Zx Blue Edition - Armonia Natural Diet Shop\" \/>\n<meta property=\"og:description\" content=\"Ultra Zx Blue Ediition es un supresor de la ansiedad y el apetito que te ayudan a conseguir ese peso ideal que tanto quieres de forma natural.\" \/>\n<meta property=\"og:url\" content=\"https:\/\/armonianaturaldietshop.com\/product\/ultra-zx-blue\/\" \/>\n<meta property=\"og:site_name\" content=\"Armonia Natural Diet Shop\" \/>\n<meta property=\"article:publisher\" content=\"https:\/\/www.facebook.com\/ArmoniaNaturalDietShop\/\" \/>\n<meta property=\"article:modified_time\" content=\"2021-11-04T21:23:31+00:00\" \/>\n<meta property=\"og:image\" content=\"https:\/\/armonianaturaldietshop.com\/wp-content\/uploads\/2018\/01\/ultrazxblue.1.jpg\" \/>\n\t<meta property=\"og:image:width\" content=\"1600\" \/>\n\t<meta property=\"og:image:height\" content=\"1600\" \/>\n\t<meta property=\"og:image:type\" content=\"image\/jpeg\" \/>\n<meta name=\"twitter:card\" content=\"summary_large_image\" \/>\n<meta name=\"twitter:label1\" content=\"Est. reading time\" \/>\n\t<meta name=\"twitter:data1\" content=\"2 minutes\" \/>\n<script type=\"application\/ld+json\" class=\"yoast-schema-graph\">{\"@context\":\"https:\/\/schema.org\",\"@graph\":[{\"@type\":\"Organization\",\"@id\":\"https:\/\/armonianaturaldietshop.com\/#organization\",\"name\":\"Armonia Natural Diet Shop\",\"url\":\"https:\/\/armonianaturaldietshop.com\/\",\"sameAs\":[\"https:\/\/www.facebook.com\/ArmoniaNaturalDietShop\/\",\"https:\/\/www.instagram.com\/armonia.natural\/?hl=en\"],\"logo\":{\"@type\":\"ImageObject\",\"@id\":\"https:\/\/armonianaturaldietshop.com\/#logo\",\"inLanguage\":\"en-US\",\"url\":\"https:\/\/armonianaturaldietshop.com\/wp-content\/uploads\/2018\/01\/top-banner-1.png\",\"contentUrl\":\"https:\/\/armonianaturaldietshop.com\/wp-content\/uploads\/2018\/01\/top-banner-1.png\",\"width\":369,\"height\":116,\"caption\":\"Armonia Natural Diet Shop\"},\"image\":{\"@id\":\"https:\/\/armonianaturaldietshop.com\/#logo\"}},{\"@type\":\"WebSite\",\"@id\":\"https:\/\/armonianaturaldietshop.com\/#website\",\"url\":\"https:\/\/armonianaturaldietshop.com\/\",\"name\":\"Armonia Natural Diet Shop\",\"description\":\"Otro sitio realizado con WordPress\",\"publisher\":{\"@id\":\"https:\/\/armonianaturaldietshop.com\/#organization\"},\"potentialAction\":[{\"@type\":\"SearchAction\",\"target\":{\"@type\":\"EntryPoint\",\"urlTemplate\":\"https:\/\/armonianaturaldietshop.com\/?s={search_term_string}\"},\"query-input\":\"required name=search_term_string\"}],\"inLanguage\":\"en-US\"},{\"@type\":\"ImageObject\",\"@id\":\"https:\/\/armonianaturaldietshop.com\/product\/ultra-zx-blue\/#primaryimage\",\"inLanguage\":\"en-US\",\"url\":\"https:\/\/armonianaturaldietshop.com\/wp-content\/uploads\/2018\/01\/ultrazxblue.1.jpg\",\"contentUrl\":\"https:\/\/armonianaturaldietshop.com\/wp-content\/uploads\/2018\/01\/ultrazxblue.1.jpg\",\"width\":1600,\"height\":1600,\"caption\":\"ultra zx blue edition miami\"},{\"@type\":\"WebPage\",\"@id\":\"https:\/\/armonianaturaldietshop.com\/product\/ultra-zx-blue\/#webpage\",\"url\":\"https:\/\/armonianaturaldietshop.com\/product\/ultra-zx-blue\/\",\"name\":\"Ultra Zx Blue Edition - Armonia Natural Diet Shop\",\"isPartOf\":{\"@id\":\"https:\/\/armonianaturaldietshop.com\/#website\"},\"primaryImageOfPage\":{\"@id\":\"https:\/\/armonianaturaldietshop.com\/product\/ultra-zx-blue\/#primaryimage\"},\"datePublished\":\"2018-01-28T21:43:27+00:00\",\"dateModified\":\"2021-11-04T21:23:31+00:00\",\"description\":\"Ultra Zx Blue Ediition es un supresor de la ansiedad y el apetito que te ayudan a conseguir ese peso ideal que tanto quieres de forma natural.\",\"breadcrumb\":{\"@id\":\"https:\/\/armonianaturaldietshop.com\/product\/ultra-zx-blue\/#breadcrumb\"},\"inLanguage\":\"en-US\",\"potentialAction\":[{\"@type\":\"ReadAction\",\"target\":[\"https:\/\/armonianaturaldietshop.com\/product\/ultra-zx-blue\/\"]}]},{\"@type\":\"BreadcrumbList\",\"@id\":\"https:\/\/armonianaturaldietshop.com\/product\/ultra-zx-blue\/#breadcrumb\",\"itemListElement\":[{\"@type\":\"ListItem\",\"position\":1,\"name\":\"Home\",\"item\":\"https:\/\/armonianaturaldietshop.com\/en\/\"},{\"@type\":\"ListItem\",\"position\":2,\"name\":\"Shop\",\"item\":\"https:\/\/armonianaturaldietshop.com\/en\/shop\/\"},{\"@type\":\"ListItem\",\"position\":3,\"name\":\"Ultra Zx Blue Edition\"}]}]}<\/script>\n<!-- \/ Yoast SEO plugin. -->","yoast_head_json":{"title":"Ultra Zx Blue Edition - Armonia Natural Diet Shop","description":"Ultra Zx Blue Ediition es un supresor de la ansiedad y el apetito que te ayudan a conseguir ese peso ideal que tanto quieres de forma natural.","robots":{"index":"index","follow":"follow","max-snippet":"max-snippet:-1","max-image-preview":"max-image-preview:large","max-video-preview":"max-video-preview:-1"},"canonical":"https:\/\/armonianaturaldietshop.com\/product\/ultra-zx-blue\/","og_locale":"en_US","og_type":"article","og_title":"Ultra Zx Blue Edition - Armonia Natural Diet Shop","og_description":"Ultra Zx Blue Ediition es un supresor de la ansiedad y el apetito que te ayudan a conseguir ese peso ideal que tanto quieres de forma natural.","og_url":"https:\/\/armonianaturaldietshop.com\/product\/ultra-zx-blue\/","og_site_name":"Armonia Natural Diet Shop","article_publisher":"https:\/\/www.facebook.com\/ArmoniaNaturalDietShop\/","article_modified_time":"2021-11-04T21:23:31+00:00","og_image":[{"width":1600,"height":1600,"url":"https:\/\/armonianaturaldietshop.com\/wp-content\/uploads\/2018\/01\/ultrazxblue.1.jpg","type":"image\/jpeg"}],"twitter_card":"summary_large_image","twitter_misc":{"Est. reading time":"2 minutes"},"schema":{"@context":"https:\/\/schema.org","@graph":[{"@type":"Organization","@id":"https:\/\/armonianaturaldietshop.com\/#organization","name":"Armonia Natural Diet Shop","url":"https:\/\/armonianaturaldietshop.com\/","sameAs":["https:\/\/www.facebook.com\/ArmoniaNaturalDietShop\/","https:\/\/www.instagram.com\/armonia.natural\/?hl=en"],"logo":{"@type":"ImageObject","@id":"https:\/\/armonianaturaldietshop.com\/#logo","inLanguage":"en-US","url":"https:\/\/armonianaturaldietshop.com\/wp-content\/uploads\/2018\/01\/top-banner-1.png","contentUrl":"https:\/\/armonianaturaldietshop.com\/wp-content\/uploads\/2018\/01\/top-banner-1.png","width":369,"height":116,"caption":"Armonia Natural Diet Shop"},"image":{"@id":"https:\/\/armonianaturaldietshop.com\/#logo"}},{"@type":"WebSite","@id":"https:\/\/armonianaturaldietshop.com\/#website","url":"https:\/\/armonianaturaldietshop.com\/","name":"Armonia Natural Diet Shop","description":"Otro sitio realizado con WordPress","publisher":{"@id":"https:\/\/armonianaturaldietshop.com\/#organization"},"potentialAction":[{"@type":"SearchAction","target":{"@type":"EntryPoint","urlTemplate":"https:\/\/armonianaturaldietshop.com\/?s={search_term_string}"},"query-input":"required name=search_term_string"}],"inLanguage":"en-US"},{"@type":"ImageObject","@id":"https:\/\/armonianaturaldietshop.com\/product\/ultra-zx-blue\/#primaryimage","inLanguage":"en-US","url":"https:\/\/armonianaturaldietshop.com\/wp-content\/uploads\/2018\/01\/ultrazxblue.1.jpg","contentUrl":"https:\/\/armonianaturaldietshop.com\/wp-content\/uploads\/2018\/01\/ultrazxblue.1.jpg","width":1600,"height":1600,"caption":"ultra zx blue edition miami"},{"@type":"WebPage","@id":"https:\/\/armonianaturaldietshop.com\/product\/ultra-zx-blue\/#webpage","url":"https:\/\/armonianaturaldietshop.com\/product\/ultra-zx-blue\/","name":"Ultra Zx Blue Edition - Armonia Natural Diet Shop","isPartOf":{"@id":"https:\/\/armonianaturaldietshop.com\/#website"},"primaryImageOfPage":{"@id":"https:\/\/armonianaturaldietshop.com\/product\/ultra-zx-blue\/#primaryimage"},"datePublished":"2018-01-28T21:43:27+00:00","dateModified":"2021-11-04T21:23:31+00:00","description":"Ultra Zx Blue Ediition es un supresor de la ansiedad y el apetito que te ayudan a conseguir ese peso ideal que tanto quieres de forma natural.","breadcrumb":{"@id":"https:\/\/armonianaturaldietshop.com\/product\/ultra-zx-blue\/#breadcrumb"},"inLanguage":"en-US","potentialAction":[{"@type":"ReadAction","target":["https:\/\/armonianaturaldietshop.com\/product\/ultra-zx-blue\/"]}]},{"@type":"BreadcrumbList","@id":"https:\/\/armonianaturaldietshop.com\/product\/ultra-zx-blue\/#breadcrumb","itemListElement":[{"@type":"ListItem","position":1,"name":"Home","item":"https:\/\/armonianaturaldietshop.com\/en\/"},{"@type":"ListItem","position":2,"name":"Shop","item":"https:\/\/armonianaturaldietshop.com\/en\/shop\/"},{"@type":"ListItem","position":3,"name":"Ultra Zx Blue Edition"}]}]}},"_links":{"self":[{"href":"https:\/\/armonianaturaldietshop.com\/en\/wp-json\/wp\/v2\/product\/1688"}],"collection":[{"href":"https:\/\/armonianaturaldietshop.com\/en\/wp-json\/wp\/v2\/product"}],"about":[{"href":"https:\/\/armonianaturaldietshop.com\/en\/wp-json\/wp\/v2\/types\/product"}],"replies":[{"embeddable":true,"href":"https:\/\/armonianaturaldietshop.com\/en\/wp-json\/wp\/v2\/comments?post=1688"}],"wp:featuredmedia":[{"embeddable":true,"href":"https:\/\/armonianaturaldietshop.com\/en\/wp-json\/wp\/v2\/media\/3698"}],"wp:attachment":[{"href":"https:\/\/armonianaturaldietshop.com\/en\/wp-json\/wp\/v2\/media?parent=1688"}],"wp:term":[{"taxonomy":"product_cat","embeddable":true,"href":"https:\/\/armonianaturaldietshop.com\/en\/wp-json\/wp\/v2\/product_cat?post=1688"},{"taxonomy":"product_tag","embeddable":true,"href":"https:\/\/armonianaturaldietshop.com\/en\/wp-json\/wp\/v2\/product_tag?post=1688"}],"curies":[{"name":"wp","href":"https:\/\/api.w.org\/{rel}","templated":true}]}}