{"id":1705,"date":"2018-01-28T21:43:23","date_gmt":"2018-01-28T21:43:23","guid":{"rendered":"http:\/\/armonianaturaldietshop.com\/product\/tiras-reactivas-prodigy\/"},"modified":"2024-06-12T22:16:56","modified_gmt":"2024-06-12T22:16:56","slug":"tiras-reactivas-prodigy","status":"publish","type":"product","link":"https:\/\/armonianaturaldietshop.com\/en\/product\/tiras-reactivas-prodigy\/","title":{"rendered":"Tiras Reactivas PRODIGY"},"content":{"rendered":"<p><span lang=\"es\">La tecnolog\u00eda de las\u00a0Tiras Reactivas PRODIGY permite que los medidores prueben solo cuando hay suficiente sangre en la tira reactiva, lo que ahorra a los usuarios tiras de prueba y dinero. La acci\u00f3n capilar atrae autom\u00e1ticamente la muestra de sangre hacia la <a href=\"https:\/\/armonianaturaldietshop.com\/en\/product\/lancetas-esteriles-prodigy-x-100-u\/\">tira reactiva<\/a>. Las Tiras Reactivas <a href=\"https:\/\/www.prodigymeter.com\">PRODIGY<\/a> Sin codificaci\u00f3n no usan la tecnolog\u00eda GDH-PQQ y est\u00e1n aprobadas para pruebas alternativas en el sitio. Nuestra tecnolog\u00eda de glucosa oxidasa permite resultados m\u00e1s seguros y precisos.<\/span><\/p>\n<p><strong><span style=\"font-size: 18pt;\">Caracteristicas:<\/span><\/strong><\/p>\n<p class=\"tw-data-text tw-ta tw-text-small\" dir=\"ltr\" data-placeholder=\"Translation\"><span lang=\"es\" style=\"font-family: georgia, palatino, serif;\"><br \/>\n\u2022 No se requiere codificaci\u00f3n<\/span><\/p>\n<p class=\"tw-data-text tw-ta tw-text-small\" dir=\"ltr\" data-placeholder=\"Translation\"><span lang=\"es\" style=\"font-family: georgia, palatino, serif;\">\u2022 Funciona con todos los medidores Prodigy <\/span><\/p>\n<p class=\"tw-data-text tw-ta tw-text-small\" dir=\"ltr\" data-placeholder=\"Translation\"><span lang=\"es\" style=\"font-family: georgia, palatino, serif;\">\u2022 Aprobado para pruebas de sitios alternativos (AST)<\/span><\/p>\n<p class=\"tw-data-text tw-ta tw-text-small\" dir=\"ltr\" data-placeholder=\"Translation\"><span lang=\"es\" style=\"font-family: georgia, palatino, serif;\">\u2022 \u00a1La acci\u00f3n capilar hace que las pruebas sean f\u00e1ciles!<\/span><\/p>\n","protected":false},"excerpt":{"rendered":"<p id=\"tw-target-text\" class=\"tw-data-text tw-ta tw-text-small\" dir=\"ltr\" data-placeholder=\"Translation\"><span lang=\"es\" style=\"font-family: arial, helvetica, sans-serif;\">La tecnolog\u00eda de las\u00a0Tiras Reactivas PRODIGY permite que los medidores prueben solo cuando hay suficiente sangre en la tira reactiva, lo que ahorra a los usuarios tiras de prueba y dinero. La acci\u00f3n capilar atrae autom\u00e1ticamente la muestra de sangre hacia la tira reactiva. Las tiras de prueba Prodigy\u00ae Sin codificaci\u00f3n no usan la tecnolog\u00eda GDH-PQQ y est\u00e1n aprobadas para pruebas alternativas en el sitio. Nuestra tecnolog\u00eda de glucosa oxidasa permite resultados m\u00e1s seguros y precisos.<\/span><\/p>\n","protected":false},"featured_media":665,"comment_status":"open","ping_status":"closed","template":"","meta":[],"product_cat":[32],"product_tag":[],"acf":[],"yoast_head":"<!-- This site is optimized with the Yoast SEO plugin v18.5.1 - https:\/\/yoast.com\/wordpress\/plugins\/seo\/ -->\n<title>Tiras Reactivas PRODIGY - ARMONIA NATURAL - TEL 3108255253<\/title>\n<meta name=\"description\" content=\"Tiras Reactivas PRODIGY permite que los medidores prueben solo cuando hay suficiente sangre en la tira reactiva, lo que ahorra a los usuarios tiras y dinero\" \/>\n<meta name=\"robots\" content=\"index, follow, max-snippet:-1, max-image-preview:large, max-video-preview:-1\" \/>\n<link rel=\"canonical\" href=\"https:\/\/armonianaturaldietshop.com\/en\/product\/tiras-reactivas-prodigy\/\" \/>\n<meta property=\"og:locale\" content=\"en_US\" \/>\n<meta property=\"og:type\" content=\"article\" \/>\n<meta property=\"og:title\" content=\"Tiras Reactivas PRODIGY - ARMONIA NATURAL - TEL 3108255253\" \/>\n<meta property=\"og:description\" content=\"Tiras Reactivas PRODIGY permite que los medidores prueben solo cuando hay suficiente sangre en la tira reactiva, lo que ahorra a los usuarios tiras y dinero\" \/>\n<meta property=\"og:url\" content=\"https:\/\/armonianaturaldietshop.com\/en\/product\/tiras-reactivas-prodigy\/\" \/>\n<meta property=\"og:site_name\" content=\"Armonia Natural Diet Shop\" \/>\n<meta property=\"article:publisher\" content=\"https:\/\/www.facebook.com\/ArmoniaNaturalDietShop\/\" \/>\n<meta property=\"article:modified_time\" content=\"2024-06-12T22:16:56+00:00\" \/>\n<meta property=\"og:image\" content=\"https:\/\/armonianaturaldietshop.com\/wp-content\/uploads\/2018\/02\/tiras-reactivas-prodigy_493.jpg\" \/>\n\t<meta property=\"og:image:width\" content=\"462\" \/>\n\t<meta property=\"og:image:height\" content=\"500\" \/>\n\t<meta property=\"og:image:type\" content=\"image\/jpeg\" \/>\n<meta name=\"twitter:card\" content=\"summary_large_image\" \/>\n<meta name=\"twitter:label1\" content=\"Est. reading time\" \/>\n\t<meta name=\"twitter:data1\" content=\"1 minute\" \/>\n<script type=\"application\/ld+json\" class=\"yoast-schema-graph\">{\"@context\":\"https:\/\/schema.org\",\"@graph\":[{\"@type\":\"Organization\",\"@id\":\"https:\/\/armonianaturaldietshop.com\/#organization\",\"name\":\"Armonia Natural Diet Shop\",\"url\":\"https:\/\/armonianaturaldietshop.com\/\",\"sameAs\":[\"https:\/\/www.facebook.com\/ArmoniaNaturalDietShop\/\",\"https:\/\/www.instagram.com\/armonia.natural\/?hl=en\"],\"logo\":{\"@type\":\"ImageObject\",\"@id\":\"https:\/\/armonianaturaldietshop.com\/#logo\",\"inLanguage\":\"en-US\",\"url\":\"https:\/\/armonianaturaldietshop.com\/wp-content\/uploads\/2018\/01\/top-banner-1.png\",\"contentUrl\":\"https:\/\/armonianaturaldietshop.com\/wp-content\/uploads\/2018\/01\/top-banner-1.png\",\"width\":369,\"height\":116,\"caption\":\"Armonia Natural Diet Shop\"},\"image\":{\"@id\":\"https:\/\/armonianaturaldietshop.com\/#logo\"}},{\"@type\":\"WebSite\",\"@id\":\"https:\/\/armonianaturaldietshop.com\/#website\",\"url\":\"https:\/\/armonianaturaldietshop.com\/\",\"name\":\"Armonia Natural Diet Shop\",\"description\":\"Otro sitio realizado con WordPress\",\"publisher\":{\"@id\":\"https:\/\/armonianaturaldietshop.com\/#organization\"},\"potentialAction\":[{\"@type\":\"SearchAction\",\"target\":{\"@type\":\"EntryPoint\",\"urlTemplate\":\"https:\/\/armonianaturaldietshop.com\/?s={search_term_string}\"},\"query-input\":\"required name=search_term_string\"}],\"inLanguage\":\"en-US\"},{\"@type\":\"ImageObject\",\"@id\":\"https:\/\/armonianaturaldietshop.com\/en\/product\/tiras-reactivas-prodigy\/#primaryimage\",\"inLanguage\":\"en-US\",\"url\":\"https:\/\/armonianaturaldietshop.com\/wp-content\/uploads\/2018\/02\/tiras-reactivas-prodigy_493.jpg\",\"contentUrl\":\"https:\/\/armonianaturaldietshop.com\/wp-content\/uploads\/2018\/02\/tiras-reactivas-prodigy_493.jpg\",\"width\":462,\"height\":500},{\"@type\":\"WebPage\",\"@id\":\"https:\/\/armonianaturaldietshop.com\/en\/product\/tiras-reactivas-prodigy\/#webpage\",\"url\":\"https:\/\/armonianaturaldietshop.com\/en\/product\/tiras-reactivas-prodigy\/\",\"name\":\"Tiras Reactivas PRODIGY - ARMONIA NATURAL - TEL 3108255253\",\"isPartOf\":{\"@id\":\"https:\/\/armonianaturaldietshop.com\/#website\"},\"primaryImageOfPage\":{\"@id\":\"https:\/\/armonianaturaldietshop.com\/en\/product\/tiras-reactivas-prodigy\/#primaryimage\"},\"datePublished\":\"2018-01-28T21:43:23+00:00\",\"dateModified\":\"2024-06-12T22:16:56+00:00\",\"description\":\"Tiras Reactivas PRODIGY permite que los medidores prueben solo cuando hay suficiente sangre en la tira reactiva, lo que ahorra a los usuarios tiras y dinero\",\"breadcrumb\":{\"@id\":\"https:\/\/armonianaturaldietshop.com\/en\/product\/tiras-reactivas-prodigy\/#breadcrumb\"},\"inLanguage\":\"en-US\",\"potentialAction\":[{\"@type\":\"ReadAction\",\"target\":[\"https:\/\/armonianaturaldietshop.com\/en\/product\/tiras-reactivas-prodigy\/\"]}]},{\"@type\":\"BreadcrumbList\",\"@id\":\"https:\/\/armonianaturaldietshop.com\/en\/product\/tiras-reactivas-prodigy\/#breadcrumb\",\"itemListElement\":[{\"@type\":\"ListItem\",\"position\":1,\"name\":\"Home\",\"item\":\"https:\/\/armonianaturaldietshop.com\/en\/\"},{\"@type\":\"ListItem\",\"position\":2,\"name\":\"Shop\",\"item\":\"https:\/\/armonianaturaldietshop.com\/en\/shop\/\"},{\"@type\":\"ListItem\",\"position\":3,\"name\":\"Tiras Reactivas PRODIGY\"}]}]}<\/script>\n<!-- \/ Yoast SEO plugin. -->","yoast_head_json":{"title":"Tiras Reactivas PRODIGY - ARMONIA NATURAL - TEL 3108255253","description":"Tiras Reactivas PRODIGY permite que los medidores prueben solo cuando hay suficiente sangre en la tira reactiva, lo que ahorra a los usuarios tiras y dinero","robots":{"index":"index","follow":"follow","max-snippet":"max-snippet:-1","max-image-preview":"max-image-preview:large","max-video-preview":"max-video-preview:-1"},"canonical":"https:\/\/armonianaturaldietshop.com\/en\/product\/tiras-reactivas-prodigy\/","og_locale":"en_US","og_type":"article","og_title":"Tiras Reactivas PRODIGY - ARMONIA NATURAL - TEL 3108255253","og_description":"Tiras Reactivas PRODIGY permite que los medidores prueben solo cuando hay suficiente sangre en la tira reactiva, lo que ahorra a los usuarios tiras y dinero","og_url":"https:\/\/armonianaturaldietshop.com\/en\/product\/tiras-reactivas-prodigy\/","og_site_name":"Armonia Natural Diet Shop","article_publisher":"https:\/\/www.facebook.com\/ArmoniaNaturalDietShop\/","article_modified_time":"2024-06-12T22:16:56+00:00","og_image":[{"width":462,"height":500,"url":"https:\/\/armonianaturaldietshop.com\/wp-content\/uploads\/2018\/02\/tiras-reactivas-prodigy_493.jpg","type":"image\/jpeg"}],"twitter_card":"summary_large_image","twitter_misc":{"Est. reading time":"1 minute"},"schema":{"@context":"https:\/\/schema.org","@graph":[{"@type":"Organization","@id":"https:\/\/armonianaturaldietshop.com\/#organization","name":"Armonia Natural Diet Shop","url":"https:\/\/armonianaturaldietshop.com\/","sameAs":["https:\/\/www.facebook.com\/ArmoniaNaturalDietShop\/","https:\/\/www.instagram.com\/armonia.natural\/?hl=en"],"logo":{"@type":"ImageObject","@id":"https:\/\/armonianaturaldietshop.com\/#logo","inLanguage":"en-US","url":"https:\/\/armonianaturaldietshop.com\/wp-content\/uploads\/2018\/01\/top-banner-1.png","contentUrl":"https:\/\/armonianaturaldietshop.com\/wp-content\/uploads\/2018\/01\/top-banner-1.png","width":369,"height":116,"caption":"Armonia Natural Diet Shop"},"image":{"@id":"https:\/\/armonianaturaldietshop.com\/#logo"}},{"@type":"WebSite","@id":"https:\/\/armonianaturaldietshop.com\/#website","url":"https:\/\/armonianaturaldietshop.com\/","name":"Armonia Natural Diet Shop","description":"Otro sitio realizado con WordPress","publisher":{"@id":"https:\/\/armonianaturaldietshop.com\/#organization"},"potentialAction":[{"@type":"SearchAction","target":{"@type":"EntryPoint","urlTemplate":"https:\/\/armonianaturaldietshop.com\/?s={search_term_string}"},"query-input":"required name=search_term_string"}],"inLanguage":"en-US"},{"@type":"ImageObject","@id":"https:\/\/armonianaturaldietshop.com\/en\/product\/tiras-reactivas-prodigy\/#primaryimage","inLanguage":"en-US","url":"https:\/\/armonianaturaldietshop.com\/wp-content\/uploads\/2018\/02\/tiras-reactivas-prodigy_493.jpg","contentUrl":"https:\/\/armonianaturaldietshop.com\/wp-content\/uploads\/2018\/02\/tiras-reactivas-prodigy_493.jpg","width":462,"height":500},{"@type":"WebPage","@id":"https:\/\/armonianaturaldietshop.com\/en\/product\/tiras-reactivas-prodigy\/#webpage","url":"https:\/\/armonianaturaldietshop.com\/en\/product\/tiras-reactivas-prodigy\/","name":"Tiras Reactivas PRODIGY - ARMONIA NATURAL - TEL 3108255253","isPartOf":{"@id":"https:\/\/armonianaturaldietshop.com\/#website"},"primaryImageOfPage":{"@id":"https:\/\/armonianaturaldietshop.com\/en\/product\/tiras-reactivas-prodigy\/#primaryimage"},"datePublished":"2018-01-28T21:43:23+00:00","dateModified":"2024-06-12T22:16:56+00:00","description":"Tiras Reactivas PRODIGY permite que los medidores prueben solo cuando hay suficiente sangre en la tira reactiva, lo que ahorra a los usuarios tiras y dinero","breadcrumb":{"@id":"https:\/\/armonianaturaldietshop.com\/en\/product\/tiras-reactivas-prodigy\/#breadcrumb"},"inLanguage":"en-US","potentialAction":[{"@type":"ReadAction","target":["https:\/\/armonianaturaldietshop.com\/en\/product\/tiras-reactivas-prodigy\/"]}]},{"@type":"BreadcrumbList","@id":"https:\/\/armonianaturaldietshop.com\/en\/product\/tiras-reactivas-prodigy\/#breadcrumb","itemListElement":[{"@type":"ListItem","position":1,"name":"Home","item":"https:\/\/armonianaturaldietshop.com\/en\/"},{"@type":"ListItem","position":2,"name":"Shop","item":"https:\/\/armonianaturaldietshop.com\/en\/shop\/"},{"@type":"ListItem","position":3,"name":"Tiras Reactivas PRODIGY"}]}]}},"_links":{"self":[{"href":"https:\/\/armonianaturaldietshop.com\/en\/wp-json\/wp\/v2\/product\/1705"}],"collection":[{"href":"https:\/\/armonianaturaldietshop.com\/en\/wp-json\/wp\/v2\/product"}],"about":[{"href":"https:\/\/armonianaturaldietshop.com\/en\/wp-json\/wp\/v2\/types\/product"}],"replies":[{"embeddable":true,"href":"https:\/\/armonianaturaldietshop.com\/en\/wp-json\/wp\/v2\/comments?post=1705"}],"wp:featuredmedia":[{"embeddable":true,"href":"https:\/\/armonianaturaldietshop.com\/en\/wp-json\/wp\/v2\/media\/665"}],"wp:attachment":[{"href":"https:\/\/armonianaturaldietshop.com\/en\/wp-json\/wp\/v2\/media?parent=1705"}],"wp:term":[{"taxonomy":"product_cat","embeddable":true,"href":"https:\/\/armonianaturaldietshop.com\/en\/wp-json\/wp\/v2\/product_cat?post=1705"},{"taxonomy":"product_tag","embeddable":true,"href":"https:\/\/armonianaturaldietshop.com\/en\/wp-json\/wp\/v2\/product_tag?post=1705"}],"curies":[{"name":"wp","href":"https:\/\/api.w.org\/{rel}","templated":true}]}}