{"id":1706,"date":"2018-01-28T21:43:23","date_gmt":"2018-01-28T21:43:23","guid":{"rendered":"http:\/\/armonianaturaldietshop.com\/product\/titan-gel-special-gel-for-penis-50ml\/"},"modified":"2018-07-13T23:56:39","modified_gmt":"2018-07-13T23:56:39","slug":"titan-gel-special-gel-for-penis-50ml","status":"publish","type":"product","link":"https:\/\/armonianaturaldietshop.com\/en\/product\/titan-gel-special-gel-for-penis-50ml\/","title":{"rendered":"Titan Gel Special Gel For Penis  50ml"},"content":{"rendered":"<h1 class=\"uk-article-title \" style=\"font-size: 40px; margin: 0px 0px 20px; font-family: Lato; line-height: 42px; color: #525252; text-transform: uppercase;\">TITAN GEL HENDEL&#8217;S GARDEN 50ML<\/h1>\n<div class=\"tm-article-content\" style=\"margin-bottom: 0px; color: #525252; font-family: Lato; font-size: 16px;\">\n<div class=\"uk-grid\" style=\"margin: 0px 0px 0px -35px; padding: 0px; list-style: none;\" data-uk-grid-margin=\"\">\n<div class=\"uk-width-medium-1-2\" style=\"margin: 0px; padding-left: 35px; float: left; width: 547.5px;\">\n<p class=\"uk-article-lead\" style=\"margin: 0px 0px 20px; color: rgba(82, 82, 82, 0.8); font-size: 20px; line-height: 27px; text-align: justify;\">\u00bfQu\u00e9 tipo de hombre nunca sue\u00f1a con que su pene se vuelva m\u00e1s grande? Hace algunas d\u00e9cadas, todos los m\u00e9todos de agrandamiento de \u00f3rgano eran bastante ineficaces. Pero la ciencia no se queda quieta. Por muchos a\u00f1os, los cient\u00edficos han buscado modos de cambiar nuestras caracter\u00edsticas fisiol\u00f3gicas. Una f\u00f3rmula completamente nueva y altamente eficaz ha sido desarrollada recientemente, volviendo realidad el sue\u00f1o de muchos hombres. Titan Gel es un producto biol\u00f3gicamente activo basado en este descubrimiento.<\/p>\n<p style=\"margin: 20px 0px 0px;\"><a class=\"uk-button\" style=\"color: #9f9f9f; text-decoration: none; background-image: linear-gradient(#fcfcfc, #fafafa); background-color: #eeeeee; cursor: pointer; display: inline-block; vertical-align: middle; text-align: center; line-height: 36px; min-height: 36px; padding: 0px 12px; border-width: 1px 1px 0px; border-style: solid; border-color: #eaeaea; text-transform: uppercase; font-size: 14px;\" href=\"http:\/\/titangelcolombia.com.co\/index.php\/contacto\">&nbsp;<\/a><\/p>\n<\/div>\n<div class=\"uk-width-medium-1-2 uk-text-center-small\" style=\"margin: 0px; padding-left: 35px; float: left; width: 547.5px;\"><a style=\"color: #4a6d99; text-decoration: none; background-color: transparent; cursor: pointer; display: inline-block; max-width: 100%; margin-bottom: 0px;\" href=\"http:\/\/www.yootheme.com\/videos\/zoo_video_tour.mp4\" data-lightbox=\"width:852;height:480;autoplay:true;\"><img loading=\"lazy\" style=\"max-width: 100%; height: auto; vertical-align: middle;\" title=\"Take the video tour on the ZOO!\" src=\"http:\/\/titangelcolombia.com.co\/images\/yootheme\/4.png\" alt=\"Take the video tour on the ZOO!\" width=\"500\" height=\"300\" \/><\/a><\/div>\n<div class=\"uk-width-medium-1-2 uk-text-center-small\" style=\"margin: 0px; padding-left: 35px; float: left; width: 547.5px;\">&nbsp;<\/div>\n<div class=\"uk-width-medium-1-2 uk-text-center-small\" style=\"margin: 0px; padding-left: 35px; float: left; width: 547.5px;\">&nbsp;<\/div>\n<div class=\"uk-width-medium-1-2 uk-text-center-small\" style=\"margin: 0px; padding-left: 35px; float: left; width: 547.5px;\">&nbsp;<\/div>\n<div class=\"uk-width-medium-1-2 uk-text-center-small\" style=\"margin: 0px; padding-left: 35px; float: left; width: 547.5px;\">\n<div class=\"tm-article-content\" style=\"margin-bottom: 0px;\">\n<h3 style=\"font-size: 26px; margin: 30px 0px 20px; line-height: 34px; text-transform: uppercase; letter-spacing: 0px;\">\u00bfQU\u00c9 TIPO DE GEL ES ESTE?<\/h3>\n<p style=\"margin: 20px 0px;\">Un hombre ya no tiene que aceptar su imperfecci\u00f3n anat\u00f3mica. No debe convencerse de que el tama\u00f1o no importa. La verdad es que usando este producto accesible, los hombres pueden llegar a aumentar su \u00f3rgano sexual sin da\u00f1ar su salud. Este efecto se podr\u00e1 dar en tan solo unas semanas, sin dolor, no inyecciones, sin usar hormonas o drogas sint\u00e9ticas da\u00f1inas. Titan Gel se aplica simplemente sobre la piel.<\/p>\n<p style=\"margin: 20px 0px;\">Titan Gel posee cualidades basadas en componentes naturales. No contiene hormonas no elementos sint\u00e9ticos. Por lo tanto, ayuda a restaurar la potencia, mejora la circulaci\u00f3n sangu\u00ednea, estimula la producci\u00f3n de testosterona y aumenta la sensibilidad de un modo completamente natural.<\/p>\n<p style=\"margin: 20px 0px;\">Antes de pedir este producto, estudia cuidadosamente las instrucciones y recuerda lo m\u00e1s importante: para alcanzar el efecto m\u00e1ximo, debes usarlo todos los d\u00edas, siguiendo las simples recomendaciones.<\/p>\n<ul style=\"padding: 0px 0px 0px 30px; margin: 20px 0px;\">\n<li style=\"line-height: 24px;\">Puede proporcionar confort durante el acto sexual, tiene un efecto positivo en la calidad de la vida sexual.<\/li>\n<li style=\"line-height: 24px;\">Ayuda a mejorar la potencia personal y promueve sensaciones nuevas e intensas.<\/li>\n<li style=\"line-height: 24px;\">Proporciona buena lubricaci\u00f3n.<\/li>\n<li style=\"line-height: 24px;\">Sin manchas, de f\u00e1cil eliminaci\u00f3n con agua, sin restos.<\/li>\n<li style=\"line-height: 24px;\">Sin fragancia ni par\u00e1benos.&nbsp;<\/li>\n<li style=\"line-height: 24px;\">Puede utilizarse durante el sexo (bajo el cond\u00f3n), as\u00ed como bomba de vac\u00edo o extensor o cuando se realizan ejercicios especiales de agrandamiento del pene conocidos como &#8220;jelqing&#8221;.<\/li>\n<li style=\"line-height: 24px;\">El efecto positivo para el agrandamiento del pene es posible gracias al complejo sin\u00e9rgico de las sustancias biol\u00f3gicamente acticas: \u00e1cidos hilaur\u00f3nico y succ\u00ednicos, as\u00ed como extractos naturales de hierba luisa y fresa.<\/li>\n<\/ul>\n<h3 style=\"font-size: 26px; margin: 30px 0px 20px; line-height: 34px; text-transform: uppercase; letter-spacing: 0px;\">INSTRUCCIONES DE USO:<\/h3>\n<p style=\"margin: 20px 0px;\">Aplicar el gel en los genitales externos o en el cond\u00f3n antes del acto sexual. Esto no es un espermicida. Puede utilizarse en las bombas de vac\u00edo, extensores, as\u00ed como al realizar ejercicios especiales de alargamiento de pene denominados &#8220;jelqing&#8221; (aplicar en los genitales externos de acuerdo a las instrucciones del aparato o antes del ejercicio). no usar la ropa interior hasta que el producto este absorbido<\/p>\n<h3 style=\"font-size: 26px; margin: 30px 0px 20px; line-height: 34px; text-transform: uppercase; letter-spacing: 0px;\">INGREDIENTES:<\/h3>\n<p style=\"margin: 20px 0px;\">Agua, poli acrilato de sodio, dimeticona, ciclopentasiloxano, trideceth-6, PEG \/ PPG-18\/18 Dimeticona, propilenglicol, polox\u00e1mero 184, hierba luisa en hojas, hialuronato de sodio, \u00e1cido succ\u00ednico, extracto de fresa, mentol, fenoxietanol, glicerol laurato, Hidr\u00f3xido de sodio.<\/p>\n<\/div>\n<\/div>\n<\/div>\n<\/div>\n","protected":false},"excerpt":{"rendered":"<p>Titan Gel es un avance m\u00e9dico que ha revolucionado las formas disponibles para agrandar el tama\u00f1o del pene. En un producto natural que trabaja en el incremento tanto de la longitud del miembro como en su espesor. Todo esto, mientras potencia el rendimiento sexual.<\/p>\n","protected":false},"featured_media":667,"comment_status":"open","ping_status":"closed","template":"","meta":[],"product_cat":[30],"product_tag":[],"acf":[],"yoast_head":"<!-- This site is optimized with the Yoast SEO plugin v18.5.1 - https:\/\/yoast.com\/wordpress\/plugins\/seo\/ -->\n<title>Titan Gel Special Gel For Penis 50ml - Armonia Natural Diet Shop<\/title>\n<meta name=\"robots\" content=\"index, follow, max-snippet:-1, max-image-preview:large, max-video-preview:-1\" \/>\n<link rel=\"canonical\" href=\"https:\/\/armonianaturaldietshop.com\/en\/product\/titan-gel-special-gel-for-penis-50ml\/\" \/>\n<meta property=\"og:locale\" content=\"en_US\" \/>\n<meta property=\"og:type\" content=\"article\" \/>\n<meta property=\"og:title\" content=\"Titan Gel Special Gel For Penis 50ml - Armonia Natural Diet Shop\" \/>\n<meta property=\"og:description\" content=\"Titan Gel es un avance m\u00e9dico que ha revolucionado las formas disponibles para agrandar el tama\u00f1o del pene. En un producto natural que trabaja en el incremento tanto de la longitud del miembro como en su espesor. Todo esto, mientras potencia el rendimiento sexual.\" \/>\n<meta property=\"og:url\" content=\"https:\/\/armonianaturaldietshop.com\/en\/product\/titan-gel-special-gel-for-penis-50ml\/\" \/>\n<meta property=\"og:site_name\" content=\"Armonia Natural Diet Shop\" \/>\n<meta property=\"article:publisher\" content=\"https:\/\/www.facebook.com\/ArmoniaNaturalDietShop\/\" \/>\n<meta property=\"article:modified_time\" content=\"2018-07-13T23:56:39+00:00\" \/>\n<meta property=\"og:image\" content=\"https:\/\/armonianaturaldietshop.com\/wp-content\/uploads\/2018\/02\/titan-gel-special-gel-for-penis-50ml_960.jpg\" \/>\n\t<meta property=\"og:image:width\" content=\"458\" \/>\n\t<meta property=\"og:image:height\" content=\"458\" \/>\n\t<meta property=\"og:image:type\" content=\"image\/jpeg\" \/>\n<meta name=\"twitter:card\" content=\"summary_large_image\" \/>\n<meta name=\"twitter:label1\" content=\"Est. reading time\" \/>\n\t<meta name=\"twitter:data1\" content=\"2 minutes\" \/>\n<script type=\"application\/ld+json\" class=\"yoast-schema-graph\">{\"@context\":\"https:\/\/schema.org\",\"@graph\":[{\"@type\":\"Organization\",\"@id\":\"https:\/\/armonianaturaldietshop.com\/#organization\",\"name\":\"Armonia Natural Diet Shop\",\"url\":\"https:\/\/armonianaturaldietshop.com\/\",\"sameAs\":[\"https:\/\/www.facebook.com\/ArmoniaNaturalDietShop\/\",\"https:\/\/www.instagram.com\/armonia.natural\/?hl=en\"],\"logo\":{\"@type\":\"ImageObject\",\"@id\":\"https:\/\/armonianaturaldietshop.com\/#logo\",\"inLanguage\":\"en-US\",\"url\":\"https:\/\/armonianaturaldietshop.com\/wp-content\/uploads\/2018\/01\/top-banner-1.png\",\"contentUrl\":\"https:\/\/armonianaturaldietshop.com\/wp-content\/uploads\/2018\/01\/top-banner-1.png\",\"width\":369,\"height\":116,\"caption\":\"Armonia Natural Diet Shop\"},\"image\":{\"@id\":\"https:\/\/armonianaturaldietshop.com\/#logo\"}},{\"@type\":\"WebSite\",\"@id\":\"https:\/\/armonianaturaldietshop.com\/#website\",\"url\":\"https:\/\/armonianaturaldietshop.com\/\",\"name\":\"Armonia Natural Diet Shop\",\"description\":\"Otro sitio realizado con WordPress\",\"publisher\":{\"@id\":\"https:\/\/armonianaturaldietshop.com\/#organization\"},\"potentialAction\":[{\"@type\":\"SearchAction\",\"target\":{\"@type\":\"EntryPoint\",\"urlTemplate\":\"https:\/\/armonianaturaldietshop.com\/?s={search_term_string}\"},\"query-input\":\"required name=search_term_string\"}],\"inLanguage\":\"en-US\"},{\"@type\":\"ImageObject\",\"@id\":\"https:\/\/armonianaturaldietshop.com\/en\/product\/titan-gel-special-gel-for-penis-50ml\/#primaryimage\",\"inLanguage\":\"en-US\",\"url\":\"https:\/\/armonianaturaldietshop.com\/wp-content\/uploads\/2018\/02\/titan-gel-special-gel-for-penis-50ml_960.jpg\",\"contentUrl\":\"https:\/\/armonianaturaldietshop.com\/wp-content\/uploads\/2018\/02\/titan-gel-special-gel-for-penis-50ml_960.jpg\",\"width\":458,\"height\":458},{\"@type\":\"WebPage\",\"@id\":\"https:\/\/armonianaturaldietshop.com\/en\/product\/titan-gel-special-gel-for-penis-50ml\/#webpage\",\"url\":\"https:\/\/armonianaturaldietshop.com\/en\/product\/titan-gel-special-gel-for-penis-50ml\/\",\"name\":\"Titan Gel Special Gel For Penis 50ml - Armonia Natural Diet Shop\",\"isPartOf\":{\"@id\":\"https:\/\/armonianaturaldietshop.com\/#website\"},\"primaryImageOfPage\":{\"@id\":\"https:\/\/armonianaturaldietshop.com\/en\/product\/titan-gel-special-gel-for-penis-50ml\/#primaryimage\"},\"datePublished\":\"2018-01-28T21:43:23+00:00\",\"dateModified\":\"2018-07-13T23:56:39+00:00\",\"breadcrumb\":{\"@id\":\"https:\/\/armonianaturaldietshop.com\/en\/product\/titan-gel-special-gel-for-penis-50ml\/#breadcrumb\"},\"inLanguage\":\"en-US\",\"potentialAction\":[{\"@type\":\"ReadAction\",\"target\":[\"https:\/\/armonianaturaldietshop.com\/en\/product\/titan-gel-special-gel-for-penis-50ml\/\"]}]},{\"@type\":\"BreadcrumbList\",\"@id\":\"https:\/\/armonianaturaldietshop.com\/en\/product\/titan-gel-special-gel-for-penis-50ml\/#breadcrumb\",\"itemListElement\":[{\"@type\":\"ListItem\",\"position\":1,\"name\":\"Home\",\"item\":\"https:\/\/armonianaturaldietshop.com\/en\/\"},{\"@type\":\"ListItem\",\"position\":2,\"name\":\"Shop\",\"item\":\"https:\/\/armonianaturaldietshop.com\/en\/shop\/\"},{\"@type\":\"ListItem\",\"position\":3,\"name\":\"Titan Gel Special Gel For Penis 50ml\"}]}]}<\/script>\n<!-- \/ Yoast SEO plugin. -->","yoast_head_json":{"title":"Titan Gel Special Gel For Penis 50ml - Armonia Natural Diet Shop","robots":{"index":"index","follow":"follow","max-snippet":"max-snippet:-1","max-image-preview":"max-image-preview:large","max-video-preview":"max-video-preview:-1"},"canonical":"https:\/\/armonianaturaldietshop.com\/en\/product\/titan-gel-special-gel-for-penis-50ml\/","og_locale":"en_US","og_type":"article","og_title":"Titan Gel Special Gel For Penis 50ml - Armonia Natural Diet Shop","og_description":"Titan Gel es un avance m\u00e9dico que ha revolucionado las formas disponibles para agrandar el tama\u00f1o del pene. En un producto natural que trabaja en el incremento tanto de la longitud del miembro como en su espesor. Todo esto, mientras potencia el rendimiento sexual.","og_url":"https:\/\/armonianaturaldietshop.com\/en\/product\/titan-gel-special-gel-for-penis-50ml\/","og_site_name":"Armonia Natural Diet Shop","article_publisher":"https:\/\/www.facebook.com\/ArmoniaNaturalDietShop\/","article_modified_time":"2018-07-13T23:56:39+00:00","og_image":[{"width":458,"height":458,"url":"https:\/\/armonianaturaldietshop.com\/wp-content\/uploads\/2018\/02\/titan-gel-special-gel-for-penis-50ml_960.jpg","type":"image\/jpeg"}],"twitter_card":"summary_large_image","twitter_misc":{"Est. reading time":"2 minutes"},"schema":{"@context":"https:\/\/schema.org","@graph":[{"@type":"Organization","@id":"https:\/\/armonianaturaldietshop.com\/#organization","name":"Armonia Natural Diet Shop","url":"https:\/\/armonianaturaldietshop.com\/","sameAs":["https:\/\/www.facebook.com\/ArmoniaNaturalDietShop\/","https:\/\/www.instagram.com\/armonia.natural\/?hl=en"],"logo":{"@type":"ImageObject","@id":"https:\/\/armonianaturaldietshop.com\/#logo","inLanguage":"en-US","url":"https:\/\/armonianaturaldietshop.com\/wp-content\/uploads\/2018\/01\/top-banner-1.png","contentUrl":"https:\/\/armonianaturaldietshop.com\/wp-content\/uploads\/2018\/01\/top-banner-1.png","width":369,"height":116,"caption":"Armonia Natural Diet Shop"},"image":{"@id":"https:\/\/armonianaturaldietshop.com\/#logo"}},{"@type":"WebSite","@id":"https:\/\/armonianaturaldietshop.com\/#website","url":"https:\/\/armonianaturaldietshop.com\/","name":"Armonia Natural Diet Shop","description":"Otro sitio realizado con WordPress","publisher":{"@id":"https:\/\/armonianaturaldietshop.com\/#organization"},"potentialAction":[{"@type":"SearchAction","target":{"@type":"EntryPoint","urlTemplate":"https:\/\/armonianaturaldietshop.com\/?s={search_term_string}"},"query-input":"required name=search_term_string"}],"inLanguage":"en-US"},{"@type":"ImageObject","@id":"https:\/\/armonianaturaldietshop.com\/en\/product\/titan-gel-special-gel-for-penis-50ml\/#primaryimage","inLanguage":"en-US","url":"https:\/\/armonianaturaldietshop.com\/wp-content\/uploads\/2018\/02\/titan-gel-special-gel-for-penis-50ml_960.jpg","contentUrl":"https:\/\/armonianaturaldietshop.com\/wp-content\/uploads\/2018\/02\/titan-gel-special-gel-for-penis-50ml_960.jpg","width":458,"height":458},{"@type":"WebPage","@id":"https:\/\/armonianaturaldietshop.com\/en\/product\/titan-gel-special-gel-for-penis-50ml\/#webpage","url":"https:\/\/armonianaturaldietshop.com\/en\/product\/titan-gel-special-gel-for-penis-50ml\/","name":"Titan Gel Special Gel For Penis 50ml - Armonia Natural Diet Shop","isPartOf":{"@id":"https:\/\/armonianaturaldietshop.com\/#website"},"primaryImageOfPage":{"@id":"https:\/\/armonianaturaldietshop.com\/en\/product\/titan-gel-special-gel-for-penis-50ml\/#primaryimage"},"datePublished":"2018-01-28T21:43:23+00:00","dateModified":"2018-07-13T23:56:39+00:00","breadcrumb":{"@id":"https:\/\/armonianaturaldietshop.com\/en\/product\/titan-gel-special-gel-for-penis-50ml\/#breadcrumb"},"inLanguage":"en-US","potentialAction":[{"@type":"ReadAction","target":["https:\/\/armonianaturaldietshop.com\/en\/product\/titan-gel-special-gel-for-penis-50ml\/"]}]},{"@type":"BreadcrumbList","@id":"https:\/\/armonianaturaldietshop.com\/en\/product\/titan-gel-special-gel-for-penis-50ml\/#breadcrumb","itemListElement":[{"@type":"ListItem","position":1,"name":"Home","item":"https:\/\/armonianaturaldietshop.com\/en\/"},{"@type":"ListItem","position":2,"name":"Shop","item":"https:\/\/armonianaturaldietshop.com\/en\/shop\/"},{"@type":"ListItem","position":3,"name":"Titan Gel Special Gel For Penis 50ml"}]}]}},"_links":{"self":[{"href":"https:\/\/armonianaturaldietshop.com\/en\/wp-json\/wp\/v2\/product\/1706"}],"collection":[{"href":"https:\/\/armonianaturaldietshop.com\/en\/wp-json\/wp\/v2\/product"}],"about":[{"href":"https:\/\/armonianaturaldietshop.com\/en\/wp-json\/wp\/v2\/types\/product"}],"replies":[{"embeddable":true,"href":"https:\/\/armonianaturaldietshop.com\/en\/wp-json\/wp\/v2\/comments?post=1706"}],"wp:featuredmedia":[{"embeddable":true,"href":"https:\/\/armonianaturaldietshop.com\/en\/wp-json\/wp\/v2\/media\/667"}],"wp:attachment":[{"href":"https:\/\/armonianaturaldietshop.com\/en\/wp-json\/wp\/v2\/media?parent=1706"}],"wp:term":[{"taxonomy":"product_cat","embeddable":true,"href":"https:\/\/armonianaturaldietshop.com\/en\/wp-json\/wp\/v2\/product_cat?post=1706"},{"taxonomy":"product_tag","embeddable":true,"href":"https:\/\/armonianaturaldietshop.com\/en\/wp-json\/wp\/v2\/product_tag?post=1706"}],"curies":[{"name":"wp","href":"https:\/\/api.w.org\/{rel}","templated":true}]}}