{"id":1709,"date":"2018-01-28T21:43:22","date_gmt":"2018-01-28T21:43:22","guid":{"rendered":"http:\/\/armonianaturaldietshop.com\/product\/tea-3-ballerina-3-bailarinas-x-30-bags\/"},"modified":"2025-09-23T13:38:56","modified_gmt":"2025-09-23T13:38:56","slug":"tea-3-ballerina-3-bailarinas-x-30-bags","status":"publish","type":"product","link":"https:\/\/armonianaturaldietshop.com\/en\/product\/tea-3-ballerina-3-bailarinas-x-30-bags\/","title":{"rendered":"T\u00e9a 3 Bailarinas"},"content":{"rendered":"<h1 style=\"text-align: center;\"><strong>T\u00e9a 3 Bailarinas<\/strong><\/h1>\n<p style=\"outline-width: 0px; outline-style: initial; outline-color: initial; vertical-align: baseline; padding: 0px; margin: 0.5em 0px 0.5em 0px; border: 3px initial initial;\"><span style=\"outline-width: 0px; outline-style: initial; outline-color: initial; vertical-align: baseline; font-size: medium; padding: 0px; margin: 0px; border: 0px initial initial;\"><label style=\"outline-width: 0px; outline-style: initial; outline-color: initial; vertical-align: baseline; font-size: 24px; padding: 0px; margin: 0px; border: 0px initial initial;\"><span style=\"outline-width: 0px; outline-style: initial; outline-color: initial; vertical-align: baseline; font-size: small; padding: 0px; margin: 0px; border: 0px initial initial;\">T\u00e9a 3 Bailarinas te brinda Los beneficios del t\u00e9 verde Ballerina son m\u00e1s efectivos si se siguen las instrucciones cuidadosa mente. <\/span><\/label><\/span><\/p>\n<p style=\"outline-width: 0px; outline-style: initial; outline-color: initial; vertical-align: baseline; padding: 0px; margin: 0.5em 0px 0.5em 0px; border: 3px initial initial;\"><span style=\"outline-width: 0px; outline-style: initial; outline-color: initial; vertical-align: baseline; font-size: medium; padding: 0px; margin: 0px; border: 0px initial initial;\"><label style=\"outline-width: 0px; outline-style: initial; outline-color: initial; vertical-align: baseline; font-size: 24px; padding: 0px; margin: 0px; border: 0px initial initial;\"><span style=\"outline-width: 0px; outline-style: initial; outline-color: initial; vertical-align: baseline; font-size: small; padding: 0px; margin: 0px; border: 0px initial initial;\"><span style=\"outline-width: 0px; outline-style: initial; outline-color: initial; vertical-align: baseline; padding: 0px; margin: 0px; border: 0px initial initial;\">Las instrucciones son muy f\u00e1ciles:\u00a0<\/span><span style=\"outline-width: 0px; outline-style: initial; outline-color: initial; vertical-align: baseline; padding: 0px; margin: 0px; border: 0px initial initial;\">\u00a0Comience por beber peque\u00f1as cantidades inicialmente y\u00a0aumente gradualmente la cantidad hasta que usted se sienta c\u00f3modo<\/span><span style=\"outline-width: 0px; outline-style: initial; outline-color: initial; vertical-align: baseline; padding: 0px; margin: 0px; border: 0px initial initial;\"><span class=\"google-src-text\" style=\"outline-width: 0px; outline-style: initial; outline-color: initial; vertical-align: baseline; direction: ltr; text-align: left; padding: 0px; margin: 0px; border: 0px initial initial;\">.<\/span>\u00a02-3 minutos deber\u00eda ser suficiente para remojar en una taza de agua hirviendo una bolsa de t\u00e9 verde ,\u00a0<\/span><span style=\"outline-width: 0px; outline-style: initial; outline-color: initial; vertical-align: baseline; padding: 0px; margin: 0px; border: 0px initial initial;\">Aun\u00a0 si prefiere\u00a0puede diluir el t\u00e9 con m\u00e1s agua de acuerdo a su gusto.<\/span>\u00a0<span style=\"outline-width: 0px; outline-style: initial; outline-color: initial; vertical-align: baseline; padding: 0px; margin: 0px; border: 0px initial initial;\">\u00a0Despu\u00e9s, para obtener un sabor m\u00e1s fuerte puede utilizar\u00a0menos agua hirviendo.<\/span><span style=\"outline-width: 0px; outline-style: initial; outline-color: initial; vertical-align: baseline; padding: 0px; margin: 0px; border: 0px initial initial;\">\u00a0<\/span><\/span><\/label><\/span><\/p>\n<p style=\"outline-width: 0px; outline-style: initial; outline-color: initial; vertical-align: baseline; padding: 0px; margin: 0.5em 0px 0.5em 0px; border: 3px initial initial;\"><span style=\"outline-width: 0px; outline-style: initial; outline-color: initial; vertical-align: baseline; font-size: medium; padding: 0px; margin: 0px; border: 0px initial initial;\"><label style=\"outline-width: 0px; outline-style: initial; outline-color: initial; vertical-align: baseline; font-size: 24px; padding: 0px; margin: 0px; border: 0px initial initial;\"><span style=\"outline-width: 0px; outline-style: initial; outline-color: initial; vertical-align: baseline; font-size: small; padding: 0px; margin: 0px; border: 0px initial initial;\"><span style=\"outline-width: 0px; outline-style: initial; outline-color: initial; vertical-align: baseline; padding: 0px; margin: 0px; border: 0px initial initial;\">Beber una taza de t\u00e9 verde Ballerina, caliente o fr\u00edo, por la ma\u00f1ana, tarde y despu\u00e9s de las comidas es saludable, pero usted no debe beber m\u00e1s de tres tazas de t\u00e9 verde en un d\u00eda.<\/span>\u00a0<\/span><\/label><\/span><\/p>\n<p style=\"outline-width: 0px; outline-style: initial; outline-color: initial; vertical-align: baseline; padding: 0px; margin: 0.5em 0px 0.5em 0px; border: 3px initial initial;\"><span style=\"outline-width: 0px; outline-style: initial; outline-color: initial; vertical-align: baseline; font-size: medium; padding: 0px; margin: 0px; border: 0px initial initial;\"><label style=\"outline-width: 0px; outline-style: initial; outline-color: initial; vertical-align: baseline; font-size: 24px; padding: 0px; margin: 0px; border: 0px initial initial;\"><span style=\"outline-width: 0px; outline-style: initial; outline-color: initial; vertical-align: baseline; font-size: small; padding: 0px; margin: 0px; border: 0px initial initial;\">Ballerina\u00a0 tambi\u00e9n se considera como un <span style=\"outline-width: 0px; outline-style: initial; outline-color: initial; vertical-align: baseline; color: #ff00ff; padding: 0px; margin: 0px; border: 0px initial initial;\">magn\u00edfico remedio para el control del peso\u00a0<\/span>y estre\u00f1imiento.<span style=\"outline-width: 0px; outline-style: initial; outline-color: initial; vertical-align: baseline; padding: 0px; margin: 0px; border: 0px initial initial;\">\u00a0Se trata de un t\u00e9 natural, popular calmante y relajante<\/span><span style=\"outline-width: 0px; outline-style: initial; outline-color: initial; vertical-align: baseline; padding: 0px; margin: 0px; border: 0px initial initial;\"><span class=\"google-src-text\" style=\"outline-width: 0px; outline-style: initial; outline-color: initial; vertical-align: baseline; direction: ltr; text-align: left; padding: 0px; margin: 0px; border: 0px initial initial;\">.<\/span>\u00a0Este producto contiene t\u00e9 verde, c\u00e1scara de naranja, hojas de senna, Malva Verticellata y tiene un sabor natural.<\/span><span style=\"outline-width: 0px; outline-style: initial; outline-color: initial; vertical-align: baseline; padding: 0px; margin: 0px; border: 0px initial initial;\">\u00a0No contiene cafe\u00edna o\u00a0 aditivos qu\u00edmicos<\/span><span style=\"outline-width: 0px; outline-style: initial; outline-color: initial; vertical-align: baseline; padding: 0px; margin: 0px; border: 0px initial initial;\"><span class=\"google-src-text\" style=\"outline-width: 0px; outline-style: initial; outline-color: initial; vertical-align: baseline; direction: ltr; text-align: left; padding: 0px; margin: 0px; border: 0px initial initial;\">.<\/span>\u00a0Es aconsejable leer las instrucciones cuidadosa mente antes de tomar esta bebida.<\/span><span style=\"outline-width: 0px; outline-style: initial; outline-color: initial; vertical-align: baseline; padding: 0px; margin: 0px; border: 0px initial initial;\">\u00a0Mujeres embarazadas y lactantes no deben consumir este t\u00e9<\/span><span style=\"outline-width: 0px; outline-style: initial; outline-color: initial; vertical-align: baseline; padding: 0px; margin: 0px; border: 0px initial initial;\"><span class=\"google-src-text\" style=\"outline-width: 0px; outline-style: initial; outline-color: initial; vertical-align: baseline; direction: ltr; text-align: left; padding: 0px; margin: 0px; border: 0px initial initial;\">.<\/span>\u00a0Adem\u00e1s, los ni\u00f1os o personas mayores que sufren alg\u00fan tipo de condici\u00f3n m\u00e9dica no deben\u00a0beber esta bebida.<\/span><\/span><\/label><\/span><\/p>\n<p style=\"outline-width: 0px; outline-style: initial; outline-color: initial; vertical-align: baseline; padding: 0px; margin: 0.5em 0px 0.5em 0px; border: 3px initial initial;\"><span style=\"outline-width: 0px; outline-style: initial; outline-color: initial; vertical-align: baseline; font-size: medium; padding: 0px; margin: 0px; border: 0px initial initial;\"><label style=\"outline-width: 0px; outline-style: initial; outline-color: initial; vertical-align: baseline; font-size: 24px; padding: 0px; margin: 0px; border: 0px initial initial;\"><span style=\"outline-width: 0px; outline-style: initial; outline-color: initial; vertical-align: baseline; font-size: small; padding: 0px; margin: 0px; border: 0px initial initial;\">El <a href=\"https:\/\/armonianaturaldietshop.com\/product\/te-divina-detox\/\">t\u00e9<\/a> verde es una bebida que ha sido<span style=\"outline-width: 0px; outline-style: initial; outline-color: initial; vertical-align: baseline; padding: 0px; margin: 0px; border: 0px initial initial;\">\u00a0famosa por el tratamiento de numerosas\u00a0enfermedades como el\u00a0dolor de cabeza y\u00a0el c\u00e1ncer.<\/span><span style=\"outline-width: 0px; outline-style: initial; outline-color: initial; vertical-align: baseline; padding: 0px; margin: 0px; border: 0px initial initial;\">\u00a0El t\u00e9 verde es una bebida que es muy popular con los pa\u00edses asi\u00e1ticos como China, Taiw\u00e1n, Hong Kong, Jap\u00f3n, Corea y el Medio Oriental.<\/span><\/span><span style=\"outline-width: 0px; outline-style: initial; outline-color: initial; vertical-align: baseline; padding: 0px; margin: 0px; border: 0px initial initial;\"><span style=\"outline-width: 0px; outline-style: initial; outline-color: initial; vertical-align: baseline; font-size: small; padding: 0px; margin: 0px; border: 0px initial initial;\">\u00a0La investigaci\u00f3n se ha llevado a cabo tanto en Asia y en Occidente con respecto a los beneficios de beber t\u00e9 verde y t\u00e9 verde bailarina<\/span><span style=\"outline-width: 0px; outline-style: initial; outline-color: initial; vertical-align: baseline; font-size: medium; padding: 0px; margin: 0px; border: 0px initial initial;\">.<\/span><\/span><\/label><\/span><\/p>\n<div><span style=\"outline-width: 0px; outline-style: initial; outline-color: initial; vertical-align: baseline; font-size: medium; padding: 0px; margin: 0px; border: 0px initial initial;\"><label style=\"outline-width: 0px; outline-style: initial; outline-color: initial; vertical-align: baseline; font-size: 24px; padding: 0px; margin: 0px; border: 0px initial initial;\"><span style=\"outline-width: 0px; outline-style: initial; outline-color: initial; vertical-align: baseline; padding: 0px; margin: 0px; border: 0px initial initial;\"><span style=\"outline-width: 0px; outline-style: initial; outline-color: initial; vertical-align: baseline; font-size: medium; padding: 0px; margin: 0px; border: 0px initial initial;\">\u00a0<\/span><\/span><\/label><\/span><\/div>\n","protected":false},"excerpt":{"rendered":"<p>T\u00e9 Ballerina tambi\u00e9n se considera como un magn\u00edfico remedio para el control del peso y estre\u00f1imiento. Se trata de un t\u00e9 natural, popular calmante y relajante. Este producto contiene t\u00e9 verde, c\u00e1scara de naranja, hojas de senna, Malva Verticellata y tiene un sabor natural. No contiene cafe\u00edna o aditivos qu\u00edmicos.<\/p>\n","protected":false},"featured_media":679,"comment_status":"open","ping_status":"closed","template":"","meta":[],"product_cat":[47,31],"product_tag":[],"acf":[],"yoast_head":"<!-- This site is optimized with the Yoast SEO plugin v18.5.1 - https:\/\/yoast.com\/wordpress\/plugins\/seo\/ -->\n<title>T\u00e9a 3 Bailarinas - Armonia Natural Diet Shop - T\u00e9a 3 Bailarinas<\/title>\n<meta name=\"description\" content=\"T\u00e9a 3 Bailarinas El t\u00e9 verde es una bebida que ha sido\u00a0famosa por el tratamiento de numerosas\u00a0enfermedades como dolor de cabeza y\u00a0el c\u00e1ncer.\" \/>\n<meta name=\"robots\" content=\"index, follow, max-snippet:-1, max-image-preview:large, max-video-preview:-1\" \/>\n<link rel=\"canonical\" href=\"https:\/\/armonianaturaldietshop.com\/en\/product\/tea-3-ballerina-3-bailarinas-x-30-bags\/\" \/>\n<meta property=\"og:locale\" content=\"en_US\" \/>\n<meta property=\"og:type\" content=\"article\" \/>\n<meta property=\"og:title\" content=\"T\u00e9a 3 Bailarinas - Armonia Natural Diet Shop - T\u00e9a 3 Bailarinas\" \/>\n<meta property=\"og:description\" content=\"T\u00e9a 3 Bailarinas El t\u00e9 verde es una bebida que ha sido\u00a0famosa por el tratamiento de numerosas\u00a0enfermedades como dolor de cabeza y\u00a0el c\u00e1ncer.\" \/>\n<meta property=\"og:url\" content=\"https:\/\/armonianaturaldietshop.com\/en\/product\/tea-3-ballerina-3-bailarinas-x-30-bags\/\" \/>\n<meta property=\"og:site_name\" content=\"Armonia Natural Diet Shop\" \/>\n<meta property=\"article:publisher\" content=\"https:\/\/www.facebook.com\/ArmoniaNaturalDietShop\/\" \/>\n<meta property=\"article:modified_time\" content=\"2025-09-23T13:38:56+00:00\" \/>\n<meta property=\"og:image\" content=\"https:\/\/armonianaturaldietshop.com\/wp-content\/uploads\/2018\/02\/tea-3-ballerina-3-bailarinas-x-30-bags_177.jpg\" \/>\n\t<meta property=\"og:image:width\" content=\"300\" \/>\n\t<meta property=\"og:image:height\" content=\"300\" \/>\n\t<meta property=\"og:image:type\" content=\"image\/jpeg\" \/>\n<meta name=\"twitter:card\" content=\"summary_large_image\" \/>\n<meta name=\"twitter:label1\" content=\"Est. reading time\" \/>\n\t<meta name=\"twitter:data1\" content=\"2 minutes\" \/>\n<script type=\"application\/ld+json\" class=\"yoast-schema-graph\">{\"@context\":\"https:\/\/schema.org\",\"@graph\":[{\"@type\":\"Organization\",\"@id\":\"https:\/\/armonianaturaldietshop.com\/#organization\",\"name\":\"Armonia Natural Diet Shop\",\"url\":\"https:\/\/armonianaturaldietshop.com\/\",\"sameAs\":[\"https:\/\/www.facebook.com\/ArmoniaNaturalDietShop\/\",\"https:\/\/www.instagram.com\/armonia.natural\/?hl=en\"],\"logo\":{\"@type\":\"ImageObject\",\"@id\":\"https:\/\/armonianaturaldietshop.com\/#logo\",\"inLanguage\":\"en-US\",\"url\":\"https:\/\/armonianaturaldietshop.com\/wp-content\/uploads\/2018\/01\/top-banner-1.png\",\"contentUrl\":\"https:\/\/armonianaturaldietshop.com\/wp-content\/uploads\/2018\/01\/top-banner-1.png\",\"width\":369,\"height\":116,\"caption\":\"Armonia Natural Diet Shop\"},\"image\":{\"@id\":\"https:\/\/armonianaturaldietshop.com\/#logo\"}},{\"@type\":\"WebSite\",\"@id\":\"https:\/\/armonianaturaldietshop.com\/#website\",\"url\":\"https:\/\/armonianaturaldietshop.com\/\",\"name\":\"Armonia Natural Diet Shop\",\"description\":\"Otro sitio realizado con WordPress\",\"publisher\":{\"@id\":\"https:\/\/armonianaturaldietshop.com\/#organization\"},\"potentialAction\":[{\"@type\":\"SearchAction\",\"target\":{\"@type\":\"EntryPoint\",\"urlTemplate\":\"https:\/\/armonianaturaldietshop.com\/?s={search_term_string}\"},\"query-input\":\"required name=search_term_string\"}],\"inLanguage\":\"en-US\"},{\"@type\":\"ImageObject\",\"@id\":\"https:\/\/armonianaturaldietshop.com\/en\/product\/tea-3-ballerina-3-bailarinas-x-30-bags\/#primaryimage\",\"inLanguage\":\"en-US\",\"url\":\"https:\/\/armonianaturaldietshop.com\/wp-content\/uploads\/2018\/02\/tea-3-ballerina-3-bailarinas-x-30-bags_177.jpg\",\"contentUrl\":\"https:\/\/armonianaturaldietshop.com\/wp-content\/uploads\/2018\/02\/tea-3-ballerina-3-bailarinas-x-30-bags_177.jpg\",\"width\":300,\"height\":300,\"caption\":\"T\u00e9a 3 Bailarinas\"},{\"@type\":\"WebPage\",\"@id\":\"https:\/\/armonianaturaldietshop.com\/en\/product\/tea-3-ballerina-3-bailarinas-x-30-bags\/#webpage\",\"url\":\"https:\/\/armonianaturaldietshop.com\/en\/product\/tea-3-ballerina-3-bailarinas-x-30-bags\/\",\"name\":\"T\u00e9a 3 Bailarinas - Armonia Natural Diet Shop - T\u00e9a 3 Bailarinas\",\"isPartOf\":{\"@id\":\"https:\/\/armonianaturaldietshop.com\/#website\"},\"primaryImageOfPage\":{\"@id\":\"https:\/\/armonianaturaldietshop.com\/en\/product\/tea-3-ballerina-3-bailarinas-x-30-bags\/#primaryimage\"},\"datePublished\":\"2018-01-28T21:43:22+00:00\",\"dateModified\":\"2025-09-23T13:38:56+00:00\",\"description\":\"T\u00e9a 3 Bailarinas El t\u00e9 verde es una bebida que ha sido\u00a0famosa por el tratamiento de numerosas\u00a0enfermedades como dolor de cabeza y\u00a0el c\u00e1ncer.\",\"breadcrumb\":{\"@id\":\"https:\/\/armonianaturaldietshop.com\/en\/product\/tea-3-ballerina-3-bailarinas-x-30-bags\/#breadcrumb\"},\"inLanguage\":\"en-US\",\"potentialAction\":[{\"@type\":\"ReadAction\",\"target\":[\"https:\/\/armonianaturaldietshop.com\/en\/product\/tea-3-ballerina-3-bailarinas-x-30-bags\/\"]}]},{\"@type\":\"BreadcrumbList\",\"@id\":\"https:\/\/armonianaturaldietshop.com\/en\/product\/tea-3-ballerina-3-bailarinas-x-30-bags\/#breadcrumb\",\"itemListElement\":[{\"@type\":\"ListItem\",\"position\":1,\"name\":\"Home\",\"item\":\"https:\/\/armonianaturaldietshop.com\/en\/\"},{\"@type\":\"ListItem\",\"position\":2,\"name\":\"Shop\",\"item\":\"https:\/\/armonianaturaldietshop.com\/en\/shop\/\"},{\"@type\":\"ListItem\",\"position\":3,\"name\":\"T\u00e9a 3 Bailarinas\"}]}]}<\/script>\n<!-- \/ Yoast SEO plugin. -->","yoast_head_json":{"title":"T\u00e9a 3 Bailarinas - Armonia Natural Diet Shop - T\u00e9a 3 Bailarinas","description":"T\u00e9a 3 Bailarinas El t\u00e9 verde es una bebida que ha sido\u00a0famosa por el tratamiento de numerosas\u00a0enfermedades como dolor de cabeza y\u00a0el c\u00e1ncer.","robots":{"index":"index","follow":"follow","max-snippet":"max-snippet:-1","max-image-preview":"max-image-preview:large","max-video-preview":"max-video-preview:-1"},"canonical":"https:\/\/armonianaturaldietshop.com\/en\/product\/tea-3-ballerina-3-bailarinas-x-30-bags\/","og_locale":"en_US","og_type":"article","og_title":"T\u00e9a 3 Bailarinas - Armonia Natural Diet Shop - T\u00e9a 3 Bailarinas","og_description":"T\u00e9a 3 Bailarinas El t\u00e9 verde es una bebida que ha sido\u00a0famosa por el tratamiento de numerosas\u00a0enfermedades como dolor de cabeza y\u00a0el c\u00e1ncer.","og_url":"https:\/\/armonianaturaldietshop.com\/en\/product\/tea-3-ballerina-3-bailarinas-x-30-bags\/","og_site_name":"Armonia Natural Diet Shop","article_publisher":"https:\/\/www.facebook.com\/ArmoniaNaturalDietShop\/","article_modified_time":"2025-09-23T13:38:56+00:00","og_image":[{"width":300,"height":300,"url":"https:\/\/armonianaturaldietshop.com\/wp-content\/uploads\/2018\/02\/tea-3-ballerina-3-bailarinas-x-30-bags_177.jpg","type":"image\/jpeg"}],"twitter_card":"summary_large_image","twitter_misc":{"Est. reading time":"2 minutes"},"schema":{"@context":"https:\/\/schema.org","@graph":[{"@type":"Organization","@id":"https:\/\/armonianaturaldietshop.com\/#organization","name":"Armonia Natural Diet Shop","url":"https:\/\/armonianaturaldietshop.com\/","sameAs":["https:\/\/www.facebook.com\/ArmoniaNaturalDietShop\/","https:\/\/www.instagram.com\/armonia.natural\/?hl=en"],"logo":{"@type":"ImageObject","@id":"https:\/\/armonianaturaldietshop.com\/#logo","inLanguage":"en-US","url":"https:\/\/armonianaturaldietshop.com\/wp-content\/uploads\/2018\/01\/top-banner-1.png","contentUrl":"https:\/\/armonianaturaldietshop.com\/wp-content\/uploads\/2018\/01\/top-banner-1.png","width":369,"height":116,"caption":"Armonia Natural Diet Shop"},"image":{"@id":"https:\/\/armonianaturaldietshop.com\/#logo"}},{"@type":"WebSite","@id":"https:\/\/armonianaturaldietshop.com\/#website","url":"https:\/\/armonianaturaldietshop.com\/","name":"Armonia Natural Diet Shop","description":"Otro sitio realizado con WordPress","publisher":{"@id":"https:\/\/armonianaturaldietshop.com\/#organization"},"potentialAction":[{"@type":"SearchAction","target":{"@type":"EntryPoint","urlTemplate":"https:\/\/armonianaturaldietshop.com\/?s={search_term_string}"},"query-input":"required name=search_term_string"}],"inLanguage":"en-US"},{"@type":"ImageObject","@id":"https:\/\/armonianaturaldietshop.com\/en\/product\/tea-3-ballerina-3-bailarinas-x-30-bags\/#primaryimage","inLanguage":"en-US","url":"https:\/\/armonianaturaldietshop.com\/wp-content\/uploads\/2018\/02\/tea-3-ballerina-3-bailarinas-x-30-bags_177.jpg","contentUrl":"https:\/\/armonianaturaldietshop.com\/wp-content\/uploads\/2018\/02\/tea-3-ballerina-3-bailarinas-x-30-bags_177.jpg","width":300,"height":300,"caption":"T\u00e9a 3 Bailarinas"},{"@type":"WebPage","@id":"https:\/\/armonianaturaldietshop.com\/en\/product\/tea-3-ballerina-3-bailarinas-x-30-bags\/#webpage","url":"https:\/\/armonianaturaldietshop.com\/en\/product\/tea-3-ballerina-3-bailarinas-x-30-bags\/","name":"T\u00e9a 3 Bailarinas - Armonia Natural Diet Shop - T\u00e9a 3 Bailarinas","isPartOf":{"@id":"https:\/\/armonianaturaldietshop.com\/#website"},"primaryImageOfPage":{"@id":"https:\/\/armonianaturaldietshop.com\/en\/product\/tea-3-ballerina-3-bailarinas-x-30-bags\/#primaryimage"},"datePublished":"2018-01-28T21:43:22+00:00","dateModified":"2025-09-23T13:38:56+00:00","description":"T\u00e9a 3 Bailarinas El t\u00e9 verde es una bebida que ha sido\u00a0famosa por el tratamiento de numerosas\u00a0enfermedades como dolor de cabeza y\u00a0el c\u00e1ncer.","breadcrumb":{"@id":"https:\/\/armonianaturaldietshop.com\/en\/product\/tea-3-ballerina-3-bailarinas-x-30-bags\/#breadcrumb"},"inLanguage":"en-US","potentialAction":[{"@type":"ReadAction","target":["https:\/\/armonianaturaldietshop.com\/en\/product\/tea-3-ballerina-3-bailarinas-x-30-bags\/"]}]},{"@type":"BreadcrumbList","@id":"https:\/\/armonianaturaldietshop.com\/en\/product\/tea-3-ballerina-3-bailarinas-x-30-bags\/#breadcrumb","itemListElement":[{"@type":"ListItem","position":1,"name":"Home","item":"https:\/\/armonianaturaldietshop.com\/en\/"},{"@type":"ListItem","position":2,"name":"Shop","item":"https:\/\/armonianaturaldietshop.com\/en\/shop\/"},{"@type":"ListItem","position":3,"name":"T\u00e9a 3 Bailarinas"}]}]}},"_links":{"self":[{"href":"https:\/\/armonianaturaldietshop.com\/en\/wp-json\/wp\/v2\/product\/1709"}],"collection":[{"href":"https:\/\/armonianaturaldietshop.com\/en\/wp-json\/wp\/v2\/product"}],"about":[{"href":"https:\/\/armonianaturaldietshop.com\/en\/wp-json\/wp\/v2\/types\/product"}],"replies":[{"embeddable":true,"href":"https:\/\/armonianaturaldietshop.com\/en\/wp-json\/wp\/v2\/comments?post=1709"}],"wp:featuredmedia":[{"embeddable":true,"href":"https:\/\/armonianaturaldietshop.com\/en\/wp-json\/wp\/v2\/media\/679"}],"wp:attachment":[{"href":"https:\/\/armonianaturaldietshop.com\/en\/wp-json\/wp\/v2\/media?parent=1709"}],"wp:term":[{"taxonomy":"product_cat","embeddable":true,"href":"https:\/\/armonianaturaldietshop.com\/en\/wp-json\/wp\/v2\/product_cat?post=1709"},{"taxonomy":"product_tag","embeddable":true,"href":"https:\/\/armonianaturaldietshop.com\/en\/wp-json\/wp\/v2\/product_tag?post=1709"}],"curies":[{"name":"wp","href":"https:\/\/api.w.org\/{rel}","templated":true}]}}