{"id":1710,"date":"2018-01-28T21:43:21","date_gmt":"2018-01-28T21:43:21","guid":{"rendered":"http:\/\/armonianaturaldietshop.com\/product\/syntha-6-isolate-proteina-vainilla-2lbs\/"},"modified":"2018-07-13T23:55:42","modified_gmt":"2018-07-13T23:55:42","slug":"syntha-6-isolate-proteina-vainilla-2lbs","status":"publish","type":"product","link":"https:\/\/armonianaturaldietshop.com\/en\/product\/syntha-6-isolate-proteina-vainilla-2lbs\/","title":{"rendered":"Syntha-6 isolate Proteina Vainilla 2lbs"},"content":{"rendered":"<p><span class=\"title\" style=\"font-weight: 300; letter-spacing: 0px; font-family: 'Open Sans', Arial, Helvetica, sans-serif; font-size: 17px; margin-bottom: 6px; display: block; margin-top: 0px; margin-right: 0px; margin-left: 0px;\">Descripci\u00f3n<\/span><\/p>\n<div><span style=\"font-size: 24pt;\"><span style=\"color: #0000cd;\">SYNTHA-6 ISOLATE 2Lb<\/span>&nbsp;&#8211; BSN<\/span><\/div>\n<div>&nbsp;<\/div>\n<div><span style=\"font-size: 12pt;\">Mezcla 50:50 de prote\u00edna l\u00e1ctea de absorci\u00f3n lenta con aislado de prote\u00edna de suero de absorci\u00f3n r\u00e1pida<\/span><\/div>\n<div><span style=\"font-size: 12pt;\">Crecimiento muscular<\/span><\/div>\n<div><span style=\"font-size: 12pt;\">S\u00edntesis de Prote\u00ednas<\/span><\/div>\n<div><span style=\"font-size: 12pt;\">Recuperaci\u00f3n<\/span><\/div>\n<div><span style=\"font-size: 12pt;\">Nutrici\u00f3n<\/span><\/div>\n<div><span style=\"font-size: 12pt;\">Control de Peso<\/span><\/div>\n<div><span style=\"font-size: 12pt;\">BSN siempre ha estado a la vanguardia de la industria de suplementos nutricionales y deportivos durante la \u00faltima d\u00e9cada. Con una gama de productos de alta calidad y de gran sabor, no es de extra\u00f1ar que BSN (Body Nutrition Science) se haya convertido en una de las marcas m\u00e1s confiables en la actualidad. Lo que era extra\u00f1o hasta entonces, era la ausencia de una prote\u00edna simple, de r\u00e1pida absorci\u00f3n para despu\u00e9s del entrenamiento con pocos hidratos de carbono o grasas. Por ello BSN ha creado Syntha-6 Isolate.<\/span><\/div>\n<div>&nbsp;<\/div>\n<div><span style=\"font-size: 12pt;\"><span style=\"color: #0000cd;\">Syntha-6 Isolate<\/span>&nbsp;de BSN es una nueva versi\u00f3n de su popular serie Syntha-6, pero con 75% menos de grasa y un 50% menos de hidratos de carbono. Adem\u00e1s, utiliza una mezcla \u00fanica de prote\u00ednas de absorci\u00f3n lenta y r\u00e1pida para ayudar a conseguir la mejor recuperaci\u00f3n y mejorar la capacidad de construcci\u00f3n del m\u00fasculo.<\/span><\/div>\n<div>&nbsp;<\/div>\n<div><span style=\"font-size: 12pt;\">Syntha-6 Aislada de BSN viene con varias novedades respecto a la f\u00f3rmula original Syntha-6, incluyendo:<\/span><\/div>\n<div><span style=\"font-size: 12pt;\">Isolast \u2122 Matrix Protein: Una mezcla 50:50 de prote\u00edna l\u00e1ctea de absorci\u00f3n lenta con aislado de prote\u00edna de suero, lo que ayudar\u00e1 a proporcionar una liberaci\u00f3n sostenida y prolongada de los amino\u00e1cidos en el cuerpo. Un suministro constante de prote\u00edna significa constante s\u00edntesis de prote\u00ednas musculares, manteniendo un estado anab\u00f3lico durante m\u00e1s tiempo.<\/span><\/div>\n<div><span style=\"font-size: 12pt;\">Es baja en carbohidratos y contenido en grasa: Una disminuci\u00f3n del 75% en la cantidad de grasa y 50% de disminuci\u00f3n en hidratos de carbono hace que BSN&nbsp;<span style=\"color: #0000cd;\">Syntha-6 isolate<\/span>&nbsp;ser\u00e1 una mezcla de prote\u00edna perfecta para utilizar como sustitutivo de una comida o merienda y est\u00e1 indicada para cualquier persona que siga una fase de definici\u00f3n muscular. Con menos carbohidratos, menos grasa y menos calor\u00edas, te ayudar\u00e1 a conseguir un f\u00edsico delgado y tonificado y una mejor composici\u00f3n del cuerpo. Adem\u00e1s, su bajo contenido en grasa facilita la digesti\u00f3n de las prote\u00ednas, un factor importante para conseguir el desarrollo muscular.<\/span><\/div>\n<div><span style=\"font-size: 12pt;\">Mezcla Alta en Fibra: Contiene una mezcla de fibras que incluyen polidextrosa y la inulina lo que puede ayudar a aumentar tu ingesta de fibra diaria y promover la salud intestinal.<\/span><\/div>\n<div><span style=\"font-size: 12pt;\">Gran sabor y mezclabilidad: Por el momento&nbsp;<span style=\"color: #0000cd;\">Syntha-6 Isolate&nbsp;<\/span>viene en 3 sabores oficiales, helado de vainilla, batido de chocolate y batido de fresa. Los tres sabores tienen la misma textura deliciosa, cremosa y el sabor de la original. El sabor no es muy dulce y tiene una consistencia espesa (aunque menos espesa que el original) con la cantidad recomendada de agua, por lo que algunos podr\u00edan considerar el uso de agua adicional. BSN&nbsp;<span style=\"color: #0000cd;\">Syntha-6 isolate<\/span>&nbsp;se mezcla muy bien, sin formaci\u00f3n de grumos o residuos tanto con agua como con leche. Si bien hay cierta espuma inicial, esto tiende a asentarse despu\u00e9s de un minuto o dos. El sabor delicioso de Syntha-6 aislada es incomparable con cualquier otro suplemento de prote\u00ednas, a pesar de tener menos de la mitad de las grasas y los carbohidratos de la original SYNTHA-6 \u2122.<\/span><\/div>\n<div>&nbsp;<\/div>\n<div><span style=\"font-size: 12pt;\">Una porci\u00f3n de 38g tde Syntha-6 Isolate contiene:<\/span><\/div>\n<div><span style=\"font-size: 12pt;\">140 Calor\u00edas<\/span><\/div>\n<div><span style=\"font-size: 12pt;\">25g de Prote\u00edna<\/span><\/div>\n<div><span style=\"font-size: 12pt;\">7 g de carbohidratos<\/span><\/div>\n<div><span style=\"font-size: 12pt;\">1,5 g de grasa<\/span><\/div>\n<div>&nbsp;<\/div>\n<div><span style=\"font-size: 12pt;\">Con una mezcla ergog\u00e9nico de amino\u00e1cidos esenciales y amino\u00e1cidos de cadena ramificada con una baja cantidad de hidratos de carbono y grasas,&nbsp;<span style=\"color: #0000cd;\">Syntha-6 Isolate<\/span>&nbsp;BSN es la prote\u00edna perfecta para aquellos que anhelan la masa muscular magra y es una prote\u00edna excelente para promover la recuperaci\u00f3n. Tambi\u00e9n es ideal en una fase de definici\u00f3n debido a su fuerte disponibilidad de prote\u00ednas con una m\u00ednima cantidad de calor\u00edas. Syntha-6 \u2122 aislada es tambi\u00e9n perfecta para usar entre comidas o antes de acostarse.<\/span><\/div>\n<div><span style=\"font-size: 12pt;\">BSN Syntha-6 Aislar tambi\u00e9n combina bien con los \u00faltimos productos BSN, HyperFX y EvoTest para proporcionar un potencial anab\u00f3lico sin precedentes.<\/span><\/div>\n<div>&nbsp;<\/div>\n<div><span style=\"font-size: 12pt;\">Si est\u00e1s buscando un suplemento proteico con un perfil innovador, adaptable y sabor inigualable, no busques m\u00e1s all\u00e1 de&nbsp;<span style=\"color: #0000cd;\">SYNTHA-6 \u2122 ISOLATE&nbsp;<\/span>de BSN\u00ae.<\/span><\/div>\n<div>&nbsp;<\/div>\n<div><span style=\"font-size: 12pt;\">Modo de utilizaci\u00f3n de Syntha-6 Isolate<\/span><\/div>\n<div><span style=\"font-size: 12pt;\">Tomar 1 cucharada con 113-170ml de agua fr\u00eda o cualquier bebida a elegir. Para aumentar la ingesta de prote\u00edna por porci\u00f3n y para lograr un sabor incre\u00edble, usa leche descremada o baja en grasa.<\/span><\/div>\n<div>&nbsp;<\/div>\n<div><span style=\"font-size: 12pt;\">Presentaci\u00f3n de Syntha-6 Isolate<\/span><\/div>\n<div><span style=\"font-size: 12pt;\">Envase de 2Lbs<\/span><\/div>\n","protected":false},"excerpt":{"rendered":"<p>Prote\u00edna de la matriz ofrece una mezcla de prote\u00ednas de r\u00e1pida y lenta liberaci\u00f3n que promueve un ritmo moderado liberaci\u00f3n de amino\u00e1cidos para alimentar los m\u00fasculos activos. * Beber SYNTHA-6 \u2122 AISLAR proporciona los beneficios de liberaci\u00f3n r\u00e1pida del suero y la liberaci\u00f3n prolongada de amino\u00e1cidos de la case\u00edna por el movimiento de la recuperaci\u00f3n final post-entrenamiento.<\/p>\n","protected":false},"featured_media":681,"comment_status":"open","ping_status":"closed","template":"","meta":[],"product_cat":[40,29],"product_tag":[],"acf":[],"yoast_head":"<!-- This site is optimized with the Yoast SEO plugin v18.5.1 - https:\/\/yoast.com\/wordpress\/plugins\/seo\/ -->\n<title>Syntha-6 isolate Proteina Vainilla 2lbs - Armonia Natural Diet Shop<\/title>\n<meta name=\"robots\" content=\"index, follow, max-snippet:-1, max-image-preview:large, max-video-preview:-1\" \/>\n<link rel=\"canonical\" href=\"https:\/\/armonianaturaldietshop.com\/en\/product\/syntha-6-isolate-proteina-vainilla-2lbs\/\" \/>\n<meta property=\"og:locale\" content=\"en_US\" \/>\n<meta property=\"og:type\" content=\"article\" \/>\n<meta property=\"og:title\" content=\"Syntha-6 isolate Proteina Vainilla 2lbs - Armonia Natural Diet Shop\" \/>\n<meta property=\"og:description\" content=\"Prote\u00edna de la matriz ofrece una mezcla de prote\u00ednas de r\u00e1pida y lenta liberaci\u00f3n que promueve un ritmo moderado liberaci\u00f3n de amino\u00e1cidos para alimentar los m\u00fasculos activos. * Beber SYNTHA-6 \u2122 AISLAR proporciona los beneficios de liberaci\u00f3n r\u00e1pida del suero y la liberaci\u00f3n prolongada de amino\u00e1cidos de la case\u00edna por el movimiento de la recuperaci\u00f3n final post-entrenamiento.\" \/>\n<meta property=\"og:url\" content=\"https:\/\/armonianaturaldietshop.com\/en\/product\/syntha-6-isolate-proteina-vainilla-2lbs\/\" \/>\n<meta property=\"og:site_name\" content=\"Armonia Natural Diet Shop\" \/>\n<meta property=\"article:publisher\" content=\"https:\/\/www.facebook.com\/ArmoniaNaturalDietShop\/\" \/>\n<meta property=\"article:modified_time\" content=\"2018-07-13T23:55:42+00:00\" \/>\n<meta property=\"og:image\" content=\"https:\/\/armonianaturaldietshop.com\/wp-content\/uploads\/2018\/02\/syntha-6-isolate-proteina-vainilla-2lbs_185.jpg\" \/>\n\t<meta property=\"og:image:width\" content=\"320\" \/>\n\t<meta property=\"og:image:height\" content=\"320\" \/>\n\t<meta property=\"og:image:type\" content=\"image\/jpeg\" \/>\n<meta name=\"twitter:card\" content=\"summary_large_image\" \/>\n<meta name=\"twitter:label1\" content=\"Est. reading time\" \/>\n\t<meta name=\"twitter:data1\" content=\"4 minutes\" \/>\n<script type=\"application\/ld+json\" class=\"yoast-schema-graph\">{\"@context\":\"https:\/\/schema.org\",\"@graph\":[{\"@type\":\"Organization\",\"@id\":\"https:\/\/armonianaturaldietshop.com\/#organization\",\"name\":\"Armonia Natural Diet Shop\",\"url\":\"https:\/\/armonianaturaldietshop.com\/\",\"sameAs\":[\"https:\/\/www.facebook.com\/ArmoniaNaturalDietShop\/\",\"https:\/\/www.instagram.com\/armonia.natural\/?hl=en\"],\"logo\":{\"@type\":\"ImageObject\",\"@id\":\"https:\/\/armonianaturaldietshop.com\/#logo\",\"inLanguage\":\"en-US\",\"url\":\"https:\/\/armonianaturaldietshop.com\/wp-content\/uploads\/2018\/01\/top-banner-1.png\",\"contentUrl\":\"https:\/\/armonianaturaldietshop.com\/wp-content\/uploads\/2018\/01\/top-banner-1.png\",\"width\":369,\"height\":116,\"caption\":\"Armonia Natural Diet Shop\"},\"image\":{\"@id\":\"https:\/\/armonianaturaldietshop.com\/#logo\"}},{\"@type\":\"WebSite\",\"@id\":\"https:\/\/armonianaturaldietshop.com\/#website\",\"url\":\"https:\/\/armonianaturaldietshop.com\/\",\"name\":\"Armonia Natural Diet Shop\",\"description\":\"Otro sitio realizado con WordPress\",\"publisher\":{\"@id\":\"https:\/\/armonianaturaldietshop.com\/#organization\"},\"potentialAction\":[{\"@type\":\"SearchAction\",\"target\":{\"@type\":\"EntryPoint\",\"urlTemplate\":\"https:\/\/armonianaturaldietshop.com\/?s={search_term_string}\"},\"query-input\":\"required name=search_term_string\"}],\"inLanguage\":\"en-US\"},{\"@type\":\"ImageObject\",\"@id\":\"https:\/\/armonianaturaldietshop.com\/en\/product\/syntha-6-isolate-proteina-vainilla-2lbs\/#primaryimage\",\"inLanguage\":\"en-US\",\"url\":\"https:\/\/armonianaturaldietshop.com\/wp-content\/uploads\/2018\/02\/syntha-6-isolate-proteina-vainilla-2lbs_185.jpg\",\"contentUrl\":\"https:\/\/armonianaturaldietshop.com\/wp-content\/uploads\/2018\/02\/syntha-6-isolate-proteina-vainilla-2lbs_185.jpg\",\"width\":320,\"height\":320},{\"@type\":\"WebPage\",\"@id\":\"https:\/\/armonianaturaldietshop.com\/en\/product\/syntha-6-isolate-proteina-vainilla-2lbs\/#webpage\",\"url\":\"https:\/\/armonianaturaldietshop.com\/en\/product\/syntha-6-isolate-proteina-vainilla-2lbs\/\",\"name\":\"Syntha-6 isolate Proteina Vainilla 2lbs - Armonia Natural Diet Shop\",\"isPartOf\":{\"@id\":\"https:\/\/armonianaturaldietshop.com\/#website\"},\"primaryImageOfPage\":{\"@id\":\"https:\/\/armonianaturaldietshop.com\/en\/product\/syntha-6-isolate-proteina-vainilla-2lbs\/#primaryimage\"},\"datePublished\":\"2018-01-28T21:43:21+00:00\",\"dateModified\":\"2018-07-13T23:55:42+00:00\",\"breadcrumb\":{\"@id\":\"https:\/\/armonianaturaldietshop.com\/en\/product\/syntha-6-isolate-proteina-vainilla-2lbs\/#breadcrumb\"},\"inLanguage\":\"en-US\",\"potentialAction\":[{\"@type\":\"ReadAction\",\"target\":[\"https:\/\/armonianaturaldietshop.com\/en\/product\/syntha-6-isolate-proteina-vainilla-2lbs\/\"]}]},{\"@type\":\"BreadcrumbList\",\"@id\":\"https:\/\/armonianaturaldietshop.com\/en\/product\/syntha-6-isolate-proteina-vainilla-2lbs\/#breadcrumb\",\"itemListElement\":[{\"@type\":\"ListItem\",\"position\":1,\"name\":\"Home\",\"item\":\"https:\/\/armonianaturaldietshop.com\/en\/\"},{\"@type\":\"ListItem\",\"position\":2,\"name\":\"Shop\",\"item\":\"https:\/\/armonianaturaldietshop.com\/en\/shop\/\"},{\"@type\":\"ListItem\",\"position\":3,\"name\":\"Syntha-6 isolate Proteina Vainilla 2lbs\"}]}]}<\/script>\n<!-- \/ Yoast SEO plugin. -->","yoast_head_json":{"title":"Syntha-6 isolate Proteina Vainilla 2lbs - Armonia Natural Diet Shop","robots":{"index":"index","follow":"follow","max-snippet":"max-snippet:-1","max-image-preview":"max-image-preview:large","max-video-preview":"max-video-preview:-1"},"canonical":"https:\/\/armonianaturaldietshop.com\/en\/product\/syntha-6-isolate-proteina-vainilla-2lbs\/","og_locale":"en_US","og_type":"article","og_title":"Syntha-6 isolate Proteina Vainilla 2lbs - Armonia Natural Diet Shop","og_description":"Prote\u00edna de la matriz ofrece una mezcla de prote\u00ednas de r\u00e1pida y lenta liberaci\u00f3n que promueve un ritmo moderado liberaci\u00f3n de amino\u00e1cidos para alimentar los m\u00fasculos activos. * Beber SYNTHA-6 \u2122 AISLAR proporciona los beneficios de liberaci\u00f3n r\u00e1pida del suero y la liberaci\u00f3n prolongada de amino\u00e1cidos de la case\u00edna por el movimiento de la recuperaci\u00f3n final post-entrenamiento.","og_url":"https:\/\/armonianaturaldietshop.com\/en\/product\/syntha-6-isolate-proteina-vainilla-2lbs\/","og_site_name":"Armonia Natural Diet Shop","article_publisher":"https:\/\/www.facebook.com\/ArmoniaNaturalDietShop\/","article_modified_time":"2018-07-13T23:55:42+00:00","og_image":[{"width":320,"height":320,"url":"https:\/\/armonianaturaldietshop.com\/wp-content\/uploads\/2018\/02\/syntha-6-isolate-proteina-vainilla-2lbs_185.jpg","type":"image\/jpeg"}],"twitter_card":"summary_large_image","twitter_misc":{"Est. reading time":"4 minutes"},"schema":{"@context":"https:\/\/schema.org","@graph":[{"@type":"Organization","@id":"https:\/\/armonianaturaldietshop.com\/#organization","name":"Armonia Natural Diet Shop","url":"https:\/\/armonianaturaldietshop.com\/","sameAs":["https:\/\/www.facebook.com\/ArmoniaNaturalDietShop\/","https:\/\/www.instagram.com\/armonia.natural\/?hl=en"],"logo":{"@type":"ImageObject","@id":"https:\/\/armonianaturaldietshop.com\/#logo","inLanguage":"en-US","url":"https:\/\/armonianaturaldietshop.com\/wp-content\/uploads\/2018\/01\/top-banner-1.png","contentUrl":"https:\/\/armonianaturaldietshop.com\/wp-content\/uploads\/2018\/01\/top-banner-1.png","width":369,"height":116,"caption":"Armonia Natural Diet Shop"},"image":{"@id":"https:\/\/armonianaturaldietshop.com\/#logo"}},{"@type":"WebSite","@id":"https:\/\/armonianaturaldietshop.com\/#website","url":"https:\/\/armonianaturaldietshop.com\/","name":"Armonia Natural Diet Shop","description":"Otro sitio realizado con WordPress","publisher":{"@id":"https:\/\/armonianaturaldietshop.com\/#organization"},"potentialAction":[{"@type":"SearchAction","target":{"@type":"EntryPoint","urlTemplate":"https:\/\/armonianaturaldietshop.com\/?s={search_term_string}"},"query-input":"required name=search_term_string"}],"inLanguage":"en-US"},{"@type":"ImageObject","@id":"https:\/\/armonianaturaldietshop.com\/en\/product\/syntha-6-isolate-proteina-vainilla-2lbs\/#primaryimage","inLanguage":"en-US","url":"https:\/\/armonianaturaldietshop.com\/wp-content\/uploads\/2018\/02\/syntha-6-isolate-proteina-vainilla-2lbs_185.jpg","contentUrl":"https:\/\/armonianaturaldietshop.com\/wp-content\/uploads\/2018\/02\/syntha-6-isolate-proteina-vainilla-2lbs_185.jpg","width":320,"height":320},{"@type":"WebPage","@id":"https:\/\/armonianaturaldietshop.com\/en\/product\/syntha-6-isolate-proteina-vainilla-2lbs\/#webpage","url":"https:\/\/armonianaturaldietshop.com\/en\/product\/syntha-6-isolate-proteina-vainilla-2lbs\/","name":"Syntha-6 isolate Proteina Vainilla 2lbs - Armonia Natural Diet Shop","isPartOf":{"@id":"https:\/\/armonianaturaldietshop.com\/#website"},"primaryImageOfPage":{"@id":"https:\/\/armonianaturaldietshop.com\/en\/product\/syntha-6-isolate-proteina-vainilla-2lbs\/#primaryimage"},"datePublished":"2018-01-28T21:43:21+00:00","dateModified":"2018-07-13T23:55:42+00:00","breadcrumb":{"@id":"https:\/\/armonianaturaldietshop.com\/en\/product\/syntha-6-isolate-proteina-vainilla-2lbs\/#breadcrumb"},"inLanguage":"en-US","potentialAction":[{"@type":"ReadAction","target":["https:\/\/armonianaturaldietshop.com\/en\/product\/syntha-6-isolate-proteina-vainilla-2lbs\/"]}]},{"@type":"BreadcrumbList","@id":"https:\/\/armonianaturaldietshop.com\/en\/product\/syntha-6-isolate-proteina-vainilla-2lbs\/#breadcrumb","itemListElement":[{"@type":"ListItem","position":1,"name":"Home","item":"https:\/\/armonianaturaldietshop.com\/en\/"},{"@type":"ListItem","position":2,"name":"Shop","item":"https:\/\/armonianaturaldietshop.com\/en\/shop\/"},{"@type":"ListItem","position":3,"name":"Syntha-6 isolate Proteina Vainilla 2lbs"}]}]}},"_links":{"self":[{"href":"https:\/\/armonianaturaldietshop.com\/en\/wp-json\/wp\/v2\/product\/1710"}],"collection":[{"href":"https:\/\/armonianaturaldietshop.com\/en\/wp-json\/wp\/v2\/product"}],"about":[{"href":"https:\/\/armonianaturaldietshop.com\/en\/wp-json\/wp\/v2\/types\/product"}],"replies":[{"embeddable":true,"href":"https:\/\/armonianaturaldietshop.com\/en\/wp-json\/wp\/v2\/comments?post=1710"}],"wp:featuredmedia":[{"embeddable":true,"href":"https:\/\/armonianaturaldietshop.com\/en\/wp-json\/wp\/v2\/media\/681"}],"wp:attachment":[{"href":"https:\/\/armonianaturaldietshop.com\/en\/wp-json\/wp\/v2\/media?parent=1710"}],"wp:term":[{"taxonomy":"product_cat","embeddable":true,"href":"https:\/\/armonianaturaldietshop.com\/en\/wp-json\/wp\/v2\/product_cat?post=1710"},{"taxonomy":"product_tag","embeddable":true,"href":"https:\/\/armonianaturaldietshop.com\/en\/wp-json\/wp\/v2\/product_tag?post=1710"}],"curies":[{"name":"wp","href":"https:\/\/api.w.org\/{rel}","templated":true}]}}