{"id":1711,"date":"2018-01-28T21:43:21","date_gmt":"2018-01-28T21:43:21","guid":{"rendered":"http:\/\/armonianaturaldietshop.com\/product\/te-badia-x-25-sobres\/"},"modified":"2024-01-16T15:31:24","modified_gmt":"2024-01-16T15:31:24","slug":"te-badia-x-25-sobres","status":"publish","type":"product","link":"https:\/\/armonianaturaldietshop.com\/en\/product\/te-badia-x-25-sobres\/","title":{"rendered":"T\u00e9 Badia x25 sobres"},"content":{"rendered":"<h1 style=\"text-align: center;\"><strong>T\u00e9 Badia x25 sobres<\/strong><\/h1>\n<p>&nbsp;<\/p>\n<p><strong>T\u00e9 Badia x25 sobres es:<\/strong><br \/>\nBadia <a href=\"https:\/\/armonianaturaldietshop.com\/product\/te-divina-detox\/\">t\u00e9<\/a> de hierbas naturales es libre de cafe\u00edna, y un t\u00e9 natural de adelgazamiento. Esta <a href=\"https:\/\/es.wikipedia.org\/wiki\/Bolsita_de_t%C3%A9\">bolsita de infusi\u00f3n<\/a> se le atribuyen propiedades digestivas, as\u00ed como ayudar en la eliminaci\u00f3n de toxinas.<\/p>\n<p>&nbsp;<\/p>\n<p><strong>Beneficios de T\u00e9 Hierbas Naturales de Badia<\/strong><\/p>\n<p>\u00b7\u00a0\u00a0\u00a0\u00a0\u00a0\u00a0\u00a0\u00a0 Ayuda a adelgazar<br \/>\n\u00b7\u00a0\u00a0\u00a0\u00a0\u00a0\u00a0\u00a0\u00a0 Ayuda a eliminar toxinas<br \/>\n\u00b7\u00a0\u00a0\u00a0\u00a0\u00a0\u00a0\u00a0\u00a0 mejora la funci\u00f3n celular de su organismo<br \/>\n\u00b7\u00a0\u00a0\u00a0\u00a0\u00a0\u00a0\u00a0\u00a0 ayuda a subir la moral<br \/>\n\u00b7\u00a0\u00a0\u00a0\u00a0\u00a0\u00a0\u00a0\u00a0 estimula la combusti\u00f3n de las grasas<\/p>\n<p>&nbsp;<\/p>\n<p>Puede ayudar a quemar hasta 70 calorias al dia<br \/>\nTener este t\u00e9 despu\u00e9s de una comida de la cena no s\u00f3lo proporcionar\u00e1 una experiencia relajante, pero tambi\u00e9n puede ser \u00fatil para mantener el cuerpo delgado y saludable.<\/p>\n<p>&nbsp;<\/p>\n<p><strong>Instrucciones de T\u00e9 Hierbas Naturales de Badia<\/strong><br \/>\nBeba una taza diaria. Use una bolsa por cada taza de agua hirviendo, dejar reposar durante 5 minutos. Endulzar con miel.<\/p>\n<p>&nbsp;<\/p>\n<p><strong>Contraindicaciones de T\u00e9 Hierbas Naturales de Badia<\/strong><br \/>\nNo beba si est\u00e1 embarazada o amamantando.<\/p>\n<p>&nbsp;<\/p>\n<p><strong>Ingredientes de T\u00e9 Hierbas Naturales de Badia<\/strong><br \/>\n100% de Cassia acutifolia.<\/p>\n<p>A este t\u00e9 compuesto de una amplia variedad de hierbas y flores se le atribuyen propiedades laxativas que permiten una sana digesti\u00f3n y colaboran en la eliminaci\u00f3n de toxinas; por ello, adem\u00e1s de dar un gusto placentero al finalizar la comida, la tisana preparada con esta mezcla ayuda a mantener una figura esbelta y sana.<\/p>\n","protected":false},"excerpt":{"rendered":"<p>Badia t\u00e9 de hierbas naturales es libre de cafe\u00edna, y un t\u00e9 natural de adelgazamiento. Esta bolsita de infusi\u00f3n se le atribuyen propiedades digestivas, as\u00ed como ayudar en la eliminaci\u00f3n de toxinas.<\/p>\n","protected":false},"featured_media":8940,"comment_status":"open","ping_status":"closed","template":"","meta":[],"product_cat":[47,31],"product_tag":[],"acf":[],"yoast_head":"<!-- This site is optimized with the Yoast SEO plugin v18.5.1 - https:\/\/yoast.com\/wordpress\/plugins\/seo\/ -->\n<title>T\u00e9 Badia x25 sobres - Armonia Natural Diet Shop .<\/title>\n<meta name=\"description\" content=\"T\u00e9 Badia x25 sobres, se le atribuyen propiedades digestivas, como la eliminaci\u00f3n de toxinas de tu cuerpo y lo mantiene delgado y saludable.\" \/>\n<meta name=\"robots\" content=\"index, follow, max-snippet:-1, max-image-preview:large, max-video-preview:-1\" \/>\n<link rel=\"canonical\" href=\"https:\/\/armonianaturaldietshop.com\/product\/te-badia-x-25-sobres\/\" \/>\n<meta property=\"og:locale\" content=\"en_US\" \/>\n<meta property=\"og:type\" content=\"article\" \/>\n<meta property=\"og:title\" content=\"T\u00e9 Badia x25 sobres - Armonia Natural Diet Shop .\" \/>\n<meta property=\"og:description\" content=\"T\u00e9 Badia x25 sobres, se le atribuyen propiedades digestivas, como la eliminaci\u00f3n de toxinas de tu cuerpo y lo mantiene delgado y saludable.\" \/>\n<meta property=\"og:url\" content=\"https:\/\/armonianaturaldietshop.com\/product\/te-badia-x-25-sobres\/\" \/>\n<meta property=\"og:site_name\" content=\"Armonia Natural Diet Shop\" \/>\n<meta property=\"article:publisher\" content=\"https:\/\/www.facebook.com\/ArmoniaNaturalDietShop\/\" \/>\n<meta property=\"article:modified_time\" content=\"2024-01-16T15:31:24+00:00\" \/>\n<meta name=\"twitter:card\" content=\"summary_large_image\" \/>\n<meta name=\"twitter:image\" content=\"https:\/\/armonianaturaldietshop.com\/wp-content\/uploads\/2018\/01\/D_NQ_NP_839846-MCO70309572421_072023-O.webp\" \/>\n<meta name=\"twitter:label1\" content=\"Est. reading time\" \/>\n\t<meta name=\"twitter:data1\" content=\"1 minute\" \/>\n<script type=\"application\/ld+json\" class=\"yoast-schema-graph\">{\"@context\":\"https:\/\/schema.org\",\"@graph\":[{\"@type\":\"Organization\",\"@id\":\"https:\/\/armonianaturaldietshop.com\/#organization\",\"name\":\"Armonia Natural Diet Shop\",\"url\":\"https:\/\/armonianaturaldietshop.com\/\",\"sameAs\":[\"https:\/\/www.facebook.com\/ArmoniaNaturalDietShop\/\",\"https:\/\/www.instagram.com\/armonia.natural\/?hl=en\"],\"logo\":{\"@type\":\"ImageObject\",\"@id\":\"https:\/\/armonianaturaldietshop.com\/#logo\",\"inLanguage\":\"en-US\",\"url\":\"https:\/\/armonianaturaldietshop.com\/wp-content\/uploads\/2018\/01\/top-banner-1.png\",\"contentUrl\":\"https:\/\/armonianaturaldietshop.com\/wp-content\/uploads\/2018\/01\/top-banner-1.png\",\"width\":369,\"height\":116,\"caption\":\"Armonia Natural Diet Shop\"},\"image\":{\"@id\":\"https:\/\/armonianaturaldietshop.com\/#logo\"}},{\"@type\":\"WebSite\",\"@id\":\"https:\/\/armonianaturaldietshop.com\/#website\",\"url\":\"https:\/\/armonianaturaldietshop.com\/\",\"name\":\"Armonia Natural Diet Shop\",\"description\":\"Otro sitio realizado con WordPress\",\"publisher\":{\"@id\":\"https:\/\/armonianaturaldietshop.com\/#organization\"},\"potentialAction\":[{\"@type\":\"SearchAction\",\"target\":{\"@type\":\"EntryPoint\",\"urlTemplate\":\"https:\/\/armonianaturaldietshop.com\/?s={search_term_string}\"},\"query-input\":\"required name=search_term_string\"}],\"inLanguage\":\"en-US\"},{\"@type\":\"ImageObject\",\"@id\":\"https:\/\/armonianaturaldietshop.com\/product\/te-badia-x-25-sobres\/#primaryimage\",\"inLanguage\":\"en-US\",\"url\":\"https:\/\/armonianaturaldietshop.com\/wp-content\/uploads\/2018\/01\/D_NQ_NP_839846-MCO70309572421_072023-O.webp\",\"contentUrl\":\"https:\/\/armonianaturaldietshop.com\/wp-content\/uploads\/2018\/01\/D_NQ_NP_839846-MCO70309572421_072023-O.webp\",\"width\":500,\"height\":372,\"caption\":\"Te Badia\"},{\"@type\":\"WebPage\",\"@id\":\"https:\/\/armonianaturaldietshop.com\/product\/te-badia-x-25-sobres\/#webpage\",\"url\":\"https:\/\/armonianaturaldietshop.com\/product\/te-badia-x-25-sobres\/\",\"name\":\"T\u00e9 Badia x25 sobres - Armonia Natural Diet Shop .\",\"isPartOf\":{\"@id\":\"https:\/\/armonianaturaldietshop.com\/#website\"},\"primaryImageOfPage\":{\"@id\":\"https:\/\/armonianaturaldietshop.com\/product\/te-badia-x-25-sobres\/#primaryimage\"},\"datePublished\":\"2018-01-28T21:43:21+00:00\",\"dateModified\":\"2024-01-16T15:31:24+00:00\",\"description\":\"T\u00e9 Badia x25 sobres, se le atribuyen propiedades digestivas, como la eliminaci\u00f3n de toxinas de tu cuerpo y lo mantiene delgado y saludable.\",\"breadcrumb\":{\"@id\":\"https:\/\/armonianaturaldietshop.com\/product\/te-badia-x-25-sobres\/#breadcrumb\"},\"inLanguage\":\"en-US\",\"potentialAction\":[{\"@type\":\"ReadAction\",\"target\":[\"https:\/\/armonianaturaldietshop.com\/product\/te-badia-x-25-sobres\/\"]}]},{\"@type\":\"BreadcrumbList\",\"@id\":\"https:\/\/armonianaturaldietshop.com\/product\/te-badia-x-25-sobres\/#breadcrumb\",\"itemListElement\":[{\"@type\":\"ListItem\",\"position\":1,\"name\":\"Home\",\"item\":\"https:\/\/armonianaturaldietshop.com\/en\/\"},{\"@type\":\"ListItem\",\"position\":2,\"name\":\"Shop\",\"item\":\"https:\/\/armonianaturaldietshop.com\/en\/shop\/\"},{\"@type\":\"ListItem\",\"position\":3,\"name\":\"T\u00e9 Badia x25 sobres\"}]}]}<\/script>\n<!-- \/ Yoast SEO plugin. -->","yoast_head_json":{"title":"T\u00e9 Badia x25 sobres - Armonia Natural Diet Shop .","description":"T\u00e9 Badia x25 sobres, se le atribuyen propiedades digestivas, como la eliminaci\u00f3n de toxinas de tu cuerpo y lo mantiene delgado y saludable.","robots":{"index":"index","follow":"follow","max-snippet":"max-snippet:-1","max-image-preview":"max-image-preview:large","max-video-preview":"max-video-preview:-1"},"canonical":"https:\/\/armonianaturaldietshop.com\/product\/te-badia-x-25-sobres\/","og_locale":"en_US","og_type":"article","og_title":"T\u00e9 Badia x25 sobres - Armonia Natural Diet Shop .","og_description":"T\u00e9 Badia x25 sobres, se le atribuyen propiedades digestivas, como la eliminaci\u00f3n de toxinas de tu cuerpo y lo mantiene delgado y saludable.","og_url":"https:\/\/armonianaturaldietshop.com\/product\/te-badia-x-25-sobres\/","og_site_name":"Armonia Natural Diet Shop","article_publisher":"https:\/\/www.facebook.com\/ArmoniaNaturalDietShop\/","article_modified_time":"2024-01-16T15:31:24+00:00","twitter_card":"summary_large_image","twitter_image":"https:\/\/armonianaturaldietshop.com\/wp-content\/uploads\/2018\/01\/D_NQ_NP_839846-MCO70309572421_072023-O.webp","twitter_misc":{"Est. reading time":"1 minute"},"schema":{"@context":"https:\/\/schema.org","@graph":[{"@type":"Organization","@id":"https:\/\/armonianaturaldietshop.com\/#organization","name":"Armonia Natural Diet Shop","url":"https:\/\/armonianaturaldietshop.com\/","sameAs":["https:\/\/www.facebook.com\/ArmoniaNaturalDietShop\/","https:\/\/www.instagram.com\/armonia.natural\/?hl=en"],"logo":{"@type":"ImageObject","@id":"https:\/\/armonianaturaldietshop.com\/#logo","inLanguage":"en-US","url":"https:\/\/armonianaturaldietshop.com\/wp-content\/uploads\/2018\/01\/top-banner-1.png","contentUrl":"https:\/\/armonianaturaldietshop.com\/wp-content\/uploads\/2018\/01\/top-banner-1.png","width":369,"height":116,"caption":"Armonia Natural Diet Shop"},"image":{"@id":"https:\/\/armonianaturaldietshop.com\/#logo"}},{"@type":"WebSite","@id":"https:\/\/armonianaturaldietshop.com\/#website","url":"https:\/\/armonianaturaldietshop.com\/","name":"Armonia Natural Diet Shop","description":"Otro sitio realizado con WordPress","publisher":{"@id":"https:\/\/armonianaturaldietshop.com\/#organization"},"potentialAction":[{"@type":"SearchAction","target":{"@type":"EntryPoint","urlTemplate":"https:\/\/armonianaturaldietshop.com\/?s={search_term_string}"},"query-input":"required name=search_term_string"}],"inLanguage":"en-US"},{"@type":"ImageObject","@id":"https:\/\/armonianaturaldietshop.com\/product\/te-badia-x-25-sobres\/#primaryimage","inLanguage":"en-US","url":"https:\/\/armonianaturaldietshop.com\/wp-content\/uploads\/2018\/01\/D_NQ_NP_839846-MCO70309572421_072023-O.webp","contentUrl":"https:\/\/armonianaturaldietshop.com\/wp-content\/uploads\/2018\/01\/D_NQ_NP_839846-MCO70309572421_072023-O.webp","width":500,"height":372,"caption":"Te Badia"},{"@type":"WebPage","@id":"https:\/\/armonianaturaldietshop.com\/product\/te-badia-x-25-sobres\/#webpage","url":"https:\/\/armonianaturaldietshop.com\/product\/te-badia-x-25-sobres\/","name":"T\u00e9 Badia x25 sobres - Armonia Natural Diet Shop .","isPartOf":{"@id":"https:\/\/armonianaturaldietshop.com\/#website"},"primaryImageOfPage":{"@id":"https:\/\/armonianaturaldietshop.com\/product\/te-badia-x-25-sobres\/#primaryimage"},"datePublished":"2018-01-28T21:43:21+00:00","dateModified":"2024-01-16T15:31:24+00:00","description":"T\u00e9 Badia x25 sobres, se le atribuyen propiedades digestivas, como la eliminaci\u00f3n de toxinas de tu cuerpo y lo mantiene delgado y saludable.","breadcrumb":{"@id":"https:\/\/armonianaturaldietshop.com\/product\/te-badia-x-25-sobres\/#breadcrumb"},"inLanguage":"en-US","potentialAction":[{"@type":"ReadAction","target":["https:\/\/armonianaturaldietshop.com\/product\/te-badia-x-25-sobres\/"]}]},{"@type":"BreadcrumbList","@id":"https:\/\/armonianaturaldietshop.com\/product\/te-badia-x-25-sobres\/#breadcrumb","itemListElement":[{"@type":"ListItem","position":1,"name":"Home","item":"https:\/\/armonianaturaldietshop.com\/en\/"},{"@type":"ListItem","position":2,"name":"Shop","item":"https:\/\/armonianaturaldietshop.com\/en\/shop\/"},{"@type":"ListItem","position":3,"name":"T\u00e9 Badia x25 sobres"}]}]}},"_links":{"self":[{"href":"https:\/\/armonianaturaldietshop.com\/en\/wp-json\/wp\/v2\/product\/1711"}],"collection":[{"href":"https:\/\/armonianaturaldietshop.com\/en\/wp-json\/wp\/v2\/product"}],"about":[{"href":"https:\/\/armonianaturaldietshop.com\/en\/wp-json\/wp\/v2\/types\/product"}],"replies":[{"embeddable":true,"href":"https:\/\/armonianaturaldietshop.com\/en\/wp-json\/wp\/v2\/comments?post=1711"}],"wp:featuredmedia":[{"embeddable":true,"href":"https:\/\/armonianaturaldietshop.com\/en\/wp-json\/wp\/v2\/media\/8940"}],"wp:attachment":[{"href":"https:\/\/armonianaturaldietshop.com\/en\/wp-json\/wp\/v2\/media?parent=1711"}],"wp:term":[{"taxonomy":"product_cat","embeddable":true,"href":"https:\/\/armonianaturaldietshop.com\/en\/wp-json\/wp\/v2\/product_cat?post=1711"},{"taxonomy":"product_tag","embeddable":true,"href":"https:\/\/armonianaturaldietshop.com\/en\/wp-json\/wp\/v2\/product_tag?post=1711"}],"curies":[{"name":"wp","href":"https:\/\/api.w.org\/{rel}","templated":true}]}}