{"id":1725,"date":"2018-01-28T21:43:18","date_gmt":"2018-01-28T21:43:18","guid":{"rendered":"http:\/\/armonianaturaldietshop.com\/product\/slim-patch-parches-adelgazantes-x-30-unidades\/"},"modified":"2021-11-05T15:32:42","modified_gmt":"2021-11-05T15:32:42","slug":"slim-patch-parches-adelgazantes-x-30-unidades","status":"publish","type":"product","link":"https:\/\/armonianaturaldietshop.com\/en\/product\/slim-patch-parches-adelgazantes-x-30-unidades\/","title":{"rendered":"Slim  Patch &#8220;Parches Adelgazantes X 30&#8221;"},"content":{"rendered":"<p><span style=\"font-size: 12pt;\">Slim Patch &#8220;Parches Adelgazantes X 30&#8221;\u00a0 El<a href=\"https:\/\/www.hola.com\/estar-bien\/20190124136204\/parches-adelgazar-funcionan-gt\/\/\"> parche<\/a> para vientre plano Slim Patch le proporciona la manera m\u00e1s eficaz y m\u00e1s natural de perder el peso excedente de forma r\u00e1pida y natural.\u00a0Sin efedrina o cafe\u00edna y sin causar ning\u00fan efecto secundario o alergia.<\/span><\/p>\n<p><span style=\"font-size: 12pt;\">Slim Patch &#8220;Parches Adelgazantes X 30&#8221;\u00a0 El parche Slim Patch trabaja reduciendo el est\u00f3mago, como supresor de ansiedad y as\u00ed permite consumir menos alimentos, bajando sus calor\u00edas, acelerando su metabolismo, quemando la<a href=\"https:\/\/armonianaturaldietshop.com\/product\/fit9-sascha-fitness\/\"> grasa<\/a> y as\u00ed perder peso r\u00e1pidamente.<\/span><\/p>\n<p><span style=\"font-size: 12pt;\">Ingredientes:<\/span><br \/>\n<span style=\"font-size: 12pt;\">Semen Cassiae Torae<\/span><br \/>\n<span style=\"font-size: 12pt;\">Poria Cocos<\/span><br \/>\n<span style=\"font-size: 12pt;\">Maythorn<\/span><br \/>\n<span style=\"font-size: 12pt;\">Immature Bitter Orange<\/span><br \/>\n<span style=\"font-size: 12pt;\">Scutellaria Baicalensis<\/span><br \/>\n<span style=\"font-size: 12pt;\">Alisma Orientalis<\/span><br \/>\n<span style=\"font-size: 12pt;\">Angelica Sinensis<\/span><\/p>\n<p><span style=\"font-size: 12pt;\"><strong>Beneficios:<\/strong><\/span><br \/>\n<span style=\"font-size: 12pt;\">1. Ayuda a eliminar problemas de alergias donde se presentan flemas excesivas, ayuda a combatir el estre\u00f1imiento y de la obesidad simple.<\/span><\/p>\n<p><span style=\"font-size: 12pt;\">2. Eventualmente reduce y bloquea la absorci\u00f3n de la grasa, del az\u00facar y del almid\u00f3n.<\/span><\/p>\n<p><span style=\"font-size: 12pt;\">3. Ayuda a la eliminaci\u00f3n de grasa acumulada y ayuda a eliminar del cuerpo las toxinas acumuladas.<\/span><\/p>\n<p><span style=\"font-size: 12pt;\">4. Simplifica y ayuda a eliminar f\u00e1cilmente esos kilitos de m\u00e1s que por tanto tiempo intentaste perder y simplemente no pudiste.<\/span><\/p>\n<p><span style=\"font-size: 12pt;\">5. Lo pueden utilizar personas con diabetes,hipertension arterial, esclerosis, asm\u00e1ticas, menores de edad.<\/span><\/p>\n<p><span style=\"font-size: 12pt;\">6. No produce reacciones secundarias ni alergias.<\/span><\/p>\n<p><span style=\"font-size: 12pt;\"><strong>Recomendaciones:<\/strong><\/span><br \/>\n<span style=\"font-size: 12pt;\">No tomar caf\u00e9\u00a0<\/span><br \/>\n<span style=\"font-size: 12pt;\">No consumir alimentos muy condimentados<\/span><br \/>\n<span style=\"font-size: 12pt;\">No consumir alimentos con demasiadas calor\u00edas<\/span><br \/>\n<span style=\"font-size: 12pt;\">No comer nueces<\/span><br \/>\n<span style=\"font-size: 12pt;\">No se utilice en los d\u00edas de periodo menstrual<\/span><\/p>\n","protected":false},"excerpt":{"rendered":"<p>El parche para vientre plano Slim Patch le proporciona la manera m\u00e1s eficaz y m\u00e1s natural de perder el peso excedente de forma r\u00e1pida y natural. Sin efedrina o cafe\u00edna y sin causar ning\u00fan efecto secundario o alergia<\/p>\n","protected":false},"featured_media":737,"comment_status":"open","ping_status":"closed","template":"","meta":[],"product_cat":[32,49,47,31,29],"product_tag":[],"acf":[],"yoast_head":"<!-- This site is optimized with the Yoast SEO plugin v18.5.1 - https:\/\/yoast.com\/wordpress\/plugins\/seo\/ -->\n<title>Slim Patch &quot;Parches Adelgazantes X 30&quot; - Armonia Natural Diet Shop<\/title>\n<meta name=\"description\" content=\"Slim Patch &quot;Parches Adelgazantes X 30&quot; El parche para vientre plano Slim Patch el m\u00e1s eficaz y m\u00e1s natural de perder el peso\" \/>\n<meta name=\"robots\" content=\"index, follow, max-snippet:-1, max-image-preview:large, max-video-preview:-1\" \/>\n<link rel=\"canonical\" href=\"https:\/\/armonianaturaldietshop.com\/en\/product\/slim-patch-parches-adelgazantes-x-30-unidades\/\" \/>\n<meta property=\"og:locale\" content=\"en_US\" \/>\n<meta property=\"og:type\" content=\"article\" \/>\n<meta property=\"og:title\" content=\"Slim Patch &quot;Parches Adelgazantes X 30&quot; - Armonia Natural Diet Shop\" \/>\n<meta property=\"og:description\" content=\"Slim Patch &quot;Parches Adelgazantes X 30&quot; El parche para vientre plano Slim Patch el m\u00e1s eficaz y m\u00e1s natural de perder el peso\" \/>\n<meta property=\"og:url\" content=\"https:\/\/armonianaturaldietshop.com\/en\/product\/slim-patch-parches-adelgazantes-x-30-unidades\/\" \/>\n<meta property=\"og:site_name\" content=\"Armonia Natural Diet Shop\" \/>\n<meta property=\"article:publisher\" content=\"https:\/\/www.facebook.com\/ArmoniaNaturalDietShop\/\" \/>\n<meta property=\"article:modified_time\" content=\"2021-11-05T15:32:42+00:00\" \/>\n<meta property=\"og:image\" content=\"https:\/\/armonianaturaldietshop.com\/wp-content\/uploads\/2018\/02\/slim-patch-parches-adelgazantes-x-30-unidades_310.jpg\" \/>\n\t<meta property=\"og:image:width\" content=\"490\" \/>\n\t<meta property=\"og:image:height\" content=\"280\" \/>\n\t<meta property=\"og:image:type\" content=\"image\/jpeg\" \/>\n<meta name=\"twitter:card\" content=\"summary_large_image\" \/>\n<meta name=\"twitter:label1\" content=\"Est. reading time\" \/>\n\t<meta name=\"twitter:data1\" content=\"1 minute\" \/>\n<script type=\"application\/ld+json\" class=\"yoast-schema-graph\">{\"@context\":\"https:\/\/schema.org\",\"@graph\":[{\"@type\":\"Organization\",\"@id\":\"https:\/\/armonianaturaldietshop.com\/#organization\",\"name\":\"Armonia Natural Diet Shop\",\"url\":\"https:\/\/armonianaturaldietshop.com\/\",\"sameAs\":[\"https:\/\/www.facebook.com\/ArmoniaNaturalDietShop\/\",\"https:\/\/www.instagram.com\/armonia.natural\/?hl=en\"],\"logo\":{\"@type\":\"ImageObject\",\"@id\":\"https:\/\/armonianaturaldietshop.com\/#logo\",\"inLanguage\":\"en-US\",\"url\":\"https:\/\/armonianaturaldietshop.com\/wp-content\/uploads\/2018\/01\/top-banner-1.png\",\"contentUrl\":\"https:\/\/armonianaturaldietshop.com\/wp-content\/uploads\/2018\/01\/top-banner-1.png\",\"width\":369,\"height\":116,\"caption\":\"Armonia Natural Diet Shop\"},\"image\":{\"@id\":\"https:\/\/armonianaturaldietshop.com\/#logo\"}},{\"@type\":\"WebSite\",\"@id\":\"https:\/\/armonianaturaldietshop.com\/#website\",\"url\":\"https:\/\/armonianaturaldietshop.com\/\",\"name\":\"Armonia Natural Diet Shop\",\"description\":\"Otro sitio realizado con WordPress\",\"publisher\":{\"@id\":\"https:\/\/armonianaturaldietshop.com\/#organization\"},\"potentialAction\":[{\"@type\":\"SearchAction\",\"target\":{\"@type\":\"EntryPoint\",\"urlTemplate\":\"https:\/\/armonianaturaldietshop.com\/?s={search_term_string}\"},\"query-input\":\"required name=search_term_string\"}],\"inLanguage\":\"en-US\"},{\"@type\":\"ImageObject\",\"@id\":\"https:\/\/armonianaturaldietshop.com\/en\/product\/slim-patch-parches-adelgazantes-x-30-unidades\/#primaryimage\",\"inLanguage\":\"en-US\",\"url\":\"https:\/\/armonianaturaldietshop.com\/wp-content\/uploads\/2018\/02\/slim-patch-parches-adelgazantes-x-30-unidades_310.jpg\",\"contentUrl\":\"https:\/\/armonianaturaldietshop.com\/wp-content\/uploads\/2018\/02\/slim-patch-parches-adelgazantes-x-30-unidades_310.jpg\",\"width\":490,\"height\":280,\"caption\":\"Slim Patch \\\"Parches Adelgazantes X 30\\\"\"},{\"@type\":\"WebPage\",\"@id\":\"https:\/\/armonianaturaldietshop.com\/en\/product\/slim-patch-parches-adelgazantes-x-30-unidades\/#webpage\",\"url\":\"https:\/\/armonianaturaldietshop.com\/en\/product\/slim-patch-parches-adelgazantes-x-30-unidades\/\",\"name\":\"Slim Patch \\\"Parches Adelgazantes X 30\\\" - Armonia Natural Diet Shop\",\"isPartOf\":{\"@id\":\"https:\/\/armonianaturaldietshop.com\/#website\"},\"primaryImageOfPage\":{\"@id\":\"https:\/\/armonianaturaldietshop.com\/en\/product\/slim-patch-parches-adelgazantes-x-30-unidades\/#primaryimage\"},\"datePublished\":\"2018-01-28T21:43:18+00:00\",\"dateModified\":\"2021-11-05T15:32:42+00:00\",\"description\":\"Slim Patch \\\"Parches Adelgazantes X 30\\\" El parche para vientre plano Slim Patch el m\u00e1s eficaz y m\u00e1s natural de perder el peso\",\"breadcrumb\":{\"@id\":\"https:\/\/armonianaturaldietshop.com\/en\/product\/slim-patch-parches-adelgazantes-x-30-unidades\/#breadcrumb\"},\"inLanguage\":\"en-US\",\"potentialAction\":[{\"@type\":\"ReadAction\",\"target\":[\"https:\/\/armonianaturaldietshop.com\/en\/product\/slim-patch-parches-adelgazantes-x-30-unidades\/\"]}]},{\"@type\":\"BreadcrumbList\",\"@id\":\"https:\/\/armonianaturaldietshop.com\/en\/product\/slim-patch-parches-adelgazantes-x-30-unidades\/#breadcrumb\",\"itemListElement\":[{\"@type\":\"ListItem\",\"position\":1,\"name\":\"Home\",\"item\":\"https:\/\/armonianaturaldietshop.com\/en\/\"},{\"@type\":\"ListItem\",\"position\":2,\"name\":\"Shop\",\"item\":\"https:\/\/armonianaturaldietshop.com\/en\/shop\/\"},{\"@type\":\"ListItem\",\"position\":3,\"name\":\"Slim Patch &#8220;Parches Adelgazantes X 30&#8221;\"}]}]}<\/script>\n<!-- \/ Yoast SEO plugin. -->","yoast_head_json":{"title":"Slim Patch \"Parches Adelgazantes X 30\" - Armonia Natural Diet Shop","description":"Slim Patch \"Parches Adelgazantes X 30\" El parche para vientre plano Slim Patch el m\u00e1s eficaz y m\u00e1s natural de perder el peso","robots":{"index":"index","follow":"follow","max-snippet":"max-snippet:-1","max-image-preview":"max-image-preview:large","max-video-preview":"max-video-preview:-1"},"canonical":"https:\/\/armonianaturaldietshop.com\/en\/product\/slim-patch-parches-adelgazantes-x-30-unidades\/","og_locale":"en_US","og_type":"article","og_title":"Slim Patch \"Parches Adelgazantes X 30\" - Armonia Natural Diet Shop","og_description":"Slim Patch \"Parches Adelgazantes X 30\" El parche para vientre plano Slim Patch el m\u00e1s eficaz y m\u00e1s natural de perder el peso","og_url":"https:\/\/armonianaturaldietshop.com\/en\/product\/slim-patch-parches-adelgazantes-x-30-unidades\/","og_site_name":"Armonia Natural Diet Shop","article_publisher":"https:\/\/www.facebook.com\/ArmoniaNaturalDietShop\/","article_modified_time":"2021-11-05T15:32:42+00:00","og_image":[{"width":490,"height":280,"url":"https:\/\/armonianaturaldietshop.com\/wp-content\/uploads\/2018\/02\/slim-patch-parches-adelgazantes-x-30-unidades_310.jpg","type":"image\/jpeg"}],"twitter_card":"summary_large_image","twitter_misc":{"Est. reading time":"1 minute"},"schema":{"@context":"https:\/\/schema.org","@graph":[{"@type":"Organization","@id":"https:\/\/armonianaturaldietshop.com\/#organization","name":"Armonia Natural Diet Shop","url":"https:\/\/armonianaturaldietshop.com\/","sameAs":["https:\/\/www.facebook.com\/ArmoniaNaturalDietShop\/","https:\/\/www.instagram.com\/armonia.natural\/?hl=en"],"logo":{"@type":"ImageObject","@id":"https:\/\/armonianaturaldietshop.com\/#logo","inLanguage":"en-US","url":"https:\/\/armonianaturaldietshop.com\/wp-content\/uploads\/2018\/01\/top-banner-1.png","contentUrl":"https:\/\/armonianaturaldietshop.com\/wp-content\/uploads\/2018\/01\/top-banner-1.png","width":369,"height":116,"caption":"Armonia Natural Diet Shop"},"image":{"@id":"https:\/\/armonianaturaldietshop.com\/#logo"}},{"@type":"WebSite","@id":"https:\/\/armonianaturaldietshop.com\/#website","url":"https:\/\/armonianaturaldietshop.com\/","name":"Armonia Natural Diet Shop","description":"Otro sitio realizado con WordPress","publisher":{"@id":"https:\/\/armonianaturaldietshop.com\/#organization"},"potentialAction":[{"@type":"SearchAction","target":{"@type":"EntryPoint","urlTemplate":"https:\/\/armonianaturaldietshop.com\/?s={search_term_string}"},"query-input":"required name=search_term_string"}],"inLanguage":"en-US"},{"@type":"ImageObject","@id":"https:\/\/armonianaturaldietshop.com\/en\/product\/slim-patch-parches-adelgazantes-x-30-unidades\/#primaryimage","inLanguage":"en-US","url":"https:\/\/armonianaturaldietshop.com\/wp-content\/uploads\/2018\/02\/slim-patch-parches-adelgazantes-x-30-unidades_310.jpg","contentUrl":"https:\/\/armonianaturaldietshop.com\/wp-content\/uploads\/2018\/02\/slim-patch-parches-adelgazantes-x-30-unidades_310.jpg","width":490,"height":280,"caption":"Slim Patch \"Parches Adelgazantes X 30\""},{"@type":"WebPage","@id":"https:\/\/armonianaturaldietshop.com\/en\/product\/slim-patch-parches-adelgazantes-x-30-unidades\/#webpage","url":"https:\/\/armonianaturaldietshop.com\/en\/product\/slim-patch-parches-adelgazantes-x-30-unidades\/","name":"Slim Patch \"Parches Adelgazantes X 30\" - Armonia Natural Diet Shop","isPartOf":{"@id":"https:\/\/armonianaturaldietshop.com\/#website"},"primaryImageOfPage":{"@id":"https:\/\/armonianaturaldietshop.com\/en\/product\/slim-patch-parches-adelgazantes-x-30-unidades\/#primaryimage"},"datePublished":"2018-01-28T21:43:18+00:00","dateModified":"2021-11-05T15:32:42+00:00","description":"Slim Patch \"Parches Adelgazantes X 30\" El parche para vientre plano Slim Patch el m\u00e1s eficaz y m\u00e1s natural de perder el peso","breadcrumb":{"@id":"https:\/\/armonianaturaldietshop.com\/en\/product\/slim-patch-parches-adelgazantes-x-30-unidades\/#breadcrumb"},"inLanguage":"en-US","potentialAction":[{"@type":"ReadAction","target":["https:\/\/armonianaturaldietshop.com\/en\/product\/slim-patch-parches-adelgazantes-x-30-unidades\/"]}]},{"@type":"BreadcrumbList","@id":"https:\/\/armonianaturaldietshop.com\/en\/product\/slim-patch-parches-adelgazantes-x-30-unidades\/#breadcrumb","itemListElement":[{"@type":"ListItem","position":1,"name":"Home","item":"https:\/\/armonianaturaldietshop.com\/en\/"},{"@type":"ListItem","position":2,"name":"Shop","item":"https:\/\/armonianaturaldietshop.com\/en\/shop\/"},{"@type":"ListItem","position":3,"name":"Slim Patch &#8220;Parches Adelgazantes X 30&#8221;"}]}]}},"_links":{"self":[{"href":"https:\/\/armonianaturaldietshop.com\/en\/wp-json\/wp\/v2\/product\/1725"}],"collection":[{"href":"https:\/\/armonianaturaldietshop.com\/en\/wp-json\/wp\/v2\/product"}],"about":[{"href":"https:\/\/armonianaturaldietshop.com\/en\/wp-json\/wp\/v2\/types\/product"}],"replies":[{"embeddable":true,"href":"https:\/\/armonianaturaldietshop.com\/en\/wp-json\/wp\/v2\/comments?post=1725"}],"wp:featuredmedia":[{"embeddable":true,"href":"https:\/\/armonianaturaldietshop.com\/en\/wp-json\/wp\/v2\/media\/737"}],"wp:attachment":[{"href":"https:\/\/armonianaturaldietshop.com\/en\/wp-json\/wp\/v2\/media?parent=1725"}],"wp:term":[{"taxonomy":"product_cat","embeddable":true,"href":"https:\/\/armonianaturaldietshop.com\/en\/wp-json\/wp\/v2\/product_cat?post=1725"},{"taxonomy":"product_tag","embeddable":true,"href":"https:\/\/armonianaturaldietshop.com\/en\/wp-json\/wp\/v2\/product_tag?post=1725"}],"curies":[{"name":"wp","href":"https:\/\/api.w.org\/{rel}","templated":true}]}}