{"id":1734,"date":"2018-01-28T21:43:15","date_gmt":"2018-01-28T21:43:15","guid":{"rendered":"http:\/\/armonianaturaldietshop.com\/product\/procomil-spray-45cc-retardante-masculino\/"},"modified":"2021-09-06T14:54:59","modified_gmt":"2021-09-06T14:54:59","slug":"procomil-spray-45cc-retardante-masculino","status":"publish","type":"product","link":"https:\/\/armonianaturaldietshop.com\/en\/product\/procomil-spray-45cc-retardante-masculino\/","title":{"rendered":"Procomil Spray Retardante Masculino"},"content":{"rendered":"<h1 style=\"text-align: center;\"><span style=\"font-size: 36pt; color: #ff00ff;\">PROCOMIL SPRAY<\/span><\/h1>\n<p>&nbsp;<\/p>\n<p>Procomil Spray es uno de los nombres m\u00e1s reconocidos en los aerosoles de control de la eyaculaci\u00f3n, y\u00a0 un producto premium que puede brindarte un mejor rendimiento en la cama.<\/p>\n<p>&nbsp;<\/p>\n<p>Cuidadosamente\u00a0 Procomil Spray formulado para reducir la hipersensibilidad sin afectar su placer y el de su pareja, este es un spray de retardo de la eyaculaci\u00f3n que puede usar una y otra vez.<\/p>\n<p>&nbsp;<\/p>\n<p>&nbsp;<\/p>\n<p>Inoloro y sin sabor, el Procomil Spray tambi\u00e9n es muy discreto, a menos que compartas tu secreto, tu pareja no necesita saberlo nunca, puede darte la confianza que has estado buscando en un spray diferido.<\/p>\n<p>&nbsp;<\/p>\n<p>Simplemente toma dos aerosoles r\u00e1pidos en la cabeza de su pene, y luego el aerosol comenzar\u00e1 a funcionar; ocasionalmente, hay una sensaci\u00f3n de hormigueo, pero luego est\u00e1 listo para la acci\u00f3n.<\/p>\n<p>&nbsp;<\/p>\n<p>Puedes masajear el spray en ti mismo, brind\u00e1ndote una gran ventaja sobre el placer que pronto podr\u00e1s experimentar.<\/p>\n<p>&nbsp;<\/p>\n<p>Demasiados hombres se encuentran perdiendo confianza y placer debido a esta ocurrencia natural, \u00a1cuando deber\u00edan darse cuenta de que una hipersensibilidad gen\u00e9tica al placer no es una situaci\u00f3n muy negativa! Usar un aerosol de retardo de la eyaculaci\u00f3n no es una carga de verg\u00fcenza; en cambio, elegir aumentar y prolongar la experiencia para usted y su pareja es la marca de un amante mejor, alguien que entiende su propio cuerpo y lo que necesita.<\/p>\n<p>&nbsp;<\/p>\n<p>Si est\u00e1 buscando un aerosol de control de la eyaculaci\u00f3n que le brinde la confianza que le falta, el Procomil Spray puede sorprenderlo con la efectividad de su f\u00f3rmula natural.<\/p>\n<p>&nbsp;<\/p>\n<p>&nbsp;<\/p>\n<p>Caracteristicas:<\/p>\n<p>&nbsp;<\/p>\n<p>*Usar Procomil Spray al menos cinco minutos antes de hacer el amor:<\/p>\n<p>*Reduce la sensibilidad.<\/p>\n<p>*Te da una erecci\u00f3n m\u00e1s duradera.<\/p>\n<p>*Aumenta tu disfrute y confianza al hacer el amor.<\/p>\n<p>*Aumenta su disfrute, satisfacci\u00f3n y deseo.<\/p>\n<p>*Hasta 200 aplicaciones.<\/p>\n<p>*Dura hasta 5 horas.<\/p>\n<p>Uso recomendado:<\/p>\n<p>&nbsp;<\/p>\n<p>Este spray es muy potente, no exceda la dosis recomendada de 2-3 sprays.<\/p>\n<p>&nbsp;<\/p>\n<p><span style=\"font-size: 14pt;\"><strong><span style=\"color: #ff0000;\">Advertencia:<\/span><\/strong><\/span><\/p>\n<p>&nbsp;<\/p>\n<p>&nbsp;<\/p>\n<p><span style=\"color: #ff0000;\">Tenga en cuenta que el resultado de este producto para cada persona puede ser diferente en funci\u00f3n del tejido de su cuerpo, por lo que no podemos garantizar el resultado.<\/span><\/p>\n<p>&nbsp;<\/p>\n","protected":false},"excerpt":{"rendered":"<p>Procomil es el retardante para hombres en spray m\u00e1s exitoso del mercado .<\/p>\n<p>*Evita la eyaculaci\u00f3n precoz.<br \/>\n*Prolonga tus relaciones.<br \/>\n*Obtienes resultados inmediatos con la aplicaci\u00f3n.<br \/>\n*Discreta presentaci\u00f3n.<br \/>\n*Facil aplicaci\u00f3n.<\/p>\n","protected":false},"featured_media":803,"comment_status":"open","ping_status":"closed","template":"","meta":[],"product_cat":[30],"product_tag":[],"acf":[],"yoast_head":"<!-- This site is optimized with the Yoast SEO plugin v18.5.1 - https:\/\/yoast.com\/wordpress\/plugins\/seo\/ -->\n<title>Procomil Spray Retardante Masculino - Armonia Natural Diet Shop<\/title>\n<meta name=\"description\" content=\"Procomil Spray reconocido para el control de la eyaculaci\u00f3n, y\u00a0 un producto premium que puede brindarte un mejor rendimiento en la cama.\" \/>\n<meta name=\"robots\" content=\"index, follow, max-snippet:-1, max-image-preview:large, max-video-preview:-1\" \/>\n<link rel=\"canonical\" href=\"https:\/\/armonianaturaldietshop.com\/en\/product\/procomil-spray-45cc-retardante-masculino\/\" \/>\n<meta property=\"og:locale\" content=\"en_US\" \/>\n<meta property=\"og:type\" content=\"article\" \/>\n<meta property=\"og:title\" content=\"Procomil Spray Retardante Masculino - Armonia Natural Diet Shop\" \/>\n<meta property=\"og:description\" content=\"Procomil Spray reconocido para el control de la eyaculaci\u00f3n, y\u00a0 un producto premium que puede brindarte un mejor rendimiento en la cama.\" \/>\n<meta property=\"og:url\" content=\"https:\/\/armonianaturaldietshop.com\/en\/product\/procomil-spray-45cc-retardante-masculino\/\" \/>\n<meta property=\"og:site_name\" content=\"Armonia Natural Diet Shop\" \/>\n<meta property=\"article:publisher\" content=\"https:\/\/www.facebook.com\/ArmoniaNaturalDietShop\/\" \/>\n<meta property=\"article:modified_time\" content=\"2021-09-06T14:54:59+00:00\" \/>\n<meta property=\"og:image\" content=\"https:\/\/armonianaturaldietshop.com\/wp-content\/uploads\/2018\/02\/procomil-spray-45cc-retardante-masculino_381.jpg\" \/>\n\t<meta property=\"og:image:width\" content=\"300\" \/>\n\t<meta property=\"og:image:height\" content=\"300\" \/>\n\t<meta property=\"og:image:type\" content=\"image\/jpeg\" \/>\n<meta name=\"twitter:card\" content=\"summary_large_image\" \/>\n<meta name=\"twitter:label1\" content=\"Est. reading time\" \/>\n\t<meta name=\"twitter:data1\" content=\"2 minutes\" \/>\n<script type=\"application\/ld+json\" class=\"yoast-schema-graph\">{\"@context\":\"https:\/\/schema.org\",\"@graph\":[{\"@type\":\"Organization\",\"@id\":\"https:\/\/armonianaturaldietshop.com\/#organization\",\"name\":\"Armonia Natural Diet Shop\",\"url\":\"https:\/\/armonianaturaldietshop.com\/\",\"sameAs\":[\"https:\/\/www.facebook.com\/ArmoniaNaturalDietShop\/\",\"https:\/\/www.instagram.com\/armonia.natural\/?hl=en\"],\"logo\":{\"@type\":\"ImageObject\",\"@id\":\"https:\/\/armonianaturaldietshop.com\/#logo\",\"inLanguage\":\"en-US\",\"url\":\"https:\/\/armonianaturaldietshop.com\/wp-content\/uploads\/2018\/01\/top-banner-1.png\",\"contentUrl\":\"https:\/\/armonianaturaldietshop.com\/wp-content\/uploads\/2018\/01\/top-banner-1.png\",\"width\":369,\"height\":116,\"caption\":\"Armonia Natural Diet Shop\"},\"image\":{\"@id\":\"https:\/\/armonianaturaldietshop.com\/#logo\"}},{\"@type\":\"WebSite\",\"@id\":\"https:\/\/armonianaturaldietshop.com\/#website\",\"url\":\"https:\/\/armonianaturaldietshop.com\/\",\"name\":\"Armonia Natural Diet Shop\",\"description\":\"Otro sitio realizado con WordPress\",\"publisher\":{\"@id\":\"https:\/\/armonianaturaldietshop.com\/#organization\"},\"potentialAction\":[{\"@type\":\"SearchAction\",\"target\":{\"@type\":\"EntryPoint\",\"urlTemplate\":\"https:\/\/armonianaturaldietshop.com\/?s={search_term_string}\"},\"query-input\":\"required name=search_term_string\"}],\"inLanguage\":\"en-US\"},{\"@type\":\"ImageObject\",\"@id\":\"https:\/\/armonianaturaldietshop.com\/en\/product\/procomil-spray-45cc-retardante-masculino\/#primaryimage\",\"inLanguage\":\"en-US\",\"url\":\"https:\/\/armonianaturaldietshop.com\/wp-content\/uploads\/2018\/02\/procomil-spray-45cc-retardante-masculino_381.jpg\",\"contentUrl\":\"https:\/\/armonianaturaldietshop.com\/wp-content\/uploads\/2018\/02\/procomil-spray-45cc-retardante-masculino_381.jpg\",\"width\":300,\"height\":300,\"caption\":\"Procomil Spray Retardante Masculino\"},{\"@type\":\"WebPage\",\"@id\":\"https:\/\/armonianaturaldietshop.com\/en\/product\/procomil-spray-45cc-retardante-masculino\/#webpage\",\"url\":\"https:\/\/armonianaturaldietshop.com\/en\/product\/procomil-spray-45cc-retardante-masculino\/\",\"name\":\"Procomil Spray Retardante Masculino - Armonia Natural Diet Shop\",\"isPartOf\":{\"@id\":\"https:\/\/armonianaturaldietshop.com\/#website\"},\"primaryImageOfPage\":{\"@id\":\"https:\/\/armonianaturaldietshop.com\/en\/product\/procomil-spray-45cc-retardante-masculino\/#primaryimage\"},\"datePublished\":\"2018-01-28T21:43:15+00:00\",\"dateModified\":\"2021-09-06T14:54:59+00:00\",\"description\":\"Procomil Spray reconocido para el control de la eyaculaci\u00f3n, y\u00a0 un producto premium que puede brindarte un mejor rendimiento en la cama.\",\"breadcrumb\":{\"@id\":\"https:\/\/armonianaturaldietshop.com\/en\/product\/procomil-spray-45cc-retardante-masculino\/#breadcrumb\"},\"inLanguage\":\"en-US\",\"potentialAction\":[{\"@type\":\"ReadAction\",\"target\":[\"https:\/\/armonianaturaldietshop.com\/en\/product\/procomil-spray-45cc-retardante-masculino\/\"]}]},{\"@type\":\"BreadcrumbList\",\"@id\":\"https:\/\/armonianaturaldietshop.com\/en\/product\/procomil-spray-45cc-retardante-masculino\/#breadcrumb\",\"itemListElement\":[{\"@type\":\"ListItem\",\"position\":1,\"name\":\"Home\",\"item\":\"https:\/\/armonianaturaldietshop.com\/en\/\"},{\"@type\":\"ListItem\",\"position\":2,\"name\":\"Shop\",\"item\":\"https:\/\/armonianaturaldietshop.com\/en\/shop\/\"},{\"@type\":\"ListItem\",\"position\":3,\"name\":\"Procomil Spray Retardante Masculino\"}]}]}<\/script>\n<!-- \/ Yoast SEO plugin. -->","yoast_head_json":{"title":"Procomil Spray Retardante Masculino - Armonia Natural Diet Shop","description":"Procomil Spray reconocido para el control de la eyaculaci\u00f3n, y\u00a0 un producto premium que puede brindarte un mejor rendimiento en la cama.","robots":{"index":"index","follow":"follow","max-snippet":"max-snippet:-1","max-image-preview":"max-image-preview:large","max-video-preview":"max-video-preview:-1"},"canonical":"https:\/\/armonianaturaldietshop.com\/en\/product\/procomil-spray-45cc-retardante-masculino\/","og_locale":"en_US","og_type":"article","og_title":"Procomil Spray Retardante Masculino - Armonia Natural Diet Shop","og_description":"Procomil Spray reconocido para el control de la eyaculaci\u00f3n, y\u00a0 un producto premium que puede brindarte un mejor rendimiento en la cama.","og_url":"https:\/\/armonianaturaldietshop.com\/en\/product\/procomil-spray-45cc-retardante-masculino\/","og_site_name":"Armonia Natural Diet Shop","article_publisher":"https:\/\/www.facebook.com\/ArmoniaNaturalDietShop\/","article_modified_time":"2021-09-06T14:54:59+00:00","og_image":[{"width":300,"height":300,"url":"https:\/\/armonianaturaldietshop.com\/wp-content\/uploads\/2018\/02\/procomil-spray-45cc-retardante-masculino_381.jpg","type":"image\/jpeg"}],"twitter_card":"summary_large_image","twitter_misc":{"Est. reading time":"2 minutes"},"schema":{"@context":"https:\/\/schema.org","@graph":[{"@type":"Organization","@id":"https:\/\/armonianaturaldietshop.com\/#organization","name":"Armonia Natural Diet Shop","url":"https:\/\/armonianaturaldietshop.com\/","sameAs":["https:\/\/www.facebook.com\/ArmoniaNaturalDietShop\/","https:\/\/www.instagram.com\/armonia.natural\/?hl=en"],"logo":{"@type":"ImageObject","@id":"https:\/\/armonianaturaldietshop.com\/#logo","inLanguage":"en-US","url":"https:\/\/armonianaturaldietshop.com\/wp-content\/uploads\/2018\/01\/top-banner-1.png","contentUrl":"https:\/\/armonianaturaldietshop.com\/wp-content\/uploads\/2018\/01\/top-banner-1.png","width":369,"height":116,"caption":"Armonia Natural Diet Shop"},"image":{"@id":"https:\/\/armonianaturaldietshop.com\/#logo"}},{"@type":"WebSite","@id":"https:\/\/armonianaturaldietshop.com\/#website","url":"https:\/\/armonianaturaldietshop.com\/","name":"Armonia Natural Diet Shop","description":"Otro sitio realizado con WordPress","publisher":{"@id":"https:\/\/armonianaturaldietshop.com\/#organization"},"potentialAction":[{"@type":"SearchAction","target":{"@type":"EntryPoint","urlTemplate":"https:\/\/armonianaturaldietshop.com\/?s={search_term_string}"},"query-input":"required name=search_term_string"}],"inLanguage":"en-US"},{"@type":"ImageObject","@id":"https:\/\/armonianaturaldietshop.com\/en\/product\/procomil-spray-45cc-retardante-masculino\/#primaryimage","inLanguage":"en-US","url":"https:\/\/armonianaturaldietshop.com\/wp-content\/uploads\/2018\/02\/procomil-spray-45cc-retardante-masculino_381.jpg","contentUrl":"https:\/\/armonianaturaldietshop.com\/wp-content\/uploads\/2018\/02\/procomil-spray-45cc-retardante-masculino_381.jpg","width":300,"height":300,"caption":"Procomil Spray Retardante Masculino"},{"@type":"WebPage","@id":"https:\/\/armonianaturaldietshop.com\/en\/product\/procomil-spray-45cc-retardante-masculino\/#webpage","url":"https:\/\/armonianaturaldietshop.com\/en\/product\/procomil-spray-45cc-retardante-masculino\/","name":"Procomil Spray Retardante Masculino - Armonia Natural Diet Shop","isPartOf":{"@id":"https:\/\/armonianaturaldietshop.com\/#website"},"primaryImageOfPage":{"@id":"https:\/\/armonianaturaldietshop.com\/en\/product\/procomil-spray-45cc-retardante-masculino\/#primaryimage"},"datePublished":"2018-01-28T21:43:15+00:00","dateModified":"2021-09-06T14:54:59+00:00","description":"Procomil Spray reconocido para el control de la eyaculaci\u00f3n, y\u00a0 un producto premium que puede brindarte un mejor rendimiento en la cama.","breadcrumb":{"@id":"https:\/\/armonianaturaldietshop.com\/en\/product\/procomil-spray-45cc-retardante-masculino\/#breadcrumb"},"inLanguage":"en-US","potentialAction":[{"@type":"ReadAction","target":["https:\/\/armonianaturaldietshop.com\/en\/product\/procomil-spray-45cc-retardante-masculino\/"]}]},{"@type":"BreadcrumbList","@id":"https:\/\/armonianaturaldietshop.com\/en\/product\/procomil-spray-45cc-retardante-masculino\/#breadcrumb","itemListElement":[{"@type":"ListItem","position":1,"name":"Home","item":"https:\/\/armonianaturaldietshop.com\/en\/"},{"@type":"ListItem","position":2,"name":"Shop","item":"https:\/\/armonianaturaldietshop.com\/en\/shop\/"},{"@type":"ListItem","position":3,"name":"Procomil Spray Retardante Masculino"}]}]}},"_links":{"self":[{"href":"https:\/\/armonianaturaldietshop.com\/en\/wp-json\/wp\/v2\/product\/1734"}],"collection":[{"href":"https:\/\/armonianaturaldietshop.com\/en\/wp-json\/wp\/v2\/product"}],"about":[{"href":"https:\/\/armonianaturaldietshop.com\/en\/wp-json\/wp\/v2\/types\/product"}],"replies":[{"embeddable":true,"href":"https:\/\/armonianaturaldietshop.com\/en\/wp-json\/wp\/v2\/comments?post=1734"}],"wp:featuredmedia":[{"embeddable":true,"href":"https:\/\/armonianaturaldietshop.com\/en\/wp-json\/wp\/v2\/media\/803"}],"wp:attachment":[{"href":"https:\/\/armonianaturaldietshop.com\/en\/wp-json\/wp\/v2\/media?parent=1734"}],"wp:term":[{"taxonomy":"product_cat","embeddable":true,"href":"https:\/\/armonianaturaldietshop.com\/en\/wp-json\/wp\/v2\/product_cat?post=1734"},{"taxonomy":"product_tag","embeddable":true,"href":"https:\/\/armonianaturaldietshop.com\/en\/wp-json\/wp\/v2\/product_tag?post=1734"}],"curies":[{"name":"wp","href":"https:\/\/api.w.org\/{rel}","templated":true}]}}