{"id":1744,"date":"2018-01-28T21:43:11","date_gmt":"2018-01-28T21:43:11","guid":{"rendered":"http:\/\/armonianaturaldietshop.com\/product\/nitro-tech-10lbs-muscletech\/"},"modified":"2024-05-08T21:52:09","modified_gmt":"2024-05-08T21:52:09","slug":"nitro-tech-10lbs-muscletech","status":"publish","type":"product","link":"https:\/\/armonianaturaldietshop.com\/en\/product\/nitro-tech-10lbs-muscletech\/","title":{"rendered":"Nitro Tech 10lbs  Muscletech"},"content":{"rendered":"<h1 style=\"text-align: center;\">\u00a0NITRO TECH PROTEIN 10 LBS<\/h1>\n<p>&nbsp;<\/p>\n<p>&nbsp;<\/p>\n<p>&nbsp;<\/p>\n<p>&nbsp;<\/p>\n<p>Nitro Tech Protein sin duda alguna es una de las mejores prote\u00ednas para la construcci\u00f3n de masa muscular magra, su avanzada formula ofrece un aporte de 30 gramos de prote\u00edna derivado de las dos fuentes <a href=\"https:\/\/www.healthline.com\/nutrition\/10-reasons-to-eat-more-protein\">proteicas<\/a> m\u00e1s puras y respaldas a nivel cient\u00edfico, por una parte tiene prote\u00edna de suero de leche aislada, la cual contiene amino\u00e1cidos esenciales (EAAs) y amino\u00e1cidos ramificados (BCAAs) y por otra parte contiene p\u00e9ptidos de suero, los cuales aumentan el valor biol\u00f3gico del suplemento, es decir, la capacidad del mismo para generar m\u00e1s s\u00edntesis <a href=\"https:\/\/armonianaturaldietshop.com\/en\/product\/isopure-zero-carb-3lb-vainilla-cookies-cream\/\">proteica<\/a> y por ende mayor tama\u00f1o y fuerza muscular.<\/p>\n<p>&nbsp;<\/p>\n<p>&nbsp;<\/p>\n<p>Nitro Tech ha sido pensada para generar mayores ganancias que la mayor\u00eda de prote\u00ednas, por ello su formula tambi\u00e9n aporta 3 gramos de creatina monohidratada y una matriz de enzimas digestivas que facilitan la absorci\u00f3n del suplemento en el organismo. En Muscletech se esmeraron por ofrecer un producto estrella, es por ello que se asocio con un laboratorio l\u00edder en saborizantes para darle a Nitro Tech un delicioso sabor, con un m\u00ednimo de az\u00facar y sometida un exhaustivo proceso de micro filtraci\u00f3n en el cual se extraen todas las impurezas para as\u00ed ofrecer al deportista el mejor perfil nutricional.<\/p>\n<p>&nbsp;<\/p>\n<p>&nbsp;<\/p>\n<p>&nbsp;<\/p>\n<p>BENEFICIOS<\/p>\n<p>\u2013 Crecimiento muscular<br \/>\n\u2013 Aumento de la fuerza<br \/>\n\u2013 Recuperaci\u00f3n post-entreno<br \/>\n\u2013 Mejora el rendimiento<\/p>\n<p>&nbsp;<\/p>\n<p>&nbsp;<\/p>\n<p><strong>MODO DE USO<\/strong><\/p>\n<p>-Mezcla 1-2 Scoops en unas 10 onzas de agua, despu\u00e9s de finalizada la sesi\u00f3n de entrenamiento.<\/p>\n<p>&nbsp;<\/p>\n<p>&nbsp;<\/p>\n<p><strong>RECOMENDACIONES<\/strong><\/p>\n<p>Si estas bajo el cuidado de un medico, cons\u00faltalo antes de usarlo<br \/>\nCons\u00e9rvese almacenado en su empaque original a temperatura inferior a 30\u00b0C y humedad relativa inferior a 75%.<\/p>\n<p>&nbsp;<\/p>\n<p>&nbsp;<\/p>\n<p>ALMACENAR EN UN LUGAR FRESCO Y MANTENER FUERA DEL ALCANCE DE LOS NI\u00d1OS<\/p>\n","protected":false},"excerpt":{"rendered":"<p>\u00a0NITRO TECH PROTEIN 10 LBS<\/p>\n<p>&nbsp;<\/p>\n<p>&nbsp;<\/p>\n<p>&nbsp;<\/p>\n<p>&nbsp;<\/p>\n<p>Nitro Tech Protein sin duda alguna es una de las mejores prote\u00ednas para la construcci\u00f3n de masa muscular magra, su avanzada formula ofrece un aporte de 30 gramos de prote\u00edna derivado de las dos fuentes <a href=\"https:\/\/www.healthline.com\/nutrition\/10-reasons-to-eat-more-protein\">proteicas<\/a> m\u00e1s puras y respaldas a nivel cient\u00edfico, por una parte tiene prote\u00edna de suero [&#8230;]<\/p>\n","protected":false},"featured_media":9176,"comment_status":"open","ping_status":"closed","template":"","meta":[],"product_cat":[42,40,29],"product_tag":[],"acf":[],"yoast_head":"<!-- This site is optimized with the Yoast SEO plugin v18.5.1 - https:\/\/yoast.com\/wordpress\/plugins\/seo\/ -->\n<title>Nitro Tech 10lbs Muscletech - Armonia Natural Diet Shop<\/title>\n<meta name=\"robots\" content=\"index, follow, max-snippet:-1, max-image-preview:large, max-video-preview:-1\" \/>\n<link rel=\"canonical\" href=\"https:\/\/armonianaturaldietshop.com\/en\/product\/nitro-tech-10lbs-muscletech\/\" \/>\n<meta property=\"og:locale\" content=\"en_US\" \/>\n<meta property=\"og:type\" content=\"article\" \/>\n<meta property=\"og:title\" content=\"Nitro Tech 10lbs Muscletech - Armonia Natural Diet Shop\" \/>\n<meta property=\"og:description\" content=\"\u00a0NITRO TECH PROTEIN 10 LBS &nbsp; &nbsp; &nbsp; &nbsp; Nitro Tech Protein sin duda alguna es una de las mejores prote\u00ednas para la construcci\u00f3n de masa muscular magra, su avanzada formula ofrece un aporte de 30 gramos de prote\u00edna derivado de las dos fuentes proteicas m\u00e1s puras y respaldas a nivel cient\u00edfico, por una parte tiene prote\u00edna de suero [...]\" \/>\n<meta property=\"og:url\" content=\"https:\/\/armonianaturaldietshop.com\/en\/product\/nitro-tech-10lbs-muscletech\/\" \/>\n<meta property=\"og:site_name\" content=\"Armonia Natural Diet Shop\" \/>\n<meta property=\"article:publisher\" content=\"https:\/\/www.facebook.com\/ArmoniaNaturalDietShop\/\" \/>\n<meta property=\"article:modified_time\" content=\"2024-05-08T21:52:09+00:00\" \/>\n<meta name=\"twitter:card\" content=\"summary_large_image\" \/>\n<meta name=\"twitter:image\" content=\"https:\/\/armonianaturaldietshop.com\/wp-content\/uploads\/2018\/01\/nitro-tech-10lbs-vainilla-500x500-1.webp\" \/>\n<meta name=\"twitter:label1\" content=\"Est. reading time\" \/>\n\t<meta name=\"twitter:data1\" content=\"2 minutes\" \/>\n<script type=\"application\/ld+json\" class=\"yoast-schema-graph\">{\"@context\":\"https:\/\/schema.org\",\"@graph\":[{\"@type\":\"Organization\",\"@id\":\"https:\/\/armonianaturaldietshop.com\/#organization\",\"name\":\"Armonia Natural Diet Shop\",\"url\":\"https:\/\/armonianaturaldietshop.com\/\",\"sameAs\":[\"https:\/\/www.facebook.com\/ArmoniaNaturalDietShop\/\",\"https:\/\/www.instagram.com\/armonia.natural\/?hl=en\"],\"logo\":{\"@type\":\"ImageObject\",\"@id\":\"https:\/\/armonianaturaldietshop.com\/#logo\",\"inLanguage\":\"en-US\",\"url\":\"https:\/\/armonianaturaldietshop.com\/wp-content\/uploads\/2018\/01\/top-banner-1.png\",\"contentUrl\":\"https:\/\/armonianaturaldietshop.com\/wp-content\/uploads\/2018\/01\/top-banner-1.png\",\"width\":369,\"height\":116,\"caption\":\"Armonia Natural Diet Shop\"},\"image\":{\"@id\":\"https:\/\/armonianaturaldietshop.com\/#logo\"}},{\"@type\":\"WebSite\",\"@id\":\"https:\/\/armonianaturaldietshop.com\/#website\",\"url\":\"https:\/\/armonianaturaldietshop.com\/\",\"name\":\"Armonia Natural Diet Shop\",\"description\":\"Otro sitio realizado con WordPress\",\"publisher\":{\"@id\":\"https:\/\/armonianaturaldietshop.com\/#organization\"},\"potentialAction\":[{\"@type\":\"SearchAction\",\"target\":{\"@type\":\"EntryPoint\",\"urlTemplate\":\"https:\/\/armonianaturaldietshop.com\/?s={search_term_string}\"},\"query-input\":\"required name=search_term_string\"}],\"inLanguage\":\"en-US\"},{\"@type\":\"ImageObject\",\"@id\":\"https:\/\/armonianaturaldietshop.com\/en\/product\/nitro-tech-10lbs-muscletech\/#primaryimage\",\"inLanguage\":\"en-US\",\"url\":\"https:\/\/armonianaturaldietshop.com\/wp-content\/uploads\/2018\/01\/nitro-tech-10lbs-vainilla-500x500-1.webp\",\"contentUrl\":\"https:\/\/armonianaturaldietshop.com\/wp-content\/uploads\/2018\/01\/nitro-tech-10lbs-vainilla-500x500-1.webp\",\"width\":500,\"height\":500,\"caption\":\"nitro-tech-10lbs-vainilla\"},{\"@type\":\"WebPage\",\"@id\":\"https:\/\/armonianaturaldietshop.com\/en\/product\/nitro-tech-10lbs-muscletech\/#webpage\",\"url\":\"https:\/\/armonianaturaldietshop.com\/en\/product\/nitro-tech-10lbs-muscletech\/\",\"name\":\"Nitro Tech 10lbs Muscletech - Armonia Natural Diet Shop\",\"isPartOf\":{\"@id\":\"https:\/\/armonianaturaldietshop.com\/#website\"},\"primaryImageOfPage\":{\"@id\":\"https:\/\/armonianaturaldietshop.com\/en\/product\/nitro-tech-10lbs-muscletech\/#primaryimage\"},\"datePublished\":\"2018-01-28T21:43:11+00:00\",\"dateModified\":\"2024-05-08T21:52:09+00:00\",\"breadcrumb\":{\"@id\":\"https:\/\/armonianaturaldietshop.com\/en\/product\/nitro-tech-10lbs-muscletech\/#breadcrumb\"},\"inLanguage\":\"en-US\",\"potentialAction\":[{\"@type\":\"ReadAction\",\"target\":[\"https:\/\/armonianaturaldietshop.com\/en\/product\/nitro-tech-10lbs-muscletech\/\"]}]},{\"@type\":\"BreadcrumbList\",\"@id\":\"https:\/\/armonianaturaldietshop.com\/en\/product\/nitro-tech-10lbs-muscletech\/#breadcrumb\",\"itemListElement\":[{\"@type\":\"ListItem\",\"position\":1,\"name\":\"Home\",\"item\":\"https:\/\/armonianaturaldietshop.com\/en\/\"},{\"@type\":\"ListItem\",\"position\":2,\"name\":\"Shop\",\"item\":\"https:\/\/armonianaturaldietshop.com\/en\/shop\/\"},{\"@type\":\"ListItem\",\"position\":3,\"name\":\"Nitro Tech 10lbs Muscletech\"}]}]}<\/script>\n<!-- \/ Yoast SEO plugin. -->","yoast_head_json":{"title":"Nitro Tech 10lbs Muscletech - Armonia Natural Diet Shop","robots":{"index":"index","follow":"follow","max-snippet":"max-snippet:-1","max-image-preview":"max-image-preview:large","max-video-preview":"max-video-preview:-1"},"canonical":"https:\/\/armonianaturaldietshop.com\/en\/product\/nitro-tech-10lbs-muscletech\/","og_locale":"en_US","og_type":"article","og_title":"Nitro Tech 10lbs Muscletech - Armonia Natural Diet Shop","og_description":"\u00a0NITRO TECH PROTEIN 10 LBS &nbsp; &nbsp; &nbsp; &nbsp; Nitro Tech Protein sin duda alguna es una de las mejores prote\u00ednas para la construcci\u00f3n de masa muscular magra, su avanzada formula ofrece un aporte de 30 gramos de prote\u00edna derivado de las dos fuentes proteicas m\u00e1s puras y respaldas a nivel cient\u00edfico, por una parte tiene prote\u00edna de suero [...]","og_url":"https:\/\/armonianaturaldietshop.com\/en\/product\/nitro-tech-10lbs-muscletech\/","og_site_name":"Armonia Natural Diet Shop","article_publisher":"https:\/\/www.facebook.com\/ArmoniaNaturalDietShop\/","article_modified_time":"2024-05-08T21:52:09+00:00","twitter_card":"summary_large_image","twitter_image":"https:\/\/armonianaturaldietshop.com\/wp-content\/uploads\/2018\/01\/nitro-tech-10lbs-vainilla-500x500-1.webp","twitter_misc":{"Est. reading time":"2 minutes"},"schema":{"@context":"https:\/\/schema.org","@graph":[{"@type":"Organization","@id":"https:\/\/armonianaturaldietshop.com\/#organization","name":"Armonia Natural Diet Shop","url":"https:\/\/armonianaturaldietshop.com\/","sameAs":["https:\/\/www.facebook.com\/ArmoniaNaturalDietShop\/","https:\/\/www.instagram.com\/armonia.natural\/?hl=en"],"logo":{"@type":"ImageObject","@id":"https:\/\/armonianaturaldietshop.com\/#logo","inLanguage":"en-US","url":"https:\/\/armonianaturaldietshop.com\/wp-content\/uploads\/2018\/01\/top-banner-1.png","contentUrl":"https:\/\/armonianaturaldietshop.com\/wp-content\/uploads\/2018\/01\/top-banner-1.png","width":369,"height":116,"caption":"Armonia Natural Diet Shop"},"image":{"@id":"https:\/\/armonianaturaldietshop.com\/#logo"}},{"@type":"WebSite","@id":"https:\/\/armonianaturaldietshop.com\/#website","url":"https:\/\/armonianaturaldietshop.com\/","name":"Armonia Natural Diet Shop","description":"Otro sitio realizado con WordPress","publisher":{"@id":"https:\/\/armonianaturaldietshop.com\/#organization"},"potentialAction":[{"@type":"SearchAction","target":{"@type":"EntryPoint","urlTemplate":"https:\/\/armonianaturaldietshop.com\/?s={search_term_string}"},"query-input":"required name=search_term_string"}],"inLanguage":"en-US"},{"@type":"ImageObject","@id":"https:\/\/armonianaturaldietshop.com\/en\/product\/nitro-tech-10lbs-muscletech\/#primaryimage","inLanguage":"en-US","url":"https:\/\/armonianaturaldietshop.com\/wp-content\/uploads\/2018\/01\/nitro-tech-10lbs-vainilla-500x500-1.webp","contentUrl":"https:\/\/armonianaturaldietshop.com\/wp-content\/uploads\/2018\/01\/nitro-tech-10lbs-vainilla-500x500-1.webp","width":500,"height":500,"caption":"nitro-tech-10lbs-vainilla"},{"@type":"WebPage","@id":"https:\/\/armonianaturaldietshop.com\/en\/product\/nitro-tech-10lbs-muscletech\/#webpage","url":"https:\/\/armonianaturaldietshop.com\/en\/product\/nitro-tech-10lbs-muscletech\/","name":"Nitro Tech 10lbs Muscletech - Armonia Natural Diet Shop","isPartOf":{"@id":"https:\/\/armonianaturaldietshop.com\/#website"},"primaryImageOfPage":{"@id":"https:\/\/armonianaturaldietshop.com\/en\/product\/nitro-tech-10lbs-muscletech\/#primaryimage"},"datePublished":"2018-01-28T21:43:11+00:00","dateModified":"2024-05-08T21:52:09+00:00","breadcrumb":{"@id":"https:\/\/armonianaturaldietshop.com\/en\/product\/nitro-tech-10lbs-muscletech\/#breadcrumb"},"inLanguage":"en-US","potentialAction":[{"@type":"ReadAction","target":["https:\/\/armonianaturaldietshop.com\/en\/product\/nitro-tech-10lbs-muscletech\/"]}]},{"@type":"BreadcrumbList","@id":"https:\/\/armonianaturaldietshop.com\/en\/product\/nitro-tech-10lbs-muscletech\/#breadcrumb","itemListElement":[{"@type":"ListItem","position":1,"name":"Home","item":"https:\/\/armonianaturaldietshop.com\/en\/"},{"@type":"ListItem","position":2,"name":"Shop","item":"https:\/\/armonianaturaldietshop.com\/en\/shop\/"},{"@type":"ListItem","position":3,"name":"Nitro Tech 10lbs Muscletech"}]}]}},"_links":{"self":[{"href":"https:\/\/armonianaturaldietshop.com\/en\/wp-json\/wp\/v2\/product\/1744"}],"collection":[{"href":"https:\/\/armonianaturaldietshop.com\/en\/wp-json\/wp\/v2\/product"}],"about":[{"href":"https:\/\/armonianaturaldietshop.com\/en\/wp-json\/wp\/v2\/types\/product"}],"replies":[{"embeddable":true,"href":"https:\/\/armonianaturaldietshop.com\/en\/wp-json\/wp\/v2\/comments?post=1744"}],"wp:featuredmedia":[{"embeddable":true,"href":"https:\/\/armonianaturaldietshop.com\/en\/wp-json\/wp\/v2\/media\/9176"}],"wp:attachment":[{"href":"https:\/\/armonianaturaldietshop.com\/en\/wp-json\/wp\/v2\/media?parent=1744"}],"wp:term":[{"taxonomy":"product_cat","embeddable":true,"href":"https:\/\/armonianaturaldietshop.com\/en\/wp-json\/wp\/v2\/product_cat?post=1744"},{"taxonomy":"product_tag","embeddable":true,"href":"https:\/\/armonianaturaldietshop.com\/en\/wp-json\/wp\/v2\/product_tag?post=1744"}],"curies":[{"name":"wp","href":"https:\/\/api.w.org\/{rel}","templated":true}]}}