{"id":1755,"date":"2018-01-28T21:43:10","date_gmt":"2018-01-28T21:43:10","guid":{"rendered":"http:\/\/armonianaturaldietshop.com\/product\/nitro-shock-bcaa-l-glutamina\/"},"modified":"2018-01-28T21:43:10","modified_gmt":"2018-01-28T21:43:10","slug":"nitro-shock-bcaa-l-glutamina","status":"publish","type":"product","link":"https:\/\/armonianaturaldietshop.com\/en\/product\/nitro-shock-bcaa-l-glutamina\/","title":{"rendered":"NITRO SHOCK  BCAA &amp; L-GLUTAMINA"},"content":{"rendered":"<h1 style=\"font-size: 33px; font-style: inherit; margin: 18px 0px 9px; padding: 0px; border: 0px; font-family: Rajdhani, sans-serif; font-weight: 500; line-height: 1.1; vertical-align: baseline; text-align: center;\"><strong>Nitro Shock De UPN<\/strong><\/h1>\n<p style=\"font-family: inherit; font-style: inherit; margin: 0px 0px 1em; padding: 0px; border: 0px; line-height: inherit; vertical-align: baseline; min-height: 1px;\"><span style=\"margin: 0px; padding: 0px; border: 0px; font-family: inherit; font-style: inherit; line-height: inherit; vertical-align: baseline; font-size: 12pt;\">NITRO SHOCK es la m\u00e1s novedosa y poderosa f\u00f3rmula de Amino\u00e1cidos de Cadena Ramificada y Glutamina jam\u00e1s desarrollada, \u00fanica en el mundo con la proporci\u00f3n exacta de sus componentes (10:5:5 &amp; 16 OPTIMAL RATIO OF BCAA &amp; GLUTAMINA). Es una avanzada f\u00f3rmula de r\u00e1pida absorci\u00f3n que combina los amino\u00e1cidos m\u00e1s degradados por el m\u00fasculo durante la actividad f\u00edsica; los BCAA que son transformados en energ\u00eda durante la actividad f\u00edsica y la L-Glutamina que es el 60% de la masa muscular; debido a esto es estrictamente necesario la suplementaci\u00f3n con estos elementos durante y post entrenamiento, para lograr el objetivo planteado y maximizar los resultados buscados por lo atletas.<\/span><\/p>\n<p style=\"font-family: inherit; font-style: inherit; margin: 0px 0px 1em; padding: 0px; border: 0px; line-height: inherit; vertical-align: baseline; min-height: 1px;\"><span style=\"margin: 0px; padding: 0px; border: 0px; font-family: inherit; font-style: inherit; line-height: inherit; vertical-align: baseline; font-size: 12pt;\"><span style=\"font-weight: bold; color: #444444; font-family: 'Open Sans', sans-serif; font-size: 27px;\"><span style=\"font-size: 9pt; font-family: Verdana, sans-serif;\">FORMA DE CONSUMO<\/span><\/span><span style=\"color: #444444; font-size: 9pt; font-family: Verdana, sans-serif;\">:\u00a0<\/span><span style=\"color: #333333; font-family: 'Bank-Gothic Sans', sans-serif; font-size: 15.4px;\">Mezcle 15g de NITRO SHOCK (3 cucharadas) en 400ml de agua; consuma la mitad durante la actividad y la otra mitad al finalizar el entrenamiento. Incluye medidor (cuchara dosificadora).<\/span><\/span><\/p>\n<p style=\"font-family: inherit; font-style: inherit; margin: 0px 0px 1em; padding: 0px; border: 0px; line-height: inherit; vertical-align: baseline; min-height: 1px;\"><span style=\"font-size: 12pt;\">El ejercicio puede incrementar su necesidad de consumo de l\u00edquidos adicionales.Mantener fuera del alcance de los ni\u00f1os. Almacenar en un lugar fresco, seco y alejado de la luz solar directa.Consulte a su m\u00e9dico y\/o especialista en nutrici\u00f3n antes de ser consumido, si usted tiene o sospecha una condici\u00f3n m\u00e9dica de cuidado de la salud o est\u00e1 tomando medicamentos recetados, o si est\u00e1 embarazada o en periodo de lactancia.Verifique antes de comprar el suplemento si no es al\u00e9rgico a alguno de los ingredientes de la formula.Use solamente este producto como suplemento alimenticio.No utilice el producto para la reducci\u00f3n de peso.Este producto no est\u00e1 destinado a diagnosticar, tratar, curar o prevenir ninguna enfermedad.Suspenda su uso si empieza a sufrir mareos nauseas, diarrea, v\u00f3mitos o cualquier malestar y consulte a su medico.<\/span><\/p>\n","protected":false},"excerpt":{"rendered":"<p>NITRO SHOCK es la m\u00e1s novedosa y poderosa f\u00f3rmula de Amino\u00e1cidos de Cadena Ramificada y Glutamina jam\u00e1s desarrollada, \u00fanica en el mundo con la proporci\u00f3n exacta de sus componentes.<\/p>\n","protected":false},"featured_media":885,"comment_status":"open","ping_status":"closed","template":"","meta":[],"product_cat":[43,29],"product_tag":[],"acf":[],"yoast_head":"<!-- This site is optimized with the Yoast SEO plugin v18.5.1 - https:\/\/yoast.com\/wordpress\/plugins\/seo\/ -->\n<title>NITRO SHOCK BCAA &amp; L-GLUTAMINA - Armonia Natural Diet Shop<\/title>\n<meta name=\"robots\" content=\"index, follow, max-snippet:-1, max-image-preview:large, max-video-preview:-1\" \/>\n<link rel=\"canonical\" href=\"https:\/\/armonianaturaldietshop.com\/en\/product\/nitro-shock-bcaa-l-glutamina\/\" \/>\n<meta property=\"og:locale\" content=\"en_US\" \/>\n<meta property=\"og:type\" content=\"article\" \/>\n<meta property=\"og:title\" content=\"NITRO SHOCK BCAA &amp; L-GLUTAMINA - Armonia Natural Diet Shop\" \/>\n<meta property=\"og:description\" content=\"NITRO SHOCK es la m\u00e1s novedosa y poderosa f\u00f3rmula de Amino\u00e1cidos de Cadena Ramificada y Glutamina jam\u00e1s desarrollada, \u00fanica en el mundo con la proporci\u00f3n exacta de sus componentes.\" \/>\n<meta property=\"og:url\" content=\"https:\/\/armonianaturaldietshop.com\/en\/product\/nitro-shock-bcaa-l-glutamina\/\" \/>\n<meta property=\"og:site_name\" content=\"Armonia Natural Diet Shop\" \/>\n<meta property=\"article:publisher\" content=\"https:\/\/www.facebook.com\/ArmoniaNaturalDietShop\/\" \/>\n<meta property=\"og:image\" content=\"https:\/\/armonianaturaldietshop.com\/wp-content\/uploads\/2018\/02\/nitro-shock-bcaa-l-glutamina_1024.jpg\" \/>\n\t<meta property=\"og:image:width\" content=\"405\" \/>\n\t<meta property=\"og:image:height\" content=\"500\" \/>\n\t<meta property=\"og:image:type\" content=\"image\/jpeg\" \/>\n<meta name=\"twitter:card\" content=\"summary_large_image\" \/>\n<meta name=\"twitter:label1\" content=\"Est. reading time\" \/>\n\t<meta name=\"twitter:data1\" content=\"2 minutes\" \/>\n<script type=\"application\/ld+json\" class=\"yoast-schema-graph\">{\"@context\":\"https:\/\/schema.org\",\"@graph\":[{\"@type\":\"Organization\",\"@id\":\"https:\/\/armonianaturaldietshop.com\/#organization\",\"name\":\"Armonia Natural Diet Shop\",\"url\":\"https:\/\/armonianaturaldietshop.com\/\",\"sameAs\":[\"https:\/\/www.facebook.com\/ArmoniaNaturalDietShop\/\",\"https:\/\/www.instagram.com\/armonia.natural\/?hl=en\"],\"logo\":{\"@type\":\"ImageObject\",\"@id\":\"https:\/\/armonianaturaldietshop.com\/#logo\",\"inLanguage\":\"en-US\",\"url\":\"https:\/\/armonianaturaldietshop.com\/wp-content\/uploads\/2018\/01\/top-banner-1.png\",\"contentUrl\":\"https:\/\/armonianaturaldietshop.com\/wp-content\/uploads\/2018\/01\/top-banner-1.png\",\"width\":369,\"height\":116,\"caption\":\"Armonia Natural Diet Shop\"},\"image\":{\"@id\":\"https:\/\/armonianaturaldietshop.com\/#logo\"}},{\"@type\":\"WebSite\",\"@id\":\"https:\/\/armonianaturaldietshop.com\/#website\",\"url\":\"https:\/\/armonianaturaldietshop.com\/\",\"name\":\"Armonia Natural Diet Shop\",\"description\":\"Otro sitio realizado con WordPress\",\"publisher\":{\"@id\":\"https:\/\/armonianaturaldietshop.com\/#organization\"},\"potentialAction\":[{\"@type\":\"SearchAction\",\"target\":{\"@type\":\"EntryPoint\",\"urlTemplate\":\"https:\/\/armonianaturaldietshop.com\/?s={search_term_string}\"},\"query-input\":\"required name=search_term_string\"}],\"inLanguage\":\"en-US\"},{\"@type\":\"ImageObject\",\"@id\":\"https:\/\/armonianaturaldietshop.com\/en\/product\/nitro-shock-bcaa-l-glutamina\/#primaryimage\",\"inLanguage\":\"en-US\",\"url\":\"https:\/\/armonianaturaldietshop.com\/wp-content\/uploads\/2018\/02\/nitro-shock-bcaa-l-glutamina_1024.jpg\",\"contentUrl\":\"https:\/\/armonianaturaldietshop.com\/wp-content\/uploads\/2018\/02\/nitro-shock-bcaa-l-glutamina_1024.jpg\",\"width\":405,\"height\":500},{\"@type\":\"WebPage\",\"@id\":\"https:\/\/armonianaturaldietshop.com\/en\/product\/nitro-shock-bcaa-l-glutamina\/#webpage\",\"url\":\"https:\/\/armonianaturaldietshop.com\/en\/product\/nitro-shock-bcaa-l-glutamina\/\",\"name\":\"NITRO SHOCK BCAA &amp; L-GLUTAMINA - Armonia Natural Diet Shop\",\"isPartOf\":{\"@id\":\"https:\/\/armonianaturaldietshop.com\/#website\"},\"primaryImageOfPage\":{\"@id\":\"https:\/\/armonianaturaldietshop.com\/en\/product\/nitro-shock-bcaa-l-glutamina\/#primaryimage\"},\"datePublished\":\"2018-01-28T21:43:10+00:00\",\"dateModified\":\"2018-01-28T21:43:10+00:00\",\"breadcrumb\":{\"@id\":\"https:\/\/armonianaturaldietshop.com\/en\/product\/nitro-shock-bcaa-l-glutamina\/#breadcrumb\"},\"inLanguage\":\"en-US\",\"potentialAction\":[{\"@type\":\"ReadAction\",\"target\":[\"https:\/\/armonianaturaldietshop.com\/en\/product\/nitro-shock-bcaa-l-glutamina\/\"]}]},{\"@type\":\"BreadcrumbList\",\"@id\":\"https:\/\/armonianaturaldietshop.com\/en\/product\/nitro-shock-bcaa-l-glutamina\/#breadcrumb\",\"itemListElement\":[{\"@type\":\"ListItem\",\"position\":1,\"name\":\"Home\",\"item\":\"https:\/\/armonianaturaldietshop.com\/en\/\"},{\"@type\":\"ListItem\",\"position\":2,\"name\":\"Shop\",\"item\":\"https:\/\/armonianaturaldietshop.com\/en\/shop\/\"},{\"@type\":\"ListItem\",\"position\":3,\"name\":\"NITRO SHOCK BCAA &amp; L-GLUTAMINA\"}]}]}<\/script>\n<!-- \/ Yoast SEO plugin. -->","yoast_head_json":{"title":"NITRO SHOCK BCAA &amp; L-GLUTAMINA - Armonia Natural Diet Shop","robots":{"index":"index","follow":"follow","max-snippet":"max-snippet:-1","max-image-preview":"max-image-preview:large","max-video-preview":"max-video-preview:-1"},"canonical":"https:\/\/armonianaturaldietshop.com\/en\/product\/nitro-shock-bcaa-l-glutamina\/","og_locale":"en_US","og_type":"article","og_title":"NITRO SHOCK BCAA &amp; L-GLUTAMINA - Armonia Natural Diet Shop","og_description":"NITRO SHOCK es la m\u00e1s novedosa y poderosa f\u00f3rmula de Amino\u00e1cidos de Cadena Ramificada y Glutamina jam\u00e1s desarrollada, \u00fanica en el mundo con la proporci\u00f3n exacta de sus componentes.","og_url":"https:\/\/armonianaturaldietshop.com\/en\/product\/nitro-shock-bcaa-l-glutamina\/","og_site_name":"Armonia Natural Diet Shop","article_publisher":"https:\/\/www.facebook.com\/ArmoniaNaturalDietShop\/","og_image":[{"width":405,"height":500,"url":"https:\/\/armonianaturaldietshop.com\/wp-content\/uploads\/2018\/02\/nitro-shock-bcaa-l-glutamina_1024.jpg","type":"image\/jpeg"}],"twitter_card":"summary_large_image","twitter_misc":{"Est. reading time":"2 minutes"},"schema":{"@context":"https:\/\/schema.org","@graph":[{"@type":"Organization","@id":"https:\/\/armonianaturaldietshop.com\/#organization","name":"Armonia Natural Diet Shop","url":"https:\/\/armonianaturaldietshop.com\/","sameAs":["https:\/\/www.facebook.com\/ArmoniaNaturalDietShop\/","https:\/\/www.instagram.com\/armonia.natural\/?hl=en"],"logo":{"@type":"ImageObject","@id":"https:\/\/armonianaturaldietshop.com\/#logo","inLanguage":"en-US","url":"https:\/\/armonianaturaldietshop.com\/wp-content\/uploads\/2018\/01\/top-banner-1.png","contentUrl":"https:\/\/armonianaturaldietshop.com\/wp-content\/uploads\/2018\/01\/top-banner-1.png","width":369,"height":116,"caption":"Armonia Natural Diet Shop"},"image":{"@id":"https:\/\/armonianaturaldietshop.com\/#logo"}},{"@type":"WebSite","@id":"https:\/\/armonianaturaldietshop.com\/#website","url":"https:\/\/armonianaturaldietshop.com\/","name":"Armonia Natural Diet Shop","description":"Otro sitio realizado con WordPress","publisher":{"@id":"https:\/\/armonianaturaldietshop.com\/#organization"},"potentialAction":[{"@type":"SearchAction","target":{"@type":"EntryPoint","urlTemplate":"https:\/\/armonianaturaldietshop.com\/?s={search_term_string}"},"query-input":"required name=search_term_string"}],"inLanguage":"en-US"},{"@type":"ImageObject","@id":"https:\/\/armonianaturaldietshop.com\/en\/product\/nitro-shock-bcaa-l-glutamina\/#primaryimage","inLanguage":"en-US","url":"https:\/\/armonianaturaldietshop.com\/wp-content\/uploads\/2018\/02\/nitro-shock-bcaa-l-glutamina_1024.jpg","contentUrl":"https:\/\/armonianaturaldietshop.com\/wp-content\/uploads\/2018\/02\/nitro-shock-bcaa-l-glutamina_1024.jpg","width":405,"height":500},{"@type":"WebPage","@id":"https:\/\/armonianaturaldietshop.com\/en\/product\/nitro-shock-bcaa-l-glutamina\/#webpage","url":"https:\/\/armonianaturaldietshop.com\/en\/product\/nitro-shock-bcaa-l-glutamina\/","name":"NITRO SHOCK BCAA &amp; L-GLUTAMINA - Armonia Natural Diet Shop","isPartOf":{"@id":"https:\/\/armonianaturaldietshop.com\/#website"},"primaryImageOfPage":{"@id":"https:\/\/armonianaturaldietshop.com\/en\/product\/nitro-shock-bcaa-l-glutamina\/#primaryimage"},"datePublished":"2018-01-28T21:43:10+00:00","dateModified":"2018-01-28T21:43:10+00:00","breadcrumb":{"@id":"https:\/\/armonianaturaldietshop.com\/en\/product\/nitro-shock-bcaa-l-glutamina\/#breadcrumb"},"inLanguage":"en-US","potentialAction":[{"@type":"ReadAction","target":["https:\/\/armonianaturaldietshop.com\/en\/product\/nitro-shock-bcaa-l-glutamina\/"]}]},{"@type":"BreadcrumbList","@id":"https:\/\/armonianaturaldietshop.com\/en\/product\/nitro-shock-bcaa-l-glutamina\/#breadcrumb","itemListElement":[{"@type":"ListItem","position":1,"name":"Home","item":"https:\/\/armonianaturaldietshop.com\/en\/"},{"@type":"ListItem","position":2,"name":"Shop","item":"https:\/\/armonianaturaldietshop.com\/en\/shop\/"},{"@type":"ListItem","position":3,"name":"NITRO SHOCK BCAA &amp; L-GLUTAMINA"}]}]}},"_links":{"self":[{"href":"https:\/\/armonianaturaldietshop.com\/en\/wp-json\/wp\/v2\/product\/1755"}],"collection":[{"href":"https:\/\/armonianaturaldietshop.com\/en\/wp-json\/wp\/v2\/product"}],"about":[{"href":"https:\/\/armonianaturaldietshop.com\/en\/wp-json\/wp\/v2\/types\/product"}],"replies":[{"embeddable":true,"href":"https:\/\/armonianaturaldietshop.com\/en\/wp-json\/wp\/v2\/comments?post=1755"}],"wp:featuredmedia":[{"embeddable":true,"href":"https:\/\/armonianaturaldietshop.com\/en\/wp-json\/wp\/v2\/media\/885"}],"wp:attachment":[{"href":"https:\/\/armonianaturaldietshop.com\/en\/wp-json\/wp\/v2\/media?parent=1755"}],"wp:term":[{"taxonomy":"product_cat","embeddable":true,"href":"https:\/\/armonianaturaldietshop.com\/en\/wp-json\/wp\/v2\/product_cat?post=1755"},{"taxonomy":"product_tag","embeddable":true,"href":"https:\/\/armonianaturaldietshop.com\/en\/wp-json\/wp\/v2\/product_tag?post=1755"}],"curies":[{"name":"wp","href":"https:\/\/api.w.org\/{rel}","templated":true}]}}