{"id":1764,"date":"2018-01-28T21:43:06","date_gmt":"2018-01-28T21:43:06","guid":{"rendered":"http:\/\/armonianaturaldietshop.com\/product\/meizitang-botanical-slimming-36-capsulas-soft-gel\/"},"modified":"2019-04-15T14:07:41","modified_gmt":"2019-04-15T14:07:41","slug":"meizitang-botanical-slimming-36-capsulas-soft-gel","status":"publish","type":"product","link":"https:\/\/armonianaturaldietshop.com\/en\/product\/meizitang-botanical-slimming-36-capsulas-soft-gel\/","title":{"rendered":"Meizitang Botanical Slimming 36 Capsulas Soft Gel"},"content":{"rendered":"<p><strong>INGREDIENTES:<\/strong><\/p>\n<p>&#8211; Kola.<br \/>\n&#8211; Goma guar (cyamoposis)<br \/>\n&#8211; Hoja de loto.<br \/>\n&#8211; Gardenia.<br \/>\n&#8211; Atracylon.<br \/>\n&#8211; Pl\u00e1tano oriental de agua.<br \/>\n&#8211; Semillas de Cassia.<br \/>\n&#8211; Ra\u00edz de Kutzu.<br \/>\n&#8211; Rhizoma Alismatis.<\/p>\n<p>&nbsp;<\/p>\n<p>&nbsp;<\/p>\n<p><strong>\u00bfPOR QU\u00c9 TOMAR MEIZITANG SOFT GEL?<\/strong><br \/>\n1) Porque sus componentes son 100% natural, por lo que libre de todo tipo de toxicidad, pudiendo utilizarse de manera segura.<br \/>\n2) Es muy f\u00e1cil de tomar, a s\u00f3lo 1 al d\u00eda.<br \/>\n3) No produce diarrea ni efecto rebote, y reduce la grasa superflua y la que se ingiere.<br \/>\n4) Es una c\u00e1psula de gel, suave, r\u00e1pida para absorber.<\/p>\n<p>&nbsp;<\/p>\n<p>&nbsp;<\/p>\n<p><strong>BENEFICIOS AL TOMAR MEIZITANG SOFT GEL:<\/strong><br \/>\n&#8211; Disminuye las grases acumuladas en el cuerpo.<br \/>\n&#8211; Impide la absorci\u00f3n de las grasas contenida en los alimentos.<br \/>\n&#8211; Puedes bajar hasta 1 y 2 kilos a la semana.<br \/>\n&#8211; Retarda el envejecimiento de la piel.<br \/>\n&#8211; No se han presentado casos de alergias.<br \/>\n&#8211; Provee reacciones r\u00e1pidas y positivas.<br \/>\n&#8211; No causa diarrea.<br \/>\n&#8211; Empiezas a perder peso desechando los dep\u00f3sitos de grasa acumulados que no necesitas en el cuerpo.<br \/>\n&#8211; Es 100% natural, no t\u00f3xico.<\/p>\n<p>&nbsp;<\/p>\n<p>&nbsp;<\/p>\n<p><strong>RECOMENDACIONES PARA EL USO DE MAIZITANG SOFT GEL:<\/strong><br \/>\n&#8211; Toma una c\u00e1psula antes del desayuno.<br \/>\n&#8211; Bebe suficiente agua y come frutas pues debido a la aceleraci\u00f3n del metabolismo el cuerpo necesitar\u00e1 del agua, en caso contrario, los niveles de glucosa en la sangre pueden bajar y esto puede causar debilidad.<\/p>\n<p>&nbsp;<\/p>\n<p>&nbsp;<\/p>\n<p>&#8211; Mientras est\u00e9s tomando Meizitang no te saltes ninguna comida del d\u00eda.<\/p>\n<p>&nbsp;<\/p>\n<p>&nbsp;<\/p>\n<p><strong>NO PUEDEN CONSUMIR ESTE SUPLEMENTO LAS SIGUIENTES PERSONAS:<\/strong><\/p>\n<p>&#8211; Mujeres embarazadas o en lactancia.<br \/>\n&#8211; Menores de 18 a\u00f1os ni mayores de 60 a\u00f1os.<br \/>\n&#8211; Personas con presi\u00f3n arterial alta, arteriosclerosis, des\u00f3rdenes cardio-vasculares y otras enfermedades cr\u00f3nicas.<br \/>\n&#8211; Personas con problemas al h\u00edgado o ri\u00f1ones.<\/p>\n","protected":false},"excerpt":{"rendered":"<p>Este suplemento alimenticio ha sido desarrollado para lograr una disminuci\u00f3n del peso corp\u00f3reo. Se basa en la medicina china tradicional, siendo una combinaci\u00f3n \u00fanica cuyos componentes provenientes de la provincia de Yunnan, China, han sido cuidadosamente extra\u00eddos y purificados a trav\u00e9s de moderna y avanzada tecnolog\u00eda. Este nuevo producto viene en una presentaci\u00f3n de 36 c\u00e1psulas blandas de gel suave, que permite una m\u00e1s r\u00e1pida absorci\u00f3n.<\/p>\n","protected":false},"featured_media":2881,"comment_status":"open","ping_status":"closed","template":"","meta":[],"product_cat":[31],"product_tag":[],"acf":[],"yoast_head":"<!-- This site is optimized with the Yoast SEO plugin v18.5.1 - https:\/\/yoast.com\/wordpress\/plugins\/seo\/ -->\n<title>Meizitang Botanical Slimming 36 Capsulas Soft Gel - Armonia Natural Diet Shop<\/title>\n<meta name=\"robots\" content=\"index, follow, max-snippet:-1, max-image-preview:large, max-video-preview:-1\" \/>\n<link rel=\"canonical\" href=\"https:\/\/armonianaturaldietshop.com\/en\/product\/meizitang-botanical-slimming-36-capsulas-soft-gel\/\" \/>\n<meta property=\"og:locale\" content=\"en_US\" \/>\n<meta property=\"og:type\" content=\"article\" \/>\n<meta property=\"og:title\" content=\"Meizitang Botanical Slimming 36 Capsulas Soft Gel - Armonia Natural Diet Shop\" \/>\n<meta property=\"og:description\" content=\"Este suplemento alimenticio ha sido desarrollado para lograr una disminuci\u00f3n del peso corp\u00f3reo. Se basa en la medicina china tradicional, siendo una combinaci\u00f3n \u00fanica cuyos componentes provenientes de la provincia de Yunnan, China, han sido cuidadosamente extra\u00eddos y purificados a trav\u00e9s de moderna y avanzada tecnolog\u00eda. Este nuevo producto viene en una presentaci\u00f3n de 36 c\u00e1psulas blandas de gel suave, que permite una m\u00e1s r\u00e1pida absorci\u00f3n.\" \/>\n<meta property=\"og:url\" content=\"https:\/\/armonianaturaldietshop.com\/en\/product\/meizitang-botanical-slimming-36-capsulas-soft-gel\/\" \/>\n<meta property=\"og:site_name\" content=\"Armonia Natural Diet Shop\" \/>\n<meta property=\"article:publisher\" content=\"https:\/\/www.facebook.com\/ArmoniaNaturalDietShop\/\" \/>\n<meta property=\"article:modified_time\" content=\"2019-04-15T14:07:41+00:00\" \/>\n<meta property=\"og:image\" content=\"https:\/\/armonianaturaldietshop.com\/wp-content\/uploads\/2018\/01\/Meizitang2018.jpg\" \/>\n\t<meta property=\"og:image:width\" content=\"1600\" \/>\n\t<meta property=\"og:image:height\" content=\"1600\" \/>\n\t<meta property=\"og:image:type\" content=\"image\/jpeg\" \/>\n<meta name=\"twitter:card\" content=\"summary_large_image\" \/>\n<meta name=\"twitter:label1\" content=\"Est. reading time\" \/>\n\t<meta name=\"twitter:data1\" content=\"2 minutes\" \/>\n<script type=\"application\/ld+json\" class=\"yoast-schema-graph\">{\"@context\":\"https:\/\/schema.org\",\"@graph\":[{\"@type\":\"Organization\",\"@id\":\"https:\/\/armonianaturaldietshop.com\/#organization\",\"name\":\"Armonia Natural Diet Shop\",\"url\":\"https:\/\/armonianaturaldietshop.com\/\",\"sameAs\":[\"https:\/\/www.facebook.com\/ArmoniaNaturalDietShop\/\",\"https:\/\/www.instagram.com\/armonia.natural\/?hl=en\"],\"logo\":{\"@type\":\"ImageObject\",\"@id\":\"https:\/\/armonianaturaldietshop.com\/#logo\",\"inLanguage\":\"en-US\",\"url\":\"https:\/\/armonianaturaldietshop.com\/wp-content\/uploads\/2018\/01\/top-banner-1.png\",\"contentUrl\":\"https:\/\/armonianaturaldietshop.com\/wp-content\/uploads\/2018\/01\/top-banner-1.png\",\"width\":369,\"height\":116,\"caption\":\"Armonia Natural Diet Shop\"},\"image\":{\"@id\":\"https:\/\/armonianaturaldietshop.com\/#logo\"}},{\"@type\":\"WebSite\",\"@id\":\"https:\/\/armonianaturaldietshop.com\/#website\",\"url\":\"https:\/\/armonianaturaldietshop.com\/\",\"name\":\"Armonia Natural Diet Shop\",\"description\":\"Otro sitio realizado con WordPress\",\"publisher\":{\"@id\":\"https:\/\/armonianaturaldietshop.com\/#organization\"},\"potentialAction\":[{\"@type\":\"SearchAction\",\"target\":{\"@type\":\"EntryPoint\",\"urlTemplate\":\"https:\/\/armonianaturaldietshop.com\/?s={search_term_string}\"},\"query-input\":\"required name=search_term_string\"}],\"inLanguage\":\"en-US\"},{\"@type\":\"ImageObject\",\"@id\":\"https:\/\/armonianaturaldietshop.com\/en\/product\/meizitang-botanical-slimming-36-capsulas-soft-gel\/#primaryimage\",\"inLanguage\":\"en-US\",\"url\":\"https:\/\/armonianaturaldietshop.com\/wp-content\/uploads\/2018\/01\/Meizitang2018.jpg\",\"contentUrl\":\"https:\/\/armonianaturaldietshop.com\/wp-content\/uploads\/2018\/01\/Meizitang2018.jpg\",\"width\":1600,\"height\":1600,\"caption\":\"Meizitang Botanical Slimmimg 2018\"},{\"@type\":\"WebPage\",\"@id\":\"https:\/\/armonianaturaldietshop.com\/en\/product\/meizitang-botanical-slimming-36-capsulas-soft-gel\/#webpage\",\"url\":\"https:\/\/armonianaturaldietshop.com\/en\/product\/meizitang-botanical-slimming-36-capsulas-soft-gel\/\",\"name\":\"Meizitang Botanical Slimming 36 Capsulas Soft Gel - Armonia Natural Diet Shop\",\"isPartOf\":{\"@id\":\"https:\/\/armonianaturaldietshop.com\/#website\"},\"primaryImageOfPage\":{\"@id\":\"https:\/\/armonianaturaldietshop.com\/en\/product\/meizitang-botanical-slimming-36-capsulas-soft-gel\/#primaryimage\"},\"datePublished\":\"2018-01-28T21:43:06+00:00\",\"dateModified\":\"2019-04-15T14:07:41+00:00\",\"breadcrumb\":{\"@id\":\"https:\/\/armonianaturaldietshop.com\/en\/product\/meizitang-botanical-slimming-36-capsulas-soft-gel\/#breadcrumb\"},\"inLanguage\":\"en-US\",\"potentialAction\":[{\"@type\":\"ReadAction\",\"target\":[\"https:\/\/armonianaturaldietshop.com\/en\/product\/meizitang-botanical-slimming-36-capsulas-soft-gel\/\"]}]},{\"@type\":\"BreadcrumbList\",\"@id\":\"https:\/\/armonianaturaldietshop.com\/en\/product\/meizitang-botanical-slimming-36-capsulas-soft-gel\/#breadcrumb\",\"itemListElement\":[{\"@type\":\"ListItem\",\"position\":1,\"name\":\"Home\",\"item\":\"https:\/\/armonianaturaldietshop.com\/en\/\"},{\"@type\":\"ListItem\",\"position\":2,\"name\":\"Shop\",\"item\":\"https:\/\/armonianaturaldietshop.com\/en\/shop\/\"},{\"@type\":\"ListItem\",\"position\":3,\"name\":\"Meizitang Botanical Slimming 36 Capsulas Soft Gel\"}]}]}<\/script>\n<!-- \/ Yoast SEO plugin. -->","yoast_head_json":{"title":"Meizitang Botanical Slimming 36 Capsulas Soft Gel - Armonia Natural Diet Shop","robots":{"index":"index","follow":"follow","max-snippet":"max-snippet:-1","max-image-preview":"max-image-preview:large","max-video-preview":"max-video-preview:-1"},"canonical":"https:\/\/armonianaturaldietshop.com\/en\/product\/meizitang-botanical-slimming-36-capsulas-soft-gel\/","og_locale":"en_US","og_type":"article","og_title":"Meizitang Botanical Slimming 36 Capsulas Soft Gel - Armonia Natural Diet Shop","og_description":"Este suplemento alimenticio ha sido desarrollado para lograr una disminuci\u00f3n del peso corp\u00f3reo. Se basa en la medicina china tradicional, siendo una combinaci\u00f3n \u00fanica cuyos componentes provenientes de la provincia de Yunnan, China, han sido cuidadosamente extra\u00eddos y purificados a trav\u00e9s de moderna y avanzada tecnolog\u00eda. Este nuevo producto viene en una presentaci\u00f3n de 36 c\u00e1psulas blandas de gel suave, que permite una m\u00e1s r\u00e1pida absorci\u00f3n.","og_url":"https:\/\/armonianaturaldietshop.com\/en\/product\/meizitang-botanical-slimming-36-capsulas-soft-gel\/","og_site_name":"Armonia Natural Diet Shop","article_publisher":"https:\/\/www.facebook.com\/ArmoniaNaturalDietShop\/","article_modified_time":"2019-04-15T14:07:41+00:00","og_image":[{"width":1600,"height":1600,"url":"https:\/\/armonianaturaldietshop.com\/wp-content\/uploads\/2018\/01\/Meizitang2018.jpg","type":"image\/jpeg"}],"twitter_card":"summary_large_image","twitter_misc":{"Est. reading time":"2 minutes"},"schema":{"@context":"https:\/\/schema.org","@graph":[{"@type":"Organization","@id":"https:\/\/armonianaturaldietshop.com\/#organization","name":"Armonia Natural Diet Shop","url":"https:\/\/armonianaturaldietshop.com\/","sameAs":["https:\/\/www.facebook.com\/ArmoniaNaturalDietShop\/","https:\/\/www.instagram.com\/armonia.natural\/?hl=en"],"logo":{"@type":"ImageObject","@id":"https:\/\/armonianaturaldietshop.com\/#logo","inLanguage":"en-US","url":"https:\/\/armonianaturaldietshop.com\/wp-content\/uploads\/2018\/01\/top-banner-1.png","contentUrl":"https:\/\/armonianaturaldietshop.com\/wp-content\/uploads\/2018\/01\/top-banner-1.png","width":369,"height":116,"caption":"Armonia Natural Diet Shop"},"image":{"@id":"https:\/\/armonianaturaldietshop.com\/#logo"}},{"@type":"WebSite","@id":"https:\/\/armonianaturaldietshop.com\/#website","url":"https:\/\/armonianaturaldietshop.com\/","name":"Armonia Natural Diet Shop","description":"Otro sitio realizado con WordPress","publisher":{"@id":"https:\/\/armonianaturaldietshop.com\/#organization"},"potentialAction":[{"@type":"SearchAction","target":{"@type":"EntryPoint","urlTemplate":"https:\/\/armonianaturaldietshop.com\/?s={search_term_string}"},"query-input":"required name=search_term_string"}],"inLanguage":"en-US"},{"@type":"ImageObject","@id":"https:\/\/armonianaturaldietshop.com\/en\/product\/meizitang-botanical-slimming-36-capsulas-soft-gel\/#primaryimage","inLanguage":"en-US","url":"https:\/\/armonianaturaldietshop.com\/wp-content\/uploads\/2018\/01\/Meizitang2018.jpg","contentUrl":"https:\/\/armonianaturaldietshop.com\/wp-content\/uploads\/2018\/01\/Meizitang2018.jpg","width":1600,"height":1600,"caption":"Meizitang Botanical Slimmimg 2018"},{"@type":"WebPage","@id":"https:\/\/armonianaturaldietshop.com\/en\/product\/meizitang-botanical-slimming-36-capsulas-soft-gel\/#webpage","url":"https:\/\/armonianaturaldietshop.com\/en\/product\/meizitang-botanical-slimming-36-capsulas-soft-gel\/","name":"Meizitang Botanical Slimming 36 Capsulas Soft Gel - Armonia Natural Diet Shop","isPartOf":{"@id":"https:\/\/armonianaturaldietshop.com\/#website"},"primaryImageOfPage":{"@id":"https:\/\/armonianaturaldietshop.com\/en\/product\/meizitang-botanical-slimming-36-capsulas-soft-gel\/#primaryimage"},"datePublished":"2018-01-28T21:43:06+00:00","dateModified":"2019-04-15T14:07:41+00:00","breadcrumb":{"@id":"https:\/\/armonianaturaldietshop.com\/en\/product\/meizitang-botanical-slimming-36-capsulas-soft-gel\/#breadcrumb"},"inLanguage":"en-US","potentialAction":[{"@type":"ReadAction","target":["https:\/\/armonianaturaldietshop.com\/en\/product\/meizitang-botanical-slimming-36-capsulas-soft-gel\/"]}]},{"@type":"BreadcrumbList","@id":"https:\/\/armonianaturaldietshop.com\/en\/product\/meizitang-botanical-slimming-36-capsulas-soft-gel\/#breadcrumb","itemListElement":[{"@type":"ListItem","position":1,"name":"Home","item":"https:\/\/armonianaturaldietshop.com\/en\/"},{"@type":"ListItem","position":2,"name":"Shop","item":"https:\/\/armonianaturaldietshop.com\/en\/shop\/"},{"@type":"ListItem","position":3,"name":"Meizitang Botanical Slimming 36 Capsulas Soft Gel"}]}]}},"_links":{"self":[{"href":"https:\/\/armonianaturaldietshop.com\/en\/wp-json\/wp\/v2\/product\/1764"}],"collection":[{"href":"https:\/\/armonianaturaldietshop.com\/en\/wp-json\/wp\/v2\/product"}],"about":[{"href":"https:\/\/armonianaturaldietshop.com\/en\/wp-json\/wp\/v2\/types\/product"}],"replies":[{"embeddable":true,"href":"https:\/\/armonianaturaldietshop.com\/en\/wp-json\/wp\/v2\/comments?post=1764"}],"wp:featuredmedia":[{"embeddable":true,"href":"https:\/\/armonianaturaldietshop.com\/en\/wp-json\/wp\/v2\/media\/2881"}],"wp:attachment":[{"href":"https:\/\/armonianaturaldietshop.com\/en\/wp-json\/wp\/v2\/media?parent=1764"}],"wp:term":[{"taxonomy":"product_cat","embeddable":true,"href":"https:\/\/armonianaturaldietshop.com\/en\/wp-json\/wp\/v2\/product_cat?post=1764"},{"taxonomy":"product_tag","embeddable":true,"href":"https:\/\/armonianaturaldietshop.com\/en\/wp-json\/wp\/v2\/product_tag?post=1764"}],"curies":[{"name":"wp","href":"https:\/\/api.w.org\/{rel}","templated":true}]}}