{"id":1767,"date":"2018-01-28T21:43:05","date_gmt":"2018-01-28T21:43:05","guid":{"rendered":"http:\/\/armonianaturaldietshop.com\/product\/mega-men-sport-180-caps\/"},"modified":"2018-01-28T21:43:05","modified_gmt":"2018-01-28T21:43:05","slug":"mega-men-sport-180-caps","status":"publish","type":"product","link":"https:\/\/armonianaturaldietshop.com\/en\/product\/mega-men-sport-180-caps\/","title":{"rendered":"MEGA MEN SPORT 180 CAPS"},"content":{"rendered":"<h3 style=\"font-size: 15px; margin: 0px 0px 5px; padding: 10px; line-height: 1.1; font-family: Arial, Helvetica, sans-serif; color: #333333; font-weight: 500; text-align: center; letter-spacing: 1px;\">DETALLES<\/h3>\n<p><br style=\"margin: 0px; padding: 0px; color: #333333; font-family: 'Source Sans Pro', sans-serif; font-size: 15px;\" \/><br style=\"margin: 0px; padding: 0px; color: #333333; font-family: 'Source Sans Pro', sans-serif; font-size: 15px;\" \/><\/p>\n<div class=\"std\" style=\"margin: 0px; padding: 0px; font-size: 16px; color: #333333; line-height: 1.2em; font-family: 'Source Sans Pro', sans-serif;\">\n<p style=\"margin: 0px 0px 10px; padding: 0px; line-height: 18px;\">Mega Men es la f\u00f3rmula para hombres que necesitan rendir al m\u00e1ximo, esta es una de las f\u00f3rmulas que cuenta con un soporte nutricional avanzado, ya que contiene 50 mg de Vitamina del grupo B (Complejo Cardiovascular).\u00a0<i style=\"margin: 0px; padding: 0px;\">Mega Men<\/i>\u00a0se conoce ampliamente ya que genera una protecci\u00f3n antioxidante \u00fanica en su organismo desarrollando defensas en su cuerpo.<\/p>\n<ul style=\"margin: 0px; padding: 0px 0px 10px 20px;\">\n<li style=\"margin: 0px; padding: 0px; line-height: 1.2em;\"><i style=\"margin: 0px; padding: 0px;\">Mega Men<\/i>\u00a0es el multivitam\u00ednico perfecto para hombres activos<\/li>\n<li style=\"margin: 0px; padding: 0px; line-height: 1.2em;\"><strong style=\"margin: 0px; padding: 0px;\">Mega Men<\/strong>\u00a0para lograr una buena salud y rendimiento deportivo<\/li>\n<li style=\"margin: 0px; padding: 0px; line-height: 1.2em;\"><span style=\"margin: 0px; padding: 0px; text-decoration: underline;\">Mega Men<\/span>\u00a0proporciona una mezcla patentada que combina los beneficios de t\u00e9 verde<\/li>\n<\/ul>\n<p style=\"margin: 0px 0px 10px; padding: 0px; line-height: 18px;\">La combinaci\u00f3n \u00fanica de \u00a0Mega Men contiene vitaminas del grupo B, esenciales para la producci\u00f3n de energ\u00eda, que pueden llegar a faltar en la dieta. Mega Men contiene la palma enana americana y licopeno para mantener la salud de la pr\u00f3stata, as\u00ed como una combinaci\u00f3n de carotenoides y lute\u00edna que ayuda a cuidar aun m\u00e1s la salud de todo su organismo.<\/p>\n<p style=\"margin: 0px 0px 10px; padding: 0px; line-height: 18px;\">La investigaci\u00f3n ha demostrado que\u00a0<strong style=\"margin: 0px; padding: 0px;\">Mega Men<\/strong>\u00a0proporciona una mezcla patentada que combina los beneficios de t\u00e9 verde con los principales amino\u00e1cidos y beta-alanina, aportando al m\u00fasculo la energ\u00eda y la fuerza que necesita. Mega Men contiene vitaminas B-6, B-12 y \u00e1cido f\u00f3lico que juega un importante papel en el mantenimiento de los niveles normales de homociste\u00edna (La homociste\u00edna es un amino\u00e1cido que se produce dentro de nuestro cuerpo). Mega Men es uno de los pocos productos para el deportista que posee caracter\u00edsticas antioxidantes. El consumo de nutrientes antioxidantes como el selenio, vitaminas C y E en el Mega Men pueden reducir el riesgo de c\u00e1ncer y otras enfermedades, adem\u00e1s, Mega Men protege de los radicales libres, que pueden destruir las c\u00e9lulas sanas<\/p>\n<blockquote style=\"margin: 0px 0px 15px; padding: 10px; color: #535353; line-height: 18px; background-color: #f3f3f3;\"><p>Mega Men es muy efectivo en el tratamiento de las manifestaciones que acompa\u00f1an a los procesos de disminuci\u00f3n de la capacidad f\u00edsica. Mega Men ofrece los nutrientes necesarios para mantener y mejorar la salud de los hombres. Como en cada etapa de la vida o en cada condici\u00f3n. Mega Men le ayuda a tener m\u00e1s fuerza y vitalidad en su vida sexual.<\/p><\/blockquote>\n<\/div>\n","protected":false},"excerpt":{"rendered":"<p>Mega Men es la f\u00f3rmula para hombres que necesitan rendir al m\u00e1ximo, esta es una de las f\u00f3rmulas que cuenta con un soporte nutricional avanzado, ya que contiene 50 mg de Vitamina del grupo B (Complejo Cardiovascular). Mega Men se conoce ampliamente ya que genera una protecci\u00f3n antioxidante \u00fanica en su organismo desarrollando defensas en su cuerpo.<\/p>\n","protected":false},"featured_media":959,"comment_status":"open","ping_status":"closed","template":"","meta":[],"product_cat":[29,34],"product_tag":[],"acf":[],"yoast_head":"<!-- This site is optimized with the Yoast SEO plugin v18.5.1 - https:\/\/yoast.com\/wordpress\/plugins\/seo\/ -->\n<title>MEGA MEN SPORT 180 CAPS - Armonia Natural Diet Shop<\/title>\n<meta name=\"robots\" content=\"index, follow, max-snippet:-1, max-image-preview:large, max-video-preview:-1\" \/>\n<link rel=\"canonical\" href=\"https:\/\/armonianaturaldietshop.com\/en\/product\/mega-men-sport-180-caps\/\" \/>\n<meta property=\"og:locale\" content=\"en_US\" \/>\n<meta property=\"og:type\" content=\"article\" \/>\n<meta property=\"og:title\" content=\"MEGA MEN SPORT 180 CAPS - Armonia Natural Diet Shop\" \/>\n<meta property=\"og:description\" content=\"Mega Men es la f\u00f3rmula para hombres que necesitan rendir al m\u00e1ximo, esta es una de las f\u00f3rmulas que cuenta con un soporte nutricional avanzado, ya que contiene 50 mg de Vitamina del grupo B (Complejo Cardiovascular). Mega Men se conoce ampliamente ya que genera una protecci\u00f3n antioxidante \u00fanica en su organismo desarrollando defensas en su cuerpo.\" \/>\n<meta property=\"og:url\" content=\"https:\/\/armonianaturaldietshop.com\/en\/product\/mega-men-sport-180-caps\/\" \/>\n<meta property=\"og:site_name\" content=\"Armonia Natural Diet Shop\" \/>\n<meta property=\"article:publisher\" content=\"https:\/\/www.facebook.com\/ArmoniaNaturalDietShop\/\" \/>\n<meta property=\"og:image\" content=\"https:\/\/armonianaturaldietshop.com\/wp-content\/uploads\/2018\/02\/mega-men-sport-180-caps_762.jpg\" \/>\n\t<meta property=\"og:image:width\" content=\"300\" \/>\n\t<meta property=\"og:image:height\" content=\"300\" \/>\n\t<meta property=\"og:image:type\" content=\"image\/jpeg\" \/>\n<meta name=\"twitter:card\" content=\"summary_large_image\" \/>\n<meta name=\"twitter:label1\" content=\"Est. reading time\" \/>\n\t<meta name=\"twitter:data1\" content=\"2 minutes\" \/>\n<script type=\"application\/ld+json\" class=\"yoast-schema-graph\">{\"@context\":\"https:\/\/schema.org\",\"@graph\":[{\"@type\":\"Organization\",\"@id\":\"https:\/\/armonianaturaldietshop.com\/#organization\",\"name\":\"Armonia Natural Diet Shop\",\"url\":\"https:\/\/armonianaturaldietshop.com\/\",\"sameAs\":[\"https:\/\/www.facebook.com\/ArmoniaNaturalDietShop\/\",\"https:\/\/www.instagram.com\/armonia.natural\/?hl=en\"],\"logo\":{\"@type\":\"ImageObject\",\"@id\":\"https:\/\/armonianaturaldietshop.com\/#logo\",\"inLanguage\":\"en-US\",\"url\":\"https:\/\/armonianaturaldietshop.com\/wp-content\/uploads\/2018\/01\/top-banner-1.png\",\"contentUrl\":\"https:\/\/armonianaturaldietshop.com\/wp-content\/uploads\/2018\/01\/top-banner-1.png\",\"width\":369,\"height\":116,\"caption\":\"Armonia Natural Diet Shop\"},\"image\":{\"@id\":\"https:\/\/armonianaturaldietshop.com\/#logo\"}},{\"@type\":\"WebSite\",\"@id\":\"https:\/\/armonianaturaldietshop.com\/#website\",\"url\":\"https:\/\/armonianaturaldietshop.com\/\",\"name\":\"Armonia Natural Diet Shop\",\"description\":\"Otro sitio realizado con WordPress\",\"publisher\":{\"@id\":\"https:\/\/armonianaturaldietshop.com\/#organization\"},\"potentialAction\":[{\"@type\":\"SearchAction\",\"target\":{\"@type\":\"EntryPoint\",\"urlTemplate\":\"https:\/\/armonianaturaldietshop.com\/?s={search_term_string}\"},\"query-input\":\"required name=search_term_string\"}],\"inLanguage\":\"en-US\"},{\"@type\":\"ImageObject\",\"@id\":\"https:\/\/armonianaturaldietshop.com\/en\/product\/mega-men-sport-180-caps\/#primaryimage\",\"inLanguage\":\"en-US\",\"url\":\"https:\/\/armonianaturaldietshop.com\/wp-content\/uploads\/2018\/02\/mega-men-sport-180-caps_762.jpg\",\"contentUrl\":\"https:\/\/armonianaturaldietshop.com\/wp-content\/uploads\/2018\/02\/mega-men-sport-180-caps_762.jpg\",\"width\":300,\"height\":300},{\"@type\":\"WebPage\",\"@id\":\"https:\/\/armonianaturaldietshop.com\/en\/product\/mega-men-sport-180-caps\/#webpage\",\"url\":\"https:\/\/armonianaturaldietshop.com\/en\/product\/mega-men-sport-180-caps\/\",\"name\":\"MEGA MEN SPORT 180 CAPS - Armonia Natural Diet Shop\",\"isPartOf\":{\"@id\":\"https:\/\/armonianaturaldietshop.com\/#website\"},\"primaryImageOfPage\":{\"@id\":\"https:\/\/armonianaturaldietshop.com\/en\/product\/mega-men-sport-180-caps\/#primaryimage\"},\"datePublished\":\"2018-01-28T21:43:05+00:00\",\"dateModified\":\"2018-01-28T21:43:05+00:00\",\"breadcrumb\":{\"@id\":\"https:\/\/armonianaturaldietshop.com\/en\/product\/mega-men-sport-180-caps\/#breadcrumb\"},\"inLanguage\":\"en-US\",\"potentialAction\":[{\"@type\":\"ReadAction\",\"target\":[\"https:\/\/armonianaturaldietshop.com\/en\/product\/mega-men-sport-180-caps\/\"]}]},{\"@type\":\"BreadcrumbList\",\"@id\":\"https:\/\/armonianaturaldietshop.com\/en\/product\/mega-men-sport-180-caps\/#breadcrumb\",\"itemListElement\":[{\"@type\":\"ListItem\",\"position\":1,\"name\":\"Home\",\"item\":\"https:\/\/armonianaturaldietshop.com\/en\/\"},{\"@type\":\"ListItem\",\"position\":2,\"name\":\"Shop\",\"item\":\"https:\/\/armonianaturaldietshop.com\/en\/shop\/\"},{\"@type\":\"ListItem\",\"position\":3,\"name\":\"MEGA MEN SPORT 180 CAPS\"}]}]}<\/script>\n<!-- \/ Yoast SEO plugin. -->","yoast_head_json":{"title":"MEGA MEN SPORT 180 CAPS - Armonia Natural Diet Shop","robots":{"index":"index","follow":"follow","max-snippet":"max-snippet:-1","max-image-preview":"max-image-preview:large","max-video-preview":"max-video-preview:-1"},"canonical":"https:\/\/armonianaturaldietshop.com\/en\/product\/mega-men-sport-180-caps\/","og_locale":"en_US","og_type":"article","og_title":"MEGA MEN SPORT 180 CAPS - Armonia Natural Diet Shop","og_description":"Mega Men es la f\u00f3rmula para hombres que necesitan rendir al m\u00e1ximo, esta es una de las f\u00f3rmulas que cuenta con un soporte nutricional avanzado, ya que contiene 50 mg de Vitamina del grupo B (Complejo Cardiovascular). Mega Men se conoce ampliamente ya que genera una protecci\u00f3n antioxidante \u00fanica en su organismo desarrollando defensas en su cuerpo.","og_url":"https:\/\/armonianaturaldietshop.com\/en\/product\/mega-men-sport-180-caps\/","og_site_name":"Armonia Natural Diet Shop","article_publisher":"https:\/\/www.facebook.com\/ArmoniaNaturalDietShop\/","og_image":[{"width":300,"height":300,"url":"https:\/\/armonianaturaldietshop.com\/wp-content\/uploads\/2018\/02\/mega-men-sport-180-caps_762.jpg","type":"image\/jpeg"}],"twitter_card":"summary_large_image","twitter_misc":{"Est. reading time":"2 minutes"},"schema":{"@context":"https:\/\/schema.org","@graph":[{"@type":"Organization","@id":"https:\/\/armonianaturaldietshop.com\/#organization","name":"Armonia Natural Diet Shop","url":"https:\/\/armonianaturaldietshop.com\/","sameAs":["https:\/\/www.facebook.com\/ArmoniaNaturalDietShop\/","https:\/\/www.instagram.com\/armonia.natural\/?hl=en"],"logo":{"@type":"ImageObject","@id":"https:\/\/armonianaturaldietshop.com\/#logo","inLanguage":"en-US","url":"https:\/\/armonianaturaldietshop.com\/wp-content\/uploads\/2018\/01\/top-banner-1.png","contentUrl":"https:\/\/armonianaturaldietshop.com\/wp-content\/uploads\/2018\/01\/top-banner-1.png","width":369,"height":116,"caption":"Armonia Natural Diet Shop"},"image":{"@id":"https:\/\/armonianaturaldietshop.com\/#logo"}},{"@type":"WebSite","@id":"https:\/\/armonianaturaldietshop.com\/#website","url":"https:\/\/armonianaturaldietshop.com\/","name":"Armonia Natural Diet Shop","description":"Otro sitio realizado con WordPress","publisher":{"@id":"https:\/\/armonianaturaldietshop.com\/#organization"},"potentialAction":[{"@type":"SearchAction","target":{"@type":"EntryPoint","urlTemplate":"https:\/\/armonianaturaldietshop.com\/?s={search_term_string}"},"query-input":"required name=search_term_string"}],"inLanguage":"en-US"},{"@type":"ImageObject","@id":"https:\/\/armonianaturaldietshop.com\/en\/product\/mega-men-sport-180-caps\/#primaryimage","inLanguage":"en-US","url":"https:\/\/armonianaturaldietshop.com\/wp-content\/uploads\/2018\/02\/mega-men-sport-180-caps_762.jpg","contentUrl":"https:\/\/armonianaturaldietshop.com\/wp-content\/uploads\/2018\/02\/mega-men-sport-180-caps_762.jpg","width":300,"height":300},{"@type":"WebPage","@id":"https:\/\/armonianaturaldietshop.com\/en\/product\/mega-men-sport-180-caps\/#webpage","url":"https:\/\/armonianaturaldietshop.com\/en\/product\/mega-men-sport-180-caps\/","name":"MEGA MEN SPORT 180 CAPS - Armonia Natural Diet Shop","isPartOf":{"@id":"https:\/\/armonianaturaldietshop.com\/#website"},"primaryImageOfPage":{"@id":"https:\/\/armonianaturaldietshop.com\/en\/product\/mega-men-sport-180-caps\/#primaryimage"},"datePublished":"2018-01-28T21:43:05+00:00","dateModified":"2018-01-28T21:43:05+00:00","breadcrumb":{"@id":"https:\/\/armonianaturaldietshop.com\/en\/product\/mega-men-sport-180-caps\/#breadcrumb"},"inLanguage":"en-US","potentialAction":[{"@type":"ReadAction","target":["https:\/\/armonianaturaldietshop.com\/en\/product\/mega-men-sport-180-caps\/"]}]},{"@type":"BreadcrumbList","@id":"https:\/\/armonianaturaldietshop.com\/en\/product\/mega-men-sport-180-caps\/#breadcrumb","itemListElement":[{"@type":"ListItem","position":1,"name":"Home","item":"https:\/\/armonianaturaldietshop.com\/en\/"},{"@type":"ListItem","position":2,"name":"Shop","item":"https:\/\/armonianaturaldietshop.com\/en\/shop\/"},{"@type":"ListItem","position":3,"name":"MEGA MEN SPORT 180 CAPS"}]}]}},"_links":{"self":[{"href":"https:\/\/armonianaturaldietshop.com\/en\/wp-json\/wp\/v2\/product\/1767"}],"collection":[{"href":"https:\/\/armonianaturaldietshop.com\/en\/wp-json\/wp\/v2\/product"}],"about":[{"href":"https:\/\/armonianaturaldietshop.com\/en\/wp-json\/wp\/v2\/types\/product"}],"replies":[{"embeddable":true,"href":"https:\/\/armonianaturaldietshop.com\/en\/wp-json\/wp\/v2\/comments?post=1767"}],"wp:featuredmedia":[{"embeddable":true,"href":"https:\/\/armonianaturaldietshop.com\/en\/wp-json\/wp\/v2\/media\/959"}],"wp:attachment":[{"href":"https:\/\/armonianaturaldietshop.com\/en\/wp-json\/wp\/v2\/media?parent=1767"}],"wp:term":[{"taxonomy":"product_cat","embeddable":true,"href":"https:\/\/armonianaturaldietshop.com\/en\/wp-json\/wp\/v2\/product_cat?post=1767"},{"taxonomy":"product_tag","embeddable":true,"href":"https:\/\/armonianaturaldietshop.com\/en\/wp-json\/wp\/v2\/product_tag?post=1767"}],"curies":[{"name":"wp","href":"https:\/\/api.w.org\/{rel}","templated":true}]}}