{"id":1769,"date":"2018-01-28T21:43:04","date_gmt":"2018-01-28T21:43:04","guid":{"rendered":"http:\/\/armonianaturaldietshop.com\/product\/maxman-ultra-long-elongador-potencializador\/"},"modified":"2022-06-10T22:37:48","modified_gmt":"2022-06-10T22:37:48","slug":"maxman-ultra-long-elongador-potencializador","status":"publish","type":"product","link":"https:\/\/armonianaturaldietshop.com\/en\/product\/maxman-ultra-long-elongador-potencializador\/","title":{"rendered":"MaxMan UltraLong Potencializador"},"content":{"rendered":"<p>&nbsp;<\/p>\n<h1 style=\"text-align: center;\">MaxMan UltraLong Potencializador<\/h1>\n<p>&nbsp;<\/p>\n<p>&nbsp;<\/p>\n<p style=\"text-align: left;\">MaxMan UltraLong Potencializador es un Potenciador Sexual Masculino, de Hierbas Milenarias de la China mezcladas y junto con Tecnolog\u00eda Americana. Es uno de los productos m\u00e1s Consumido en Estados Unidos y en Europa desde el a\u00f1o 2007 hasta la fecha.<\/p>\n<p style=\"text-align: justify; margin-top: 0px;\">Las Capsulas de Maxman son una selecci\u00f3n segura y patentada de Hierbas Naturales, conocidas por sus propiedades especiales y que mezcladas juntas forman una combinaci\u00f3n Poderosa y Efectiva para el Agrandamiento y Engrosamiento del Pene.<\/p>\n<h2 style=\"text-align: justify; margin-top: 0px;\"><strong>BENEFICIOS AL UTILIZAR MAXMAN ULTRALONG:<\/strong><\/h2>\n<ul style=\"list-style-type: circle; padding: 0px; margin: 0px 0px 10px 0px;\">\n<li style=\"text-align: justify; padding: 5px 5px 5px 10px;\">Pone el Pene Erecto R\u00e1pidamente, como una Piedra<\/li>\n<li style=\"text-align: justify; padding: 5px 5px 5px 10px;\">Te Proporciona Erecciones Duraderas , Mas Fuertes como una Roca y en el momento que quieras, son Erecciones iguales a las de Los Actores Pornogr\u00e1ficos<\/li>\n<li style=\"text-align: justify; padding: 5px 5px 5px 10px;\">Fortalece los m\u00fasculos del Pene, logrando una buena circulaci\u00f3n sangu\u00ednea<\/li>\n<li style=\"text-align: justify; padding: 5px 5px 5px 10px;\">Elimina la Erecci\u00f3n D\u00e9bil, Evita y controla la Eyaculaci\u00f3n Precoz<\/li>\n<li style=\"text-align: justify; padding: 5px 5px 5px 10px;\">Aumenta la secreci\u00f3n de las c\u00e9lulas de los test\u00edculos y activa la funci\u00f3n renal<\/li>\n<li style=\"text-align: justify; padding: 5px 5px 5px 10px;\">Te aumenta el Volumen de Semen<\/li>\n<li style=\"text-align: justify; padding: 5px 5px 5px 10px;\">Desarrolla Tu Musculo PC lo que hace que el Pene tenga una buena apariencia Muscular<\/li>\n<li style=\"text-align: justify; padding: 5px 5px 5px 10px;\">Previene Problemas de C\u00e1ncer de Pr\u00f3stata e Incontinencia<\/li>\n<li style=\"text-align: justify; padding: 5px 5px 5px 10px;\">Mejora Tu Auto Estima, as\u00ed como la Relaci\u00f3n con Tu Pareja o Amantes<\/li>\n<li style=\"text-align: justify; padding: 5px 5px 5px 10px;\">Engrosa la Cabeza del pene<\/li>\n<li style=\"text-align: justify; padding: 5px 5px 5px 10px;\">Te permite aguantar m\u00e1s tiempo y reduce el tiempo de Recuperaci\u00f3n entre orgasmos, Tu presentaci\u00f3n sexual ser\u00e1 igual a la de los Actores Pornogr\u00e1ficos<\/li>\n<li style=\"text-align: justify; padding: 5px 5px 5px 10px;\">No crea efectos Secundarios, ni da Rebote o cualquier otro efecto secundario, es 100 % Seguro<\/li>\n<li style=\"text-align: justify; padding: 5px 5px 5px 10px;\">Las capsulas son naturales y si dejas de tomarlas no perder\u00e1s las ganancias<\/li>\n<\/ul>\n<p style=\"text-align: justify; margin-top: 0px;\">\n<h2 style=\"font-size: 18px; font-weight: bold; color: #000000; border-bottom-width: 1px; border-bottom-style: solid; border-bottom-color: #000000; margin-top: 0px; padding-top: 10px;\">\u00bfCOMO ES POSIBLE AGRANDAR Y ENGROSAR EL PENE ?<\/h2>\n<p>&nbsp;<\/p>\n<p style=\"text-align: justify; margin-top: 0px;\">Todos en alg\u00fan momento de nuestras vidas nos hemos hecho la pregunta de si es verdaderamente posible aumentar el tama\u00f1o del pene, y si es posible, saber como hacerlo. Pues bien la respuesta es muy simple:<\/p>\n<p style=\"text-align: justify; margin-top: 0px;\">El pene esta Dividido en c\u00e1maras que son de Tejido Esponjoso que se llaman los Cuerpos Cavernosos. Cuando la sangre llena estos tejidos se presenta una erecci\u00f3n del Pene. Entonces lo que determina el tama\u00f1o del Pene, es el tejido esponjoso de los cuerpos cavernosos del Pene y la circulaci\u00f3n de la sangre que llega al Pene.<\/p>\n<p style=\"text-align: justify; margin-top: 0px;\">Lo que hace MaxMan UltraLong Potencializador , con su asombrosa formula natural es mejorar tu circulaci\u00f3n sangu\u00ednea, expandir y hacer crecer los Tejidos Er\u00e9ctiles del Pene. Logrando de esta forma el aumento tanto en Longitud y Grosor del pene.<\/p>\n<p style=\"text-align: justify; margin-top: 0px;\">Recuerda que en ambos lados del Pene, existen dos \u00e1reas esponjosas llamadas cuerpos cavernosos. Una erecci\u00f3n sucede cuando el hombre se excita y el flujo natural de la sangre llena estos Tejidos Er\u00e9ctiles.<\/p>\n<p style=\"text-align: justify; margin-top: 0px;\">Despu\u00e9s de tomar una capsula y una Raiz de MaxMan UltraLong Potencializador, el volumen de los cuerpos cavernosos del Pene aumenta de manera notable y la sangre llena totalmente estos tejidos er\u00e9ctiles resultando una Potente Erecci\u00f3n y un impresionante aumento del tama\u00f1o del Pene. Y lo m\u00e1s impresionante de todo es que la formula herbolaria y milenaria, crea un aumento permanente al Pene tanto en Longitud y Grosor sin perder nunca las ganancias obtenidas.<\/p>\n<div>\n<p>&nbsp;<\/p>\n<p style=\"line-height: 17px; font-size: 12px; border-color: #9db9da; margin: 0px 0px 1.35em 0px;\">Presentacion del Producto<br style=\"line-height: 17px; border-color: #9db9da;\" \/>Caja x 12 c\u00e1psulas y 12 p\u00edldoras<\/p>\n<p style=\"line-height: 17px; font-size: 12px; border-color: #9db9da; margin: 0px 0px 1.35em 0px;\">\n<p style=\"line-height: 17px; font-size: 12px; border-color: #9db9da; margin: 0px 0px 1.35em 0px;\"><span style=\"font-size: 14pt; color: #ff0000;\"><strong style=\"line-height: 17px; font-weight: bold; border-color: #9db9da;\">C o n t r a i n d i c a c i o n e s<br \/>\n<\/strong><\/span><br \/>\nEst\u00e1 contraindicado en casos de hipertensi\u00f3n arterial alta y en general patolog\u00edas relacionadas con enfermedad cardiaca.<\/p>\n<p style=\"line-height: 17px; font-size: 12px; border-color: #9db9da; margin: 0px 0px 1.35em 0px;\">El consumo regular puede equilibrar la energ\u00eda yin (energ\u00eda fr\u00eda) y yang (energ\u00eda caliente) en del cuerpo humano.<\/p>\n<p style=\"line-height: 17px; font-size: 12px; border-color: #9db9da; margin: 0px 0px 1.35em 0px;\">Los sistemas reguladores fundamentales pueden beneficiarse manteniendo el funcionamiento \u00f3ptimo con las dosis regulares.<\/p>\n<p style=\"line-height: 17px; font-size: 12px; border-color: #9db9da; margin: 0px 0px 1.35em 0px;\">Los residuos permanecen en el cuerpo da\u00f1ando la salud?<\/p>\n<p style=\"line-height: 17px; font-size: 12px; border-color: #9db9da; margin: 0px 0px 1.35em 0px;\">Al contrario, todos los ingredientes herbales extra\u00eddos son de gran beneficio para la salud. Todos los nutrientes de la f\u00f3rmula se acumularan en los sistemas del cuerpo como un dep\u00f3sito de elementos t\u00f3nicos poderosos que nutren y lo mantienen saludable. Al tomar como una vitamina, podr\u00e1 sentir c\u00f3mo los Ql (la energ\u00eda positiva) entran en el cuerpo y vigoriz\u00e1ndolo totalmente. Cuando tenga encuentros sexuales, tendr\u00e1 erecciones con mayor fuerza, frecuencia, y aumentar\u00e1 la firmeza notablemente.<\/p>\n<p style=\"line-height: 17px; font-size: 12px; border-color: #9db9da; margin: 0px 0px 1.35em 0px;\"><span class=\"ecxApple-style-span\" style=\"line-height: normal; font-size: 16px;\">\u00a0<\/span><\/p>\n<\/div>\n<p>&nbsp;<\/p>\n<p><span style=\"font-size: 18pt;\"><strong><span style=\"font-family: georgia, palatino;\">MAXMAN ULTRA LONG MULTIPLES BENEFICIOS DE TOMAR\u00a0<\/span><\/strong><\/span><\/p>\n<p>&nbsp;<\/p>\n<ul style=\"margin: 0px 0px 10px 17px; padding: 0px; list-style-type: none; color: #333333; font-family: 'Helvetica Neue', Helvetica, Arial, sans-serif; font-size: 14px; line-height: 20px; text-align: justify;\">\n<li style=\"margin: 0px; padding: 0px; list-style-type: circle; font-size: 16px; line-height: 1.3em; color: #000000;\"><span style=\"font-size: 18pt; font-family: georgia, palatino;\">Es un producto que le permitir\u00e1 consolidar y endurecer su erecci\u00f3n.<\/span><\/li>\n<li style=\"margin: 0px; padding: 0px; list-style-type: circle; font-size: 16px; line-height: 1.3em; color: #000000;\"><span style=\"font-size: 18pt; font-family: georgia, palatino;\">Incrementa el flujo de esperma.<\/span><\/li>\n<li style=\"margin: 0px; padding: 0px; list-style-type: circle; font-size: 16px; line-height: 1.3em; color: #000000;\"><span style=\"font-size: 18pt; font-family: georgia, palatino;\">Es un producto 100% natural, por lo tanto no tiene contraindicaciones.<\/span><\/li>\n<li style=\"margin: 0px; padding: 0px; list-style-type: circle; font-size: 16px; line-height: 1.3em; color: #000000;\"><span style=\"font-size: 18pt; font-family: georgia, palatino;\">No produce efectos secundarios.<\/span><\/li>\n<li style=\"margin: 0px; padding: 0px; list-style-type: circle; font-size: 16px; line-height: 1.3em; color: #000000;\"><span style=\"font-size: 18pt; font-family: georgia, palatino;\">Mejora la eyaculaci\u00f3n precoz.<\/span><\/li>\n<li style=\"margin: 0px; padding: 0px; list-style-type: circle; font-size: 16px; line-height: 1.3em; color: #000000;\"><span style=\"font-size: 18pt; font-family: georgia, palatino;\">Ayuda a disfrutar al 100% de su sexualidad.<\/span><\/li>\n<li style=\"margin: 0px; padding: 0px; list-style-type: circle; font-size: 16px; line-height: 1.3em; color: #000000;\"><span style=\"font-size: 18pt; font-family: georgia, palatino;\">Trata la impotencia.<\/span><\/li>\n<\/ul>\n<p>&nbsp;<\/p>\n<p><strong><span style=\"font-size: 18pt; font-family: georgia, palatino; color: #ff6600;\">DOSIFICACION:<\/span><\/strong><\/p>\n<p><span style=\"font-family: georgia, palatino; font-size: 18pt; line-height: 20.8px; text-align: justify;\">Se debe tomar un comprimido acompa\u00f1ado de una p\u00edldora de 10 a 30 minutos antes de la relaci\u00f3n sexual para uso ocasional.\u00a0 Este producto viene empacado en caja met\u00e1lica lujosa, por 12 comprimidos (en forma de pene), y 12 p\u00edldoras de efecto retardante.<\/span><\/p>\n<p>&nbsp;<\/p>\n<p>&nbsp;<\/p>\n","protected":false},"excerpt":{"rendered":"<p>Maxman ultra long es la version mas avanzada de MAXMAN: Es un potente t\u00f3nico herbal que mejora de manera efectiva la capacidad sexual masculina, permiti\u00e9ndole al hombre tener erecciones m\u00e1s fuertes y duraderas, disfrutando as\u00ed de un notorio engrosamiento del pene, complaciendo y regocijando a su pareja. Esta exclusiva concentraci\u00f3n 100% segura se encarga del cuidado de la salud sexual, libre de hormonas o de componentes que le puedan causar da\u00f1o al organismo.<\/p>\n","protected":false},"featured_media":965,"comment_status":"open","ping_status":"closed","template":"","meta":[],"product_cat":[30],"product_tag":[],"acf":[],"yoast_head":"<!-- This site is optimized with the Yoast SEO plugin v18.5.1 - https:\/\/yoast.com\/wordpress\/plugins\/seo\/ -->\n<title>MaxMan UltraLong Potencializador - Armonia Natural Diet Shop<\/title>\n<meta name=\"robots\" content=\"index, follow, max-snippet:-1, max-image-preview:large, max-video-preview:-1\" \/>\n<link rel=\"canonical\" href=\"https:\/\/armonianaturaldietshop.com\/en\/product\/maxman-ultra-long-elongador-potencializador\/\" \/>\n<meta property=\"og:locale\" content=\"en_US\" \/>\n<meta property=\"og:type\" content=\"article\" \/>\n<meta property=\"og:title\" content=\"MaxMan UltraLong Potencializador - Armonia Natural Diet Shop\" \/>\n<meta property=\"og:description\" content=\"Maxman ultra long es la version mas avanzada de MAXMAN: Es un potente t\u00f3nico herbal que mejora de manera efectiva la capacidad sexual masculina, permiti\u00e9ndole al hombre tener erecciones m\u00e1s fuertes y duraderas, disfrutando as\u00ed de un notorio engrosamiento del pene, complaciendo y regocijando a su pareja. Esta exclusiva concentraci\u00f3n 100% segura se encarga del cuidado de la salud sexual, libre de hormonas o de componentes que le puedan causar da\u00f1o al organismo.\" \/>\n<meta property=\"og:url\" content=\"https:\/\/armonianaturaldietshop.com\/en\/product\/maxman-ultra-long-elongador-potencializador\/\" \/>\n<meta property=\"og:site_name\" content=\"Armonia Natural Diet Shop\" \/>\n<meta property=\"article:publisher\" content=\"https:\/\/www.facebook.com\/ArmoniaNaturalDietShop\/\" \/>\n<meta property=\"article:modified_time\" content=\"2022-06-10T22:37:48+00:00\" \/>\n<meta property=\"og:image\" content=\"https:\/\/armonianaturaldietshop.com\/wp-content\/uploads\/2018\/02\/maxman-ultra-long-elongador-potencializador_590.jpg\" \/>\n\t<meta property=\"og:image:width\" content=\"380\" \/>\n\t<meta property=\"og:image:height\" content=\"473\" \/>\n\t<meta property=\"og:image:type\" content=\"image\/jpeg\" \/>\n<meta name=\"twitter:card\" content=\"summary_large_image\" \/>\n<meta name=\"twitter:label1\" content=\"Est. reading time\" \/>\n\t<meta name=\"twitter:data1\" content=\"4 minutes\" \/>\n<script type=\"application\/ld+json\" class=\"yoast-schema-graph\">{\"@context\":\"https:\/\/schema.org\",\"@graph\":[{\"@type\":\"Organization\",\"@id\":\"https:\/\/armonianaturaldietshop.com\/#organization\",\"name\":\"Armonia Natural Diet Shop\",\"url\":\"https:\/\/armonianaturaldietshop.com\/\",\"sameAs\":[\"https:\/\/www.facebook.com\/ArmoniaNaturalDietShop\/\",\"https:\/\/www.instagram.com\/armonia.natural\/?hl=en\"],\"logo\":{\"@type\":\"ImageObject\",\"@id\":\"https:\/\/armonianaturaldietshop.com\/#logo\",\"inLanguage\":\"en-US\",\"url\":\"https:\/\/armonianaturaldietshop.com\/wp-content\/uploads\/2018\/01\/top-banner-1.png\",\"contentUrl\":\"https:\/\/armonianaturaldietshop.com\/wp-content\/uploads\/2018\/01\/top-banner-1.png\",\"width\":369,\"height\":116,\"caption\":\"Armonia Natural Diet Shop\"},\"image\":{\"@id\":\"https:\/\/armonianaturaldietshop.com\/#logo\"}},{\"@type\":\"WebSite\",\"@id\":\"https:\/\/armonianaturaldietshop.com\/#website\",\"url\":\"https:\/\/armonianaturaldietshop.com\/\",\"name\":\"Armonia Natural Diet Shop\",\"description\":\"Otro sitio realizado con WordPress\",\"publisher\":{\"@id\":\"https:\/\/armonianaturaldietshop.com\/#organization\"},\"potentialAction\":[{\"@type\":\"SearchAction\",\"target\":{\"@type\":\"EntryPoint\",\"urlTemplate\":\"https:\/\/armonianaturaldietshop.com\/?s={search_term_string}\"},\"query-input\":\"required name=search_term_string\"}],\"inLanguage\":\"en-US\"},{\"@type\":\"ImageObject\",\"@id\":\"https:\/\/armonianaturaldietshop.com\/en\/product\/maxman-ultra-long-elongador-potencializador\/#primaryimage\",\"inLanguage\":\"en-US\",\"url\":\"https:\/\/armonianaturaldietshop.com\/wp-content\/uploads\/2018\/02\/maxman-ultra-long-elongador-potencializador_590.jpg\",\"contentUrl\":\"https:\/\/armonianaturaldietshop.com\/wp-content\/uploads\/2018\/02\/maxman-ultra-long-elongador-potencializador_590.jpg\",\"width\":380,\"height\":473,\"caption\":\"MAXMAN ULTRALONG\"},{\"@type\":\"WebPage\",\"@id\":\"https:\/\/armonianaturaldietshop.com\/en\/product\/maxman-ultra-long-elongador-potencializador\/#webpage\",\"url\":\"https:\/\/armonianaturaldietshop.com\/en\/product\/maxman-ultra-long-elongador-potencializador\/\",\"name\":\"MaxMan UltraLong Potencializador - Armonia Natural Diet Shop\",\"isPartOf\":{\"@id\":\"https:\/\/armonianaturaldietshop.com\/#website\"},\"primaryImageOfPage\":{\"@id\":\"https:\/\/armonianaturaldietshop.com\/en\/product\/maxman-ultra-long-elongador-potencializador\/#primaryimage\"},\"datePublished\":\"2018-01-28T21:43:04+00:00\",\"dateModified\":\"2022-06-10T22:37:48+00:00\",\"breadcrumb\":{\"@id\":\"https:\/\/armonianaturaldietshop.com\/en\/product\/maxman-ultra-long-elongador-potencializador\/#breadcrumb\"},\"inLanguage\":\"en-US\",\"potentialAction\":[{\"@type\":\"ReadAction\",\"target\":[\"https:\/\/armonianaturaldietshop.com\/en\/product\/maxman-ultra-long-elongador-potencializador\/\"]}]},{\"@type\":\"BreadcrumbList\",\"@id\":\"https:\/\/armonianaturaldietshop.com\/en\/product\/maxman-ultra-long-elongador-potencializador\/#breadcrumb\",\"itemListElement\":[{\"@type\":\"ListItem\",\"position\":1,\"name\":\"Home\",\"item\":\"https:\/\/armonianaturaldietshop.com\/en\/\"},{\"@type\":\"ListItem\",\"position\":2,\"name\":\"Shop\",\"item\":\"https:\/\/armonianaturaldietshop.com\/en\/shop\/\"},{\"@type\":\"ListItem\",\"position\":3,\"name\":\"MaxMan UltraLong Potencializador\"}]}]}<\/script>\n<!-- \/ Yoast SEO plugin. -->","yoast_head_json":{"title":"MaxMan UltraLong Potencializador - Armonia Natural Diet Shop","robots":{"index":"index","follow":"follow","max-snippet":"max-snippet:-1","max-image-preview":"max-image-preview:large","max-video-preview":"max-video-preview:-1"},"canonical":"https:\/\/armonianaturaldietshop.com\/en\/product\/maxman-ultra-long-elongador-potencializador\/","og_locale":"en_US","og_type":"article","og_title":"MaxMan UltraLong Potencializador - Armonia Natural Diet Shop","og_description":"Maxman ultra long es la version mas avanzada de MAXMAN: Es un potente t\u00f3nico herbal que mejora de manera efectiva la capacidad sexual masculina, permiti\u00e9ndole al hombre tener erecciones m\u00e1s fuertes y duraderas, disfrutando as\u00ed de un notorio engrosamiento del pene, complaciendo y regocijando a su pareja. Esta exclusiva concentraci\u00f3n 100% segura se encarga del cuidado de la salud sexual, libre de hormonas o de componentes que le puedan causar da\u00f1o al organismo.","og_url":"https:\/\/armonianaturaldietshop.com\/en\/product\/maxman-ultra-long-elongador-potencializador\/","og_site_name":"Armonia Natural Diet Shop","article_publisher":"https:\/\/www.facebook.com\/ArmoniaNaturalDietShop\/","article_modified_time":"2022-06-10T22:37:48+00:00","og_image":[{"width":380,"height":473,"url":"https:\/\/armonianaturaldietshop.com\/wp-content\/uploads\/2018\/02\/maxman-ultra-long-elongador-potencializador_590.jpg","type":"image\/jpeg"}],"twitter_card":"summary_large_image","twitter_misc":{"Est. reading time":"4 minutes"},"schema":{"@context":"https:\/\/schema.org","@graph":[{"@type":"Organization","@id":"https:\/\/armonianaturaldietshop.com\/#organization","name":"Armonia Natural Diet Shop","url":"https:\/\/armonianaturaldietshop.com\/","sameAs":["https:\/\/www.facebook.com\/ArmoniaNaturalDietShop\/","https:\/\/www.instagram.com\/armonia.natural\/?hl=en"],"logo":{"@type":"ImageObject","@id":"https:\/\/armonianaturaldietshop.com\/#logo","inLanguage":"en-US","url":"https:\/\/armonianaturaldietshop.com\/wp-content\/uploads\/2018\/01\/top-banner-1.png","contentUrl":"https:\/\/armonianaturaldietshop.com\/wp-content\/uploads\/2018\/01\/top-banner-1.png","width":369,"height":116,"caption":"Armonia Natural Diet Shop"},"image":{"@id":"https:\/\/armonianaturaldietshop.com\/#logo"}},{"@type":"WebSite","@id":"https:\/\/armonianaturaldietshop.com\/#website","url":"https:\/\/armonianaturaldietshop.com\/","name":"Armonia Natural Diet Shop","description":"Otro sitio realizado con WordPress","publisher":{"@id":"https:\/\/armonianaturaldietshop.com\/#organization"},"potentialAction":[{"@type":"SearchAction","target":{"@type":"EntryPoint","urlTemplate":"https:\/\/armonianaturaldietshop.com\/?s={search_term_string}"},"query-input":"required name=search_term_string"}],"inLanguage":"en-US"},{"@type":"ImageObject","@id":"https:\/\/armonianaturaldietshop.com\/en\/product\/maxman-ultra-long-elongador-potencializador\/#primaryimage","inLanguage":"en-US","url":"https:\/\/armonianaturaldietshop.com\/wp-content\/uploads\/2018\/02\/maxman-ultra-long-elongador-potencializador_590.jpg","contentUrl":"https:\/\/armonianaturaldietshop.com\/wp-content\/uploads\/2018\/02\/maxman-ultra-long-elongador-potencializador_590.jpg","width":380,"height":473,"caption":"MAXMAN ULTRALONG"},{"@type":"WebPage","@id":"https:\/\/armonianaturaldietshop.com\/en\/product\/maxman-ultra-long-elongador-potencializador\/#webpage","url":"https:\/\/armonianaturaldietshop.com\/en\/product\/maxman-ultra-long-elongador-potencializador\/","name":"MaxMan UltraLong Potencializador - Armonia Natural Diet Shop","isPartOf":{"@id":"https:\/\/armonianaturaldietshop.com\/#website"},"primaryImageOfPage":{"@id":"https:\/\/armonianaturaldietshop.com\/en\/product\/maxman-ultra-long-elongador-potencializador\/#primaryimage"},"datePublished":"2018-01-28T21:43:04+00:00","dateModified":"2022-06-10T22:37:48+00:00","breadcrumb":{"@id":"https:\/\/armonianaturaldietshop.com\/en\/product\/maxman-ultra-long-elongador-potencializador\/#breadcrumb"},"inLanguage":"en-US","potentialAction":[{"@type":"ReadAction","target":["https:\/\/armonianaturaldietshop.com\/en\/product\/maxman-ultra-long-elongador-potencializador\/"]}]},{"@type":"BreadcrumbList","@id":"https:\/\/armonianaturaldietshop.com\/en\/product\/maxman-ultra-long-elongador-potencializador\/#breadcrumb","itemListElement":[{"@type":"ListItem","position":1,"name":"Home","item":"https:\/\/armonianaturaldietshop.com\/en\/"},{"@type":"ListItem","position":2,"name":"Shop","item":"https:\/\/armonianaturaldietshop.com\/en\/shop\/"},{"@type":"ListItem","position":3,"name":"MaxMan UltraLong Potencializador"}]}]}},"_links":{"self":[{"href":"https:\/\/armonianaturaldietshop.com\/en\/wp-json\/wp\/v2\/product\/1769"}],"collection":[{"href":"https:\/\/armonianaturaldietshop.com\/en\/wp-json\/wp\/v2\/product"}],"about":[{"href":"https:\/\/armonianaturaldietshop.com\/en\/wp-json\/wp\/v2\/types\/product"}],"replies":[{"embeddable":true,"href":"https:\/\/armonianaturaldietshop.com\/en\/wp-json\/wp\/v2\/comments?post=1769"}],"wp:featuredmedia":[{"embeddable":true,"href":"https:\/\/armonianaturaldietshop.com\/en\/wp-json\/wp\/v2\/media\/965"}],"wp:attachment":[{"href":"https:\/\/armonianaturaldietshop.com\/en\/wp-json\/wp\/v2\/media?parent=1769"}],"wp:term":[{"taxonomy":"product_cat","embeddable":true,"href":"https:\/\/armonianaturaldietshop.com\/en\/wp-json\/wp\/v2\/product_cat?post=1769"},{"taxonomy":"product_tag","embeddable":true,"href":"https:\/\/armonianaturaldietshop.com\/en\/wp-json\/wp\/v2\/product_tag?post=1769"}],"curies":[{"name":"wp","href":"https:\/\/api.w.org\/{rel}","templated":true}]}}