{"id":1770,"date":"2018-01-28T21:43:04","date_gmt":"2018-01-28T21:43:04","guid":{"rendered":"http:\/\/armonianaturaldietshop.com\/product\/mega-men-90-caps\/"},"modified":"2020-09-22T16:44:07","modified_gmt":"2020-09-22T16:44:07","slug":"mega-men-90-caps","status":"publish","type":"product","link":"https:\/\/armonianaturaldietshop.com\/en\/product\/mega-men-90-caps\/","title":{"rendered":"MEGA MEN 90 CAPS"},"content":{"rendered":"<p><img loading=\"lazy\" style=\"float: left;\" src=\"images\/megamen.jpg\" alt=\"megamen.jpg\" width=\"415\" height=\"415\" \/><\/p>\n<p>&nbsp;<\/p>\n<p><span id=\"result_box\" lang=\"es\" style=\"font-family: impact,chicago;\"><span title=\"Detalhes \"><br \/>\n<\/span><span title=\"Mega Men GNC \"><span style=\"font-size: 36pt;\"><strong><span style=\"background-color: #ffffff; color: #ff9900;\">GNC MEGA MEN<\/span><\/strong><\/span><br \/>\n<\/span><\/span><\/p>\n<p><span style=\"font-size: 14pt; font-family: impact,chicago;\" title=\"Mega Men GNC \u00e9 um suplemento alimentar multivitam\u00ednico desenvolvido especificamente para atender as necessidades dos homens. \">GNC Mega Men es un complemento alimenticio multivitam\u00ednico desarrollado espec\u00edficamente para satisfacer las necesidades de los hombres.<\/span><\/p>\n<p><span style=\"font-size: 14pt; font-family: impact,chicago;\"><span title=\"Mega Men GNC ajuda a complementar os nutrientes essenciais que faltam na dieta dos homens.\"><span style=\"color: #ff9900;\">GNC<\/span> <span style=\"color: #ff9900;\">Mega Men<\/span> ayuda a complementar los nutrientes esenciales que faltan en la dieta de los hombres. <\/span><span title=\"Um ajuda nutricional avan\u00e7ada, com prote\u00e7\u00e3o antioxidante que protegem as c\u00e9lulas e ajudam a aumentar a imunidade do organismo. \">Un soporte nutricional avanzado con protecci\u00f3n antioxidante que protege las c\u00e9lulas y ayuda a aumentar la inmunidad del cuerpo.<\/span><\/span><\/p>\n<p><span style=\"font-size: 14pt; font-family: impact,chicago;\"><span title=\"A GNC trabalha para desenvolver os melhores suplementos alimentares com a mais alta qualidade.\"><span style=\"color: #ff9900;\">GNC<\/span> trabaja para desarrollar los mejores suplementos diet\u00e9ticos con la m\u00e1s alta calidad, con la mejor materia prima que <\/span><span title=\"Toda a mat\u00e9ria-prima \u00e9 garantida a sua qualidade e pot\u00eancia. \">garantiza su calidad y potencia.<\/span><\/span><\/p>\n<p><span style=\"font-size: 14pt; font-family: impact,chicago;\"><span title=\"O Mega Men GNC est\u00e1 dispon\u00edvel em embalagens contendo 90 c\u00e1psulas e 180 c\u00e1psulas, que duram 45 dias e 90 dias de utiliza\u00e7\u00e3o aproximadamente, respectivamente. \"><span style=\"color: #ff9900;\">GNC<\/span> <span style=\"color: #ff9900;\">Mega Men<\/span> est\u00e1 disponible en envases que contienen 90 c\u00e1psulas <\/span><span title=\"O Mega Men GNC est\u00e1 dispon\u00edvel em embalagens contendo 90 c\u00e1psulas e 180 c\u00e1psulas, que duram 45 dias e 90 dias de utiliza\u00e7\u00e3o aproximadamente, respectivamente. \"> que duran 45 d\u00edas aproximadamente.<\/span><span title=\"Fa\u00e7a atividades f\u00edsicas e tenha uma alimenta\u00e7\u00e3o equilibrada. \"><br \/>\n<\/span><\/span><\/p>\n<p><span style=\"font-size: 14pt; font-family: impact,chicago;\" title=\"Mega Men GNC Benef\u00edcios \">Beneficios <span style=\"color: #ff9900;\">GNC<\/span> <span style=\"color: #ff9900;\">Mega Men<\/span><\/span><\/p>\n<p><span style=\"font-size: 14pt; font-family: impact,chicago;\" title=\"Alta qualidade. \">*Alta calidad.<\/span><\/p>\n<p><span style=\"font-size: 14pt; font-family: impact,chicago;\" title=\"Desenvolvido especificamente para homens. \">*Desarrollado espec\u00edficamente para los hombres.<\/span><\/p>\n<p><span style=\"font-size: 14pt; font-family: impact,chicago;\" title=\"Prote\u00e7\u00e3o celular. \">*acci\u00f3n antioxidante.<\/span><\/p>\n<p><span style=\"font-size: 14pt; font-family: impact,chicago;\" title=\"Prote\u00e7\u00e3o celular. \">*Protecci\u00f3n celular.<\/span><\/p>\n<p><span style=\"font-size: 14pt; font-family: impact,chicago;\" title=\"Ajuda nutricional. \">\u00a0*Ayuda nutricional.<\/span><\/p>\n<p><span style=\"font-size: 14pt; font-family: impact,chicago;\"><span style=\"color: #ff9900;\" title=\"Mat\u00e9ria prima com qualidade e potencia. \">GNC MEGA MEN<\/span><span title=\"Mega Men GNC Como Tomar \"> c\u00f3mo tomar:<\/span><\/span><\/p>\n<p><span style=\"font-size: 14pt; font-family: impact,chicago;\" title=\"\u00c9 recomendado pelo fabricante tomar 2 c\u00e1psulas do Mega Men GNC por dia, voc\u00ea pode tomar antes de alguma refei\u00e7\u00e3o. \">Es recomendado por el fabricante tomar 2 c\u00e1psulas de GNC MEGA MEN durante el d\u00eda, recomendable\u00a0 tomar <span title=\"\u00c9 recomendado pelo fabricante tomar 2 c\u00e1psulas do Mega Men GNC por dia, voc\u00ea pode tomar antes de alguma refei\u00e7\u00e3o. \">antes del almuerzo o la <\/span>comida.<\/span><\/p>\n<p><span style=\"font-size: 14pt; font-family: impact,chicago;\"><span title=\"Consulte um m\u00e9dico\/nutricionista. \"><br \/>\n<\/span><span title=\"Mega Men GNC Composi\u00e7\u00e3o \"><span style=\"color: #ff9900;\">GNC Mega Men<\/span> Composici\u00f3n<\/span><\/span><\/p>\n<p><span style=\"font-size: 14pt; font-family: impact,chicago;\"><span title=\"Vitamina A (50% de Beta-caroteno, 50% de Acetato), Vitamina C (\u00c1cido Asc\u00f3rbico e Ascorbato de C\u00e1lcio) , Vitamina D (Colecalciferol como D-3), Vitamina E (como d-Alfa Natural, Acetato de Tocoferol)\">vitamina A (50% de beta-caroteno, 50% de acetato), vitamina C (\u00e1cido asc\u00f3rbico y ascorbato de calcio), vitamina D (colecalciferol como D-3), vitamina E (como d-alfa acetato de tocoferol natural)\u00a0<\/span><span title=\", Vitamina K (Fitonadiona), Tiamina (Vitamina B-1) (como Mononitrato de Tiamina), Riboflavina (Vitamina B-2), Niacina (como Niacinamida e Niacina), Vitamina B-6 (Cloridrato de Piridoxina), \u00c1cido F\u00f3lico,\"> vitamina K (phytonadione), tiamina (vitamina B-1) (como mononitrato de tiamina), riboflavina (vitamina B-2), niacina (como niacinamida y niacina), vitamina B-6 (piridoxina clorhidrato), \u00e1cido f\u00f3lico, <\/span><span title=\"Vitamina B12 (como Cianocobalamina), Biotina, \u00c1cido Pantot\u00eanico (como d-Pantotenato C\u00e1lcio), C\u00e1lcio (como Carbonato de C\u00e1lcio) , Iodo (como Iodeto de Pot\u00e1ssio), Magn\u00e9sio (\u00d3xido de Magn\u00e9sio), Zinco (como \u00d3xido de Zinco),\">vitamina B12 (como cianocobalamina), biotina, \u00e1cido pantot\u00e9nico (como calcio d-pantotenato), calcio (como carbonato de calcio), yodo (como potasio yoduro), magnesio (\u00f3xido de magnesio), Zinc (como \u00f3xido de zinc) <\/span><span title=\"Sel\u00eanio (como L-Selenometionina), Copper (como \u00d3xido C\u00faprico), Mangan\u00eas (como Sulfato de Mangan\u00eas), Cromo (como Quelato Prote\u00edna Hidrolisada) e Molibd\u00eanio (como Molibdato de S\u00f3dio). \">selenio (L-selenometionina similares), cobre (como \u00f3xido c\u00faprico), manganeso (como sulfato de manganeso), cromo (como quelato prote\u00edna hidrolizada) y molibdeno (como molibdato de sodio).<br \/>\n<\/span><span title=\"Blend patenteado de Amino\u00e1cidos (100mg): \">Mezcla patentada Amino\u00e1cidos (100 mg):<\/span><\/span><\/p>\n<p><span style=\"font-size: 14pt; font-family: impact,chicago;\"><span title=\"L-Carnitina, L-Glutamina, L-Metionina, L-Taurina \">L-Carnitina, L-glutamina, L-metionina, L-taurina<br \/>\n<\/span><span title=\"Blend de frutas e vegetais (105mg): \">Mezcla de frutas y hortalizas (105 mg):<\/span><\/span><\/p>\n<p><span style=\"font-size: 14pt; font-family: impact,chicago;\"><span title=\"Br\u00f3colis (p\u00f3), Tomate (p\u00f3), Sabugueiro (p\u00f3), Saw Palmetto (extrato da baga), A\u00e7a\u00ed (p\u00f3), Casca de Laranja (p\u00f3), Semente de Ab\u00f3bora, Cranberry (p\u00f3), Blueberry (Pumace em p\u00f3)\">Br\u00f3coli (polvo), tomate (polvo), sa\u00faco (polvo), Saw Palmetto (extracto de baya), acai (polvo), c\u00e1scara de naranja (en polvo), semilla de calabaza, ar\u00e1ndano (polvo), ar\u00e1ndano (pumace polvo) <\/span><span title=\", Rom\u00e3 (p\u00f3), Folhas de Espinafre (p\u00f3) e Uva com pele (p\u00f3). \">granada (polvo), hojas de espinaca (polvo) y la uva con la piel (en polvo).<\/span><\/span><\/p>\n<p><span style=\"font-size: 14pt; font-family: impact,chicago;\"><span title=\"\u00c1cido Alfa-lip\u00f3ico (fornecendo R-ALA), Extrato de Folhas de Ch\u00e1 Verde Extrato, (Camellia Sinensis), Colina (como Bitartrato de Colina), Inositol, S\u00edlica (Di\u00f3xido de Sil\u00edcio), Boro (Quelato de Prote\u00edna Hidrolisada), Lutemax\">El \u00e1cido alfa lipoico \u00e1cido (que proporciona R-ALA), Extracto de hojas de t\u00e9 verde Extracto (Camellia sinensis), colina (como bitartrato de colina) inositol, s\u00edlice (di\u00f3xido de silicio), boro (quelato de prote\u00edna hidrolizada), Lutemax <\/span><span title=\"2020 (Lute\u00edna), Licopeno, Zeaxantina (como Zeaxantina Is\u00f3meros) e Van\u00e1dio (como Metavanadato de S\u00f3dio). \">2020 (lute\u00edna), licopeno, zeaxantina (como is\u00f3meros zeaxantina) y vanadio (metavanadato de sodio similares).<\/span><\/span><\/p>\n<p><span style=\"font-size: 14pt; font-family: impact,chicago;\"><span title=\"N\u00e3o cont\u00e9m: Cores artificiais, trigo, gl\u00faten, latic\u00ednios, fermento. \">No contiene: artificial de colores, trigo, gluten, productos l\u00e1cteos, levadura.<br \/>\n<\/span><span title=\"Recomenda\u00e7\u00f5es: \">recomendaciones:<\/span><\/span><\/p>\n<p><span style=\"font-size: 14pt; font-family: impact,chicago;\" title=\"N\u00e3o deve ser usado por gr\u00e1vidas ou mulheres que estiverem amamentando. \">No debe ser utilizado por mujeres embarazadas o en periodo de lactancia embarazadas.<\/span><\/p>\n<p><span style=\"font-size: 14pt; font-family: impact,chicago;\" title=\"N\u00e3o deve ser usado por menores de 18 anos de idade. \">no debe ser utilizado por ni\u00f1os menores de 18 a\u00f1os de edad.<\/span><\/p>\n<p><span style=\"font-size: 14pt; font-family: impact,chicago;\" title=\"Se voc\u00ea est\u00e1 usa rem\u00e9dios consulte seu m\u00e9dico antes de usar. \">Si usted est\u00e1 usando medicamentos, consulte a su m\u00e9dico antes de usar.<\/span><\/p>\n<p><span style=\"font-size: 14pt; font-family: impact,chicago;\" title=\"Interrompa o uso se ocorrerem rea\u00e7\u00f5es adversas, e consulte seu m\u00e9dico. \">Suspenda si experimenta reacciones adversas, y consulte a su m\u00e9dico.<\/span><\/p>\n<p><span style=\"font-size: 14pt; font-family: impact,chicago;\" title=\"Mantenha fora do alcance das crian\u00e7as.\">Mantener fuera del alcance de los ni\u00f1os.<\/span><\/p>\n","protected":false},"excerpt":{"rendered":"<p>MEGA MEN 90 CAP<\/p>\n<p>GNC Mega Men es un complemento alimenticio multivitam\u00ednico desarrollado espec\u00edficamente para satisfacer las necesidades de los hombres .<\/p>\n<p>GNC Mega Men ayuda a complementar los nutrientes esenciales que faltan en una dieta normal. Un soporte nutricional avanzado con protecci\u00f3n antioxidante que protege las c\u00e9lulas y ayuda a aumentar la inmunidad del cuerpo .<\/p>\n<p>GNC trabaja para desarrollar los mejores suplementos diet\u00e9ticos con la m\u00e1s alta calidad . Toda la materia prima garantiza su calidad y potencia.<\/p>\n<p>El GNC Mega Men est\u00e1 disponible en envases que contienen 90 c\u00e1psulas, que duran 45 d\u00edas aproximadamente.<\/p>\n","protected":false},"featured_media":971,"comment_status":"open","ping_status":"closed","template":"","meta":[],"product_cat":[29,34],"product_tag":[],"acf":[],"yoast_head":"<!-- This site is optimized with the Yoast SEO plugin v18.5.1 - https:\/\/yoast.com\/wordpress\/plugins\/seo\/ -->\n<title>MEGA MEN 90 CAPS - Armonia Natural Diet Shop<\/title>\n<meta name=\"robots\" content=\"index, follow, max-snippet:-1, max-image-preview:large, max-video-preview:-1\" \/>\n<link rel=\"canonical\" href=\"https:\/\/armonianaturaldietshop.com\/en\/product\/mega-men-90-caps\/\" \/>\n<meta property=\"og:locale\" content=\"en_US\" \/>\n<meta property=\"og:type\" content=\"article\" \/>\n<meta property=\"og:title\" content=\"MEGA MEN 90 CAPS - Armonia Natural Diet Shop\" \/>\n<meta property=\"og:description\" content=\"MEGA MEN 90 CAP  GNC Mega Men es un complemento alimenticio multivitam\u00ednico desarrollado espec\u00edficamente para satisfacer las necesidades de los hombres .  GNC Mega Men ayuda a complementar los nutrientes esenciales que faltan en una dieta normal. Un soporte nutricional avanzado con protecci\u00f3n antioxidante que protege las c\u00e9lulas y ayuda a aumentar la inmunidad del cuerpo .  GNC trabaja para desarrollar los mejores suplementos diet\u00e9ticos con la m\u00e1s alta calidad . Toda la materia prima garantiza su calidad y potencia.  El GNC Mega Men est\u00e1 disponible en envases que contienen 90 c\u00e1psulas, que duran 45 d\u00edas aproximadamente.\" \/>\n<meta property=\"og:url\" content=\"https:\/\/armonianaturaldietshop.com\/en\/product\/mega-men-90-caps\/\" \/>\n<meta property=\"og:site_name\" content=\"Armonia Natural Diet Shop\" \/>\n<meta property=\"article:publisher\" content=\"https:\/\/www.facebook.com\/ArmoniaNaturalDietShop\/\" \/>\n<meta property=\"article:modified_time\" content=\"2020-09-22T16:44:07+00:00\" \/>\n<meta property=\"og:image\" content=\"https:\/\/armonianaturaldietshop.com\/wp-content\/uploads\/2018\/02\/mega-men-90-caps_731.jpg\" \/>\n\t<meta property=\"og:image:width\" content=\"500\" \/>\n\t<meta property=\"og:image:height\" content=\"500\" \/>\n\t<meta property=\"og:image:type\" content=\"image\/jpeg\" \/>\n<meta name=\"twitter:card\" content=\"summary_large_image\" \/>\n<meta name=\"twitter:label1\" content=\"Est. reading time\" \/>\n\t<meta name=\"twitter:data1\" content=\"2 minutes\" \/>\n<script type=\"application\/ld+json\" class=\"yoast-schema-graph\">{\"@context\":\"https:\/\/schema.org\",\"@graph\":[{\"@type\":\"Organization\",\"@id\":\"https:\/\/armonianaturaldietshop.com\/#organization\",\"name\":\"Armonia Natural Diet Shop\",\"url\":\"https:\/\/armonianaturaldietshop.com\/\",\"sameAs\":[\"https:\/\/www.facebook.com\/ArmoniaNaturalDietShop\/\",\"https:\/\/www.instagram.com\/armonia.natural\/?hl=en\"],\"logo\":{\"@type\":\"ImageObject\",\"@id\":\"https:\/\/armonianaturaldietshop.com\/#logo\",\"inLanguage\":\"en-US\",\"url\":\"https:\/\/armonianaturaldietshop.com\/wp-content\/uploads\/2018\/01\/top-banner-1.png\",\"contentUrl\":\"https:\/\/armonianaturaldietshop.com\/wp-content\/uploads\/2018\/01\/top-banner-1.png\",\"width\":369,\"height\":116,\"caption\":\"Armonia Natural Diet Shop\"},\"image\":{\"@id\":\"https:\/\/armonianaturaldietshop.com\/#logo\"}},{\"@type\":\"WebSite\",\"@id\":\"https:\/\/armonianaturaldietshop.com\/#website\",\"url\":\"https:\/\/armonianaturaldietshop.com\/\",\"name\":\"Armonia Natural Diet Shop\",\"description\":\"Otro sitio realizado con WordPress\",\"publisher\":{\"@id\":\"https:\/\/armonianaturaldietshop.com\/#organization\"},\"potentialAction\":[{\"@type\":\"SearchAction\",\"target\":{\"@type\":\"EntryPoint\",\"urlTemplate\":\"https:\/\/armonianaturaldietshop.com\/?s={search_term_string}\"},\"query-input\":\"required name=search_term_string\"}],\"inLanguage\":\"en-US\"},{\"@type\":\"ImageObject\",\"@id\":\"https:\/\/armonianaturaldietshop.com\/en\/product\/mega-men-90-caps\/#primaryimage\",\"inLanguage\":\"en-US\",\"url\":\"https:\/\/armonianaturaldietshop.com\/wp-content\/uploads\/2018\/02\/mega-men-90-caps_731.jpg\",\"contentUrl\":\"https:\/\/armonianaturaldietshop.com\/wp-content\/uploads\/2018\/02\/mega-men-90-caps_731.jpg\",\"width\":500,\"height\":500},{\"@type\":\"WebPage\",\"@id\":\"https:\/\/armonianaturaldietshop.com\/en\/product\/mega-men-90-caps\/#webpage\",\"url\":\"https:\/\/armonianaturaldietshop.com\/en\/product\/mega-men-90-caps\/\",\"name\":\"MEGA MEN 90 CAPS - Armonia Natural Diet Shop\",\"isPartOf\":{\"@id\":\"https:\/\/armonianaturaldietshop.com\/#website\"},\"primaryImageOfPage\":{\"@id\":\"https:\/\/armonianaturaldietshop.com\/en\/product\/mega-men-90-caps\/#primaryimage\"},\"datePublished\":\"2018-01-28T21:43:04+00:00\",\"dateModified\":\"2020-09-22T16:44:07+00:00\",\"breadcrumb\":{\"@id\":\"https:\/\/armonianaturaldietshop.com\/en\/product\/mega-men-90-caps\/#breadcrumb\"},\"inLanguage\":\"en-US\",\"potentialAction\":[{\"@type\":\"ReadAction\",\"target\":[\"https:\/\/armonianaturaldietshop.com\/en\/product\/mega-men-90-caps\/\"]}]},{\"@type\":\"BreadcrumbList\",\"@id\":\"https:\/\/armonianaturaldietshop.com\/en\/product\/mega-men-90-caps\/#breadcrumb\",\"itemListElement\":[{\"@type\":\"ListItem\",\"position\":1,\"name\":\"Home\",\"item\":\"https:\/\/armonianaturaldietshop.com\/en\/\"},{\"@type\":\"ListItem\",\"position\":2,\"name\":\"Shop\",\"item\":\"https:\/\/armonianaturaldietshop.com\/en\/shop\/\"},{\"@type\":\"ListItem\",\"position\":3,\"name\":\"MEGA MEN 90 CAPS\"}]}]}<\/script>\n<!-- \/ Yoast SEO plugin. -->","yoast_head_json":{"title":"MEGA MEN 90 CAPS - Armonia Natural Diet Shop","robots":{"index":"index","follow":"follow","max-snippet":"max-snippet:-1","max-image-preview":"max-image-preview:large","max-video-preview":"max-video-preview:-1"},"canonical":"https:\/\/armonianaturaldietshop.com\/en\/product\/mega-men-90-caps\/","og_locale":"en_US","og_type":"article","og_title":"MEGA MEN 90 CAPS - Armonia Natural Diet Shop","og_description":"MEGA MEN 90 CAP  GNC Mega Men es un complemento alimenticio multivitam\u00ednico desarrollado espec\u00edficamente para satisfacer las necesidades de los hombres .  GNC Mega Men ayuda a complementar los nutrientes esenciales que faltan en una dieta normal. Un soporte nutricional avanzado con protecci\u00f3n antioxidante que protege las c\u00e9lulas y ayuda a aumentar la inmunidad del cuerpo .  GNC trabaja para desarrollar los mejores suplementos diet\u00e9ticos con la m\u00e1s alta calidad . Toda la materia prima garantiza su calidad y potencia.  El GNC Mega Men est\u00e1 disponible en envases que contienen 90 c\u00e1psulas, que duran 45 d\u00edas aproximadamente.","og_url":"https:\/\/armonianaturaldietshop.com\/en\/product\/mega-men-90-caps\/","og_site_name":"Armonia Natural Diet Shop","article_publisher":"https:\/\/www.facebook.com\/ArmoniaNaturalDietShop\/","article_modified_time":"2020-09-22T16:44:07+00:00","og_image":[{"width":500,"height":500,"url":"https:\/\/armonianaturaldietshop.com\/wp-content\/uploads\/2018\/02\/mega-men-90-caps_731.jpg","type":"image\/jpeg"}],"twitter_card":"summary_large_image","twitter_misc":{"Est. reading time":"2 minutes"},"schema":{"@context":"https:\/\/schema.org","@graph":[{"@type":"Organization","@id":"https:\/\/armonianaturaldietshop.com\/#organization","name":"Armonia Natural Diet Shop","url":"https:\/\/armonianaturaldietshop.com\/","sameAs":["https:\/\/www.facebook.com\/ArmoniaNaturalDietShop\/","https:\/\/www.instagram.com\/armonia.natural\/?hl=en"],"logo":{"@type":"ImageObject","@id":"https:\/\/armonianaturaldietshop.com\/#logo","inLanguage":"en-US","url":"https:\/\/armonianaturaldietshop.com\/wp-content\/uploads\/2018\/01\/top-banner-1.png","contentUrl":"https:\/\/armonianaturaldietshop.com\/wp-content\/uploads\/2018\/01\/top-banner-1.png","width":369,"height":116,"caption":"Armonia Natural Diet Shop"},"image":{"@id":"https:\/\/armonianaturaldietshop.com\/#logo"}},{"@type":"WebSite","@id":"https:\/\/armonianaturaldietshop.com\/#website","url":"https:\/\/armonianaturaldietshop.com\/","name":"Armonia Natural Diet Shop","description":"Otro sitio realizado con WordPress","publisher":{"@id":"https:\/\/armonianaturaldietshop.com\/#organization"},"potentialAction":[{"@type":"SearchAction","target":{"@type":"EntryPoint","urlTemplate":"https:\/\/armonianaturaldietshop.com\/?s={search_term_string}"},"query-input":"required name=search_term_string"}],"inLanguage":"en-US"},{"@type":"ImageObject","@id":"https:\/\/armonianaturaldietshop.com\/en\/product\/mega-men-90-caps\/#primaryimage","inLanguage":"en-US","url":"https:\/\/armonianaturaldietshop.com\/wp-content\/uploads\/2018\/02\/mega-men-90-caps_731.jpg","contentUrl":"https:\/\/armonianaturaldietshop.com\/wp-content\/uploads\/2018\/02\/mega-men-90-caps_731.jpg","width":500,"height":500},{"@type":"WebPage","@id":"https:\/\/armonianaturaldietshop.com\/en\/product\/mega-men-90-caps\/#webpage","url":"https:\/\/armonianaturaldietshop.com\/en\/product\/mega-men-90-caps\/","name":"MEGA MEN 90 CAPS - Armonia Natural Diet Shop","isPartOf":{"@id":"https:\/\/armonianaturaldietshop.com\/#website"},"primaryImageOfPage":{"@id":"https:\/\/armonianaturaldietshop.com\/en\/product\/mega-men-90-caps\/#primaryimage"},"datePublished":"2018-01-28T21:43:04+00:00","dateModified":"2020-09-22T16:44:07+00:00","breadcrumb":{"@id":"https:\/\/armonianaturaldietshop.com\/en\/product\/mega-men-90-caps\/#breadcrumb"},"inLanguage":"en-US","potentialAction":[{"@type":"ReadAction","target":["https:\/\/armonianaturaldietshop.com\/en\/product\/mega-men-90-caps\/"]}]},{"@type":"BreadcrumbList","@id":"https:\/\/armonianaturaldietshop.com\/en\/product\/mega-men-90-caps\/#breadcrumb","itemListElement":[{"@type":"ListItem","position":1,"name":"Home","item":"https:\/\/armonianaturaldietshop.com\/en\/"},{"@type":"ListItem","position":2,"name":"Shop","item":"https:\/\/armonianaturaldietshop.com\/en\/shop\/"},{"@type":"ListItem","position":3,"name":"MEGA MEN 90 CAPS"}]}]}},"_links":{"self":[{"href":"https:\/\/armonianaturaldietshop.com\/en\/wp-json\/wp\/v2\/product\/1770"}],"collection":[{"href":"https:\/\/armonianaturaldietshop.com\/en\/wp-json\/wp\/v2\/product"}],"about":[{"href":"https:\/\/armonianaturaldietshop.com\/en\/wp-json\/wp\/v2\/types\/product"}],"replies":[{"embeddable":true,"href":"https:\/\/armonianaturaldietshop.com\/en\/wp-json\/wp\/v2\/comments?post=1770"}],"wp:featuredmedia":[{"embeddable":true,"href":"https:\/\/armonianaturaldietshop.com\/en\/wp-json\/wp\/v2\/media\/971"}],"wp:attachment":[{"href":"https:\/\/armonianaturaldietshop.com\/en\/wp-json\/wp\/v2\/media?parent=1770"}],"wp:term":[{"taxonomy":"product_cat","embeddable":true,"href":"https:\/\/armonianaturaldietshop.com\/en\/wp-json\/wp\/v2\/product_cat?post=1770"},{"taxonomy":"product_tag","embeddable":true,"href":"https:\/\/armonianaturaldietshop.com\/en\/wp-json\/wp\/v2\/product_tag?post=1770"}],"curies":[{"name":"wp","href":"https:\/\/api.w.org\/{rel}","templated":true}]}}