{"id":1778,"date":"2018-01-28T21:43:03","date_gmt":"2018-01-28T21:43:03","guid":{"rendered":"http:\/\/armonianaturaldietshop.com\/product\/maxman-ix-retardante-potencializador-y-elongador-sexual-masculino\/"},"modified":"2021-09-02T14:38:05","modified_gmt":"2021-09-02T14:38:05","slug":"maxman-ix-retardante-potencializador-y-elongador-sexual-masculino","status":"publish","type":"product","link":"https:\/\/armonianaturaldietshop.com\/en\/product\/maxman-ix-retardante-potencializador-y-elongador-sexual-masculino\/","title":{"rendered":"Maxman IX Retardante"},"content":{"rendered":"<h1 style=\"text-align: center;\"><span style=\"color: #ff0000;\">Maxman IX Retardante<\/span><\/h1>\n<div>\n<p><span style=\"font-size: 12pt;\">Maxman IX Retardante es un Potenciador Sexual Masculino, de Hierbas Milenarias de la China mezcladas y preparadas con Tecnolog\u00eda Americana. Es el producto con m\u00e1s ventas en Estados Unidos y en Europa desde el a\u00f1o 2007 hasta la fecha.<\/span><\/p>\n<p><span style=\"font-size: 12pt;\">Las Capsulas de Maxman IX son una selecci\u00f3n segura y patentada de Hierbas Naturales, conocidas por sus propiedades especiales y que mezcladas juntas forman una combinaci\u00f3n Poderosa y Efectiva para el Agrandamiento y Engrosamiento del Pene.<\/span><\/p>\n<p>&nbsp;<\/p>\n<p><span style=\"font-size: 12pt;\">Al tomar las Capsulas Naturales de <a href=\"https:\/\/armonianaturaldietshop.com\/en\/product\/maxman-ultra-long-elongador-potencializador\/\">Maxman<\/a> IX, T\u00fa obtienes los siguientes Beneficios para Tu Salud Sexual:<\/span><\/p>\n<p><span style=\"font-size: 12pt;\">*Te Potencia el Pene 100% Real. Aumenta Tu Libido y Vigor.<\/span><\/p>\n<p><span style=\"font-size: 12pt;\">*Te Aumenta el Tama\u00f1o del Pene Hasta un 40 % en el momento del Acto Sexual.<\/span><\/p>\n<p><span style=\"font-size: 12pt;\">*Engrosa con Apariencia Muscular.<\/span><\/p>\n<p><span style=\"font-size: 12pt;\">*Equilibra Tu Energ\u00eda Yin (energ\u00eda fr\u00eda) y yang (energ\u00eda caliente) en tu Cuerpo.<\/span><\/p>\n<p>&nbsp;<\/p>\n<p>&nbsp;<\/p>\n<p>&nbsp;<\/p>\n<p>BENEFICIOS:<\/p>\n<p>&nbsp;<\/p>\n<p><span style=\"font-size: 12pt;\">*Tonifica Los Ri\u00f1ones y el H\u00edgado.<\/span><br \/>\n<span style=\"font-size: 12pt;\">*Pone el Pene Erecto R\u00e1pidamente, como una Piedra.<\/span><br \/>\n<span style=\"font-size: 12pt;\">*Aumenta el Tama\u00f1o hasta 7 CMS cuando el uso es continuado.<\/span><br \/>\n<span style=\"font-size: 12pt;\">*Te Proporciona Erecciones Duraderas , Mas Fuertes como una Roca y en el momento que quieras.<\/span><br \/>\n<span style=\"font-size: 12pt;\">*Fortalece los m\u00fasculos del Pene, logrando una buena circulaci\u00f3n sangu\u00ednea.<\/span><br \/>\n<span style=\"font-size: 12pt;\">*Elimina la Erecci\u00f3n D\u00e9bil, Evita y controla la Eyaculaci\u00f3n Precoz.<\/span><br \/>\n<span style=\"font-size: 12pt;\">*Aumenta la secreci\u00f3n de las c\u00e9lulas de los test\u00edculos y activa la funci\u00f3n renal.<\/span><br \/>\n<span style=\"font-size: 12pt;\">*Te aumenta el Volumen de Semen.<\/span><br \/>\n<span style=\"font-size: 12pt;\">*Desarrolla Tu Musculo PC lo que hace que el Pene tenga una apariencia Muscular.<\/span><br \/>\n<span style=\"font-size: 12pt;\">*Previene Problemas de C\u00e1ncer de Pr\u00f3stata e Incontinencia.<\/span><br \/>\n<span style=\"font-size: 12pt;\">*Mejora Tu Auto Estima, as\u00ed como la Relaci\u00f3n con Tu Pareja o Amantes.<\/span><br \/>\n<span style=\"font-size: 12pt;\">*Engrosa la Cabeza del pene.<\/span><br \/>\n<span style=\"font-size: 12pt;\">*Te permite aguantar m\u00e1s tiempo y reduce el tiempo de Recuperaci\u00f3n entre orgasmos, Tu presentaci\u00f3n sexual ser\u00e1 igual a la de los Actores Pornogr\u00e1ficos.<\/span><br \/>\n<span style=\"font-size: 12pt;\">*No crea efectos Secundarios, ni da Rebote o cualquier otro efecto secundario, es 100 % Seguro.<\/span><br \/>\n<span style=\"font-size: 12pt;\">*Las capsulas son naturales y si dejas de tomarlas no perder\u00e1s las ganancias<\/span><\/p>\n<\/div>\n<div><\/div>\n<div>\n<p style=\"line-height: 21px; text-align: center; margin: 0px; padding: 10px 0px 10px 0px;\"><span style=\"font-size: 12pt;\">Maxman IX Retardante<br \/>\n<\/span><\/p>\n<p style=\"line-height: 21px; margin: 0px; padding: 10px 0px 10px 0px;\"><span style=\"background-color: #ffff00; font-size: 12pt; padding: 0px; margin: 0px;\"><strong style=\"padding: 0px; margin: 0px;\">Aweto:\u00a0<\/strong><\/span><\/p>\n<p style=\"line-height: 21px; margin: 0px; padding: 10px 0px 10px 0px;\"><span style=\"font-size: 12pt;\">Aweto se produce principalmente en la meseta de Qinghai-T\u00edbet, incluyendo Qinghai, T\u00edbet, Gansu, Yunnan y Sichuan.\u00a0 Se trata de un preciosa planta\u00a0 china\u00a0 tradicional de las plantas medicinales, as\u00ed como tambi\u00e9n una forma de vida \u00fanica de la conformaci\u00f3n tanto de origen animal y vegetal.\u00a0 Ya en la dinast\u00eda Ming (1368-1644), disfrut\u00f3 de una reputaci\u00f3n de clase mundial y se exporta a pa\u00edses vecinos, como Jap\u00f3n y los pa\u00edses del sudeste asi\u00e1tico. Es reconocido como un tesoro legendario de la China. En la actualidad, Aweto tiene gran demanda en el sudeste de Asia, Jap\u00f3n, Estados Unidos y Hong Kong.<\/span><\/p>\n<p style=\"line-height: 21px; margin: 0px; padding: 10px 0px 10px 0px;\"><br style=\"padding: 0px; margin: 0px;\" \/><span style=\"font-size: 12pt;\"><a href=\"https:\/\/www.collinsdictionary.com\/es\/diccionario\/ingles\/aweto\">Aweto<\/a> es un buen t\u00f3nico, y un remedio ideal para potenciar el Pene, as\u00ed como la impotencia.<\/span><\/p>\n<p style=\"line-height: 21px; margin: 0px; padding: 10px 0px 10px 0px;\"><span style=\"font-size: 12pt;\">Como un t\u00f3nico, tambi\u00e9n tiene un gran potencial de prevenir y combatir el c\u00e1ncer y la promoci\u00f3n del sistema inmune. Tambien\u00a0 se usa como t\u00f3nico para el envejecimiento.<\/span><\/p>\n<p style=\"line-height: 21px; margin: 0px; padding: 10px 0px 10px 0px;\"><span style=\"background-color: #ffff00; font-size: 12pt; padding: 0px; margin: 0px;\"><strong style=\"padding: 0px; margin: 0px;\">Peru Ginseng: Maca Peruano<\/strong><\/span><\/p>\n<p style=\"line-height: 21px; margin: 0px; padding: 10px 0px 10px 0px;\"><span style=\"font-size: 12pt;\">Maca (Lepidium Meyenii) es una planta tuberosa (Tub\u00e9rculo) que crece entre 3,000 y 4,000 metros sobre el nivel del mar en los Andes Peruanos.<\/span><br style=\"padding: 0px; margin: 0px;\" \/><span style=\"font-size: 12pt;\">La tierra en que la Maca se desarrolla, contiene grandes cantidades de minerales que hacen que la Maca sea una planta de alto valor nutritivo, conteniendo amino\u00e1cidos esenciales y \u00e1cidos grasos importantes. La planta se relaciona a la familia de la papa ( Patata).<\/span><\/p>\n<p style=\"line-height: 21px; margin: 0px; padding: 10px 0px 10px 0px;\"><br style=\"padding: 0px; margin: 0px;\" \/><span style=\"font-size: 12pt;\"><strong style=\"padding: 0px; margin: 0px;\">\u00bfEs la Maca una medicina?<\/strong><\/span><\/p>\n<p style=\"line-height: 21px; margin: 0px; padding: 10px 0px 10px 0px;\"><span style=\"font-size: 12pt;\">La Maca no es una medicina. M\u00e1s bien, es un nutriente de calidad superior con propiedades medicinales. La poblaci\u00f3n local ha estado usando la planta por miles de a\u00f1os Aun ahora, los peruanos usan La Maca como una fuente de energ\u00eda, as\u00ed como, otros pa\u00edses de Am\u00e9rica de Sur, Am\u00e9rica del Norte y en Europa. La Maca est\u00e1 principalmente conocida como \u201cViagra Peruano\u201d o \u201cGingseng peruano\u201d porque ayuda estimulando el libido de hombres y mujeres, pero la Maca tiene muchos efectos m\u00e1s positivos. La Maca es un producto 100% natural y org\u00e1nico.<\/span><\/p>\n<p style=\"line-height: 21px; margin: 0px; padding: 10px 0px 10px 0px;\"><span style=\"font-size: 12pt;\"><strong style=\"padding: 0px; margin: 0px;\">\u00bfC\u00f3mo act\u00faa La Maca?<\/strong><\/span><\/p>\n<p style=\"line-height: 21px; margin: 0px; padding: 10px 0px 10px 0px;\"><span style=\"font-size: 12pt;\">La Maca es un suplemento nutricional que se emplea como un adaptogeno. Un adaptogeno trabaja a trav\u00e9s del hypothalamo-hypofysis del axis e incita al cuerpo a mejorar, equilibrar y estabilizar la producci\u00f3n de ciertos materiales.<\/span><\/p>\n<p style=\"line-height: 21px; margin: 0px; padding: 10px 0px 10px 0px;\"><span style=\"font-size: 12pt;\">En otras palabras: la Maca ayuda a restaurar el balance en el cuerpo humano. Un adaptogeno que\u00a0 mejora la adaptabilidad del cuerpo tomando en cuenta las necesidades espec\u00edficas del cuerpo seg\u00fan la edad o el sexo de la persona que toma Maca. Se podr\u00eda decir que la Maca llena las deficiencias del cuerpo.<\/span><\/p>\n<p style=\"line-height: 21px; margin: 0px; padding: 10px 0px 10px 0px;\"><span style=\"background-color: #ffff00; font-size: 12pt; padding: 0px; margin: 0px;\"><strong style=\"padding: 0px; margin: 0px;\">Maxman IX Retardante Efecto en los hombres:<\/strong><\/span><\/p>\n<p style=\"line-height: 21px; margin: 0px; padding: 10px 0px 10px 0px;\"><span style=\"font-size: 12pt;\">La Maca regula el equilibrio hormonal y aumenta el nivel de la testosterona. Adem\u00e1s tambi\u00e9n funciona como un afrodisiaco y lucha contra trastornos er\u00e9ctiles y la impotencia. La Maca mejora tambi\u00e9n el nivel de energ\u00eda y vitalidad en atletas. La Maca alivia problemas de la menopausia masculina. Personas mayores que usan la Maca dicen sentirse m\u00e1s j\u00f3venes mientras toman Maca. El doctor americano, Garry Gordon, relaciona una vida de sexo saludable con una vida m\u00e1s larga. Es por esto que \u00e9l afirma que la Maca puede ayudar en la lucha contra la edad.<\/span><\/p>\n<p style=\"line-height: 21px; margin: 0px; padding: 10px 0px 10px 0px;\"><span style=\"background-color: #ffff00; font-size: 12pt; padding: 0px; margin: 0px;\"><strong style=\"padding: 0px; margin: 0px;\">Eurycoma Longifolia Jack:<\/strong><\/span><\/p>\n<p style=\"line-height: 21px; margin: 0px; padding: 10px 0px 10px 0px;\"><span style=\"font-size: 12pt;\">Tambi\u00e9n conocido como Tongkat Ali, esta planta originaria de la selva tropical que se ha usado durante siglos como una hierba medicinal. Aumenta los niveles de testosterona a trav\u00e9s de mecanismos diferentes. Un mecanismo consiste en la liberaci\u00f3n de testosterona de las hormonas sexuales globulina de uni\u00f3n, una prote\u00edna que transporta la testosterona en la sangre y evita que penetre en las c\u00e9lulas musculares, donde puede estimular el crecimiento.<\/span><\/p>\n<p style=\"line-height: 21px; margin: 0px; padding: 10px 0px 10px 0px;\">\n<p style=\"line-height: 21px; margin: 0px; padding: 10px 0px 10px 0px;\"><span style=\"font-size: 12pt;\">Otra forma en que funciona la Eurycoma es estimulando las c\u00e9lulas de Leydig de los test\u00edculos para aumentar directamente la producci\u00f3n de testosterona. Las investigaciones confirman que la Eurycoma puede bajar el SHBG en un 30%, y aumentar los niveles de testosterona en casi un 20%. Tambi\u00e9n se ha demostrado que sirve para mejorar el crecimiento muscular del pene.<\/span><\/p>\n<p style=\"line-height: 21px; margin: 0px; padding: 10px 0px 10px 0px;\"><span style=\"background-color: #ffff00; font-size: 12pt; padding: 0px; margin: 0px;\"><strong style=\"padding: 0px; margin: 0px;\">Desi Tribulus:<\/strong><\/span><\/p>\n<p style=\"line-height: 21px; margin: 0px; padding: 10px 0px 10px 0px;\"><span style=\"font-size: 12pt;\">Puede mejorar efectivamente la intensidad de la ereccion en el pene ,\u00a0 su f\u00f3rmula \u00fanica puede aumentar la sangre en el pene y por ello aumentar el tama\u00f1o:<\/span><\/p>\n<p style=\"line-height: 21px; margin: 0px; padding: 10px 0px 10px 0px;\"><span style=\"font-size: 12pt;\"><span style=\"background-color: #ffff00; padding: 0px; margin: 0px;\"><strong style=\"padding: 0px; margin: 0px;\">Tongkat Ali:<\/strong><\/span><\/span><\/p>\n<p style=\"line-height: 21px; margin: 0px; padding: 10px 0px 10px 0px;\"><span style=\"font-size: 12pt;\">Tongkat ali es un estimulante sexual tradicional de malasia y de indonesia y es la prueba definitiva de que aumenta la testosterona, que es la hormona de hombres. El consumo de tongkat ali aumenta la masa muscular y es una fuente de mejora sustantiva tanto para atletas como para todo tipo de personas.<\/span><\/p>\n<p style=\"line-height: 21px; margin: 0px; padding: 10px 0px 10px 0px;\"><span style=\"font-size: 12pt;\">Este producto es completamente natural, se extrae de un arbol que crece en asia suroriental.<\/span><\/p>\n<p style=\"line-height: 21px; margin: 0px; padding: 10px 0px 10px 0px;\"><br style=\"padding: 0px; margin: 0px;\" \/><span style=\"font-size: 12pt;\"><span style=\"background-color: #ffff00; padding: 0px; margin: 0px;\"><strong style=\"padding: 0px; margin: 0px;\">EPIMEDIUM SAGITTATUM:\u00a0<\/strong><\/span>Conocida como \u201cmala hierba c\u00f3rnea de la cabra\u201d, el Epimedium se ha usado durante miles de a\u00f1os como potenciador de la libido.<\/span><\/p>\n<p style=\"line-height: 21px; margin: 0px; padding: 10px 0px 10px 0px;\"><span style=\"font-size: 12pt;\">Investigaciones m\u00e9dicas han descubierto que su ingrediente activo es la icariina.\u00a0<strong style=\"padding: 0px; margin: 0px;\">La icariina se usa para aumentar la funci\u00f3n er\u00e9ctil.<\/strong><\/span><\/p>\n<p style=\"line-height: 21px; margin: 0px; padding: 10px 0px 10px 0px;\"><span style=\"font-size: 12pt;\">Otro efecto del Epimedium es que aumenta los niveles de \u00f3xido n\u00edtrico, lo cual relaja los m\u00fasculos lisos y permite\u00a0<span style=\"background-color: #ffff00; padding: 0px; margin: 0px;\">una mayor fluidez de sangre en el pene.<\/span>\u00a0Adem\u00e1s, act\u00faa como inhibidor suave de la PDE-5. Al igual que la Viagra, el Epimedium reduce los niveles de PDE-5, aunque a un nivel que no provoca efectos secundarios no deseados.<\/span><\/p>\n<p style=\"line-height: 21px; margin: 0px; padding: 10px 0px 10px 0px;\">\n<p><span style=\"font-size: 12pt;\"><strong><span style=\"background-color: #ffff00;\">L-arginine:<\/span> <\/strong>La arginina (arg o R) es uno de los 20 amino\u00e1cidos que se encuentran formando parte de las prote\u00ednas.\u00a0<\/span><span class=\"Apple-style-span\" style=\"font-style: normal; font-size: 12pt;\">En el tejido hep\u00e1tico, la arginina puede ser sintetizada en el ciclo de la ornitina (o ciclo de la urea). Se clasifica, en poblaci\u00f3n pedi\u00e1trica, como un amino\u00e1cido esencial. Este amino\u00e1cido se encuentra involucrado en muchas de las actividades de las gl\u00e1ndulas endocrinas.<\/span><\/p>\n<p>&nbsp;<\/p>\n<p>&nbsp;<\/p>\n<\/div>\n","protected":false},"excerpt":{"rendered":"<p>*Fortalece los m\u00fasculos del Pene, logrando una buena circulaci\u00f3n sangu\u00ednea.<br \/>\n*Elimina la Erecci\u00f3n D\u00e9bil, Evita y controla la Eyaculaci\u00f3n Precoz.<br \/>\n*Aumenta la secreci\u00f3n de las c\u00e9lulas de los test\u00edculos y activa la funci\u00f3n renal.<br \/>\n*Te aumenta el Volumen de Semen.<br \/>\n*Desarrolla Tu Musculo PC lo que hace que el Pene tenga una apariencia Muscular.<br \/>\n*Previene Problemas de C\u00e1ncer de Pr\u00f3stata e Incontinencia.<br \/>\n*Mejora Tu Auto Estima, as\u00ed como la Relaci\u00f3n con Tu Pareja o Amantes.<br \/>\n*Engrosa la Cabeza del pene.<br \/>\n*Te permite aguantar m\u00e1s tiempo y reduce el tiempo de Recuperaci\u00f3n entre orgasmos, Tu presentaci\u00f3n sexual ser\u00e1 igual a la de los Actores Pornogr\u00e1ficos.<br \/>\n*No crea efectos Secundarios, ni da Rebote o cualquier otro efecto secundario, es 100 % Seguro.<br \/>\n*Las capsulas son naturales y si dejas de tomarlas no perder\u00e1s las ganancias<\/p>\n","protected":false},"featured_media":983,"comment_status":"open","ping_status":"closed","template":"","meta":[],"product_cat":[30],"product_tag":[],"acf":[],"yoast_head":"<!-- This site is optimized with the Yoast SEO plugin v18.5.1 - https:\/\/yoast.com\/wordpress\/plugins\/seo\/ -->\n<title>Maxman IX Retardante - Armonia Natural Diet Shop<\/title>\n<meta name=\"description\" content=\"Maxman IX Retardante propiedades especiales juntas forman una combinaci\u00f3n Poderosa y Efectiva para el Agrandamiento y Engrosamiento del Pene.\" \/>\n<meta name=\"robots\" content=\"index, follow, max-snippet:-1, max-image-preview:large, max-video-preview:-1\" \/>\n<link rel=\"canonical\" href=\"https:\/\/armonianaturaldietshop.com\/en\/product\/maxman-ix-retardante-potencializador-y-elongador-sexual-masculino\/\" \/>\n<meta property=\"og:locale\" content=\"en_US\" \/>\n<meta property=\"og:type\" content=\"article\" \/>\n<meta property=\"og:title\" content=\"Maxman IX Retardante - Armonia Natural Diet Shop\" \/>\n<meta property=\"og:description\" content=\"Maxman IX Retardante propiedades especiales juntas forman una combinaci\u00f3n Poderosa y Efectiva para el Agrandamiento y Engrosamiento del Pene.\" \/>\n<meta property=\"og:url\" content=\"https:\/\/armonianaturaldietshop.com\/en\/product\/maxman-ix-retardante-potencializador-y-elongador-sexual-masculino\/\" \/>\n<meta property=\"og:site_name\" content=\"Armonia Natural Diet Shop\" \/>\n<meta property=\"article:publisher\" content=\"https:\/\/www.facebook.com\/ArmoniaNaturalDietShop\/\" \/>\n<meta property=\"article:modified_time\" content=\"2021-09-02T14:38:05+00:00\" \/>\n<meta property=\"og:image\" content=\"https:\/\/armonianaturaldietshop.com\/wp-content\/uploads\/2018\/02\/maxman-ix-retardante-potencializador-y-elongador-sexual-masculino_348.jpg\" \/>\n\t<meta property=\"og:image:width\" content=\"500\" \/>\n\t<meta property=\"og:image:height\" content=\"359\" \/>\n\t<meta property=\"og:image:type\" content=\"image\/jpeg\" \/>\n<meta name=\"twitter:card\" content=\"summary_large_image\" \/>\n<meta name=\"twitter:label1\" content=\"Est. reading time\" \/>\n\t<meta name=\"twitter:data1\" content=\"7 minutes\" \/>\n<script type=\"application\/ld+json\" class=\"yoast-schema-graph\">{\"@context\":\"https:\/\/schema.org\",\"@graph\":[{\"@type\":\"Organization\",\"@id\":\"https:\/\/armonianaturaldietshop.com\/#organization\",\"name\":\"Armonia Natural Diet Shop\",\"url\":\"https:\/\/armonianaturaldietshop.com\/\",\"sameAs\":[\"https:\/\/www.facebook.com\/ArmoniaNaturalDietShop\/\",\"https:\/\/www.instagram.com\/armonia.natural\/?hl=en\"],\"logo\":{\"@type\":\"ImageObject\",\"@id\":\"https:\/\/armonianaturaldietshop.com\/#logo\",\"inLanguage\":\"en-US\",\"url\":\"https:\/\/armonianaturaldietshop.com\/wp-content\/uploads\/2018\/01\/top-banner-1.png\",\"contentUrl\":\"https:\/\/armonianaturaldietshop.com\/wp-content\/uploads\/2018\/01\/top-banner-1.png\",\"width\":369,\"height\":116,\"caption\":\"Armonia Natural Diet Shop\"},\"image\":{\"@id\":\"https:\/\/armonianaturaldietshop.com\/#logo\"}},{\"@type\":\"WebSite\",\"@id\":\"https:\/\/armonianaturaldietshop.com\/#website\",\"url\":\"https:\/\/armonianaturaldietshop.com\/\",\"name\":\"Armonia Natural Diet Shop\",\"description\":\"Otro sitio realizado con WordPress\",\"publisher\":{\"@id\":\"https:\/\/armonianaturaldietshop.com\/#organization\"},\"potentialAction\":[{\"@type\":\"SearchAction\",\"target\":{\"@type\":\"EntryPoint\",\"urlTemplate\":\"https:\/\/armonianaturaldietshop.com\/?s={search_term_string}\"},\"query-input\":\"required name=search_term_string\"}],\"inLanguage\":\"en-US\"},{\"@type\":\"ImageObject\",\"@id\":\"https:\/\/armonianaturaldietshop.com\/en\/product\/maxman-ix-retardante-potencializador-y-elongador-sexual-masculino\/#primaryimage\",\"inLanguage\":\"en-US\",\"url\":\"https:\/\/armonianaturaldietshop.com\/wp-content\/uploads\/2018\/02\/maxman-ix-retardante-potencializador-y-elongador-sexual-masculino_348.jpg\",\"contentUrl\":\"https:\/\/armonianaturaldietshop.com\/wp-content\/uploads\/2018\/02\/maxman-ix-retardante-potencializador-y-elongador-sexual-masculino_348.jpg\",\"width\":500,\"height\":359},{\"@type\":\"WebPage\",\"@id\":\"https:\/\/armonianaturaldietshop.com\/en\/product\/maxman-ix-retardante-potencializador-y-elongador-sexual-masculino\/#webpage\",\"url\":\"https:\/\/armonianaturaldietshop.com\/en\/product\/maxman-ix-retardante-potencializador-y-elongador-sexual-masculino\/\",\"name\":\"Maxman IX Retardante - Armonia Natural Diet Shop\",\"isPartOf\":{\"@id\":\"https:\/\/armonianaturaldietshop.com\/#website\"},\"primaryImageOfPage\":{\"@id\":\"https:\/\/armonianaturaldietshop.com\/en\/product\/maxman-ix-retardante-potencializador-y-elongador-sexual-masculino\/#primaryimage\"},\"datePublished\":\"2018-01-28T21:43:03+00:00\",\"dateModified\":\"2021-09-02T14:38:05+00:00\",\"description\":\"Maxman IX Retardante propiedades especiales juntas forman una combinaci\u00f3n Poderosa y Efectiva para el Agrandamiento y Engrosamiento del Pene.\",\"breadcrumb\":{\"@id\":\"https:\/\/armonianaturaldietshop.com\/en\/product\/maxman-ix-retardante-potencializador-y-elongador-sexual-masculino\/#breadcrumb\"},\"inLanguage\":\"en-US\",\"potentialAction\":[{\"@type\":\"ReadAction\",\"target\":[\"https:\/\/armonianaturaldietshop.com\/en\/product\/maxman-ix-retardante-potencializador-y-elongador-sexual-masculino\/\"]}]},{\"@type\":\"BreadcrumbList\",\"@id\":\"https:\/\/armonianaturaldietshop.com\/en\/product\/maxman-ix-retardante-potencializador-y-elongador-sexual-masculino\/#breadcrumb\",\"itemListElement\":[{\"@type\":\"ListItem\",\"position\":1,\"name\":\"Home\",\"item\":\"https:\/\/armonianaturaldietshop.com\/en\/\"},{\"@type\":\"ListItem\",\"position\":2,\"name\":\"Shop\",\"item\":\"https:\/\/armonianaturaldietshop.com\/en\/shop\/\"},{\"@type\":\"ListItem\",\"position\":3,\"name\":\"Maxman IX Retardante\"}]}]}<\/script>\n<!-- \/ Yoast SEO plugin. -->","yoast_head_json":{"title":"Maxman IX Retardante - Armonia Natural Diet Shop","description":"Maxman IX Retardante propiedades especiales juntas forman una combinaci\u00f3n Poderosa y Efectiva para el Agrandamiento y Engrosamiento del Pene.","robots":{"index":"index","follow":"follow","max-snippet":"max-snippet:-1","max-image-preview":"max-image-preview:large","max-video-preview":"max-video-preview:-1"},"canonical":"https:\/\/armonianaturaldietshop.com\/en\/product\/maxman-ix-retardante-potencializador-y-elongador-sexual-masculino\/","og_locale":"en_US","og_type":"article","og_title":"Maxman IX Retardante - Armonia Natural Diet Shop","og_description":"Maxman IX Retardante propiedades especiales juntas forman una combinaci\u00f3n Poderosa y Efectiva para el Agrandamiento y Engrosamiento del Pene.","og_url":"https:\/\/armonianaturaldietshop.com\/en\/product\/maxman-ix-retardante-potencializador-y-elongador-sexual-masculino\/","og_site_name":"Armonia Natural Diet Shop","article_publisher":"https:\/\/www.facebook.com\/ArmoniaNaturalDietShop\/","article_modified_time":"2021-09-02T14:38:05+00:00","og_image":[{"width":500,"height":359,"url":"https:\/\/armonianaturaldietshop.com\/wp-content\/uploads\/2018\/02\/maxman-ix-retardante-potencializador-y-elongador-sexual-masculino_348.jpg","type":"image\/jpeg"}],"twitter_card":"summary_large_image","twitter_misc":{"Est. reading time":"7 minutes"},"schema":{"@context":"https:\/\/schema.org","@graph":[{"@type":"Organization","@id":"https:\/\/armonianaturaldietshop.com\/#organization","name":"Armonia Natural Diet Shop","url":"https:\/\/armonianaturaldietshop.com\/","sameAs":["https:\/\/www.facebook.com\/ArmoniaNaturalDietShop\/","https:\/\/www.instagram.com\/armonia.natural\/?hl=en"],"logo":{"@type":"ImageObject","@id":"https:\/\/armonianaturaldietshop.com\/#logo","inLanguage":"en-US","url":"https:\/\/armonianaturaldietshop.com\/wp-content\/uploads\/2018\/01\/top-banner-1.png","contentUrl":"https:\/\/armonianaturaldietshop.com\/wp-content\/uploads\/2018\/01\/top-banner-1.png","width":369,"height":116,"caption":"Armonia Natural Diet Shop"},"image":{"@id":"https:\/\/armonianaturaldietshop.com\/#logo"}},{"@type":"WebSite","@id":"https:\/\/armonianaturaldietshop.com\/#website","url":"https:\/\/armonianaturaldietshop.com\/","name":"Armonia Natural Diet Shop","description":"Otro sitio realizado con WordPress","publisher":{"@id":"https:\/\/armonianaturaldietshop.com\/#organization"},"potentialAction":[{"@type":"SearchAction","target":{"@type":"EntryPoint","urlTemplate":"https:\/\/armonianaturaldietshop.com\/?s={search_term_string}"},"query-input":"required name=search_term_string"}],"inLanguage":"en-US"},{"@type":"ImageObject","@id":"https:\/\/armonianaturaldietshop.com\/en\/product\/maxman-ix-retardante-potencializador-y-elongador-sexual-masculino\/#primaryimage","inLanguage":"en-US","url":"https:\/\/armonianaturaldietshop.com\/wp-content\/uploads\/2018\/02\/maxman-ix-retardante-potencializador-y-elongador-sexual-masculino_348.jpg","contentUrl":"https:\/\/armonianaturaldietshop.com\/wp-content\/uploads\/2018\/02\/maxman-ix-retardante-potencializador-y-elongador-sexual-masculino_348.jpg","width":500,"height":359},{"@type":"WebPage","@id":"https:\/\/armonianaturaldietshop.com\/en\/product\/maxman-ix-retardante-potencializador-y-elongador-sexual-masculino\/#webpage","url":"https:\/\/armonianaturaldietshop.com\/en\/product\/maxman-ix-retardante-potencializador-y-elongador-sexual-masculino\/","name":"Maxman IX Retardante - Armonia Natural Diet Shop","isPartOf":{"@id":"https:\/\/armonianaturaldietshop.com\/#website"},"primaryImageOfPage":{"@id":"https:\/\/armonianaturaldietshop.com\/en\/product\/maxman-ix-retardante-potencializador-y-elongador-sexual-masculino\/#primaryimage"},"datePublished":"2018-01-28T21:43:03+00:00","dateModified":"2021-09-02T14:38:05+00:00","description":"Maxman IX Retardante propiedades especiales juntas forman una combinaci\u00f3n Poderosa y Efectiva para el Agrandamiento y Engrosamiento del Pene.","breadcrumb":{"@id":"https:\/\/armonianaturaldietshop.com\/en\/product\/maxman-ix-retardante-potencializador-y-elongador-sexual-masculino\/#breadcrumb"},"inLanguage":"en-US","potentialAction":[{"@type":"ReadAction","target":["https:\/\/armonianaturaldietshop.com\/en\/product\/maxman-ix-retardante-potencializador-y-elongador-sexual-masculino\/"]}]},{"@type":"BreadcrumbList","@id":"https:\/\/armonianaturaldietshop.com\/en\/product\/maxman-ix-retardante-potencializador-y-elongador-sexual-masculino\/#breadcrumb","itemListElement":[{"@type":"ListItem","position":1,"name":"Home","item":"https:\/\/armonianaturaldietshop.com\/en\/"},{"@type":"ListItem","position":2,"name":"Shop","item":"https:\/\/armonianaturaldietshop.com\/en\/shop\/"},{"@type":"ListItem","position":3,"name":"Maxman IX Retardante"}]}]}},"_links":{"self":[{"href":"https:\/\/armonianaturaldietshop.com\/en\/wp-json\/wp\/v2\/product\/1778"}],"collection":[{"href":"https:\/\/armonianaturaldietshop.com\/en\/wp-json\/wp\/v2\/product"}],"about":[{"href":"https:\/\/armonianaturaldietshop.com\/en\/wp-json\/wp\/v2\/types\/product"}],"replies":[{"embeddable":true,"href":"https:\/\/armonianaturaldietshop.com\/en\/wp-json\/wp\/v2\/comments?post=1778"}],"wp:featuredmedia":[{"embeddable":true,"href":"https:\/\/armonianaturaldietshop.com\/en\/wp-json\/wp\/v2\/media\/983"}],"wp:attachment":[{"href":"https:\/\/armonianaturaldietshop.com\/en\/wp-json\/wp\/v2\/media?parent=1778"}],"wp:term":[{"taxonomy":"product_cat","embeddable":true,"href":"https:\/\/armonianaturaldietshop.com\/en\/wp-json\/wp\/v2\/product_cat?post=1778"},{"taxonomy":"product_tag","embeddable":true,"href":"https:\/\/armonianaturaldietshop.com\/en\/wp-json\/wp\/v2\/product_tag?post=1778"}],"curies":[{"name":"wp","href":"https:\/\/api.w.org\/{rel}","templated":true}]}}