{"id":1785,"date":"2018-01-28T21:43:00","date_gmt":"2018-01-28T21:43:00","guid":{"rendered":"http:\/\/armonianaturaldietshop.com\/product\/lancetas-esteriles-prodigy-x-100-u\/"},"modified":"2023-04-14T21:38:57","modified_gmt":"2023-04-14T21:38:57","slug":"lancetas-esteriles-prodigy-x-100-u","status":"publish","type":"product","link":"https:\/\/armonianaturaldietshop.com\/en\/product\/lancetas-esteriles-prodigy-x-100-u\/","title":{"rendered":"Lancetas Esteriles PRODIGY, X 100 U."},"content":{"rendered":"<h1 style=\"text-align: center;\"><span style=\"margin: 0px; padding: 0px; border: 0px; vertical-align: baseline; font-size: x-large; color: #0000ff;\">Lancetas \u00a0Para Glucometro Prodigy Auto Code<\/span><\/h1>\n<p>&nbsp;<\/p>\n<p><strong data-gp-tth-0=\"922532172e3f562c9113730cc753fd0d\" data-gp-tts-0=\"server_v2\">Prodigy Twist Top Lancetas calibre 28 100 unidades<\/strong><\/p>\n<p>&nbsp;<\/p>\n<p>&nbsp;<\/p>\n<div><\/div>\n<div>\n<div><span data-gp-tth-0=\"4787ce6fe150ebc9088cd178a75c5527\" data-gp-tts-0=\"server_v2\">100 lancetas est\u00e9riles Prodigy Twist Top. Las lancetas est\u00e9riles Prodigy Twist Top hacen que la toma de muestras sea pr\u00e1cticamente indolora con su punta tribiselada de calibre fino. Tienen un conveniente dise\u00f1o universal que se adapta al <a href=\"https:\/\/armonianaturaldietshop.com\/en\/product\/glucometros-prodigy-auto-code-sistema-para-monitoreo-del-azucar-en-la-sangre\/\">dispositivo<\/a> de punci\u00f3n Prodigy, pero tambi\u00e9n les permite adaptarse a casi todos los dem\u00e1s dispositivos de punci\u00f3n. Las lancetas Twist Top tienen una tapa protectora en la parte superior y no deben usarse si falta la tapa protectora. Son de un solo uso y deben desecharse en un recipiente resistente a pinchazos una vez utilizados. Las lancetas Prodigy Twist Top se pueden usar con: dispositivo de punci\u00f3n Prodigy, Autolet, Microlet, Autolet Mini, Glucolet, Hemalet, Penlet II, Soft Touch, AutoLancet, dispositivo de lanceta BD, monoyector o Dialet.<\/span><\/div>\n<\/div>\n<div><\/div>\n<div><\/div>\n<div><\/div>\n<div><\/div>\n<div>\n<div>\n<ul>\n<li><span data-gp-tth-0=\"121da8543a96ef1e8592095f6300405e\" data-gp-tts-0=\"server_v2\">La parte superior giratoria es f\u00e1cil de quitar.<\/span><\/li>\n<li><span data-gp-tth-0=\"4ce653e7323b30b4c6154199010d51a6\" data-gp-tts-0=\"server_v2\">100 lancetas por caja<\/span><\/li>\n<li><span data-gp-tth-0=\"d0781498b08951dd2abd08f3fb9e4b3d\" data-gp-tts-0=\"server_v2\">La aguja tribiselada mejora la comodidad y reduce el da\u00f1o tisular<\/span><\/li>\n<li><span data-gp-tth-0=\"1fa8bbd1e0a23b9236b6a3bbde081220\" data-gp-tts-0=\"server_v2\">Para uso solo o con dispositivo de punci\u00f3n (se vende por separado)<\/span><\/li>\n<\/ul>\n<p>&nbsp;<\/p>\n<\/div>\n<div><span data-gp-tth-0=\"24604781e0922505d3129b79f11a54a9\" data-gp-tts-0=\"server_v2\">Lancetas Twist Top para <a href=\"https:\/\/www.cdc.gov\/diabetes\/spanish\/basics\/diabetes.html\">control de glucosa<\/a> en sangre: recargue su sistema de control de glucosa en sangre con estas lancetas Twist Top. Utilice estas lancetas para el sistema de glucosa tal como est\u00e1n o con nuestro dispositivo de punci\u00f3n (se vende por separado). Nuestras lancetas se fabrican con el mayor grado de precisi\u00f3n. La aguja tribiselada para el sistema de control de glucosa mejora la comodidad del usuario y reduce el da\u00f1o tisular. Empaquetados 100 en una caja, te asegurar\u00e1s de tener siempre algunos a mano.<\/span><\/div>\n<div><\/div>\n<\/div>\n<p>&nbsp;<\/p>\n<p>&nbsp;<\/p>\n<p>&nbsp;<\/p>\n<p>&nbsp;<\/p>\n<p style=\"margin: 0.5em 0px; padding: 0px; border: 3px; vertical-align: baseline; color: #333333; font-family: Arial, Helvetica, 'Nimbus Sans L', sans-serif; font-size: 13px; text-align: center;\"><span style=\"margin: 0px; padding: 0px; border: 0px; vertical-align: baseline; font-size: large; color: #000000;\"><label style=\"margin: 0px; padding: 0px; border: 0px; vertical-align: baseline;\"><strong style=\"margin: 0px; padding: 0px; border: 0px; vertical-align: baseline;\"><span style=\"margin: 0px; padding: 0px; border: 0px; vertical-align: baseline; text-decoration: underline;\"><span style=\"margin: 0px; padding: 0px; border: 0px; vertical-align: baseline;\">CARACTERISTICAS:<\/span><\/span><\/strong><\/label><\/span><\/p>\n<p style=\"margin: 0.5em 0px; padding: 0px; border: 3px; vertical-align: baseline; color: #333333; font-family: Arial, Helvetica, 'Nimbus Sans L', sans-serif; font-size: 13px; text-align: center;\"><span style=\"margin: 0px; padding: 0px; border: 0px; vertical-align: baseline; color: #000000;\"><strong style=\"margin: 0px; padding: 0px; border: 0px; vertical-align: baseline;\"><span style=\"margin: 0px; padding: 0px; border: 0px; vertical-align: baseline; font-size: large;\">-CAJA DE LANCETAS X 100 UNIDADES,<\/span><\/strong><\/span><\/p>\n<p style=\"margin: 0.5em 0px; padding: 0px; border: 3px; vertical-align: baseline; color: #333333; font-family: Arial, Helvetica, 'Nimbus Sans L', sans-serif; font-size: 13px; text-align: center;\"><span style=\"color: #000000;\"><strong style=\"margin: 0px; padding: 0px; border: 0px; vertical-align: baseline;\"><span style=\"margin: 0px; padding: 0px; border: 0px; vertical-align: baseline; font-size: large;\">-NUEVAS Y SELLADAS, CON FECHA DE VENCIMIENTO DEL-2025<\/span><\/strong><\/span><\/p>\n<p style=\"margin: 0.5em 0px; padding: 0px; border: 3px; vertical-align: baseline; color: #333333; font-family: Arial, Helvetica, 'Nimbus Sans L', sans-serif; font-size: 13px; text-align: center;\"><span style=\"margin: 0px; padding: 0px; border: 0px; vertical-align: baseline; font-size: large; color: #000000;\"><label style=\"margin: 0px; padding: 0px; border: 0px; vertical-align: baseline;\"><strong style=\"margin: 0px; padding: 0px; border: 0px; vertical-align: baseline;\"><span style=\"margin: 0px; padding: 0px; border: 0px; vertical-align: baseline;\">-EXCELENTE PRECIO.<\/span><\/strong><\/label><\/span><\/p>\n<p style=\"margin: 0.5em 0px; padding: 0px; border: 3px; vertical-align: baseline; color: #333333; font-family: Arial, Helvetica, 'Nimbus Sans L', sans-serif; font-size: 13px; text-align: center;\"><span style=\"margin: 0px; padding: 0px; border: 0px; vertical-align: baseline; font-size: large; color: #000000;\"><label style=\"margin: 0px; padding: 0px; border: 0px; vertical-align: baseline;\"><strong style=\"margin: 0px; padding: 0px; border: 0px; vertical-align: baseline;\"><span style=\"margin: 0px; padding: 0px; border: 0px; vertical-align: baseline;\">-ESTAS\u00a0LANCETAS SE PUEDEN UTILIZAR CON CUALQUIER MODELO DE &#8220;PRODIGY&#8221; \u00a0Y OTROS EQUIPOS.<\/span><\/strong><\/label><\/span><\/p>\n","protected":false},"excerpt":{"rendered":"<p>Lancetas Esteriles PRODIGY, X 100 Unidades.<\/p>\n","protected":false},"featured_media":1031,"comment_status":"open","ping_status":"closed","template":"","meta":[],"product_cat":[32],"product_tag":[],"acf":[],"yoast_head":"<!-- This site is optimized with the Yoast SEO plugin v18.5.1 - https:\/\/yoast.com\/wordpress\/plugins\/seo\/ -->\n<title>Lancetas Esteriles PRODIGY, X 100 U. - Armonia Natural Diet Shop<\/title>\n<meta name=\"description\" content=\"lancetas est\u00e9riles Prodigy Twist Top hacen que la toma de muestras sea pr\u00e1cticamente indolora con su punta tribiselada de calibre fino.\" \/>\n<meta name=\"robots\" content=\"index, follow, max-snippet:-1, max-image-preview:large, max-video-preview:-1\" \/>\n<link rel=\"canonical\" href=\"https:\/\/armonianaturaldietshop.com\/en\/product\/lancetas-esteriles-prodigy-x-100-u\/\" \/>\n<meta property=\"og:locale\" content=\"en_US\" \/>\n<meta property=\"og:type\" content=\"article\" \/>\n<meta property=\"og:title\" content=\"Lancetas Esteriles PRODIGY, X 100 U. - Armonia Natural Diet Shop\" \/>\n<meta property=\"og:description\" content=\"lancetas est\u00e9riles Prodigy Twist Top hacen que la toma de muestras sea pr\u00e1cticamente indolora con su punta tribiselada de calibre fino.\" \/>\n<meta property=\"og:url\" content=\"https:\/\/armonianaturaldietshop.com\/en\/product\/lancetas-esteriles-prodigy-x-100-u\/\" \/>\n<meta property=\"og:site_name\" content=\"Armonia Natural Diet Shop\" \/>\n<meta property=\"article:publisher\" content=\"https:\/\/www.facebook.com\/ArmoniaNaturalDietShop\/\" \/>\n<meta property=\"article:modified_time\" content=\"2023-04-14T21:38:57+00:00\" \/>\n<meta property=\"og:image\" content=\"https:\/\/armonianaturaldietshop.com\/wp-content\/uploads\/2018\/02\/lancetas-esteriles-prodigy-x-100-u_494.jpg\" \/>\n\t<meta property=\"og:image:width\" content=\"215\" \/>\n\t<meta property=\"og:image:height\" content=\"180\" \/>\n\t<meta property=\"og:image:type\" content=\"image\/jpeg\" \/>\n<meta name=\"twitter:card\" content=\"summary_large_image\" \/>\n<meta name=\"twitter:label1\" content=\"Est. reading time\" \/>\n\t<meta name=\"twitter:data1\" content=\"2 minutes\" \/>\n<script type=\"application\/ld+json\" class=\"yoast-schema-graph\">{\"@context\":\"https:\/\/schema.org\",\"@graph\":[{\"@type\":\"Organization\",\"@id\":\"https:\/\/armonianaturaldietshop.com\/#organization\",\"name\":\"Armonia Natural Diet Shop\",\"url\":\"https:\/\/armonianaturaldietshop.com\/\",\"sameAs\":[\"https:\/\/www.facebook.com\/ArmoniaNaturalDietShop\/\",\"https:\/\/www.instagram.com\/armonia.natural\/?hl=en\"],\"logo\":{\"@type\":\"ImageObject\",\"@id\":\"https:\/\/armonianaturaldietshop.com\/#logo\",\"inLanguage\":\"en-US\",\"url\":\"https:\/\/armonianaturaldietshop.com\/wp-content\/uploads\/2018\/01\/top-banner-1.png\",\"contentUrl\":\"https:\/\/armonianaturaldietshop.com\/wp-content\/uploads\/2018\/01\/top-banner-1.png\",\"width\":369,\"height\":116,\"caption\":\"Armonia Natural Diet Shop\"},\"image\":{\"@id\":\"https:\/\/armonianaturaldietshop.com\/#logo\"}},{\"@type\":\"WebSite\",\"@id\":\"https:\/\/armonianaturaldietshop.com\/#website\",\"url\":\"https:\/\/armonianaturaldietshop.com\/\",\"name\":\"Armonia Natural Diet Shop\",\"description\":\"Otro sitio realizado con WordPress\",\"publisher\":{\"@id\":\"https:\/\/armonianaturaldietshop.com\/#organization\"},\"potentialAction\":[{\"@type\":\"SearchAction\",\"target\":{\"@type\":\"EntryPoint\",\"urlTemplate\":\"https:\/\/armonianaturaldietshop.com\/?s={search_term_string}\"},\"query-input\":\"required name=search_term_string\"}],\"inLanguage\":\"en-US\"},{\"@type\":\"ImageObject\",\"@id\":\"https:\/\/armonianaturaldietshop.com\/en\/product\/lancetas-esteriles-prodigy-x-100-u\/#primaryimage\",\"inLanguage\":\"en-US\",\"url\":\"https:\/\/armonianaturaldietshop.com\/wp-content\/uploads\/2018\/02\/lancetas-esteriles-prodigy-x-100-u_494.jpg\",\"contentUrl\":\"https:\/\/armonianaturaldietshop.com\/wp-content\/uploads\/2018\/02\/lancetas-esteriles-prodigy-x-100-u_494.jpg\",\"width\":215,\"height\":180},{\"@type\":\"WebPage\",\"@id\":\"https:\/\/armonianaturaldietshop.com\/en\/product\/lancetas-esteriles-prodigy-x-100-u\/#webpage\",\"url\":\"https:\/\/armonianaturaldietshop.com\/en\/product\/lancetas-esteriles-prodigy-x-100-u\/\",\"name\":\"Lancetas Esteriles PRODIGY, X 100 U. - Armonia Natural Diet Shop\",\"isPartOf\":{\"@id\":\"https:\/\/armonianaturaldietshop.com\/#website\"},\"primaryImageOfPage\":{\"@id\":\"https:\/\/armonianaturaldietshop.com\/en\/product\/lancetas-esteriles-prodigy-x-100-u\/#primaryimage\"},\"datePublished\":\"2018-01-28T21:43:00+00:00\",\"dateModified\":\"2023-04-14T21:38:57+00:00\",\"description\":\"lancetas est\u00e9riles Prodigy Twist Top hacen que la toma de muestras sea pr\u00e1cticamente indolora con su punta tribiselada de calibre fino.\",\"breadcrumb\":{\"@id\":\"https:\/\/armonianaturaldietshop.com\/en\/product\/lancetas-esteriles-prodigy-x-100-u\/#breadcrumb\"},\"inLanguage\":\"en-US\",\"potentialAction\":[{\"@type\":\"ReadAction\",\"target\":[\"https:\/\/armonianaturaldietshop.com\/en\/product\/lancetas-esteriles-prodigy-x-100-u\/\"]}]},{\"@type\":\"BreadcrumbList\",\"@id\":\"https:\/\/armonianaturaldietshop.com\/en\/product\/lancetas-esteriles-prodigy-x-100-u\/#breadcrumb\",\"itemListElement\":[{\"@type\":\"ListItem\",\"position\":1,\"name\":\"Home\",\"item\":\"https:\/\/armonianaturaldietshop.com\/en\/\"},{\"@type\":\"ListItem\",\"position\":2,\"name\":\"Shop\",\"item\":\"https:\/\/armonianaturaldietshop.com\/en\/shop\/\"},{\"@type\":\"ListItem\",\"position\":3,\"name\":\"Lancetas Esteriles PRODIGY, X 100 U.\"}]}]}<\/script>\n<!-- \/ Yoast SEO plugin. -->","yoast_head_json":{"title":"Lancetas Esteriles PRODIGY, X 100 U. - Armonia Natural Diet Shop","description":"lancetas est\u00e9riles Prodigy Twist Top hacen que la toma de muestras sea pr\u00e1cticamente indolora con su punta tribiselada de calibre fino.","robots":{"index":"index","follow":"follow","max-snippet":"max-snippet:-1","max-image-preview":"max-image-preview:large","max-video-preview":"max-video-preview:-1"},"canonical":"https:\/\/armonianaturaldietshop.com\/en\/product\/lancetas-esteriles-prodigy-x-100-u\/","og_locale":"en_US","og_type":"article","og_title":"Lancetas Esteriles PRODIGY, X 100 U. - Armonia Natural Diet Shop","og_description":"lancetas est\u00e9riles Prodigy Twist Top hacen que la toma de muestras sea pr\u00e1cticamente indolora con su punta tribiselada de calibre fino.","og_url":"https:\/\/armonianaturaldietshop.com\/en\/product\/lancetas-esteriles-prodigy-x-100-u\/","og_site_name":"Armonia Natural Diet Shop","article_publisher":"https:\/\/www.facebook.com\/ArmoniaNaturalDietShop\/","article_modified_time":"2023-04-14T21:38:57+00:00","og_image":[{"width":215,"height":180,"url":"https:\/\/armonianaturaldietshop.com\/wp-content\/uploads\/2018\/02\/lancetas-esteriles-prodigy-x-100-u_494.jpg","type":"image\/jpeg"}],"twitter_card":"summary_large_image","twitter_misc":{"Est. reading time":"2 minutes"},"schema":{"@context":"https:\/\/schema.org","@graph":[{"@type":"Organization","@id":"https:\/\/armonianaturaldietshop.com\/#organization","name":"Armonia Natural Diet Shop","url":"https:\/\/armonianaturaldietshop.com\/","sameAs":["https:\/\/www.facebook.com\/ArmoniaNaturalDietShop\/","https:\/\/www.instagram.com\/armonia.natural\/?hl=en"],"logo":{"@type":"ImageObject","@id":"https:\/\/armonianaturaldietshop.com\/#logo","inLanguage":"en-US","url":"https:\/\/armonianaturaldietshop.com\/wp-content\/uploads\/2018\/01\/top-banner-1.png","contentUrl":"https:\/\/armonianaturaldietshop.com\/wp-content\/uploads\/2018\/01\/top-banner-1.png","width":369,"height":116,"caption":"Armonia Natural Diet Shop"},"image":{"@id":"https:\/\/armonianaturaldietshop.com\/#logo"}},{"@type":"WebSite","@id":"https:\/\/armonianaturaldietshop.com\/#website","url":"https:\/\/armonianaturaldietshop.com\/","name":"Armonia Natural Diet Shop","description":"Otro sitio realizado con WordPress","publisher":{"@id":"https:\/\/armonianaturaldietshop.com\/#organization"},"potentialAction":[{"@type":"SearchAction","target":{"@type":"EntryPoint","urlTemplate":"https:\/\/armonianaturaldietshop.com\/?s={search_term_string}"},"query-input":"required name=search_term_string"}],"inLanguage":"en-US"},{"@type":"ImageObject","@id":"https:\/\/armonianaturaldietshop.com\/en\/product\/lancetas-esteriles-prodigy-x-100-u\/#primaryimage","inLanguage":"en-US","url":"https:\/\/armonianaturaldietshop.com\/wp-content\/uploads\/2018\/02\/lancetas-esteriles-prodigy-x-100-u_494.jpg","contentUrl":"https:\/\/armonianaturaldietshop.com\/wp-content\/uploads\/2018\/02\/lancetas-esteriles-prodigy-x-100-u_494.jpg","width":215,"height":180},{"@type":"WebPage","@id":"https:\/\/armonianaturaldietshop.com\/en\/product\/lancetas-esteriles-prodigy-x-100-u\/#webpage","url":"https:\/\/armonianaturaldietshop.com\/en\/product\/lancetas-esteriles-prodigy-x-100-u\/","name":"Lancetas Esteriles PRODIGY, X 100 U. - Armonia Natural Diet Shop","isPartOf":{"@id":"https:\/\/armonianaturaldietshop.com\/#website"},"primaryImageOfPage":{"@id":"https:\/\/armonianaturaldietshop.com\/en\/product\/lancetas-esteriles-prodigy-x-100-u\/#primaryimage"},"datePublished":"2018-01-28T21:43:00+00:00","dateModified":"2023-04-14T21:38:57+00:00","description":"lancetas est\u00e9riles Prodigy Twist Top hacen que la toma de muestras sea pr\u00e1cticamente indolora con su punta tribiselada de calibre fino.","breadcrumb":{"@id":"https:\/\/armonianaturaldietshop.com\/en\/product\/lancetas-esteriles-prodigy-x-100-u\/#breadcrumb"},"inLanguage":"en-US","potentialAction":[{"@type":"ReadAction","target":["https:\/\/armonianaturaldietshop.com\/en\/product\/lancetas-esteriles-prodigy-x-100-u\/"]}]},{"@type":"BreadcrumbList","@id":"https:\/\/armonianaturaldietshop.com\/en\/product\/lancetas-esteriles-prodigy-x-100-u\/#breadcrumb","itemListElement":[{"@type":"ListItem","position":1,"name":"Home","item":"https:\/\/armonianaturaldietshop.com\/en\/"},{"@type":"ListItem","position":2,"name":"Shop","item":"https:\/\/armonianaturaldietshop.com\/en\/shop\/"},{"@type":"ListItem","position":3,"name":"Lancetas Esteriles PRODIGY, X 100 U."}]}]}},"_links":{"self":[{"href":"https:\/\/armonianaturaldietshop.com\/en\/wp-json\/wp\/v2\/product\/1785"}],"collection":[{"href":"https:\/\/armonianaturaldietshop.com\/en\/wp-json\/wp\/v2\/product"}],"about":[{"href":"https:\/\/armonianaturaldietshop.com\/en\/wp-json\/wp\/v2\/types\/product"}],"replies":[{"embeddable":true,"href":"https:\/\/armonianaturaldietshop.com\/en\/wp-json\/wp\/v2\/comments?post=1785"}],"wp:featuredmedia":[{"embeddable":true,"href":"https:\/\/armonianaturaldietshop.com\/en\/wp-json\/wp\/v2\/media\/1031"}],"wp:attachment":[{"href":"https:\/\/armonianaturaldietshop.com\/en\/wp-json\/wp\/v2\/media?parent=1785"}],"wp:term":[{"taxonomy":"product_cat","embeddable":true,"href":"https:\/\/armonianaturaldietshop.com\/en\/wp-json\/wp\/v2\/product_cat?post=1785"},{"taxonomy":"product_tag","embeddable":true,"href":"https:\/\/armonianaturaldietshop.com\/en\/wp-json\/wp\/v2\/product_tag?post=1785"}],"curies":[{"name":"wp","href":"https:\/\/api.w.org\/{rel}","templated":true}]}}