{"id":1788,"date":"2018-01-28T21:43:00","date_gmt":"2018-01-28T21:43:00","guid":{"rendered":"http:\/\/armonianaturaldietshop.com\/product\/linaza-stevia-pitahaya\/"},"modified":"2018-01-28T21:43:00","modified_gmt":"2018-01-28T21:43:00","slug":"linaza-stevia-pitahaya","status":"publish","type":"product","link":"https:\/\/armonianaturaldietshop.com\/en\/product\/linaza-stevia-pitahaya\/","title":{"rendered":"Linaza + Stevia + Pitahaya"},"content":{"rendered":"<p>Lo mejor y natural para bajar de peso. Linaza Canadiense \u2013Noni + Estevia y Pitaya . Rico en Omega 3, 6, y 9.<\/p>\n<p><strong>BENEFICIOS:<\/strong><\/p>\n<p>PREVIENE EL ESTRE\u00d1IMIENTO.<br \/>\nMEJORA LAS DEFENSAS DEL ORGANISMO.<br \/>\nREDUCE MEDIDAS CORPORALES.<br \/>\nPREVIENE LA GASTRITIS Y EL ELICOBACTER PILLORI.<br \/>\nREGENERA LA FLORA INTESTINAL.<br \/>\nRETARDA EL ENVEJECIMIENTO.<br \/>\nANTINFLAMATORIO.<br \/>\nANTICANCERIGENO.<br \/>\nANTIOXIDANTE.<br \/>\nADELGAZANTE.<br \/>\nDESINTOXICA EL ORGANISMO.<br \/>\nUTIL EN LA MENOPAUSIA.<br \/>\nPROBLEMAS DE ESTRES.<br \/>\nARTRITIS, ARTROSIS y OSTEOPOROSIS.<br \/>\nIMPOTENCIA, FRIGIDEZ Y PERDIDA DEL LIVIDO.<br \/>\nPARA UNA PIEL TERSA Y SUAVE.<br \/>\nBAJA EL COLESTEROL.<br \/>\nDESINFLAMA LOS RI\u00d1ONES.<\/p>\n<p>RICA EN OMEGA 3, 6 Y 9.<br \/>\n100% NATURAL SIN ADICION DE CONSERVANTES O ADITIVOS, SECADO POR ATOMIZACION (Spray Dry) OBTENIENDO UN POLVO FINO Y HOMOGENEO CON LAS CARACTERISTICAS NUTRICIONALES PROPIAS DE LAS FRUTAS SECAS. La semilla de linaza y el Noni no dejan de sorprender a la ciencia.<\/p>\n<p>Conjuntamente son una combinaci\u00f3n muy recomendada para reforzar el sistema inmunol\u00f3gico, proteger nuestro cuerpo de posibles enfermedades y condiciones que puedan deteriorar la salud.<\/p>\n<p>El consumo de la linaza como fuente de energ\u00eda tiene ocho mil a\u00f1os de historia. Popularmente tambi\u00e9n se le emplea para embellecer la piel, aliviar las inflamaciones y dar energ\u00eda a las personas debilitadas.<\/p>\n<p><strong>LA LINAZA<\/strong> :Es una generosa reserva de fibra, la cual al ser ingerida ayuda a mantener el buen funcionamiento de los intestinos resultando ideal para prevenir y tratar el estre\u00f1imiento, problema de salud que acarrea diversas dolencias si no se es tratado a tiempo.<br \/>\nAdem\u00e1s la fibra protege las paredes del est\u00f3mago y nos desintoxica coadyuv\u00e1ndonos a mantener un peso saludable.<\/p>\n<p>La linaza es reconocida a nivel mundial por ser una excelente fuente de Omega 3 y 6, \u00e1cidos grasos esenciales que arrasan con la grasa mala que se deposita en nuestro organismo.<br \/>\nSu consumo es ideal para disminuir los niveles de triglic\u00e9ridos y colesterol malo en la sangre por lo que ayuda a prevenir problemas del coraz\u00f3n, adem\u00e1s de contribuir a regular la presi\u00f3n arterial pues al volver m\u00e1s el\u00e1sticas las arterias contribuye a favorecer la correcta circulaci\u00f3n de la sangre.<\/p>\n<p>A su vez, el Omega 3 que encontramos en la harina de linaza es ideal tambi\u00e9n para protegernos del cansancio, la ansiedad, el stress y la depresi\u00f3n; alteraciones tan comunes y frecuentes en estos tiempos.<\/p>\n<p><strong>EL NONI :<\/strong>Los estudios realizados sobre Noni demuestran que su potencial es estimular el sistema inmunol\u00f3gico, inhibir el crecimiento de tumores, regularizar el funcionamiento de las c\u00e9lulas, regenerar las c\u00e9lulas da\u00f1adas y dotar al organismo de la xeronina. La xeronina es una sustancia que ayuda a las prote\u00ednas del cuerpo a funcionar correctamente. Esta se encuentra en peque\u00f1as cantidades en el Noni, pero en el est\u00e1 su precursor, la proxeronina que en el h\u00edgado se convierte en xeronina.<\/p>\n<p>Noni es adem\u00e1s un estabilizador del pH, neutraliza la acidez, lo que hace posible la estabilidad de la funci\u00f3n del p\u00e1ncreas, h\u00edgado, ri\u00f1ones, vejiga, sistema reproductor femenino, etc. Por lo tanto mejora condiciones como la diabetes, colesterol, dolores menstruales, presi\u00f3n sangu\u00ednea alta o baja, gota, artritis, etc.<\/p>\n<p><strong>LA STEVIA<\/strong> :Es una planta originaria de la flora sudamericana. No tiene calor\u00edas y tiene efectos beneficiosos en la absorci\u00f3n de la grasa y la presi\u00f3n arterial. Contiene carbohidratos, prote\u00ednas, vitaminas y minerales. No afecta los niveles de az\u00facar sangu\u00edneo, por el contrario, estudios han demostrado su propiedades hipogluc\u00e9micas, mejora la tolerancia a la glucosa y es por eso que es recomendado para los pacientes diab\u00e9ticos.<br \/>\nLa Stevia es importante para la gente que desea perder peso, no solo porque les ayudar\u00e1 a disminuir la ingesta de calor\u00edas, sino porque reduce los antojos o la necesidad de estar comiendo dulces.<br \/>\nA la Stevia tambi\u00e9n se le confieren propiedades para el control de la presi\u00f3n arterial, ya que tiene efecto vasodilatador, diur\u00e9tico y cardiot\u00f3nico (regula la presi\u00f3n y los latidos del coraz\u00f3n).<\/p>\n<p><strong>LA PITAHAYA:<\/strong> Es una fruta ex\u00f3tica Conformada en su mayor\u00eda por agua azucarada tiene poco aporte cal\u00f3rico con m\u00ednimos hidratos<\/p>\n","protected":false},"excerpt":{"rendered":"<p>Lo mejor y natural para bajar de peso. Linaza Canadiense \u2013Noni + Estevia y Pitaya . Rico en Omega 3, 6, y 9.<\/p>\n","protected":false},"featured_media":1041,"comment_status":"open","ping_status":"closed","template":"","meta":[],"product_cat":[47,31,29],"product_tag":[],"acf":[],"yoast_head":"<!-- This site is optimized with the Yoast SEO plugin v18.5.1 - https:\/\/yoast.com\/wordpress\/plugins\/seo\/ -->\n<title>Linaza + Stevia + Pitahaya - Armonia Natural Diet Shop<\/title>\n<meta name=\"robots\" content=\"index, follow, max-snippet:-1, max-image-preview:large, max-video-preview:-1\" \/>\n<link rel=\"canonical\" href=\"https:\/\/armonianaturaldietshop.com\/en\/product\/linaza-stevia-pitahaya\/\" \/>\n<meta property=\"og:locale\" content=\"en_US\" \/>\n<meta property=\"og:type\" content=\"article\" \/>\n<meta property=\"og:title\" content=\"Linaza + Stevia + Pitahaya - Armonia Natural Diet Shop\" \/>\n<meta property=\"og:description\" content=\"Lo mejor y natural para bajar de peso. Linaza Canadiense \u2013Noni + Estevia y Pitaya . Rico en Omega 3, 6, y 9.\" \/>\n<meta property=\"og:url\" content=\"https:\/\/armonianaturaldietshop.com\/en\/product\/linaza-stevia-pitahaya\/\" \/>\n<meta property=\"og:site_name\" content=\"Armonia Natural Diet Shop\" \/>\n<meta property=\"article:publisher\" content=\"https:\/\/www.facebook.com\/ArmoniaNaturalDietShop\/\" \/>\n<meta property=\"og:image\" content=\"https:\/\/armonianaturaldietshop.com\/wp-content\/uploads\/2018\/02\/linaza-stevia-pitahaya_87.jpg\" \/>\n\t<meta property=\"og:image:width\" content=\"256\" \/>\n\t<meta property=\"og:image:height\" content=\"286\" \/>\n\t<meta property=\"og:image:type\" content=\"image\/jpeg\" \/>\n<meta name=\"twitter:card\" content=\"summary_large_image\" \/>\n<meta name=\"twitter:label1\" content=\"Est. reading time\" \/>\n\t<meta name=\"twitter:data1\" content=\"3 minutes\" \/>\n<script type=\"application\/ld+json\" class=\"yoast-schema-graph\">{\"@context\":\"https:\/\/schema.org\",\"@graph\":[{\"@type\":\"Organization\",\"@id\":\"https:\/\/armonianaturaldietshop.com\/#organization\",\"name\":\"Armonia Natural Diet Shop\",\"url\":\"https:\/\/armonianaturaldietshop.com\/\",\"sameAs\":[\"https:\/\/www.facebook.com\/ArmoniaNaturalDietShop\/\",\"https:\/\/www.instagram.com\/armonia.natural\/?hl=en\"],\"logo\":{\"@type\":\"ImageObject\",\"@id\":\"https:\/\/armonianaturaldietshop.com\/#logo\",\"inLanguage\":\"en-US\",\"url\":\"https:\/\/armonianaturaldietshop.com\/wp-content\/uploads\/2018\/01\/top-banner-1.png\",\"contentUrl\":\"https:\/\/armonianaturaldietshop.com\/wp-content\/uploads\/2018\/01\/top-banner-1.png\",\"width\":369,\"height\":116,\"caption\":\"Armonia Natural Diet Shop\"},\"image\":{\"@id\":\"https:\/\/armonianaturaldietshop.com\/#logo\"}},{\"@type\":\"WebSite\",\"@id\":\"https:\/\/armonianaturaldietshop.com\/#website\",\"url\":\"https:\/\/armonianaturaldietshop.com\/\",\"name\":\"Armonia Natural Diet Shop\",\"description\":\"Otro sitio realizado con WordPress\",\"publisher\":{\"@id\":\"https:\/\/armonianaturaldietshop.com\/#organization\"},\"potentialAction\":[{\"@type\":\"SearchAction\",\"target\":{\"@type\":\"EntryPoint\",\"urlTemplate\":\"https:\/\/armonianaturaldietshop.com\/?s={search_term_string}\"},\"query-input\":\"required name=search_term_string\"}],\"inLanguage\":\"en-US\"},{\"@type\":\"ImageObject\",\"@id\":\"https:\/\/armonianaturaldietshop.com\/en\/product\/linaza-stevia-pitahaya\/#primaryimage\",\"inLanguage\":\"en-US\",\"url\":\"https:\/\/armonianaturaldietshop.com\/wp-content\/uploads\/2018\/02\/linaza-stevia-pitahaya_87.jpg\",\"contentUrl\":\"https:\/\/armonianaturaldietshop.com\/wp-content\/uploads\/2018\/02\/linaza-stevia-pitahaya_87.jpg\",\"width\":256,\"height\":286},{\"@type\":\"WebPage\",\"@id\":\"https:\/\/armonianaturaldietshop.com\/en\/product\/linaza-stevia-pitahaya\/#webpage\",\"url\":\"https:\/\/armonianaturaldietshop.com\/en\/product\/linaza-stevia-pitahaya\/\",\"name\":\"Linaza + Stevia + Pitahaya - Armonia Natural Diet Shop\",\"isPartOf\":{\"@id\":\"https:\/\/armonianaturaldietshop.com\/#website\"},\"primaryImageOfPage\":{\"@id\":\"https:\/\/armonianaturaldietshop.com\/en\/product\/linaza-stevia-pitahaya\/#primaryimage\"},\"datePublished\":\"2018-01-28T21:43:00+00:00\",\"dateModified\":\"2018-01-28T21:43:00+00:00\",\"breadcrumb\":{\"@id\":\"https:\/\/armonianaturaldietshop.com\/en\/product\/linaza-stevia-pitahaya\/#breadcrumb\"},\"inLanguage\":\"en-US\",\"potentialAction\":[{\"@type\":\"ReadAction\",\"target\":[\"https:\/\/armonianaturaldietshop.com\/en\/product\/linaza-stevia-pitahaya\/\"]}]},{\"@type\":\"BreadcrumbList\",\"@id\":\"https:\/\/armonianaturaldietshop.com\/en\/product\/linaza-stevia-pitahaya\/#breadcrumb\",\"itemListElement\":[{\"@type\":\"ListItem\",\"position\":1,\"name\":\"Home\",\"item\":\"https:\/\/armonianaturaldietshop.com\/en\/\"},{\"@type\":\"ListItem\",\"position\":2,\"name\":\"Shop\",\"item\":\"https:\/\/armonianaturaldietshop.com\/en\/shop\/\"},{\"@type\":\"ListItem\",\"position\":3,\"name\":\"Linaza + Stevia + Pitahaya\"}]}]}<\/script>\n<!-- \/ Yoast SEO plugin. -->","yoast_head_json":{"title":"Linaza + Stevia + Pitahaya - Armonia Natural Diet Shop","robots":{"index":"index","follow":"follow","max-snippet":"max-snippet:-1","max-image-preview":"max-image-preview:large","max-video-preview":"max-video-preview:-1"},"canonical":"https:\/\/armonianaturaldietshop.com\/en\/product\/linaza-stevia-pitahaya\/","og_locale":"en_US","og_type":"article","og_title":"Linaza + Stevia + Pitahaya - Armonia Natural Diet Shop","og_description":"Lo mejor y natural para bajar de peso. Linaza Canadiense \u2013Noni + Estevia y Pitaya . Rico en Omega 3, 6, y 9.","og_url":"https:\/\/armonianaturaldietshop.com\/en\/product\/linaza-stevia-pitahaya\/","og_site_name":"Armonia Natural Diet Shop","article_publisher":"https:\/\/www.facebook.com\/ArmoniaNaturalDietShop\/","og_image":[{"width":256,"height":286,"url":"https:\/\/armonianaturaldietshop.com\/wp-content\/uploads\/2018\/02\/linaza-stevia-pitahaya_87.jpg","type":"image\/jpeg"}],"twitter_card":"summary_large_image","twitter_misc":{"Est. reading time":"3 minutes"},"schema":{"@context":"https:\/\/schema.org","@graph":[{"@type":"Organization","@id":"https:\/\/armonianaturaldietshop.com\/#organization","name":"Armonia Natural Diet Shop","url":"https:\/\/armonianaturaldietshop.com\/","sameAs":["https:\/\/www.facebook.com\/ArmoniaNaturalDietShop\/","https:\/\/www.instagram.com\/armonia.natural\/?hl=en"],"logo":{"@type":"ImageObject","@id":"https:\/\/armonianaturaldietshop.com\/#logo","inLanguage":"en-US","url":"https:\/\/armonianaturaldietshop.com\/wp-content\/uploads\/2018\/01\/top-banner-1.png","contentUrl":"https:\/\/armonianaturaldietshop.com\/wp-content\/uploads\/2018\/01\/top-banner-1.png","width":369,"height":116,"caption":"Armonia Natural Diet Shop"},"image":{"@id":"https:\/\/armonianaturaldietshop.com\/#logo"}},{"@type":"WebSite","@id":"https:\/\/armonianaturaldietshop.com\/#website","url":"https:\/\/armonianaturaldietshop.com\/","name":"Armonia Natural Diet Shop","description":"Otro sitio realizado con WordPress","publisher":{"@id":"https:\/\/armonianaturaldietshop.com\/#organization"},"potentialAction":[{"@type":"SearchAction","target":{"@type":"EntryPoint","urlTemplate":"https:\/\/armonianaturaldietshop.com\/?s={search_term_string}"},"query-input":"required name=search_term_string"}],"inLanguage":"en-US"},{"@type":"ImageObject","@id":"https:\/\/armonianaturaldietshop.com\/en\/product\/linaza-stevia-pitahaya\/#primaryimage","inLanguage":"en-US","url":"https:\/\/armonianaturaldietshop.com\/wp-content\/uploads\/2018\/02\/linaza-stevia-pitahaya_87.jpg","contentUrl":"https:\/\/armonianaturaldietshop.com\/wp-content\/uploads\/2018\/02\/linaza-stevia-pitahaya_87.jpg","width":256,"height":286},{"@type":"WebPage","@id":"https:\/\/armonianaturaldietshop.com\/en\/product\/linaza-stevia-pitahaya\/#webpage","url":"https:\/\/armonianaturaldietshop.com\/en\/product\/linaza-stevia-pitahaya\/","name":"Linaza + Stevia + Pitahaya - Armonia Natural Diet Shop","isPartOf":{"@id":"https:\/\/armonianaturaldietshop.com\/#website"},"primaryImageOfPage":{"@id":"https:\/\/armonianaturaldietshop.com\/en\/product\/linaza-stevia-pitahaya\/#primaryimage"},"datePublished":"2018-01-28T21:43:00+00:00","dateModified":"2018-01-28T21:43:00+00:00","breadcrumb":{"@id":"https:\/\/armonianaturaldietshop.com\/en\/product\/linaza-stevia-pitahaya\/#breadcrumb"},"inLanguage":"en-US","potentialAction":[{"@type":"ReadAction","target":["https:\/\/armonianaturaldietshop.com\/en\/product\/linaza-stevia-pitahaya\/"]}]},{"@type":"BreadcrumbList","@id":"https:\/\/armonianaturaldietshop.com\/en\/product\/linaza-stevia-pitahaya\/#breadcrumb","itemListElement":[{"@type":"ListItem","position":1,"name":"Home","item":"https:\/\/armonianaturaldietshop.com\/en\/"},{"@type":"ListItem","position":2,"name":"Shop","item":"https:\/\/armonianaturaldietshop.com\/en\/shop\/"},{"@type":"ListItem","position":3,"name":"Linaza + Stevia + Pitahaya"}]}]}},"_links":{"self":[{"href":"https:\/\/armonianaturaldietshop.com\/en\/wp-json\/wp\/v2\/product\/1788"}],"collection":[{"href":"https:\/\/armonianaturaldietshop.com\/en\/wp-json\/wp\/v2\/product"}],"about":[{"href":"https:\/\/armonianaturaldietshop.com\/en\/wp-json\/wp\/v2\/types\/product"}],"replies":[{"embeddable":true,"href":"https:\/\/armonianaturaldietshop.com\/en\/wp-json\/wp\/v2\/comments?post=1788"}],"wp:featuredmedia":[{"embeddable":true,"href":"https:\/\/armonianaturaldietshop.com\/en\/wp-json\/wp\/v2\/media\/1041"}],"wp:attachment":[{"href":"https:\/\/armonianaturaldietshop.com\/en\/wp-json\/wp\/v2\/media?parent=1788"}],"wp:term":[{"taxonomy":"product_cat","embeddable":true,"href":"https:\/\/armonianaturaldietshop.com\/en\/wp-json\/wp\/v2\/product_cat?post=1788"},{"taxonomy":"product_tag","embeddable":true,"href":"https:\/\/armonianaturaldietshop.com\/en\/wp-json\/wp\/v2\/product_tag?post=1788"}],"curies":[{"name":"wp","href":"https:\/\/api.w.org\/{rel}","templated":true}]}}