{"id":1790,"date":"2018-01-28T21:42:59","date_gmt":"2018-01-28T21:42:59","guid":{"rendered":"http:\/\/armonianaturaldietshop.com\/product\/l-carnitina-500mg-x-60-capsulas\/"},"modified":"2018-01-28T21:42:59","modified_gmt":"2018-01-28T21:42:59","slug":"l-carnitina-500mg-x-60-capsulas","status":"publish","type":"product","link":"https:\/\/armonianaturaldietshop.com\/en\/product\/l-carnitina-500mg-x-60-capsulas\/","title":{"rendered":"L Carnitina  500mg X 60 Capsulas"},"content":{"rendered":"<div style=\"vertical-align: baseline; text-align: center; padding: 0px; margin: 0px; border: 0px initial initial;\"><span style=\"vertical-align: baseline; font-size: medium; padding: 0px; margin: 0px; border: 0px initial initial;\"><span style=\"vertical-align: baseline; color: #ff0000; font-size: 24pt; padding: 0px; margin: 0px; border: 0px initial initial;\"><strong style=\"vertical-align: baseline; padding: 0px; margin: 0px; border: 0px initial initial;\">L-Carnitina Lose Weight Formula X 500mg<\/strong><\/span><br \/>\n<\/span><\/div>\n<div style=\"vertical-align: baseline; text-align: center; padding: 0px; margin: 0px; border: 0px initial initial;\"><span style=\"vertical-align: baseline; font-size: medium; padding: 0px; margin: 0px; border: 0px initial initial;\"><span style=\"vertical-align: baseline; color: #ff0000; font-size: 24pt; padding: 0px; margin: 0px; border: 0px initial initial;\"><strong style=\"vertical-align: baseline; padding: 0px; margin: 0px; border: 0px initial initial;\">60 Capsulas<\/strong><\/span><\/span><\/div>\n<div style=\"vertical-align: baseline; text-align: left; padding: 0px; margin: 0px; border: 0px initial initial;\"><\/div>\n<div style=\"vertical-align: baseline; text-align: left; padding: 0px; margin: 0px; border: 0px initial initial;\"><span style=\"vertical-align: baseline; font-size: medium; padding: 0px; margin: 0px; border: 0px initial initial;\">L-Carnitina es un amino\u00e1cido conocido por promover el crecimiento, quemar grasa, incrementar la energ\u00eda y mejorar la resistencia del cuerpo a la fatiga. Tambi\u00e9n es muy buena cuando est\u00e1s haciendo dieta, ya que reduce el hambre y debilidad.<\/span><\/div>\n<div style=\"vertical-align: baseline; text-align: left; padding: 0px; margin: 0px; border: 0px initial initial;\"><\/div>\n<div style=\"vertical-align: baseline; text-align: left; padding: 0px; margin: 0px; border: 0px initial initial;\">\n<p style=\"vertical-align: baseline; padding: 0px; margin: 0.5em 0px 0.5em 0px; border: 3px initial initial;\"><span style=\"vertical-align: baseline; font-size: medium; padding: 0px; margin: 0px; border: 0px initial initial;\">Ensayos cl\u00ednicos han demostrado que la\u00a0<strong style=\"vertical-align: baseline; padding: 0px; margin: 0px; border: 0px initial initial;\">L-Carnitina<\/strong>\u00a0aumenta el trabajo y la resistencia atl\u00e9tica, debido a un uso mayor de la grasa como energ\u00eda, el cuerpo reduce el agotamiento de gluc\u00f3geno muscular. Esto combinado con la reducci\u00f3n de la acumulaci\u00f3n \u00e1cido l\u00e1ctico en los m\u00fasculos puede aumentar la capacidad de ejercicio antes de la fatiga.<\/span><\/p>\n<p style=\"vertical-align: baseline; padding: 0px; margin: 0.5em 0px 0.5em 0px; border: 3px initial initial;\">\n<p style=\"vertical-align: baseline; padding: 0px; margin: 0.5em 0px 0.5em 0px; border: 3px initial initial;\"><span style=\"vertical-align: baseline; font-size: medium; padding: 0px; margin: 0px; border: 0px initial initial;\">Beneficios de\u00a0<span style=\"vertical-align: baseline; color: #ff0000; padding: 0px; margin: 0px; border: 0px initial initial;\"><strong style=\"vertical-align: baseline; padding: 0px; margin: 0px; border: 0px initial initial;\">L-Carnitine Performance Technologies<\/strong>:<\/span><\/span><\/p>\n<p style=\"vertical-align: baseline; padding: 0px; margin: 0.5em 0px 0.5em 0px; border: 3px initial initial;\">\n<p style=\"vertical-align: baseline; padding: 0px; margin: 0.5em 0px 0.5em 0px; border: 3px initial initial;\"><span style=\"vertical-align: baseline; font-size: medium; padding: 0px; margin: 0px; border: 0px initial initial;\"><strong style=\"vertical-align: baseline; padding: 0px; margin: 0px; border: 0px initial initial;\">Quema grasa<\/strong><\/span><br \/>\n<span style=\"vertical-align: baseline; font-size: medium; padding: 0px; margin: 0px; border: 0px initial initial;\">L-Carnitina juega un papel metab\u00f3lico crucial en estimular la p\u00e9rdida de peso ya que ayuda a transportar la grasa a la mitocondria donde es quemada para producir energ\u00eda.<\/span><\/p>\n<p style=\"vertical-align: baseline; padding: 0px; margin: 0.5em 0px 0.5em 0px; border: 3px initial initial;\">\n<p style=\"vertical-align: baseline; padding: 0px; margin: 0.5em 0px 0.5em 0px; border: 3px initial initial;\">\n<p style=\"vertical-align: baseline; padding: 0px; margin: 0.5em 0px 0.5em 0px; border: 3px initial initial;\"><span style=\"vertical-align: baseline; font-size: medium; padding: 0px; margin: 0px; border: 0px initial initial;\"><strong style=\"vertical-align: baseline; padding: 0px; margin: 0px; border: 0px initial initial;\">Aumenta la resistencia y el rendimiento<\/strong><\/span><br \/>\n<span style=\"vertical-align: baseline; font-size: medium; padding: 0px; margin: 0px; border: 0px initial initial;\">Estudios cl\u00ednicos han demostrado que la L-Carnitina ayuda al rendimiento atl\u00e9tico y a la resistencia. A trav\u00e9s de una mayor dependencia de las grasas para energ\u00eda, el cuerpo reduce su p\u00e9rdida de gluc\u00f3geno muscular. Esto combinado con la reducci\u00f3n de \u00e1cido l\u00e1ctico que se acumula en los m\u00fasculos, puede extender la capacidad de ejercicio antes de llegar a la fatiga.<\/span><\/p>\n<p style=\"vertical-align: baseline; padding: 0px; margin: 0.5em 0px 0.5em 0px; border: 3px initial initial;\">\n<p style=\"vertical-align: baseline; padding: 0px; margin: 0.5em 0px 0.5em 0px; border: 3px initial initial;\">\n<p style=\"vertical-align: baseline; padding: 0px; margin: 0.5em 0px 0.5em 0px; border: 3px initial initial;\"><span style=\"vertical-align: baseline; font-size: medium; padding: 0px; margin: 0px; border: 0px initial initial;\"><strong style=\"vertical-align: baseline; padding: 0px; margin: 0px; border: 0px initial initial;\">Conveniencia, calidad y precio<\/strong><\/span><br \/>\n<span style=\"vertical-align: baseline; font-size: medium; padding: 0px; margin: 0px; border: 0px initial initial;\"><span style=\"vertical-align: baseline; color: #ff0000; padding: 0px; margin: 0px; border: 0px initial initial;\"><strong style=\"vertical-align: baseline; padding: 0px; margin: 0px; border: 0px initial initial;\">L- Carnitine Performance Technologies\u00a0<\/strong><\/span>\u00a0nuestro frasco con 60 servicios es la forma m\u00e1s conveniente de conseguir L-Carnitina pura. Ya sea que la uses para la salud del coraz\u00f3n, rendimiento, o p\u00e9rdida de grasa, puedes estar seguro que est\u00e1s obteniendo calidad y precio con la L-Carnitina de Performance Technologies.<\/span><\/p>\n<h3 style=\"vertical-align: baseline; font-weight: bold; font-size: 1.17em; padding: 0px; margin: 1em 0px 1em 0px; border: 0px initial initial;\"><span style=\"vertical-align: baseline; font-size: medium; padding: 0px; margin: 0px; border: 0px initial initial;\"><strong style=\"vertical-align: baseline; padding: 0px; margin: 0px; border: 0px initial initial;\">Direcciones de uso\u00a0<\/strong>de\u00a0<span style=\"vertical-align: baseline; color: #ff0000; padding: 0px; margin: 0px; border: 0px initial initial;\">L-Carnitina Performance Technologies:<\/span><\/span><\/h3>\n<div style=\"vertical-align: baseline; padding: 0px; margin: 0px; border: 0px initial initial;\">\n<p style=\"vertical-align: baseline; padding: 0px; margin: 0.5em 0px 0.5em 0px; border: 3px initial initial;\">\n<div style=\"vertical-align: baseline; padding: 0px; margin: 0px; border: 0px initial initial;\"><span style=\"vertical-align: baseline; color: #ff0000; padding: 0px; margin: 0px; border: 0px initial initial;\"><strong style=\"vertical-align: baseline; padding: 0px; margin: 0px; border: 0px initial initial;\"><span style=\"vertical-align: baseline; font-size: large; padding: 0px; margin: 0px; border: 0px initial initial;\">Modo de Utilizaci\u00f3n<\/span><\/strong><\/span><\/div>\n<p style=\"vertical-align: baseline; padding: 0px; margin: 0.5em 0px 0.5em 0px; border: 3px initial initial;\">\n<div style=\"vertical-align: baseline; padding: 0px; margin: 0px; border: 0px initial initial;\"><span style=\"vertical-align: baseline; color: #ff0000; padding: 0px; margin: 0px; border: 0px initial initial;\"><strong style=\"vertical-align: baseline; padding: 0px; margin: 0px; border: 0px initial initial;\"><span style=\"vertical-align: baseline; font-size: large; padding: 0px; margin: 0px; border: 0px initial initial;\">Tomar 1 servicio (2 c\u00e1psulas) a primera hora al levantarse en la ma\u00f1ana y 1 servicio (2 c\u00e1psulas) en la tarde. Tomar cada servicio siempre con el est\u00f3mago vac\u00edo.En d\u00edas de entrenamiento o que realices ejercicio tomar 1 de los servicios del d\u00eda (2 c\u00e1psulas) 30-45 minutos antes de realizar ejercicio.<\/span><\/strong><\/span><\/div>\n<p style=\"vertical-align: baseline; padding: 0px; margin: 0.5em 0px 0.5em 0px; border: 3px initial initial;\">\n<p style=\"vertical-align: baseline; padding: 0px; margin: 0.5em 0px 0.5em 0px; border: 3px initial initial;\">\n<p style=\"vertical-align: baseline; padding: 0px; margin: 0.5em 0px 0.5em 0px; border: 3px initial initial;\">\n<\/div>\n<\/div>\n","protected":false},"excerpt":{"rendered":"<p>Energ\u00eda para ganar masa muscular y perder peso, utilizando la grasa!<\/p>\n<p>L-Carnitina es un amino\u00e1cido conocido por promover el crecimiento, quemar grasa, incrementar la energ\u00eda y mejorar la resistencia del cuerpo a la fatiga. Tambi\u00e9n es muy buena cuando est\u00e1s haciendo dieta, ya que reduce el hambre y debilidad.<\/p>\n","protected":false},"featured_media":1047,"comment_status":"open","ping_status":"closed","template":"","meta":[],"product_cat":[49,31,29],"product_tag":[],"acf":[],"yoast_head":"<!-- This site is optimized with the Yoast SEO plugin v18.5.1 - https:\/\/yoast.com\/wordpress\/plugins\/seo\/ -->\n<title>L Carnitina 500mg X 60 Capsulas - Armonia Natural Diet Shop<\/title>\n<meta name=\"robots\" content=\"index, follow, max-snippet:-1, max-image-preview:large, max-video-preview:-1\" \/>\n<link rel=\"canonical\" href=\"https:\/\/armonianaturaldietshop.com\/en\/product\/l-carnitina-500mg-x-60-capsulas\/\" \/>\n<meta property=\"og:locale\" content=\"en_US\" \/>\n<meta property=\"og:type\" content=\"article\" \/>\n<meta property=\"og:title\" content=\"L Carnitina 500mg X 60 Capsulas - Armonia Natural Diet Shop\" \/>\n<meta property=\"og:description\" content=\"Energ\u00eda para ganar masa muscular y perder peso, utilizando la grasa!  L-Carnitina es un amino\u00e1cido conocido por promover el crecimiento, quemar grasa, incrementar la energ\u00eda y mejorar la resistencia del cuerpo a la fatiga. Tambi\u00e9n es muy buena cuando est\u00e1s haciendo dieta, ya que reduce el hambre y debilidad.\" \/>\n<meta property=\"og:url\" content=\"https:\/\/armonianaturaldietshop.com\/en\/product\/l-carnitina-500mg-x-60-capsulas\/\" \/>\n<meta property=\"og:site_name\" content=\"Armonia Natural Diet Shop\" \/>\n<meta property=\"article:publisher\" content=\"https:\/\/www.facebook.com\/ArmoniaNaturalDietShop\/\" \/>\n<meta property=\"og:image\" content=\"https:\/\/armonianaturaldietshop.com\/wp-content\/uploads\/2018\/02\/l-carnitina-500mg-x-60-capsulas_530.jpg\" \/>\n\t<meta property=\"og:image:width\" content=\"340\" \/>\n\t<meta property=\"og:image:height\" content=\"340\" \/>\n\t<meta property=\"og:image:type\" content=\"image\/jpeg\" \/>\n<meta name=\"twitter:card\" content=\"summary_large_image\" \/>\n<meta name=\"twitter:label1\" content=\"Est. reading time\" \/>\n\t<meta name=\"twitter:data1\" content=\"2 minutes\" \/>\n<script type=\"application\/ld+json\" class=\"yoast-schema-graph\">{\"@context\":\"https:\/\/schema.org\",\"@graph\":[{\"@type\":\"Organization\",\"@id\":\"https:\/\/armonianaturaldietshop.com\/#organization\",\"name\":\"Armonia Natural Diet Shop\",\"url\":\"https:\/\/armonianaturaldietshop.com\/\",\"sameAs\":[\"https:\/\/www.facebook.com\/ArmoniaNaturalDietShop\/\",\"https:\/\/www.instagram.com\/armonia.natural\/?hl=en\"],\"logo\":{\"@type\":\"ImageObject\",\"@id\":\"https:\/\/armonianaturaldietshop.com\/#logo\",\"inLanguage\":\"en-US\",\"url\":\"https:\/\/armonianaturaldietshop.com\/wp-content\/uploads\/2018\/01\/top-banner-1.png\",\"contentUrl\":\"https:\/\/armonianaturaldietshop.com\/wp-content\/uploads\/2018\/01\/top-banner-1.png\",\"width\":369,\"height\":116,\"caption\":\"Armonia Natural Diet Shop\"},\"image\":{\"@id\":\"https:\/\/armonianaturaldietshop.com\/#logo\"}},{\"@type\":\"WebSite\",\"@id\":\"https:\/\/armonianaturaldietshop.com\/#website\",\"url\":\"https:\/\/armonianaturaldietshop.com\/\",\"name\":\"Armonia Natural Diet Shop\",\"description\":\"Otro sitio realizado con WordPress\",\"publisher\":{\"@id\":\"https:\/\/armonianaturaldietshop.com\/#organization\"},\"potentialAction\":[{\"@type\":\"SearchAction\",\"target\":{\"@type\":\"EntryPoint\",\"urlTemplate\":\"https:\/\/armonianaturaldietshop.com\/?s={search_term_string}\"},\"query-input\":\"required name=search_term_string\"}],\"inLanguage\":\"en-US\"},{\"@type\":\"ImageObject\",\"@id\":\"https:\/\/armonianaturaldietshop.com\/en\/product\/l-carnitina-500mg-x-60-capsulas\/#primaryimage\",\"inLanguage\":\"en-US\",\"url\":\"https:\/\/armonianaturaldietshop.com\/wp-content\/uploads\/2018\/02\/l-carnitina-500mg-x-60-capsulas_530.jpg\",\"contentUrl\":\"https:\/\/armonianaturaldietshop.com\/wp-content\/uploads\/2018\/02\/l-carnitina-500mg-x-60-capsulas_530.jpg\",\"width\":340,\"height\":340},{\"@type\":\"WebPage\",\"@id\":\"https:\/\/armonianaturaldietshop.com\/en\/product\/l-carnitina-500mg-x-60-capsulas\/#webpage\",\"url\":\"https:\/\/armonianaturaldietshop.com\/en\/product\/l-carnitina-500mg-x-60-capsulas\/\",\"name\":\"L Carnitina 500mg X 60 Capsulas - Armonia Natural Diet Shop\",\"isPartOf\":{\"@id\":\"https:\/\/armonianaturaldietshop.com\/#website\"},\"primaryImageOfPage\":{\"@id\":\"https:\/\/armonianaturaldietshop.com\/en\/product\/l-carnitina-500mg-x-60-capsulas\/#primaryimage\"},\"datePublished\":\"2018-01-28T21:42:59+00:00\",\"dateModified\":\"2018-01-28T21:42:59+00:00\",\"breadcrumb\":{\"@id\":\"https:\/\/armonianaturaldietshop.com\/en\/product\/l-carnitina-500mg-x-60-capsulas\/#breadcrumb\"},\"inLanguage\":\"en-US\",\"potentialAction\":[{\"@type\":\"ReadAction\",\"target\":[\"https:\/\/armonianaturaldietshop.com\/en\/product\/l-carnitina-500mg-x-60-capsulas\/\"]}]},{\"@type\":\"BreadcrumbList\",\"@id\":\"https:\/\/armonianaturaldietshop.com\/en\/product\/l-carnitina-500mg-x-60-capsulas\/#breadcrumb\",\"itemListElement\":[{\"@type\":\"ListItem\",\"position\":1,\"name\":\"Home\",\"item\":\"https:\/\/armonianaturaldietshop.com\/en\/\"},{\"@type\":\"ListItem\",\"position\":2,\"name\":\"Shop\",\"item\":\"https:\/\/armonianaturaldietshop.com\/en\/shop\/\"},{\"@type\":\"ListItem\",\"position\":3,\"name\":\"L Carnitina 500mg X 60 Capsulas\"}]}]}<\/script>\n<!-- \/ Yoast SEO plugin. -->","yoast_head_json":{"title":"L Carnitina 500mg X 60 Capsulas - Armonia Natural Diet Shop","robots":{"index":"index","follow":"follow","max-snippet":"max-snippet:-1","max-image-preview":"max-image-preview:large","max-video-preview":"max-video-preview:-1"},"canonical":"https:\/\/armonianaturaldietshop.com\/en\/product\/l-carnitina-500mg-x-60-capsulas\/","og_locale":"en_US","og_type":"article","og_title":"L Carnitina 500mg X 60 Capsulas - Armonia Natural Diet Shop","og_description":"Energ\u00eda para ganar masa muscular y perder peso, utilizando la grasa!  L-Carnitina es un amino\u00e1cido conocido por promover el crecimiento, quemar grasa, incrementar la energ\u00eda y mejorar la resistencia del cuerpo a la fatiga. Tambi\u00e9n es muy buena cuando est\u00e1s haciendo dieta, ya que reduce el hambre y debilidad.","og_url":"https:\/\/armonianaturaldietshop.com\/en\/product\/l-carnitina-500mg-x-60-capsulas\/","og_site_name":"Armonia Natural Diet Shop","article_publisher":"https:\/\/www.facebook.com\/ArmoniaNaturalDietShop\/","og_image":[{"width":340,"height":340,"url":"https:\/\/armonianaturaldietshop.com\/wp-content\/uploads\/2018\/02\/l-carnitina-500mg-x-60-capsulas_530.jpg","type":"image\/jpeg"}],"twitter_card":"summary_large_image","twitter_misc":{"Est. reading time":"2 minutes"},"schema":{"@context":"https:\/\/schema.org","@graph":[{"@type":"Organization","@id":"https:\/\/armonianaturaldietshop.com\/#organization","name":"Armonia Natural Diet Shop","url":"https:\/\/armonianaturaldietshop.com\/","sameAs":["https:\/\/www.facebook.com\/ArmoniaNaturalDietShop\/","https:\/\/www.instagram.com\/armonia.natural\/?hl=en"],"logo":{"@type":"ImageObject","@id":"https:\/\/armonianaturaldietshop.com\/#logo","inLanguage":"en-US","url":"https:\/\/armonianaturaldietshop.com\/wp-content\/uploads\/2018\/01\/top-banner-1.png","contentUrl":"https:\/\/armonianaturaldietshop.com\/wp-content\/uploads\/2018\/01\/top-banner-1.png","width":369,"height":116,"caption":"Armonia Natural Diet Shop"},"image":{"@id":"https:\/\/armonianaturaldietshop.com\/#logo"}},{"@type":"WebSite","@id":"https:\/\/armonianaturaldietshop.com\/#website","url":"https:\/\/armonianaturaldietshop.com\/","name":"Armonia Natural Diet Shop","description":"Otro sitio realizado con WordPress","publisher":{"@id":"https:\/\/armonianaturaldietshop.com\/#organization"},"potentialAction":[{"@type":"SearchAction","target":{"@type":"EntryPoint","urlTemplate":"https:\/\/armonianaturaldietshop.com\/?s={search_term_string}"},"query-input":"required name=search_term_string"}],"inLanguage":"en-US"},{"@type":"ImageObject","@id":"https:\/\/armonianaturaldietshop.com\/en\/product\/l-carnitina-500mg-x-60-capsulas\/#primaryimage","inLanguage":"en-US","url":"https:\/\/armonianaturaldietshop.com\/wp-content\/uploads\/2018\/02\/l-carnitina-500mg-x-60-capsulas_530.jpg","contentUrl":"https:\/\/armonianaturaldietshop.com\/wp-content\/uploads\/2018\/02\/l-carnitina-500mg-x-60-capsulas_530.jpg","width":340,"height":340},{"@type":"WebPage","@id":"https:\/\/armonianaturaldietshop.com\/en\/product\/l-carnitina-500mg-x-60-capsulas\/#webpage","url":"https:\/\/armonianaturaldietshop.com\/en\/product\/l-carnitina-500mg-x-60-capsulas\/","name":"L Carnitina 500mg X 60 Capsulas - Armonia Natural Diet Shop","isPartOf":{"@id":"https:\/\/armonianaturaldietshop.com\/#website"},"primaryImageOfPage":{"@id":"https:\/\/armonianaturaldietshop.com\/en\/product\/l-carnitina-500mg-x-60-capsulas\/#primaryimage"},"datePublished":"2018-01-28T21:42:59+00:00","dateModified":"2018-01-28T21:42:59+00:00","breadcrumb":{"@id":"https:\/\/armonianaturaldietshop.com\/en\/product\/l-carnitina-500mg-x-60-capsulas\/#breadcrumb"},"inLanguage":"en-US","potentialAction":[{"@type":"ReadAction","target":["https:\/\/armonianaturaldietshop.com\/en\/product\/l-carnitina-500mg-x-60-capsulas\/"]}]},{"@type":"BreadcrumbList","@id":"https:\/\/armonianaturaldietshop.com\/en\/product\/l-carnitina-500mg-x-60-capsulas\/#breadcrumb","itemListElement":[{"@type":"ListItem","position":1,"name":"Home","item":"https:\/\/armonianaturaldietshop.com\/en\/"},{"@type":"ListItem","position":2,"name":"Shop","item":"https:\/\/armonianaturaldietshop.com\/en\/shop\/"},{"@type":"ListItem","position":3,"name":"L Carnitina 500mg X 60 Capsulas"}]}]}},"_links":{"self":[{"href":"https:\/\/armonianaturaldietshop.com\/en\/wp-json\/wp\/v2\/product\/1790"}],"collection":[{"href":"https:\/\/armonianaturaldietshop.com\/en\/wp-json\/wp\/v2\/product"}],"about":[{"href":"https:\/\/armonianaturaldietshop.com\/en\/wp-json\/wp\/v2\/types\/product"}],"replies":[{"embeddable":true,"href":"https:\/\/armonianaturaldietshop.com\/en\/wp-json\/wp\/v2\/comments?post=1790"}],"wp:featuredmedia":[{"embeddable":true,"href":"https:\/\/armonianaturaldietshop.com\/en\/wp-json\/wp\/v2\/media\/1047"}],"wp:attachment":[{"href":"https:\/\/armonianaturaldietshop.com\/en\/wp-json\/wp\/v2\/media?parent=1790"}],"wp:term":[{"taxonomy":"product_cat","embeddable":true,"href":"https:\/\/armonianaturaldietshop.com\/en\/wp-json\/wp\/v2\/product_cat?post=1790"},{"taxonomy":"product_tag","embeddable":true,"href":"https:\/\/armonianaturaldietshop.com\/en\/wp-json\/wp\/v2\/product_tag?post=1790"}],"curies":[{"name":"wp","href":"https:\/\/api.w.org\/{rel}","templated":true}]}}