{"id":1791,"date":"2018-01-28T21:42:58","date_gmt":"2018-01-28T21:42:58","guid":{"rendered":"http:\/\/armonianaturaldietshop.com\/product\/isopure-zero-carb-3lb-vainilla-cookies-cream\/"},"modified":"2024-09-10T19:57:54","modified_gmt":"2024-09-10T19:57:54","slug":"isopure-zero-carb-3lb-vainilla-cookies-cream","status":"publish","type":"product","link":"https:\/\/armonianaturaldietshop.com\/en\/product\/isopure-zero-carb-3lb-vainilla-cookies-cream\/","title":{"rendered":"ISOPURE ZERO CARB 3LB Vainilla, cookies &amp; Cream"},"content":{"rendered":"<div style=\"padding: 0px; margin: 0px;\">\n<h2 style=\"font-size: 18px; font-weight: normal; line-height: 1.25; text-align: center; padding: 0px; margin: 0px 0px 10px 0px;\"><strong><span style=\"font-size: 18pt; color: #00ccff;\">ISOPURE ZERO CARB<\/span><\/strong><\/h2>\n<\/div>\n<p style=\"padding: 0px; margin: 0px 0px 10px 0px;\"><span style=\"font-size: 12pt;\"><strong style=\"font-weight: bold; padding: 0px; margin: 0px;\">Isopure Zero Carb de Nature\u2019s Best<\/strong>, es el primer y \u00fanico producto de su tipo en contener 50 gramos de Aislado de\u00a0<a style=\"color: #066cc3; text-decoration: none; padding: 0px; margin: 0px;\" href=\"http:\/\/miproteina.com.co\/categorias\/nutricion-deportiva\/proteina.html\">Prote\u00edna<\/a>de Suero 100% Puro de Intercambio de Iones.<\/span><br style=\"padding: 0px; margin: 0px;\" \/><span style=\"font-size: 12pt;\">Todas las impurezas han sido eliminadas para proporcionarle una avanzada mezcla en bebida como sustituto alimenticio con un gran sabor, libre de lactosa, libre de grasa y con glutamina enriquecida.<\/span><\/p>\n<p style=\"padding: 0px; margin: 0px 0px 10px 0px;\"><span style=\"font-size: 12pt;\">\u00a0Con\u00a0<em style=\"padding: 0px; margin: 0px;\">Isopure Zero Carb<\/em>\u00a0usted est\u00e1 comprando el mejor producto disponible en el mercado. Nature\u00b4s Best se ha propuesto crear un producto que no escondiera nada de sus compradores. La fuente de la prote\u00edna es claramente identificada como Aislado de Prote\u00edna de Suero 100% Puro de Intercambio de Iones. ISOPURE Zero Carb es rico en amino\u00e1cidos ramificados y glutamina.<\/span><\/p>\n<p style=\"padding: 0px; margin: 0px 0px 10px 0px;\"><span style=\"font-size: 12pt;\">\u00a0Adem\u00e1s,\u00a0<strong style=\"font-weight: bold; padding: 0px; margin: 0px;\">Isopure Zero Carb<\/strong>\u00a0es instant\u00e1neo as\u00ed que puede ser llevado a cualquier parte y mezclado con una cuchara.<\/span><\/p>\n<p style=\"padding: 0px; margin: 0px 0px 10px 0px;\"><span style=\"font-size: 12pt;\">Isopure contiene 50 gramos de 100% Prote\u00edna de suero de leche.<\/span><\/p>\n<p style=\"padding: 0px; margin: 0px 0px 10px 0px;\"><span style=\"font-size: 12pt;\">Es totalmente limpia, libre de cualquier impureza, libre de lactosa y enriquecida con 4.5 grs de glutamina, por si fuera poco es libre de carbohidratos para objetivos enfocados a p\u00e9rdida de grasa y\/o tonificaci\u00f3n. Tiene 0% de az\u00facar y es f\u00e1cil de mezclar.<\/span><\/p>\n<p style=\"padding: 0px; margin: 0px 0px 10px 0px;\"><span style=\"font-size: 12pt;\">En su f\u00f3rmula tiene amino\u00e1cidos de cadena ramificada para auxiliar a la construcci\u00f3n de masa muscular y tener un equilibro adecuado de nitr\u00f3geno positivo.<\/span><\/p>\n<ul style=\"list-style-type: none; padding: 0px; margin: 0px;\">\n<li style=\"list-style-type: none;\">\n<ul style=\"list-style-type: none; padding: 0px; margin: 0px;\">\n<li style=\"padding: 0px; margin: 0px;\"><span style=\"font-size: 12pt;\">No contiene carbohidratos ni grasas.<\/span><\/li>\n<li style=\"padding: 0px; margin: 0px;\"><span style=\"font-size: 12pt;\">Ayuda a fomentar el incremento de la masa muscular.<\/span><\/li>\n<li style=\"padding: 0px; margin: 0px;\"><span style=\"font-size: 12pt;\">Ideal para personas con intolerancia a la lactosa.<\/span><\/li>\n<li style=\"padding: 0px; margin: 0px;\"><span style=\"font-size: 12pt;\">Contiene\u00a0<a style=\"color: #066cc3; text-decoration: none; padding: 0px; margin: 0px;\" href=\"http:\/\/miproteina.com.co\/categorias\/nutricion-deportiva\/aminocidos.html\">Amino\u00e1cidos<\/a>\u00a0de Cadena Ramificada-BCAA (L-Isoleucina, L-Leucina y L-Valina), los cuales ayudan a proveer de energ\u00eda a los m\u00fasculos, de igual manera eleva significativamente los niveles de s\u00edntesis de prote\u00ednas a nivel muscular.<\/span><\/li>\n<li style=\"padding: 0px; margin: 0px;\"><span style=\"font-size: 12pt;\">Ayuda a nutrir al m\u00fasculo, ya que entre sus ingredientes contiene L-<a style=\"color: #066cc3; text-decoration: none; padding: 0px; margin: 0px;\" href=\"http:\/\/miproteina.com.co\/categorias\/energia-y-resistencia\/glutamina.html\">Glutamina<\/a>.<\/span><\/li>\n<li style=\"padding: 0px; margin: 0px;\"><span style=\"font-size: 12pt;\">Contiene Vitaminas y Minerales, los cuales en conjunto ayudan a nutrir al organismo.<\/span><\/li>\n<li style=\"padding: 0px; margin: 0px;\"><span style=\"font-size: 12pt;\">Es de f\u00e1cil digesti\u00f3n.<\/span><\/li>\n<li style=\"padding: 0px; margin: 0px;\"><span style=\"font-size: 12pt;\">Se absorbe r\u00e1pidamente en el organismo.<\/span><\/li>\n<li style=\"padding: 0px; margin: 0px;\"><span style=\"font-size: 12pt;\">Contiene 25 gramos de Prote\u00edna de Suero de Leche.<\/span><\/li>\n<\/ul>\n<\/li>\n<\/ul>\n<h3 style=\"font-size: 15px; font-weight: bold; line-height: 1.25; padding: 0px; margin: 0px 0px 5px 0px;\"><span style=\"font-size: 12pt;\"><strong style=\"font-weight: bold; padding: 0px; margin: 0px;\">\u00a0<\/strong><\/span><\/h3>\n<h3 style=\"font-size: 15px; font-weight: bold; line-height: 1.25; padding: 0px; margin: 0px 0px 5px 0px;\"><span style=\"font-size: 12pt; color: #00ff00;\"><strong style=\"font-weight: bold; padding: 0px; margin: 0px;\">Como usar Isopure Zero Carb<\/strong><\/span><\/h3>\n<p style=\"padding: 0px; margin: 0px 0px 10px 0px;\"><span style=\"font-size: 12pt;\">Miproteina te recomienda toamrla despues de hacer tu rutina de entrenamientos, usar dos scoops de\u00a0<strong style=\"font-weight: bold; padding: 0px; margin: 0px;\">ISO PURE ZERO CARBS\u00a0<\/strong>(65GR) en 350 ml de agua.<\/span><\/p>\n<p style=\"padding: 0px; margin: 0px 0px 10px 0px;\"><span style=\"font-size: 12pt;\"><img style=\"vertical-align: top; padding: 0px; margin: auto; border: 0px initial initial;\" title=\"Elite Xt 4,4lb\" src=\"https:\/\/miproteina.com.co\/media\/catalog\/product\/i\/s\/isopure_3lb.jpg\" alt=\"Elite Xt 4,4lb\" width=\"265\" \/><\/span><\/p>\n","protected":false},"excerpt":{"rendered":"<p>Isopure Zero Carb de Nature\u2019s Best, es el primer y \u00fanico producto de su tipo en contener 50 gramos de Aislado de Prote\u00edna de Suero 100% Puro de Intercambio de Iones.<\/p>\n","protected":false},"featured_media":1049,"comment_status":"open","ping_status":"closed","template":"","meta":[],"product_cat":[40,29],"product_tag":[],"acf":[],"yoast_head":"<!-- This site is optimized with the Yoast SEO plugin v18.5.1 - https:\/\/yoast.com\/wordpress\/plugins\/seo\/ -->\n<title>ISOPURE ZERO CARB 3LB Vainilla, cookies &amp; Cream - Armonia Natural Diet Shop<\/title>\n<meta name=\"robots\" content=\"index, follow, max-snippet:-1, max-image-preview:large, max-video-preview:-1\" \/>\n<link rel=\"canonical\" href=\"https:\/\/armonianaturaldietshop.com\/product\/isopure-zero-carb-3lb-vainilla-cookies-cream\/\" \/>\n<meta property=\"og:locale\" content=\"en_US\" \/>\n<meta property=\"og:type\" content=\"article\" \/>\n<meta property=\"og:title\" content=\"ISOPURE ZERO CARB 3LB Vainilla, cookies &amp; Cream - Armonia Natural Diet Shop\" \/>\n<meta property=\"og:description\" content=\"Isopure Zero Carb de Nature\u2019s Best, es el primer y \u00fanico producto de su tipo en contener 50 gramos de Aislado de Prote\u00edna de Suero 100% Puro de Intercambio de Iones.\" \/>\n<meta property=\"og:url\" content=\"https:\/\/armonianaturaldietshop.com\/product\/isopure-zero-carb-3lb-vainilla-cookies-cream\/\" \/>\n<meta property=\"og:site_name\" content=\"Armonia Natural Diet Shop\" \/>\n<meta property=\"article:publisher\" content=\"https:\/\/www.facebook.com\/ArmoniaNaturalDietShop\/\" \/>\n<meta property=\"article:modified_time\" content=\"2024-09-10T19:57:54+00:00\" \/>\n<meta property=\"og:image\" content=\"https:\/\/armonianaturaldietshop.com\/wp-content\/uploads\/2018\/02\/isopure-zero-carb-3lb-vainilla-cookies-cream_200.jpg\" \/>\n\t<meta property=\"og:image:width\" content=\"300\" \/>\n\t<meta property=\"og:image:height\" content=\"300\" \/>\n\t<meta property=\"og:image:type\" content=\"image\/jpeg\" \/>\n<meta name=\"twitter:card\" content=\"summary_large_image\" \/>\n<meta name=\"twitter:label1\" content=\"Est. reading time\" \/>\n\t<meta name=\"twitter:data1\" content=\"2 minutes\" \/>\n<script type=\"application\/ld+json\" class=\"yoast-schema-graph\">{\"@context\":\"https:\/\/schema.org\",\"@graph\":[{\"@type\":\"Organization\",\"@id\":\"https:\/\/armonianaturaldietshop.com\/#organization\",\"name\":\"Armonia Natural Diet Shop\",\"url\":\"https:\/\/armonianaturaldietshop.com\/\",\"sameAs\":[\"https:\/\/www.facebook.com\/ArmoniaNaturalDietShop\/\",\"https:\/\/www.instagram.com\/armonia.natural\/?hl=en\"],\"logo\":{\"@type\":\"ImageObject\",\"@id\":\"https:\/\/armonianaturaldietshop.com\/#logo\",\"inLanguage\":\"en-US\",\"url\":\"https:\/\/armonianaturaldietshop.com\/wp-content\/uploads\/2018\/01\/top-banner-1.png\",\"contentUrl\":\"https:\/\/armonianaturaldietshop.com\/wp-content\/uploads\/2018\/01\/top-banner-1.png\",\"width\":369,\"height\":116,\"caption\":\"Armonia Natural Diet Shop\"},\"image\":{\"@id\":\"https:\/\/armonianaturaldietshop.com\/#logo\"}},{\"@type\":\"WebSite\",\"@id\":\"https:\/\/armonianaturaldietshop.com\/#website\",\"url\":\"https:\/\/armonianaturaldietshop.com\/\",\"name\":\"Armonia Natural Diet Shop\",\"description\":\"Otro sitio realizado con WordPress\",\"publisher\":{\"@id\":\"https:\/\/armonianaturaldietshop.com\/#organization\"},\"potentialAction\":[{\"@type\":\"SearchAction\",\"target\":{\"@type\":\"EntryPoint\",\"urlTemplate\":\"https:\/\/armonianaturaldietshop.com\/?s={search_term_string}\"},\"query-input\":\"required name=search_term_string\"}],\"inLanguage\":\"en-US\"},{\"@type\":\"ImageObject\",\"@id\":\"https:\/\/armonianaturaldietshop.com\/product\/isopure-zero-carb-3lb-vainilla-cookies-cream\/#primaryimage\",\"inLanguage\":\"en-US\",\"url\":\"https:\/\/armonianaturaldietshop.com\/wp-content\/uploads\/2018\/02\/isopure-zero-carb-3lb-vainilla-cookies-cream_200.jpg\",\"contentUrl\":\"https:\/\/armonianaturaldietshop.com\/wp-content\/uploads\/2018\/02\/isopure-zero-carb-3lb-vainilla-cookies-cream_200.jpg\",\"width\":300,\"height\":300},{\"@type\":\"WebPage\",\"@id\":\"https:\/\/armonianaturaldietshop.com\/product\/isopure-zero-carb-3lb-vainilla-cookies-cream\/#webpage\",\"url\":\"https:\/\/armonianaturaldietshop.com\/product\/isopure-zero-carb-3lb-vainilla-cookies-cream\/\",\"name\":\"ISOPURE ZERO CARB 3LB Vainilla, cookies &amp; Cream - Armonia Natural Diet Shop\",\"isPartOf\":{\"@id\":\"https:\/\/armonianaturaldietshop.com\/#website\"},\"primaryImageOfPage\":{\"@id\":\"https:\/\/armonianaturaldietshop.com\/product\/isopure-zero-carb-3lb-vainilla-cookies-cream\/#primaryimage\"},\"datePublished\":\"2018-01-28T21:42:58+00:00\",\"dateModified\":\"2024-09-10T19:57:54+00:00\",\"breadcrumb\":{\"@id\":\"https:\/\/armonianaturaldietshop.com\/product\/isopure-zero-carb-3lb-vainilla-cookies-cream\/#breadcrumb\"},\"inLanguage\":\"en-US\",\"potentialAction\":[{\"@type\":\"ReadAction\",\"target\":[\"https:\/\/armonianaturaldietshop.com\/product\/isopure-zero-carb-3lb-vainilla-cookies-cream\/\"]}]},{\"@type\":\"BreadcrumbList\",\"@id\":\"https:\/\/armonianaturaldietshop.com\/product\/isopure-zero-carb-3lb-vainilla-cookies-cream\/#breadcrumb\",\"itemListElement\":[{\"@type\":\"ListItem\",\"position\":1,\"name\":\"Home\",\"item\":\"https:\/\/armonianaturaldietshop.com\/en\/\"},{\"@type\":\"ListItem\",\"position\":2,\"name\":\"Shop\",\"item\":\"https:\/\/armonianaturaldietshop.com\/en\/shop\/\"},{\"@type\":\"ListItem\",\"position\":3,\"name\":\"ISOPURE ZERO CARB 3LB Vainilla, cookies &amp; Cream\"}]}]}<\/script>\n<!-- \/ Yoast SEO plugin. -->","yoast_head_json":{"title":"ISOPURE ZERO CARB 3LB Vainilla, cookies &amp; Cream - Armonia Natural Diet Shop","robots":{"index":"index","follow":"follow","max-snippet":"max-snippet:-1","max-image-preview":"max-image-preview:large","max-video-preview":"max-video-preview:-1"},"canonical":"https:\/\/armonianaturaldietshop.com\/product\/isopure-zero-carb-3lb-vainilla-cookies-cream\/","og_locale":"en_US","og_type":"article","og_title":"ISOPURE ZERO CARB 3LB Vainilla, cookies &amp; Cream - Armonia Natural Diet Shop","og_description":"Isopure Zero Carb de Nature\u2019s Best, es el primer y \u00fanico producto de su tipo en contener 50 gramos de Aislado de Prote\u00edna de Suero 100% Puro de Intercambio de Iones.","og_url":"https:\/\/armonianaturaldietshop.com\/product\/isopure-zero-carb-3lb-vainilla-cookies-cream\/","og_site_name":"Armonia Natural Diet Shop","article_publisher":"https:\/\/www.facebook.com\/ArmoniaNaturalDietShop\/","article_modified_time":"2024-09-10T19:57:54+00:00","og_image":[{"width":300,"height":300,"url":"https:\/\/armonianaturaldietshop.com\/wp-content\/uploads\/2018\/02\/isopure-zero-carb-3lb-vainilla-cookies-cream_200.jpg","type":"image\/jpeg"}],"twitter_card":"summary_large_image","twitter_misc":{"Est. reading time":"2 minutes"},"schema":{"@context":"https:\/\/schema.org","@graph":[{"@type":"Organization","@id":"https:\/\/armonianaturaldietshop.com\/#organization","name":"Armonia Natural Diet Shop","url":"https:\/\/armonianaturaldietshop.com\/","sameAs":["https:\/\/www.facebook.com\/ArmoniaNaturalDietShop\/","https:\/\/www.instagram.com\/armonia.natural\/?hl=en"],"logo":{"@type":"ImageObject","@id":"https:\/\/armonianaturaldietshop.com\/#logo","inLanguage":"en-US","url":"https:\/\/armonianaturaldietshop.com\/wp-content\/uploads\/2018\/01\/top-banner-1.png","contentUrl":"https:\/\/armonianaturaldietshop.com\/wp-content\/uploads\/2018\/01\/top-banner-1.png","width":369,"height":116,"caption":"Armonia Natural Diet Shop"},"image":{"@id":"https:\/\/armonianaturaldietshop.com\/#logo"}},{"@type":"WebSite","@id":"https:\/\/armonianaturaldietshop.com\/#website","url":"https:\/\/armonianaturaldietshop.com\/","name":"Armonia Natural Diet Shop","description":"Otro sitio realizado con WordPress","publisher":{"@id":"https:\/\/armonianaturaldietshop.com\/#organization"},"potentialAction":[{"@type":"SearchAction","target":{"@type":"EntryPoint","urlTemplate":"https:\/\/armonianaturaldietshop.com\/?s={search_term_string}"},"query-input":"required name=search_term_string"}],"inLanguage":"en-US"},{"@type":"ImageObject","@id":"https:\/\/armonianaturaldietshop.com\/product\/isopure-zero-carb-3lb-vainilla-cookies-cream\/#primaryimage","inLanguage":"en-US","url":"https:\/\/armonianaturaldietshop.com\/wp-content\/uploads\/2018\/02\/isopure-zero-carb-3lb-vainilla-cookies-cream_200.jpg","contentUrl":"https:\/\/armonianaturaldietshop.com\/wp-content\/uploads\/2018\/02\/isopure-zero-carb-3lb-vainilla-cookies-cream_200.jpg","width":300,"height":300},{"@type":"WebPage","@id":"https:\/\/armonianaturaldietshop.com\/product\/isopure-zero-carb-3lb-vainilla-cookies-cream\/#webpage","url":"https:\/\/armonianaturaldietshop.com\/product\/isopure-zero-carb-3lb-vainilla-cookies-cream\/","name":"ISOPURE ZERO CARB 3LB Vainilla, cookies &amp; Cream - Armonia Natural Diet Shop","isPartOf":{"@id":"https:\/\/armonianaturaldietshop.com\/#website"},"primaryImageOfPage":{"@id":"https:\/\/armonianaturaldietshop.com\/product\/isopure-zero-carb-3lb-vainilla-cookies-cream\/#primaryimage"},"datePublished":"2018-01-28T21:42:58+00:00","dateModified":"2024-09-10T19:57:54+00:00","breadcrumb":{"@id":"https:\/\/armonianaturaldietshop.com\/product\/isopure-zero-carb-3lb-vainilla-cookies-cream\/#breadcrumb"},"inLanguage":"en-US","potentialAction":[{"@type":"ReadAction","target":["https:\/\/armonianaturaldietshop.com\/product\/isopure-zero-carb-3lb-vainilla-cookies-cream\/"]}]},{"@type":"BreadcrumbList","@id":"https:\/\/armonianaturaldietshop.com\/product\/isopure-zero-carb-3lb-vainilla-cookies-cream\/#breadcrumb","itemListElement":[{"@type":"ListItem","position":1,"name":"Home","item":"https:\/\/armonianaturaldietshop.com\/en\/"},{"@type":"ListItem","position":2,"name":"Shop","item":"https:\/\/armonianaturaldietshop.com\/en\/shop\/"},{"@type":"ListItem","position":3,"name":"ISOPURE ZERO CARB 3LB Vainilla, cookies &amp; Cream"}]}]}},"_links":{"self":[{"href":"https:\/\/armonianaturaldietshop.com\/en\/wp-json\/wp\/v2\/product\/1791"}],"collection":[{"href":"https:\/\/armonianaturaldietshop.com\/en\/wp-json\/wp\/v2\/product"}],"about":[{"href":"https:\/\/armonianaturaldietshop.com\/en\/wp-json\/wp\/v2\/types\/product"}],"replies":[{"embeddable":true,"href":"https:\/\/armonianaturaldietshop.com\/en\/wp-json\/wp\/v2\/comments?post=1791"}],"wp:featuredmedia":[{"embeddable":true,"href":"https:\/\/armonianaturaldietshop.com\/en\/wp-json\/wp\/v2\/media\/1049"}],"wp:attachment":[{"href":"https:\/\/armonianaturaldietshop.com\/en\/wp-json\/wp\/v2\/media?parent=1791"}],"wp:term":[{"taxonomy":"product_cat","embeddable":true,"href":"https:\/\/armonianaturaldietshop.com\/en\/wp-json\/wp\/v2\/product_cat?post=1791"},{"taxonomy":"product_tag","embeddable":true,"href":"https:\/\/armonianaturaldietshop.com\/en\/wp-json\/wp\/v2\/product_tag?post=1791"}],"curies":[{"name":"wp","href":"https:\/\/api.w.org\/{rel}","templated":true}]}}