{"id":1794,"date":"2018-01-28T21:42:57","date_gmt":"2018-01-28T21:42:57","guid":{"rendered":"http:\/\/armonianaturaldietshop.com\/product\/hustle-pre-entreno-api-30-serv\/"},"modified":"2019-01-29T18:12:42","modified_gmt":"2019-01-29T18:12:42","slug":"hustle-pre-entreno-api-30-serv","status":"publish","type":"product","link":"https:\/\/armonianaturaldietshop.com\/en\/product\/hustle-pre-entreno-api-30-serv\/","title":{"rendered":"HUSTLE PRE-ENTRENO API  30 serv."},"content":{"rendered":"<p><span lang=\"es\" style=\"font-family: arial, helvetica, sans-serif;\">Para el atleta de rendimiento serio,&nbsp; HUSTLE API aumenta la energ\u00eda y la resistencia para que pueda ser el musculo oxigenado, empujando m\u00e1s all\u00e1 de sus l\u00edmites. Est\u00e1 dise\u00f1ado para crear oxigenacion muscular maximizada y enfocarse en entrenamientos intensos. Enciende un interruptor en tu cerebro a trav\u00e9s de tus m\u00fasculos con tu primera dosis de HUSTLE API.<\/span><\/p>\n<p>&nbsp;<\/p>\n<p class=\"tw-data-text tw-ta tw-text-small\" dir=\"ltr\" data-placeholder=\"Translation\"><span lang=\"es\" style=\"font-family: arial, helvetica, sans-serif;\">HUSTLE API proporciona cantidades reales, no polvos, de los ingredientes m\u00e1s potentes de construcci\u00f3n muscular. La combinaci\u00f3n de Nitrosigina, L-Citrulina y Carnosyn Beta Alanina crea un efecto de bomba explosiva que cuando se combina con nuestra pila de energ\u00eda y enfoque de liberaci\u00f3n sostenida y r\u00e1pida proporciona una experiencia de entrenamiento \u00fanica e intensa.<br \/>\n<\/span><\/p>\n<p><span lang=\"es\" style=\"font-family: arial, helvetica, sans-serif;\"><strong>&nbsp;<\/strong><\/span><\/p>\n<p id=\"tw-target-text\" class=\"tw-data-text tw-ta tw-text-small\" dir=\"ltr\" data-placeholder=\"Translation\"><span lang=\"es\" style=\"font-family: arial, helvetica, sans-serif;\">Uso sugerido:<\/span><\/p>\n<p>Como suplemento diet\u00e9tico, use una cucharada de Hustle en 8-12 onzas de agua fr\u00eda 30-45 minutos antes del ejercicio, o seg\u00fan las indicaciones de un nutricionista. Para una experiencia m\u00e1s intensa, use 1.5 cucharadas antes del ejercicio. Se puede usar m\u00e1s o menos agua para satisfacer el sabor deseado.<\/p>\n<p><span lang=\"es\" style=\"font-family: arial, helvetica, sans-serif;\">&nbsp;<\/span><\/p>\n<p><span lang=\"es\" style=\"font-family: arial, helvetica, sans-serif;\">&nbsp;<\/span><\/p>\n","protected":false},"excerpt":{"rendered":"<p>Para el atleta de rendimiento serio, HUSTLE API aumenta la energ\u00eda y la resistencia para que pueda ser el musculo oxigenado, empujando m\u00e1s all\u00e1 de sus l\u00edmites. Est\u00e1 dise\u00f1ado para crear oxigenacion muscular maximizada y enfocarse en entrenamientos intensos. Enciende un interruptor en tu cerebro a trav\u00e9s de tus m\u00fasculos con tu primera dosis de HUSTLE API.<\/p>\n","protected":false},"featured_media":2903,"comment_status":"open","ping_status":"closed","template":"","meta":[],"product_cat":[29],"product_tag":[],"acf":[],"yoast_head":"<!-- This site is optimized with the Yoast SEO plugin v18.5.1 - https:\/\/yoast.com\/wordpress\/plugins\/seo\/ -->\n<title>HUSTLE API - PRE ENTRENO - VASODILATADOR- WP 3146364459<\/title>\n<meta name=\"description\" content=\"Para el atleta de rendimiento serio, HUSTLE API aumenta la energ\u00eda y la resistencia para que pueda ser el musculo oxigenado, empujando tu energia al maximo.\" \/>\n<meta name=\"robots\" content=\"index, follow, max-snippet:-1, max-image-preview:large, max-video-preview:-1\" \/>\n<link rel=\"canonical\" href=\"https:\/\/armonianaturaldietshop.com\/product\/hustle-pre-entreno-api-30-serv\/\" \/>\n<meta property=\"og:locale\" content=\"en_US\" \/>\n<meta property=\"og:type\" content=\"article\" \/>\n<meta property=\"og:title\" content=\"HUSTLE API - PRE ENTRENO - VASODILATADOR- WP 3146364459\" \/>\n<meta property=\"og:description\" content=\"Para el atleta de rendimiento serio, HUSTLE API aumenta la energ\u00eda y la resistencia para que pueda ser el musculo oxigenado, empujando tu energia al maximo.\" \/>\n<meta property=\"og:url\" content=\"https:\/\/armonianaturaldietshop.com\/product\/hustle-pre-entreno-api-30-serv\/\" \/>\n<meta property=\"og:site_name\" content=\"Armonia Natural Diet Shop\" \/>\n<meta property=\"article:publisher\" content=\"https:\/\/www.facebook.com\/ArmoniaNaturalDietShop\/\" \/>\n<meta property=\"article:modified_time\" content=\"2019-01-29T18:12:42+00:00\" \/>\n<meta property=\"og:image\" content=\"https:\/\/armonianaturaldietshop.com\/wp-content\/uploads\/2018\/01\/hustle-api-bogota-cali-medellin.jpg\" \/>\n\t<meta property=\"og:image:width\" content=\"245\" \/>\n\t<meta property=\"og:image:height\" content=\"306\" \/>\n\t<meta property=\"og:image:type\" content=\"image\/jpeg\" \/>\n<meta name=\"twitter:card\" content=\"summary_large_image\" \/>\n<meta name=\"twitter:label1\" content=\"Est. reading time\" \/>\n\t<meta name=\"twitter:data1\" content=\"1 minute\" \/>\n<script type=\"application\/ld+json\" class=\"yoast-schema-graph\">{\"@context\":\"https:\/\/schema.org\",\"@graph\":[{\"@type\":\"Organization\",\"@id\":\"https:\/\/armonianaturaldietshop.com\/#organization\",\"name\":\"Armonia Natural Diet Shop\",\"url\":\"https:\/\/armonianaturaldietshop.com\/\",\"sameAs\":[\"https:\/\/www.facebook.com\/ArmoniaNaturalDietShop\/\",\"https:\/\/www.instagram.com\/armonia.natural\/?hl=en\"],\"logo\":{\"@type\":\"ImageObject\",\"@id\":\"https:\/\/armonianaturaldietshop.com\/#logo\",\"inLanguage\":\"en-US\",\"url\":\"https:\/\/armonianaturaldietshop.com\/wp-content\/uploads\/2018\/01\/top-banner-1.png\",\"contentUrl\":\"https:\/\/armonianaturaldietshop.com\/wp-content\/uploads\/2018\/01\/top-banner-1.png\",\"width\":369,\"height\":116,\"caption\":\"Armonia Natural Diet Shop\"},\"image\":{\"@id\":\"https:\/\/armonianaturaldietshop.com\/#logo\"}},{\"@type\":\"WebSite\",\"@id\":\"https:\/\/armonianaturaldietshop.com\/#website\",\"url\":\"https:\/\/armonianaturaldietshop.com\/\",\"name\":\"Armonia Natural Diet Shop\",\"description\":\"Otro sitio realizado con WordPress\",\"publisher\":{\"@id\":\"https:\/\/armonianaturaldietshop.com\/#organization\"},\"potentialAction\":[{\"@type\":\"SearchAction\",\"target\":{\"@type\":\"EntryPoint\",\"urlTemplate\":\"https:\/\/armonianaturaldietshop.com\/?s={search_term_string}\"},\"query-input\":\"required name=search_term_string\"}],\"inLanguage\":\"en-US\"},{\"@type\":\"ImageObject\",\"@id\":\"https:\/\/armonianaturaldietshop.com\/product\/hustle-pre-entreno-api-30-serv\/#primaryimage\",\"inLanguage\":\"en-US\",\"url\":\"https:\/\/armonianaturaldietshop.com\/wp-content\/uploads\/2018\/01\/hustle-api-bogota-cali-medellin.jpg\",\"contentUrl\":\"https:\/\/armonianaturaldietshop.com\/wp-content\/uploads\/2018\/01\/hustle-api-bogota-cali-medellin.jpg\",\"width\":245,\"height\":306,\"caption\":\"HUSTLE API-bogota-cali-medellin\"},{\"@type\":\"WebPage\",\"@id\":\"https:\/\/armonianaturaldietshop.com\/product\/hustle-pre-entreno-api-30-serv\/#webpage\",\"url\":\"https:\/\/armonianaturaldietshop.com\/product\/hustle-pre-entreno-api-30-serv\/\",\"name\":\"HUSTLE API - PRE ENTRENO - VASODILATADOR- WP 3146364459\",\"isPartOf\":{\"@id\":\"https:\/\/armonianaturaldietshop.com\/#website\"},\"primaryImageOfPage\":{\"@id\":\"https:\/\/armonianaturaldietshop.com\/product\/hustle-pre-entreno-api-30-serv\/#primaryimage\"},\"datePublished\":\"2018-01-28T21:42:57+00:00\",\"dateModified\":\"2019-01-29T18:12:42+00:00\",\"description\":\"Para el atleta de rendimiento serio, HUSTLE API aumenta la energ\u00eda y la resistencia para que pueda ser el musculo oxigenado, empujando tu energia al maximo.\",\"breadcrumb\":{\"@id\":\"https:\/\/armonianaturaldietshop.com\/product\/hustle-pre-entreno-api-30-serv\/#breadcrumb\"},\"inLanguage\":\"en-US\",\"potentialAction\":[{\"@type\":\"ReadAction\",\"target\":[\"https:\/\/armonianaturaldietshop.com\/product\/hustle-pre-entreno-api-30-serv\/\"]}]},{\"@type\":\"BreadcrumbList\",\"@id\":\"https:\/\/armonianaturaldietshop.com\/product\/hustle-pre-entreno-api-30-serv\/#breadcrumb\",\"itemListElement\":[{\"@type\":\"ListItem\",\"position\":1,\"name\":\"Home\",\"item\":\"https:\/\/armonianaturaldietshop.com\/en\/\"},{\"@type\":\"ListItem\",\"position\":2,\"name\":\"Shop\",\"item\":\"https:\/\/armonianaturaldietshop.com\/en\/shop\/\"},{\"@type\":\"ListItem\",\"position\":3,\"name\":\"HUSTLE PRE-ENTRENO API 30 serv.\"}]}]}<\/script>\n<!-- \/ Yoast SEO plugin. -->","yoast_head_json":{"title":"HUSTLE API - PRE ENTRENO - VASODILATADOR- WP 3146364459","description":"Para el atleta de rendimiento serio, HUSTLE API aumenta la energ\u00eda y la resistencia para que pueda ser el musculo oxigenado, empujando tu energia al maximo.","robots":{"index":"index","follow":"follow","max-snippet":"max-snippet:-1","max-image-preview":"max-image-preview:large","max-video-preview":"max-video-preview:-1"},"canonical":"https:\/\/armonianaturaldietshop.com\/product\/hustle-pre-entreno-api-30-serv\/","og_locale":"en_US","og_type":"article","og_title":"HUSTLE API - PRE ENTRENO - VASODILATADOR- WP 3146364459","og_description":"Para el atleta de rendimiento serio, HUSTLE API aumenta la energ\u00eda y la resistencia para que pueda ser el musculo oxigenado, empujando tu energia al maximo.","og_url":"https:\/\/armonianaturaldietshop.com\/product\/hustle-pre-entreno-api-30-serv\/","og_site_name":"Armonia Natural Diet Shop","article_publisher":"https:\/\/www.facebook.com\/ArmoniaNaturalDietShop\/","article_modified_time":"2019-01-29T18:12:42+00:00","og_image":[{"width":245,"height":306,"url":"https:\/\/armonianaturaldietshop.com\/wp-content\/uploads\/2018\/01\/hustle-api-bogota-cali-medellin.jpg","type":"image\/jpeg"}],"twitter_card":"summary_large_image","twitter_misc":{"Est. reading time":"1 minute"},"schema":{"@context":"https:\/\/schema.org","@graph":[{"@type":"Organization","@id":"https:\/\/armonianaturaldietshop.com\/#organization","name":"Armonia Natural Diet Shop","url":"https:\/\/armonianaturaldietshop.com\/","sameAs":["https:\/\/www.facebook.com\/ArmoniaNaturalDietShop\/","https:\/\/www.instagram.com\/armonia.natural\/?hl=en"],"logo":{"@type":"ImageObject","@id":"https:\/\/armonianaturaldietshop.com\/#logo","inLanguage":"en-US","url":"https:\/\/armonianaturaldietshop.com\/wp-content\/uploads\/2018\/01\/top-banner-1.png","contentUrl":"https:\/\/armonianaturaldietshop.com\/wp-content\/uploads\/2018\/01\/top-banner-1.png","width":369,"height":116,"caption":"Armonia Natural Diet Shop"},"image":{"@id":"https:\/\/armonianaturaldietshop.com\/#logo"}},{"@type":"WebSite","@id":"https:\/\/armonianaturaldietshop.com\/#website","url":"https:\/\/armonianaturaldietshop.com\/","name":"Armonia Natural Diet Shop","description":"Otro sitio realizado con WordPress","publisher":{"@id":"https:\/\/armonianaturaldietshop.com\/#organization"},"potentialAction":[{"@type":"SearchAction","target":{"@type":"EntryPoint","urlTemplate":"https:\/\/armonianaturaldietshop.com\/?s={search_term_string}"},"query-input":"required name=search_term_string"}],"inLanguage":"en-US"},{"@type":"ImageObject","@id":"https:\/\/armonianaturaldietshop.com\/product\/hustle-pre-entreno-api-30-serv\/#primaryimage","inLanguage":"en-US","url":"https:\/\/armonianaturaldietshop.com\/wp-content\/uploads\/2018\/01\/hustle-api-bogota-cali-medellin.jpg","contentUrl":"https:\/\/armonianaturaldietshop.com\/wp-content\/uploads\/2018\/01\/hustle-api-bogota-cali-medellin.jpg","width":245,"height":306,"caption":"HUSTLE API-bogota-cali-medellin"},{"@type":"WebPage","@id":"https:\/\/armonianaturaldietshop.com\/product\/hustle-pre-entreno-api-30-serv\/#webpage","url":"https:\/\/armonianaturaldietshop.com\/product\/hustle-pre-entreno-api-30-serv\/","name":"HUSTLE API - PRE ENTRENO - VASODILATADOR- WP 3146364459","isPartOf":{"@id":"https:\/\/armonianaturaldietshop.com\/#website"},"primaryImageOfPage":{"@id":"https:\/\/armonianaturaldietshop.com\/product\/hustle-pre-entreno-api-30-serv\/#primaryimage"},"datePublished":"2018-01-28T21:42:57+00:00","dateModified":"2019-01-29T18:12:42+00:00","description":"Para el atleta de rendimiento serio, HUSTLE API aumenta la energ\u00eda y la resistencia para que pueda ser el musculo oxigenado, empujando tu energia al maximo.","breadcrumb":{"@id":"https:\/\/armonianaturaldietshop.com\/product\/hustle-pre-entreno-api-30-serv\/#breadcrumb"},"inLanguage":"en-US","potentialAction":[{"@type":"ReadAction","target":["https:\/\/armonianaturaldietshop.com\/product\/hustle-pre-entreno-api-30-serv\/"]}]},{"@type":"BreadcrumbList","@id":"https:\/\/armonianaturaldietshop.com\/product\/hustle-pre-entreno-api-30-serv\/#breadcrumb","itemListElement":[{"@type":"ListItem","position":1,"name":"Home","item":"https:\/\/armonianaturaldietshop.com\/en\/"},{"@type":"ListItem","position":2,"name":"Shop","item":"https:\/\/armonianaturaldietshop.com\/en\/shop\/"},{"@type":"ListItem","position":3,"name":"HUSTLE PRE-ENTRENO API 30 serv."}]}]}},"_links":{"self":[{"href":"https:\/\/armonianaturaldietshop.com\/en\/wp-json\/wp\/v2\/product\/1794"}],"collection":[{"href":"https:\/\/armonianaturaldietshop.com\/en\/wp-json\/wp\/v2\/product"}],"about":[{"href":"https:\/\/armonianaturaldietshop.com\/en\/wp-json\/wp\/v2\/types\/product"}],"replies":[{"embeddable":true,"href":"https:\/\/armonianaturaldietshop.com\/en\/wp-json\/wp\/v2\/comments?post=1794"}],"wp:featuredmedia":[{"embeddable":true,"href":"https:\/\/armonianaturaldietshop.com\/en\/wp-json\/wp\/v2\/media\/2903"}],"wp:attachment":[{"href":"https:\/\/armonianaturaldietshop.com\/en\/wp-json\/wp\/v2\/media?parent=1794"}],"wp:term":[{"taxonomy":"product_cat","embeddable":true,"href":"https:\/\/armonianaturaldietshop.com\/en\/wp-json\/wp\/v2\/product_cat?post=1794"},{"taxonomy":"product_tag","embeddable":true,"href":"https:\/\/armonianaturaldietshop.com\/en\/wp-json\/wp\/v2\/product_tag?post=1794"}],"curies":[{"name":"wp","href":"https:\/\/api.w.org\/{rel}","templated":true}]}}