{"id":1795,"date":"2018-01-28T21:42:57","date_gmt":"2018-01-28T21:42:57","guid":{"rendered":"http:\/\/armonianaturaldietshop.com\/product\/hydroxycut-hardcore-elite-100-capsulas\/"},"modified":"2021-11-05T16:06:13","modified_gmt":"2021-11-05T16:06:13","slug":"hydroxycut-hardcore-elite-100-capsulas","status":"publish","type":"product","link":"https:\/\/armonianaturaldietshop.com\/en\/product\/hydroxycut-hardcore-elite-100-capsulas\/","title":{"rendered":"Hydroxycut Hardcore Elite-100CAPS"},"content":{"rendered":"<h1 style=\"font-family: 'Open Sans', sans-serif; font-size: 26px; font-weight: bold; color: #2c2c2c; margin: 0px 0px 15px 0px;\"><span style=\"color: #ff0000;\">\u00a0 \u00a0 \u00a0 \u00a0 \u00a0 \u00a0 \u00a0 \u00a0 \u00a0 \u00a0 \u00a0 \u00a0 \u00a0 \u00a0 \u00a0 \u00a0 Hydroxycut Hardcore Elite de MuscleTech<\/span><\/h1>\n<p style=\"font-family: 'Open Sans', sans-serif;\"><span style=\"font-size: 12pt;\">El <a href=\"https:\/\/www.powergym.com\/blog\/que-son-los-termogenicos-funcionan.html\">super-termog\u00e9nico<\/a> de energ\u00eda extrema Hydroxycut Hardcore Elite de Muscletech, promueve la p\u00e9rdida eficiente de <a href=\"https:\/\/armonianaturaldietshop.com\/en\/?post_type=product&#038;p=1894\">grasa<\/a> (demostrado en estudios cl\u00ednicos), estimula el metabolismo, provee altas dosis de energ\u00eda extrema y ayuda a una mayor concentraci\u00f3n. Sus ingredientes activos permiten excelentes resultados energizantes.<\/span><\/p>\n<h2 style=\"font-family: 'Open Sans', sans-serif; font-size: 18px; font-weight: bold; color: #2c2c2c; margin: 0px 0px 5px 0px;\"><span style=\"color: #00ff00;\">Ingredientes:<\/span><\/h2>\n<ul>\n<li><span style=\"font-size: 12pt;\"><strong>Cafe\u00edna anhidra:<\/strong>\u00a0es un potente energizante y termog\u00e9nico que ayuda a quemar grasas.<\/span><\/li>\n<li><span style=\"font-size: 12pt;\"><strong>Coleus forskohlii:<\/strong>\u00a0ayuda al buen funcionamiento de la tiroides y del metabolismo basal, y mejora la lip\u00f3lisis.<\/span><\/li>\n<li><span style=\"font-size: 12pt;\"><strong>Extracto de caf\u00e9 verde<\/strong>: ayuda a quemar grasa, a reducir peso y a adelgazar. Controla la glicemia y la insulina despu\u00e9s de las comidas evitando la acumulaci\u00f3n de grasa.<\/span><\/li>\n<li><span style=\"font-size: 12pt;\"><strong>L-Teanina:<\/strong>\u00a0amino\u00e1cido que mejora el sistema inmune, incentiva la producci\u00f3n del \u00e1cido gamma-aminobut\u00edrico y genera sensaci\u00f3n de bienestar y relajaci\u00f3n.<\/span><\/li>\n<li><span style=\"font-size: 12pt;\"><strong>Teobromina:<\/strong>\u00a0estimulante leve y diur\u00e9tico generador de energ\u00eda que ayuda a perder peso y apetito.<\/span><\/li>\n<li><span style=\"font-size: 12pt;\"><strong>Extracto de Serpentina<\/strong>: acelera el metabolismo basal y mejorar la lipolisis. Evita acumulaciones de grasa por medio del incremento del flujo sangu\u00edneo en el tejido graso.<\/span><\/li>\n<\/ul>\n<h2 style=\"font-family: 'Open Sans', sans-serif; font-size: 18px; font-weight: bold; color: #2c2c2c; margin: 0px 0px 5px 0px;\">Indicaciones de uso:<\/h2>\n<p style=\"font-family: 'Open Sans', sans-serif;\"><span style=\"font-size: 14pt;\">Para evaluar la tolerancia se recomienda tomar 1 c\u00e1psula al d\u00eda inicialmente. Si hay una buena aceptaci\u00f3n, continuar la dosificaci\u00f3n a continuaci\u00f3n:<\/span><\/p>\n<table class=\"list\" style=\"border-collapse: collapse; width: 635px; border-top-width: 1px; border-top-style: solid; border-top-color: #dddddd; border-left-width: 1px; border-left-style: solid; border-left-color: #dddddd; margin-bottom: 20px;\">\n<thead>\n<tr>\n<th style=\"vertical-align: top; border-right-width: 1px; border-right-style: solid; border-right-color: #dddddd; border-bottom-width: 1px; border-bottom-style: solid; border-bottom-color: #dddddd; background-color: #efefef; color: #555555; font-weight: bold; text-decoration: none; padding: 5px;\" colspan=\"2\">Dosificaci\u00f3n<\/th>\n<\/tr>\n<\/thead>\n<tbody>\n<tr>\n<td style=\"font-family: 'Open Sans', sans-serif; vertical-align: top; border-right-width: 1px; border-right-style: solid; border-right-color: #dddddd; border-bottom-width: 1px; border-bottom-style: solid; border-bottom-color: #dddddd; padding: 5px;\">D\u00eda 1 y 2<\/td>\n<td style=\"font-family: 'Open Sans', sans-serif; vertical-align: top; border-right-width: 1px; border-right-style: solid; border-right-color: #dddddd; border-bottom-width: 1px; border-bottom-style: solid; border-bottom-color: #dddddd; padding: 5px;\">1 c\u00e1psula al d\u00eda<\/td>\n<\/tr>\n<tr>\n<td style=\"font-family: 'Open Sans', sans-serif; vertical-align: top; border-right-width: 1px; border-right-style: solid; border-right-color: #dddddd; border-bottom-width: 1px; border-bottom-style: solid; border-bottom-color: #dddddd; padding: 5px;\">D\u00eda 3 y 4<\/td>\n<td style=\"font-family: 'Open Sans', sans-serif; vertical-align: top; border-right-width: 1px; border-right-style: solid; border-right-color: #dddddd; border-bottom-width: 1px; border-bottom-style: solid; border-bottom-color: #dddddd; padding: 5px;\">2 c\u00e1psulas al d\u00eda<\/td>\n<\/tr>\n<tr>\n<td style=\"font-family: 'Open Sans', sans-serif; vertical-align: top; border-right-width: 1px; border-right-style: solid; border-right-color: #dddddd; border-bottom-width: 1px; border-bottom-style: solid; border-bottom-color: #dddddd; padding: 5px;\">D\u00eda 5 y 6<\/td>\n<td style=\"font-family: 'Open Sans', sans-serif; vertical-align: top; border-right-width: 1px; border-right-style: solid; border-right-color: #dddddd; border-bottom-width: 1px; border-bottom-style: solid; border-bottom-color: #dddddd; padding: 5px;\">2 c\u00e1psulas con la primera comida, 1 c\u00e1psula con la segunda comida<\/td>\n<\/tr>\n<tr>\n<td style=\"font-family: 'Open Sans', sans-serif; vertical-align: top; border-right-width: 1px; border-right-style: solid; border-right-color: #dddddd; border-bottom-width: 1px; border-bottom-style: solid; border-bottom-color: #dddddd; padding: 5px;\">D\u00eda 7 en adelante<\/td>\n<td style=\"font-family: 'Open Sans', sans-serif; vertical-align: top; border-right-width: 1px; border-right-style: solid; border-right-color: #dddddd; border-bottom-width: 1px; border-bottom-style: solid; border-bottom-color: #dddddd; padding: 5px;\">2 c\u00e1psulas al d\u00eda<\/td>\n<\/tr>\n<\/tbody>\n<\/table>\n<ul>\n<li><span style=\"font-size: 12pt;\">No exceder la dosis recomendada.<\/span><\/li>\n<li><span style=\"font-size: 12pt;\">Tomar cada dosis 30 a 60 minutos antes de las dos comidas principales (desayuno y almuerzo).<\/span><\/li>\n<li><span style=\"font-size: 12pt;\">No consumir m\u00e1s de 4 c\u00e1psulas en un periodo inferior a 24 horas.<\/span><\/li>\n<li><span style=\"font-size: 12pt;\">Evitar consumo de snack. Tomar 10 vasos de agua diarios.<\/span><\/li>\n<li><span style=\"font-size: 12pt;\">No consumir dentro de las 5 horas anteriores a ir a dormir.<\/span><\/li>\n<li><span style=\"font-size: 12pt;\">Combinar la dieta con entrenamiento para obtener mejores resultados.<\/span><\/li>\n<li><span style=\"font-size: 12pt;\">No usar por m\u00e1s de 8 semanas seguidas.<\/span><\/li>\n<\/ul>\n","protected":false},"excerpt":{"rendered":"<p>Hydroxycut Hardcore\u00ae Elite de la nueva l\u00ednea Performance Series de Muscletech es el termog\u00e9nico m\u00e1s poderoso para perder peso, activar una s\u00faper termog\u00e9nesis en tu cuerpo, mejorar la concentraci\u00f3n mental y tener una energ\u00eda extrema.<\/p>\n<p>Hydroxycut Hardcore\u00ae Elite, un verdadero termog\u00e9nico de \u00e9lite con una f\u00f3rmula de transparencia total. Hydroxycut Hardcore\u00ae Elite no hay suposiciones, usted sabe exactamente lo que est\u00e1 poniendo en su cuerpo en todo momento.<\/p>\n<p>Beneficios:<br \/>\n\u02c3 Super termog\u00e9nesis &#8211; Energ\u00eda extrema.<br \/>\n\u02c3 Mayor concentraci\u00f3n &#8211; Mayor p\u00e9rdida de peso.<\/p>\n","protected":false},"featured_media":1069,"comment_status":"open","ping_status":"closed","template":"","meta":[],"product_cat":[49,31,29],"product_tag":[],"acf":[],"yoast_head":"<!-- This site is optimized with the Yoast SEO plugin v18.5.1 - https:\/\/yoast.com\/wordpress\/plugins\/seo\/ -->\n<title>Hydroxycut Hardcore Elite-100CAPS - Armonia Natural Diet Shop<\/title>\n<meta name=\"description\" content=\"Hydroxycut Hardcore Elite-100CAPS\" \/>\n<meta name=\"robots\" content=\"index, follow, max-snippet:-1, max-image-preview:large, max-video-preview:-1\" \/>\n<link rel=\"canonical\" href=\"https:\/\/armonianaturaldietshop.com\/en\/product\/hydroxycut-hardcore-elite-100-capsulas\/\" \/>\n<meta property=\"og:locale\" content=\"en_US\" \/>\n<meta property=\"og:type\" content=\"article\" \/>\n<meta property=\"og:title\" content=\"Hydroxycut Hardcore Elite-100CAPS - Armonia Natural Diet Shop\" \/>\n<meta property=\"og:description\" content=\"Hydroxycut Hardcore Elite-100CAPS\" \/>\n<meta property=\"og:url\" content=\"https:\/\/armonianaturaldietshop.com\/en\/product\/hydroxycut-hardcore-elite-100-capsulas\/\" \/>\n<meta property=\"og:site_name\" content=\"Armonia Natural Diet Shop\" \/>\n<meta property=\"article:publisher\" content=\"https:\/\/www.facebook.com\/ArmoniaNaturalDietShop\/\" \/>\n<meta property=\"article:modified_time\" content=\"2021-11-05T16:06:13+00:00\" \/>\n<meta property=\"og:image\" content=\"https:\/\/armonianaturaldietshop.com\/wp-content\/uploads\/2018\/02\/hydroxycut-hardcore-elite-100-capsulas_950.jpg\" \/>\n\t<meta property=\"og:image:width\" content=\"660\" \/>\n\t<meta property=\"og:image:height\" content=\"774\" \/>\n\t<meta property=\"og:image:type\" content=\"image\/jpeg\" \/>\n<meta name=\"twitter:card\" content=\"summary_large_image\" \/>\n<meta name=\"twitter:label1\" content=\"Est. reading time\" \/>\n\t<meta name=\"twitter:data1\" content=\"2 minutes\" \/>\n<script type=\"application\/ld+json\" class=\"yoast-schema-graph\">{\"@context\":\"https:\/\/schema.org\",\"@graph\":[{\"@type\":\"Organization\",\"@id\":\"https:\/\/armonianaturaldietshop.com\/#organization\",\"name\":\"Armonia Natural Diet Shop\",\"url\":\"https:\/\/armonianaturaldietshop.com\/\",\"sameAs\":[\"https:\/\/www.facebook.com\/ArmoniaNaturalDietShop\/\",\"https:\/\/www.instagram.com\/armonia.natural\/?hl=en\"],\"logo\":{\"@type\":\"ImageObject\",\"@id\":\"https:\/\/armonianaturaldietshop.com\/#logo\",\"inLanguage\":\"en-US\",\"url\":\"https:\/\/armonianaturaldietshop.com\/wp-content\/uploads\/2018\/01\/top-banner-1.png\",\"contentUrl\":\"https:\/\/armonianaturaldietshop.com\/wp-content\/uploads\/2018\/01\/top-banner-1.png\",\"width\":369,\"height\":116,\"caption\":\"Armonia Natural Diet Shop\"},\"image\":{\"@id\":\"https:\/\/armonianaturaldietshop.com\/#logo\"}},{\"@type\":\"WebSite\",\"@id\":\"https:\/\/armonianaturaldietshop.com\/#website\",\"url\":\"https:\/\/armonianaturaldietshop.com\/\",\"name\":\"Armonia Natural Diet Shop\",\"description\":\"Otro sitio realizado con WordPress\",\"publisher\":{\"@id\":\"https:\/\/armonianaturaldietshop.com\/#organization\"},\"potentialAction\":[{\"@type\":\"SearchAction\",\"target\":{\"@type\":\"EntryPoint\",\"urlTemplate\":\"https:\/\/armonianaturaldietshop.com\/?s={search_term_string}\"},\"query-input\":\"required name=search_term_string\"}],\"inLanguage\":\"en-US\"},{\"@type\":\"ImageObject\",\"@id\":\"https:\/\/armonianaturaldietshop.com\/en\/product\/hydroxycut-hardcore-elite-100-capsulas\/#primaryimage\",\"inLanguage\":\"en-US\",\"url\":\"https:\/\/armonianaturaldietshop.com\/wp-content\/uploads\/2018\/02\/hydroxycut-hardcore-elite-100-capsulas_950.jpg\",\"contentUrl\":\"https:\/\/armonianaturaldietshop.com\/wp-content\/uploads\/2018\/02\/hydroxycut-hardcore-elite-100-capsulas_950.jpg\",\"width\":660,\"height\":774,\"caption\":\"Hydroxycut Hardcore Elite-100CAPS\"},{\"@type\":\"WebPage\",\"@id\":\"https:\/\/armonianaturaldietshop.com\/en\/product\/hydroxycut-hardcore-elite-100-capsulas\/#webpage\",\"url\":\"https:\/\/armonianaturaldietshop.com\/en\/product\/hydroxycut-hardcore-elite-100-capsulas\/\",\"name\":\"Hydroxycut Hardcore Elite-100CAPS - Armonia Natural Diet Shop\",\"isPartOf\":{\"@id\":\"https:\/\/armonianaturaldietshop.com\/#website\"},\"primaryImageOfPage\":{\"@id\":\"https:\/\/armonianaturaldietshop.com\/en\/product\/hydroxycut-hardcore-elite-100-capsulas\/#primaryimage\"},\"datePublished\":\"2018-01-28T21:42:57+00:00\",\"dateModified\":\"2021-11-05T16:06:13+00:00\",\"description\":\"Hydroxycut Hardcore Elite-100CAPS\",\"breadcrumb\":{\"@id\":\"https:\/\/armonianaturaldietshop.com\/en\/product\/hydroxycut-hardcore-elite-100-capsulas\/#breadcrumb\"},\"inLanguage\":\"en-US\",\"potentialAction\":[{\"@type\":\"ReadAction\",\"target\":[\"https:\/\/armonianaturaldietshop.com\/en\/product\/hydroxycut-hardcore-elite-100-capsulas\/\"]}]},{\"@type\":\"BreadcrumbList\",\"@id\":\"https:\/\/armonianaturaldietshop.com\/en\/product\/hydroxycut-hardcore-elite-100-capsulas\/#breadcrumb\",\"itemListElement\":[{\"@type\":\"ListItem\",\"position\":1,\"name\":\"Home\",\"item\":\"https:\/\/armonianaturaldietshop.com\/en\/\"},{\"@type\":\"ListItem\",\"position\":2,\"name\":\"Shop\",\"item\":\"https:\/\/armonianaturaldietshop.com\/en\/shop\/\"},{\"@type\":\"ListItem\",\"position\":3,\"name\":\"Hydroxycut Hardcore Elite-100CAPS\"}]}]}<\/script>\n<!-- \/ Yoast SEO plugin. -->","yoast_head_json":{"title":"Hydroxycut Hardcore Elite-100CAPS - Armonia Natural Diet Shop","description":"Hydroxycut Hardcore Elite-100CAPS","robots":{"index":"index","follow":"follow","max-snippet":"max-snippet:-1","max-image-preview":"max-image-preview:large","max-video-preview":"max-video-preview:-1"},"canonical":"https:\/\/armonianaturaldietshop.com\/en\/product\/hydroxycut-hardcore-elite-100-capsulas\/","og_locale":"en_US","og_type":"article","og_title":"Hydroxycut Hardcore Elite-100CAPS - Armonia Natural Diet Shop","og_description":"Hydroxycut Hardcore Elite-100CAPS","og_url":"https:\/\/armonianaturaldietshop.com\/en\/product\/hydroxycut-hardcore-elite-100-capsulas\/","og_site_name":"Armonia Natural Diet Shop","article_publisher":"https:\/\/www.facebook.com\/ArmoniaNaturalDietShop\/","article_modified_time":"2021-11-05T16:06:13+00:00","og_image":[{"width":660,"height":774,"url":"https:\/\/armonianaturaldietshop.com\/wp-content\/uploads\/2018\/02\/hydroxycut-hardcore-elite-100-capsulas_950.jpg","type":"image\/jpeg"}],"twitter_card":"summary_large_image","twitter_misc":{"Est. reading time":"2 minutes"},"schema":{"@context":"https:\/\/schema.org","@graph":[{"@type":"Organization","@id":"https:\/\/armonianaturaldietshop.com\/#organization","name":"Armonia Natural Diet Shop","url":"https:\/\/armonianaturaldietshop.com\/","sameAs":["https:\/\/www.facebook.com\/ArmoniaNaturalDietShop\/","https:\/\/www.instagram.com\/armonia.natural\/?hl=en"],"logo":{"@type":"ImageObject","@id":"https:\/\/armonianaturaldietshop.com\/#logo","inLanguage":"en-US","url":"https:\/\/armonianaturaldietshop.com\/wp-content\/uploads\/2018\/01\/top-banner-1.png","contentUrl":"https:\/\/armonianaturaldietshop.com\/wp-content\/uploads\/2018\/01\/top-banner-1.png","width":369,"height":116,"caption":"Armonia Natural Diet Shop"},"image":{"@id":"https:\/\/armonianaturaldietshop.com\/#logo"}},{"@type":"WebSite","@id":"https:\/\/armonianaturaldietshop.com\/#website","url":"https:\/\/armonianaturaldietshop.com\/","name":"Armonia Natural Diet Shop","description":"Otro sitio realizado con WordPress","publisher":{"@id":"https:\/\/armonianaturaldietshop.com\/#organization"},"potentialAction":[{"@type":"SearchAction","target":{"@type":"EntryPoint","urlTemplate":"https:\/\/armonianaturaldietshop.com\/?s={search_term_string}"},"query-input":"required name=search_term_string"}],"inLanguage":"en-US"},{"@type":"ImageObject","@id":"https:\/\/armonianaturaldietshop.com\/en\/product\/hydroxycut-hardcore-elite-100-capsulas\/#primaryimage","inLanguage":"en-US","url":"https:\/\/armonianaturaldietshop.com\/wp-content\/uploads\/2018\/02\/hydroxycut-hardcore-elite-100-capsulas_950.jpg","contentUrl":"https:\/\/armonianaturaldietshop.com\/wp-content\/uploads\/2018\/02\/hydroxycut-hardcore-elite-100-capsulas_950.jpg","width":660,"height":774,"caption":"Hydroxycut Hardcore Elite-100CAPS"},{"@type":"WebPage","@id":"https:\/\/armonianaturaldietshop.com\/en\/product\/hydroxycut-hardcore-elite-100-capsulas\/#webpage","url":"https:\/\/armonianaturaldietshop.com\/en\/product\/hydroxycut-hardcore-elite-100-capsulas\/","name":"Hydroxycut Hardcore Elite-100CAPS - Armonia Natural Diet Shop","isPartOf":{"@id":"https:\/\/armonianaturaldietshop.com\/#website"},"primaryImageOfPage":{"@id":"https:\/\/armonianaturaldietshop.com\/en\/product\/hydroxycut-hardcore-elite-100-capsulas\/#primaryimage"},"datePublished":"2018-01-28T21:42:57+00:00","dateModified":"2021-11-05T16:06:13+00:00","description":"Hydroxycut Hardcore Elite-100CAPS","breadcrumb":{"@id":"https:\/\/armonianaturaldietshop.com\/en\/product\/hydroxycut-hardcore-elite-100-capsulas\/#breadcrumb"},"inLanguage":"en-US","potentialAction":[{"@type":"ReadAction","target":["https:\/\/armonianaturaldietshop.com\/en\/product\/hydroxycut-hardcore-elite-100-capsulas\/"]}]},{"@type":"BreadcrumbList","@id":"https:\/\/armonianaturaldietshop.com\/en\/product\/hydroxycut-hardcore-elite-100-capsulas\/#breadcrumb","itemListElement":[{"@type":"ListItem","position":1,"name":"Home","item":"https:\/\/armonianaturaldietshop.com\/en\/"},{"@type":"ListItem","position":2,"name":"Shop","item":"https:\/\/armonianaturaldietshop.com\/en\/shop\/"},{"@type":"ListItem","position":3,"name":"Hydroxycut Hardcore Elite-100CAPS"}]}]}},"_links":{"self":[{"href":"https:\/\/armonianaturaldietshop.com\/en\/wp-json\/wp\/v2\/product\/1795"}],"collection":[{"href":"https:\/\/armonianaturaldietshop.com\/en\/wp-json\/wp\/v2\/product"}],"about":[{"href":"https:\/\/armonianaturaldietshop.com\/en\/wp-json\/wp\/v2\/types\/product"}],"replies":[{"embeddable":true,"href":"https:\/\/armonianaturaldietshop.com\/en\/wp-json\/wp\/v2\/comments?post=1795"}],"wp:featuredmedia":[{"embeddable":true,"href":"https:\/\/armonianaturaldietshop.com\/en\/wp-json\/wp\/v2\/media\/1069"}],"wp:attachment":[{"href":"https:\/\/armonianaturaldietshop.com\/en\/wp-json\/wp\/v2\/media?parent=1795"}],"wp:term":[{"taxonomy":"product_cat","embeddable":true,"href":"https:\/\/armonianaturaldietshop.com\/en\/wp-json\/wp\/v2\/product_cat?post=1795"},{"taxonomy":"product_tag","embeddable":true,"href":"https:\/\/armonianaturaldietshop.com\/en\/wp-json\/wp\/v2\/product_tag?post=1795"}],"curies":[{"name":"wp","href":"https:\/\/api.w.org\/{rel}","templated":true}]}}