{"id":1801,"date":"2018-01-28T21:42:56","date_gmt":"2018-01-28T21:42:56","guid":{"rendered":"http:\/\/armonianaturaldietshop.com\/product\/hombre-semental-potenciador-sexual-para-hombres-12-caps\/"},"modified":"2022-02-04T21:46:59","modified_gmt":"2022-02-04T21:46:59","slug":"hombre-semental-potenciador-sexual-para-hombres-12-caps","status":"publish","type":"product","link":"https:\/\/armonianaturaldietshop.com\/en\/product\/hombre-semental-potenciador-sexual-para-hombres-12-caps\/","title":{"rendered":"HOMBRE SEMENTAL"},"content":{"rendered":"<h1 style=\"text-align: center;\">HOMBRE SEMENTAL<\/h1>\n<p>&nbsp;<\/p>\n<p><strong style=\"color: #800000; font-size: 18pt;\">Hombre Semental<\/strong><strong style=\"color: #800000; font-size: 18pt;\"> Para Hombres Que Dan M\u00e1s<\/strong><\/p>\n<p><span style=\"font-size: 10pt;\">Es un <a href=\"https:\/\/armonianaturaldietshop.com\/en\/?post_type=product&#038;p=1892\">potenciador<\/a> y energizante sexual que eleva los niveles de vigor y feromonas masculinas. Al consumirlo se restauran las funciones vasculares naturales que dan lugar a la erecci\u00f3n aumentando el flujo sangu\u00edneo al pene, logrando as\u00ed erecciones m\u00e1s fuertes, con mayor tama\u00f1o y vigor.<\/span><\/p>\n<p>&nbsp;<\/p>\n<p>&nbsp;<\/p>\n<p><span style=\"color: #800000; font-size: 12pt;\"><strong>BENEFICIOS DE CONSUMIR HOMBRE SEMENTAL:<\/strong><\/span><\/p>\n<p><span style=\"font-size: 10pt;\">&#8211; Aumenta la Potencia y la <a href=\"https:\/\/www.revistalevel.com.co\/contenido\/virilidad-sexual\">Virilidad sexual.<\/a><\/span><\/p>\n<p><span style=\"font-size: 10pt;\">&#8211; Aumenta el periodo de erecci\u00f3n logrando as\u00ed sostener relaciones sexuales por m\u00e1s tiempo.<br \/>\n&#8211; Combate la impotencia y pone fin a la eyaculaci\u00f3n precoz.<br \/>\n&#8211; Promueve el ensanchamiento y alargamiento del pene con el uso continuo del producto<br \/>\n&#8211; Reduce la tensi\u00f3n pre-acto<br \/>\n&#8211; Aumenta la libido, la sensibilidad y la confianza sexual.<\/span><\/p>\n<p><span style=\"font-size: 10pt;\">&#8211; Se puede utilizar habiendo ingerido licor.<\/span><\/p>\n<p>&nbsp;<\/p>\n<p><span style=\"font-size: 12pt; color: #800000;\"><strong>Dosis recomendada:<\/strong><\/span><\/p>\n<p><span style=\"font-size: 10pt;\">1 -2 tabletas 30 &#8211; 45 minutos antes de la relaci\u00f3n sexual.<\/span><\/p>\n<p><span style=\"font-size: 10pt;\">\u00a0*No exceder de 2 tabletas en un periodo de 24 Hrs*<\/span><\/p>\n<p>&nbsp;<\/p>\n<p><span style=\"color: #800000; font-size: 12pt;\"><strong>Para recuperar la vitalidad de manera continua:<\/strong><\/span><\/p>\n<p><span style=\"font-size: 10pt;\">1 c\u00e1psula 2 veces a la semana, durante 8 semanas. \u00a0<\/span><\/p>\n<p>&nbsp;<\/p>\n<p>&nbsp;<\/p>\n<p><span style=\"color: #800000; font-size: 12pt;\"><strong>Componentes principales:<\/strong><\/span><\/p>\n<p><span style=\"font-size: 10pt;\">Raiz de Ginseng 100mg<\/span><\/p>\n<p><span style=\"font-size: 10pt;\">Maca (Lepidium Meyenii) 50mg<\/span><\/p>\n<p><span style=\"font-size: 10pt;\">Guarana 25mg<\/span><\/p>\n<p><span style=\"font-size: 10pt;\">Borojo 20mg<\/span><\/p>\n<p><span style=\"font-size: 10pt;\">Chontaduro 15mg<\/span><\/p>\n<p><span style=\"font-size: 10pt;\">L-Arginina 100mg<\/span><\/p>\n<p><span style=\"font-size: 10pt;\">Aditivos: Almidon de ma\u00edz, di\u00f3xido de silicio, estearato de magnesio<\/span><\/p>\n<p>&nbsp;<\/p>\n<p><span style=\"font-size: 10pt;\">Conservese a temperatura inferior a 30 c y humedad relativa inferior a 65%<\/span><\/p>\n<p><span style=\"font-size: 10pt;\">Mantengase fuera del alcance de los ni\u00f1os<\/span><\/p>\n<p>&nbsp;<\/p>\n<p><span style=\"font-size: 10pt;\">*ESTE PRODUCTO ES UN SUPLEMENTO DIETARIO Y NO SUPLE UNA ALIMENTACION EQUILIBRADA*<\/span><\/p>\n<p>&nbsp;<\/p>\n<p><span style=\"font-size: 10pt;\"><img loading=\"lazy\" src=\"images\/stories\/virtuemart\/product\/resized\/2-(2)_256x256.jpg\" alt=\"\" width=\"280\" height=\"280\" \/><\/span><\/p>\n","protected":false},"excerpt":{"rendered":"<p>Hombre Semental es un potenciador y energizante sexual que eleva los niveles de vigor y feromonas masculinas. Al consumir Semental se restauran las funciones vasculares naturales que dan lugar a la erecci\u00f3n aumentando el flujo sangu\u00edneo al pene, logrando as\u00ed erecciones m\u00e1s fuertes, con mayor tama\u00f1o y vigor.<\/p>\n","protected":false},"featured_media":1093,"comment_status":"open","ping_status":"closed","template":"","meta":[],"product_cat":[47,30,34],"product_tag":[],"acf":[],"yoast_head":"<!-- This site is optimized with the Yoast SEO plugin v18.5.1 - https:\/\/yoast.com\/wordpress\/plugins\/seo\/ -->\n<title>HOMBRE SEMENTAL - Armonia Natural Diet Shop<\/title>\n<meta name=\"description\" content=\"HOMBRE SEMENTAL Es un potenciador y sexual que eleva los niveles de feromonas el flujo sangu\u00edneo del pene, logrando erecciones fuertes.\" \/>\n<meta name=\"robots\" content=\"index, follow, max-snippet:-1, max-image-preview:large, max-video-preview:-1\" \/>\n<link rel=\"canonical\" href=\"https:\/\/armonianaturaldietshop.com\/en\/product\/hombre-semental-potenciador-sexual-para-hombres-12-caps\/\" \/>\n<meta property=\"og:locale\" content=\"en_US\" \/>\n<meta property=\"og:type\" content=\"article\" \/>\n<meta property=\"og:title\" content=\"HOMBRE SEMENTAL - Armonia Natural Diet Shop\" \/>\n<meta property=\"og:description\" content=\"HOMBRE SEMENTAL Es un potenciador y sexual que eleva los niveles de feromonas el flujo sangu\u00edneo del pene, logrando erecciones fuertes.\" \/>\n<meta property=\"og:url\" content=\"https:\/\/armonianaturaldietshop.com\/en\/product\/hombre-semental-potenciador-sexual-para-hombres-12-caps\/\" \/>\n<meta property=\"og:site_name\" content=\"Armonia Natural Diet Shop\" \/>\n<meta property=\"article:publisher\" content=\"https:\/\/www.facebook.com\/ArmoniaNaturalDietShop\/\" \/>\n<meta property=\"article:modified_time\" content=\"2022-02-04T21:46:59+00:00\" \/>\n<meta property=\"og:image\" content=\"https:\/\/armonianaturaldietshop.com\/wp-content\/uploads\/2018\/02\/hombre-semental-potenciador-sexual-para-hombres-12-caps_868.jpg\" \/>\n\t<meta property=\"og:image:width\" content=\"1200\" \/>\n\t<meta property=\"og:image:height\" content=\"1200\" \/>\n\t<meta property=\"og:image:type\" content=\"image\/jpeg\" \/>\n<meta name=\"twitter:card\" content=\"summary_large_image\" \/>\n<meta name=\"twitter:label1\" content=\"Est. reading time\" \/>\n\t<meta name=\"twitter:data1\" content=\"1 minute\" \/>\n<script type=\"application\/ld+json\" class=\"yoast-schema-graph\">{\"@context\":\"https:\/\/schema.org\",\"@graph\":[{\"@type\":\"Organization\",\"@id\":\"https:\/\/armonianaturaldietshop.com\/#organization\",\"name\":\"Armonia Natural Diet Shop\",\"url\":\"https:\/\/armonianaturaldietshop.com\/\",\"sameAs\":[\"https:\/\/www.facebook.com\/ArmoniaNaturalDietShop\/\",\"https:\/\/www.instagram.com\/armonia.natural\/?hl=en\"],\"logo\":{\"@type\":\"ImageObject\",\"@id\":\"https:\/\/armonianaturaldietshop.com\/#logo\",\"inLanguage\":\"en-US\",\"url\":\"https:\/\/armonianaturaldietshop.com\/wp-content\/uploads\/2018\/01\/top-banner-1.png\",\"contentUrl\":\"https:\/\/armonianaturaldietshop.com\/wp-content\/uploads\/2018\/01\/top-banner-1.png\",\"width\":369,\"height\":116,\"caption\":\"Armonia Natural Diet Shop\"},\"image\":{\"@id\":\"https:\/\/armonianaturaldietshop.com\/#logo\"}},{\"@type\":\"WebSite\",\"@id\":\"https:\/\/armonianaturaldietshop.com\/#website\",\"url\":\"https:\/\/armonianaturaldietshop.com\/\",\"name\":\"Armonia Natural Diet Shop\",\"description\":\"Otro sitio realizado con WordPress\",\"publisher\":{\"@id\":\"https:\/\/armonianaturaldietshop.com\/#organization\"},\"potentialAction\":[{\"@type\":\"SearchAction\",\"target\":{\"@type\":\"EntryPoint\",\"urlTemplate\":\"https:\/\/armonianaturaldietshop.com\/?s={search_term_string}\"},\"query-input\":\"required name=search_term_string\"}],\"inLanguage\":\"en-US\"},{\"@type\":\"ImageObject\",\"@id\":\"https:\/\/armonianaturaldietshop.com\/en\/product\/hombre-semental-potenciador-sexual-para-hombres-12-caps\/#primaryimage\",\"inLanguage\":\"en-US\",\"url\":\"https:\/\/armonianaturaldietshop.com\/wp-content\/uploads\/2018\/02\/hombre-semental-potenciador-sexual-para-hombres-12-caps_868.jpg\",\"contentUrl\":\"https:\/\/armonianaturaldietshop.com\/wp-content\/uploads\/2018\/02\/hombre-semental-potenciador-sexual-para-hombres-12-caps_868.jpg\",\"width\":1200,\"height\":1200,\"caption\":\"HOMBRE SEMENTAL\"},{\"@type\":\"WebPage\",\"@id\":\"https:\/\/armonianaturaldietshop.com\/en\/product\/hombre-semental-potenciador-sexual-para-hombres-12-caps\/#webpage\",\"url\":\"https:\/\/armonianaturaldietshop.com\/en\/product\/hombre-semental-potenciador-sexual-para-hombres-12-caps\/\",\"name\":\"HOMBRE SEMENTAL - Armonia Natural Diet Shop\",\"isPartOf\":{\"@id\":\"https:\/\/armonianaturaldietshop.com\/#website\"},\"primaryImageOfPage\":{\"@id\":\"https:\/\/armonianaturaldietshop.com\/en\/product\/hombre-semental-potenciador-sexual-para-hombres-12-caps\/#primaryimage\"},\"datePublished\":\"2018-01-28T21:42:56+00:00\",\"dateModified\":\"2022-02-04T21:46:59+00:00\",\"description\":\"HOMBRE SEMENTAL Es un potenciador y sexual que eleva los niveles de feromonas el flujo sangu\u00edneo del pene, logrando erecciones fuertes.\",\"breadcrumb\":{\"@id\":\"https:\/\/armonianaturaldietshop.com\/en\/product\/hombre-semental-potenciador-sexual-para-hombres-12-caps\/#breadcrumb\"},\"inLanguage\":\"en-US\",\"potentialAction\":[{\"@type\":\"ReadAction\",\"target\":[\"https:\/\/armonianaturaldietshop.com\/en\/product\/hombre-semental-potenciador-sexual-para-hombres-12-caps\/\"]}]},{\"@type\":\"BreadcrumbList\",\"@id\":\"https:\/\/armonianaturaldietshop.com\/en\/product\/hombre-semental-potenciador-sexual-para-hombres-12-caps\/#breadcrumb\",\"itemListElement\":[{\"@type\":\"ListItem\",\"position\":1,\"name\":\"Home\",\"item\":\"https:\/\/armonianaturaldietshop.com\/en\/\"},{\"@type\":\"ListItem\",\"position\":2,\"name\":\"Shop\",\"item\":\"https:\/\/armonianaturaldietshop.com\/en\/shop\/\"},{\"@type\":\"ListItem\",\"position\":3,\"name\":\"HOMBRE SEMENTAL\"}]}]}<\/script>\n<!-- \/ Yoast SEO plugin. -->","yoast_head_json":{"title":"HOMBRE SEMENTAL - Armonia Natural Diet Shop","description":"HOMBRE SEMENTAL Es un potenciador y sexual que eleva los niveles de feromonas el flujo sangu\u00edneo del pene, logrando erecciones fuertes.","robots":{"index":"index","follow":"follow","max-snippet":"max-snippet:-1","max-image-preview":"max-image-preview:large","max-video-preview":"max-video-preview:-1"},"canonical":"https:\/\/armonianaturaldietshop.com\/en\/product\/hombre-semental-potenciador-sexual-para-hombres-12-caps\/","og_locale":"en_US","og_type":"article","og_title":"HOMBRE SEMENTAL - Armonia Natural Diet Shop","og_description":"HOMBRE SEMENTAL Es un potenciador y sexual que eleva los niveles de feromonas el flujo sangu\u00edneo del pene, logrando erecciones fuertes.","og_url":"https:\/\/armonianaturaldietshop.com\/en\/product\/hombre-semental-potenciador-sexual-para-hombres-12-caps\/","og_site_name":"Armonia Natural Diet Shop","article_publisher":"https:\/\/www.facebook.com\/ArmoniaNaturalDietShop\/","article_modified_time":"2022-02-04T21:46:59+00:00","og_image":[{"width":1200,"height":1200,"url":"https:\/\/armonianaturaldietshop.com\/wp-content\/uploads\/2018\/02\/hombre-semental-potenciador-sexual-para-hombres-12-caps_868.jpg","type":"image\/jpeg"}],"twitter_card":"summary_large_image","twitter_misc":{"Est. reading time":"1 minute"},"schema":{"@context":"https:\/\/schema.org","@graph":[{"@type":"Organization","@id":"https:\/\/armonianaturaldietshop.com\/#organization","name":"Armonia Natural Diet Shop","url":"https:\/\/armonianaturaldietshop.com\/","sameAs":["https:\/\/www.facebook.com\/ArmoniaNaturalDietShop\/","https:\/\/www.instagram.com\/armonia.natural\/?hl=en"],"logo":{"@type":"ImageObject","@id":"https:\/\/armonianaturaldietshop.com\/#logo","inLanguage":"en-US","url":"https:\/\/armonianaturaldietshop.com\/wp-content\/uploads\/2018\/01\/top-banner-1.png","contentUrl":"https:\/\/armonianaturaldietshop.com\/wp-content\/uploads\/2018\/01\/top-banner-1.png","width":369,"height":116,"caption":"Armonia Natural Diet Shop"},"image":{"@id":"https:\/\/armonianaturaldietshop.com\/#logo"}},{"@type":"WebSite","@id":"https:\/\/armonianaturaldietshop.com\/#website","url":"https:\/\/armonianaturaldietshop.com\/","name":"Armonia Natural Diet Shop","description":"Otro sitio realizado con WordPress","publisher":{"@id":"https:\/\/armonianaturaldietshop.com\/#organization"},"potentialAction":[{"@type":"SearchAction","target":{"@type":"EntryPoint","urlTemplate":"https:\/\/armonianaturaldietshop.com\/?s={search_term_string}"},"query-input":"required name=search_term_string"}],"inLanguage":"en-US"},{"@type":"ImageObject","@id":"https:\/\/armonianaturaldietshop.com\/en\/product\/hombre-semental-potenciador-sexual-para-hombres-12-caps\/#primaryimage","inLanguage":"en-US","url":"https:\/\/armonianaturaldietshop.com\/wp-content\/uploads\/2018\/02\/hombre-semental-potenciador-sexual-para-hombres-12-caps_868.jpg","contentUrl":"https:\/\/armonianaturaldietshop.com\/wp-content\/uploads\/2018\/02\/hombre-semental-potenciador-sexual-para-hombres-12-caps_868.jpg","width":1200,"height":1200,"caption":"HOMBRE SEMENTAL"},{"@type":"WebPage","@id":"https:\/\/armonianaturaldietshop.com\/en\/product\/hombre-semental-potenciador-sexual-para-hombres-12-caps\/#webpage","url":"https:\/\/armonianaturaldietshop.com\/en\/product\/hombre-semental-potenciador-sexual-para-hombres-12-caps\/","name":"HOMBRE SEMENTAL - Armonia Natural Diet Shop","isPartOf":{"@id":"https:\/\/armonianaturaldietshop.com\/#website"},"primaryImageOfPage":{"@id":"https:\/\/armonianaturaldietshop.com\/en\/product\/hombre-semental-potenciador-sexual-para-hombres-12-caps\/#primaryimage"},"datePublished":"2018-01-28T21:42:56+00:00","dateModified":"2022-02-04T21:46:59+00:00","description":"HOMBRE SEMENTAL Es un potenciador y sexual que eleva los niveles de feromonas el flujo sangu\u00edneo del pene, logrando erecciones fuertes.","breadcrumb":{"@id":"https:\/\/armonianaturaldietshop.com\/en\/product\/hombre-semental-potenciador-sexual-para-hombres-12-caps\/#breadcrumb"},"inLanguage":"en-US","potentialAction":[{"@type":"ReadAction","target":["https:\/\/armonianaturaldietshop.com\/en\/product\/hombre-semental-potenciador-sexual-para-hombres-12-caps\/"]}]},{"@type":"BreadcrumbList","@id":"https:\/\/armonianaturaldietshop.com\/en\/product\/hombre-semental-potenciador-sexual-para-hombres-12-caps\/#breadcrumb","itemListElement":[{"@type":"ListItem","position":1,"name":"Home","item":"https:\/\/armonianaturaldietshop.com\/en\/"},{"@type":"ListItem","position":2,"name":"Shop","item":"https:\/\/armonianaturaldietshop.com\/en\/shop\/"},{"@type":"ListItem","position":3,"name":"HOMBRE SEMENTAL"}]}]}},"_links":{"self":[{"href":"https:\/\/armonianaturaldietshop.com\/en\/wp-json\/wp\/v2\/product\/1801"}],"collection":[{"href":"https:\/\/armonianaturaldietshop.com\/en\/wp-json\/wp\/v2\/product"}],"about":[{"href":"https:\/\/armonianaturaldietshop.com\/en\/wp-json\/wp\/v2\/types\/product"}],"replies":[{"embeddable":true,"href":"https:\/\/armonianaturaldietshop.com\/en\/wp-json\/wp\/v2\/comments?post=1801"}],"wp:featuredmedia":[{"embeddable":true,"href":"https:\/\/armonianaturaldietshop.com\/en\/wp-json\/wp\/v2\/media\/1093"}],"wp:attachment":[{"href":"https:\/\/armonianaturaldietshop.com\/en\/wp-json\/wp\/v2\/media?parent=1801"}],"wp:term":[{"taxonomy":"product_cat","embeddable":true,"href":"https:\/\/armonianaturaldietshop.com\/en\/wp-json\/wp\/v2\/product_cat?post=1801"},{"taxonomy":"product_tag","embeddable":true,"href":"https:\/\/armonianaturaldietshop.com\/en\/wp-json\/wp\/v2\/product_tag?post=1801"}],"curies":[{"name":"wp","href":"https:\/\/api.w.org\/{rel}","templated":true}]}}