{"id":1802,"date":"2018-01-28T21:42:55","date_gmt":"2018-01-28T21:42:55","guid":{"rendered":"http:\/\/armonianaturaldietshop.com\/product\/hgh-hormona-de-crecimiento\/"},"modified":"2024-05-08T21:29:25","modified_gmt":"2024-05-08T21:29:25","slug":"hgh-hormona-de-crecimiento","status":"publish","type":"product","link":"https:\/\/armonianaturaldietshop.com\/en\/product\/hgh-hormona-de-crecimiento\/","title":{"rendered":"HGH Hormona de Crecimiento"},"content":{"rendered":"<p><strong>HGH REALEASING:<\/strong><\/p>\n<p><strong>Que es HGH?<\/strong><\/p>\n<p>Es un compendio de amino \u00e1cidos que act\u00faa sobre la gl\u00e1ndula pituitaria ayud\u00e1ndola a la secreci\u00f3n normal de hormonas durante el sue\u00f1o.<\/p>\n<p>Durante los \u00faltimos 20 a\u00f1os la ciencia ha descubierto que la raz\u00f3n principal por la cual el cuerpo envejece se debe a la falta de producci\u00f3n de la Hormona de Crecimiento Humano (Human Growth Hormone). Esta hormona, tambi\u00e9n conocida como la &#8220;madre de todas las hormonas\u00e2\u20ac , es producida por la gl\u00e1ndula Pituitaria, y es responsable del funcionamiento de todos los \u00f3rganos y de todas las hormonas del cuerpo humano.<\/p>\n<p>La falta de producci\u00f3n de HGH es la raz\u00f3n por la cual envejecemos.<\/p>\n<p>A los 50 a\u00f1os de edad la Pituitaria produce s\u00f3lo un 5 % de lo que sol\u00eda producir a los 25.<\/p>\n<p style=\"text-align: justify;\">Hasta hace muy poco tiempo la \u00fanica alternativa que se ten\u00eda era el reemplazo de la hormona a trav\u00e9s de inyecciones. Ese tratamiento, adem\u00e1s de muy costoso, requer\u00eda de control m\u00e9dico ya que presentaba ciertos riesgos. Con las nuevas tecnolog\u00edas se ha podido elaborar un nuevo producto a base de amino\u00e1cidos que estimula la gl\u00e1ndula Pituitaria para que produzca nuevamente y de forma totalmente natural la Hormona reguladora del cuerpo humano: HGH<\/p>\n<p style=\"text-align: justify;\">El HGH es un estimulante-liberador de la producci\u00f3n natural de la Hormona de Crecimiento Humano en el cuerpo. Este producto ha sido desarrollado como una alternativa natural, sin efectos secundarios ni contraindicaciones, que genera los mismos resultados que se obtendr\u00edan con el tratamiento a base de inyecciones.<\/p>\n<p style=\"text-align: justify;\">Aumente los niveles de HGH en su cuerpo y obtenga los siguientes resultados.<\/p>\n<p style=\"text-align: justify;\">Reducci\u00f3n de grasas<br \/>\nAumento de la tonicidad muscular y de la masa \u00f3sea, ayudando a prevenir la osteoporosis<br \/>\nAumento de la elasticidad de la piel: disminuci\u00f3n de arrugas<br \/>\nRestaura los niveles naturales de col\u00e1geno.<br \/>\nMayor resistencia y capacidad f\u00edsica.<br \/>\nMayor tolerancia al deporte.<br \/>\nSue\u00f1o profundo y reparador. Buen dormir.<br \/>\nMejor manejo del stress<br \/>\nMejora el funcionamiento mental, aumentando la memoria y la claridad.<br \/>\nMayor energ\u00eda y sensaci\u00f3n de bienestar.<br \/>\nRestaura la p\u00e9rdida de color en el cabello.<br \/>\nUtilizado por mujeres y hombres.<br \/>\nY muchos beneficios m\u00e1s.<\/p>\n<p style=\"text-align: justify;\"><strong>Ingredientes Principales: Amino\u00e1cidos para ser ingeridos de forma oral.<\/strong><\/p>\n<p style=\"text-align: justify;\"><strong>Mes #1<\/strong><br \/>\nEmpieza a incrementar la calidad y la profundidad del sue\u00f1o. M\u00e1s energ\u00eda, fuerza y tolerancia f\u00edsica. Crecimiento m\u00e1s r\u00e1pido del pelo y las u\u00f1as. Mejoramiento general de la actitud y una sensaci\u00f3n notoria de bienestar.<\/p>\n<p style=\"text-align: justify;\"><strong>Mes #2<\/strong><br \/>\nAumento de la tenacidad muscular. Mayor energ\u00eda y fuerza. Mejoramiento de la elasticidad de la piel. Mejor digesti\u00f3n y p\u00e9rdida de grasa. Ganancia muscular. Aumento del dese<\/p>\n<p style=\"text-align: justify;\"><strong>Mes #3<\/strong><br \/>\nMejoramiento de las funciones mentales. Mayor capacidad de concentraci\u00f3n, mejor cicatrizaci\u00f3n, aumento de la libido ,recuperaci\u00f3n m\u00e1s r\u00e1pida de dolores musculares, reducci\u00f3n de los s\u00edntomas de menopausia, mayor flexibilidad y elasticidad del cuerpo, menor duraci\u00f3n de dolores.<\/p>\n<p style=\"text-align: justify;\"><strong>Mes #4<\/strong><br \/>\nMejoramiento general del funcionamiento del cuerpo, profunda sensaci\u00f3n de bienestar. El rejuvenecimiento sigue en proceso.<\/p>\n<p style=\"text-align: justify;\"><strong>Mes #5<\/strong><br \/>\nNotoria p\u00e9rdida de grasa y reducci\u00f3n de medidas. La apariencia, textura y elasticidad de la piel mejoran visiblemente, las arrugas se suavizan. Deseo y rendimiento sexual altamente mejorados.. Engrosamiento del cabello, restauraci\u00f3n de la coloraci\u00f3n natural. Sensaci\u00f3n de bienestar permanente.<\/p>\n<p style=\"text-align: justify;\"><strong>Mes #6<\/strong><br \/>\nReducci\u00f3n de la celulitis. Mejoramiento del contorno y formas corporales. Mayor agudeza visual. Estado de salud resistente a gripes y resfriados. Excelente tolerancia al ejercicio f\u00edsico. Mayor estabilidad emocional. Mejoramiento de niveles de colesterol, triglic\u00e9ridos y presi\u00f3n sangu\u00ednea. Bienestar total.<\/p>\n<p style=\"text-align: justify;\"><strong>Modo de empleo:<\/strong> Tomar 4 tabletas media hora antes de dormir: durante 6 meses. Descansar un mes y volver a empezar el programa.<br \/>\nRepetir este proceso de por vida. No existen efectos colaterales, ni contraindicaciones.<br \/>\nAunque es recomendable siempre consultarlo con su m\u00e9dico.<\/p>\n","protected":false},"excerpt":{"rendered":"<p>Es un compendio de amino \u00e1cidos que act\u00faa sobre la gl\u00e1ndula pituitaria ayud\u00e1ndola a la secreci\u00f3n normal de hormonas durante el sue\u00f1o.<\/p>\n","protected":false},"featured_media":1107,"comment_status":"open","ping_status":"closed","template":"","meta":[],"product_cat":[29,34],"product_tag":[],"acf":[],"yoast_head":"<!-- This site is optimized with the Yoast SEO plugin v18.5.1 - https:\/\/yoast.com\/wordpress\/plugins\/seo\/ -->\n<title>HGH Hormona de Crecimiento - Armonia Natural Diet Shop<\/title>\n<meta name=\"robots\" content=\"index, follow, max-snippet:-1, max-image-preview:large, max-video-preview:-1\" \/>\n<link rel=\"canonical\" href=\"https:\/\/armonianaturaldietshop.com\/product\/hgh-hormona-de-crecimiento\/\" \/>\n<meta property=\"og:locale\" content=\"en_US\" \/>\n<meta property=\"og:type\" content=\"article\" \/>\n<meta property=\"og:title\" content=\"HGH Hormona de Crecimiento - Armonia Natural Diet Shop\" \/>\n<meta property=\"og:description\" content=\"Es un compendio de amino \u00e1cidos que act\u00faa sobre la gl\u00e1ndula pituitaria ayud\u00e1ndola a la secreci\u00f3n normal de hormonas durante el sue\u00f1o.\" \/>\n<meta property=\"og:url\" content=\"https:\/\/armonianaturaldietshop.com\/product\/hgh-hormona-de-crecimiento\/\" \/>\n<meta property=\"og:site_name\" content=\"Armonia Natural Diet Shop\" \/>\n<meta property=\"article:publisher\" content=\"https:\/\/www.facebook.com\/ArmoniaNaturalDietShop\/\" \/>\n<meta property=\"article:modified_time\" content=\"2024-05-08T21:29:25+00:00\" \/>\n<meta property=\"og:image\" content=\"https:\/\/armonianaturaldietshop.com\/wp-content\/uploads\/2018\/02\/hgh-hormona-de-crecimiento_101.jpg\" \/>\n\t<meta property=\"og:image:width\" content=\"256\" \/>\n\t<meta property=\"og:image:height\" content=\"286\" \/>\n\t<meta property=\"og:image:type\" content=\"image\/jpeg\" \/>\n<meta name=\"twitter:card\" content=\"summary_large_image\" \/>\n<meta name=\"twitter:label1\" content=\"Est. reading time\" \/>\n\t<meta name=\"twitter:data1\" content=\"3 minutes\" \/>\n<script type=\"application\/ld+json\" class=\"yoast-schema-graph\">{\"@context\":\"https:\/\/schema.org\",\"@graph\":[{\"@type\":\"Organization\",\"@id\":\"https:\/\/armonianaturaldietshop.com\/#organization\",\"name\":\"Armonia Natural Diet Shop\",\"url\":\"https:\/\/armonianaturaldietshop.com\/\",\"sameAs\":[\"https:\/\/www.facebook.com\/ArmoniaNaturalDietShop\/\",\"https:\/\/www.instagram.com\/armonia.natural\/?hl=en\"],\"logo\":{\"@type\":\"ImageObject\",\"@id\":\"https:\/\/armonianaturaldietshop.com\/#logo\",\"inLanguage\":\"en-US\",\"url\":\"https:\/\/armonianaturaldietshop.com\/wp-content\/uploads\/2018\/01\/top-banner-1.png\",\"contentUrl\":\"https:\/\/armonianaturaldietshop.com\/wp-content\/uploads\/2018\/01\/top-banner-1.png\",\"width\":369,\"height\":116,\"caption\":\"Armonia Natural Diet Shop\"},\"image\":{\"@id\":\"https:\/\/armonianaturaldietshop.com\/#logo\"}},{\"@type\":\"WebSite\",\"@id\":\"https:\/\/armonianaturaldietshop.com\/#website\",\"url\":\"https:\/\/armonianaturaldietshop.com\/\",\"name\":\"Armonia Natural Diet Shop\",\"description\":\"Otro sitio realizado con WordPress\",\"publisher\":{\"@id\":\"https:\/\/armonianaturaldietshop.com\/#organization\"},\"potentialAction\":[{\"@type\":\"SearchAction\",\"target\":{\"@type\":\"EntryPoint\",\"urlTemplate\":\"https:\/\/armonianaturaldietshop.com\/?s={search_term_string}\"},\"query-input\":\"required name=search_term_string\"}],\"inLanguage\":\"en-US\"},{\"@type\":\"ImageObject\",\"@id\":\"https:\/\/armonianaturaldietshop.com\/product\/hgh-hormona-de-crecimiento\/#primaryimage\",\"inLanguage\":\"en-US\",\"url\":\"https:\/\/armonianaturaldietshop.com\/wp-content\/uploads\/2018\/02\/hgh-hormona-de-crecimiento_101.jpg\",\"contentUrl\":\"https:\/\/armonianaturaldietshop.com\/wp-content\/uploads\/2018\/02\/hgh-hormona-de-crecimiento_101.jpg\",\"width\":256,\"height\":286},{\"@type\":\"WebPage\",\"@id\":\"https:\/\/armonianaturaldietshop.com\/product\/hgh-hormona-de-crecimiento\/#webpage\",\"url\":\"https:\/\/armonianaturaldietshop.com\/product\/hgh-hormona-de-crecimiento\/\",\"name\":\"HGH Hormona de Crecimiento - Armonia Natural Diet Shop\",\"isPartOf\":{\"@id\":\"https:\/\/armonianaturaldietshop.com\/#website\"},\"primaryImageOfPage\":{\"@id\":\"https:\/\/armonianaturaldietshop.com\/product\/hgh-hormona-de-crecimiento\/#primaryimage\"},\"datePublished\":\"2018-01-28T21:42:55+00:00\",\"dateModified\":\"2024-05-08T21:29:25+00:00\",\"breadcrumb\":{\"@id\":\"https:\/\/armonianaturaldietshop.com\/product\/hgh-hormona-de-crecimiento\/#breadcrumb\"},\"inLanguage\":\"en-US\",\"potentialAction\":[{\"@type\":\"ReadAction\",\"target\":[\"https:\/\/armonianaturaldietshop.com\/product\/hgh-hormona-de-crecimiento\/\"]}]},{\"@type\":\"BreadcrumbList\",\"@id\":\"https:\/\/armonianaturaldietshop.com\/product\/hgh-hormona-de-crecimiento\/#breadcrumb\",\"itemListElement\":[{\"@type\":\"ListItem\",\"position\":1,\"name\":\"Home\",\"item\":\"https:\/\/armonianaturaldietshop.com\/en\/\"},{\"@type\":\"ListItem\",\"position\":2,\"name\":\"Shop\",\"item\":\"https:\/\/armonianaturaldietshop.com\/en\/shop\/\"},{\"@type\":\"ListItem\",\"position\":3,\"name\":\"HGH Hormona de Crecimiento\"}]}]}<\/script>\n<!-- \/ Yoast SEO plugin. -->","yoast_head_json":{"title":"HGH Hormona de Crecimiento - Armonia Natural Diet Shop","robots":{"index":"index","follow":"follow","max-snippet":"max-snippet:-1","max-image-preview":"max-image-preview:large","max-video-preview":"max-video-preview:-1"},"canonical":"https:\/\/armonianaturaldietshop.com\/product\/hgh-hormona-de-crecimiento\/","og_locale":"en_US","og_type":"article","og_title":"HGH Hormona de Crecimiento - Armonia Natural Diet Shop","og_description":"Es un compendio de amino \u00e1cidos que act\u00faa sobre la gl\u00e1ndula pituitaria ayud\u00e1ndola a la secreci\u00f3n normal de hormonas durante el sue\u00f1o.","og_url":"https:\/\/armonianaturaldietshop.com\/product\/hgh-hormona-de-crecimiento\/","og_site_name":"Armonia Natural Diet Shop","article_publisher":"https:\/\/www.facebook.com\/ArmoniaNaturalDietShop\/","article_modified_time":"2024-05-08T21:29:25+00:00","og_image":[{"width":256,"height":286,"url":"https:\/\/armonianaturaldietshop.com\/wp-content\/uploads\/2018\/02\/hgh-hormona-de-crecimiento_101.jpg","type":"image\/jpeg"}],"twitter_card":"summary_large_image","twitter_misc":{"Est. reading time":"3 minutes"},"schema":{"@context":"https:\/\/schema.org","@graph":[{"@type":"Organization","@id":"https:\/\/armonianaturaldietshop.com\/#organization","name":"Armonia Natural Diet Shop","url":"https:\/\/armonianaturaldietshop.com\/","sameAs":["https:\/\/www.facebook.com\/ArmoniaNaturalDietShop\/","https:\/\/www.instagram.com\/armonia.natural\/?hl=en"],"logo":{"@type":"ImageObject","@id":"https:\/\/armonianaturaldietshop.com\/#logo","inLanguage":"en-US","url":"https:\/\/armonianaturaldietshop.com\/wp-content\/uploads\/2018\/01\/top-banner-1.png","contentUrl":"https:\/\/armonianaturaldietshop.com\/wp-content\/uploads\/2018\/01\/top-banner-1.png","width":369,"height":116,"caption":"Armonia Natural Diet Shop"},"image":{"@id":"https:\/\/armonianaturaldietshop.com\/#logo"}},{"@type":"WebSite","@id":"https:\/\/armonianaturaldietshop.com\/#website","url":"https:\/\/armonianaturaldietshop.com\/","name":"Armonia Natural Diet Shop","description":"Otro sitio realizado con WordPress","publisher":{"@id":"https:\/\/armonianaturaldietshop.com\/#organization"},"potentialAction":[{"@type":"SearchAction","target":{"@type":"EntryPoint","urlTemplate":"https:\/\/armonianaturaldietshop.com\/?s={search_term_string}"},"query-input":"required name=search_term_string"}],"inLanguage":"en-US"},{"@type":"ImageObject","@id":"https:\/\/armonianaturaldietshop.com\/product\/hgh-hormona-de-crecimiento\/#primaryimage","inLanguage":"en-US","url":"https:\/\/armonianaturaldietshop.com\/wp-content\/uploads\/2018\/02\/hgh-hormona-de-crecimiento_101.jpg","contentUrl":"https:\/\/armonianaturaldietshop.com\/wp-content\/uploads\/2018\/02\/hgh-hormona-de-crecimiento_101.jpg","width":256,"height":286},{"@type":"WebPage","@id":"https:\/\/armonianaturaldietshop.com\/product\/hgh-hormona-de-crecimiento\/#webpage","url":"https:\/\/armonianaturaldietshop.com\/product\/hgh-hormona-de-crecimiento\/","name":"HGH Hormona de Crecimiento - Armonia Natural Diet Shop","isPartOf":{"@id":"https:\/\/armonianaturaldietshop.com\/#website"},"primaryImageOfPage":{"@id":"https:\/\/armonianaturaldietshop.com\/product\/hgh-hormona-de-crecimiento\/#primaryimage"},"datePublished":"2018-01-28T21:42:55+00:00","dateModified":"2024-05-08T21:29:25+00:00","breadcrumb":{"@id":"https:\/\/armonianaturaldietshop.com\/product\/hgh-hormona-de-crecimiento\/#breadcrumb"},"inLanguage":"en-US","potentialAction":[{"@type":"ReadAction","target":["https:\/\/armonianaturaldietshop.com\/product\/hgh-hormona-de-crecimiento\/"]}]},{"@type":"BreadcrumbList","@id":"https:\/\/armonianaturaldietshop.com\/product\/hgh-hormona-de-crecimiento\/#breadcrumb","itemListElement":[{"@type":"ListItem","position":1,"name":"Home","item":"https:\/\/armonianaturaldietshop.com\/en\/"},{"@type":"ListItem","position":2,"name":"Shop","item":"https:\/\/armonianaturaldietshop.com\/en\/shop\/"},{"@type":"ListItem","position":3,"name":"HGH Hormona de Crecimiento"}]}]}},"_links":{"self":[{"href":"https:\/\/armonianaturaldietshop.com\/en\/wp-json\/wp\/v2\/product\/1802"}],"collection":[{"href":"https:\/\/armonianaturaldietshop.com\/en\/wp-json\/wp\/v2\/product"}],"about":[{"href":"https:\/\/armonianaturaldietshop.com\/en\/wp-json\/wp\/v2\/types\/product"}],"replies":[{"embeddable":true,"href":"https:\/\/armonianaturaldietshop.com\/en\/wp-json\/wp\/v2\/comments?post=1802"}],"wp:featuredmedia":[{"embeddable":true,"href":"https:\/\/armonianaturaldietshop.com\/en\/wp-json\/wp\/v2\/media\/1107"}],"wp:attachment":[{"href":"https:\/\/armonianaturaldietshop.com\/en\/wp-json\/wp\/v2\/media?parent=1802"}],"wp:term":[{"taxonomy":"product_cat","embeddable":true,"href":"https:\/\/armonianaturaldietshop.com\/en\/wp-json\/wp\/v2\/product_cat?post=1802"},{"taxonomy":"product_tag","embeddable":true,"href":"https:\/\/armonianaturaldietshop.com\/en\/wp-json\/wp\/v2\/product_tag?post=1802"}],"curies":[{"name":"wp","href":"https:\/\/api.w.org\/{rel}","templated":true}]}}