{"id":1803,"date":"2018-01-28T21:42:55","date_gmt":"2018-01-28T21:42:55","guid":{"rendered":"http:\/\/armonianaturaldietshop.com\/product\/hidroxycut-hardcore-next-gen-100-capsulas\/"},"modified":"2021-11-06T01:36:54","modified_gmt":"2021-11-06T01:36:54","slug":"hidroxycut-hardcore-next-gen-100-capsulas","status":"publish","type":"product","link":"https:\/\/armonianaturaldietshop.com\/en\/product\/hidroxycut-hardcore-next-gen-100-capsulas\/","title":{"rendered":"Hidroxycut Hardcore NextGen 100CAPS"},"content":{"rendered":"<p>Hidroxycut Hardcore NextGen 100CAPS:\u00a0 \u00a0Hardcore Next Gen de Muscletech es un quemador de grasas de \u00faltima generaci\u00f3n, que ofrece una combinaci\u00f3n de jengibre, Scutellaria y salvia, en las dosis precisas acompa\u00f1adas de cafe\u00edna, ornitina, t\u00e9 verde y semilla de caf\u00e9 verde, ingredientes que act\u00faan de la siguiente forma:<\/p>\n<p>&nbsp;<\/p>\n<h2 style=\"margin: 0px 0px 11px; font-family: 'Helvetica Neue', Helvetica, Arial, sans-serif; line-height: 20px; color: #444444; font-size: 15px;\">Quemador de grasas de \u00faltima generaci\u00f3n.<\/h2>\n<h2 style=\"margin: 0px 0px 11px; font-family: 'Helvetica Neue', Helvetica, Arial, sans-serif; line-height: 20px; color: #444444; font-size: 15px;\"><strong> Hidroxycut Hardcore NextGen 100CAPS\u00a0 Hardcore Next Gen<\/strong>\u00a0forma parte de la l\u00ednea\u00a0<strong><em>Performance Series<\/em><\/strong>\u00a0de<strong><em>Muscletech<\/em><\/strong>, es un poderoso <a href=\"https:\/\/bodytone.eu\/es\/entry\/consejos-quemar-grasa\/\">quema grasas<\/a> de \u00faltima generaci\u00f3n, que ofrece una potente combinaci\u00f3n de ingredientes clave, nunca vista antes.<\/h2>\n<p>Est\u00e1 dise\u00f1ado combinando cantidades precisas de ingredientes, con el objetivo de ofrecer una f\u00f3rmula muy completa, que incrementa el gasto energ\u00e9tico a la vez que impulsa los niveles de energ\u00eda y favorece la motivaci\u00f3n y concentraci\u00f3n para un rendimiento m\u00e1ximo en los entrenamientos, que te ayude a conseguir los objetivos de forma eficaz<\/p>\n<p>&nbsp;<\/p>\n<p>DOSIS SUGERIDA DE CONSUMO<\/p>\n<p>D\u00eda 1 y 2: 1 c\u00e1psula al d\u00eda. D\u00eda 3 y 4: 2 c\u00e1psulas una vez al dia. D\u00eda 5 y 6: 2 c\u00e1psulas, 1 antes de desayunar y 1 antes del almuerzo. D\u00eda 7 en adelante: 2 c\u00e1psulas 2 veces al d\u00eda (2 c\u00e1psulas antes del desayuno y 2 c\u00e1psulas antes del almuerzo).<\/p>\n","protected":false},"excerpt":{"rendered":"<p>HYDROXYCUT HARDCORE NEXT GEN<\/p>\n<p>Quemador de grasas de \u00faltima generaci\u00f3n.<\/p>\n","protected":false},"featured_media":1109,"comment_status":"open","ping_status":"closed","template":"","meta":[],"product_cat":[49,31,29],"product_tag":[],"acf":[],"yoast_head":"<!-- This site is optimized with the Yoast SEO plugin v18.5.1 - https:\/\/yoast.com\/wordpress\/plugins\/seo\/ -->\n<title>Hidroxycut Hardcore NextGen 100CAPS - Armonia Natural Diet Shop<\/title>\n<meta name=\"description\" content=\"Hidroxycut Hardcore NextGen 100CAPS es un poderoso quema grasas de \u00faltima generaci\u00f3n, combinaci\u00f3n de ingredientes clave.\" \/>\n<meta name=\"robots\" content=\"index, follow, max-snippet:-1, max-image-preview:large, max-video-preview:-1\" \/>\n<link rel=\"canonical\" href=\"https:\/\/armonianaturaldietshop.com\/en\/product\/hidroxycut-hardcore-next-gen-100-capsulas\/\" \/>\n<meta property=\"og:locale\" content=\"en_US\" \/>\n<meta property=\"og:type\" content=\"article\" \/>\n<meta property=\"og:title\" content=\"Hidroxycut Hardcore NextGen 100CAPS - Armonia Natural Diet Shop\" \/>\n<meta property=\"og:description\" content=\"Hidroxycut Hardcore NextGen 100CAPS es un poderoso quema grasas de \u00faltima generaci\u00f3n, combinaci\u00f3n de ingredientes clave.\" \/>\n<meta property=\"og:url\" content=\"https:\/\/armonianaturaldietshop.com\/en\/product\/hidroxycut-hardcore-next-gen-100-capsulas\/\" \/>\n<meta property=\"og:site_name\" content=\"Armonia Natural Diet Shop\" \/>\n<meta property=\"article:publisher\" content=\"https:\/\/www.facebook.com\/ArmoniaNaturalDietShop\/\" \/>\n<meta property=\"article:modified_time\" content=\"2021-11-06T01:36:54+00:00\" \/>\n<meta property=\"og:image\" content=\"https:\/\/armonianaturaldietshop.com\/wp-content\/uploads\/2018\/02\/hidroxycut-hardcore-next-gen-100-capsulas_573.jpg\" \/>\n\t<meta property=\"og:image:width\" content=\"600\" \/>\n\t<meta property=\"og:image:height\" content=\"600\" \/>\n\t<meta property=\"og:image:type\" content=\"image\/jpeg\" \/>\n<meta name=\"twitter:card\" content=\"summary_large_image\" \/>\n<meta name=\"twitter:label1\" content=\"Est. reading time\" \/>\n\t<meta name=\"twitter:data1\" content=\"1 minute\" \/>\n<script type=\"application\/ld+json\" class=\"yoast-schema-graph\">{\"@context\":\"https:\/\/schema.org\",\"@graph\":[{\"@type\":\"Organization\",\"@id\":\"https:\/\/armonianaturaldietshop.com\/#organization\",\"name\":\"Armonia Natural Diet Shop\",\"url\":\"https:\/\/armonianaturaldietshop.com\/\",\"sameAs\":[\"https:\/\/www.facebook.com\/ArmoniaNaturalDietShop\/\",\"https:\/\/www.instagram.com\/armonia.natural\/?hl=en\"],\"logo\":{\"@type\":\"ImageObject\",\"@id\":\"https:\/\/armonianaturaldietshop.com\/#logo\",\"inLanguage\":\"en-US\",\"url\":\"https:\/\/armonianaturaldietshop.com\/wp-content\/uploads\/2018\/01\/top-banner-1.png\",\"contentUrl\":\"https:\/\/armonianaturaldietshop.com\/wp-content\/uploads\/2018\/01\/top-banner-1.png\",\"width\":369,\"height\":116,\"caption\":\"Armonia Natural Diet Shop\"},\"image\":{\"@id\":\"https:\/\/armonianaturaldietshop.com\/#logo\"}},{\"@type\":\"WebSite\",\"@id\":\"https:\/\/armonianaturaldietshop.com\/#website\",\"url\":\"https:\/\/armonianaturaldietshop.com\/\",\"name\":\"Armonia Natural Diet Shop\",\"description\":\"Otro sitio realizado con WordPress\",\"publisher\":{\"@id\":\"https:\/\/armonianaturaldietshop.com\/#organization\"},\"potentialAction\":[{\"@type\":\"SearchAction\",\"target\":{\"@type\":\"EntryPoint\",\"urlTemplate\":\"https:\/\/armonianaturaldietshop.com\/?s={search_term_string}\"},\"query-input\":\"required name=search_term_string\"}],\"inLanguage\":\"en-US\"},{\"@type\":\"ImageObject\",\"@id\":\"https:\/\/armonianaturaldietshop.com\/en\/product\/hidroxycut-hardcore-next-gen-100-capsulas\/#primaryimage\",\"inLanguage\":\"en-US\",\"url\":\"https:\/\/armonianaturaldietshop.com\/wp-content\/uploads\/2018\/02\/hidroxycut-hardcore-next-gen-100-capsulas_573.jpg\",\"contentUrl\":\"https:\/\/armonianaturaldietshop.com\/wp-content\/uploads\/2018\/02\/hidroxycut-hardcore-next-gen-100-capsulas_573.jpg\",\"width\":600,\"height\":600,\"caption\":\"Hidroxycut Hardcore Next Gen 100CAPS\"},{\"@type\":\"WebPage\",\"@id\":\"https:\/\/armonianaturaldietshop.com\/en\/product\/hidroxycut-hardcore-next-gen-100-capsulas\/#webpage\",\"url\":\"https:\/\/armonianaturaldietshop.com\/en\/product\/hidroxycut-hardcore-next-gen-100-capsulas\/\",\"name\":\"Hidroxycut Hardcore NextGen 100CAPS - Armonia Natural Diet Shop\",\"isPartOf\":{\"@id\":\"https:\/\/armonianaturaldietshop.com\/#website\"},\"primaryImageOfPage\":{\"@id\":\"https:\/\/armonianaturaldietshop.com\/en\/product\/hidroxycut-hardcore-next-gen-100-capsulas\/#primaryimage\"},\"datePublished\":\"2018-01-28T21:42:55+00:00\",\"dateModified\":\"2021-11-06T01:36:54+00:00\",\"description\":\"Hidroxycut Hardcore NextGen 100CAPS es un poderoso quema grasas de \u00faltima generaci\u00f3n, combinaci\u00f3n de ingredientes clave.\",\"breadcrumb\":{\"@id\":\"https:\/\/armonianaturaldietshop.com\/en\/product\/hidroxycut-hardcore-next-gen-100-capsulas\/#breadcrumb\"},\"inLanguage\":\"en-US\",\"potentialAction\":[{\"@type\":\"ReadAction\",\"target\":[\"https:\/\/armonianaturaldietshop.com\/en\/product\/hidroxycut-hardcore-next-gen-100-capsulas\/\"]}]},{\"@type\":\"BreadcrumbList\",\"@id\":\"https:\/\/armonianaturaldietshop.com\/en\/product\/hidroxycut-hardcore-next-gen-100-capsulas\/#breadcrumb\",\"itemListElement\":[{\"@type\":\"ListItem\",\"position\":1,\"name\":\"Home\",\"item\":\"https:\/\/armonianaturaldietshop.com\/en\/\"},{\"@type\":\"ListItem\",\"position\":2,\"name\":\"Shop\",\"item\":\"https:\/\/armonianaturaldietshop.com\/en\/shop\/\"},{\"@type\":\"ListItem\",\"position\":3,\"name\":\"Hidroxycut Hardcore NextGen 100CAPS\"}]}]}<\/script>\n<!-- \/ Yoast SEO plugin. -->","yoast_head_json":{"title":"Hidroxycut Hardcore NextGen 100CAPS - Armonia Natural Diet Shop","description":"Hidroxycut Hardcore NextGen 100CAPS es un poderoso quema grasas de \u00faltima generaci\u00f3n, combinaci\u00f3n de ingredientes clave.","robots":{"index":"index","follow":"follow","max-snippet":"max-snippet:-1","max-image-preview":"max-image-preview:large","max-video-preview":"max-video-preview:-1"},"canonical":"https:\/\/armonianaturaldietshop.com\/en\/product\/hidroxycut-hardcore-next-gen-100-capsulas\/","og_locale":"en_US","og_type":"article","og_title":"Hidroxycut Hardcore NextGen 100CAPS - Armonia Natural Diet Shop","og_description":"Hidroxycut Hardcore NextGen 100CAPS es un poderoso quema grasas de \u00faltima generaci\u00f3n, combinaci\u00f3n de ingredientes clave.","og_url":"https:\/\/armonianaturaldietshop.com\/en\/product\/hidroxycut-hardcore-next-gen-100-capsulas\/","og_site_name":"Armonia Natural Diet Shop","article_publisher":"https:\/\/www.facebook.com\/ArmoniaNaturalDietShop\/","article_modified_time":"2021-11-06T01:36:54+00:00","og_image":[{"width":600,"height":600,"url":"https:\/\/armonianaturaldietshop.com\/wp-content\/uploads\/2018\/02\/hidroxycut-hardcore-next-gen-100-capsulas_573.jpg","type":"image\/jpeg"}],"twitter_card":"summary_large_image","twitter_misc":{"Est. reading time":"1 minute"},"schema":{"@context":"https:\/\/schema.org","@graph":[{"@type":"Organization","@id":"https:\/\/armonianaturaldietshop.com\/#organization","name":"Armonia Natural Diet Shop","url":"https:\/\/armonianaturaldietshop.com\/","sameAs":["https:\/\/www.facebook.com\/ArmoniaNaturalDietShop\/","https:\/\/www.instagram.com\/armonia.natural\/?hl=en"],"logo":{"@type":"ImageObject","@id":"https:\/\/armonianaturaldietshop.com\/#logo","inLanguage":"en-US","url":"https:\/\/armonianaturaldietshop.com\/wp-content\/uploads\/2018\/01\/top-banner-1.png","contentUrl":"https:\/\/armonianaturaldietshop.com\/wp-content\/uploads\/2018\/01\/top-banner-1.png","width":369,"height":116,"caption":"Armonia Natural Diet Shop"},"image":{"@id":"https:\/\/armonianaturaldietshop.com\/#logo"}},{"@type":"WebSite","@id":"https:\/\/armonianaturaldietshop.com\/#website","url":"https:\/\/armonianaturaldietshop.com\/","name":"Armonia Natural Diet Shop","description":"Otro sitio realizado con WordPress","publisher":{"@id":"https:\/\/armonianaturaldietshop.com\/#organization"},"potentialAction":[{"@type":"SearchAction","target":{"@type":"EntryPoint","urlTemplate":"https:\/\/armonianaturaldietshop.com\/?s={search_term_string}"},"query-input":"required name=search_term_string"}],"inLanguage":"en-US"},{"@type":"ImageObject","@id":"https:\/\/armonianaturaldietshop.com\/en\/product\/hidroxycut-hardcore-next-gen-100-capsulas\/#primaryimage","inLanguage":"en-US","url":"https:\/\/armonianaturaldietshop.com\/wp-content\/uploads\/2018\/02\/hidroxycut-hardcore-next-gen-100-capsulas_573.jpg","contentUrl":"https:\/\/armonianaturaldietshop.com\/wp-content\/uploads\/2018\/02\/hidroxycut-hardcore-next-gen-100-capsulas_573.jpg","width":600,"height":600,"caption":"Hidroxycut Hardcore Next Gen 100CAPS"},{"@type":"WebPage","@id":"https:\/\/armonianaturaldietshop.com\/en\/product\/hidroxycut-hardcore-next-gen-100-capsulas\/#webpage","url":"https:\/\/armonianaturaldietshop.com\/en\/product\/hidroxycut-hardcore-next-gen-100-capsulas\/","name":"Hidroxycut Hardcore NextGen 100CAPS - Armonia Natural Diet Shop","isPartOf":{"@id":"https:\/\/armonianaturaldietshop.com\/#website"},"primaryImageOfPage":{"@id":"https:\/\/armonianaturaldietshop.com\/en\/product\/hidroxycut-hardcore-next-gen-100-capsulas\/#primaryimage"},"datePublished":"2018-01-28T21:42:55+00:00","dateModified":"2021-11-06T01:36:54+00:00","description":"Hidroxycut Hardcore NextGen 100CAPS es un poderoso quema grasas de \u00faltima generaci\u00f3n, combinaci\u00f3n de ingredientes clave.","breadcrumb":{"@id":"https:\/\/armonianaturaldietshop.com\/en\/product\/hidroxycut-hardcore-next-gen-100-capsulas\/#breadcrumb"},"inLanguage":"en-US","potentialAction":[{"@type":"ReadAction","target":["https:\/\/armonianaturaldietshop.com\/en\/product\/hidroxycut-hardcore-next-gen-100-capsulas\/"]}]},{"@type":"BreadcrumbList","@id":"https:\/\/armonianaturaldietshop.com\/en\/product\/hidroxycut-hardcore-next-gen-100-capsulas\/#breadcrumb","itemListElement":[{"@type":"ListItem","position":1,"name":"Home","item":"https:\/\/armonianaturaldietshop.com\/en\/"},{"@type":"ListItem","position":2,"name":"Shop","item":"https:\/\/armonianaturaldietshop.com\/en\/shop\/"},{"@type":"ListItem","position":3,"name":"Hidroxycut Hardcore NextGen 100CAPS"}]}]}},"_links":{"self":[{"href":"https:\/\/armonianaturaldietshop.com\/en\/wp-json\/wp\/v2\/product\/1803"}],"collection":[{"href":"https:\/\/armonianaturaldietshop.com\/en\/wp-json\/wp\/v2\/product"}],"about":[{"href":"https:\/\/armonianaturaldietshop.com\/en\/wp-json\/wp\/v2\/types\/product"}],"replies":[{"embeddable":true,"href":"https:\/\/armonianaturaldietshop.com\/en\/wp-json\/wp\/v2\/comments?post=1803"}],"wp:featuredmedia":[{"embeddable":true,"href":"https:\/\/armonianaturaldietshop.com\/en\/wp-json\/wp\/v2\/media\/1109"}],"wp:attachment":[{"href":"https:\/\/armonianaturaldietshop.com\/en\/wp-json\/wp\/v2\/media?parent=1803"}],"wp:term":[{"taxonomy":"product_cat","embeddable":true,"href":"https:\/\/armonianaturaldietshop.com\/en\/wp-json\/wp\/v2\/product_cat?post=1803"},{"taxonomy":"product_tag","embeddable":true,"href":"https:\/\/armonianaturaldietshop.com\/en\/wp-json\/wp\/v2\/product_tag?post=1803"}],"curies":[{"name":"wp","href":"https:\/\/api.w.org\/{rel}","templated":true}]}}