{"id":1806,"date":"2018-01-28T21:42:53","date_gmt":"2018-01-28T21:42:53","guid":{"rendered":"http:\/\/armonianaturaldietshop.com\/product\/glutamine-drive-nutrex-glutamina-300g\/"},"modified":"2025-06-11T20:31:45","modified_gmt":"2025-06-11T20:31:45","slug":"glutamine-drive-nutrex-glutamina-300g","status":"publish","type":"product","link":"https:\/\/armonianaturaldietshop.com\/en\/product\/glutamine-drive-nutrex-glutamina-300g\/","title":{"rendered":"Glutamine Drive Nutrex Glutamina 300g"},"content":{"rendered":"<p style=\"margin: 5px 0px 10px; font-family: 'Roboto Condensed', sans-serif; color: #7f7f7f; line-height: 22px; font-size: 16px; text-align: center;\"><span style=\"margin: 0px; font-size: 36px;\"><span style=\"margin: 0px; color: #ff0000;\"><span style=\"margin: 0px; font-family: 'times new roman', times, serif;\">Glutamine Drive \u00a0Nutrex 300 gr\u00a0<\/span><\/span><\/span><\/p>\n<p style=\"margin: 5px 0px 10px; font-family: 'Roboto Condensed', sans-serif; color: #7f7f7f; line-height: 22px; font-size: 16px;\">\n<p style=\"margin: 5px 0px 10px; font-family: 'Roboto Condensed', sans-serif; color: #7f7f7f; line-height: 22px; font-size: 16px;\"><span style=\"margin: 0px; color: #000000;\"><span style=\"margin: 0px; font-size: 20px;\"><span style=\"margin: 0px; font-family: 'times new roman', times, serif;\">Glutamine Drive Black\u00a0es un producto compuesto exclusivamente por L-Glutamina en polvo<strong style=\"margin: 0px;\">.\u00a0<\/strong>Protege tus m\u00fasculos del catabolismo muscular, te ayuda a desarrollar nuevas fibras musculare, reducir la sensaci\u00f3n de cansancio y potenciar la recuperaci\u00f3n.<\/span><\/span><\/span><\/p>\n<p style=\"margin: 5px 0px 10px; font-family: 'Roboto Condensed', sans-serif; color: #7f7f7f; line-height: 22px; font-size: 16px;\"><span style=\"margin: 0px; color: #000000;\"><span style=\"margin: 0px; font-size: 20px;\"><span style=\"margin: 0px; font-family: 'times new roman', times, serif;\">Glutamine Drive Black. Caracter\u00edsticas principales:<\/span><\/span><\/span><\/p>\n<ul style=\"margin: 0px; color: #7f7f7f; font-family: 'Roboto Condensed', sans-serif; font-size: 16px;\">\n<li class=\"active\" style=\"margin: 0px; line-height: 22px; font-size: 14px;\"><span style=\"margin: 0px; color: #000000;\"><span style=\"margin: 0px; font-size: 20px;\"><span style=\"margin: 0px; font-family: 'times new roman', times, serif;\">5 g de L-glutamina por dosis<\/span><\/span><\/span><\/li>\n<li style=\"margin: 0px; line-height: 22px; font-size: 14px;\"><span style=\"margin: 0px; color: #000000;\"><span style=\"margin: 0px; font-size: 20px;\"><span style=\"margin: 0px; font-family: 'times new roman', times, serif;\">100% L-glutamina.<\/span><\/span><\/span><\/li>\n<li style=\"margin: 0px; line-height: 22px; font-size: 14px;\"><span style=\"margin: 0px; color: #000000;\"><span style=\"margin: 0px; font-size: 20px;\"><span style=\"margin: 0px; font-family: 'times new roman', times, serif;\">No contiene carbohidratos ni grasas.<\/span><\/span><\/span><\/li>\n<li style=\"margin: 0px; line-height: 22px; font-size: 14px;\"><span style=\"margin: 0px; color: #000000;\"><span style=\"margin: 0px; font-size: 20px;\"><span style=\"margin: 0px; font-family: 'times new roman', times, serif;\">Sin sabor.<\/span><\/span><\/span><\/li>\n<li style=\"margin: 0px; line-height: 22px; font-size: 14px;\"><span style=\"margin: 0px; color: #000000;\"><span style=\"margin: 0px; font-size: 20px;\"><span style=\"margin: 0px; font-family: 'times new roman', times, serif;\">300 g por envase (60 dosis).<\/span><\/span><\/span><\/li>\n<\/ul>\n<p style=\"margin: 5px 0px 10px; font-family: 'Roboto Condensed', sans-serif; color: #7f7f7f; line-height: 22px; font-size: 16px;\"><span style=\"margin: 0px; color: #000000;\"><span style=\"margin: 0px; font-size: 20px;\"><span style=\"margin: 0px; font-family: 'times new roman', times, serif;\">Dosis: 5 gramos.<\/span><\/span><\/span><\/p>\n<p style=\"margin: 5px 0px 10px; font-family: 'Roboto Condensed', sans-serif; color: #7f7f7f; line-height: 22px; font-size: 16px;\"><span style=\"margin: 0px; color: #ff0000;\"><span style=\"margin: 0px; font-size: 26px;\"><span style=\"margin: 0px; font-family: 'times new roman', times, serif;\">Glutamine Drive Black. Efectos principales:<\/span><\/span><\/span><\/p>\n<ul style=\"margin: 0px; color: #7f7f7f; font-family: 'Roboto Condensed', sans-serif; font-size: 16px;\">\n<li class=\"active\" style=\"margin: 0px; line-height: 22px; font-size: 14px;\"><span style=\"margin: 0px; color: #000000;\"><span style=\"margin: 0px; font-size: 20px;\"><span style=\"margin: 0px; font-family: 'times new roman', times, serif;\">Fuente pura de L-glutamina.<\/span><\/span><\/span><\/li>\n<li style=\"margin: 0px; line-height: 22px; font-size: 14px;\"><span style=\"margin: 0px; color: #000000;\"><span style=\"margin: 0px; font-size: 20px;\"><span style=\"margin: 0px; font-family: 'times new roman', times, serif;\">Contribuye a mantener la masa muscular reduciendo el da\u00f1o muscular y el catabolismo.<\/span><\/span><\/span><\/li>\n<li style=\"margin: 0px; line-height: 22px; font-size: 14px;\"><span style=\"margin: 0px; color: #000000;\"><span style=\"margin: 0px; font-size: 20px;\"><span style=\"margin: 0px; font-family: 'times new roman', times, serif;\">Favorece un balance de nitr\u00f3geno positivo.<\/span><\/span><\/span><\/li>\n<\/ul>\n<p style=\"margin: 5px 0px 10px; font-family: 'Roboto Condensed', sans-serif; color: #7f7f7f; line-height: 22px; font-size: 16px;\"><span style=\"margin: 0px; color: #000000;\"><span style=\"margin: 0px; font-size: 20px;\"><span style=\"margin: 0px; font-family: 'times new roman', times, serif;\">Glutamine Drive Black. La ciencia detr\u00e1s:<\/span><\/span><\/span><\/p>\n<p style=\"margin: 5px 0px 10px; font-family: 'Roboto Condensed', sans-serif; color: #7f7f7f; line-height: 22px; font-size: 16px;\"><span style=\"margin: 0px; color: #000000;\"><span style=\"margin: 0px; font-size: 20px;\"><span style=\"margin: 0px; font-family: 'times new roman', times, serif;\">Glutamine Drive Black\u00a0es un producto formulado \u00fanicamente por L-Glutamina en formato polvo sin sabor. Puede consumirse de forma aislada o utilizarla para enriquecer tus batidos de prote\u00ednas en L-glutamina.<\/span><\/span><\/span><\/p>\n<p style=\"margin: 5px 0px 10px; font-family: 'Roboto Condensed', sans-serif; color: #7f7f7f; line-height: 22px; font-size: 16px;\"><span style=\"margin: 0px; color: #000000;\"><span style=\"margin: 0px; font-size: 20px;\"><span style=\"margin: 0px; font-family: 'times new roman', times, serif;\">La glutamina es uno de los amino\u00e1cidos m\u00e1s abundantes del cuerpo humano y una de sus funciones principales es ayudar a la recuperaci\u00f3n e hidrataci\u00f3n celular. La L-glutamina favorece adem\u00e1s la recuperaci\u00f3n de los dep\u00f3sitos de gluc\u00f3geno y contribuye al mantenimiento de la funci\u00f3n inmune, especialmente cuando se realizan entrenamientos muy intensos. Adem\u00e1s, el consumo de glutamina se ha relacionado con una producci\u00f3n mayor de hormona de crecimiento y con mejora de la s\u00edntesis de las prote\u00ednas musculares.<\/span><\/span><\/span><\/p>\n<p style=\"margin: 5px 0px 10px; font-family: 'Roboto Condensed', sans-serif; color: #7f7f7f; line-height: 22px; font-size: 16px;\"><span style=\"margin: 0px; color: #ff0000;\"><span style=\"margin: 0px; font-size: 26px;\"><span style=\"margin: 0px; font-family: 'times new roman', times, serif;\">Glutamine Drive Black. Objetivos principales:<\/span><\/span><\/span><\/p>\n<ol style=\"margin: 0px; color: #7f7f7f; font-family: 'Roboto Condensed', sans-serif; font-size: 16px;\">\n<li class=\"active\" style=\"margin: 0px;\"><span style=\"margin: 0px; color: #000000;\"><span style=\"margin: 0px; font-size: 20px;\"><span style=\"margin: 0px; font-family: 'times new roman', times, serif;\">Definici\u00f3n muscular.<\/span><\/span><\/span><\/li>\n<li style=\"margin: 0px;\"><span style=\"margin: 0px; color: #000000;\"><span style=\"margin: 0px; font-size: 20px;\"><span style=\"margin: 0px; font-family: 'times new roman', times, serif;\">Desarrollo muscular.<\/span><\/span><\/span><\/li>\n<li style=\"margin: 0px;\"><span style=\"margin: 0px; color: #000000;\"><span style=\"margin: 0px; font-size: 20px;\"><span style=\"margin: 0px; font-family: 'times new roman', times, serif;\">Recuperaci\u00f3n y mantenimiento muscular.<\/span><\/span><\/span><\/li>\n<li style=\"margin: 0px;\"><span style=\"margin: 0px; color: #000000;\"><span style=\"margin: 0px; font-size: 20px;\"><span style=\"margin: 0px; font-family: 'times new roman', times, serif;\">Promoci\u00f3n de la salud<\/span><\/span><\/span><\/li>\n<li style=\"margin: 0px;\"><span style=\"margin: 0px; color: #000000;\"><span style=\"margin: 0px; font-size: 20px;\"><span style=\"margin: 0px; font-family: 'times new roman', times, serif;\">Cuidado de la salud general.<\/span><\/span><\/span><\/li>\n<\/ol>\n<p style=\"margin: 5px 0px 10px; font-family: 'Roboto Condensed', sans-serif; color: #7f7f7f; line-height: 22px; font-size: 16px;\"><span style=\"margin: 0px; color: #ff0000;\"><span style=\"margin: 0px; font-size: 26px;\"><span style=\"margin: 0px; font-family: 'times new roman', times, serif;\">\u00bfQui\u00e9n puede beneficiarse de Glutamine Drive Black?<\/span><\/span><\/span><\/p>\n<ul style=\"margin: 0px; color: #7f7f7f; font-family: 'Roboto Condensed', sans-serif; font-size: 16px;\">\n<li class=\"active\" style=\"margin: 0px; line-height: 22px; font-size: 14px;\"><span style=\"margin: 0px; color: #000000;\"><span style=\"margin: 0px; font-size: 20px;\"><span style=\"margin: 0px; font-family: 'times new roman', times, serif;\">Atletas de fuerza y potencia, aficionados a las artes marciales, deportes de contacto o deportes de alta intensidad.<\/span><\/span><\/span><\/li>\n<li style=\"margin: 0px; line-height: 22px; font-size: 14px;\"><span style=\"margin: 0px; color: #000000;\"><span style=\"margin: 0px; font-size: 20px;\"><span style=\"margin: 0px; font-family: 'times new roman', times, serif;\">Usuarios de Fitness que deseen proteger y aumentar su masa muscular.<\/span><\/span><\/span><\/li>\n<li style=\"margin: 0px; line-height: 22px; font-size: 14px;\"><span style=\"margin: 0px; color: #000000;\"><span style=\"margin: 0px; font-size: 20px;\"><span style=\"margin: 0px; font-family: 'times new roman', times, serif;\">Deportistas de resistencia para proteger su musculatura durante la sesi\u00f3n de entrenamiento o competici\u00f3n, as\u00ed como para acelerar reposici\u00f3n de los dep\u00f3sitos de gluc\u00f3geno y la recuperaci\u00f3n muscular.<\/span><\/span><\/span><\/li>\n<li style=\"margin: 0px; line-height: 22px; font-size: 14px;\"><span style=\"margin: 0px; color: #000000;\"><span style=\"margin: 0px; font-size: 20px;\"><span style=\"margin: 0px; font-family: 'times new roman', times, serif;\">Poblaci\u00f3n general que desee beneficiarse de un consumo adecuado de glutamina en su dieta.<\/span><\/span><\/span><\/li>\n<\/ul>\n","protected":false},"excerpt":{"rendered":"<p>Glutamine Drive Black es un producto compuesto exclusivamente por L-Glutamina en polvo. Protege tus m\u00fasculos del catabolismo muscular, te ayuda a desarrollar nuevas fibras musculare, reducir la sensaci\u00f3n de cansancio y potenciar la recuperaci\u00f3n.<\/p>\n<p>Glutamine Drive Black. Caracter\u00edsticas principales:<\/p>\n<p>5 g de L-glutamina por dosis<br \/>\n100% L-glutamina.<br \/>\nNo contiene carbohidratos ni grasas.<br \/>\nSin sabor.<br \/>\n300 g por envase (60 dosis).<\/p>\n","protected":false},"featured_media":1123,"comment_status":"open","ping_status":"closed","template":"","meta":[],"product_cat":[43,29],"product_tag":[],"acf":[],"yoast_head":"<!-- This site is optimized with the Yoast SEO plugin v18.5.1 - https:\/\/yoast.com\/wordpress\/plugins\/seo\/ -->\n<title>Glutamine Drive Nutrex Glutamina 300g - Armonia Natural Diet Shop<\/title>\n<meta name=\"robots\" content=\"index, follow, max-snippet:-1, max-image-preview:large, max-video-preview:-1\" \/>\n<link rel=\"canonical\" href=\"https:\/\/armonianaturaldietshop.com\/product\/glutamine-drive-nutrex-glutamina-300g\/\" \/>\n<meta property=\"og:locale\" content=\"en_US\" \/>\n<meta property=\"og:type\" content=\"article\" \/>\n<meta property=\"og:title\" content=\"Glutamine Drive Nutrex Glutamina 300g - Armonia Natural Diet Shop\" \/>\n<meta property=\"og:description\" content=\"Glutamine Drive Black es un producto compuesto exclusivamente por L-Glutamina en polvo. Protege tus m\u00fasculos del catabolismo muscular, te ayuda a desarrollar nuevas fibras musculare, reducir la sensaci\u00f3n de cansancio y potenciar la recuperaci\u00f3n.  Glutamine Drive Black. Caracter\u00edsticas principales:  5 g de L-glutamina por dosis 100% L-glutamina. No contiene carbohidratos ni grasas. Sin sabor. 300 g por envase (60 dosis).\" \/>\n<meta property=\"og:url\" content=\"https:\/\/armonianaturaldietshop.com\/product\/glutamine-drive-nutrex-glutamina-300g\/\" \/>\n<meta property=\"og:site_name\" content=\"Armonia Natural Diet Shop\" \/>\n<meta property=\"article:publisher\" content=\"https:\/\/www.facebook.com\/ArmoniaNaturalDietShop\/\" \/>\n<meta property=\"article:modified_time\" content=\"2025-06-11T20:31:45+00:00\" \/>\n<meta property=\"og:image\" content=\"https:\/\/armonianaturaldietshop.com\/wp-content\/uploads\/2018\/02\/glutamine-drive-nutrex-glutamina-300g_983.jpg\" \/>\n\t<meta property=\"og:image:width\" content=\"483\" \/>\n\t<meta property=\"og:image:height\" content=\"600\" \/>\n\t<meta property=\"og:image:type\" content=\"image\/jpeg\" \/>\n<meta name=\"twitter:card\" content=\"summary_large_image\" \/>\n<meta name=\"twitter:label1\" content=\"Est. reading time\" \/>\n\t<meta name=\"twitter:data1\" content=\"2 minutes\" \/>\n<script type=\"application\/ld+json\" class=\"yoast-schema-graph\">{\"@context\":\"https:\/\/schema.org\",\"@graph\":[{\"@type\":\"Organization\",\"@id\":\"https:\/\/armonianaturaldietshop.com\/#organization\",\"name\":\"Armonia Natural Diet Shop\",\"url\":\"https:\/\/armonianaturaldietshop.com\/\",\"sameAs\":[\"https:\/\/www.facebook.com\/ArmoniaNaturalDietShop\/\",\"https:\/\/www.instagram.com\/armonia.natural\/?hl=en\"],\"logo\":{\"@type\":\"ImageObject\",\"@id\":\"https:\/\/armonianaturaldietshop.com\/#logo\",\"inLanguage\":\"en-US\",\"url\":\"https:\/\/armonianaturaldietshop.com\/wp-content\/uploads\/2018\/01\/top-banner-1.png\",\"contentUrl\":\"https:\/\/armonianaturaldietshop.com\/wp-content\/uploads\/2018\/01\/top-banner-1.png\",\"width\":369,\"height\":116,\"caption\":\"Armonia Natural Diet Shop\"},\"image\":{\"@id\":\"https:\/\/armonianaturaldietshop.com\/#logo\"}},{\"@type\":\"WebSite\",\"@id\":\"https:\/\/armonianaturaldietshop.com\/#website\",\"url\":\"https:\/\/armonianaturaldietshop.com\/\",\"name\":\"Armonia Natural Diet Shop\",\"description\":\"Otro sitio realizado con WordPress\",\"publisher\":{\"@id\":\"https:\/\/armonianaturaldietshop.com\/#organization\"},\"potentialAction\":[{\"@type\":\"SearchAction\",\"target\":{\"@type\":\"EntryPoint\",\"urlTemplate\":\"https:\/\/armonianaturaldietshop.com\/?s={search_term_string}\"},\"query-input\":\"required name=search_term_string\"}],\"inLanguage\":\"en-US\"},{\"@type\":\"ImageObject\",\"@id\":\"https:\/\/armonianaturaldietshop.com\/product\/glutamine-drive-nutrex-glutamina-300g\/#primaryimage\",\"inLanguage\":\"en-US\",\"url\":\"https:\/\/armonianaturaldietshop.com\/wp-content\/uploads\/2018\/02\/glutamine-drive-nutrex-glutamina-300g_983.jpg\",\"contentUrl\":\"https:\/\/armonianaturaldietshop.com\/wp-content\/uploads\/2018\/02\/glutamine-drive-nutrex-glutamina-300g_983.jpg\",\"width\":483,\"height\":600},{\"@type\":\"WebPage\",\"@id\":\"https:\/\/armonianaturaldietshop.com\/product\/glutamine-drive-nutrex-glutamina-300g\/#webpage\",\"url\":\"https:\/\/armonianaturaldietshop.com\/product\/glutamine-drive-nutrex-glutamina-300g\/\",\"name\":\"Glutamine Drive Nutrex Glutamina 300g - Armonia Natural Diet Shop\",\"isPartOf\":{\"@id\":\"https:\/\/armonianaturaldietshop.com\/#website\"},\"primaryImageOfPage\":{\"@id\":\"https:\/\/armonianaturaldietshop.com\/product\/glutamine-drive-nutrex-glutamina-300g\/#primaryimage\"},\"datePublished\":\"2018-01-28T21:42:53+00:00\",\"dateModified\":\"2025-06-11T20:31:45+00:00\",\"breadcrumb\":{\"@id\":\"https:\/\/armonianaturaldietshop.com\/product\/glutamine-drive-nutrex-glutamina-300g\/#breadcrumb\"},\"inLanguage\":\"en-US\",\"potentialAction\":[{\"@type\":\"ReadAction\",\"target\":[\"https:\/\/armonianaturaldietshop.com\/product\/glutamine-drive-nutrex-glutamina-300g\/\"]}]},{\"@type\":\"BreadcrumbList\",\"@id\":\"https:\/\/armonianaturaldietshop.com\/product\/glutamine-drive-nutrex-glutamina-300g\/#breadcrumb\",\"itemListElement\":[{\"@type\":\"ListItem\",\"position\":1,\"name\":\"Home\",\"item\":\"https:\/\/armonianaturaldietshop.com\/en\/\"},{\"@type\":\"ListItem\",\"position\":2,\"name\":\"Shop\",\"item\":\"https:\/\/armonianaturaldietshop.com\/en\/shop\/\"},{\"@type\":\"ListItem\",\"position\":3,\"name\":\"Glutamine Drive Nutrex Glutamina 300g\"}]}]}<\/script>\n<!-- \/ Yoast SEO plugin. -->","yoast_head_json":{"title":"Glutamine Drive Nutrex Glutamina 300g - Armonia Natural Diet Shop","robots":{"index":"index","follow":"follow","max-snippet":"max-snippet:-1","max-image-preview":"max-image-preview:large","max-video-preview":"max-video-preview:-1"},"canonical":"https:\/\/armonianaturaldietshop.com\/product\/glutamine-drive-nutrex-glutamina-300g\/","og_locale":"en_US","og_type":"article","og_title":"Glutamine Drive Nutrex Glutamina 300g - Armonia Natural Diet Shop","og_description":"Glutamine Drive Black es un producto compuesto exclusivamente por L-Glutamina en polvo. Protege tus m\u00fasculos del catabolismo muscular, te ayuda a desarrollar nuevas fibras musculare, reducir la sensaci\u00f3n de cansancio y potenciar la recuperaci\u00f3n.  Glutamine Drive Black. Caracter\u00edsticas principales:  5 g de L-glutamina por dosis 100% L-glutamina. No contiene carbohidratos ni grasas. Sin sabor. 300 g por envase (60 dosis).","og_url":"https:\/\/armonianaturaldietshop.com\/product\/glutamine-drive-nutrex-glutamina-300g\/","og_site_name":"Armonia Natural Diet Shop","article_publisher":"https:\/\/www.facebook.com\/ArmoniaNaturalDietShop\/","article_modified_time":"2025-06-11T20:31:45+00:00","og_image":[{"width":483,"height":600,"url":"https:\/\/armonianaturaldietshop.com\/wp-content\/uploads\/2018\/02\/glutamine-drive-nutrex-glutamina-300g_983.jpg","type":"image\/jpeg"}],"twitter_card":"summary_large_image","twitter_misc":{"Est. reading time":"2 minutes"},"schema":{"@context":"https:\/\/schema.org","@graph":[{"@type":"Organization","@id":"https:\/\/armonianaturaldietshop.com\/#organization","name":"Armonia Natural Diet Shop","url":"https:\/\/armonianaturaldietshop.com\/","sameAs":["https:\/\/www.facebook.com\/ArmoniaNaturalDietShop\/","https:\/\/www.instagram.com\/armonia.natural\/?hl=en"],"logo":{"@type":"ImageObject","@id":"https:\/\/armonianaturaldietshop.com\/#logo","inLanguage":"en-US","url":"https:\/\/armonianaturaldietshop.com\/wp-content\/uploads\/2018\/01\/top-banner-1.png","contentUrl":"https:\/\/armonianaturaldietshop.com\/wp-content\/uploads\/2018\/01\/top-banner-1.png","width":369,"height":116,"caption":"Armonia Natural Diet Shop"},"image":{"@id":"https:\/\/armonianaturaldietshop.com\/#logo"}},{"@type":"WebSite","@id":"https:\/\/armonianaturaldietshop.com\/#website","url":"https:\/\/armonianaturaldietshop.com\/","name":"Armonia Natural Diet Shop","description":"Otro sitio realizado con WordPress","publisher":{"@id":"https:\/\/armonianaturaldietshop.com\/#organization"},"potentialAction":[{"@type":"SearchAction","target":{"@type":"EntryPoint","urlTemplate":"https:\/\/armonianaturaldietshop.com\/?s={search_term_string}"},"query-input":"required name=search_term_string"}],"inLanguage":"en-US"},{"@type":"ImageObject","@id":"https:\/\/armonianaturaldietshop.com\/product\/glutamine-drive-nutrex-glutamina-300g\/#primaryimage","inLanguage":"en-US","url":"https:\/\/armonianaturaldietshop.com\/wp-content\/uploads\/2018\/02\/glutamine-drive-nutrex-glutamina-300g_983.jpg","contentUrl":"https:\/\/armonianaturaldietshop.com\/wp-content\/uploads\/2018\/02\/glutamine-drive-nutrex-glutamina-300g_983.jpg","width":483,"height":600},{"@type":"WebPage","@id":"https:\/\/armonianaturaldietshop.com\/product\/glutamine-drive-nutrex-glutamina-300g\/#webpage","url":"https:\/\/armonianaturaldietshop.com\/product\/glutamine-drive-nutrex-glutamina-300g\/","name":"Glutamine Drive Nutrex Glutamina 300g - Armonia Natural Diet Shop","isPartOf":{"@id":"https:\/\/armonianaturaldietshop.com\/#website"},"primaryImageOfPage":{"@id":"https:\/\/armonianaturaldietshop.com\/product\/glutamine-drive-nutrex-glutamina-300g\/#primaryimage"},"datePublished":"2018-01-28T21:42:53+00:00","dateModified":"2025-06-11T20:31:45+00:00","breadcrumb":{"@id":"https:\/\/armonianaturaldietshop.com\/product\/glutamine-drive-nutrex-glutamina-300g\/#breadcrumb"},"inLanguage":"en-US","potentialAction":[{"@type":"ReadAction","target":["https:\/\/armonianaturaldietshop.com\/product\/glutamine-drive-nutrex-glutamina-300g\/"]}]},{"@type":"BreadcrumbList","@id":"https:\/\/armonianaturaldietshop.com\/product\/glutamine-drive-nutrex-glutamina-300g\/#breadcrumb","itemListElement":[{"@type":"ListItem","position":1,"name":"Home","item":"https:\/\/armonianaturaldietshop.com\/en\/"},{"@type":"ListItem","position":2,"name":"Shop","item":"https:\/\/armonianaturaldietshop.com\/en\/shop\/"},{"@type":"ListItem","position":3,"name":"Glutamine Drive Nutrex Glutamina 300g"}]}]}},"_links":{"self":[{"href":"https:\/\/armonianaturaldietshop.com\/en\/wp-json\/wp\/v2\/product\/1806"}],"collection":[{"href":"https:\/\/armonianaturaldietshop.com\/en\/wp-json\/wp\/v2\/product"}],"about":[{"href":"https:\/\/armonianaturaldietshop.com\/en\/wp-json\/wp\/v2\/types\/product"}],"replies":[{"embeddable":true,"href":"https:\/\/armonianaturaldietshop.com\/en\/wp-json\/wp\/v2\/comments?post=1806"}],"wp:featuredmedia":[{"embeddable":true,"href":"https:\/\/armonianaturaldietshop.com\/en\/wp-json\/wp\/v2\/media\/1123"}],"wp:attachment":[{"href":"https:\/\/armonianaturaldietshop.com\/en\/wp-json\/wp\/v2\/media?parent=1806"}],"wp:term":[{"taxonomy":"product_cat","embeddable":true,"href":"https:\/\/armonianaturaldietshop.com\/en\/wp-json\/wp\/v2\/product_cat?post=1806"},{"taxonomy":"product_tag","embeddable":true,"href":"https:\/\/armonianaturaldietshop.com\/en\/wp-json\/wp\/v2\/product_tag?post=1806"}],"curies":[{"name":"wp","href":"https:\/\/api.w.org\/{rel}","templated":true}]}}