{"id":1808,"date":"2018-01-28T21:42:53","date_gmt":"2018-01-28T21:42:53","guid":{"rendered":"http:\/\/armonianaturaldietshop.com\/product\/hairfinity-healthy-hair-complex-60-caps-brockbeauty\/"},"modified":"2023-01-25T05:13:10","modified_gmt":"2023-01-25T05:13:10","slug":"hairfinity-healthy-hair-complex-60-caps-brockbeauty","status":"publish","type":"product","link":"https:\/\/armonianaturaldietshop.com\/en\/product\/hairfinity-healthy-hair-complex-60-caps-brockbeauty\/","title":{"rendered":"HAIRFINITY, Healthy Hair Complex, 60 Caps, BROCKBEAUTY"},"content":{"rendered":"<p><span style=\"color: #ff00ff; font-family: Arial, Helvetica, 'Nimbus Sans L', sans-serif; font-size: 15px; line-height: 21px;\">\u00bfQU\u00c9 ES HAIRFINITY?<\/span><br style=\"color: #333333; font-family: Arial, Helvetica, 'Nimbus Sans L', sans-serif; font-size: 15px; line-height: 21px;\" \/><br style=\"color: #333333; font-family: Arial, Helvetica, 'Nimbus Sans L', sans-serif; font-size: 15px; line-height: 21px;\" \/><br style=\"color: #333333; font-family: Arial, Helvetica, 'Nimbus Sans L', sans-serif; font-size: 15px; line-height: 21px;\" \/><span style=\"color: #333333; font-family: Arial, Helvetica, 'Nimbus Sans L', sans-serif; font-size: 15px; line-height: 21px;\">Hairfinity es un complejo vitam\u00ednico natural formulado con vitaminas y nutrientes esenciales para la salud del cabello.<\/span><br style=\"color: #333333; font-family: Arial, Helvetica, 'Nimbus Sans L', sans-serif; font-size: 15px; line-height: 21px;\" \/><br style=\"color: #333333; font-family: Arial, Helvetica, 'Nimbus Sans L', sans-serif; font-size: 15px; line-height: 21px;\" \/><br style=\"color: #333333; font-family: Arial, Helvetica, 'Nimbus Sans L', sans-serif; font-size: 15px; line-height: 21px;\" \/><span style=\"color: #ff00ff; font-family: Arial, Helvetica, 'Nimbus Sans L', sans-serif; font-size: 15px; line-height: 21px;\">\u00bfC\u00d3MO FUNCIONA?<\/span><br style=\"color: #333333; font-family: Arial, Helvetica, 'Nimbus Sans L', sans-serif; font-size: 15px; line-height: 21px;\" \/><br style=\"color: #333333; font-family: Arial, Helvetica, 'Nimbus Sans L', sans-serif; font-size: 15px; line-height: 21px;\" \/><span style=\"color: #333333; font-family: Arial, Helvetica, 'Nimbus Sans L', sans-serif; font-size: 15px; line-height: 21px;\">Hairfinity llena los vac\u00edos dejados por su dieta regular para proporcionar a su cuerpo los nutrientes que necesita para el crecimiento sano del pelo. Los clientes informan que el pelo se ve m\u00e1s saludable, brillante, grueso, largo, m\u00e1s manejable y m\u00e1s r\u00e1pido crecimiento como resultado de utilizar el suplemento.<\/span><br style=\"color: #333333; font-family: Arial, Helvetica, 'Nimbus Sans L', sans-serif; font-size: 15px; line-height: 21px;\" \/><br style=\"color: #333333; font-family: Arial, Helvetica, 'Nimbus Sans L', sans-serif; font-size: 15px; line-height: 21px;\" \/><br style=\"color: #333333; font-family: Arial, Helvetica, 'Nimbus Sans L', sans-serif; font-size: 15px; line-height: 21px;\" \/><span style=\"color: #ff00ff; font-family: Arial, Helvetica, 'Nimbus Sans L', sans-serif; font-size: 15px; line-height: 21px;\">\u00bfPOR QU\u00c9 HAIRFINITY ES DIFERENTE DE OTROS PRODUCTOS?<\/span><br style=\"color: #333333; font-family: Arial, Helvetica, 'Nimbus Sans L', sans-serif; font-size: 15px; line-height: 21px;\" \/><br style=\"color: #333333; font-family: Arial, Helvetica, 'Nimbus Sans L', sans-serif; font-size: 15px; line-height: 21px;\" \/><br style=\"color: #333333; font-family: Arial, Helvetica, 'Nimbus Sans L', sans-serif; font-size: 15px; line-height: 21px;\" \/><span style=\"color: #333333; font-family: Arial, Helvetica, 'Nimbus Sans L', sans-serif; font-size: 15px; line-height: 21px;\">Hairfinity trabaja de adentro hacia fuera d\u00e1ndole al cabello los nutrientes que necesita para estar m\u00e1s saludable. El exclusivo complejo Capilsana\u2122 ofrece un azufre especial y 18 amino\u00e1cidos que estimulan el crecimiento del cabello sano.<\/span><br style=\"color: #333333; font-family: Arial, Helvetica, 'Nimbus Sans L', sans-serif; font-size: 15px; line-height: 21px;\" \/><br style=\"color: #333333; font-family: Arial, Helvetica, 'Nimbus Sans L', sans-serif; font-size: 15px; line-height: 21px;\" \/><br style=\"color: #333333; font-family: Arial, Helvetica, 'Nimbus Sans L', sans-serif; font-size: 15px; line-height: 21px;\" \/><span style=\"color: #333333; font-family: Arial, Helvetica, 'Nimbus Sans L', sans-serif; font-size: 15px; line-height: 21px;\">BENEFICIOS:<\/span><br style=\"color: #333333; font-family: Arial, Helvetica, 'Nimbus Sans L', sans-serif; font-size: 15px; line-height: 21px;\" \/><br style=\"color: #333333; font-family: Arial, Helvetica, 'Nimbus Sans L', sans-serif; font-size: 15px; line-height: 21px;\" \/><span style=\"color: #333333; font-family: Arial, Helvetica, 'Nimbus Sans L', sans-serif; font-size: 15px; line-height: 21px;\">1. TRATA DE ADENTRO HACIA FUERA<\/span><br style=\"color: #333333; font-family: Arial, Helvetica, 'Nimbus Sans L', sans-serif; font-size: 15px; line-height: 21px;\" \/><span style=\"color: #333333; font-family: Arial, Helvetica, 'Nimbus Sans L', sans-serif; font-size: 15px; line-height: 21px;\">A diferencia de la mayor\u00eda de los productos de cuidado del cabello, Hairfinity trabaja de adentro hacia fuera d\u00e1ndole al cabello los nutrientes que necesita para estar m\u00e1s saludable. El exclusivo complejo Capilsana ofrece un azufre especial y 18 amino\u00e1cidos que estimulan el crecimiento del cabello sano.<\/span><br style=\"color: #333333; font-family: Arial, Helvetica, 'Nimbus Sans L', sans-serif; font-size: 15px; line-height: 21px;\" \/><span style=\"color: #333333; font-family: Arial, Helvetica, 'Nimbus Sans L', sans-serif; font-size: 15px; line-height: 21px;\">2. NUESTRO EXCLUSIVO COMPLEJO CAPILSANA \u2122 ofrece una mezcla \u00fanica Col\u00e1geno Hidrolizado, MSM y el S\u00edlice proporciona 18 amino\u00e1cidos, que son los bloques de construcci\u00f3n de la prote\u00edna que le da al su cabello fuerza. El exclusivo complejo tambi\u00e9n proporciona el azufre requerido para el col\u00e1geno sano y queratina, que son esenciales para el crecimiento del cabello sano.<\/span><br style=\"color: #333333; font-family: Arial, Helvetica, 'Nimbus Sans L', sans-serif; font-size: 15px; line-height: 21px;\" \/><span style=\"color: #333333; font-family: Arial, Helvetica, 'Nimbus Sans L', sans-serif; font-size: 15px; line-height: 21px;\">3. PROBADO CL\u00cdNICAMENTE<\/span><br style=\"color: #333333; font-family: Arial, Helvetica, 'Nimbus Sans L', sans-serif; font-size: 15px; line-height: 21px;\" \/><span style=\"color: #333333; font-family: Arial, Helvetica, 'Nimbus Sans L', sans-serif; font-size: 15px; line-height: 21px;\">En un estudio independiente, fue comprovado que Hairfinity aumenta la tasa de crecimiento del cabello y reduce el n\u00famero promedio de p\u00e9rdida de cabello en un per\u00edodo de 30 d\u00edas.<\/span><br style=\"color: #333333; font-family: Arial, Helvetica, 'Nimbus Sans L', sans-serif; font-size: 15px; line-height: 21px;\" \/><span style=\"color: #333333; font-family: Arial, Helvetica, 'Nimbus Sans L', sans-serif; font-size: 15px; line-height: 21px;\">4. TESTIMONIOS<\/span><br style=\"color: #333333; font-family: Arial, Helvetica, 'Nimbus Sans L', sans-serif; font-size: 15px; line-height: 21px;\" \/><span style=\"color: #333333; font-family: Arial, Helvetica, 'Nimbus Sans L', sans-serif; font-size: 15px; line-height: 21px;\">Hairfinity cuenta con m\u00e1s de 200 fotos de antes y despu\u00e9s enviadas por clientes reales<\/span><br style=\"color: #333333; font-family: Arial, Helvetica, 'Nimbus Sans L', sans-serif; font-size: 15px; line-height: 21px;\" \/><br style=\"color: #333333; font-family: Arial, Helvetica, 'Nimbus Sans L', sans-serif; font-size: 15px; line-height: 21px;\" \/><span style=\"color: #ff00ff; font-family: Arial, Helvetica, 'Nimbus Sans L', sans-serif; font-size: 15px; line-height: 21px;\">COMPONENTES:<\/span><br style=\"color: #333333; font-family: Arial, Helvetica, 'Nimbus Sans L', sans-serif; font-size: 15px; line-height: 21px;\" \/><br style=\"color: #333333; font-family: Arial, Helvetica, 'Nimbus Sans L', sans-serif; font-size: 15px; line-height: 21px;\" \/><span style=\"color: #333333; font-family: Arial, Helvetica, 'Nimbus Sans L', sans-serif; font-size: 15px; line-height: 21px;\">Vitaminas para el Cabello Hairfinity est\u00e1n formuladas con nutrientes espec\u00edficos cabello para nutrir su cabello DE ADENTRO HACIA FUERA y promover crecimiento m\u00e1s r\u00e1pido, para un pelo m\u00e1s grueso, m\u00e1s fuerte y m\u00e1s vibrante.<\/span><br style=\"color: #333333; font-family: Arial, Helvetica, 'Nimbus Sans L', sans-serif; font-size: 15px; line-height: 21px;\" \/><span style=\"color: #333333; font-family: Arial, Helvetica, 'Nimbus Sans L', sans-serif; font-size: 15px; line-height: 21px;\">Biotina La biotina promueve el crecimiento sano del cabello y protege contra la sequedad. Aumenta la elasticidad de la corteza del pelo, evitando as\u00ed la rotura. Ayuda a producir queratina que evita la p\u00e9rdida de cabello.<\/span><br style=\"color: #333333; font-family: Arial, Helvetica, 'Nimbus Sans L', sans-serif; font-size: 15px; line-height: 21px;\" \/><span style=\"color: #333333; font-family: Arial, Helvetica, 'Nimbus Sans L', sans-serif; font-size: 15px; line-height: 21px;\">Niacina (Vitamina B3) La niacina promueve la circulaci\u00f3n del cuero cabelludo con \u00e1cido pantot\u00e9nico (vitamina B5) \u2013 y evita la p\u00e9rdida de cabello.<\/span><br style=\"color: #333333; font-family: Arial, Helvetica, 'Nimbus Sans L', sans-serif; font-size: 15px; line-height: 21px;\" \/><span style=\"color: #333333; font-family: Arial, Helvetica, 'Nimbus Sans L', sans-serif; font-size: 15px; line-height: 21px;\">Vitamina A La vitamina A es un antioxidante que ayuda a producir sebo saludable en el cuero cabelludo.<\/span><br style=\"color: #333333; font-family: Arial, Helvetica, 'Nimbus Sans L', sans-serif; font-size: 15px; line-height: 21px;\" \/><span style=\"color: #333333; font-family: Arial, Helvetica, 'Nimbus Sans L', sans-serif; font-size: 15px; line-height: 21px;\">Vitamina C La vitamina C es un antioxidante que ayuda a mantener la salud del cabello y la piel.<\/span><br style=\"color: #333333; font-family: Arial, Helvetica, 'Nimbus Sans L', sans-serif; font-size: 15px; line-height: 21px;\" \/><span style=\"color: #333333; font-family: Arial, Helvetica, 'Nimbus Sans L', sans-serif; font-size: 15px; line-height: 21px;\">Vitamina D La vitamina D ayuda a prevenir la p\u00e9rdida de cabello, que es fundamental tener un cabello m\u00e1s voluminoso.<\/span><br style=\"color: #333333; font-family: Arial, Helvetica, 'Nimbus Sans L', sans-serif; font-size: 15px; line-height: 21px;\" \/><span style=\"color: #333333; font-family: Arial, Helvetica, 'Nimbus Sans L', sans-serif; font-size: 15px; line-height: 21px;\">Vitamina B12 La vitamina B12 es esencial para la formaci\u00f3n de gl\u00f3bulos rojos sanos y ayuda a transportar ox\u00edgeno en el cuero cabelludo y los fol\u00edculos, que son necesarios para mantener el crecimiento del cabello.<\/span><br style=\"color: #333333; font-family: Arial, Helvetica, 'Nimbus Sans L', sans-serif; font-size: 15px; line-height: 21px;\" \/><span style=\"color: #333333; font-family: Arial, Helvetica, 'Nimbus Sans L', sans-serif; font-size: 15px; line-height: 21px;\">Vitaminas Complexo B Las Vitaminas del Complexo B nutren y proporcionan un ambiente sano para el cuero cabelludo y el crecimiento del cabello sano. Las deficiencias de estas vitaminas puede conducir ca\u00eddas, p\u00e9rdidas, cabello canoso, y el <a href=\"https:\/\/www.mayoclinic.org\/es-es\/diseases-conditions\/hair-loss\/symptoms-causes\/syc-20372926\">debilitamiento de la estructura del cabello.<\/a><\/span><br style=\"color: #333333; font-family: Arial, Helvetica, 'Nimbus Sans L', sans-serif; font-size: 15px; line-height: 21px;\" \/><span style=\"color: #333333; font-family: Arial, Helvetica, 'Nimbus Sans L', sans-serif; font-size: 15px; line-height: 21px;\">S\u00edlice Debido a su capacidad para mantener el col\u00e1geno, el s\u00edlice ayuda a mantener la elasticidad del cabello y ayuda a mantener el pelo brillante.<\/span><br style=\"color: #333333; font-family: Arial, Helvetica, 'Nimbus Sans L', sans-serif; font-size: 15px; line-height: 21px;\" \/><span style=\"color: #333333; font-family: Arial, Helvetica, 'Nimbus Sans L', sans-serif; font-size: 15px; line-height: 21px;\">MSM MSM El azufre proporcionado por el MSM es necesario para alcanzar un col\u00e1geno saludable y queratina que son esencialespara el crecimiento del cabello sano.<\/span><br style=\"color: #333333; font-family: Arial, Helvetica, 'Nimbus Sans L', sans-serif; font-size: 15px; line-height: 21px;\" \/><br style=\"color: #333333; font-family: Arial, Helvetica, 'Nimbus Sans L', sans-serif; font-size: 15px; line-height: 21px;\" \/><span style=\"color: #333333; font-family: Arial, Helvetica, 'Nimbus Sans L', sans-serif; font-size: 15px; line-height: 21px;\">EXCLUSIVO CAPILSANA COMPLEX\u2122 ofrece una mezcla \u00fanica de <a href=\"https:\/\/armonianaturaldietshop.com\/product\/te-colagen-100\/\">Col\u00e1geno<\/a> Hidrolizado, MSM y el S\u00edlice proporciona 18 amino\u00e1cidos, que son los bloques de construcci\u00f3n de la prote\u00edna que le da al su cabello fuerza. El exclusivo complejo tambi\u00e9n proporciona el azufre requerido para el col\u00e1geno sano y queratina, que son esenciales para el crecimiento del cabello sano<\/span><\/p>\n","protected":false},"excerpt":{"rendered":"<p>Hairfinity es una innovaci\u00f3n en el cuidado del cabello. Sus ingredientes estimulan un cuero cabelludo saludable, un aumento en la elasticidad y la resistencia del cabello, y mucho m\u00e1s.<\/p>\n","protected":false},"featured_media":1129,"comment_status":"open","ping_status":"closed","template":"","meta":[],"product_cat":[32,47,34],"product_tag":[],"acf":[],"yoast_head":"<!-- This site is optimized with the Yoast SEO plugin v18.5.1 - https:\/\/yoast.com\/wordpress\/plugins\/seo\/ -->\n<title>HAIRFINITY, Healthy Hair Complex, 60 Caps, BROCKBEAUTY - Armonia Natural Diet Shop<\/title>\n<meta name=\"robots\" content=\"index, follow, max-snippet:-1, max-image-preview:large, max-video-preview:-1\" \/>\n<link rel=\"canonical\" href=\"https:\/\/armonianaturaldietshop.com\/en\/product\/hairfinity-healthy-hair-complex-60-caps-brockbeauty\/\" \/>\n<meta property=\"og:locale\" content=\"en_US\" \/>\n<meta property=\"og:type\" content=\"article\" \/>\n<meta property=\"og:title\" content=\"HAIRFINITY, Healthy Hair Complex, 60 Caps, BROCKBEAUTY - Armonia Natural Diet Shop\" \/>\n<meta property=\"og:description\" content=\"Hairfinity es una innovaci\u00f3n en el cuidado del cabello. Sus ingredientes estimulan un cuero cabelludo saludable, un aumento en la elasticidad y la resistencia del cabello, y mucho m\u00e1s.\" \/>\n<meta property=\"og:url\" content=\"https:\/\/armonianaturaldietshop.com\/en\/product\/hairfinity-healthy-hair-complex-60-caps-brockbeauty\/\" \/>\n<meta property=\"og:site_name\" content=\"Armonia Natural Diet Shop\" \/>\n<meta property=\"article:publisher\" content=\"https:\/\/www.facebook.com\/ArmoniaNaturalDietShop\/\" \/>\n<meta property=\"article:modified_time\" content=\"2023-01-25T05:13:10+00:00\" \/>\n<meta property=\"og:image\" content=\"https:\/\/armonianaturaldietshop.com\/wp-content\/uploads\/2018\/02\/hairfinity-healthy-hair-complex-60-caps-brockbeauty_451.jpg\" \/>\n\t<meta property=\"og:image:width\" content=\"987\" \/>\n\t<meta property=\"og:image:height\" content=\"987\" \/>\n\t<meta property=\"og:image:type\" content=\"image\/jpeg\" \/>\n<meta name=\"twitter:card\" content=\"summary_large_image\" \/>\n<meta name=\"twitter:label1\" content=\"Est. reading time\" \/>\n\t<meta name=\"twitter:data1\" content=\"3 minutes\" \/>\n<script type=\"application\/ld+json\" class=\"yoast-schema-graph\">{\"@context\":\"https:\/\/schema.org\",\"@graph\":[{\"@type\":\"Organization\",\"@id\":\"https:\/\/armonianaturaldietshop.com\/#organization\",\"name\":\"Armonia Natural Diet Shop\",\"url\":\"https:\/\/armonianaturaldietshop.com\/\",\"sameAs\":[\"https:\/\/www.facebook.com\/ArmoniaNaturalDietShop\/\",\"https:\/\/www.instagram.com\/armonia.natural\/?hl=en\"],\"logo\":{\"@type\":\"ImageObject\",\"@id\":\"https:\/\/armonianaturaldietshop.com\/#logo\",\"inLanguage\":\"en-US\",\"url\":\"https:\/\/armonianaturaldietshop.com\/wp-content\/uploads\/2018\/01\/top-banner-1.png\",\"contentUrl\":\"https:\/\/armonianaturaldietshop.com\/wp-content\/uploads\/2018\/01\/top-banner-1.png\",\"width\":369,\"height\":116,\"caption\":\"Armonia Natural Diet Shop\"},\"image\":{\"@id\":\"https:\/\/armonianaturaldietshop.com\/#logo\"}},{\"@type\":\"WebSite\",\"@id\":\"https:\/\/armonianaturaldietshop.com\/#website\",\"url\":\"https:\/\/armonianaturaldietshop.com\/\",\"name\":\"Armonia Natural Diet Shop\",\"description\":\"Otro sitio realizado con WordPress\",\"publisher\":{\"@id\":\"https:\/\/armonianaturaldietshop.com\/#organization\"},\"potentialAction\":[{\"@type\":\"SearchAction\",\"target\":{\"@type\":\"EntryPoint\",\"urlTemplate\":\"https:\/\/armonianaturaldietshop.com\/?s={search_term_string}\"},\"query-input\":\"required name=search_term_string\"}],\"inLanguage\":\"en-US\"},{\"@type\":\"ImageObject\",\"@id\":\"https:\/\/armonianaturaldietshop.com\/en\/product\/hairfinity-healthy-hair-complex-60-caps-brockbeauty\/#primaryimage\",\"inLanguage\":\"en-US\",\"url\":\"https:\/\/armonianaturaldietshop.com\/wp-content\/uploads\/2018\/02\/hairfinity-healthy-hair-complex-60-caps-brockbeauty_451.jpg\",\"contentUrl\":\"https:\/\/armonianaturaldietshop.com\/wp-content\/uploads\/2018\/02\/hairfinity-healthy-hair-complex-60-caps-brockbeauty_451.jpg\",\"width\":987,\"height\":987},{\"@type\":\"WebPage\",\"@id\":\"https:\/\/armonianaturaldietshop.com\/en\/product\/hairfinity-healthy-hair-complex-60-caps-brockbeauty\/#webpage\",\"url\":\"https:\/\/armonianaturaldietshop.com\/en\/product\/hairfinity-healthy-hair-complex-60-caps-brockbeauty\/\",\"name\":\"HAIRFINITY, Healthy Hair Complex, 60 Caps, BROCKBEAUTY - Armonia Natural Diet Shop\",\"isPartOf\":{\"@id\":\"https:\/\/armonianaturaldietshop.com\/#website\"},\"primaryImageOfPage\":{\"@id\":\"https:\/\/armonianaturaldietshop.com\/en\/product\/hairfinity-healthy-hair-complex-60-caps-brockbeauty\/#primaryimage\"},\"datePublished\":\"2018-01-28T21:42:53+00:00\",\"dateModified\":\"2023-01-25T05:13:10+00:00\",\"breadcrumb\":{\"@id\":\"https:\/\/armonianaturaldietshop.com\/en\/product\/hairfinity-healthy-hair-complex-60-caps-brockbeauty\/#breadcrumb\"},\"inLanguage\":\"en-US\",\"potentialAction\":[{\"@type\":\"ReadAction\",\"target\":[\"https:\/\/armonianaturaldietshop.com\/en\/product\/hairfinity-healthy-hair-complex-60-caps-brockbeauty\/\"]}]},{\"@type\":\"BreadcrumbList\",\"@id\":\"https:\/\/armonianaturaldietshop.com\/en\/product\/hairfinity-healthy-hair-complex-60-caps-brockbeauty\/#breadcrumb\",\"itemListElement\":[{\"@type\":\"ListItem\",\"position\":1,\"name\":\"Home\",\"item\":\"https:\/\/armonianaturaldietshop.com\/en\/\"},{\"@type\":\"ListItem\",\"position\":2,\"name\":\"Shop\",\"item\":\"https:\/\/armonianaturaldietshop.com\/en\/shop\/\"},{\"@type\":\"ListItem\",\"position\":3,\"name\":\"HAIRFINITY, Healthy Hair Complex, 60 Caps, BROCKBEAUTY\"}]}]}<\/script>\n<!-- \/ Yoast SEO plugin. -->","yoast_head_json":{"title":"HAIRFINITY, Healthy Hair Complex, 60 Caps, BROCKBEAUTY - Armonia Natural Diet Shop","robots":{"index":"index","follow":"follow","max-snippet":"max-snippet:-1","max-image-preview":"max-image-preview:large","max-video-preview":"max-video-preview:-1"},"canonical":"https:\/\/armonianaturaldietshop.com\/en\/product\/hairfinity-healthy-hair-complex-60-caps-brockbeauty\/","og_locale":"en_US","og_type":"article","og_title":"HAIRFINITY, Healthy Hair Complex, 60 Caps, BROCKBEAUTY - Armonia Natural Diet Shop","og_description":"Hairfinity es una innovaci\u00f3n en el cuidado del cabello. Sus ingredientes estimulan un cuero cabelludo saludable, un aumento en la elasticidad y la resistencia del cabello, y mucho m\u00e1s.","og_url":"https:\/\/armonianaturaldietshop.com\/en\/product\/hairfinity-healthy-hair-complex-60-caps-brockbeauty\/","og_site_name":"Armonia Natural Diet Shop","article_publisher":"https:\/\/www.facebook.com\/ArmoniaNaturalDietShop\/","article_modified_time":"2023-01-25T05:13:10+00:00","og_image":[{"width":987,"height":987,"url":"https:\/\/armonianaturaldietshop.com\/wp-content\/uploads\/2018\/02\/hairfinity-healthy-hair-complex-60-caps-brockbeauty_451.jpg","type":"image\/jpeg"}],"twitter_card":"summary_large_image","twitter_misc":{"Est. reading time":"3 minutes"},"schema":{"@context":"https:\/\/schema.org","@graph":[{"@type":"Organization","@id":"https:\/\/armonianaturaldietshop.com\/#organization","name":"Armonia Natural Diet Shop","url":"https:\/\/armonianaturaldietshop.com\/","sameAs":["https:\/\/www.facebook.com\/ArmoniaNaturalDietShop\/","https:\/\/www.instagram.com\/armonia.natural\/?hl=en"],"logo":{"@type":"ImageObject","@id":"https:\/\/armonianaturaldietshop.com\/#logo","inLanguage":"en-US","url":"https:\/\/armonianaturaldietshop.com\/wp-content\/uploads\/2018\/01\/top-banner-1.png","contentUrl":"https:\/\/armonianaturaldietshop.com\/wp-content\/uploads\/2018\/01\/top-banner-1.png","width":369,"height":116,"caption":"Armonia Natural Diet Shop"},"image":{"@id":"https:\/\/armonianaturaldietshop.com\/#logo"}},{"@type":"WebSite","@id":"https:\/\/armonianaturaldietshop.com\/#website","url":"https:\/\/armonianaturaldietshop.com\/","name":"Armonia Natural Diet Shop","description":"Otro sitio realizado con WordPress","publisher":{"@id":"https:\/\/armonianaturaldietshop.com\/#organization"},"potentialAction":[{"@type":"SearchAction","target":{"@type":"EntryPoint","urlTemplate":"https:\/\/armonianaturaldietshop.com\/?s={search_term_string}"},"query-input":"required name=search_term_string"}],"inLanguage":"en-US"},{"@type":"ImageObject","@id":"https:\/\/armonianaturaldietshop.com\/en\/product\/hairfinity-healthy-hair-complex-60-caps-brockbeauty\/#primaryimage","inLanguage":"en-US","url":"https:\/\/armonianaturaldietshop.com\/wp-content\/uploads\/2018\/02\/hairfinity-healthy-hair-complex-60-caps-brockbeauty_451.jpg","contentUrl":"https:\/\/armonianaturaldietshop.com\/wp-content\/uploads\/2018\/02\/hairfinity-healthy-hair-complex-60-caps-brockbeauty_451.jpg","width":987,"height":987},{"@type":"WebPage","@id":"https:\/\/armonianaturaldietshop.com\/en\/product\/hairfinity-healthy-hair-complex-60-caps-brockbeauty\/#webpage","url":"https:\/\/armonianaturaldietshop.com\/en\/product\/hairfinity-healthy-hair-complex-60-caps-brockbeauty\/","name":"HAIRFINITY, Healthy Hair Complex, 60 Caps, BROCKBEAUTY - Armonia Natural Diet Shop","isPartOf":{"@id":"https:\/\/armonianaturaldietshop.com\/#website"},"primaryImageOfPage":{"@id":"https:\/\/armonianaturaldietshop.com\/en\/product\/hairfinity-healthy-hair-complex-60-caps-brockbeauty\/#primaryimage"},"datePublished":"2018-01-28T21:42:53+00:00","dateModified":"2023-01-25T05:13:10+00:00","breadcrumb":{"@id":"https:\/\/armonianaturaldietshop.com\/en\/product\/hairfinity-healthy-hair-complex-60-caps-brockbeauty\/#breadcrumb"},"inLanguage":"en-US","potentialAction":[{"@type":"ReadAction","target":["https:\/\/armonianaturaldietshop.com\/en\/product\/hairfinity-healthy-hair-complex-60-caps-brockbeauty\/"]}]},{"@type":"BreadcrumbList","@id":"https:\/\/armonianaturaldietshop.com\/en\/product\/hairfinity-healthy-hair-complex-60-caps-brockbeauty\/#breadcrumb","itemListElement":[{"@type":"ListItem","position":1,"name":"Home","item":"https:\/\/armonianaturaldietshop.com\/en\/"},{"@type":"ListItem","position":2,"name":"Shop","item":"https:\/\/armonianaturaldietshop.com\/en\/shop\/"},{"@type":"ListItem","position":3,"name":"HAIRFINITY, Healthy Hair Complex, 60 Caps, BROCKBEAUTY"}]}]}},"_links":{"self":[{"href":"https:\/\/armonianaturaldietshop.com\/en\/wp-json\/wp\/v2\/product\/1808"}],"collection":[{"href":"https:\/\/armonianaturaldietshop.com\/en\/wp-json\/wp\/v2\/product"}],"about":[{"href":"https:\/\/armonianaturaldietshop.com\/en\/wp-json\/wp\/v2\/types\/product"}],"replies":[{"embeddable":true,"href":"https:\/\/armonianaturaldietshop.com\/en\/wp-json\/wp\/v2\/comments?post=1808"}],"wp:featuredmedia":[{"embeddable":true,"href":"https:\/\/armonianaturaldietshop.com\/en\/wp-json\/wp\/v2\/media\/1129"}],"wp:attachment":[{"href":"https:\/\/armonianaturaldietshop.com\/en\/wp-json\/wp\/v2\/media?parent=1808"}],"wp:term":[{"taxonomy":"product_cat","embeddable":true,"href":"https:\/\/armonianaturaldietshop.com\/en\/wp-json\/wp\/v2\/product_cat?post=1808"},{"taxonomy":"product_tag","embeddable":true,"href":"https:\/\/armonianaturaldietshop.com\/en\/wp-json\/wp\/v2\/product_tag?post=1808"}],"curies":[{"name":"wp","href":"https:\/\/api.w.org\/{rel}","templated":true}]}}