{"id":1809,"date":"2018-01-28T21:42:52","date_gmt":"2018-01-28T21:42:52","guid":{"rendered":"http:\/\/armonianaturaldietshop.com\/product\/ginkgo-biloba-120mg-100-tabletas\/"},"modified":"2025-01-28T20:02:15","modified_gmt":"2025-01-28T20:02:15","slug":"ginkgo-biloba-120mg-100-tabletas-%c2%a0","status":"publish","type":"product","link":"https:\/\/armonianaturaldietshop.com\/en\/product\/ginkgo-biloba-120mg-100-tabletas-%c2%a0\/","title":{"rendered":"Ginkgo Biloba 120mg 100 tabletas \u00a0"},"content":{"rendered":"<p style=\"text-align: justify;\">Ginkgo Biloba 120mg 100 tabletas. La capacidad del ginkgo de mantener la circulaci\u00f3n perif\u00e9rica hacia los brazos, piernas y cerebro est\u00e1 documentada en trabajos cient\u00edficos.** Adem\u00e1s, el ginko ayuda a mejorar la <a href=\"https:\/\/www.entrepreneur.com\/article\/341903\">memoria<\/a>, especialmente los problemas ocasionales leves asociados al envejecimiento. **<\/p>\n<p>&nbsp;<\/p>\n<p>Ginkgo Biloba 120mg 100 tabletas\u00a0 , es uno de los remedios de homeopat\u00eda de mayor uso en la medicina china tradicional. Sus hojas se usan <strong>para<\/strong>\u00a0preparar soluciones que ayudan a lidiar con trastornos circulatorios agregados al envejecimiento, inflamaciones y problemas con la <a href=\"https:\/\/armonianaturaldietshop.com\/en\/product\/bio-spirulina-con-corella-100-caps\/\">piel<\/a>.<\/p>\n<p>&nbsp;<\/p>\n<p>En la medicina tradicional china, las semillas del ginkgo se han tomado para combatir las flemas en ataques asm\u00e1ticos y\u00a0bronquitis, como antial\u00e9rgico, para tratar la\u00a0<a href=\"https:\/\/www.webconsultas.com\/salud-al-dia\/incontinencia-urinaria\/incontinencia-urinaria-2112\">incon<\/a>tinencia urinaria, la\u00a0enuresis infantil, la inflamaci\u00f3n de vejiga, la\u00a0candidiasis\u00a0vaginal, y como t\u00f3nico renal \u2013yang\u2013 y revulsivo sexual. Y las hojas se han destinado a aliviar trastornos de circulaci\u00f3n, inflamaciones reum\u00e1ticas y problemas de la piel.<\/p>\n<p>&nbsp;<\/p>\n<p style=\"text-align: justify;\">No contiene colorantes, saborizantes o edulcorantes artificiales, conservantes, az\u00facar, almid\u00f3n, leche, lactosa, soja, gluten, trigo, levadura, pescado ni sodio.<\/p>\n<p>&nbsp;<\/p>\n<p style=\"text-align: justify;\"><strong>Indicacion Sugerida:<\/strong> Adultos, tomar una (1) c\u00e1psula por d\u00eda, preferiblemente con las comidas. Puede romper las c\u00e1psulas para prepararlas como t\u00e9. Le recordamos que consulte con su proveedor de servicios m\u00e9dicos sobre los suplementos y medicamentos que toma.<\/p>\n","protected":false},"excerpt":{"rendered":"<p style=\"text-align: justify;\">Ginkgo Biloba 120mg 100 tabletas. La capacidad del ginkgo de mantener la circulaci\u00f3n perif\u00e9rica hacia los brazos, piernas y cerebro est\u00e1 documentada en trabajos cient\u00edficos.** Adem\u00e1s, el ginko ayuda a mejorar la <a href=\"https:\/\/www.entrepreneur.com\/article\/341903\">memoria<\/a>, especialmente los problemas ocasionales leves asociados al envejecimiento. **<\/p>\n<p>&nbsp;<\/p>\n<p>Ginkgo Biloba 120mg 100 tabletas\u00a0 , es uno de los remedios [&#8230;]<\/p>\n","protected":false},"featured_media":1145,"comment_status":"open","ping_status":"closed","template":"","meta":[],"product_cat":[34],"product_tag":[],"acf":[],"yoast_head":"<!-- This site is optimized with the Yoast SEO plugin v18.5.1 - https:\/\/yoast.com\/wordpress\/plugins\/seo\/ -->\n<title>Ginkgo Biloba 120mg 100 tabletas \u00a0 - Armonia Natural Diet Shop<\/title>\n<meta name=\"description\" content=\"Ginkgo Biloba 120mg 100 tabletas, ayuda a mejorar la memoria, especialmente los problemas ocasionales leves asociados al envejecimiento.\" \/>\n<meta name=\"robots\" content=\"index, follow, max-snippet:-1, max-image-preview:large, max-video-preview:-1\" \/>\n<link rel=\"canonical\" href=\"https:\/\/armonianaturaldietshop.com\/product\/ginkgo-biloba-120mg-100-tabletas-\u00a0\/\" \/>\n<meta property=\"og:locale\" content=\"en_US\" \/>\n<meta property=\"og:type\" content=\"article\" \/>\n<meta property=\"og:title\" content=\"Ginkgo Biloba 120mg 100 tabletas \u00a0 - Armonia Natural Diet Shop\" \/>\n<meta property=\"og:description\" content=\"Ginkgo Biloba 120mg 100 tabletas, ayuda a mejorar la memoria, especialmente los problemas ocasionales leves asociados al envejecimiento.\" \/>\n<meta property=\"og:url\" content=\"https:\/\/armonianaturaldietshop.com\/product\/ginkgo-biloba-120mg-100-tabletas-\u00a0\/\" \/>\n<meta property=\"og:site_name\" content=\"Armonia Natural Diet Shop\" \/>\n<meta property=\"article:publisher\" content=\"https:\/\/www.facebook.com\/ArmoniaNaturalDietShop\/\" \/>\n<meta property=\"article:modified_time\" content=\"2025-01-28T20:02:15+00:00\" \/>\n<meta property=\"og:image\" content=\"https:\/\/armonianaturaldietshop.com\/wp-content\/uploads\/2018\/02\/ginkgo-biloba-120mg-100-tabletas-c2a0_170.jpg\" \/>\n\t<meta property=\"og:image:width\" content=\"256\" \/>\n\t<meta property=\"og:image:height\" content=\"286\" \/>\n\t<meta property=\"og:image:type\" content=\"image\/jpeg\" \/>\n<meta name=\"twitter:card\" content=\"summary_large_image\" \/>\n<meta name=\"twitter:label1\" content=\"Est. reading time\" \/>\n\t<meta name=\"twitter:data1\" content=\"1 minute\" \/>\n<script type=\"application\/ld+json\" class=\"yoast-schema-graph\">{\"@context\":\"https:\/\/schema.org\",\"@graph\":[{\"@type\":\"Organization\",\"@id\":\"https:\/\/armonianaturaldietshop.com\/#organization\",\"name\":\"Armonia Natural Diet Shop\",\"url\":\"https:\/\/armonianaturaldietshop.com\/\",\"sameAs\":[\"https:\/\/www.facebook.com\/ArmoniaNaturalDietShop\/\",\"https:\/\/www.instagram.com\/armonia.natural\/?hl=en\"],\"logo\":{\"@type\":\"ImageObject\",\"@id\":\"https:\/\/armonianaturaldietshop.com\/#logo\",\"inLanguage\":\"en-US\",\"url\":\"https:\/\/armonianaturaldietshop.com\/wp-content\/uploads\/2018\/01\/top-banner-1.png\",\"contentUrl\":\"https:\/\/armonianaturaldietshop.com\/wp-content\/uploads\/2018\/01\/top-banner-1.png\",\"width\":369,\"height\":116,\"caption\":\"Armonia Natural Diet Shop\"},\"image\":{\"@id\":\"https:\/\/armonianaturaldietshop.com\/#logo\"}},{\"@type\":\"WebSite\",\"@id\":\"https:\/\/armonianaturaldietshop.com\/#website\",\"url\":\"https:\/\/armonianaturaldietshop.com\/\",\"name\":\"Armonia Natural Diet Shop\",\"description\":\"Otro sitio realizado con WordPress\",\"publisher\":{\"@id\":\"https:\/\/armonianaturaldietshop.com\/#organization\"},\"potentialAction\":[{\"@type\":\"SearchAction\",\"target\":{\"@type\":\"EntryPoint\",\"urlTemplate\":\"https:\/\/armonianaturaldietshop.com\/?s={search_term_string}\"},\"query-input\":\"required name=search_term_string\"}],\"inLanguage\":\"en-US\"},{\"@type\":\"ImageObject\",\"@id\":\"https:\/\/armonianaturaldietshop.com\/product\/ginkgo-biloba-120mg-100-tabletas-%c2%a0\/#primaryimage\",\"inLanguage\":\"en-US\",\"url\":\"https:\/\/armonianaturaldietshop.com\/wp-content\/uploads\/2018\/02\/ginkgo-biloba-120mg-100-tabletas-c2a0_170.jpg\",\"contentUrl\":\"https:\/\/armonianaturaldietshop.com\/wp-content\/uploads\/2018\/02\/ginkgo-biloba-120mg-100-tabletas-c2a0_170.jpg\",\"width\":256,\"height\":286,\"caption\":\"Ginkgo Biloba 120mg 100 tabletas \u00a0\"},{\"@type\":\"WebPage\",\"@id\":\"https:\/\/armonianaturaldietshop.com\/product\/ginkgo-biloba-120mg-100-tabletas-%c2%a0\/#webpage\",\"url\":\"https:\/\/armonianaturaldietshop.com\/product\/ginkgo-biloba-120mg-100-tabletas-%c2%a0\/\",\"name\":\"Ginkgo Biloba 120mg 100 tabletas \u00a0 - Armonia Natural Diet Shop\",\"isPartOf\":{\"@id\":\"https:\/\/armonianaturaldietshop.com\/#website\"},\"primaryImageOfPage\":{\"@id\":\"https:\/\/armonianaturaldietshop.com\/product\/ginkgo-biloba-120mg-100-tabletas-%c2%a0\/#primaryimage\"},\"datePublished\":\"2018-01-28T21:42:52+00:00\",\"dateModified\":\"2025-01-28T20:02:15+00:00\",\"description\":\"Ginkgo Biloba 120mg 100 tabletas, ayuda a mejorar la memoria, especialmente los problemas ocasionales leves asociados al envejecimiento.\",\"breadcrumb\":{\"@id\":\"https:\/\/armonianaturaldietshop.com\/product\/ginkgo-biloba-120mg-100-tabletas-%c2%a0\/#breadcrumb\"},\"inLanguage\":\"en-US\",\"potentialAction\":[{\"@type\":\"ReadAction\",\"target\":[\"https:\/\/armonianaturaldietshop.com\/product\/ginkgo-biloba-120mg-100-tabletas-%c2%a0\/\"]}]},{\"@type\":\"BreadcrumbList\",\"@id\":\"https:\/\/armonianaturaldietshop.com\/product\/ginkgo-biloba-120mg-100-tabletas-%c2%a0\/#breadcrumb\",\"itemListElement\":[{\"@type\":\"ListItem\",\"position\":1,\"name\":\"Home\",\"item\":\"https:\/\/armonianaturaldietshop.com\/en\/\"},{\"@type\":\"ListItem\",\"position\":2,\"name\":\"Shop\",\"item\":\"https:\/\/armonianaturaldietshop.com\/en\/shop\/\"},{\"@type\":\"ListItem\",\"position\":3,\"name\":\"Ginkgo Biloba 120mg 100 tabletas \u00a0\"}]}]}<\/script>\n<!-- \/ Yoast SEO plugin. -->","yoast_head_json":{"title":"Ginkgo Biloba 120mg 100 tabletas \u00a0 - Armonia Natural Diet Shop","description":"Ginkgo Biloba 120mg 100 tabletas, ayuda a mejorar la memoria, especialmente los problemas ocasionales leves asociados al envejecimiento.","robots":{"index":"index","follow":"follow","max-snippet":"max-snippet:-1","max-image-preview":"max-image-preview:large","max-video-preview":"max-video-preview:-1"},"canonical":"https:\/\/armonianaturaldietshop.com\/product\/ginkgo-biloba-120mg-100-tabletas-\u00a0\/","og_locale":"en_US","og_type":"article","og_title":"Ginkgo Biloba 120mg 100 tabletas \u00a0 - Armonia Natural Diet Shop","og_description":"Ginkgo Biloba 120mg 100 tabletas, ayuda a mejorar la memoria, especialmente los problemas ocasionales leves asociados al envejecimiento.","og_url":"https:\/\/armonianaturaldietshop.com\/product\/ginkgo-biloba-120mg-100-tabletas-\u00a0\/","og_site_name":"Armonia Natural Diet Shop","article_publisher":"https:\/\/www.facebook.com\/ArmoniaNaturalDietShop\/","article_modified_time":"2025-01-28T20:02:15+00:00","og_image":[{"width":256,"height":286,"url":"https:\/\/armonianaturaldietshop.com\/wp-content\/uploads\/2018\/02\/ginkgo-biloba-120mg-100-tabletas-c2a0_170.jpg","type":"image\/jpeg"}],"twitter_card":"summary_large_image","twitter_misc":{"Est. reading time":"1 minute"},"schema":{"@context":"https:\/\/schema.org","@graph":[{"@type":"Organization","@id":"https:\/\/armonianaturaldietshop.com\/#organization","name":"Armonia Natural Diet Shop","url":"https:\/\/armonianaturaldietshop.com\/","sameAs":["https:\/\/www.facebook.com\/ArmoniaNaturalDietShop\/","https:\/\/www.instagram.com\/armonia.natural\/?hl=en"],"logo":{"@type":"ImageObject","@id":"https:\/\/armonianaturaldietshop.com\/#logo","inLanguage":"en-US","url":"https:\/\/armonianaturaldietshop.com\/wp-content\/uploads\/2018\/01\/top-banner-1.png","contentUrl":"https:\/\/armonianaturaldietshop.com\/wp-content\/uploads\/2018\/01\/top-banner-1.png","width":369,"height":116,"caption":"Armonia Natural Diet Shop"},"image":{"@id":"https:\/\/armonianaturaldietshop.com\/#logo"}},{"@type":"WebSite","@id":"https:\/\/armonianaturaldietshop.com\/#website","url":"https:\/\/armonianaturaldietshop.com\/","name":"Armonia Natural Diet Shop","description":"Otro sitio realizado con WordPress","publisher":{"@id":"https:\/\/armonianaturaldietshop.com\/#organization"},"potentialAction":[{"@type":"SearchAction","target":{"@type":"EntryPoint","urlTemplate":"https:\/\/armonianaturaldietshop.com\/?s={search_term_string}"},"query-input":"required name=search_term_string"}],"inLanguage":"en-US"},{"@type":"ImageObject","@id":"https:\/\/armonianaturaldietshop.com\/product\/ginkgo-biloba-120mg-100-tabletas-%c2%a0\/#primaryimage","inLanguage":"en-US","url":"https:\/\/armonianaturaldietshop.com\/wp-content\/uploads\/2018\/02\/ginkgo-biloba-120mg-100-tabletas-c2a0_170.jpg","contentUrl":"https:\/\/armonianaturaldietshop.com\/wp-content\/uploads\/2018\/02\/ginkgo-biloba-120mg-100-tabletas-c2a0_170.jpg","width":256,"height":286,"caption":"Ginkgo Biloba 120mg 100 tabletas \u00a0"},{"@type":"WebPage","@id":"https:\/\/armonianaturaldietshop.com\/product\/ginkgo-biloba-120mg-100-tabletas-%c2%a0\/#webpage","url":"https:\/\/armonianaturaldietshop.com\/product\/ginkgo-biloba-120mg-100-tabletas-%c2%a0\/","name":"Ginkgo Biloba 120mg 100 tabletas \u00a0 - Armonia Natural Diet Shop","isPartOf":{"@id":"https:\/\/armonianaturaldietshop.com\/#website"},"primaryImageOfPage":{"@id":"https:\/\/armonianaturaldietshop.com\/product\/ginkgo-biloba-120mg-100-tabletas-%c2%a0\/#primaryimage"},"datePublished":"2018-01-28T21:42:52+00:00","dateModified":"2025-01-28T20:02:15+00:00","description":"Ginkgo Biloba 120mg 100 tabletas, ayuda a mejorar la memoria, especialmente los problemas ocasionales leves asociados al envejecimiento.","breadcrumb":{"@id":"https:\/\/armonianaturaldietshop.com\/product\/ginkgo-biloba-120mg-100-tabletas-%c2%a0\/#breadcrumb"},"inLanguage":"en-US","potentialAction":[{"@type":"ReadAction","target":["https:\/\/armonianaturaldietshop.com\/product\/ginkgo-biloba-120mg-100-tabletas-%c2%a0\/"]}]},{"@type":"BreadcrumbList","@id":"https:\/\/armonianaturaldietshop.com\/product\/ginkgo-biloba-120mg-100-tabletas-%c2%a0\/#breadcrumb","itemListElement":[{"@type":"ListItem","position":1,"name":"Home","item":"https:\/\/armonianaturaldietshop.com\/en\/"},{"@type":"ListItem","position":2,"name":"Shop","item":"https:\/\/armonianaturaldietshop.com\/en\/shop\/"},{"@type":"ListItem","position":3,"name":"Ginkgo Biloba 120mg 100 tabletas \u00a0"}]}]}},"_links":{"self":[{"href":"https:\/\/armonianaturaldietshop.com\/en\/wp-json\/wp\/v2\/product\/1809"}],"collection":[{"href":"https:\/\/armonianaturaldietshop.com\/en\/wp-json\/wp\/v2\/product"}],"about":[{"href":"https:\/\/armonianaturaldietshop.com\/en\/wp-json\/wp\/v2\/types\/product"}],"replies":[{"embeddable":true,"href":"https:\/\/armonianaturaldietshop.com\/en\/wp-json\/wp\/v2\/comments?post=1809"}],"wp:featuredmedia":[{"embeddable":true,"href":"https:\/\/armonianaturaldietshop.com\/en\/wp-json\/wp\/v2\/media\/1145"}],"wp:attachment":[{"href":"https:\/\/armonianaturaldietshop.com\/en\/wp-json\/wp\/v2\/media?parent=1809"}],"wp:term":[{"taxonomy":"product_cat","embeddable":true,"href":"https:\/\/armonianaturaldietshop.com\/en\/wp-json\/wp\/v2\/product_cat?post=1809"},{"taxonomy":"product_tag","embeddable":true,"href":"https:\/\/armonianaturaldietshop.com\/en\/wp-json\/wp\/v2\/product_tag?post=1809"}],"curies":[{"name":"wp","href":"https:\/\/api.w.org\/{rel}","templated":true}]}}