{"id":1811,"date":"2018-01-28T21:42:52","date_gmt":"2018-01-28T21:42:52","guid":{"rendered":"http:\/\/armonianaturaldietshop.com\/product\/glucometro-prodigy-auto-code-sistema-para-monitoreo-del-azucar-en-la-sangre\/"},"modified":"2024-06-12T22:12:22","modified_gmt":"2024-06-12T22:12:22","slug":"glucometros-prodigy-auto-code-sistema-para-monitoreo-del-azucar-en-la-sangre","status":"publish","type":"product","link":"https:\/\/armonianaturaldietshop.com\/en\/product\/glucometros-prodigy-auto-code-sistema-para-monitoreo-del-azucar-en-la-sangre\/","title":{"rendered":"Gluc\u00f3metros Prodigy"},"content":{"rendered":"<h1 style=\"text-align: center;\">Gluc\u00f3metros Prodigy<\/h1>\n<p>&nbsp;<\/p>\n<p>Los gluc\u00f3metros <strong>Prodigy<\/strong>\u00a0est\u00e1n dise\u00f1ados para ayudarlo a usted y a los profesionales de la atenci\u00f3n m\u00e9dica a monitorear el nivel de <a href=\"https:\/\/medlineplus.gov\/spanish\/ency\/article\/001214.htm\">glucosa en la sangre.<\/a><\/p>\n<p>&nbsp;<\/p>\n<p>El sistema autocodificado Prodigy posee la \u00faltima tecnolog\u00eda en monitoreo de la glucosa en sangre. Es f\u00e1cil de utilizar y le brindara resultados r\u00e1pidos y precisos con una muestra m\u00ednima de sangre. Posee una amplia pantalla para facilitar la lectura y es peque\u00f1o y liviano, lo que facilita su transporte. El medidor autocodificado Prodigy:<\/p>\n<p>&nbsp;<\/p>\n<p>&nbsp;<\/p>\n<p>*No necesita c\u00f3digos, lo que permite ahorrar tiempo y evitar errores humanos por una codificaci\u00f3n indebida.<br \/>\n*Permite realizar pruebas en zonas alternativas.<br \/>\n*Posee administraci\u00f3n de la memoria y los datos.<br \/>\n*Resultados en solo 6 segundos.<br \/>\n*Resultados audibles para personas con problemas de visi\u00f3n.<br \/>\n*Puerto USB para descarga de informaci\u00f3n.<\/p>\n<p><strong>El\u00a0Kit\u00a0Gluc\u00f3metro Prodigy Autocode Incluye:<\/strong><\/p>\n<p>&nbsp;<\/p>\n<p><strong>Glucometro Prodigy Autocode:<\/strong><\/p>\n<p>-Dos Pilas AAA<br \/>\n-Estuche Transportador<br \/>\n-Soluci\u00f3n de control de Prodigy (1)<br \/>\n&#8211;<a href=\"https:\/\/armonianaturaldietshop.com\/en\/product\/tiras-reactivas-prodigy\/\">Tiras reactivas de Prodigy<\/a> (Frasco con 10 und)<br \/>\n-Lancetas esteriles de Prodigy (Bolsa con 10 und)<br \/>\n-Porta lanceta<br \/>\n-Manual de uso<br \/>\n-Libro de registro<br \/>\n-Gu\u00eda de Referencia<br \/>\n-Tarjeta de Garant\u00eda<\/p>\n<p>&nbsp;<\/p>\n<p>&nbsp;<\/p>\n<p>&nbsp;<\/p>\n<h2>Descripci\u00f3n :<\/h2>\n<div data-wpusb-component=\"buttons-section\">\n<div id=\"wpusb-container-default\" class=\"wpusb wpusb-default \" data-element-url=\"https%3A%2F%2Fartendacolombia.com%2Fproducto%2Fglucometro-prodigy%2F\" data-element-title=\"Gluc%C3%B3metro%20Prodigy%20Autocode\" data-attr-reference=\"1328\" data-attr-nonce=\"3cecd7edda\" data-is-term=\"0\" data-wpusb-component=\"counter-social-share\">\n<div class=\"wpusb-item wpusb-twitter \"><\/div>\n<div class=\"wpusb-item wpusb-whatsapp \"><\/div>\n<div class=\"wpusb-item wpusb-share \"><\/div>\n<\/div>\n<\/div>\n<div class=\"woocommerce-product-details__short-description\">\n<ul>\n<li>El sistema autocodificado Prodigy posee la \u00faltima tecnolog\u00eda en monitoreo de la glucosa en sangre.<\/li>\n<li>Es f\u00e1cil de utilizar, brinda resultados r\u00e1pidos y precisos con una muestra m\u00ednima de sangre.<\/li>\n<li>Posee una amplia pantalla para facilitar la lectura.<\/li>\n<li>Es peque\u00f1o y liviano<\/li>\n<\/ul>\n<\/div>\n<p>&nbsp;<\/p>\n<p>&nbsp;<\/p>\n","protected":false},"excerpt":{"rendered":"<p>Caracter\u00edsticas<\/p>\n<p>\u2022 Habla en 4 idiomas: Ingl\u00e9s, espa\u00f1ol, franc\u00e9s y \u00e1rabe<br \/>\n\u2022 Almacena 120 resultados con fecha y hora<br \/>\n\u2022 Aprobado para Alterno de Prueba (AST)<br \/>\n\u2022 Puerto USB est\u00e1ndar para descargar f\u00e1cilmente los resultados de las pruebas<\/p>\n","protected":false},"featured_media":8703,"comment_status":"open","ping_status":"closed","template":"","meta":[],"product_cat":[32],"product_tag":[],"acf":[],"yoast_head":"<!-- This site is optimized with the Yoast SEO plugin v18.5.1 - https:\/\/yoast.com\/wordpress\/plugins\/seo\/ -->\n<title>Gluc\u00f3metros Prodigy - Armonia Natural Diet Shop<\/title>\n<meta name=\"description\" content=\"Gluc\u00f3metros Prodigy dise\u00f1ados para ayudarlo a usted y a los profesionales de la salud m\u00e9dica a monitorear el nivel de glucosa en sangre.\" \/>\n<meta name=\"robots\" content=\"index, follow, max-snippet:-1, max-image-preview:large, max-video-preview:-1\" \/>\n<link rel=\"canonical\" href=\"https:\/\/armonianaturaldietshop.com\/product\/glucometros-prodigy-auto-code-sistema-para-monitoreo-del-azucar-en-la-sangre\/\" \/>\n<meta property=\"og:locale\" content=\"en_US\" \/>\n<meta property=\"og:type\" content=\"article\" \/>\n<meta property=\"og:title\" content=\"Gluc\u00f3metros Prodigy - Armonia Natural Diet Shop\" \/>\n<meta property=\"og:description\" content=\"Gluc\u00f3metros Prodigy dise\u00f1ados para ayudarlo a usted y a los profesionales de la salud m\u00e9dica a monitorear el nivel de glucosa en sangre.\" \/>\n<meta property=\"og:url\" content=\"https:\/\/armonianaturaldietshop.com\/product\/glucometros-prodigy-auto-code-sistema-para-monitoreo-del-azucar-en-la-sangre\/\" \/>\n<meta property=\"og:site_name\" content=\"Armonia Natural Diet Shop\" \/>\n<meta property=\"article:publisher\" content=\"https:\/\/www.facebook.com\/ArmoniaNaturalDietShop\/\" \/>\n<meta property=\"article:modified_time\" content=\"2024-06-12T22:12:22+00:00\" \/>\n<meta name=\"twitter:card\" content=\"summary_large_image\" \/>\n<meta name=\"twitter:image\" content=\"https:\/\/armonianaturaldietshop.com\/wp-content\/uploads\/2018\/01\/Glucometro-prodigy.webp\" \/>\n<meta name=\"twitter:label1\" content=\"Est. reading time\" \/>\n\t<meta name=\"twitter:data1\" content=\"1 minute\" \/>\n<script type=\"application\/ld+json\" class=\"yoast-schema-graph\">{\"@context\":\"https:\/\/schema.org\",\"@graph\":[{\"@type\":\"Organization\",\"@id\":\"https:\/\/armonianaturaldietshop.com\/#organization\",\"name\":\"Armonia Natural Diet Shop\",\"url\":\"https:\/\/armonianaturaldietshop.com\/\",\"sameAs\":[\"https:\/\/www.facebook.com\/ArmoniaNaturalDietShop\/\",\"https:\/\/www.instagram.com\/armonia.natural\/?hl=en\"],\"logo\":{\"@type\":\"ImageObject\",\"@id\":\"https:\/\/armonianaturaldietshop.com\/#logo\",\"inLanguage\":\"en-US\",\"url\":\"https:\/\/armonianaturaldietshop.com\/wp-content\/uploads\/2018\/01\/top-banner-1.png\",\"contentUrl\":\"https:\/\/armonianaturaldietshop.com\/wp-content\/uploads\/2018\/01\/top-banner-1.png\",\"width\":369,\"height\":116,\"caption\":\"Armonia Natural Diet Shop\"},\"image\":{\"@id\":\"https:\/\/armonianaturaldietshop.com\/#logo\"}},{\"@type\":\"WebSite\",\"@id\":\"https:\/\/armonianaturaldietshop.com\/#website\",\"url\":\"https:\/\/armonianaturaldietshop.com\/\",\"name\":\"Armonia Natural Diet Shop\",\"description\":\"Otro sitio realizado con WordPress\",\"publisher\":{\"@id\":\"https:\/\/armonianaturaldietshop.com\/#organization\"},\"potentialAction\":[{\"@type\":\"SearchAction\",\"target\":{\"@type\":\"EntryPoint\",\"urlTemplate\":\"https:\/\/armonianaturaldietshop.com\/?s={search_term_string}\"},\"query-input\":\"required name=search_term_string\"}],\"inLanguage\":\"en-US\"},{\"@type\":\"ImageObject\",\"@id\":\"https:\/\/armonianaturaldietshop.com\/product\/glucometros-prodigy-auto-code-sistema-para-monitoreo-del-azucar-en-la-sangre\/#primaryimage\",\"inLanguage\":\"en-US\",\"url\":\"https:\/\/armonianaturaldietshop.com\/wp-content\/uploads\/2018\/01\/Glucometro-prodigy.webp\",\"contentUrl\":\"https:\/\/armonianaturaldietshop.com\/wp-content\/uploads\/2018\/01\/Glucometro-prodigy.webp\",\"width\":800,\"height\":800,\"caption\":\"Glucometro-prodigy\"},{\"@type\":\"WebPage\",\"@id\":\"https:\/\/armonianaturaldietshop.com\/product\/glucometros-prodigy-auto-code-sistema-para-monitoreo-del-azucar-en-la-sangre\/#webpage\",\"url\":\"https:\/\/armonianaturaldietshop.com\/product\/glucometros-prodigy-auto-code-sistema-para-monitoreo-del-azucar-en-la-sangre\/\",\"name\":\"Gluc\u00f3metros Prodigy - Armonia Natural Diet Shop\",\"isPartOf\":{\"@id\":\"https:\/\/armonianaturaldietshop.com\/#website\"},\"primaryImageOfPage\":{\"@id\":\"https:\/\/armonianaturaldietshop.com\/product\/glucometros-prodigy-auto-code-sistema-para-monitoreo-del-azucar-en-la-sangre\/#primaryimage\"},\"datePublished\":\"2018-01-28T21:42:52+00:00\",\"dateModified\":\"2024-06-12T22:12:22+00:00\",\"description\":\"Gluc\u00f3metros Prodigy dise\u00f1ados para ayudarlo a usted y a los profesionales de la salud m\u00e9dica a monitorear el nivel de glucosa en sangre.\",\"breadcrumb\":{\"@id\":\"https:\/\/armonianaturaldietshop.com\/product\/glucometros-prodigy-auto-code-sistema-para-monitoreo-del-azucar-en-la-sangre\/#breadcrumb\"},\"inLanguage\":\"en-US\",\"potentialAction\":[{\"@type\":\"ReadAction\",\"target\":[\"https:\/\/armonianaturaldietshop.com\/product\/glucometros-prodigy-auto-code-sistema-para-monitoreo-del-azucar-en-la-sangre\/\"]}]},{\"@type\":\"BreadcrumbList\",\"@id\":\"https:\/\/armonianaturaldietshop.com\/product\/glucometros-prodigy-auto-code-sistema-para-monitoreo-del-azucar-en-la-sangre\/#breadcrumb\",\"itemListElement\":[{\"@type\":\"ListItem\",\"position\":1,\"name\":\"Home\",\"item\":\"https:\/\/armonianaturaldietshop.com\/en\/\"},{\"@type\":\"ListItem\",\"position\":2,\"name\":\"Shop\",\"item\":\"https:\/\/armonianaturaldietshop.com\/en\/shop\/\"},{\"@type\":\"ListItem\",\"position\":3,\"name\":\"Gluc\u00f3metros Prodigy\"}]}]}<\/script>\n<!-- \/ Yoast SEO plugin. -->","yoast_head_json":{"title":"Gluc\u00f3metros Prodigy - Armonia Natural Diet Shop","description":"Gluc\u00f3metros Prodigy dise\u00f1ados para ayudarlo a usted y a los profesionales de la salud m\u00e9dica a monitorear el nivel de glucosa en sangre.","robots":{"index":"index","follow":"follow","max-snippet":"max-snippet:-1","max-image-preview":"max-image-preview:large","max-video-preview":"max-video-preview:-1"},"canonical":"https:\/\/armonianaturaldietshop.com\/product\/glucometros-prodigy-auto-code-sistema-para-monitoreo-del-azucar-en-la-sangre\/","og_locale":"en_US","og_type":"article","og_title":"Gluc\u00f3metros Prodigy - Armonia Natural Diet Shop","og_description":"Gluc\u00f3metros Prodigy dise\u00f1ados para ayudarlo a usted y a los profesionales de la salud m\u00e9dica a monitorear el nivel de glucosa en sangre.","og_url":"https:\/\/armonianaturaldietshop.com\/product\/glucometros-prodigy-auto-code-sistema-para-monitoreo-del-azucar-en-la-sangre\/","og_site_name":"Armonia Natural Diet Shop","article_publisher":"https:\/\/www.facebook.com\/ArmoniaNaturalDietShop\/","article_modified_time":"2024-06-12T22:12:22+00:00","twitter_card":"summary_large_image","twitter_image":"https:\/\/armonianaturaldietshop.com\/wp-content\/uploads\/2018\/01\/Glucometro-prodigy.webp","twitter_misc":{"Est. reading time":"1 minute"},"schema":{"@context":"https:\/\/schema.org","@graph":[{"@type":"Organization","@id":"https:\/\/armonianaturaldietshop.com\/#organization","name":"Armonia Natural Diet Shop","url":"https:\/\/armonianaturaldietshop.com\/","sameAs":["https:\/\/www.facebook.com\/ArmoniaNaturalDietShop\/","https:\/\/www.instagram.com\/armonia.natural\/?hl=en"],"logo":{"@type":"ImageObject","@id":"https:\/\/armonianaturaldietshop.com\/#logo","inLanguage":"en-US","url":"https:\/\/armonianaturaldietshop.com\/wp-content\/uploads\/2018\/01\/top-banner-1.png","contentUrl":"https:\/\/armonianaturaldietshop.com\/wp-content\/uploads\/2018\/01\/top-banner-1.png","width":369,"height":116,"caption":"Armonia Natural Diet Shop"},"image":{"@id":"https:\/\/armonianaturaldietshop.com\/#logo"}},{"@type":"WebSite","@id":"https:\/\/armonianaturaldietshop.com\/#website","url":"https:\/\/armonianaturaldietshop.com\/","name":"Armonia Natural Diet Shop","description":"Otro sitio realizado con WordPress","publisher":{"@id":"https:\/\/armonianaturaldietshop.com\/#organization"},"potentialAction":[{"@type":"SearchAction","target":{"@type":"EntryPoint","urlTemplate":"https:\/\/armonianaturaldietshop.com\/?s={search_term_string}"},"query-input":"required name=search_term_string"}],"inLanguage":"en-US"},{"@type":"ImageObject","@id":"https:\/\/armonianaturaldietshop.com\/product\/glucometros-prodigy-auto-code-sistema-para-monitoreo-del-azucar-en-la-sangre\/#primaryimage","inLanguage":"en-US","url":"https:\/\/armonianaturaldietshop.com\/wp-content\/uploads\/2018\/01\/Glucometro-prodigy.webp","contentUrl":"https:\/\/armonianaturaldietshop.com\/wp-content\/uploads\/2018\/01\/Glucometro-prodigy.webp","width":800,"height":800,"caption":"Glucometro-prodigy"},{"@type":"WebPage","@id":"https:\/\/armonianaturaldietshop.com\/product\/glucometros-prodigy-auto-code-sistema-para-monitoreo-del-azucar-en-la-sangre\/#webpage","url":"https:\/\/armonianaturaldietshop.com\/product\/glucometros-prodigy-auto-code-sistema-para-monitoreo-del-azucar-en-la-sangre\/","name":"Gluc\u00f3metros Prodigy - Armonia Natural Diet Shop","isPartOf":{"@id":"https:\/\/armonianaturaldietshop.com\/#website"},"primaryImageOfPage":{"@id":"https:\/\/armonianaturaldietshop.com\/product\/glucometros-prodigy-auto-code-sistema-para-monitoreo-del-azucar-en-la-sangre\/#primaryimage"},"datePublished":"2018-01-28T21:42:52+00:00","dateModified":"2024-06-12T22:12:22+00:00","description":"Gluc\u00f3metros Prodigy dise\u00f1ados para ayudarlo a usted y a los profesionales de la salud m\u00e9dica a monitorear el nivel de glucosa en sangre.","breadcrumb":{"@id":"https:\/\/armonianaturaldietshop.com\/product\/glucometros-prodigy-auto-code-sistema-para-monitoreo-del-azucar-en-la-sangre\/#breadcrumb"},"inLanguage":"en-US","potentialAction":[{"@type":"ReadAction","target":["https:\/\/armonianaturaldietshop.com\/product\/glucometros-prodigy-auto-code-sistema-para-monitoreo-del-azucar-en-la-sangre\/"]}]},{"@type":"BreadcrumbList","@id":"https:\/\/armonianaturaldietshop.com\/product\/glucometros-prodigy-auto-code-sistema-para-monitoreo-del-azucar-en-la-sangre\/#breadcrumb","itemListElement":[{"@type":"ListItem","position":1,"name":"Home","item":"https:\/\/armonianaturaldietshop.com\/en\/"},{"@type":"ListItem","position":2,"name":"Shop","item":"https:\/\/armonianaturaldietshop.com\/en\/shop\/"},{"@type":"ListItem","position":3,"name":"Gluc\u00f3metros Prodigy"}]}]}},"_links":{"self":[{"href":"https:\/\/armonianaturaldietshop.com\/en\/wp-json\/wp\/v2\/product\/1811"}],"collection":[{"href":"https:\/\/armonianaturaldietshop.com\/en\/wp-json\/wp\/v2\/product"}],"about":[{"href":"https:\/\/armonianaturaldietshop.com\/en\/wp-json\/wp\/v2\/types\/product"}],"replies":[{"embeddable":true,"href":"https:\/\/armonianaturaldietshop.com\/en\/wp-json\/wp\/v2\/comments?post=1811"}],"wp:featuredmedia":[{"embeddable":true,"href":"https:\/\/armonianaturaldietshop.com\/en\/wp-json\/wp\/v2\/media\/8703"}],"wp:attachment":[{"href":"https:\/\/armonianaturaldietshop.com\/en\/wp-json\/wp\/v2\/media?parent=1811"}],"wp:term":[{"taxonomy":"product_cat","embeddable":true,"href":"https:\/\/armonianaturaldietshop.com\/en\/wp-json\/wp\/v2\/product_cat?post=1811"},{"taxonomy":"product_tag","embeddable":true,"href":"https:\/\/armonianaturaldietshop.com\/en\/wp-json\/wp\/v2\/product_tag?post=1811"}],"curies":[{"name":"wp","href":"https:\/\/api.w.org\/{rel}","templated":true}]}}