{"id":1812,"date":"2018-01-28T21:42:51","date_gmt":"2018-01-28T21:42:51","guid":{"rendered":"http:\/\/armonianaturaldietshop.com\/product\/ghr-15-efervescente\/"},"modified":"2021-08-05T14:05:30","modified_gmt":"2021-08-05T14:05:30","slug":"ghr-15-efervescente","status":"publish","type":"product","link":"https:\/\/armonianaturaldietshop.com\/en\/product\/ghr-15-efervescente\/","title":{"rendered":"GHR-15 EFERVESCENTE"},"content":{"rendered":"<p><span style=\"color: #666666; font-family: 'Proxima Nova', -apple-system, 'Helvetica Neue', Helvetica, Roboto, Arial, sans-serif; font-size: 24px; float: none; background-color: transparent;\"><span style=\"color: #000000; font-size: 18pt;\">GHR-15 EFERVESCENTE Es una mezcla de ingredientes naturales que estimulan la fabricaci\u00f3n de las sustancias necesarias para la reparaci\u00f3n de las articulaciones, reconstruyendo el cart\u00edlago y mejorando su funcionamiento. Contiene adem\u00e1s minerales esenciales para alcanzar una buena remineralizaci\u00f3n de los huesos.<\/span><\/span><\/p>\n<p>&nbsp;<\/p>\n<p>&nbsp;<\/p>\n<p>&nbsp;<\/p>\n<p>&nbsp;<\/p>\n<p><span lang=\"es\" style=\"margin: 0px; padding: 0px; border: 0px #212121; width: auto; color: #000000; line-height: 24px; overflow: visible; font-family: arial, sans-serif; font-size: 18pt; background-color: transparent;\">Si\u00e9ntete mejor y ponte en movimiento con GHR-15 EFERVESCENTE de acci\u00f3n r\u00e1pida. GHR-15 EFERVESCENTE tiene ingredientes cl\u00ednicamente comprobados para la salud de las articulaciones, incluyendo los dolores articulares y musculares. Este producto tiene una formula cl\u00ednicamente comprobada que ayuda a mejorar la comodidad, rigidez y funci\u00f3n de las articulaciones. Funciona al dirigirse a las v\u00edas relacionadas con la respuesta antinflamatoria natural de su cuerpo. <\/span><\/p>\n<p>&nbsp;<\/p>\n<p><span style=\"font-family: 'Proxima Nova', -apple-system, 'Helvetica Neue', Helvetica, Roboto, Arial, sans-serif; font-size: 24px; background-color: transparent;\"><strong><span lang=\"es\" style=\"margin: 0px; padding: 0px; border: 0px #212121; width: auto; line-height: 24px; overflow: visible; font-family: arial, sans-serif; font-size: 18pt; background-color: transparent;\"><span style=\"font-family: 'Proxima Nova', -apple-system, 'Helvetica Neue', Helvetica, Roboto, Arial, sans-serif;\">Ingredientes: <\/span><\/span><\/strong><span lang=\"es\" style=\"margin: 0px; padding: 0px; border: 0px #212121; width: auto; line-height: 24px; overflow: visible; font-family: arial, sans-serif; font-size: 18pt; background-color: transparent;\"><span style=\"font-family: 'Proxima Nova', -apple-system, 'Helvetica Neue', Helvetica, Roboto, Arial, sans-serif;\">Col\u00e1geno hidrolizado, Metil Sulfonil Metano (MSM), C\u00farcuma, Calcio, Magnesio, Zinc, Vitamina D3<\/span><\/span><span lang=\"es\" style=\"margin: 0px; padding: 0px; border: 0px #212121; width: auto; line-height: 24px; overflow: visible; font-family: arial, sans-serif; font-size: 18pt; background-color: transparent;\"><br style=\"color: #666666; font-family: 'Proxima Nova', -apple-system, 'Helvetica Neue', Helvetica, Roboto, Arial, sans-serif;\" \/><span style=\"font-family: 'Proxima Nova', -apple-system, 'Helvetica Neue', Helvetica, Roboto, Arial, sans-serif;\">Posolog\u00eda: Tomar diariamente el contenido de un sobre (10 g) disuelto en un vaso de agua.<\/span><\/span><\/span><\/p>\n<p><span style=\"font-family: 'Proxima Nova', -apple-system, 'Helvetica Neue', Helvetica, Roboto, Arial, sans-serif; font-size: 24px; background-color: transparent;\"><span lang=\"es\" style=\"margin: 0px; padding: 0px; border: 0px #212121; width: auto; line-height: 24px; overflow: visible; font-family: arial, sans-serif; font-size: 18pt; background-color: transparent;\"><br style=\"color: #666666; font-family: 'Proxima Nova', -apple-system, 'Helvetica Neue', Helvetica, Roboto, Arial, sans-serif;\" \/><span style=\"font-family: 'Proxima Nova', -apple-system, 'Helvetica Neue', Helvetica, Roboto, Arial, sans-serif;\">Beneficios: * Remineralizante * Condroprotector * Antiinflamatorio<\/span><br style=\"color: #666666; font-family: 'Proxima Nova', -apple-system, 'Helvetica Neue', Helvetica, Roboto, Arial, sans-serif;\" \/><br style=\"color: #666666; font-family: 'Proxima Nova', -apple-system, 'Helvetica Neue', Helvetica, Roboto, Arial, sans-serif;\" \/><span style=\"font-family: 'Proxima Nova', -apple-system, 'Helvetica Neue', Helvetica, Roboto, Arial, sans-serif;\">Contiene:<\/span><br style=\"color: #666666; font-family: 'Proxima Nova', -apple-system, 'Helvetica Neue', Helvetica, Roboto, Arial, sans-serif;\" \/><span style=\"font-family: 'Proxima Nova', -apple-system, 'Helvetica Neue', Helvetica, Roboto, Arial, sans-serif;\">25 Sobres caja<\/span><br style=\"color: #666666; font-family: 'Proxima Nova', -apple-system, 'Helvetica Neue', Helvetica, Roboto, Arial, sans-serif;\" \/><br style=\"color: #666666; font-family: 'Proxima Nova', -apple-system, 'Helvetica Neue', Helvetica, Roboto, Arial, sans-serif;\" \/><span style=\"font-family: 'Proxima Nova', -apple-system, 'Helvetica Neue', Helvetica, Roboto, Arial, sans-serif;\">Dosis:<\/span><br style=\"color: #666666; font-family: 'Proxima Nova', -apple-system, 'Helvetica Neue', Helvetica, Roboto, Arial, sans-serif;\" \/><span style=\"font-family: 'Proxima Nova', -apple-system, 'Helvetica Neue', Helvetica, Roboto, Arial, sans-serif;\">Tomar de Lunes a Sabado 1 sobre diario mezclado con agua o jugo.<\/span><\/span><\/span><\/p>\n","protected":false},"excerpt":{"rendered":"<p>Es una mezcla de ingredientes naturales que estimulan la fabricaci\u00f3n de las sustancias necesarias para la reparaci\u00f3n de las articulaciones, reconstruyendo el cart\u00edlago y mejorando su funcionamiento. Contiene adem\u00e1s minerales esenciales para alcanzar una buena remineralizaci\u00f3n de los huesos.<\/p>\n","protected":false},"featured_media":6458,"comment_status":"open","ping_status":"closed","template":"","meta":[],"product_cat":[47],"product_tag":[],"acf":[],"yoast_head":"<!-- This site is optimized with the Yoast SEO plugin v18.5.1 - https:\/\/yoast.com\/wordpress\/plugins\/seo\/ -->\n<title>GHR-15 EFERVESCENTE - Armonia Natural Diet Shop<\/title>\n<meta name=\"description\" content=\"GHR-15 EFERVESCENTE Es una mezcla de ingredientes naturales que estimulan la fabricaci\u00f3n de las sustancias necesarias para la reparaci\u00f3n de las articulaciones.\" \/>\n<meta name=\"robots\" content=\"index, follow, max-snippet:-1, max-image-preview:large, max-video-preview:-1\" \/>\n<link rel=\"canonical\" href=\"https:\/\/armonianaturaldietshop.com\/product\/ghr15-efervescente\/\" \/>\n<meta property=\"og:locale\" content=\"en_US\" \/>\n<meta property=\"og:type\" content=\"article\" \/>\n<meta property=\"og:title\" content=\"GHR-15 EFERVESCENTE - Armonia Natural Diet Shop\" \/>\n<meta property=\"og:description\" content=\"GHR-15 EFERVESCENTE Es una mezcla de ingredientes naturales que estimulan la fabricaci\u00f3n de las sustancias necesarias para la reparaci\u00f3n de las articulaciones.\" \/>\n<meta property=\"og:url\" content=\"https:\/\/armonianaturaldietshop.com\/product\/ghr15-efervescente\/\" \/>\n<meta property=\"og:site_name\" content=\"Armonia Natural Diet Shop\" \/>\n<meta property=\"article:publisher\" content=\"https:\/\/www.facebook.com\/ArmoniaNaturalDietShop\/\" \/>\n<meta property=\"article:modified_time\" content=\"2021-08-05T14:05:30+00:00\" \/>\n<meta property=\"og:image\" content=\"https:\/\/armonianaturaldietshop.com\/wp-content\/uploads\/2018\/01\/GHR15SOLO-png-1.png\" \/>\n\t<meta property=\"og:image:width\" content=\"493\" \/>\n\t<meta property=\"og:image:height\" content=\"353\" \/>\n\t<meta property=\"og:image:type\" content=\"image\/png\" \/>\n<meta name=\"twitter:card\" content=\"summary_large_image\" \/>\n<meta name=\"twitter:label1\" content=\"Est. reading time\" \/>\n\t<meta name=\"twitter:data1\" content=\"1 minute\" \/>\n<script type=\"application\/ld+json\" class=\"yoast-schema-graph\">{\"@context\":\"https:\/\/schema.org\",\"@graph\":[{\"@type\":\"Organization\",\"@id\":\"https:\/\/armonianaturaldietshop.com\/#organization\",\"name\":\"Armonia Natural Diet Shop\",\"url\":\"https:\/\/armonianaturaldietshop.com\/\",\"sameAs\":[\"https:\/\/www.facebook.com\/ArmoniaNaturalDietShop\/\",\"https:\/\/www.instagram.com\/armonia.natural\/?hl=en\"],\"logo\":{\"@type\":\"ImageObject\",\"@id\":\"https:\/\/armonianaturaldietshop.com\/#logo\",\"inLanguage\":\"en-US\",\"url\":\"https:\/\/armonianaturaldietshop.com\/wp-content\/uploads\/2018\/01\/top-banner-1.png\",\"contentUrl\":\"https:\/\/armonianaturaldietshop.com\/wp-content\/uploads\/2018\/01\/top-banner-1.png\",\"width\":369,\"height\":116,\"caption\":\"Armonia Natural Diet Shop\"},\"image\":{\"@id\":\"https:\/\/armonianaturaldietshop.com\/#logo\"}},{\"@type\":\"WebSite\",\"@id\":\"https:\/\/armonianaturaldietshop.com\/#website\",\"url\":\"https:\/\/armonianaturaldietshop.com\/\",\"name\":\"Armonia Natural Diet Shop\",\"description\":\"Otro sitio realizado con WordPress\",\"publisher\":{\"@id\":\"https:\/\/armonianaturaldietshop.com\/#organization\"},\"potentialAction\":[{\"@type\":\"SearchAction\",\"target\":{\"@type\":\"EntryPoint\",\"urlTemplate\":\"https:\/\/armonianaturaldietshop.com\/?s={search_term_string}\"},\"query-input\":\"required name=search_term_string\"}],\"inLanguage\":\"en-US\"},{\"@type\":\"ImageObject\",\"@id\":\"https:\/\/armonianaturaldietshop.com\/product\/ghr15-efervescente\/#primaryimage\",\"inLanguage\":\"en-US\",\"url\":\"https:\/\/armonianaturaldietshop.com\/wp-content\/uploads\/2018\/01\/GHR15SOLO-png-1.png\",\"contentUrl\":\"https:\/\/armonianaturaldietshop.com\/wp-content\/uploads\/2018\/01\/GHR15SOLO-png-1.png\",\"width\":493,\"height\":353,\"caption\":\"GHR-15 EFERVESCENTE\"},{\"@type\":\"WebPage\",\"@id\":\"https:\/\/armonianaturaldietshop.com\/product\/ghr15-efervescente\/#webpage\",\"url\":\"https:\/\/armonianaturaldietshop.com\/product\/ghr15-efervescente\/\",\"name\":\"GHR-15 EFERVESCENTE - Armonia Natural Diet Shop\",\"isPartOf\":{\"@id\":\"https:\/\/armonianaturaldietshop.com\/#website\"},\"primaryImageOfPage\":{\"@id\":\"https:\/\/armonianaturaldietshop.com\/product\/ghr15-efervescente\/#primaryimage\"},\"datePublished\":\"2018-01-28T21:42:51+00:00\",\"dateModified\":\"2021-08-05T14:05:30+00:00\",\"description\":\"GHR-15 EFERVESCENTE Es una mezcla de ingredientes naturales que estimulan la fabricaci\u00f3n de las sustancias necesarias para la reparaci\u00f3n de las articulaciones.\",\"breadcrumb\":{\"@id\":\"https:\/\/armonianaturaldietshop.com\/product\/ghr15-efervescente\/#breadcrumb\"},\"inLanguage\":\"en-US\",\"potentialAction\":[{\"@type\":\"ReadAction\",\"target\":[\"https:\/\/armonianaturaldietshop.com\/product\/ghr15-efervescente\/\"]}]},{\"@type\":\"BreadcrumbList\",\"@id\":\"https:\/\/armonianaturaldietshop.com\/product\/ghr15-efervescente\/#breadcrumb\",\"itemListElement\":[{\"@type\":\"ListItem\",\"position\":1,\"name\":\"Home\",\"item\":\"https:\/\/armonianaturaldietshop.com\/en\/\"},{\"@type\":\"ListItem\",\"position\":2,\"name\":\"Shop\",\"item\":\"https:\/\/armonianaturaldietshop.com\/en\/shop\/\"},{\"@type\":\"ListItem\",\"position\":3,\"name\":\"GHR-15 EFERVESCENTE\"}]}]}<\/script>\n<!-- \/ Yoast SEO plugin. -->","yoast_head_json":{"title":"GHR-15 EFERVESCENTE - Armonia Natural Diet Shop","description":"GHR-15 EFERVESCENTE Es una mezcla de ingredientes naturales que estimulan la fabricaci\u00f3n de las sustancias necesarias para la reparaci\u00f3n de las articulaciones.","robots":{"index":"index","follow":"follow","max-snippet":"max-snippet:-1","max-image-preview":"max-image-preview:large","max-video-preview":"max-video-preview:-1"},"canonical":"https:\/\/armonianaturaldietshop.com\/product\/ghr15-efervescente\/","og_locale":"en_US","og_type":"article","og_title":"GHR-15 EFERVESCENTE - Armonia Natural Diet Shop","og_description":"GHR-15 EFERVESCENTE Es una mezcla de ingredientes naturales que estimulan la fabricaci\u00f3n de las sustancias necesarias para la reparaci\u00f3n de las articulaciones.","og_url":"https:\/\/armonianaturaldietshop.com\/product\/ghr15-efervescente\/","og_site_name":"Armonia Natural Diet Shop","article_publisher":"https:\/\/www.facebook.com\/ArmoniaNaturalDietShop\/","article_modified_time":"2021-08-05T14:05:30+00:00","og_image":[{"width":493,"height":353,"url":"https:\/\/armonianaturaldietshop.com\/wp-content\/uploads\/2018\/01\/GHR15SOLO-png-1.png","type":"image\/png"}],"twitter_card":"summary_large_image","twitter_misc":{"Est. reading time":"1 minute"},"schema":{"@context":"https:\/\/schema.org","@graph":[{"@type":"Organization","@id":"https:\/\/armonianaturaldietshop.com\/#organization","name":"Armonia Natural Diet Shop","url":"https:\/\/armonianaturaldietshop.com\/","sameAs":["https:\/\/www.facebook.com\/ArmoniaNaturalDietShop\/","https:\/\/www.instagram.com\/armonia.natural\/?hl=en"],"logo":{"@type":"ImageObject","@id":"https:\/\/armonianaturaldietshop.com\/#logo","inLanguage":"en-US","url":"https:\/\/armonianaturaldietshop.com\/wp-content\/uploads\/2018\/01\/top-banner-1.png","contentUrl":"https:\/\/armonianaturaldietshop.com\/wp-content\/uploads\/2018\/01\/top-banner-1.png","width":369,"height":116,"caption":"Armonia Natural Diet Shop"},"image":{"@id":"https:\/\/armonianaturaldietshop.com\/#logo"}},{"@type":"WebSite","@id":"https:\/\/armonianaturaldietshop.com\/#website","url":"https:\/\/armonianaturaldietshop.com\/","name":"Armonia Natural Diet Shop","description":"Otro sitio realizado con WordPress","publisher":{"@id":"https:\/\/armonianaturaldietshop.com\/#organization"},"potentialAction":[{"@type":"SearchAction","target":{"@type":"EntryPoint","urlTemplate":"https:\/\/armonianaturaldietshop.com\/?s={search_term_string}"},"query-input":"required name=search_term_string"}],"inLanguage":"en-US"},{"@type":"ImageObject","@id":"https:\/\/armonianaturaldietshop.com\/product\/ghr15-efervescente\/#primaryimage","inLanguage":"en-US","url":"https:\/\/armonianaturaldietshop.com\/wp-content\/uploads\/2018\/01\/GHR15SOLO-png-1.png","contentUrl":"https:\/\/armonianaturaldietshop.com\/wp-content\/uploads\/2018\/01\/GHR15SOLO-png-1.png","width":493,"height":353,"caption":"GHR-15 EFERVESCENTE"},{"@type":"WebPage","@id":"https:\/\/armonianaturaldietshop.com\/product\/ghr15-efervescente\/#webpage","url":"https:\/\/armonianaturaldietshop.com\/product\/ghr15-efervescente\/","name":"GHR-15 EFERVESCENTE - Armonia Natural Diet Shop","isPartOf":{"@id":"https:\/\/armonianaturaldietshop.com\/#website"},"primaryImageOfPage":{"@id":"https:\/\/armonianaturaldietshop.com\/product\/ghr15-efervescente\/#primaryimage"},"datePublished":"2018-01-28T21:42:51+00:00","dateModified":"2021-08-05T14:05:30+00:00","description":"GHR-15 EFERVESCENTE Es una mezcla de ingredientes naturales que estimulan la fabricaci\u00f3n de las sustancias necesarias para la reparaci\u00f3n de las articulaciones.","breadcrumb":{"@id":"https:\/\/armonianaturaldietshop.com\/product\/ghr15-efervescente\/#breadcrumb"},"inLanguage":"en-US","potentialAction":[{"@type":"ReadAction","target":["https:\/\/armonianaturaldietshop.com\/product\/ghr15-efervescente\/"]}]},{"@type":"BreadcrumbList","@id":"https:\/\/armonianaturaldietshop.com\/product\/ghr15-efervescente\/#breadcrumb","itemListElement":[{"@type":"ListItem","position":1,"name":"Home","item":"https:\/\/armonianaturaldietshop.com\/en\/"},{"@type":"ListItem","position":2,"name":"Shop","item":"https:\/\/armonianaturaldietshop.com\/en\/shop\/"},{"@type":"ListItem","position":3,"name":"GHR-15 EFERVESCENTE"}]}]}},"_links":{"self":[{"href":"https:\/\/armonianaturaldietshop.com\/en\/wp-json\/wp\/v2\/product\/1812"}],"collection":[{"href":"https:\/\/armonianaturaldietshop.com\/en\/wp-json\/wp\/v2\/product"}],"about":[{"href":"https:\/\/armonianaturaldietshop.com\/en\/wp-json\/wp\/v2\/types\/product"}],"replies":[{"embeddable":true,"href":"https:\/\/armonianaturaldietshop.com\/en\/wp-json\/wp\/v2\/comments?post=1812"}],"wp:featuredmedia":[{"embeddable":true,"href":"https:\/\/armonianaturaldietshop.com\/en\/wp-json\/wp\/v2\/media\/6458"}],"wp:attachment":[{"href":"https:\/\/armonianaturaldietshop.com\/en\/wp-json\/wp\/v2\/media?parent=1812"}],"wp:term":[{"taxonomy":"product_cat","embeddable":true,"href":"https:\/\/armonianaturaldietshop.com\/en\/wp-json\/wp\/v2\/product_cat?post=1812"},{"taxonomy":"product_tag","embeddable":true,"href":"https:\/\/armonianaturaldietshop.com\/en\/wp-json\/wp\/v2\/product_tag?post=1812"}],"curies":[{"name":"wp","href":"https:\/\/api.w.org\/{rel}","templated":true}]}}