{"id":1817,"date":"2018-01-28T21:42:49","date_gmt":"2018-01-28T21:42:49","guid":{"rendered":"http:\/\/armonianaturaldietshop.com\/product\/garcinia-cambogia-extracto-1300mg-w-potasio-calcio-y-hca-60-perdida-de-peso-y-grasa-60-capsulas\/"},"modified":"2021-11-05T17:03:29","modified_gmt":"2021-11-05T17:03:29","slug":"garcinia-cambogia-extracto-1300mg-w-potasio-calcio-y-hca-60-perdida-de-peso-y-grasa-60-capsulas","status":"publish","type":"product","link":"https:\/\/armonianaturaldietshop.com\/en\/product\/garcinia-cambogia-extracto-1300mg-w-potasio-calcio-y-hca-60-perdida-de-peso-y-grasa-60-capsulas\/","title":{"rendered":"Garcinia Cambogia extracto 1300mg"},"content":{"rendered":"<div style=\"line-height: 22px;\"><span class=\"ecx\" style=\"line-height: normal; color: #008a17; font-size: medium;\">Garcinia Cambogia extracto 1300mg w \/ Potasio Calcio y HCA 60% p\u00e9rdida de peso y grasa 60 Capsulas x frasco<\/span><\/div>\n<div>\n<div dir=\"ltr\">\n<div>\n<div style=\"line-height: 22px; background-color: transparent; text-align: center; font-family: Times; font-size: medium;\">\n<div id=\"ecxirc_mimg\" style=\"line-height: 22px; width: 787px;\">\n<p>&nbsp;<\/p>\n<div style=\"text-align: -webkit-auto;\"><span style=\"font-family: 'Comic Sans MS'; font-size: xx-small;\"><span class=\"Apple-style-span\" style=\"line-height: 18px;\"><strong>\u00a0<\/strong><\/span><\/span><\/div>\n<\/div>\n<\/div>\n<div style=\"line-height: 21px;\"><span class=\"ecx\" style=\"line-height: normal; color: #008a17; font-size: medium;\">\u00a0<\/span><\/div>\n<div style=\"line-height: 21px; color: #000000;\"><span class=\"ecx\" style=\"line-height: normal; font-size: small;\">Este es el nuevo producto de la <a href=\"https:\/\/www.cdc.gov\/healthyweight\/spanish\/losingweight\/index.html\">p\u00e9rdida peso<\/a> en el mercado con resultados probados que lo respalde!\u00a0<\/span><\/div>\n<div style=\"line-height: 21px; color: #000000;\"><span class=\"ecx\" style=\"line-height: normal; font-size: small;\">\u00a0<\/span><\/div>\n<div style=\"line-height: 21px; color: #000000;\"><span class=\"ecx\" style=\"line-height: normal; font-size: small;\">\u00a0<\/span><\/div>\n<div style=\"line-height: 21px; color: #000000;\"><span class=\"ecx\" style=\"line-height: normal; font-size: small;\">Garcinia Cambogia extracto 1300mg\u00a0 Garcinia cambogia es una fruta peque\u00f1a, con forma de calabaza, a veces llamado tamarindo. Aunque originaria de Indonesia, que tambi\u00e9n se cultiva en la India, el sudeste de Asia, y \u00c1frica occidental y central. Durante mucho tiempo se ha utilizado para la p\u00e9rdida de peso y para controlar el hambre.<\/span><\/div>\n<div style=\"line-height: 21px; color: #000000;\"><span class=\"ecx\" style=\"line-height: normal; font-size: small;\">\u00a0<\/span><\/div>\n<div style=\"line-height: 21px; color: #000000;\"><span class=\"ecx\" style=\"line-height: normal; font-size: small;\">Garcinia Cambogia extracto 1300mg\u00a0 Esta planta dispone de uno de los<a href=\"https:\/\/armonianaturaldietshop.com\/product\/carb-block-ultra-bloqueador-de-carbohidratos\/\"> suplementos<\/a> a base de hierbas m\u00e1s barata en el mercado. El ingrediente de la c\u00e1scara de la fruta podr\u00eda acelerar sus esfuerzos para perder peso. El extracto natural se llama \u00e1cido hidroxic\u00edtrico (HCA), y los investigadores dicen que el HCA puede duplicar o triplicar la p\u00e9rdida de peso de una persona. El extracto de Garcinia cambogia HCA ayudas de suplementos en la p\u00e9rdida de peso haciendo dos cosas: que ayuda a bloquear la grasa y suprime el apetito.<\/span><\/div>\n<div style=\"line-height: 21px; color: #000000;\"><span class=\"ecx\" style=\"line-height: normal; font-size: small;\">\u00a0<\/span><\/div>\n<div style=\"line-height: 21px; color: #000000;\"><span class=\"ecx\" style=\"line-height: normal; font-size: small;\">HCA bloquea la grasa inhibiendo una enzima clave que su cuerpo necesita para producir la grasa de los carbohidratos: citrato liasa. Por lo general, los hidratos de carbono o az\u00facares que no se usan inmediatamente o almacenadas en otras formas se convierten en grasas. Cuando HCA inhibe la citrato liasa, se detiene el proceso de toma de grasa y la producci\u00f3n de colesterol LDL (colesterol malo) y los triglic\u00e9ridos disminuyen. HCA tambi\u00e9n suprime el apetito mediante el aumento de los niveles de serotonina. La serotonina es un neurotransmisor en el cerebro que te hace sentir bien. Al aumentar los niveles de serotonina, HCA mejora el humor y suprime el impulso de reaccionar a las situaciones estresantes con los alimentos. Como usted come menos, su cuerpo detecta esto y libera la grasa almacenada en las c\u00e9lulas de grasa. Esta planta milagrosa es aclamado en la televisi\u00f3n nacional como el santo grial de los productos para bajar de peso.<\/span><\/div>\n<div style=\"line-height: 21px; color: #000000;\"><span class=\"ecx\" style=\"line-height: normal; font-size: small;\">\u00a0<\/span><\/div>\n<div style=\"line-height: 21px; color: #000000;\">\n<div style=\"line-height: 21px;\"><span class=\"ecx\" style=\"line-height: normal; font-size: small;\">Caracter\u00edsticas<\/span><\/div>\n<div style=\"line-height: 21px;\"><span class=\"ecx\" style=\"line-height: normal; font-size: small;\">\u00a0<\/span><\/div>\n<div style=\"line-height: 21px;\"><span class=\"ecx\" style=\"line-height: normal; font-size: small;\">* Le ayudar\u00e1 a quemar grasa<\/span><\/div>\n<div style=\"line-height: 21px;\"><span class=\"ecx\" style=\"line-height: normal; font-size: small;\">\u00a0<\/span><\/div>\n<div style=\"line-height: 21px;\"><span class=\"ecx\" style=\"line-height: normal; font-size: small;\">* Bloquear\u00e1 CARBOHIDRATOS<\/span><\/div>\n<div style=\"line-height: 21px;\"><span class=\"ecx\" style=\"line-height: normal; font-size: small;\">\u00a0<\/span><\/div>\n<div style=\"line-height: 21px;\"><span class=\"ecx\" style=\"line-height: normal; font-size: small;\">* Esto le ayudar\u00e1 a controlar el apetito<\/span><\/div>\n<div style=\"line-height: 21px;\"><span class=\"ecx\" style=\"line-height: normal; font-size: small;\">\u00a0<\/span><\/div>\n<div style=\"line-height: 21px;\"><span class=\"ecx\" style=\"line-height: normal; font-size: small;\">* Aumentar su capacidad del cuerpo para quemar calor\u00edas.<\/span><\/div>\n<div style=\"line-height: 21px;\"><span class=\"ecx\" style=\"line-height: normal; font-size: small;\">\u00a0<\/span><\/div>\n<div style=\"line-height: 21px;\"><span class=\"ecx\" style=\"line-height: normal; font-size: small;\">* Acelerar el metabolismo.<\/span><\/div>\n<div style=\"line-height: 21px;\"><\/div>\n<div style=\"line-height: 21px;\">\n<p>&nbsp;<\/p>\n<p style=\"font-size: 12px; vertical-align: baseline; line-height: 1.33em; padding: 0px 3px 0px 3px; margin: 0px 0px 13px 0px; border: 0px initial initial;\"><span style=\"font-size: 18px; vertical-align: baseline; padding: 0px; margin: 0px; border: 0px initial initial;\"><strong style=\"font-size: 18px; vertical-align: baseline; padding: 0px; margin: 0px; border: 0px initial initial;\">\u00bfC\u00f3mo se toma la Garcinia Cambogia 1300mg?<\/strong><\/span><\/p>\n<p>&nbsp;<\/p>\n<p style=\"font-size: 12px; vertical-align: baseline; line-height: 1.33em; padding: 0px 3px 0px 3px; margin: 0px 0px 13px 0px; border: 0px initial initial;\"><span style=\"font-size: 16px; vertical-align: baseline; padding: 0px; margin: 0px; border: 0px initial initial;\">La dosis recomendada es de 1 Capsula antes del Desayuno y 1 antes del Almuerzo .<\/span><\/p>\n<p style=\"font-size: 12px; vertical-align: baseline; line-height: 1.33em; padding: 0px 3px 0px 3px; margin: 0px 0px 13px 0px; border: 0px initial initial;\"><strong><span style=\"font-size: 16px; vertical-align: baseline; padding: 0px; margin: 0px; border: 0px initial initial;\">Importado por Armonia Natural Diet Shop<br \/>\nLabotatorio M\u00e4ritzMayer\u00a0<\/span><\/strong><\/p>\n<p style=\"font-size: 12px; vertical-align: baseline; line-height: 1.33em; padding: 0px 3px 0px 3px; margin: 0px 0px 13px 0px; border: 0px initial initial;\"><span style=\"background-color: #ffffff;\"><strong><span style=\"font-size: 16px; vertical-align: baseline; padding: 0px; margin: 0px; border: 0px initial initial;\"><br \/>\n<span style=\"color: #339966;\">Ingredientes: Garcinia Cambogia (c\u00e1scara de la fruta) extracto (con un 60% HCA) 1000 mg, potasio 50 mg, cromo 200 mcg, calcio 50 mg (porci\u00f3n tama\u00f1o 2 c\u00e1psulas).<\/span><br \/>\n<span style=\"color: #339966;\"><br \/>\n<\/span><\/span><\/strong><\/span><\/p>\n<p>&nbsp;<\/p>\n<div><span style=\"font-size: 16px; vertical-align: baseline; color: #339966; background-color: #ffffff; padding: 0px; margin: 0px; border: 0px initial initial;\">\u00a0<\/span><\/div>\n<\/div>\n<div><span class=\"ecx\" style=\"line-height: normal; font-size: small;\">\u00a0<\/span><\/div>\n<\/div>\n<\/div>\n<\/div>\n<\/div>\n","protected":false},"excerpt":{"rendered":"<p>\u00bfCu\u00e1les son los beneficios de la Garcinia Cambogia 1300mg?<\/p>\n<p>La comunidad de investigaci\u00f3n cient\u00edfica ha demostrado Garcinia cambogia tiene muchos beneficios de salud, incluyendo:<\/p>\n<p>Funciona como un supresor del apetito.<br \/>\nAyuda a bloquear la producci\u00f3n de grasa.<br \/>\nEstimula los niveles de serotonina, mejorando as\u00ed el estado de \u00e1nimo y el sue\u00f1o.<br \/>\nEl aumento de niveles de serotonina tambi\u00e9n ayuda a controlar las ansias de comer.<br \/>\nPromueve niveles saludables de cortisol, que ayuda a prevenir la formaci\u00f3n de grasa del vientre.<\/p>\n","protected":false},"featured_media":1223,"comment_status":"open","ping_status":"closed","template":"","meta":[],"product_cat":[49,47,31,29],"product_tag":[],"acf":[],"yoast_head":"<!-- This site is optimized with the Yoast SEO plugin v18.5.1 - https:\/\/yoast.com\/wordpress\/plugins\/seo\/ -->\n<title>Garcinia Cambogia extracto 1300mg - Armonia Natural Diet Shop<\/title>\n<meta name=\"description\" content=\"Garcinia Cambogia extracto 1300mg Este es el nuevo producto para la p\u00e9rdida peso en el mercado con resultados probados que lo respaldan.\" \/>\n<meta name=\"robots\" content=\"index, follow, max-snippet:-1, max-image-preview:large, max-video-preview:-1\" \/>\n<link rel=\"canonical\" href=\"https:\/\/armonianaturaldietshop.com\/en\/product\/garcinia-cambogia-extracto-1300mg-w-potasio-calcio-y-hca-60-perdida-de-peso-y-grasa-60-capsulas\/\" \/>\n<meta property=\"og:locale\" content=\"en_US\" \/>\n<meta property=\"og:type\" content=\"article\" \/>\n<meta property=\"og:title\" content=\"Garcinia Cambogia extracto 1300mg - Armonia Natural Diet Shop\" \/>\n<meta property=\"og:description\" content=\"Garcinia Cambogia extracto 1300mg Este es el nuevo producto para la p\u00e9rdida peso en el mercado con resultados probados que lo respaldan.\" \/>\n<meta property=\"og:url\" content=\"https:\/\/armonianaturaldietshop.com\/en\/product\/garcinia-cambogia-extracto-1300mg-w-potasio-calcio-y-hca-60-perdida-de-peso-y-grasa-60-capsulas\/\" \/>\n<meta property=\"og:site_name\" content=\"Armonia Natural Diet Shop\" \/>\n<meta property=\"article:publisher\" content=\"https:\/\/www.facebook.com\/ArmoniaNaturalDietShop\/\" \/>\n<meta property=\"article:modified_time\" content=\"2021-11-05T17:03:29+00:00\" \/>\n<meta property=\"og:image\" content=\"https:\/\/armonianaturaldietshop.com\/wp-content\/uploads\/2018\/02\/garcinia-cambogia-extracto-1300mg-w-potasio-calcio-y-hca-60-perdida-de-peso-y-grasa-60-capsulas_289.jpg\" \/>\n\t<meta property=\"og:image:width\" content=\"300\" \/>\n\t<meta property=\"og:image:height\" content=\"320\" \/>\n\t<meta property=\"og:image:type\" content=\"image\/jpeg\" \/>\n<meta name=\"twitter:card\" content=\"summary_large_image\" \/>\n<meta name=\"twitter:label1\" content=\"Est. reading time\" \/>\n\t<meta name=\"twitter:data1\" content=\"2 minutes\" \/>\n<script type=\"application\/ld+json\" class=\"yoast-schema-graph\">{\"@context\":\"https:\/\/schema.org\",\"@graph\":[{\"@type\":\"Organization\",\"@id\":\"https:\/\/armonianaturaldietshop.com\/#organization\",\"name\":\"Armonia Natural Diet Shop\",\"url\":\"https:\/\/armonianaturaldietshop.com\/\",\"sameAs\":[\"https:\/\/www.facebook.com\/ArmoniaNaturalDietShop\/\",\"https:\/\/www.instagram.com\/armonia.natural\/?hl=en\"],\"logo\":{\"@type\":\"ImageObject\",\"@id\":\"https:\/\/armonianaturaldietshop.com\/#logo\",\"inLanguage\":\"en-US\",\"url\":\"https:\/\/armonianaturaldietshop.com\/wp-content\/uploads\/2018\/01\/top-banner-1.png\",\"contentUrl\":\"https:\/\/armonianaturaldietshop.com\/wp-content\/uploads\/2018\/01\/top-banner-1.png\",\"width\":369,\"height\":116,\"caption\":\"Armonia Natural Diet Shop\"},\"image\":{\"@id\":\"https:\/\/armonianaturaldietshop.com\/#logo\"}},{\"@type\":\"WebSite\",\"@id\":\"https:\/\/armonianaturaldietshop.com\/#website\",\"url\":\"https:\/\/armonianaturaldietshop.com\/\",\"name\":\"Armonia Natural Diet Shop\",\"description\":\"Otro sitio realizado con WordPress\",\"publisher\":{\"@id\":\"https:\/\/armonianaturaldietshop.com\/#organization\"},\"potentialAction\":[{\"@type\":\"SearchAction\",\"target\":{\"@type\":\"EntryPoint\",\"urlTemplate\":\"https:\/\/armonianaturaldietshop.com\/?s={search_term_string}\"},\"query-input\":\"required name=search_term_string\"}],\"inLanguage\":\"en-US\"},{\"@type\":\"ImageObject\",\"@id\":\"https:\/\/armonianaturaldietshop.com\/en\/product\/garcinia-cambogia-extracto-1300mg-w-potasio-calcio-y-hca-60-perdida-de-peso-y-grasa-60-capsulas\/#primaryimage\",\"inLanguage\":\"en-US\",\"url\":\"https:\/\/armonianaturaldietshop.com\/wp-content\/uploads\/2018\/02\/garcinia-cambogia-extracto-1300mg-w-potasio-calcio-y-hca-60-perdida-de-peso-y-grasa-60-capsulas_289.jpg\",\"contentUrl\":\"https:\/\/armonianaturaldietshop.com\/wp-content\/uploads\/2018\/02\/garcinia-cambogia-extracto-1300mg-w-potasio-calcio-y-hca-60-perdida-de-peso-y-grasa-60-capsulas_289.jpg\",\"width\":300,\"height\":320,\"caption\":\"Garcinia Cambogia extracto 1300mg\"},{\"@type\":\"WebPage\",\"@id\":\"https:\/\/armonianaturaldietshop.com\/en\/product\/garcinia-cambogia-extracto-1300mg-w-potasio-calcio-y-hca-60-perdida-de-peso-y-grasa-60-capsulas\/#webpage\",\"url\":\"https:\/\/armonianaturaldietshop.com\/en\/product\/garcinia-cambogia-extracto-1300mg-w-potasio-calcio-y-hca-60-perdida-de-peso-y-grasa-60-capsulas\/\",\"name\":\"Garcinia Cambogia extracto 1300mg - Armonia Natural Diet Shop\",\"isPartOf\":{\"@id\":\"https:\/\/armonianaturaldietshop.com\/#website\"},\"primaryImageOfPage\":{\"@id\":\"https:\/\/armonianaturaldietshop.com\/en\/product\/garcinia-cambogia-extracto-1300mg-w-potasio-calcio-y-hca-60-perdida-de-peso-y-grasa-60-capsulas\/#primaryimage\"},\"datePublished\":\"2018-01-28T21:42:49+00:00\",\"dateModified\":\"2021-11-05T17:03:29+00:00\",\"description\":\"Garcinia Cambogia extracto 1300mg Este es el nuevo producto para la p\u00e9rdida peso en el mercado con resultados probados que lo respaldan.\",\"breadcrumb\":{\"@id\":\"https:\/\/armonianaturaldietshop.com\/en\/product\/garcinia-cambogia-extracto-1300mg-w-potasio-calcio-y-hca-60-perdida-de-peso-y-grasa-60-capsulas\/#breadcrumb\"},\"inLanguage\":\"en-US\",\"potentialAction\":[{\"@type\":\"ReadAction\",\"target\":[\"https:\/\/armonianaturaldietshop.com\/en\/product\/garcinia-cambogia-extracto-1300mg-w-potasio-calcio-y-hca-60-perdida-de-peso-y-grasa-60-capsulas\/\"]}]},{\"@type\":\"BreadcrumbList\",\"@id\":\"https:\/\/armonianaturaldietshop.com\/en\/product\/garcinia-cambogia-extracto-1300mg-w-potasio-calcio-y-hca-60-perdida-de-peso-y-grasa-60-capsulas\/#breadcrumb\",\"itemListElement\":[{\"@type\":\"ListItem\",\"position\":1,\"name\":\"Home\",\"item\":\"https:\/\/armonianaturaldietshop.com\/en\/\"},{\"@type\":\"ListItem\",\"position\":2,\"name\":\"Shop\",\"item\":\"https:\/\/armonianaturaldietshop.com\/en\/shop\/\"},{\"@type\":\"ListItem\",\"position\":3,\"name\":\"Garcinia Cambogia extracto 1300mg\"}]}]}<\/script>\n<!-- \/ Yoast SEO plugin. -->","yoast_head_json":{"title":"Garcinia Cambogia extracto 1300mg - Armonia Natural Diet Shop","description":"Garcinia Cambogia extracto 1300mg Este es el nuevo producto para la p\u00e9rdida peso en el mercado con resultados probados que lo respaldan.","robots":{"index":"index","follow":"follow","max-snippet":"max-snippet:-1","max-image-preview":"max-image-preview:large","max-video-preview":"max-video-preview:-1"},"canonical":"https:\/\/armonianaturaldietshop.com\/en\/product\/garcinia-cambogia-extracto-1300mg-w-potasio-calcio-y-hca-60-perdida-de-peso-y-grasa-60-capsulas\/","og_locale":"en_US","og_type":"article","og_title":"Garcinia Cambogia extracto 1300mg - Armonia Natural Diet Shop","og_description":"Garcinia Cambogia extracto 1300mg Este es el nuevo producto para la p\u00e9rdida peso en el mercado con resultados probados que lo respaldan.","og_url":"https:\/\/armonianaturaldietshop.com\/en\/product\/garcinia-cambogia-extracto-1300mg-w-potasio-calcio-y-hca-60-perdida-de-peso-y-grasa-60-capsulas\/","og_site_name":"Armonia Natural Diet Shop","article_publisher":"https:\/\/www.facebook.com\/ArmoniaNaturalDietShop\/","article_modified_time":"2021-11-05T17:03:29+00:00","og_image":[{"width":300,"height":320,"url":"https:\/\/armonianaturaldietshop.com\/wp-content\/uploads\/2018\/02\/garcinia-cambogia-extracto-1300mg-w-potasio-calcio-y-hca-60-perdida-de-peso-y-grasa-60-capsulas_289.jpg","type":"image\/jpeg"}],"twitter_card":"summary_large_image","twitter_misc":{"Est. reading time":"2 minutes"},"schema":{"@context":"https:\/\/schema.org","@graph":[{"@type":"Organization","@id":"https:\/\/armonianaturaldietshop.com\/#organization","name":"Armonia Natural Diet Shop","url":"https:\/\/armonianaturaldietshop.com\/","sameAs":["https:\/\/www.facebook.com\/ArmoniaNaturalDietShop\/","https:\/\/www.instagram.com\/armonia.natural\/?hl=en"],"logo":{"@type":"ImageObject","@id":"https:\/\/armonianaturaldietshop.com\/#logo","inLanguage":"en-US","url":"https:\/\/armonianaturaldietshop.com\/wp-content\/uploads\/2018\/01\/top-banner-1.png","contentUrl":"https:\/\/armonianaturaldietshop.com\/wp-content\/uploads\/2018\/01\/top-banner-1.png","width":369,"height":116,"caption":"Armonia Natural Diet Shop"},"image":{"@id":"https:\/\/armonianaturaldietshop.com\/#logo"}},{"@type":"WebSite","@id":"https:\/\/armonianaturaldietshop.com\/#website","url":"https:\/\/armonianaturaldietshop.com\/","name":"Armonia Natural Diet Shop","description":"Otro sitio realizado con WordPress","publisher":{"@id":"https:\/\/armonianaturaldietshop.com\/#organization"},"potentialAction":[{"@type":"SearchAction","target":{"@type":"EntryPoint","urlTemplate":"https:\/\/armonianaturaldietshop.com\/?s={search_term_string}"},"query-input":"required name=search_term_string"}],"inLanguage":"en-US"},{"@type":"ImageObject","@id":"https:\/\/armonianaturaldietshop.com\/en\/product\/garcinia-cambogia-extracto-1300mg-w-potasio-calcio-y-hca-60-perdida-de-peso-y-grasa-60-capsulas\/#primaryimage","inLanguage":"en-US","url":"https:\/\/armonianaturaldietshop.com\/wp-content\/uploads\/2018\/02\/garcinia-cambogia-extracto-1300mg-w-potasio-calcio-y-hca-60-perdida-de-peso-y-grasa-60-capsulas_289.jpg","contentUrl":"https:\/\/armonianaturaldietshop.com\/wp-content\/uploads\/2018\/02\/garcinia-cambogia-extracto-1300mg-w-potasio-calcio-y-hca-60-perdida-de-peso-y-grasa-60-capsulas_289.jpg","width":300,"height":320,"caption":"Garcinia Cambogia extracto 1300mg"},{"@type":"WebPage","@id":"https:\/\/armonianaturaldietshop.com\/en\/product\/garcinia-cambogia-extracto-1300mg-w-potasio-calcio-y-hca-60-perdida-de-peso-y-grasa-60-capsulas\/#webpage","url":"https:\/\/armonianaturaldietshop.com\/en\/product\/garcinia-cambogia-extracto-1300mg-w-potasio-calcio-y-hca-60-perdida-de-peso-y-grasa-60-capsulas\/","name":"Garcinia Cambogia extracto 1300mg - Armonia Natural Diet Shop","isPartOf":{"@id":"https:\/\/armonianaturaldietshop.com\/#website"},"primaryImageOfPage":{"@id":"https:\/\/armonianaturaldietshop.com\/en\/product\/garcinia-cambogia-extracto-1300mg-w-potasio-calcio-y-hca-60-perdida-de-peso-y-grasa-60-capsulas\/#primaryimage"},"datePublished":"2018-01-28T21:42:49+00:00","dateModified":"2021-11-05T17:03:29+00:00","description":"Garcinia Cambogia extracto 1300mg Este es el nuevo producto para la p\u00e9rdida peso en el mercado con resultados probados que lo respaldan.","breadcrumb":{"@id":"https:\/\/armonianaturaldietshop.com\/en\/product\/garcinia-cambogia-extracto-1300mg-w-potasio-calcio-y-hca-60-perdida-de-peso-y-grasa-60-capsulas\/#breadcrumb"},"inLanguage":"en-US","potentialAction":[{"@type":"ReadAction","target":["https:\/\/armonianaturaldietshop.com\/en\/product\/garcinia-cambogia-extracto-1300mg-w-potasio-calcio-y-hca-60-perdida-de-peso-y-grasa-60-capsulas\/"]}]},{"@type":"BreadcrumbList","@id":"https:\/\/armonianaturaldietshop.com\/en\/product\/garcinia-cambogia-extracto-1300mg-w-potasio-calcio-y-hca-60-perdida-de-peso-y-grasa-60-capsulas\/#breadcrumb","itemListElement":[{"@type":"ListItem","position":1,"name":"Home","item":"https:\/\/armonianaturaldietshop.com\/en\/"},{"@type":"ListItem","position":2,"name":"Shop","item":"https:\/\/armonianaturaldietshop.com\/en\/shop\/"},{"@type":"ListItem","position":3,"name":"Garcinia Cambogia extracto 1300mg"}]}]}},"_links":{"self":[{"href":"https:\/\/armonianaturaldietshop.com\/en\/wp-json\/wp\/v2\/product\/1817"}],"collection":[{"href":"https:\/\/armonianaturaldietshop.com\/en\/wp-json\/wp\/v2\/product"}],"about":[{"href":"https:\/\/armonianaturaldietshop.com\/en\/wp-json\/wp\/v2\/types\/product"}],"replies":[{"embeddable":true,"href":"https:\/\/armonianaturaldietshop.com\/en\/wp-json\/wp\/v2\/comments?post=1817"}],"wp:featuredmedia":[{"embeddable":true,"href":"https:\/\/armonianaturaldietshop.com\/en\/wp-json\/wp\/v2\/media\/1223"}],"wp:attachment":[{"href":"https:\/\/armonianaturaldietshop.com\/en\/wp-json\/wp\/v2\/media?parent=1817"}],"wp:term":[{"taxonomy":"product_cat","embeddable":true,"href":"https:\/\/armonianaturaldietshop.com\/en\/wp-json\/wp\/v2\/product_cat?post=1817"},{"taxonomy":"product_tag","embeddable":true,"href":"https:\/\/armonianaturaldietshop.com\/en\/wp-json\/wp\/v2\/product_tag?post=1817"}],"curies":[{"name":"wp","href":"https:\/\/api.w.org\/{rel}","templated":true}]}}