{"id":1832,"date":"2018-01-28T21:42:43","date_gmt":"2018-01-28T21:42:43","guid":{"rendered":"http:\/\/armonianaturaldietshop.com\/product\/efora-estimulantelubricante-sexual-femenino-5ml\/"},"modified":"2019-03-13T15:22:32","modified_gmt":"2019-03-13T15:22:32","slug":"efora-estimulante","status":"publish","type":"product","link":"https:\/\/armonianaturaldietshop.com\/en\/product\/efora-estimulante\/","title":{"rendered":"EFORA ESTIMULANTE\/LUBRICANTE SEXUAL FEMENINO 5ML"},"content":{"rendered":"<p style=\"text-align: center;\"><span style=\"font-family: georgia, palatino, serif; font-size: 12pt;\">\u00a0Armonia Natural Diet Shop \u00a0te presenta EFORA \u00a0lo que tanto hab\u00edan esperado las mujeres \u00a0, un Estimulante y Lubricante \u00a0Sexual Femenino, elaborado con flor de Cannabis Sativa y Aceite de Coco \u00a0100% Natural. Estimula la lubricaci\u00f3n natural, reduce la fricci\u00f3n , el dolor y la tensi\u00f3n, genera la relajaci\u00f3n necesaria para una experiencia Sexual Placentera. No altera el pH Vaginal.\u00a0<\/span><\/p>\n<p>&nbsp;<\/p>\n<p><span style=\"font-family: georgia, palatino, serif;\">Constantemente encontramos el mercado inundado de productos que buscan reforzar o complementar la virilidad masculina, pero pocas veces se le da la misma importancia al manejo del libido femenino, que puede verse afectado por el estr\u00e9s del diario vivir, situaciones emocionales adversas o con el paso de los a\u00f1os.<\/span><\/p>\n<p>&nbsp;<\/p>\n<p><span style=\"font-family: georgia, palatino, serif;\">EFORA busca revivir el fuego de tu vida \u00edntima, o simplemente agregarle un poco de picante si est\u00e1s buscando experimentar sensaciones nuevas, bien sea con tu pareja, una noche loca o a solas, el extracto de flor de cannabis sativa de EFORA te llevar\u00e1 en un viaje inimaginable donde descubrir\u00e1s y vivir\u00e1s experiencias \u00fanicas.<\/span><\/p>\n<p>&nbsp;<\/p>\n<p style=\"text-align: center;\"><span style=\"font-family: georgia, palatino, serif; font-size: 12pt;\">Modo de uso: Aplicar 5-8 pulverizaciones directamente sobre el clitoris, labios internos y externos, y en el interior de la vagina. La aplicaci\u00f3n interna proporciona la m\u00e1s alta absorci\u00f3n. Puede tomar hasta 15 minutos para la activaci\u00f3n completa.<\/span><\/p>\n<p style=\"text-align: center;\">\n","protected":false},"excerpt":{"rendered":"<p>Constantemente encontramos el mercado inundado de productos que buscan reforzar o complementar la virilidad masculina, pero pocas veces se le da la misma importancia al manejo del libido femenino, que puede verse afectado por el estr\u00e9s del diario vivir, situaciones emocionales adversas o con el paso de los a\u00f1os.<\/p>\n<p>EFORA busca revivir el fuego de tu vida \u00edntima, o simplemente agregarle un poco de picante si est\u00e1s buscando experimentar sensaciones nuevas, bien sea con tu pareja, una noche loca o a solas, el extracto de flor de cannabis sativa de EFORA te llevar\u00e1 en un viaje inimaginable donde descubrir\u00e1s y vivir\u00e1s experiencias \u00fanicas.<\/p>\n<p>Rompe el tab\u00fa, atr\u00e9vete y experimenta EFORA<br \/>\nAtr\u00e9vete<\/p>\n","protected":false},"featured_media":1319,"comment_status":"open","ping_status":"closed","template":"","meta":[],"product_cat":[30],"product_tag":[],"acf":[],"yoast_head":"<!-- This site is optimized with the Yoast SEO plugin v18.5.1 - https:\/\/yoast.com\/wordpress\/plugins\/seo\/ -->\n<title>EFORA 5ML - ARMONIA NATURAL - ESTIMULANTE Y LUBRICANTE<\/title>\n<meta name=\"description\" content=\"EFORA elaborado con flor de Cannabis Sativa y Aceite de Coco 100% Natural. Estimula la lubricaci\u00f3n natural, reduce la fricci\u00f3n , el dolor y la tensi\u00f3n.\" \/>\n<meta name=\"robots\" content=\"index, follow, max-snippet:-1, max-image-preview:large, max-video-preview:-1\" \/>\n<link rel=\"canonical\" href=\"https:\/\/armonianaturaldietshop.com\/en\/product\/efora-estimulante\/\" \/>\n<meta property=\"og:locale\" content=\"en_US\" \/>\n<meta property=\"og:type\" content=\"article\" \/>\n<meta property=\"og:title\" content=\"EFORA 5ML - ARMONIA NATURAL - ESTIMULANTE Y LUBRICANTE\" \/>\n<meta property=\"og:description\" content=\"EFORA elaborado con flor de Cannabis Sativa y Aceite de Coco 100% Natural. Estimula la lubricaci\u00f3n natural, reduce la fricci\u00f3n , el dolor y la tensi\u00f3n.\" \/>\n<meta property=\"og:url\" content=\"https:\/\/armonianaturaldietshop.com\/en\/product\/efora-estimulante\/\" \/>\n<meta property=\"og:site_name\" content=\"Armonia Natural Diet Shop\" \/>\n<meta property=\"article:publisher\" content=\"https:\/\/www.facebook.com\/ArmoniaNaturalDietShop\/\" \/>\n<meta property=\"article:modified_time\" content=\"2019-03-13T15:22:32+00:00\" \/>\n<meta property=\"og:image\" content=\"https:\/\/armonianaturaldietshop.com\/wp-content\/uploads\/2018\/02\/efora-estimulantelubricante-sexual-femenino-5ml_786.jpg\" \/>\n\t<meta property=\"og:image:width\" content=\"750\" \/>\n\t<meta property=\"og:image:height\" content=\"477\" \/>\n\t<meta property=\"og:image:type\" content=\"image\/jpeg\" \/>\n<meta name=\"twitter:card\" content=\"summary_large_image\" \/>\n<meta name=\"twitter:label1\" content=\"Est. reading time\" \/>\n\t<meta name=\"twitter:data1\" content=\"1 minute\" \/>\n<script type=\"application\/ld+json\" class=\"yoast-schema-graph\">{\"@context\":\"https:\/\/schema.org\",\"@graph\":[{\"@type\":\"Organization\",\"@id\":\"https:\/\/armonianaturaldietshop.com\/#organization\",\"name\":\"Armonia Natural Diet Shop\",\"url\":\"https:\/\/armonianaturaldietshop.com\/\",\"sameAs\":[\"https:\/\/www.facebook.com\/ArmoniaNaturalDietShop\/\",\"https:\/\/www.instagram.com\/armonia.natural\/?hl=en\"],\"logo\":{\"@type\":\"ImageObject\",\"@id\":\"https:\/\/armonianaturaldietshop.com\/#logo\",\"inLanguage\":\"en-US\",\"url\":\"https:\/\/armonianaturaldietshop.com\/wp-content\/uploads\/2018\/01\/top-banner-1.png\",\"contentUrl\":\"https:\/\/armonianaturaldietshop.com\/wp-content\/uploads\/2018\/01\/top-banner-1.png\",\"width\":369,\"height\":116,\"caption\":\"Armonia Natural Diet Shop\"},\"image\":{\"@id\":\"https:\/\/armonianaturaldietshop.com\/#logo\"}},{\"@type\":\"WebSite\",\"@id\":\"https:\/\/armonianaturaldietshop.com\/#website\",\"url\":\"https:\/\/armonianaturaldietshop.com\/\",\"name\":\"Armonia Natural Diet Shop\",\"description\":\"Otro sitio realizado con WordPress\",\"publisher\":{\"@id\":\"https:\/\/armonianaturaldietshop.com\/#organization\"},\"potentialAction\":[{\"@type\":\"SearchAction\",\"target\":{\"@type\":\"EntryPoint\",\"urlTemplate\":\"https:\/\/armonianaturaldietshop.com\/?s={search_term_string}\"},\"query-input\":\"required name=search_term_string\"}],\"inLanguage\":\"en-US\"},{\"@type\":\"ImageObject\",\"@id\":\"https:\/\/armonianaturaldietshop.com\/en\/product\/efora-estimulante\/#primaryimage\",\"inLanguage\":\"en-US\",\"url\":\"https:\/\/armonianaturaldietshop.com\/wp-content\/uploads\/2018\/02\/efora-estimulantelubricante-sexual-femenino-5ml_786.jpg\",\"contentUrl\":\"https:\/\/armonianaturaldietshop.com\/wp-content\/uploads\/2018\/02\/efora-estimulantelubricante-sexual-femenino-5ml_786.jpg\",\"width\":750,\"height\":477},{\"@type\":\"WebPage\",\"@id\":\"https:\/\/armonianaturaldietshop.com\/en\/product\/efora-estimulante\/#webpage\",\"url\":\"https:\/\/armonianaturaldietshop.com\/en\/product\/efora-estimulante\/\",\"name\":\"EFORA 5ML - ARMONIA NATURAL - ESTIMULANTE Y LUBRICANTE\",\"isPartOf\":{\"@id\":\"https:\/\/armonianaturaldietshop.com\/#website\"},\"primaryImageOfPage\":{\"@id\":\"https:\/\/armonianaturaldietshop.com\/en\/product\/efora-estimulante\/#primaryimage\"},\"datePublished\":\"2018-01-28T21:42:43+00:00\",\"dateModified\":\"2019-03-13T15:22:32+00:00\",\"description\":\"EFORA elaborado con flor de Cannabis Sativa y Aceite de Coco 100% Natural. Estimula la lubricaci\u00f3n natural, reduce la fricci\u00f3n , el dolor y la tensi\u00f3n.\",\"breadcrumb\":{\"@id\":\"https:\/\/armonianaturaldietshop.com\/en\/product\/efora-estimulante\/#breadcrumb\"},\"inLanguage\":\"en-US\",\"potentialAction\":[{\"@type\":\"ReadAction\",\"target\":[\"https:\/\/armonianaturaldietshop.com\/en\/product\/efora-estimulante\/\"]}]},{\"@type\":\"BreadcrumbList\",\"@id\":\"https:\/\/armonianaturaldietshop.com\/en\/product\/efora-estimulante\/#breadcrumb\",\"itemListElement\":[{\"@type\":\"ListItem\",\"position\":1,\"name\":\"Home\",\"item\":\"https:\/\/armonianaturaldietshop.com\/en\/\"},{\"@type\":\"ListItem\",\"position\":2,\"name\":\"Shop\",\"item\":\"https:\/\/armonianaturaldietshop.com\/en\/shop\/\"},{\"@type\":\"ListItem\",\"position\":3,\"name\":\"EFORA ESTIMULANTE\/LUBRICANTE SEXUAL FEMENINO 5ML\"}]}]}<\/script>\n<!-- \/ Yoast SEO plugin. -->","yoast_head_json":{"title":"EFORA 5ML - ARMONIA NATURAL - ESTIMULANTE Y LUBRICANTE","description":"EFORA elaborado con flor de Cannabis Sativa y Aceite de Coco 100% Natural. Estimula la lubricaci\u00f3n natural, reduce la fricci\u00f3n , el dolor y la tensi\u00f3n.","robots":{"index":"index","follow":"follow","max-snippet":"max-snippet:-1","max-image-preview":"max-image-preview:large","max-video-preview":"max-video-preview:-1"},"canonical":"https:\/\/armonianaturaldietshop.com\/en\/product\/efora-estimulante\/","og_locale":"en_US","og_type":"article","og_title":"EFORA 5ML - ARMONIA NATURAL - ESTIMULANTE Y LUBRICANTE","og_description":"EFORA elaborado con flor de Cannabis Sativa y Aceite de Coco 100% Natural. Estimula la lubricaci\u00f3n natural, reduce la fricci\u00f3n , el dolor y la tensi\u00f3n.","og_url":"https:\/\/armonianaturaldietshop.com\/en\/product\/efora-estimulante\/","og_site_name":"Armonia Natural Diet Shop","article_publisher":"https:\/\/www.facebook.com\/ArmoniaNaturalDietShop\/","article_modified_time":"2019-03-13T15:22:32+00:00","og_image":[{"width":750,"height":477,"url":"https:\/\/armonianaturaldietshop.com\/wp-content\/uploads\/2018\/02\/efora-estimulantelubricante-sexual-femenino-5ml_786.jpg","type":"image\/jpeg"}],"twitter_card":"summary_large_image","twitter_misc":{"Est. reading time":"1 minute"},"schema":{"@context":"https:\/\/schema.org","@graph":[{"@type":"Organization","@id":"https:\/\/armonianaturaldietshop.com\/#organization","name":"Armonia Natural Diet Shop","url":"https:\/\/armonianaturaldietshop.com\/","sameAs":["https:\/\/www.facebook.com\/ArmoniaNaturalDietShop\/","https:\/\/www.instagram.com\/armonia.natural\/?hl=en"],"logo":{"@type":"ImageObject","@id":"https:\/\/armonianaturaldietshop.com\/#logo","inLanguage":"en-US","url":"https:\/\/armonianaturaldietshop.com\/wp-content\/uploads\/2018\/01\/top-banner-1.png","contentUrl":"https:\/\/armonianaturaldietshop.com\/wp-content\/uploads\/2018\/01\/top-banner-1.png","width":369,"height":116,"caption":"Armonia Natural Diet Shop"},"image":{"@id":"https:\/\/armonianaturaldietshop.com\/#logo"}},{"@type":"WebSite","@id":"https:\/\/armonianaturaldietshop.com\/#website","url":"https:\/\/armonianaturaldietshop.com\/","name":"Armonia Natural Diet Shop","description":"Otro sitio realizado con WordPress","publisher":{"@id":"https:\/\/armonianaturaldietshop.com\/#organization"},"potentialAction":[{"@type":"SearchAction","target":{"@type":"EntryPoint","urlTemplate":"https:\/\/armonianaturaldietshop.com\/?s={search_term_string}"},"query-input":"required name=search_term_string"}],"inLanguage":"en-US"},{"@type":"ImageObject","@id":"https:\/\/armonianaturaldietshop.com\/en\/product\/efora-estimulante\/#primaryimage","inLanguage":"en-US","url":"https:\/\/armonianaturaldietshop.com\/wp-content\/uploads\/2018\/02\/efora-estimulantelubricante-sexual-femenino-5ml_786.jpg","contentUrl":"https:\/\/armonianaturaldietshop.com\/wp-content\/uploads\/2018\/02\/efora-estimulantelubricante-sexual-femenino-5ml_786.jpg","width":750,"height":477},{"@type":"WebPage","@id":"https:\/\/armonianaturaldietshop.com\/en\/product\/efora-estimulante\/#webpage","url":"https:\/\/armonianaturaldietshop.com\/en\/product\/efora-estimulante\/","name":"EFORA 5ML - ARMONIA NATURAL - ESTIMULANTE Y LUBRICANTE","isPartOf":{"@id":"https:\/\/armonianaturaldietshop.com\/#website"},"primaryImageOfPage":{"@id":"https:\/\/armonianaturaldietshop.com\/en\/product\/efora-estimulante\/#primaryimage"},"datePublished":"2018-01-28T21:42:43+00:00","dateModified":"2019-03-13T15:22:32+00:00","description":"EFORA elaborado con flor de Cannabis Sativa y Aceite de Coco 100% Natural. Estimula la lubricaci\u00f3n natural, reduce la fricci\u00f3n , el dolor y la tensi\u00f3n.","breadcrumb":{"@id":"https:\/\/armonianaturaldietshop.com\/en\/product\/efora-estimulante\/#breadcrumb"},"inLanguage":"en-US","potentialAction":[{"@type":"ReadAction","target":["https:\/\/armonianaturaldietshop.com\/en\/product\/efora-estimulante\/"]}]},{"@type":"BreadcrumbList","@id":"https:\/\/armonianaturaldietshop.com\/en\/product\/efora-estimulante\/#breadcrumb","itemListElement":[{"@type":"ListItem","position":1,"name":"Home","item":"https:\/\/armonianaturaldietshop.com\/en\/"},{"@type":"ListItem","position":2,"name":"Shop","item":"https:\/\/armonianaturaldietshop.com\/en\/shop\/"},{"@type":"ListItem","position":3,"name":"EFORA ESTIMULANTE\/LUBRICANTE SEXUAL FEMENINO 5ML"}]}]}},"_links":{"self":[{"href":"https:\/\/armonianaturaldietshop.com\/en\/wp-json\/wp\/v2\/product\/1832"}],"collection":[{"href":"https:\/\/armonianaturaldietshop.com\/en\/wp-json\/wp\/v2\/product"}],"about":[{"href":"https:\/\/armonianaturaldietshop.com\/en\/wp-json\/wp\/v2\/types\/product"}],"replies":[{"embeddable":true,"href":"https:\/\/armonianaturaldietshop.com\/en\/wp-json\/wp\/v2\/comments?post=1832"}],"wp:featuredmedia":[{"embeddable":true,"href":"https:\/\/armonianaturaldietshop.com\/en\/wp-json\/wp\/v2\/media\/1319"}],"wp:attachment":[{"href":"https:\/\/armonianaturaldietshop.com\/en\/wp-json\/wp\/v2\/media?parent=1832"}],"wp:term":[{"taxonomy":"product_cat","embeddable":true,"href":"https:\/\/armonianaturaldietshop.com\/en\/wp-json\/wp\/v2\/product_cat?post=1832"},{"taxonomy":"product_tag","embeddable":true,"href":"https:\/\/armonianaturaldietshop.com\/en\/wp-json\/wp\/v2\/product_tag?post=1832"}],"curies":[{"name":"wp","href":"https:\/\/api.w.org\/{rel}","templated":true}]}}