{"id":1833,"date":"2018-01-28T21:42:43","date_gmt":"2018-01-28T21:42:43","guid":{"rendered":"http:\/\/armonianaturaldietshop.com\/product\/firefox-estimulante-sexual-femenino-5-sobres\/"},"modified":"2021-09-01T14:32:22","modified_gmt":"2021-09-01T14:32:22","slug":"firefox-estimulante-sexual-femenino-5-sobres","status":"publish","type":"product","link":"https:\/\/armonianaturaldietshop.com\/en\/product\/firefox-estimulante-sexual-femenino-5-sobres\/","title":{"rendered":"FireFox Estimulante Sexual Femenino"},"content":{"rendered":"<h1 style=\"text-align: center; margin: 0px 0px 15px 0px;\"><strong><span style=\"color: #ff0000; font-size: 18pt;\">FIREFOX ESTIMULANTE SEXUAL FEMENINO<\/span><\/strong><\/h1>\n<p style=\"text-align: center; margin: 0px 0px 15px 0px;\">\n<p>FireFox Estimulante Sexual Femenino <span style=\"font-size: 14pt;\">Es un producto especializado para incrementar en la mujer su disposici\u00f3n al acto sexual. Es un polvo cristalino sin color ni sabor, que se disuelve f\u00e1cil y r\u00e1pidamente en cualquier bebida; fr\u00eda \u00f3 caliente, con alcohol \u00f3 sin alcohol, inclusive en agua pura. Su uso en muy efectivo en excitar a una mujer de manera r\u00e1pida ya que Estimula la circulaci\u00f3n sangu\u00ednea para lograr la contracci\u00f3n de la vagina aumentando la lubricaci\u00f3n y el deseo de ser penetrada. Sus ingredientes act\u00faan en diferentes zonas <a href=\"https:\/\/www.sanitas.es\/sanitas\/seguros\/es\/particulares\/biblioteca-de-salud\/vida-sexual\/zonas-erogenas.html\">er\u00f3genas<\/a> de la mujer como los pezones que se er\u00e9ctan y los senos se hacen m\u00e1s firmes moment\u00e1neamente, aumenta su frecuencia respiratoria, el cl\u00edtoris se expande junto con los labios vaginales. El placer que permite FireFox a la mujer es querer sentir el miembro masculino.\u00a0<\/span><\/p>\n<p style=\"text-align: justify; margin: 0px 0px 15px 0px;\"><span style=\"font-size: 14pt;\">Sus ingredientes como la <a href=\"https:\/\/armonianaturaldietshop.com\/product\/damianax-fuego-spray-erotizante-femenino-30ml\/\">damiana<\/a> es una de las plantas afrodis\u00edacas m\u00e1s potentes que existen- es efectiva para la motivaci\u00f3n sexual femenina ya que su principal caracter\u00edstica es generar calor y palpitaciones dentro de la vagina que generan el apetito sexual de la mujer.<\/span><\/p>\n<p style=\"text-align: justify; margin: 0px 0px 15px 0px;\"><span style=\"color: #000000; font-size: 14pt;\">\u00a0<\/span><\/p>\n<ul>\n<li><span style=\"color: #000000; font-size: 14pt;\"><strong><em>Mejora el deseo y la vida sexual de la pareja.<\/em><\/strong><\/span><\/li>\n<li><span style=\"color: #000000; font-size: 14pt;\"><strong><em>Aumenta el calor corporal.<\/em><\/strong><\/span><\/li>\n<li><span style=\"color: #000000; font-size: 14pt;\"><strong><em>Disminuye la resequedad vaginal durante el acto sexual.\u00a0<\/em><\/strong><\/span><\/li>\n<li><span style=\"color: #000000; font-size: 14pt;\"><strong><em>Estimula las zonas erogenas.<\/em><\/strong><\/span><\/li>\n<li><span style=\"color: #000000; font-size: 14pt;\"><strong><em>Evita la frigidez<\/em><\/strong><\/span><\/li>\n<li><span style=\"color: #000000; font-size: 14pt;\"><strong><em>Permite a la mujer experimentar orgasmos multiples.<\/em><\/strong><\/span><\/li>\n<li><span style=\"color: #000000; font-size: 14pt;\"><strong><em>Desencadena el poder sexual de la mujer.<\/em><\/strong><\/span><\/li>\n<li><span style=\"color: #000000; font-size: 14pt;\"><strong><em>Incrementa la sensibilidad a nivel vaginal, creando la necesidad de ser penetrada.<\/em><\/strong><\/span><\/li>\n<li><span style=\"color: #000000; font-size: 14pt;\"><strong><em>Multiples impulsos vaginales, ideal para una masturbacion femenina.<\/em><\/strong><\/span><\/li>\n<\/ul>\n<p style=\"text-align: justify; margin: 0px 0px 15px 0px;\">\n<p style=\"text-align: justify; margin: 0px 0px 15px 0px;\">\n<p style=\"text-align: justify; margin: 0px 0px 15px 0px;\"><span style=\"font-size: 14pt;\"><strong style=\"font-weight: bold;\">Ingredientes<\/strong>: L-arginlne, Aloe Vera, damiana, extractos de kly.firefox polvo para exitar mujeres<\/span><\/p>\n<p style=\"text-align: justify; margin: 0px 0px 15px 0px;\"><span style=\"font-size: 14pt;\"><strong style=\"font-weight: bold;\">Indicaciones<\/strong>: Disolver el contenido de un sobre en un vaso con la be bida deseada y unos minutos despu\u00e9s sus ingredientes har\u00e1n efecto volviendo a la mujer muy Caliente y Excitada.<\/span><\/p>\n<p style=\"text-align: justify; margin: 0px 0px 15px 0px;\"><span style=\"font-size: 14pt;\"><strong style=\"font-weight: bold;\">Presentaci\u00f3n<\/strong>: En cada Caja viene x 5 sobres individuales de 5gr. Cada uno.<\/span><\/p>\n<p style=\"text-align: justify; margin: 0px 0px 15px 0px;\">\n<p style=\"text-align: justify; margin: 0px 0px 15px 0px;\">\n","protected":false},"excerpt":{"rendered":"<p>Sus ingredientes como la damiana -una de las plantas afrodis\u00edacas m\u00e1s potentes que existen- es efectiva para la motivaci\u00f3n sexual femenina ya que su principal caracter\u00edstica es generar calor y palpitaciones dentro de la vagina que generan el apetito sexual de la mujer.<\/p>\n","protected":false},"featured_media":1333,"comment_status":"open","ping_status":"closed","template":"","meta":[],"product_cat":[30],"product_tag":[],"acf":[],"yoast_head":"<!-- This site is optimized with the Yoast SEO plugin v18.5.1 - https:\/\/yoast.com\/wordpress\/plugins\/seo\/ -->\n<title>FireFox Estimulante Sexual Femenino - Armonia Natural Diet Shop<\/title>\n<meta name=\"description\" content=\"FireFox Estimulante Sexual Femenino especializado para incrementar la disposici\u00f3n sexual, un polvo sin color ni sabor y se disuelve en bebida\" \/>\n<meta name=\"robots\" content=\"index, follow, max-snippet:-1, max-image-preview:large, max-video-preview:-1\" \/>\n<link rel=\"canonical\" href=\"https:\/\/armonianaturaldietshop.com\/en\/product\/firefox-estimulante-sexual-femenino-5-sobres\/\" \/>\n<meta property=\"og:locale\" content=\"en_US\" \/>\n<meta property=\"og:type\" content=\"article\" \/>\n<meta property=\"og:title\" content=\"FireFox Estimulante Sexual Femenino - Armonia Natural Diet Shop\" \/>\n<meta property=\"og:description\" content=\"FireFox Estimulante Sexual Femenino especializado para incrementar la disposici\u00f3n sexual, un polvo sin color ni sabor y se disuelve en bebida\" \/>\n<meta property=\"og:url\" content=\"https:\/\/armonianaturaldietshop.com\/en\/product\/firefox-estimulante-sexual-femenino-5-sobres\/\" \/>\n<meta property=\"og:site_name\" content=\"Armonia Natural Diet Shop\" \/>\n<meta property=\"article:publisher\" content=\"https:\/\/www.facebook.com\/ArmoniaNaturalDietShop\/\" \/>\n<meta property=\"article:modified_time\" content=\"2021-09-01T14:32:22+00:00\" \/>\n<meta property=\"og:image\" content=\"https:\/\/armonianaturaldietshop.com\/wp-content\/uploads\/2018\/02\/firefox-estimulante-sexual-femenino-5-sobres_320.jpg\" \/>\n\t<meta property=\"og:image:width\" content=\"619\" \/>\n\t<meta property=\"og:image:height\" content=\"500\" \/>\n\t<meta property=\"og:image:type\" content=\"image\/jpeg\" \/>\n<meta name=\"twitter:card\" content=\"summary_large_image\" \/>\n<meta name=\"twitter:label1\" content=\"Est. reading time\" \/>\n\t<meta name=\"twitter:data1\" content=\"2 minutes\" \/>\n<script type=\"application\/ld+json\" class=\"yoast-schema-graph\">{\"@context\":\"https:\/\/schema.org\",\"@graph\":[{\"@type\":\"Organization\",\"@id\":\"https:\/\/armonianaturaldietshop.com\/#organization\",\"name\":\"Armonia Natural Diet Shop\",\"url\":\"https:\/\/armonianaturaldietshop.com\/\",\"sameAs\":[\"https:\/\/www.facebook.com\/ArmoniaNaturalDietShop\/\",\"https:\/\/www.instagram.com\/armonia.natural\/?hl=en\"],\"logo\":{\"@type\":\"ImageObject\",\"@id\":\"https:\/\/armonianaturaldietshop.com\/#logo\",\"inLanguage\":\"en-US\",\"url\":\"https:\/\/armonianaturaldietshop.com\/wp-content\/uploads\/2018\/01\/top-banner-1.png\",\"contentUrl\":\"https:\/\/armonianaturaldietshop.com\/wp-content\/uploads\/2018\/01\/top-banner-1.png\",\"width\":369,\"height\":116,\"caption\":\"Armonia Natural Diet Shop\"},\"image\":{\"@id\":\"https:\/\/armonianaturaldietshop.com\/#logo\"}},{\"@type\":\"WebSite\",\"@id\":\"https:\/\/armonianaturaldietshop.com\/#website\",\"url\":\"https:\/\/armonianaturaldietshop.com\/\",\"name\":\"Armonia Natural Diet Shop\",\"description\":\"Otro sitio realizado con WordPress\",\"publisher\":{\"@id\":\"https:\/\/armonianaturaldietshop.com\/#organization\"},\"potentialAction\":[{\"@type\":\"SearchAction\",\"target\":{\"@type\":\"EntryPoint\",\"urlTemplate\":\"https:\/\/armonianaturaldietshop.com\/?s={search_term_string}\"},\"query-input\":\"required name=search_term_string\"}],\"inLanguage\":\"en-US\"},{\"@type\":\"ImageObject\",\"@id\":\"https:\/\/armonianaturaldietshop.com\/en\/product\/firefox-estimulante-sexual-femenino-5-sobres\/#primaryimage\",\"inLanguage\":\"en-US\",\"url\":\"https:\/\/armonianaturaldietshop.com\/wp-content\/uploads\/2018\/02\/firefox-estimulante-sexual-femenino-5-sobres_320.jpg\",\"contentUrl\":\"https:\/\/armonianaturaldietshop.com\/wp-content\/uploads\/2018\/02\/firefox-estimulante-sexual-femenino-5-sobres_320.jpg\",\"width\":619,\"height\":500,\"caption\":\"FireFox Estimulante Sexual Femenino\"},{\"@type\":\"WebPage\",\"@id\":\"https:\/\/armonianaturaldietshop.com\/en\/product\/firefox-estimulante-sexual-femenino-5-sobres\/#webpage\",\"url\":\"https:\/\/armonianaturaldietshop.com\/en\/product\/firefox-estimulante-sexual-femenino-5-sobres\/\",\"name\":\"FireFox Estimulante Sexual Femenino - Armonia Natural Diet Shop\",\"isPartOf\":{\"@id\":\"https:\/\/armonianaturaldietshop.com\/#website\"},\"primaryImageOfPage\":{\"@id\":\"https:\/\/armonianaturaldietshop.com\/en\/product\/firefox-estimulante-sexual-femenino-5-sobres\/#primaryimage\"},\"datePublished\":\"2018-01-28T21:42:43+00:00\",\"dateModified\":\"2021-09-01T14:32:22+00:00\",\"description\":\"FireFox Estimulante Sexual Femenino especializado para incrementar la disposici\u00f3n sexual, un polvo sin color ni sabor y se disuelve en bebida\",\"breadcrumb\":{\"@id\":\"https:\/\/armonianaturaldietshop.com\/en\/product\/firefox-estimulante-sexual-femenino-5-sobres\/#breadcrumb\"},\"inLanguage\":\"en-US\",\"potentialAction\":[{\"@type\":\"ReadAction\",\"target\":[\"https:\/\/armonianaturaldietshop.com\/en\/product\/firefox-estimulante-sexual-femenino-5-sobres\/\"]}]},{\"@type\":\"BreadcrumbList\",\"@id\":\"https:\/\/armonianaturaldietshop.com\/en\/product\/firefox-estimulante-sexual-femenino-5-sobres\/#breadcrumb\",\"itemListElement\":[{\"@type\":\"ListItem\",\"position\":1,\"name\":\"Home\",\"item\":\"https:\/\/armonianaturaldietshop.com\/en\/\"},{\"@type\":\"ListItem\",\"position\":2,\"name\":\"Shop\",\"item\":\"https:\/\/armonianaturaldietshop.com\/en\/shop\/\"},{\"@type\":\"ListItem\",\"position\":3,\"name\":\"FireFox Estimulante Sexual Femenino\"}]}]}<\/script>\n<!-- \/ Yoast SEO plugin. -->","yoast_head_json":{"title":"FireFox Estimulante Sexual Femenino - Armonia Natural Diet Shop","description":"FireFox Estimulante Sexual Femenino especializado para incrementar la disposici\u00f3n sexual, un polvo sin color ni sabor y se disuelve en bebida","robots":{"index":"index","follow":"follow","max-snippet":"max-snippet:-1","max-image-preview":"max-image-preview:large","max-video-preview":"max-video-preview:-1"},"canonical":"https:\/\/armonianaturaldietshop.com\/en\/product\/firefox-estimulante-sexual-femenino-5-sobres\/","og_locale":"en_US","og_type":"article","og_title":"FireFox Estimulante Sexual Femenino - Armonia Natural Diet Shop","og_description":"FireFox Estimulante Sexual Femenino especializado para incrementar la disposici\u00f3n sexual, un polvo sin color ni sabor y se disuelve en bebida","og_url":"https:\/\/armonianaturaldietshop.com\/en\/product\/firefox-estimulante-sexual-femenino-5-sobres\/","og_site_name":"Armonia Natural Diet Shop","article_publisher":"https:\/\/www.facebook.com\/ArmoniaNaturalDietShop\/","article_modified_time":"2021-09-01T14:32:22+00:00","og_image":[{"width":619,"height":500,"url":"https:\/\/armonianaturaldietshop.com\/wp-content\/uploads\/2018\/02\/firefox-estimulante-sexual-femenino-5-sobres_320.jpg","type":"image\/jpeg"}],"twitter_card":"summary_large_image","twitter_misc":{"Est. reading time":"2 minutes"},"schema":{"@context":"https:\/\/schema.org","@graph":[{"@type":"Organization","@id":"https:\/\/armonianaturaldietshop.com\/#organization","name":"Armonia Natural Diet Shop","url":"https:\/\/armonianaturaldietshop.com\/","sameAs":["https:\/\/www.facebook.com\/ArmoniaNaturalDietShop\/","https:\/\/www.instagram.com\/armonia.natural\/?hl=en"],"logo":{"@type":"ImageObject","@id":"https:\/\/armonianaturaldietshop.com\/#logo","inLanguage":"en-US","url":"https:\/\/armonianaturaldietshop.com\/wp-content\/uploads\/2018\/01\/top-banner-1.png","contentUrl":"https:\/\/armonianaturaldietshop.com\/wp-content\/uploads\/2018\/01\/top-banner-1.png","width":369,"height":116,"caption":"Armonia Natural Diet Shop"},"image":{"@id":"https:\/\/armonianaturaldietshop.com\/#logo"}},{"@type":"WebSite","@id":"https:\/\/armonianaturaldietshop.com\/#website","url":"https:\/\/armonianaturaldietshop.com\/","name":"Armonia Natural Diet Shop","description":"Otro sitio realizado con WordPress","publisher":{"@id":"https:\/\/armonianaturaldietshop.com\/#organization"},"potentialAction":[{"@type":"SearchAction","target":{"@type":"EntryPoint","urlTemplate":"https:\/\/armonianaturaldietshop.com\/?s={search_term_string}"},"query-input":"required name=search_term_string"}],"inLanguage":"en-US"},{"@type":"ImageObject","@id":"https:\/\/armonianaturaldietshop.com\/en\/product\/firefox-estimulante-sexual-femenino-5-sobres\/#primaryimage","inLanguage":"en-US","url":"https:\/\/armonianaturaldietshop.com\/wp-content\/uploads\/2018\/02\/firefox-estimulante-sexual-femenino-5-sobres_320.jpg","contentUrl":"https:\/\/armonianaturaldietshop.com\/wp-content\/uploads\/2018\/02\/firefox-estimulante-sexual-femenino-5-sobres_320.jpg","width":619,"height":500,"caption":"FireFox Estimulante Sexual Femenino"},{"@type":"WebPage","@id":"https:\/\/armonianaturaldietshop.com\/en\/product\/firefox-estimulante-sexual-femenino-5-sobres\/#webpage","url":"https:\/\/armonianaturaldietshop.com\/en\/product\/firefox-estimulante-sexual-femenino-5-sobres\/","name":"FireFox Estimulante Sexual Femenino - Armonia Natural Diet Shop","isPartOf":{"@id":"https:\/\/armonianaturaldietshop.com\/#website"},"primaryImageOfPage":{"@id":"https:\/\/armonianaturaldietshop.com\/en\/product\/firefox-estimulante-sexual-femenino-5-sobres\/#primaryimage"},"datePublished":"2018-01-28T21:42:43+00:00","dateModified":"2021-09-01T14:32:22+00:00","description":"FireFox Estimulante Sexual Femenino especializado para incrementar la disposici\u00f3n sexual, un polvo sin color ni sabor y se disuelve en bebida","breadcrumb":{"@id":"https:\/\/armonianaturaldietshop.com\/en\/product\/firefox-estimulante-sexual-femenino-5-sobres\/#breadcrumb"},"inLanguage":"en-US","potentialAction":[{"@type":"ReadAction","target":["https:\/\/armonianaturaldietshop.com\/en\/product\/firefox-estimulante-sexual-femenino-5-sobres\/"]}]},{"@type":"BreadcrumbList","@id":"https:\/\/armonianaturaldietshop.com\/en\/product\/firefox-estimulante-sexual-femenino-5-sobres\/#breadcrumb","itemListElement":[{"@type":"ListItem","position":1,"name":"Home","item":"https:\/\/armonianaturaldietshop.com\/en\/"},{"@type":"ListItem","position":2,"name":"Shop","item":"https:\/\/armonianaturaldietshop.com\/en\/shop\/"},{"@type":"ListItem","position":3,"name":"FireFox Estimulante Sexual Femenino"}]}]}},"_links":{"self":[{"href":"https:\/\/armonianaturaldietshop.com\/en\/wp-json\/wp\/v2\/product\/1833"}],"collection":[{"href":"https:\/\/armonianaturaldietshop.com\/en\/wp-json\/wp\/v2\/product"}],"about":[{"href":"https:\/\/armonianaturaldietshop.com\/en\/wp-json\/wp\/v2\/types\/product"}],"replies":[{"embeddable":true,"href":"https:\/\/armonianaturaldietshop.com\/en\/wp-json\/wp\/v2\/comments?post=1833"}],"wp:featuredmedia":[{"embeddable":true,"href":"https:\/\/armonianaturaldietshop.com\/en\/wp-json\/wp\/v2\/media\/1333"}],"wp:attachment":[{"href":"https:\/\/armonianaturaldietshop.com\/en\/wp-json\/wp\/v2\/media?parent=1833"}],"wp:term":[{"taxonomy":"product_cat","embeddable":true,"href":"https:\/\/armonianaturaldietshop.com\/en\/wp-json\/wp\/v2\/product_cat?post=1833"},{"taxonomy":"product_tag","embeddable":true,"href":"https:\/\/armonianaturaldietshop.com\/en\/wp-json\/wp\/v2\/product_tag?post=1833"}],"curies":[{"name":"wp","href":"https:\/\/api.w.org\/{rel}","templated":true}]}}