{"id":1834,"date":"2018-01-28T21:42:43","date_gmt":"2018-01-28T21:42:43","guid":{"rendered":"http:\/\/armonianaturaldietshop.com\/product\/fitness-pro-l-glutamina-1000mg-x-100-capsulas\/"},"modified":"2018-07-13T23:54:05","modified_gmt":"2018-07-13T23:54:05","slug":"fitness-pro-l-glutamina-1000mg-x-100-capsulas","status":"publish","type":"product","link":"https:\/\/armonianaturaldietshop.com\/en\/product\/fitness-pro-l-glutamina-1000mg-x-100-capsulas\/","title":{"rendered":"Fitness Pro L-Glutamina 1000Mg X 100 Capsulas"},"content":{"rendered":"<p style=\"margin-top: 0px; margin-right: 0px; margin-bottom: 1em; margin-left: 0px; text-align: center; padding: 0px;\"><span style=\"font-size: 36pt;\"><strong style=\"font-weight: bold; padding: 0px; margin: 0px;\">&nbsp; &nbsp; <span style=\"color: #00ff00;\">Fitness Pro L-Glutamine &nbsp; &nbsp; &nbsp; &nbsp; &nbsp; &nbsp; &nbsp; 100 capsulas<\/span><\/strong><\/span><\/p>\n<p style=\"margin-top: 0px; margin-right: 0px; margin-bottom: 1em; margin-left: 0px; text-align: center; padding: 0px;\"><span style=\"font-size: 36pt;\"><strong style=\"font-weight: bold; padding: 0px; margin: 0px;\"><span style=\"color: #00ff00;\">1000MG<\/span><\/strong><\/span><\/p>\n<p style=\"margin-top: 0px; margin-right: 0px; margin-bottom: 1em; margin-left: 0px; text-align: center; padding: 0px;\">&nbsp;<\/p>\n<p style=\"margin-top: 0px; margin-right: 0px; margin-bottom: 1em; margin-left: 0px; padding: 0px;\"><span style=\"font-size: 18pt;\">L-Glutamina se considera el amino\u00e1cido m\u00e1s abundante en el plasma sangu\u00edneo, as\u00ed como un transportador principal de nitr\u00f3geno. Se puede encontrar en una cantidad relativamente grande en los procesos del cuerpo, en comparaci\u00f3n con otros amino\u00e1cidos.<\/span><\/p>\n<p style=\"margin-top: 0px; margin-right: 0px; margin-bottom: 1em; margin-left: 0px; padding: 0px;\">&nbsp;<\/p>\n<p style=\"margin-top: 0px; margin-right: 0px; margin-bottom: 1em; margin-left: 0px; padding: 0px;\"><span style=\"font-size: 18pt;\">L-Glutamina se transforma en \u00e1cido glut\u00e1mico, requerido para las funciones cerebrales. Adem\u00e1s, es de vital importancia no s\u00f3lo para los procesos inmunol\u00f3gicos, sino tambi\u00e9n para la salud del sistema gastrointestinal.<\/span><\/p>\n<p style=\"margin-top: 0px; margin-right: 0px; margin-bottom: 1em; margin-left: 0px; padding: 0px;\">&nbsp;<\/p>\n<p style=\"margin-top: 0px; margin-right: 0px; margin-bottom: 1em; margin-left: 0px; padding: 0px;\"><span style=\"font-size: 18pt;\">Los niveles de L-Glutamina en la sangre se reducen de manera significativa despu\u00e9s de un entrenamiento deportivo intenso y pueden mantenerse bajos hasta la recuperaci\u00f3n completa. El amino\u00e1cido tiene un efecto de ahorro en el tejido muscular justo despu\u00e9s de tensiones f\u00edsicas extremas o rutinas, y tambi\u00e9n est\u00e1 involucrado en la s\u00edntesis de prote\u00ednas.<\/span><\/p>\n<p style=\"margin-top: 0px; margin-right: 0px; margin-bottom: 1em; margin-left: 0px; padding: 0px;\">&nbsp;<\/p>\n<p style=\"margin-top: 0px; margin-right: 0px; margin-bottom: 1em; margin-left: 0px; padding: 0px;\"><span style=\"font-size: 18pt;\">L-Glutamina se reconoce por el comportamiento de la actividad anti catab\u00f3lico \/ anab\u00f3lico, relacionada con la afectaci\u00f3n muscular despu\u00e9s de un estr\u00e9s f\u00edsico extremo.<\/span><\/p>\n<p style=\"margin-top: 0px; margin-right: 0px; margin-bottom: 1em; margin-left: 0px; padding: 0px;\">&nbsp;<\/p>\n<p style=\"margin-top: 0px; margin-right: 0px; margin-bottom: 1em; margin-left: 0px; padding: 0px;\"><span style=\"font-size: 18pt;\">Este suplemento no debe ser consumido por personas afectadas por la condici\u00f3n de Crohn, como tampoco por mujeres embarazadas o en la etapa de lactancia.<\/span><\/p>\n<p style=\"margin-top: 0px; margin-right: 0px; margin-bottom: 1em; margin-left: 0px; padding: 0px;\">&nbsp;<\/p>\n<p style=\"margin-top: 0px; margin-right: 0px; margin-bottom: 1em; margin-left: 0px; padding: 0px;\"><span style=\"font-size: 18pt; color: #0000ff;\">Indicaciones: Tomar 2 Capsulas diarias.<\/span><\/p>\n","protected":false},"excerpt":{"rendered":"<p>La glutamina act\u00faa a nivel muscular potenciando la formaci\u00f3n de m\u00fasculo y evitando la degradaci\u00f3n del mismo. Es por ello, que tanto en polvo, como en c\u00e1psulas, se lo utiliza como suplemento para ganar m\u00fasculo.<br \/>\nPor otra parte la glutamina se utiliza para estimular la formaci\u00f3n de reserva de energ\u00eda en el cuerpo, lo cual es muy beneficioso para los deportistas.<br \/>\nLa glutamina ayuda a enfrentar situaciones de stress traum\u00e1tico sobre el organismo, este amino\u00e1cido permite una mejor y m\u00e1s r\u00e1pida recuperaci\u00f3n.<br \/>\nAsimismo, este compuesto org\u00e1nico mantiene y promueve la integridad de la mucosa intestinal, evitando mala absorci\u00f3n de nutrientes.<br \/>\nIncluso, se le atribuyen beneficios para el tratamiento de ciertas enfermedades como por ejemplo la enfermedad de Crhon, ya mejora las defensas y disminuye el da\u00f1o intestinal.<br \/>\nPor \u00faltimo, la glutamina es \u00fatil para el tratamiento de la artritis, reduciendo la inflamaci\u00f3n y el dolor de la articulaci\u00f3n.<\/p>\n","protected":false},"featured_media":1345,"comment_status":"open","ping_status":"closed","template":"","meta":[],"product_cat":[29],"product_tag":[],"acf":[],"yoast_head":"<!-- This site is optimized with the Yoast SEO plugin v18.5.1 - https:\/\/yoast.com\/wordpress\/plugins\/seo\/ -->\n<title>Fitness Pro L-Glutamina 1000Mg X 100 Capsulas - Armonia Natural Diet Shop<\/title>\n<meta name=\"robots\" content=\"index, follow, max-snippet:-1, max-image-preview:large, max-video-preview:-1\" \/>\n<link rel=\"canonical\" href=\"https:\/\/armonianaturaldietshop.com\/en\/product\/fitness-pro-l-glutamina-1000mg-x-100-capsulas\/\" \/>\n<meta property=\"og:locale\" content=\"en_US\" \/>\n<meta property=\"og:type\" content=\"article\" \/>\n<meta property=\"og:title\" content=\"Fitness Pro L-Glutamina 1000Mg X 100 Capsulas - Armonia Natural Diet Shop\" \/>\n<meta property=\"og:description\" content=\"La glutamina act\u00faa a nivel muscular potenciando la formaci\u00f3n de m\u00fasculo y evitando la degradaci\u00f3n del mismo. Es por ello, que tanto en polvo, como en c\u00e1psulas, se lo utiliza como suplemento para ganar m\u00fasculo. Por otra parte la glutamina se utiliza para estimular la formaci\u00f3n de reserva de energ\u00eda en el cuerpo, lo cual es muy beneficioso para los deportistas. La glutamina ayuda a enfrentar situaciones de stress traum\u00e1tico sobre el organismo, este amino\u00e1cido permite una mejor y m\u00e1s r\u00e1pida recuperaci\u00f3n. Asimismo, este compuesto org\u00e1nico mantiene y promueve la integridad de la mucosa intestinal, evitando mala absorci\u00f3n de nutrientes. Incluso, se le atribuyen beneficios para el tratamiento de ciertas enfermedades como por ejemplo la enfermedad de Crhon, ya mejora las defensas y disminuye el da\u00f1o intestinal. Por \u00faltimo, la glutamina es \u00fatil para el tratamiento de la artritis, reduciendo la inflamaci\u00f3n y el dolor de la articulaci\u00f3n.\" \/>\n<meta property=\"og:url\" content=\"https:\/\/armonianaturaldietshop.com\/en\/product\/fitness-pro-l-glutamina-1000mg-x-100-capsulas\/\" \/>\n<meta property=\"og:site_name\" content=\"Armonia Natural Diet Shop\" \/>\n<meta property=\"article:publisher\" content=\"https:\/\/www.facebook.com\/ArmoniaNaturalDietShop\/\" \/>\n<meta property=\"article:modified_time\" content=\"2018-07-13T23:54:05+00:00\" \/>\n<meta property=\"og:image\" content=\"https:\/\/armonianaturaldietshop.com\/wp-content\/uploads\/2018\/02\/fitness-pro-l-glutamina-1000mg-x-100-capsulas_401.png\" \/>\n\t<meta property=\"og:image:width\" content=\"300\" \/>\n\t<meta property=\"og:image:height\" content=\"300\" \/>\n\t<meta property=\"og:image:type\" content=\"image\/png\" \/>\n<meta name=\"twitter:card\" content=\"summary_large_image\" \/>\n<meta name=\"twitter:label1\" content=\"Est. reading time\" \/>\n\t<meta name=\"twitter:data1\" content=\"1 minute\" \/>\n<script type=\"application\/ld+json\" class=\"yoast-schema-graph\">{\"@context\":\"https:\/\/schema.org\",\"@graph\":[{\"@type\":\"Organization\",\"@id\":\"https:\/\/armonianaturaldietshop.com\/#organization\",\"name\":\"Armonia Natural Diet Shop\",\"url\":\"https:\/\/armonianaturaldietshop.com\/\",\"sameAs\":[\"https:\/\/www.facebook.com\/ArmoniaNaturalDietShop\/\",\"https:\/\/www.instagram.com\/armonia.natural\/?hl=en\"],\"logo\":{\"@type\":\"ImageObject\",\"@id\":\"https:\/\/armonianaturaldietshop.com\/#logo\",\"inLanguage\":\"en-US\",\"url\":\"https:\/\/armonianaturaldietshop.com\/wp-content\/uploads\/2018\/01\/top-banner-1.png\",\"contentUrl\":\"https:\/\/armonianaturaldietshop.com\/wp-content\/uploads\/2018\/01\/top-banner-1.png\",\"width\":369,\"height\":116,\"caption\":\"Armonia Natural Diet Shop\"},\"image\":{\"@id\":\"https:\/\/armonianaturaldietshop.com\/#logo\"}},{\"@type\":\"WebSite\",\"@id\":\"https:\/\/armonianaturaldietshop.com\/#website\",\"url\":\"https:\/\/armonianaturaldietshop.com\/\",\"name\":\"Armonia Natural Diet Shop\",\"description\":\"Otro sitio realizado con WordPress\",\"publisher\":{\"@id\":\"https:\/\/armonianaturaldietshop.com\/#organization\"},\"potentialAction\":[{\"@type\":\"SearchAction\",\"target\":{\"@type\":\"EntryPoint\",\"urlTemplate\":\"https:\/\/armonianaturaldietshop.com\/?s={search_term_string}\"},\"query-input\":\"required name=search_term_string\"}],\"inLanguage\":\"en-US\"},{\"@type\":\"ImageObject\",\"@id\":\"https:\/\/armonianaturaldietshop.com\/en\/product\/fitness-pro-l-glutamina-1000mg-x-100-capsulas\/#primaryimage\",\"inLanguage\":\"en-US\",\"url\":\"https:\/\/armonianaturaldietshop.com\/wp-content\/uploads\/2018\/02\/fitness-pro-l-glutamina-1000mg-x-100-capsulas_401.png\",\"contentUrl\":\"https:\/\/armonianaturaldietshop.com\/wp-content\/uploads\/2018\/02\/fitness-pro-l-glutamina-1000mg-x-100-capsulas_401.png\",\"width\":300,\"height\":300},{\"@type\":\"WebPage\",\"@id\":\"https:\/\/armonianaturaldietshop.com\/en\/product\/fitness-pro-l-glutamina-1000mg-x-100-capsulas\/#webpage\",\"url\":\"https:\/\/armonianaturaldietshop.com\/en\/product\/fitness-pro-l-glutamina-1000mg-x-100-capsulas\/\",\"name\":\"Fitness Pro L-Glutamina 1000Mg X 100 Capsulas - Armonia Natural Diet Shop\",\"isPartOf\":{\"@id\":\"https:\/\/armonianaturaldietshop.com\/#website\"},\"primaryImageOfPage\":{\"@id\":\"https:\/\/armonianaturaldietshop.com\/en\/product\/fitness-pro-l-glutamina-1000mg-x-100-capsulas\/#primaryimage\"},\"datePublished\":\"2018-01-28T21:42:43+00:00\",\"dateModified\":\"2018-07-13T23:54:05+00:00\",\"breadcrumb\":{\"@id\":\"https:\/\/armonianaturaldietshop.com\/en\/product\/fitness-pro-l-glutamina-1000mg-x-100-capsulas\/#breadcrumb\"},\"inLanguage\":\"en-US\",\"potentialAction\":[{\"@type\":\"ReadAction\",\"target\":[\"https:\/\/armonianaturaldietshop.com\/en\/product\/fitness-pro-l-glutamina-1000mg-x-100-capsulas\/\"]}]},{\"@type\":\"BreadcrumbList\",\"@id\":\"https:\/\/armonianaturaldietshop.com\/en\/product\/fitness-pro-l-glutamina-1000mg-x-100-capsulas\/#breadcrumb\",\"itemListElement\":[{\"@type\":\"ListItem\",\"position\":1,\"name\":\"Home\",\"item\":\"https:\/\/armonianaturaldietshop.com\/en\/\"},{\"@type\":\"ListItem\",\"position\":2,\"name\":\"Shop\",\"item\":\"https:\/\/armonianaturaldietshop.com\/en\/shop\/\"},{\"@type\":\"ListItem\",\"position\":3,\"name\":\"Fitness Pro L-Glutamina 1000Mg X 100 Capsulas\"}]}]}<\/script>\n<!-- \/ Yoast SEO plugin. -->","yoast_head_json":{"title":"Fitness Pro L-Glutamina 1000Mg X 100 Capsulas - Armonia Natural Diet Shop","robots":{"index":"index","follow":"follow","max-snippet":"max-snippet:-1","max-image-preview":"max-image-preview:large","max-video-preview":"max-video-preview:-1"},"canonical":"https:\/\/armonianaturaldietshop.com\/en\/product\/fitness-pro-l-glutamina-1000mg-x-100-capsulas\/","og_locale":"en_US","og_type":"article","og_title":"Fitness Pro L-Glutamina 1000Mg X 100 Capsulas - Armonia Natural Diet Shop","og_description":"La glutamina act\u00faa a nivel muscular potenciando la formaci\u00f3n de m\u00fasculo y evitando la degradaci\u00f3n del mismo. Es por ello, que tanto en polvo, como en c\u00e1psulas, se lo utiliza como suplemento para ganar m\u00fasculo. Por otra parte la glutamina se utiliza para estimular la formaci\u00f3n de reserva de energ\u00eda en el cuerpo, lo cual es muy beneficioso para los deportistas. La glutamina ayuda a enfrentar situaciones de stress traum\u00e1tico sobre el organismo, este amino\u00e1cido permite una mejor y m\u00e1s r\u00e1pida recuperaci\u00f3n. Asimismo, este compuesto org\u00e1nico mantiene y promueve la integridad de la mucosa intestinal, evitando mala absorci\u00f3n de nutrientes. Incluso, se le atribuyen beneficios para el tratamiento de ciertas enfermedades como por ejemplo la enfermedad de Crhon, ya mejora las defensas y disminuye el da\u00f1o intestinal. Por \u00faltimo, la glutamina es \u00fatil para el tratamiento de la artritis, reduciendo la inflamaci\u00f3n y el dolor de la articulaci\u00f3n.","og_url":"https:\/\/armonianaturaldietshop.com\/en\/product\/fitness-pro-l-glutamina-1000mg-x-100-capsulas\/","og_site_name":"Armonia Natural Diet Shop","article_publisher":"https:\/\/www.facebook.com\/ArmoniaNaturalDietShop\/","article_modified_time":"2018-07-13T23:54:05+00:00","og_image":[{"width":300,"height":300,"url":"https:\/\/armonianaturaldietshop.com\/wp-content\/uploads\/2018\/02\/fitness-pro-l-glutamina-1000mg-x-100-capsulas_401.png","type":"image\/png"}],"twitter_card":"summary_large_image","twitter_misc":{"Est. reading time":"1 minute"},"schema":{"@context":"https:\/\/schema.org","@graph":[{"@type":"Organization","@id":"https:\/\/armonianaturaldietshop.com\/#organization","name":"Armonia Natural Diet Shop","url":"https:\/\/armonianaturaldietshop.com\/","sameAs":["https:\/\/www.facebook.com\/ArmoniaNaturalDietShop\/","https:\/\/www.instagram.com\/armonia.natural\/?hl=en"],"logo":{"@type":"ImageObject","@id":"https:\/\/armonianaturaldietshop.com\/#logo","inLanguage":"en-US","url":"https:\/\/armonianaturaldietshop.com\/wp-content\/uploads\/2018\/01\/top-banner-1.png","contentUrl":"https:\/\/armonianaturaldietshop.com\/wp-content\/uploads\/2018\/01\/top-banner-1.png","width":369,"height":116,"caption":"Armonia Natural Diet Shop"},"image":{"@id":"https:\/\/armonianaturaldietshop.com\/#logo"}},{"@type":"WebSite","@id":"https:\/\/armonianaturaldietshop.com\/#website","url":"https:\/\/armonianaturaldietshop.com\/","name":"Armonia Natural Diet Shop","description":"Otro sitio realizado con WordPress","publisher":{"@id":"https:\/\/armonianaturaldietshop.com\/#organization"},"potentialAction":[{"@type":"SearchAction","target":{"@type":"EntryPoint","urlTemplate":"https:\/\/armonianaturaldietshop.com\/?s={search_term_string}"},"query-input":"required name=search_term_string"}],"inLanguage":"en-US"},{"@type":"ImageObject","@id":"https:\/\/armonianaturaldietshop.com\/en\/product\/fitness-pro-l-glutamina-1000mg-x-100-capsulas\/#primaryimage","inLanguage":"en-US","url":"https:\/\/armonianaturaldietshop.com\/wp-content\/uploads\/2018\/02\/fitness-pro-l-glutamina-1000mg-x-100-capsulas_401.png","contentUrl":"https:\/\/armonianaturaldietshop.com\/wp-content\/uploads\/2018\/02\/fitness-pro-l-glutamina-1000mg-x-100-capsulas_401.png","width":300,"height":300},{"@type":"WebPage","@id":"https:\/\/armonianaturaldietshop.com\/en\/product\/fitness-pro-l-glutamina-1000mg-x-100-capsulas\/#webpage","url":"https:\/\/armonianaturaldietshop.com\/en\/product\/fitness-pro-l-glutamina-1000mg-x-100-capsulas\/","name":"Fitness Pro L-Glutamina 1000Mg X 100 Capsulas - Armonia Natural Diet Shop","isPartOf":{"@id":"https:\/\/armonianaturaldietshop.com\/#website"},"primaryImageOfPage":{"@id":"https:\/\/armonianaturaldietshop.com\/en\/product\/fitness-pro-l-glutamina-1000mg-x-100-capsulas\/#primaryimage"},"datePublished":"2018-01-28T21:42:43+00:00","dateModified":"2018-07-13T23:54:05+00:00","breadcrumb":{"@id":"https:\/\/armonianaturaldietshop.com\/en\/product\/fitness-pro-l-glutamina-1000mg-x-100-capsulas\/#breadcrumb"},"inLanguage":"en-US","potentialAction":[{"@type":"ReadAction","target":["https:\/\/armonianaturaldietshop.com\/en\/product\/fitness-pro-l-glutamina-1000mg-x-100-capsulas\/"]}]},{"@type":"BreadcrumbList","@id":"https:\/\/armonianaturaldietshop.com\/en\/product\/fitness-pro-l-glutamina-1000mg-x-100-capsulas\/#breadcrumb","itemListElement":[{"@type":"ListItem","position":1,"name":"Home","item":"https:\/\/armonianaturaldietshop.com\/en\/"},{"@type":"ListItem","position":2,"name":"Shop","item":"https:\/\/armonianaturaldietshop.com\/en\/shop\/"},{"@type":"ListItem","position":3,"name":"Fitness Pro L-Glutamina 1000Mg X 100 Capsulas"}]}]}},"_links":{"self":[{"href":"https:\/\/armonianaturaldietshop.com\/en\/wp-json\/wp\/v2\/product\/1834"}],"collection":[{"href":"https:\/\/armonianaturaldietshop.com\/en\/wp-json\/wp\/v2\/product"}],"about":[{"href":"https:\/\/armonianaturaldietshop.com\/en\/wp-json\/wp\/v2\/types\/product"}],"replies":[{"embeddable":true,"href":"https:\/\/armonianaturaldietshop.com\/en\/wp-json\/wp\/v2\/comments?post=1834"}],"wp:featuredmedia":[{"embeddable":true,"href":"https:\/\/armonianaturaldietshop.com\/en\/wp-json\/wp\/v2\/media\/1345"}],"wp:attachment":[{"href":"https:\/\/armonianaturaldietshop.com\/en\/wp-json\/wp\/v2\/media?parent=1834"}],"wp:term":[{"taxonomy":"product_cat","embeddable":true,"href":"https:\/\/armonianaturaldietshop.com\/en\/wp-json\/wp\/v2\/product_cat?post=1834"},{"taxonomy":"product_tag","embeddable":true,"href":"https:\/\/armonianaturaldietshop.com\/en\/wp-json\/wp\/v2\/product_tag?post=1834"}],"curies":[{"name":"wp","href":"https:\/\/api.w.org\/{rel}","templated":true}]}}