{"id":1837,"date":"2018-01-28T21:42:42","date_gmt":"2018-01-28T21:42:42","guid":{"rendered":"http:\/\/armonianaturaldietshop.com\/product\/echinafense-tramiento-para-los-sintomas-del-resfriado\/"},"modified":"2018-07-13T23:53:30","modified_gmt":"2018-07-13T23:53:30","slug":"echinafense-tramiento-para-los-sintomas-del-resfriado","status":"publish","type":"product","link":"https:\/\/armonianaturaldietshop.com\/en\/product\/echinafense-tramiento-para-los-sintomas-del-resfriado\/","title":{"rendered":"Echinafense Tramiento Para Los Sintomas Del Resfriado"},"content":{"rendered":"<p style=\"font-size: 1.3rem; line-height: 1.8rem; text-align: center;\"><img style=\"border-style: initial; border-color: initial; display: inline-block; width: 320px; height: 192px; float: center; border-width: 0px; margin: 15px;\" src=\"http:\/\/s6.postimg.org\/6d70hdza9\/logo_Medical_Green2.png\" alt=\"\" \/><\/p>\n<p style=\"font-size: 1.3rem; line-height: 1.8rem; text-align: justify;\"><strong style=\"font-weight: bold;\">Medical Green&nbsp;<\/strong>es un laboratorio de suplementos dietarios y nutrici\u00f3n el cual esta interesado en el bienestar y salud de todas las personas y por eso <strong style=\"font-weight: bold;\">&nbsp;<\/strong>traen para ti, este nuevo producto que traer\u00e1 enormes beneficios a tu salud y cambiara tu ritmo de vida.<\/p>\n<p><span style=\"font-size: 14pt;\">Echinafense (Echinacea)<\/span><br \/><span style=\"font-size: 14pt;\">Extracto de echinacea purpurea, planta usada como antibi\u00f3tico natural.<\/span><\/p>\n<p><span style=\"font-size: 14pt;\">Beneficios:<\/span><\/p>\n<p><span style=\"font-size: 14pt;\">Aumenta la capacidad del sistema inmune contra virus y bacterias.<\/span><br \/><span style=\"font-size: 14pt;\">Posee propiedades antivirales y antiinflamatorias.<\/span><br \/><span style=\"font-size: 14pt;\">\u00datil para tratar catarros y resfriados.<\/span><br \/><span style=\"font-size: 14pt;\"><\/span><\/p>\n<p><span style=\"font-size: 14pt;\">Presentaci\u00f3n:<\/span><\/p>\n<p><span style=\"font-size: 14pt;\">60 C\u00e1psulas vegetales.<\/span><\/p>\n<p style=\"font-size: 1.3rem; line-height: 1.8rem; text-align: justify;\">En esos d\u00edas en donde no tenemos certeza por el clima,<strong style=\"font-weight: bold;\">&nbsp;Echinafense<\/strong>&nbsp;es el producto indicado para aliviar esos molestos e inc\u00f3modos s\u00edntomas de la gripa siendo un producto de obtenci\u00f3n natural eficaz en el tratamiento del resfriado; este producto, refuerza el sistema inmonol\u00f3gico y es un tratamiento efectivo contra catarros y gripas. Tambi\u00e9n sirve cuando tienes alguna infecci\u00f3n respiratoria y es de f\u00e1cil consumo.<\/p>\n<p style=\"font-size: 1.3rem; line-height: 1.8rem; text-align: justify;\">El producto te dar\u00e1 la posibilidad de tener una vida saludable y te aportar\u00e1 los nutrientes m\u00e1s importantes para tu organismo que no se pueden ingerir en tu dieta diaria como un&nbsp;<strong style=\"font-weight: bold;\">complemento nutricional<\/strong>. Este producto es natural y posee una f\u00f3rmula inovadora. No dejes pasar la oportunidad de agregar a tu vida este saludable producto.<\/p>\n<p style=\"font-size: 1.3rem; line-height: 1.8rem; text-align: center;\"><img style=\"border-style: initial; border-color: initial; display: inline-block; width: 320px; height: 240px; float: center; border-width: 0px; margin: 15px;\" src=\"http:\/\/s6.postimg.org\/bhptyfy1t\/3195b_Consejos_saludables_para_las_vacaciones.jpg\" alt=\"\" \/><\/p>\n","protected":false},"excerpt":{"rendered":"<p>Beneficios:<\/p>\n<p>Aumenta la capacidad del sistema inmune contra virus y bacterias.<br \/>\nPosee propiedades antivirales y antiinflamatorias.<br \/>\n\u00datil para tratar catarros y resfriados.<\/p>\n","protected":false},"featured_media":1355,"comment_status":"open","ping_status":"closed","template":"","meta":[],"product_cat":[47,34],"product_tag":[],"acf":[],"yoast_head":"<!-- This site is optimized with the Yoast SEO plugin v18.5.1 - https:\/\/yoast.com\/wordpress\/plugins\/seo\/ -->\n<title>Echinafense Tramiento Para Los Sintomas Del Resfriado - Armonia Natural Diet Shop<\/title>\n<meta name=\"robots\" content=\"index, follow, max-snippet:-1, max-image-preview:large, max-video-preview:-1\" \/>\n<link rel=\"canonical\" href=\"https:\/\/armonianaturaldietshop.com\/en\/product\/echinafense-tramiento-para-los-sintomas-del-resfriado\/\" \/>\n<meta property=\"og:locale\" content=\"en_US\" \/>\n<meta property=\"og:type\" content=\"article\" \/>\n<meta property=\"og:title\" content=\"Echinafense Tramiento Para Los Sintomas Del Resfriado - Armonia Natural Diet Shop\" \/>\n<meta property=\"og:description\" content=\"Beneficios:  Aumenta la capacidad del sistema inmune contra virus y bacterias. Posee propiedades antivirales y antiinflamatorias. \u00datil para tratar catarros y resfriados.\" \/>\n<meta property=\"og:url\" content=\"https:\/\/armonianaturaldietshop.com\/en\/product\/echinafense-tramiento-para-los-sintomas-del-resfriado\/\" \/>\n<meta property=\"og:site_name\" content=\"Armonia Natural Diet Shop\" \/>\n<meta property=\"article:publisher\" content=\"https:\/\/www.facebook.com\/ArmoniaNaturalDietShop\/\" \/>\n<meta property=\"article:modified_time\" content=\"2018-07-13T23:53:30+00:00\" \/>\n<meta property=\"og:image\" content=\"https:\/\/armonianaturaldietshop.com\/wp-content\/uploads\/2018\/02\/echinafense-tramiento-para-los-sintomas-del-resfriado_224.jpg\" \/>\n\t<meta property=\"og:image:width\" content=\"200\" \/>\n\t<meta property=\"og:image:height\" content=\"200\" \/>\n\t<meta property=\"og:image:type\" content=\"image\/jpeg\" \/>\n<meta name=\"twitter:card\" content=\"summary_large_image\" \/>\n<meta name=\"twitter:label1\" content=\"Est. reading time\" \/>\n\t<meta name=\"twitter:data1\" content=\"1 minute\" \/>\n<script type=\"application\/ld+json\" class=\"yoast-schema-graph\">{\"@context\":\"https:\/\/schema.org\",\"@graph\":[{\"@type\":\"Organization\",\"@id\":\"https:\/\/armonianaturaldietshop.com\/#organization\",\"name\":\"Armonia Natural Diet Shop\",\"url\":\"https:\/\/armonianaturaldietshop.com\/\",\"sameAs\":[\"https:\/\/www.facebook.com\/ArmoniaNaturalDietShop\/\",\"https:\/\/www.instagram.com\/armonia.natural\/?hl=en\"],\"logo\":{\"@type\":\"ImageObject\",\"@id\":\"https:\/\/armonianaturaldietshop.com\/#logo\",\"inLanguage\":\"en-US\",\"url\":\"https:\/\/armonianaturaldietshop.com\/wp-content\/uploads\/2018\/01\/top-banner-1.png\",\"contentUrl\":\"https:\/\/armonianaturaldietshop.com\/wp-content\/uploads\/2018\/01\/top-banner-1.png\",\"width\":369,\"height\":116,\"caption\":\"Armonia Natural Diet Shop\"},\"image\":{\"@id\":\"https:\/\/armonianaturaldietshop.com\/#logo\"}},{\"@type\":\"WebSite\",\"@id\":\"https:\/\/armonianaturaldietshop.com\/#website\",\"url\":\"https:\/\/armonianaturaldietshop.com\/\",\"name\":\"Armonia Natural Diet Shop\",\"description\":\"Otro sitio realizado con WordPress\",\"publisher\":{\"@id\":\"https:\/\/armonianaturaldietshop.com\/#organization\"},\"potentialAction\":[{\"@type\":\"SearchAction\",\"target\":{\"@type\":\"EntryPoint\",\"urlTemplate\":\"https:\/\/armonianaturaldietshop.com\/?s={search_term_string}\"},\"query-input\":\"required name=search_term_string\"}],\"inLanguage\":\"en-US\"},{\"@type\":\"ImageObject\",\"@id\":\"https:\/\/armonianaturaldietshop.com\/en\/product\/echinafense-tramiento-para-los-sintomas-del-resfriado\/#primaryimage\",\"inLanguage\":\"en-US\",\"url\":\"https:\/\/armonianaturaldietshop.com\/wp-content\/uploads\/2018\/02\/echinafense-tramiento-para-los-sintomas-del-resfriado_224.jpg\",\"contentUrl\":\"https:\/\/armonianaturaldietshop.com\/wp-content\/uploads\/2018\/02\/echinafense-tramiento-para-los-sintomas-del-resfriado_224.jpg\",\"width\":200,\"height\":200},{\"@type\":\"WebPage\",\"@id\":\"https:\/\/armonianaturaldietshop.com\/en\/product\/echinafense-tramiento-para-los-sintomas-del-resfriado\/#webpage\",\"url\":\"https:\/\/armonianaturaldietshop.com\/en\/product\/echinafense-tramiento-para-los-sintomas-del-resfriado\/\",\"name\":\"Echinafense Tramiento Para Los Sintomas Del Resfriado - Armonia Natural Diet Shop\",\"isPartOf\":{\"@id\":\"https:\/\/armonianaturaldietshop.com\/#website\"},\"primaryImageOfPage\":{\"@id\":\"https:\/\/armonianaturaldietshop.com\/en\/product\/echinafense-tramiento-para-los-sintomas-del-resfriado\/#primaryimage\"},\"datePublished\":\"2018-01-28T21:42:42+00:00\",\"dateModified\":\"2018-07-13T23:53:30+00:00\",\"breadcrumb\":{\"@id\":\"https:\/\/armonianaturaldietshop.com\/en\/product\/echinafense-tramiento-para-los-sintomas-del-resfriado\/#breadcrumb\"},\"inLanguage\":\"en-US\",\"potentialAction\":[{\"@type\":\"ReadAction\",\"target\":[\"https:\/\/armonianaturaldietshop.com\/en\/product\/echinafense-tramiento-para-los-sintomas-del-resfriado\/\"]}]},{\"@type\":\"BreadcrumbList\",\"@id\":\"https:\/\/armonianaturaldietshop.com\/en\/product\/echinafense-tramiento-para-los-sintomas-del-resfriado\/#breadcrumb\",\"itemListElement\":[{\"@type\":\"ListItem\",\"position\":1,\"name\":\"Home\",\"item\":\"https:\/\/armonianaturaldietshop.com\/en\/\"},{\"@type\":\"ListItem\",\"position\":2,\"name\":\"Shop\",\"item\":\"https:\/\/armonianaturaldietshop.com\/en\/shop\/\"},{\"@type\":\"ListItem\",\"position\":3,\"name\":\"Echinafense Tramiento Para Los Sintomas Del Resfriado\"}]}]}<\/script>\n<!-- \/ Yoast SEO plugin. -->","yoast_head_json":{"title":"Echinafense Tramiento Para Los Sintomas Del Resfriado - Armonia Natural Diet Shop","robots":{"index":"index","follow":"follow","max-snippet":"max-snippet:-1","max-image-preview":"max-image-preview:large","max-video-preview":"max-video-preview:-1"},"canonical":"https:\/\/armonianaturaldietshop.com\/en\/product\/echinafense-tramiento-para-los-sintomas-del-resfriado\/","og_locale":"en_US","og_type":"article","og_title":"Echinafense Tramiento Para Los Sintomas Del Resfriado - Armonia Natural Diet Shop","og_description":"Beneficios:  Aumenta la capacidad del sistema inmune contra virus y bacterias. Posee propiedades antivirales y antiinflamatorias. \u00datil para tratar catarros y resfriados.","og_url":"https:\/\/armonianaturaldietshop.com\/en\/product\/echinafense-tramiento-para-los-sintomas-del-resfriado\/","og_site_name":"Armonia Natural Diet Shop","article_publisher":"https:\/\/www.facebook.com\/ArmoniaNaturalDietShop\/","article_modified_time":"2018-07-13T23:53:30+00:00","og_image":[{"width":200,"height":200,"url":"https:\/\/armonianaturaldietshop.com\/wp-content\/uploads\/2018\/02\/echinafense-tramiento-para-los-sintomas-del-resfriado_224.jpg","type":"image\/jpeg"}],"twitter_card":"summary_large_image","twitter_misc":{"Est. reading time":"1 minute"},"schema":{"@context":"https:\/\/schema.org","@graph":[{"@type":"Organization","@id":"https:\/\/armonianaturaldietshop.com\/#organization","name":"Armonia Natural Diet Shop","url":"https:\/\/armonianaturaldietshop.com\/","sameAs":["https:\/\/www.facebook.com\/ArmoniaNaturalDietShop\/","https:\/\/www.instagram.com\/armonia.natural\/?hl=en"],"logo":{"@type":"ImageObject","@id":"https:\/\/armonianaturaldietshop.com\/#logo","inLanguage":"en-US","url":"https:\/\/armonianaturaldietshop.com\/wp-content\/uploads\/2018\/01\/top-banner-1.png","contentUrl":"https:\/\/armonianaturaldietshop.com\/wp-content\/uploads\/2018\/01\/top-banner-1.png","width":369,"height":116,"caption":"Armonia Natural Diet Shop"},"image":{"@id":"https:\/\/armonianaturaldietshop.com\/#logo"}},{"@type":"WebSite","@id":"https:\/\/armonianaturaldietshop.com\/#website","url":"https:\/\/armonianaturaldietshop.com\/","name":"Armonia Natural Diet Shop","description":"Otro sitio realizado con WordPress","publisher":{"@id":"https:\/\/armonianaturaldietshop.com\/#organization"},"potentialAction":[{"@type":"SearchAction","target":{"@type":"EntryPoint","urlTemplate":"https:\/\/armonianaturaldietshop.com\/?s={search_term_string}"},"query-input":"required name=search_term_string"}],"inLanguage":"en-US"},{"@type":"ImageObject","@id":"https:\/\/armonianaturaldietshop.com\/en\/product\/echinafense-tramiento-para-los-sintomas-del-resfriado\/#primaryimage","inLanguage":"en-US","url":"https:\/\/armonianaturaldietshop.com\/wp-content\/uploads\/2018\/02\/echinafense-tramiento-para-los-sintomas-del-resfriado_224.jpg","contentUrl":"https:\/\/armonianaturaldietshop.com\/wp-content\/uploads\/2018\/02\/echinafense-tramiento-para-los-sintomas-del-resfriado_224.jpg","width":200,"height":200},{"@type":"WebPage","@id":"https:\/\/armonianaturaldietshop.com\/en\/product\/echinafense-tramiento-para-los-sintomas-del-resfriado\/#webpage","url":"https:\/\/armonianaturaldietshop.com\/en\/product\/echinafense-tramiento-para-los-sintomas-del-resfriado\/","name":"Echinafense Tramiento Para Los Sintomas Del Resfriado - Armonia Natural Diet Shop","isPartOf":{"@id":"https:\/\/armonianaturaldietshop.com\/#website"},"primaryImageOfPage":{"@id":"https:\/\/armonianaturaldietshop.com\/en\/product\/echinafense-tramiento-para-los-sintomas-del-resfriado\/#primaryimage"},"datePublished":"2018-01-28T21:42:42+00:00","dateModified":"2018-07-13T23:53:30+00:00","breadcrumb":{"@id":"https:\/\/armonianaturaldietshop.com\/en\/product\/echinafense-tramiento-para-los-sintomas-del-resfriado\/#breadcrumb"},"inLanguage":"en-US","potentialAction":[{"@type":"ReadAction","target":["https:\/\/armonianaturaldietshop.com\/en\/product\/echinafense-tramiento-para-los-sintomas-del-resfriado\/"]}]},{"@type":"BreadcrumbList","@id":"https:\/\/armonianaturaldietshop.com\/en\/product\/echinafense-tramiento-para-los-sintomas-del-resfriado\/#breadcrumb","itemListElement":[{"@type":"ListItem","position":1,"name":"Home","item":"https:\/\/armonianaturaldietshop.com\/en\/"},{"@type":"ListItem","position":2,"name":"Shop","item":"https:\/\/armonianaturaldietshop.com\/en\/shop\/"},{"@type":"ListItem","position":3,"name":"Echinafense Tramiento Para Los Sintomas Del Resfriado"}]}]}},"_links":{"self":[{"href":"https:\/\/armonianaturaldietshop.com\/en\/wp-json\/wp\/v2\/product\/1837"}],"collection":[{"href":"https:\/\/armonianaturaldietshop.com\/en\/wp-json\/wp\/v2\/product"}],"about":[{"href":"https:\/\/armonianaturaldietshop.com\/en\/wp-json\/wp\/v2\/types\/product"}],"replies":[{"embeddable":true,"href":"https:\/\/armonianaturaldietshop.com\/en\/wp-json\/wp\/v2\/comments?post=1837"}],"wp:featuredmedia":[{"embeddable":true,"href":"https:\/\/armonianaturaldietshop.com\/en\/wp-json\/wp\/v2\/media\/1355"}],"wp:attachment":[{"href":"https:\/\/armonianaturaldietshop.com\/en\/wp-json\/wp\/v2\/media?parent=1837"}],"wp:term":[{"taxonomy":"product_cat","embeddable":true,"href":"https:\/\/armonianaturaldietshop.com\/en\/wp-json\/wp\/v2\/product_cat?post=1837"},{"taxonomy":"product_tag","embeddable":true,"href":"https:\/\/armonianaturaldietshop.com\/en\/wp-json\/wp\/v2\/product_tag?post=1837"}],"curies":[{"name":"wp","href":"https:\/\/api.w.org\/{rel}","templated":true}]}}