{"id":1840,"date":"2018-01-28T21:42:41","date_gmt":"2018-01-28T21:42:41","guid":{"rendered":"http:\/\/armonianaturaldietshop.com\/product\/colostrum-factor-60-capsulas\/"},"modified":"2018-07-13T23:52:47","modified_gmt":"2018-07-13T23:52:47","slug":"colostrum-factor-60-capsulas","status":"publish","type":"product","link":"https:\/\/armonianaturaldietshop.com\/en\/product\/colostrum-factor-60-capsulas\/","title":{"rendered":"Colostrum Factor 60 Capsulas"},"content":{"rendered":"<p><img src=\"images\/colostrum2.JPG\" alt=\"\" \/><\/p>\n<p><img src=\"images\/colostrum 3.JPG\" alt=\"\" \/><\/p>\n<p style=\"font-size: 1.3rem; line-height: 1.8rem; text-align: center;\">&nbsp;<\/p>\n<p style=\"font-size: 1.3rem; line-height: 1.8rem; text-align: center;\"><img style=\"border-style: initial; border-color: initial; display: inline-block; width: 320px; height: 111px; border-width: 0px;\" src=\"http:\/\/s6.postimg.org\/6d70hdza9\/logo_Medical_Green2.png\" alt=\"\" \/><\/p>\n<p style=\"font-size: 1.3rem; line-height: 1.8rem; text-align: justify;\"><strong style=\"font-weight: bold;\">Medical Green&nbsp;<\/strong>es un laboratorio de suplementos dietarios y nutrici\u00f3n el cual esta interesado en el bienestar y salud de todas las personas y por eso <strong style=\"font-weight: bold;\">&nbsp;<\/strong>traen para ti, este nuevo producto que traer\u00e1 enormes beneficios a tu salud y cambiara tu ritmo de vida.<\/p>\n<p style=\"font-size: 1.3rem; line-height: 1.8rem; text-align: justify;\">El<strong style=\"font-weight: bold;\">&nbsp;Colostrum Factor<\/strong>&nbsp;&nbsp;posee una f\u00f3rmula de Inositol Hexafosfato y adem\u00e1s contiene &nbsp;Natramune cuyo principio activo es fortalecer la funci\u00f3n de las c\u00e9lulas de defensa espec\u00edficas del organismo. Apoya la funci\u00f3n del sistema inmunol\u00f3gico. Su presentaci\u00f3n viene en c\u00e1psulas para mejor consumo.<\/p>\n<p style=\"font-size: 1.3rem; line-height: 1.8rem; text-align: justify;\">Este producto te dar\u00e1 la posibilidad de&nbsp;<strong style=\"font-weight: bold;\">tener una vida saludable<\/strong>&nbsp;y te aportar\u00e1 los nutrientes m\u00e1s importantes para tu organismo que no se pueden ingerir en tu dieta diaria como un&nbsp;<strong style=\"font-weight: bold;\">complemento nutricional<\/strong>. Este producto es natural y posee una f\u00f3rmula inovadora. No dejes pasar la oportunidad de agregar a tu vida este saludable producto.<\/p>\n<p style=\"font-size: 1.3rem; line-height: 1.8rem; text-align: center;\"><img style=\"border-style: initial; border-color: initial; display: inline-block; width: 280px; height: 280px; border-width: 0px;\" src=\"http:\/\/s6.postimg.org\/7io11vk0x\/3195b_Consejos_saludables_para_las_vacaciones.jpg\" alt=\"\" \/><\/p>\n","protected":false},"excerpt":{"rendered":"<p>La f\u00f3rmula m\u00e1s completa de calostro bovino combinado con hongos orientales, inositol hexafosfato y Natramune, componente que activa las c\u00e9lulas de defensa del cuerpo.<br \/>\nBeneficios:<\/p>\n<p>Apoya la funci\u00f3n inmunol\u00f3gica del cuerpo.<br \/>\nAyuda a mantener sanas las c\u00e9lulas y tejidos del cuerpo.<br \/>\nFortalece la resistencia en contra de virus, bacterias y pat\u00f3genos.<br \/>\nPresentaci\u00f3n:<\/p>\n<p>60 C\u00e1psulas vegetales.<\/p>\n","protected":false},"featured_media":1365,"comment_status":"open","ping_status":"closed","template":"","meta":[],"product_cat":[47,34],"product_tag":[],"acf":[],"yoast_head":"<!-- This site is optimized with the Yoast SEO plugin v18.5.1 - https:\/\/yoast.com\/wordpress\/plugins\/seo\/ -->\n<title>Colostrum Factor 60 Capsulas - Armonia Natural Diet Shop<\/title>\n<meta name=\"robots\" content=\"index, follow, max-snippet:-1, max-image-preview:large, max-video-preview:-1\" \/>\n<link rel=\"canonical\" href=\"https:\/\/armonianaturaldietshop.com\/en\/product\/colostrum-factor-60-capsulas\/\" \/>\n<meta property=\"og:locale\" content=\"en_US\" \/>\n<meta property=\"og:type\" content=\"article\" \/>\n<meta property=\"og:title\" content=\"Colostrum Factor 60 Capsulas - Armonia Natural Diet Shop\" \/>\n<meta property=\"og:description\" content=\"La f\u00f3rmula m\u00e1s completa de calostro bovino combinado con hongos orientales, inositol hexafosfato y Natramune, componente que activa las c\u00e9lulas de defensa del cuerpo. Beneficios:  Apoya la funci\u00f3n inmunol\u00f3gica del cuerpo. Ayuda a mantener sanas las c\u00e9lulas y tejidos del cuerpo. Fortalece la resistencia en contra de virus, bacterias y pat\u00f3genos. Presentaci\u00f3n:  60 C\u00e1psulas vegetales.\" \/>\n<meta property=\"og:url\" content=\"https:\/\/armonianaturaldietshop.com\/en\/product\/colostrum-factor-60-capsulas\/\" \/>\n<meta property=\"og:site_name\" content=\"Armonia Natural Diet Shop\" \/>\n<meta property=\"article:publisher\" content=\"https:\/\/www.facebook.com\/ArmoniaNaturalDietShop\/\" \/>\n<meta property=\"article:modified_time\" content=\"2018-07-13T23:52:47+00:00\" \/>\n<meta property=\"og:image\" content=\"https:\/\/armonianaturaldietshop.com\/wp-content\/uploads\/2018\/02\/colostrum-factor-60-capsulas_219.jpg\" \/>\n\t<meta property=\"og:image:width\" content=\"960\" \/>\n\t<meta property=\"og:image:height\" content=\"650\" \/>\n\t<meta property=\"og:image:type\" content=\"image\/jpeg\" \/>\n<meta name=\"twitter:card\" content=\"summary_large_image\" \/>\n<meta name=\"twitter:label1\" content=\"Est. reading time\" \/>\n\t<meta name=\"twitter:data1\" content=\"1 minute\" \/>\n<script type=\"application\/ld+json\" class=\"yoast-schema-graph\">{\"@context\":\"https:\/\/schema.org\",\"@graph\":[{\"@type\":\"Organization\",\"@id\":\"https:\/\/armonianaturaldietshop.com\/#organization\",\"name\":\"Armonia Natural Diet Shop\",\"url\":\"https:\/\/armonianaturaldietshop.com\/\",\"sameAs\":[\"https:\/\/www.facebook.com\/ArmoniaNaturalDietShop\/\",\"https:\/\/www.instagram.com\/armonia.natural\/?hl=en\"],\"logo\":{\"@type\":\"ImageObject\",\"@id\":\"https:\/\/armonianaturaldietshop.com\/#logo\",\"inLanguage\":\"en-US\",\"url\":\"https:\/\/armonianaturaldietshop.com\/wp-content\/uploads\/2018\/01\/top-banner-1.png\",\"contentUrl\":\"https:\/\/armonianaturaldietshop.com\/wp-content\/uploads\/2018\/01\/top-banner-1.png\",\"width\":369,\"height\":116,\"caption\":\"Armonia Natural Diet Shop\"},\"image\":{\"@id\":\"https:\/\/armonianaturaldietshop.com\/#logo\"}},{\"@type\":\"WebSite\",\"@id\":\"https:\/\/armonianaturaldietshop.com\/#website\",\"url\":\"https:\/\/armonianaturaldietshop.com\/\",\"name\":\"Armonia Natural Diet Shop\",\"description\":\"Otro sitio realizado con WordPress\",\"publisher\":{\"@id\":\"https:\/\/armonianaturaldietshop.com\/#organization\"},\"potentialAction\":[{\"@type\":\"SearchAction\",\"target\":{\"@type\":\"EntryPoint\",\"urlTemplate\":\"https:\/\/armonianaturaldietshop.com\/?s={search_term_string}\"},\"query-input\":\"required name=search_term_string\"}],\"inLanguage\":\"en-US\"},{\"@type\":\"ImageObject\",\"@id\":\"https:\/\/armonianaturaldietshop.com\/en\/product\/colostrum-factor-60-capsulas\/#primaryimage\",\"inLanguage\":\"en-US\",\"url\":\"https:\/\/armonianaturaldietshop.com\/wp-content\/uploads\/2018\/02\/colostrum-factor-60-capsulas_219.jpg\",\"contentUrl\":\"https:\/\/armonianaturaldietshop.com\/wp-content\/uploads\/2018\/02\/colostrum-factor-60-capsulas_219.jpg\",\"width\":960,\"height\":650},{\"@type\":\"WebPage\",\"@id\":\"https:\/\/armonianaturaldietshop.com\/en\/product\/colostrum-factor-60-capsulas\/#webpage\",\"url\":\"https:\/\/armonianaturaldietshop.com\/en\/product\/colostrum-factor-60-capsulas\/\",\"name\":\"Colostrum Factor 60 Capsulas - Armonia Natural Diet Shop\",\"isPartOf\":{\"@id\":\"https:\/\/armonianaturaldietshop.com\/#website\"},\"primaryImageOfPage\":{\"@id\":\"https:\/\/armonianaturaldietshop.com\/en\/product\/colostrum-factor-60-capsulas\/#primaryimage\"},\"datePublished\":\"2018-01-28T21:42:41+00:00\",\"dateModified\":\"2018-07-13T23:52:47+00:00\",\"breadcrumb\":{\"@id\":\"https:\/\/armonianaturaldietshop.com\/en\/product\/colostrum-factor-60-capsulas\/#breadcrumb\"},\"inLanguage\":\"en-US\",\"potentialAction\":[{\"@type\":\"ReadAction\",\"target\":[\"https:\/\/armonianaturaldietshop.com\/en\/product\/colostrum-factor-60-capsulas\/\"]}]},{\"@type\":\"BreadcrumbList\",\"@id\":\"https:\/\/armonianaturaldietshop.com\/en\/product\/colostrum-factor-60-capsulas\/#breadcrumb\",\"itemListElement\":[{\"@type\":\"ListItem\",\"position\":1,\"name\":\"Home\",\"item\":\"https:\/\/armonianaturaldietshop.com\/en\/\"},{\"@type\":\"ListItem\",\"position\":2,\"name\":\"Shop\",\"item\":\"https:\/\/armonianaturaldietshop.com\/en\/shop\/\"},{\"@type\":\"ListItem\",\"position\":3,\"name\":\"Colostrum Factor 60 Capsulas\"}]}]}<\/script>\n<!-- \/ Yoast SEO plugin. -->","yoast_head_json":{"title":"Colostrum Factor 60 Capsulas - Armonia Natural Diet Shop","robots":{"index":"index","follow":"follow","max-snippet":"max-snippet:-1","max-image-preview":"max-image-preview:large","max-video-preview":"max-video-preview:-1"},"canonical":"https:\/\/armonianaturaldietshop.com\/en\/product\/colostrum-factor-60-capsulas\/","og_locale":"en_US","og_type":"article","og_title":"Colostrum Factor 60 Capsulas - Armonia Natural Diet Shop","og_description":"La f\u00f3rmula m\u00e1s completa de calostro bovino combinado con hongos orientales, inositol hexafosfato y Natramune, componente que activa las c\u00e9lulas de defensa del cuerpo. Beneficios:  Apoya la funci\u00f3n inmunol\u00f3gica del cuerpo. Ayuda a mantener sanas las c\u00e9lulas y tejidos del cuerpo. Fortalece la resistencia en contra de virus, bacterias y pat\u00f3genos. Presentaci\u00f3n:  60 C\u00e1psulas vegetales.","og_url":"https:\/\/armonianaturaldietshop.com\/en\/product\/colostrum-factor-60-capsulas\/","og_site_name":"Armonia Natural Diet Shop","article_publisher":"https:\/\/www.facebook.com\/ArmoniaNaturalDietShop\/","article_modified_time":"2018-07-13T23:52:47+00:00","og_image":[{"width":960,"height":650,"url":"https:\/\/armonianaturaldietshop.com\/wp-content\/uploads\/2018\/02\/colostrum-factor-60-capsulas_219.jpg","type":"image\/jpeg"}],"twitter_card":"summary_large_image","twitter_misc":{"Est. reading time":"1 minute"},"schema":{"@context":"https:\/\/schema.org","@graph":[{"@type":"Organization","@id":"https:\/\/armonianaturaldietshop.com\/#organization","name":"Armonia Natural Diet Shop","url":"https:\/\/armonianaturaldietshop.com\/","sameAs":["https:\/\/www.facebook.com\/ArmoniaNaturalDietShop\/","https:\/\/www.instagram.com\/armonia.natural\/?hl=en"],"logo":{"@type":"ImageObject","@id":"https:\/\/armonianaturaldietshop.com\/#logo","inLanguage":"en-US","url":"https:\/\/armonianaturaldietshop.com\/wp-content\/uploads\/2018\/01\/top-banner-1.png","contentUrl":"https:\/\/armonianaturaldietshop.com\/wp-content\/uploads\/2018\/01\/top-banner-1.png","width":369,"height":116,"caption":"Armonia Natural Diet Shop"},"image":{"@id":"https:\/\/armonianaturaldietshop.com\/#logo"}},{"@type":"WebSite","@id":"https:\/\/armonianaturaldietshop.com\/#website","url":"https:\/\/armonianaturaldietshop.com\/","name":"Armonia Natural Diet Shop","description":"Otro sitio realizado con WordPress","publisher":{"@id":"https:\/\/armonianaturaldietshop.com\/#organization"},"potentialAction":[{"@type":"SearchAction","target":{"@type":"EntryPoint","urlTemplate":"https:\/\/armonianaturaldietshop.com\/?s={search_term_string}"},"query-input":"required name=search_term_string"}],"inLanguage":"en-US"},{"@type":"ImageObject","@id":"https:\/\/armonianaturaldietshop.com\/en\/product\/colostrum-factor-60-capsulas\/#primaryimage","inLanguage":"en-US","url":"https:\/\/armonianaturaldietshop.com\/wp-content\/uploads\/2018\/02\/colostrum-factor-60-capsulas_219.jpg","contentUrl":"https:\/\/armonianaturaldietshop.com\/wp-content\/uploads\/2018\/02\/colostrum-factor-60-capsulas_219.jpg","width":960,"height":650},{"@type":"WebPage","@id":"https:\/\/armonianaturaldietshop.com\/en\/product\/colostrum-factor-60-capsulas\/#webpage","url":"https:\/\/armonianaturaldietshop.com\/en\/product\/colostrum-factor-60-capsulas\/","name":"Colostrum Factor 60 Capsulas - Armonia Natural Diet Shop","isPartOf":{"@id":"https:\/\/armonianaturaldietshop.com\/#website"},"primaryImageOfPage":{"@id":"https:\/\/armonianaturaldietshop.com\/en\/product\/colostrum-factor-60-capsulas\/#primaryimage"},"datePublished":"2018-01-28T21:42:41+00:00","dateModified":"2018-07-13T23:52:47+00:00","breadcrumb":{"@id":"https:\/\/armonianaturaldietshop.com\/en\/product\/colostrum-factor-60-capsulas\/#breadcrumb"},"inLanguage":"en-US","potentialAction":[{"@type":"ReadAction","target":["https:\/\/armonianaturaldietshop.com\/en\/product\/colostrum-factor-60-capsulas\/"]}]},{"@type":"BreadcrumbList","@id":"https:\/\/armonianaturaldietshop.com\/en\/product\/colostrum-factor-60-capsulas\/#breadcrumb","itemListElement":[{"@type":"ListItem","position":1,"name":"Home","item":"https:\/\/armonianaturaldietshop.com\/en\/"},{"@type":"ListItem","position":2,"name":"Shop","item":"https:\/\/armonianaturaldietshop.com\/en\/shop\/"},{"@type":"ListItem","position":3,"name":"Colostrum Factor 60 Capsulas"}]}]}},"_links":{"self":[{"href":"https:\/\/armonianaturaldietshop.com\/en\/wp-json\/wp\/v2\/product\/1840"}],"collection":[{"href":"https:\/\/armonianaturaldietshop.com\/en\/wp-json\/wp\/v2\/product"}],"about":[{"href":"https:\/\/armonianaturaldietshop.com\/en\/wp-json\/wp\/v2\/types\/product"}],"replies":[{"embeddable":true,"href":"https:\/\/armonianaturaldietshop.com\/en\/wp-json\/wp\/v2\/comments?post=1840"}],"wp:featuredmedia":[{"embeddable":true,"href":"https:\/\/armonianaturaldietshop.com\/en\/wp-json\/wp\/v2\/media\/1365"}],"wp:attachment":[{"href":"https:\/\/armonianaturaldietshop.com\/en\/wp-json\/wp\/v2\/media?parent=1840"}],"wp:term":[{"taxonomy":"product_cat","embeddable":true,"href":"https:\/\/armonianaturaldietshop.com\/en\/wp-json\/wp\/v2\/product_cat?post=1840"},{"taxonomy":"product_tag","embeddable":true,"href":"https:\/\/armonianaturaldietshop.com\/en\/wp-json\/wp\/v2\/product_tag?post=1840"}],"curies":[{"name":"wp","href":"https:\/\/api.w.org\/{rel}","templated":true}]}}