{"id":1851,"date":"2018-01-28T21:42:40","date_gmt":"2018-01-28T21:42:40","guid":{"rendered":"http:\/\/armonianaturaldietshop.com\/product\/co-q-10-100mg\/"},"modified":"2022-01-27T16:21:44","modified_gmt":"2022-01-27T16:21:44","slug":"co-q-10-100mg","status":"publish","type":"product","link":"https:\/\/armonianaturaldietshop.com\/en\/product\/co-q-10-100mg\/","title":{"rendered":"CO Q-10 100mg"},"content":{"rendered":"<p>Elaborado con una f\u00f3rmula natural y altamente biodisponible de Co Q 10 &#8211; Q-Sorb\u2122<\/p>\n<p><strong>BENEFICIOS:<\/strong><\/p>\n<p>Contribuye con el bienestar de su salud card\u00edaca y cardiovascular<\/p>\n<p>Importante para usuarios de medicamentos con estatinas++: tomar Q-Sorb\u2122 Co Q-10 puede ayudar a restablecer lo que las estatinas pueden reducir\u25ca<\/p>\n<p>Contribuye a mantener los niveles saludables de la presi\u00f3n sangu\u00ednea que ya est\u00e1n dentro de los l\u00edmites normales<\/p>\n<p>Estimula la producci\u00f3n de energ\u00eda en su coraz\u00f3n, cerebro y m\u00fasculos<\/p>\n<p>Suministra potente apoyo antioxidante<\/p>\n<p>La buena salud bucal est\u00e1 \u00edntimamente relacionada con la salud cardiovascular; \u00a1la coenzima Q10 es fundamental para ambas!<\/p>\n<p>Sellada herm\u00e9ticamente en c\u00e1psulas blandas de liberaci\u00f3n r\u00e1pida f\u00e1ciles de tragar para una absorci\u00f3n superior<\/p>\n<p><strong>Nota:<\/strong> la coenzima Q-10 no sustituye la terapia con estatinas ni debe descontinuarse la toma de medicamentos recetados al tomar suplementos con Co Q-10.<\/p>\n<p>No contiene saborizantes o edulcorantes artificiales, conservantes, az\u00facar, almid\u00f3n, leche, lactosa, gluten, trigo, levadura, pescado ni sodio.<\/p>\n<table style=\"color: #2e2e2e; font-family: Arial, Helvetica, Verdana, sans-serif; border: none; font-size: 11px; width: 600px;\">\n<tbody style=\"border: none;\">\n<tr style=\"border: none;\">\n<td style=\"font-family: arial, sans-serif; margin: 0px; border: none;\" colspan=\"2\">\n<h2 style=\"border: none; list-style-type: none; list-style-position: initial; display: inline; padding: 0px; font-size: 15px; color: #1a1a1a;\">Informaci\u00f3n del suplemento<\/h2>\n<\/td>\n<\/tr>\n<tr style=\"border: none;\">\n<td style=\"font-family: arial, sans-serif; margin: 0px; border: none;\" colspan=\"2\">Toma: 1 c\u00e1psula<\/td>\n<\/tr>\n<tr style=\"border: none;\">\n<td style=\"font-family: arial, sans-serif; margin: 0px; border: none; background-color: #1a1a1a; min-height: 3px;\" colspan=\"2\"><\/td>\n<\/tr>\n<tr style=\"border: none; font-weight: bold;\">\n<td style=\"font-family: arial, sans-serif; margin: 0px; border: none;\">Cantidad por toma<\/td>\n<td style=\"font-family: arial, sans-serif; margin: 0px; border: none;\" align=\"right\">% Valor diario<\/td>\n<\/tr>\n<tr style=\"border: none;\">\n<td style=\"font-family: arial, sans-serif; margin: 0px; border: none; background-color: #1a1a1a; min-height: 1px;\" colspan=\"2\"><\/td>\n<\/tr>\n<tr style=\"border: none;\">\n<td style=\"font-family: arial, sans-serif; margin: 0px; border: none;\">Q-Sorb\u2122 Coenzima Q-10<\/td>\n<td style=\"font-family: arial, sans-serif; margin: 0px; border: none;\" align=\"right\">100 mg **<\/td>\n<\/tr>\n<tr style=\"border: none;\">\n<td style=\"font-family: arial, sans-serif; margin: 0px; border: none; background-color: #1a1a1a; min-height: 1px;\" colspan=\"2\"><\/td>\n<\/tr>\n<tr style=\"border: none;\">\n<td style=\"font-family: arial, sans-serif; margin: 0px; border: none;\">**Valor diario no establecido.<\/td>\n<td style=\"font-family: arial, sans-serif; margin: 0px; border: none;\" align=\"right\"><\/td>\n<\/tr>\n<\/tbody>\n<\/table>\n<p><strong>Indicaciones:<\/strong> Adultos, tomar una (1) a cuatro (4) c\u00e1psulas por d\u00eda, preferiblemente con las comidas. No contiene sabor artificial, conservantes, az\u00facar, almid\u00f3n, leche, lactosa, gluten, germen de trigo, levadura, ni pescado. Sin sodio.<\/p>\n<p>Otros ingredientes: aceite de salvado de arroz, gelatina, glicerina, lecitina de soja, color de di\u00f3xido de titanio.<\/p>\n<p><strong>ADVERTENCIA:<\/strong> Si est\u00e1 embarazada, en per\u00edodo de lactancia o tomando alg\u00fan medicamento, consulte con su m\u00e9dico antes de usar este producto. Suspenda su uso y consulte a su m\u00e9dico si se produce alguna reacci\u00f3n adversa. Mantener fuera del alcance de los ni\u00f1os. Guardar en un lugar fresco y seco.<\/p>\n","protected":false},"excerpt":{"rendered":"<p>Elaborado con una f\u00f3rmula natural y altamente biodisponible de Co Q 10 &#8211; Q-Sorb\u2122<\/p>\n","protected":false},"featured_media":1391,"comment_status":"open","ping_status":"closed","template":"","meta":[],"product_cat":[34],"product_tag":[],"acf":[],"yoast_head":"<!-- This site is optimized with the Yoast SEO plugin v18.5.1 - https:\/\/yoast.com\/wordpress\/plugins\/seo\/ -->\n<title>CO Q-10 100mg - Armonia Natural Diet Shop<\/title>\n<meta name=\"robots\" content=\"index, follow, max-snippet:-1, max-image-preview:large, max-video-preview:-1\" \/>\n<link rel=\"canonical\" href=\"https:\/\/armonianaturaldietshop.com\/en\/product\/co-q-10-100mg\/\" \/>\n<meta property=\"og:locale\" content=\"en_US\" \/>\n<meta property=\"og:type\" content=\"article\" \/>\n<meta property=\"og:title\" content=\"CO Q-10 100mg - Armonia Natural Diet Shop\" \/>\n<meta property=\"og:description\" content=\"Elaborado con una f\u00f3rmula natural y altamente biodisponible de Co Q 10 - Q-Sorb\u2122\" \/>\n<meta property=\"og:url\" content=\"https:\/\/armonianaturaldietshop.com\/en\/product\/co-q-10-100mg\/\" \/>\n<meta property=\"og:site_name\" content=\"Armonia Natural Diet Shop\" \/>\n<meta property=\"article:publisher\" content=\"https:\/\/www.facebook.com\/ArmoniaNaturalDietShop\/\" \/>\n<meta property=\"article:modified_time\" content=\"2022-01-27T16:21:44+00:00\" \/>\n<meta property=\"og:image\" content=\"https:\/\/armonianaturaldietshop.com\/wp-content\/uploads\/2018\/02\/co-q-10-100mg_103.jpg\" \/>\n\t<meta property=\"og:image:width\" content=\"290\" \/>\n\t<meta property=\"og:image:height\" content=\"330\" \/>\n\t<meta property=\"og:image:type\" content=\"image\/jpeg\" \/>\n<meta name=\"twitter:card\" content=\"summary_large_image\" \/>\n<meta name=\"twitter:label1\" content=\"Est. reading time\" \/>\n\t<meta name=\"twitter:data1\" content=\"1 minute\" \/>\n<script type=\"application\/ld+json\" class=\"yoast-schema-graph\">{\"@context\":\"https:\/\/schema.org\",\"@graph\":[{\"@type\":\"Organization\",\"@id\":\"https:\/\/armonianaturaldietshop.com\/#organization\",\"name\":\"Armonia Natural Diet Shop\",\"url\":\"https:\/\/armonianaturaldietshop.com\/\",\"sameAs\":[\"https:\/\/www.facebook.com\/ArmoniaNaturalDietShop\/\",\"https:\/\/www.instagram.com\/armonia.natural\/?hl=en\"],\"logo\":{\"@type\":\"ImageObject\",\"@id\":\"https:\/\/armonianaturaldietshop.com\/#logo\",\"inLanguage\":\"en-US\",\"url\":\"https:\/\/armonianaturaldietshop.com\/wp-content\/uploads\/2018\/01\/top-banner-1.png\",\"contentUrl\":\"https:\/\/armonianaturaldietshop.com\/wp-content\/uploads\/2018\/01\/top-banner-1.png\",\"width\":369,\"height\":116,\"caption\":\"Armonia Natural Diet Shop\"},\"image\":{\"@id\":\"https:\/\/armonianaturaldietshop.com\/#logo\"}},{\"@type\":\"WebSite\",\"@id\":\"https:\/\/armonianaturaldietshop.com\/#website\",\"url\":\"https:\/\/armonianaturaldietshop.com\/\",\"name\":\"Armonia Natural Diet Shop\",\"description\":\"Otro sitio realizado con WordPress\",\"publisher\":{\"@id\":\"https:\/\/armonianaturaldietshop.com\/#organization\"},\"potentialAction\":[{\"@type\":\"SearchAction\",\"target\":{\"@type\":\"EntryPoint\",\"urlTemplate\":\"https:\/\/armonianaturaldietshop.com\/?s={search_term_string}\"},\"query-input\":\"required name=search_term_string\"}],\"inLanguage\":\"en-US\"},{\"@type\":\"ImageObject\",\"@id\":\"https:\/\/armonianaturaldietshop.com\/en\/product\/co-q-10-100mg\/#primaryimage\",\"inLanguage\":\"en-US\",\"url\":\"https:\/\/armonianaturaldietshop.com\/wp-content\/uploads\/2018\/02\/co-q-10-100mg_103.jpg\",\"contentUrl\":\"https:\/\/armonianaturaldietshop.com\/wp-content\/uploads\/2018\/02\/co-q-10-100mg_103.jpg\",\"width\":290,\"height\":330},{\"@type\":\"WebPage\",\"@id\":\"https:\/\/armonianaturaldietshop.com\/en\/product\/co-q-10-100mg\/#webpage\",\"url\":\"https:\/\/armonianaturaldietshop.com\/en\/product\/co-q-10-100mg\/\",\"name\":\"CO Q-10 100mg - Armonia Natural Diet Shop\",\"isPartOf\":{\"@id\":\"https:\/\/armonianaturaldietshop.com\/#website\"},\"primaryImageOfPage\":{\"@id\":\"https:\/\/armonianaturaldietshop.com\/en\/product\/co-q-10-100mg\/#primaryimage\"},\"datePublished\":\"2018-01-28T21:42:40+00:00\",\"dateModified\":\"2022-01-27T16:21:44+00:00\",\"breadcrumb\":{\"@id\":\"https:\/\/armonianaturaldietshop.com\/en\/product\/co-q-10-100mg\/#breadcrumb\"},\"inLanguage\":\"en-US\",\"potentialAction\":[{\"@type\":\"ReadAction\",\"target\":[\"https:\/\/armonianaturaldietshop.com\/en\/product\/co-q-10-100mg\/\"]}]},{\"@type\":\"BreadcrumbList\",\"@id\":\"https:\/\/armonianaturaldietshop.com\/en\/product\/co-q-10-100mg\/#breadcrumb\",\"itemListElement\":[{\"@type\":\"ListItem\",\"position\":1,\"name\":\"Home\",\"item\":\"https:\/\/armonianaturaldietshop.com\/en\/\"},{\"@type\":\"ListItem\",\"position\":2,\"name\":\"Shop\",\"item\":\"https:\/\/armonianaturaldietshop.com\/en\/shop\/\"},{\"@type\":\"ListItem\",\"position\":3,\"name\":\"CO Q-10 100mg\"}]}]}<\/script>\n<!-- \/ Yoast SEO plugin. -->","yoast_head_json":{"title":"CO Q-10 100mg - Armonia Natural Diet Shop","robots":{"index":"index","follow":"follow","max-snippet":"max-snippet:-1","max-image-preview":"max-image-preview:large","max-video-preview":"max-video-preview:-1"},"canonical":"https:\/\/armonianaturaldietshop.com\/en\/product\/co-q-10-100mg\/","og_locale":"en_US","og_type":"article","og_title":"CO Q-10 100mg - Armonia Natural Diet Shop","og_description":"Elaborado con una f\u00f3rmula natural y altamente biodisponible de Co Q 10 - Q-Sorb\u2122","og_url":"https:\/\/armonianaturaldietshop.com\/en\/product\/co-q-10-100mg\/","og_site_name":"Armonia Natural Diet Shop","article_publisher":"https:\/\/www.facebook.com\/ArmoniaNaturalDietShop\/","article_modified_time":"2022-01-27T16:21:44+00:00","og_image":[{"width":290,"height":330,"url":"https:\/\/armonianaturaldietshop.com\/wp-content\/uploads\/2018\/02\/co-q-10-100mg_103.jpg","type":"image\/jpeg"}],"twitter_card":"summary_large_image","twitter_misc":{"Est. reading time":"1 minute"},"schema":{"@context":"https:\/\/schema.org","@graph":[{"@type":"Organization","@id":"https:\/\/armonianaturaldietshop.com\/#organization","name":"Armonia Natural Diet Shop","url":"https:\/\/armonianaturaldietshop.com\/","sameAs":["https:\/\/www.facebook.com\/ArmoniaNaturalDietShop\/","https:\/\/www.instagram.com\/armonia.natural\/?hl=en"],"logo":{"@type":"ImageObject","@id":"https:\/\/armonianaturaldietshop.com\/#logo","inLanguage":"en-US","url":"https:\/\/armonianaturaldietshop.com\/wp-content\/uploads\/2018\/01\/top-banner-1.png","contentUrl":"https:\/\/armonianaturaldietshop.com\/wp-content\/uploads\/2018\/01\/top-banner-1.png","width":369,"height":116,"caption":"Armonia Natural Diet Shop"},"image":{"@id":"https:\/\/armonianaturaldietshop.com\/#logo"}},{"@type":"WebSite","@id":"https:\/\/armonianaturaldietshop.com\/#website","url":"https:\/\/armonianaturaldietshop.com\/","name":"Armonia Natural Diet Shop","description":"Otro sitio realizado con WordPress","publisher":{"@id":"https:\/\/armonianaturaldietshop.com\/#organization"},"potentialAction":[{"@type":"SearchAction","target":{"@type":"EntryPoint","urlTemplate":"https:\/\/armonianaturaldietshop.com\/?s={search_term_string}"},"query-input":"required name=search_term_string"}],"inLanguage":"en-US"},{"@type":"ImageObject","@id":"https:\/\/armonianaturaldietshop.com\/en\/product\/co-q-10-100mg\/#primaryimage","inLanguage":"en-US","url":"https:\/\/armonianaturaldietshop.com\/wp-content\/uploads\/2018\/02\/co-q-10-100mg_103.jpg","contentUrl":"https:\/\/armonianaturaldietshop.com\/wp-content\/uploads\/2018\/02\/co-q-10-100mg_103.jpg","width":290,"height":330},{"@type":"WebPage","@id":"https:\/\/armonianaturaldietshop.com\/en\/product\/co-q-10-100mg\/#webpage","url":"https:\/\/armonianaturaldietshop.com\/en\/product\/co-q-10-100mg\/","name":"CO Q-10 100mg - Armonia Natural Diet Shop","isPartOf":{"@id":"https:\/\/armonianaturaldietshop.com\/#website"},"primaryImageOfPage":{"@id":"https:\/\/armonianaturaldietshop.com\/en\/product\/co-q-10-100mg\/#primaryimage"},"datePublished":"2018-01-28T21:42:40+00:00","dateModified":"2022-01-27T16:21:44+00:00","breadcrumb":{"@id":"https:\/\/armonianaturaldietshop.com\/en\/product\/co-q-10-100mg\/#breadcrumb"},"inLanguage":"en-US","potentialAction":[{"@type":"ReadAction","target":["https:\/\/armonianaturaldietshop.com\/en\/product\/co-q-10-100mg\/"]}]},{"@type":"BreadcrumbList","@id":"https:\/\/armonianaturaldietshop.com\/en\/product\/co-q-10-100mg\/#breadcrumb","itemListElement":[{"@type":"ListItem","position":1,"name":"Home","item":"https:\/\/armonianaturaldietshop.com\/en\/"},{"@type":"ListItem","position":2,"name":"Shop","item":"https:\/\/armonianaturaldietshop.com\/en\/shop\/"},{"@type":"ListItem","position":3,"name":"CO Q-10 100mg"}]}]}},"_links":{"self":[{"href":"https:\/\/armonianaturaldietshop.com\/en\/wp-json\/wp\/v2\/product\/1851"}],"collection":[{"href":"https:\/\/armonianaturaldietshop.com\/en\/wp-json\/wp\/v2\/product"}],"about":[{"href":"https:\/\/armonianaturaldietshop.com\/en\/wp-json\/wp\/v2\/types\/product"}],"replies":[{"embeddable":true,"href":"https:\/\/armonianaturaldietshop.com\/en\/wp-json\/wp\/v2\/comments?post=1851"}],"wp:featuredmedia":[{"embeddable":true,"href":"https:\/\/armonianaturaldietshop.com\/en\/wp-json\/wp\/v2\/media\/1391"}],"wp:attachment":[{"href":"https:\/\/armonianaturaldietshop.com\/en\/wp-json\/wp\/v2\/media?parent=1851"}],"wp:term":[{"taxonomy":"product_cat","embeddable":true,"href":"https:\/\/armonianaturaldietshop.com\/en\/wp-json\/wp\/v2\/product_cat?post=1851"},{"taxonomy":"product_tag","embeddable":true,"href":"https:\/\/armonianaturaldietshop.com\/en\/wp-json\/wp\/v2\/product_tag?post=1851"}],"curies":[{"name":"wp","href":"https:\/\/api.w.org\/{rel}","templated":true}]}}