{"id":1854,"date":"2018-01-28T21:42:39","date_gmt":"2018-01-28T21:42:39","guid":{"rendered":"http:\/\/armonianaturaldietshop.com\/product\/cascara-sagrada-450-mg-100-caps\/"},"modified":"2018-07-13T23:51:58","modified_gmt":"2018-07-13T23:51:58","slug":"cascara-sagrada-450-mg-100-caps","status":"publish","type":"product","link":"https:\/\/armonianaturaldietshop.com\/en\/product\/cascara-sagrada-450-mg-100-caps\/","title":{"rendered":"C\u00e1scara Sagrada 450 Mg 100 Caps"},"content":{"rendered":"<p style=\"font-size: 1.3rem; line-height: 1.8rem; text-align: center;\"><img style=\"border-style: initial; border-color: initial; display: inline-block; width: 320px; height: 111px; border-width: 0px;\" src=\"http:\/\/s6.postimg.org\/6d70hdza9\/logo_Medical_Green2.png\" alt=\"\" \/><\/p>\n<p style=\"font-size: 1.3rem; line-height: 1.8rem; text-align: justify;\"><strong style=\"font-weight: bold;\">Medical Green&nbsp;<\/strong>es un laboratorio de suplementos dietarios y nutrici\u00f3n el cual esta interesado en el bienestar y salud de todas las personas y por eso <strong style=\"font-weight: bold;\">&nbsp;<\/strong>traen para ti, este nuevo producto que traer\u00e1 enormes beneficios a tu salud y cambiara tu ritmo de vida.<\/p>\n<p style=\"margin-top: 0px; margin-right: 0px; margin-bottom: 20px; margin-left: 0px; padding: 0px;\"><span style=\"font-size: 14pt;\">Laxante natural que proviene de la corteza del \u00e1rbol Rhamnus purshiana. Se obtiene de la corteza de la planta luego de un proceso de secado con el fin de aislar las substancias responsables de los efectos secundarios indeseados (c\u00f3licos intestinales y v\u00f3mito) y generar un producto efectivo y seguro para tratar el estre\u00f1imiento.<\/span><\/p>\n<div><span style=\"font-size: 14pt;\">&nbsp;<\/span><span class=\"Apple-style-span\" style=\"font-size: 21px; line-height: 28px;\">La&nbsp;<strong style=\"font-weight: bold;\">C\u00e1scara Sagrada 450mg.&nbsp;<\/strong>Es un \u00fatil laxante natural que mejorar\u00e1 el trasito y movimiento intestital y aportar\u00e1 las ayudas que tu cuerpo necesita. La&nbsp;<strong style=\"font-weight: bold;\">C\u00e1scara Sagrada 450mg<\/strong>, aumenta los movimientos perist\u00e1lticos en el intestino y es ideal para personas que sufren de estre\u00f1imiento.&nbsp;<\/span><\/div>\n<p style=\"font-size: 1.3rem; line-height: 1.8rem; text-align: justify;\">Este producto te dar\u00e1 la posibilidad de tener una vida saludable y te aportar\u00e1 los nutrientes m\u00e1s importantes para tu organismo, adem\u00e1s es extra\u00eddo de la corteza del \u00e1rbol Rhamnus Purshiana lo que garantiza su naturalidad. este suplemento&nbsp;te brindar\u00e1 las vitaminas como un&nbsp;<strong style=\"font-weight: bold;\">complemento nutricional.&nbsp;<\/strong>No dejes pasar la oportunidad de agregar a tu vida este saludable producto.<\/p>\n<p style=\"font-size: 1.3rem; line-height: 1.8rem; text-align: center;\"><img style=\"border-style: initial; border-color: initial; display: inline-block; width: 320px; height: 240px; border-width: 0px;\" src=\"http:\/\/s6.postimg.org\/4hoavglr5\/Las_personas_casadas_y_con_trabajo_son_m_s_salud.jpg\" alt=\"\" \/><\/p>\n","protected":false},"excerpt":{"rendered":"<p>Beneficios:<\/p>\n<p>Tiene efecto colagogo, ayudando a mejorar el metabolismo hep\u00e1tico.<br \/>\nAyuda a mejorar el tr\u00e1nsito intestinal.<br \/>\nMejora la evacuaci\u00f3n causando un efecto laxante.<\/p>\n","protected":false},"featured_media":1405,"comment_status":"open","ping_status":"closed","template":"","meta":[],"product_cat":[47,34],"product_tag":[],"acf":[],"yoast_head":"<!-- This site is optimized with the Yoast SEO plugin v18.5.1 - https:\/\/yoast.com\/wordpress\/plugins\/seo\/ -->\n<title>C\u00e1scara Sagrada 450 Mg 100 Caps - Armonia Natural Diet Shop<\/title>\n<meta name=\"robots\" content=\"index, follow, max-snippet:-1, max-image-preview:large, max-video-preview:-1\" \/>\n<link rel=\"canonical\" href=\"https:\/\/armonianaturaldietshop.com\/en\/product\/cascara-sagrada-450-mg-100-caps\/\" \/>\n<meta property=\"og:locale\" content=\"en_US\" \/>\n<meta property=\"og:type\" content=\"article\" \/>\n<meta property=\"og:title\" content=\"C\u00e1scara Sagrada 450 Mg 100 Caps - Armonia Natural Diet Shop\" \/>\n<meta property=\"og:description\" content=\"Beneficios:  Tiene efecto colagogo, ayudando a mejorar el metabolismo hep\u00e1tico. Ayuda a mejorar el tr\u00e1nsito intestinal. Mejora la evacuaci\u00f3n causando un efecto laxante.\" \/>\n<meta property=\"og:url\" content=\"https:\/\/armonianaturaldietshop.com\/en\/product\/cascara-sagrada-450-mg-100-caps\/\" \/>\n<meta property=\"og:site_name\" content=\"Armonia Natural Diet Shop\" \/>\n<meta property=\"article:publisher\" content=\"https:\/\/www.facebook.com\/ArmoniaNaturalDietShop\/\" \/>\n<meta property=\"article:modified_time\" content=\"2018-07-13T23:51:58+00:00\" \/>\n<meta property=\"og:image\" content=\"https:\/\/armonianaturaldietshop.com\/wp-content\/uploads\/2018\/02\/cascara-sagrada-450-mg-100-caps_217.jpg\" \/>\n\t<meta property=\"og:image:width\" content=\"960\" \/>\n\t<meta property=\"og:image:height\" content=\"650\" \/>\n\t<meta property=\"og:image:type\" content=\"image\/jpeg\" \/>\n<meta name=\"twitter:card\" content=\"summary_large_image\" \/>\n<meta name=\"twitter:label1\" content=\"Est. reading time\" \/>\n\t<meta name=\"twitter:data1\" content=\"1 minute\" \/>\n<script type=\"application\/ld+json\" class=\"yoast-schema-graph\">{\"@context\":\"https:\/\/schema.org\",\"@graph\":[{\"@type\":\"Organization\",\"@id\":\"https:\/\/armonianaturaldietshop.com\/#organization\",\"name\":\"Armonia Natural Diet Shop\",\"url\":\"https:\/\/armonianaturaldietshop.com\/\",\"sameAs\":[\"https:\/\/www.facebook.com\/ArmoniaNaturalDietShop\/\",\"https:\/\/www.instagram.com\/armonia.natural\/?hl=en\"],\"logo\":{\"@type\":\"ImageObject\",\"@id\":\"https:\/\/armonianaturaldietshop.com\/#logo\",\"inLanguage\":\"en-US\",\"url\":\"https:\/\/armonianaturaldietshop.com\/wp-content\/uploads\/2018\/01\/top-banner-1.png\",\"contentUrl\":\"https:\/\/armonianaturaldietshop.com\/wp-content\/uploads\/2018\/01\/top-banner-1.png\",\"width\":369,\"height\":116,\"caption\":\"Armonia Natural Diet Shop\"},\"image\":{\"@id\":\"https:\/\/armonianaturaldietshop.com\/#logo\"}},{\"@type\":\"WebSite\",\"@id\":\"https:\/\/armonianaturaldietshop.com\/#website\",\"url\":\"https:\/\/armonianaturaldietshop.com\/\",\"name\":\"Armonia Natural Diet Shop\",\"description\":\"Otro sitio realizado con WordPress\",\"publisher\":{\"@id\":\"https:\/\/armonianaturaldietshop.com\/#organization\"},\"potentialAction\":[{\"@type\":\"SearchAction\",\"target\":{\"@type\":\"EntryPoint\",\"urlTemplate\":\"https:\/\/armonianaturaldietshop.com\/?s={search_term_string}\"},\"query-input\":\"required name=search_term_string\"}],\"inLanguage\":\"en-US\"},{\"@type\":\"ImageObject\",\"@id\":\"https:\/\/armonianaturaldietshop.com\/en\/product\/cascara-sagrada-450-mg-100-caps\/#primaryimage\",\"inLanguage\":\"en-US\",\"url\":\"https:\/\/armonianaturaldietshop.com\/wp-content\/uploads\/2018\/02\/cascara-sagrada-450-mg-100-caps_217.jpg\",\"contentUrl\":\"https:\/\/armonianaturaldietshop.com\/wp-content\/uploads\/2018\/02\/cascara-sagrada-450-mg-100-caps_217.jpg\",\"width\":960,\"height\":650},{\"@type\":\"WebPage\",\"@id\":\"https:\/\/armonianaturaldietshop.com\/en\/product\/cascara-sagrada-450-mg-100-caps\/#webpage\",\"url\":\"https:\/\/armonianaturaldietshop.com\/en\/product\/cascara-sagrada-450-mg-100-caps\/\",\"name\":\"C\u00e1scara Sagrada 450 Mg 100 Caps - Armonia Natural Diet Shop\",\"isPartOf\":{\"@id\":\"https:\/\/armonianaturaldietshop.com\/#website\"},\"primaryImageOfPage\":{\"@id\":\"https:\/\/armonianaturaldietshop.com\/en\/product\/cascara-sagrada-450-mg-100-caps\/#primaryimage\"},\"datePublished\":\"2018-01-28T21:42:39+00:00\",\"dateModified\":\"2018-07-13T23:51:58+00:00\",\"breadcrumb\":{\"@id\":\"https:\/\/armonianaturaldietshop.com\/en\/product\/cascara-sagrada-450-mg-100-caps\/#breadcrumb\"},\"inLanguage\":\"en-US\",\"potentialAction\":[{\"@type\":\"ReadAction\",\"target\":[\"https:\/\/armonianaturaldietshop.com\/en\/product\/cascara-sagrada-450-mg-100-caps\/\"]}]},{\"@type\":\"BreadcrumbList\",\"@id\":\"https:\/\/armonianaturaldietshop.com\/en\/product\/cascara-sagrada-450-mg-100-caps\/#breadcrumb\",\"itemListElement\":[{\"@type\":\"ListItem\",\"position\":1,\"name\":\"Home\",\"item\":\"https:\/\/armonianaturaldietshop.com\/en\/\"},{\"@type\":\"ListItem\",\"position\":2,\"name\":\"Shop\",\"item\":\"https:\/\/armonianaturaldietshop.com\/en\/shop\/\"},{\"@type\":\"ListItem\",\"position\":3,\"name\":\"C\u00e1scara Sagrada 450 Mg 100 Caps\"}]}]}<\/script>\n<!-- \/ Yoast SEO plugin. -->","yoast_head_json":{"title":"C\u00e1scara Sagrada 450 Mg 100 Caps - Armonia Natural Diet Shop","robots":{"index":"index","follow":"follow","max-snippet":"max-snippet:-1","max-image-preview":"max-image-preview:large","max-video-preview":"max-video-preview:-1"},"canonical":"https:\/\/armonianaturaldietshop.com\/en\/product\/cascara-sagrada-450-mg-100-caps\/","og_locale":"en_US","og_type":"article","og_title":"C\u00e1scara Sagrada 450 Mg 100 Caps - Armonia Natural Diet Shop","og_description":"Beneficios:  Tiene efecto colagogo, ayudando a mejorar el metabolismo hep\u00e1tico. Ayuda a mejorar el tr\u00e1nsito intestinal. Mejora la evacuaci\u00f3n causando un efecto laxante.","og_url":"https:\/\/armonianaturaldietshop.com\/en\/product\/cascara-sagrada-450-mg-100-caps\/","og_site_name":"Armonia Natural Diet Shop","article_publisher":"https:\/\/www.facebook.com\/ArmoniaNaturalDietShop\/","article_modified_time":"2018-07-13T23:51:58+00:00","og_image":[{"width":960,"height":650,"url":"https:\/\/armonianaturaldietshop.com\/wp-content\/uploads\/2018\/02\/cascara-sagrada-450-mg-100-caps_217.jpg","type":"image\/jpeg"}],"twitter_card":"summary_large_image","twitter_misc":{"Est. reading time":"1 minute"},"schema":{"@context":"https:\/\/schema.org","@graph":[{"@type":"Organization","@id":"https:\/\/armonianaturaldietshop.com\/#organization","name":"Armonia Natural Diet Shop","url":"https:\/\/armonianaturaldietshop.com\/","sameAs":["https:\/\/www.facebook.com\/ArmoniaNaturalDietShop\/","https:\/\/www.instagram.com\/armonia.natural\/?hl=en"],"logo":{"@type":"ImageObject","@id":"https:\/\/armonianaturaldietshop.com\/#logo","inLanguage":"en-US","url":"https:\/\/armonianaturaldietshop.com\/wp-content\/uploads\/2018\/01\/top-banner-1.png","contentUrl":"https:\/\/armonianaturaldietshop.com\/wp-content\/uploads\/2018\/01\/top-banner-1.png","width":369,"height":116,"caption":"Armonia Natural Diet Shop"},"image":{"@id":"https:\/\/armonianaturaldietshop.com\/#logo"}},{"@type":"WebSite","@id":"https:\/\/armonianaturaldietshop.com\/#website","url":"https:\/\/armonianaturaldietshop.com\/","name":"Armonia Natural Diet Shop","description":"Otro sitio realizado con WordPress","publisher":{"@id":"https:\/\/armonianaturaldietshop.com\/#organization"},"potentialAction":[{"@type":"SearchAction","target":{"@type":"EntryPoint","urlTemplate":"https:\/\/armonianaturaldietshop.com\/?s={search_term_string}"},"query-input":"required name=search_term_string"}],"inLanguage":"en-US"},{"@type":"ImageObject","@id":"https:\/\/armonianaturaldietshop.com\/en\/product\/cascara-sagrada-450-mg-100-caps\/#primaryimage","inLanguage":"en-US","url":"https:\/\/armonianaturaldietshop.com\/wp-content\/uploads\/2018\/02\/cascara-sagrada-450-mg-100-caps_217.jpg","contentUrl":"https:\/\/armonianaturaldietshop.com\/wp-content\/uploads\/2018\/02\/cascara-sagrada-450-mg-100-caps_217.jpg","width":960,"height":650},{"@type":"WebPage","@id":"https:\/\/armonianaturaldietshop.com\/en\/product\/cascara-sagrada-450-mg-100-caps\/#webpage","url":"https:\/\/armonianaturaldietshop.com\/en\/product\/cascara-sagrada-450-mg-100-caps\/","name":"C\u00e1scara Sagrada 450 Mg 100 Caps - Armonia Natural Diet Shop","isPartOf":{"@id":"https:\/\/armonianaturaldietshop.com\/#website"},"primaryImageOfPage":{"@id":"https:\/\/armonianaturaldietshop.com\/en\/product\/cascara-sagrada-450-mg-100-caps\/#primaryimage"},"datePublished":"2018-01-28T21:42:39+00:00","dateModified":"2018-07-13T23:51:58+00:00","breadcrumb":{"@id":"https:\/\/armonianaturaldietshop.com\/en\/product\/cascara-sagrada-450-mg-100-caps\/#breadcrumb"},"inLanguage":"en-US","potentialAction":[{"@type":"ReadAction","target":["https:\/\/armonianaturaldietshop.com\/en\/product\/cascara-sagrada-450-mg-100-caps\/"]}]},{"@type":"BreadcrumbList","@id":"https:\/\/armonianaturaldietshop.com\/en\/product\/cascara-sagrada-450-mg-100-caps\/#breadcrumb","itemListElement":[{"@type":"ListItem","position":1,"name":"Home","item":"https:\/\/armonianaturaldietshop.com\/en\/"},{"@type":"ListItem","position":2,"name":"Shop","item":"https:\/\/armonianaturaldietshop.com\/en\/shop\/"},{"@type":"ListItem","position":3,"name":"C\u00e1scara Sagrada 450 Mg 100 Caps"}]}]}},"_links":{"self":[{"href":"https:\/\/armonianaturaldietshop.com\/en\/wp-json\/wp\/v2\/product\/1854"}],"collection":[{"href":"https:\/\/armonianaturaldietshop.com\/en\/wp-json\/wp\/v2\/product"}],"about":[{"href":"https:\/\/armonianaturaldietshop.com\/en\/wp-json\/wp\/v2\/types\/product"}],"replies":[{"embeddable":true,"href":"https:\/\/armonianaturaldietshop.com\/en\/wp-json\/wp\/v2\/comments?post=1854"}],"wp:featuredmedia":[{"embeddable":true,"href":"https:\/\/armonianaturaldietshop.com\/en\/wp-json\/wp\/v2\/media\/1405"}],"wp:attachment":[{"href":"https:\/\/armonianaturaldietshop.com\/en\/wp-json\/wp\/v2\/media?parent=1854"}],"wp:term":[{"taxonomy":"product_cat","embeddable":true,"href":"https:\/\/armonianaturaldietshop.com\/en\/wp-json\/wp\/v2\/product_cat?post=1854"},{"taxonomy":"product_tag","embeddable":true,"href":"https:\/\/armonianaturaldietshop.com\/en\/wp-json\/wp\/v2\/product_tag?post=1854"}],"curies":[{"name":"wp","href":"https:\/\/api.w.org\/{rel}","templated":true}]}}