{"id":1858,"date":"2018-01-28T21:42:37","date_gmt":"2018-01-28T21:42:37","guid":{"rendered":"http:\/\/armonianaturaldietshop.com\/product\/calciomagnesiozinc-100-tabletas\/"},"modified":"2018-07-13T23:51:32","modified_gmt":"2018-07-13T23:51:32","slug":"calciomagnesiozinc-100-tabletas","status":"publish","type":"product","link":"https:\/\/armonianaturaldietshop.com\/en\/product\/calciomagnesiozinc-100-tabletas\/","title":{"rendered":"Calcio+Magnesio+Zinc 100 tabletas"},"content":{"rendered":"<p style=\"text-align: justify;\"><strong>Funciones:<\/strong><\/p>\n<p style=\"text-align: justify;\">El Magnesio, mineral necesario para m\u00e1s de 300 reacciones bioqu\u00edmicas en el cuerpo. Ayuda a mantener los m\u00fasculos y la funci\u00f3n nerviosa en estado normal, mantiene constante el ritmo card\u00edaco, apoya un sistema inmunol\u00f3gico saludable, y mantiene los huesos fuertes. Interviene en la formaci\u00f3n de neurotransmisores y neuromoduladores, repolarizaci\u00f3n de la neuronas, \u00fatil en la contracci\u00f3n y la relajaci\u00f3n muscular. La deficiencia de magnesio contribuye a una exagerada respuesta inmune al estr\u00e9s y el estr\u00e9s oxidativo es la consecuencia de la respuesta inflamatoria.<\/p>\n<p style=\"text-align: justify;\">Calcio, es necesario para la contracci\u00f3n muscular, la secreci\u00f3n de hormonas y enzimas, y el env\u00edo de mensajes a trav\u00e9s del sistema nervioso. Un nivel constante de calcio se mantiene en fluidos corporales y tejidos a fin de que estos procesos vitales del cuerpo funcionen de manera eficiente.<\/p>\n<p style=\"text-align: justify;\">Zinc, es un mineral antioxidante esencial que se encuentra en casi todas las c\u00e9lulas. Estimula la actividad de aproximadamente 100 enzimas, que son sustancias que promueven las reacciones bioqu\u00edmicas en el cuerpo. El zinc apoya un sistema inmunol\u00f3gico saludable, es necesaria para la cicatrizaci\u00f3n de la herida, ayuda a mantener su sentido del gusto y el olfato, y es necesaria para la s\u00edntesis de ADN.<\/p>\n<p><strong><img loading=\"lazy\" src=\"images\/zincfacts.jpg\" alt=\"zincfacts\" width=\"516\" height=\"247\" \/><\/strong><\/p>\n<p><strong>Indicaciones:<\/strong> Adultos, tomar de una (1) a tres (3) tabletas por d\u00eda, preferiblemente con una comida. Le recordamos que consulte con su proveedor de servicios m\u00e9dicos sobre los suplementos y medicamentos que toma. Las tabletas est\u00e1n revestidas para que sea m\u00e1s f\u00e1cil tragarlas.<\/p>\n<p><strong>ADVERTENCIA:<\/strong> Si est\u00e1 embarazada, en per\u00edodo de lactancia o tomando alg\u00fan medicamento, consulte con su m\u00e9dico antes de usar este producto. Suspenda su uso y consulte a su m\u00e9dico si se produce alguna reacci\u00f3n adversa.<\/p>\n","protected":false},"excerpt":{"rendered":"<p style=\"text-align: justify;\"><strong>Funciones:<\/strong><\/p>\n<p style=\"text-align: justify;\">El Magnesio, mineral necesario para m\u00e1s de 300 reacciones bioqu\u00edmicas en el cuerpo. Ayuda a mantener los m\u00fasculos y la funci\u00f3n nerviosa en estado normal, mantiene constante el ritmo card\u00edaco, apoya un sistema inmunol\u00f3gico saludable, y mantiene los huesos fuertes. Interviene en la formaci\u00f3n de neurotransmisores y neuromoduladores, repolarizaci\u00f3n de la [&#8230;]<\/p>\n","protected":false},"featured_media":1413,"comment_status":"open","ping_status":"closed","template":"","meta":[],"product_cat":[34],"product_tag":[],"acf":[],"yoast_head":"<!-- This site is optimized with the Yoast SEO plugin v18.5.1 - https:\/\/yoast.com\/wordpress\/plugins\/seo\/ -->\n<title>Calcio+Magnesio+Zinc 100 tabletas - Armonia Natural Diet Shop<\/title>\n<meta name=\"robots\" content=\"index, follow, max-snippet:-1, max-image-preview:large, max-video-preview:-1\" \/>\n<link rel=\"canonical\" href=\"https:\/\/armonianaturaldietshop.com\/en\/product\/calciomagnesiozinc-100-tabletas\/\" \/>\n<meta property=\"og:locale\" content=\"en_US\" \/>\n<meta property=\"og:type\" content=\"article\" \/>\n<meta property=\"og:title\" content=\"Calcio+Magnesio+Zinc 100 tabletas - Armonia Natural Diet Shop\" \/>\n<meta property=\"og:description\" content=\"Funciones: El Magnesio, mineral necesario para m\u00e1s de 300 reacciones bioqu\u00edmicas en el cuerpo. Ayuda a mantener los m\u00fasculos y la funci\u00f3n nerviosa en estado normal, mantiene constante el ritmo card\u00edaco, apoya un sistema inmunol\u00f3gico saludable, y mantiene los huesos fuertes. Interviene en la formaci\u00f3n de neurotransmisores y neuromoduladores, repolarizaci\u00f3n de la [...]\" \/>\n<meta property=\"og:url\" content=\"https:\/\/armonianaturaldietshop.com\/en\/product\/calciomagnesiozinc-100-tabletas\/\" \/>\n<meta property=\"og:site_name\" content=\"Armonia Natural Diet Shop\" \/>\n<meta property=\"article:publisher\" content=\"https:\/\/www.facebook.com\/ArmoniaNaturalDietShop\/\" \/>\n<meta property=\"article:modified_time\" content=\"2018-07-13T23:51:32+00:00\" \/>\n<meta property=\"og:image\" content=\"https:\/\/armonianaturaldietshop.com\/wp-content\/uploads\/2018\/02\/calciomagnesiozinc-100-tabletas_109.jpg\" \/>\n\t<meta property=\"og:image:width\" content=\"256\" \/>\n\t<meta property=\"og:image:height\" content=\"286\" \/>\n\t<meta property=\"og:image:type\" content=\"image\/jpeg\" \/>\n<meta name=\"twitter:card\" content=\"summary_large_image\" \/>\n<meta name=\"twitter:label1\" content=\"Est. reading time\" \/>\n\t<meta name=\"twitter:data1\" content=\"2 minutes\" \/>\n<script type=\"application\/ld+json\" class=\"yoast-schema-graph\">{\"@context\":\"https:\/\/schema.org\",\"@graph\":[{\"@type\":\"Organization\",\"@id\":\"https:\/\/armonianaturaldietshop.com\/#organization\",\"name\":\"Armonia Natural Diet Shop\",\"url\":\"https:\/\/armonianaturaldietshop.com\/\",\"sameAs\":[\"https:\/\/www.facebook.com\/ArmoniaNaturalDietShop\/\",\"https:\/\/www.instagram.com\/armonia.natural\/?hl=en\"],\"logo\":{\"@type\":\"ImageObject\",\"@id\":\"https:\/\/armonianaturaldietshop.com\/#logo\",\"inLanguage\":\"en-US\",\"url\":\"https:\/\/armonianaturaldietshop.com\/wp-content\/uploads\/2018\/01\/top-banner-1.png\",\"contentUrl\":\"https:\/\/armonianaturaldietshop.com\/wp-content\/uploads\/2018\/01\/top-banner-1.png\",\"width\":369,\"height\":116,\"caption\":\"Armonia Natural Diet Shop\"},\"image\":{\"@id\":\"https:\/\/armonianaturaldietshop.com\/#logo\"}},{\"@type\":\"WebSite\",\"@id\":\"https:\/\/armonianaturaldietshop.com\/#website\",\"url\":\"https:\/\/armonianaturaldietshop.com\/\",\"name\":\"Armonia Natural Diet Shop\",\"description\":\"Otro sitio realizado con WordPress\",\"publisher\":{\"@id\":\"https:\/\/armonianaturaldietshop.com\/#organization\"},\"potentialAction\":[{\"@type\":\"SearchAction\",\"target\":{\"@type\":\"EntryPoint\",\"urlTemplate\":\"https:\/\/armonianaturaldietshop.com\/?s={search_term_string}\"},\"query-input\":\"required name=search_term_string\"}],\"inLanguage\":\"en-US\"},{\"@type\":\"ImageObject\",\"@id\":\"https:\/\/armonianaturaldietshop.com\/en\/product\/calciomagnesiozinc-100-tabletas\/#primaryimage\",\"inLanguage\":\"en-US\",\"url\":\"https:\/\/armonianaturaldietshop.com\/wp-content\/uploads\/2018\/02\/calciomagnesiozinc-100-tabletas_109.jpg\",\"contentUrl\":\"https:\/\/armonianaturaldietshop.com\/wp-content\/uploads\/2018\/02\/calciomagnesiozinc-100-tabletas_109.jpg\",\"width\":256,\"height\":286},{\"@type\":\"WebPage\",\"@id\":\"https:\/\/armonianaturaldietshop.com\/en\/product\/calciomagnesiozinc-100-tabletas\/#webpage\",\"url\":\"https:\/\/armonianaturaldietshop.com\/en\/product\/calciomagnesiozinc-100-tabletas\/\",\"name\":\"Calcio+Magnesio+Zinc 100 tabletas - Armonia Natural Diet Shop\",\"isPartOf\":{\"@id\":\"https:\/\/armonianaturaldietshop.com\/#website\"},\"primaryImageOfPage\":{\"@id\":\"https:\/\/armonianaturaldietshop.com\/en\/product\/calciomagnesiozinc-100-tabletas\/#primaryimage\"},\"datePublished\":\"2018-01-28T21:42:37+00:00\",\"dateModified\":\"2018-07-13T23:51:32+00:00\",\"breadcrumb\":{\"@id\":\"https:\/\/armonianaturaldietshop.com\/en\/product\/calciomagnesiozinc-100-tabletas\/#breadcrumb\"},\"inLanguage\":\"en-US\",\"potentialAction\":[{\"@type\":\"ReadAction\",\"target\":[\"https:\/\/armonianaturaldietshop.com\/en\/product\/calciomagnesiozinc-100-tabletas\/\"]}]},{\"@type\":\"BreadcrumbList\",\"@id\":\"https:\/\/armonianaturaldietshop.com\/en\/product\/calciomagnesiozinc-100-tabletas\/#breadcrumb\",\"itemListElement\":[{\"@type\":\"ListItem\",\"position\":1,\"name\":\"Home\",\"item\":\"https:\/\/armonianaturaldietshop.com\/en\/\"},{\"@type\":\"ListItem\",\"position\":2,\"name\":\"Shop\",\"item\":\"https:\/\/armonianaturaldietshop.com\/en\/shop\/\"},{\"@type\":\"ListItem\",\"position\":3,\"name\":\"Calcio+Magnesio+Zinc 100 tabletas\"}]}]}<\/script>\n<!-- \/ Yoast SEO plugin. -->","yoast_head_json":{"title":"Calcio+Magnesio+Zinc 100 tabletas - Armonia Natural Diet Shop","robots":{"index":"index","follow":"follow","max-snippet":"max-snippet:-1","max-image-preview":"max-image-preview:large","max-video-preview":"max-video-preview:-1"},"canonical":"https:\/\/armonianaturaldietshop.com\/en\/product\/calciomagnesiozinc-100-tabletas\/","og_locale":"en_US","og_type":"article","og_title":"Calcio+Magnesio+Zinc 100 tabletas - Armonia Natural Diet Shop","og_description":"Funciones: El Magnesio, mineral necesario para m\u00e1s de 300 reacciones bioqu\u00edmicas en el cuerpo. Ayuda a mantener los m\u00fasculos y la funci\u00f3n nerviosa en estado normal, mantiene constante el ritmo card\u00edaco, apoya un sistema inmunol\u00f3gico saludable, y mantiene los huesos fuertes. Interviene en la formaci\u00f3n de neurotransmisores y neuromoduladores, repolarizaci\u00f3n de la [...]","og_url":"https:\/\/armonianaturaldietshop.com\/en\/product\/calciomagnesiozinc-100-tabletas\/","og_site_name":"Armonia Natural Diet Shop","article_publisher":"https:\/\/www.facebook.com\/ArmoniaNaturalDietShop\/","article_modified_time":"2018-07-13T23:51:32+00:00","og_image":[{"width":256,"height":286,"url":"https:\/\/armonianaturaldietshop.com\/wp-content\/uploads\/2018\/02\/calciomagnesiozinc-100-tabletas_109.jpg","type":"image\/jpeg"}],"twitter_card":"summary_large_image","twitter_misc":{"Est. reading time":"2 minutes"},"schema":{"@context":"https:\/\/schema.org","@graph":[{"@type":"Organization","@id":"https:\/\/armonianaturaldietshop.com\/#organization","name":"Armonia Natural Diet Shop","url":"https:\/\/armonianaturaldietshop.com\/","sameAs":["https:\/\/www.facebook.com\/ArmoniaNaturalDietShop\/","https:\/\/www.instagram.com\/armonia.natural\/?hl=en"],"logo":{"@type":"ImageObject","@id":"https:\/\/armonianaturaldietshop.com\/#logo","inLanguage":"en-US","url":"https:\/\/armonianaturaldietshop.com\/wp-content\/uploads\/2018\/01\/top-banner-1.png","contentUrl":"https:\/\/armonianaturaldietshop.com\/wp-content\/uploads\/2018\/01\/top-banner-1.png","width":369,"height":116,"caption":"Armonia Natural Diet Shop"},"image":{"@id":"https:\/\/armonianaturaldietshop.com\/#logo"}},{"@type":"WebSite","@id":"https:\/\/armonianaturaldietshop.com\/#website","url":"https:\/\/armonianaturaldietshop.com\/","name":"Armonia Natural Diet Shop","description":"Otro sitio realizado con WordPress","publisher":{"@id":"https:\/\/armonianaturaldietshop.com\/#organization"},"potentialAction":[{"@type":"SearchAction","target":{"@type":"EntryPoint","urlTemplate":"https:\/\/armonianaturaldietshop.com\/?s={search_term_string}"},"query-input":"required name=search_term_string"}],"inLanguage":"en-US"},{"@type":"ImageObject","@id":"https:\/\/armonianaturaldietshop.com\/en\/product\/calciomagnesiozinc-100-tabletas\/#primaryimage","inLanguage":"en-US","url":"https:\/\/armonianaturaldietshop.com\/wp-content\/uploads\/2018\/02\/calciomagnesiozinc-100-tabletas_109.jpg","contentUrl":"https:\/\/armonianaturaldietshop.com\/wp-content\/uploads\/2018\/02\/calciomagnesiozinc-100-tabletas_109.jpg","width":256,"height":286},{"@type":"WebPage","@id":"https:\/\/armonianaturaldietshop.com\/en\/product\/calciomagnesiozinc-100-tabletas\/#webpage","url":"https:\/\/armonianaturaldietshop.com\/en\/product\/calciomagnesiozinc-100-tabletas\/","name":"Calcio+Magnesio+Zinc 100 tabletas - Armonia Natural Diet Shop","isPartOf":{"@id":"https:\/\/armonianaturaldietshop.com\/#website"},"primaryImageOfPage":{"@id":"https:\/\/armonianaturaldietshop.com\/en\/product\/calciomagnesiozinc-100-tabletas\/#primaryimage"},"datePublished":"2018-01-28T21:42:37+00:00","dateModified":"2018-07-13T23:51:32+00:00","breadcrumb":{"@id":"https:\/\/armonianaturaldietshop.com\/en\/product\/calciomagnesiozinc-100-tabletas\/#breadcrumb"},"inLanguage":"en-US","potentialAction":[{"@type":"ReadAction","target":["https:\/\/armonianaturaldietshop.com\/en\/product\/calciomagnesiozinc-100-tabletas\/"]}]},{"@type":"BreadcrumbList","@id":"https:\/\/armonianaturaldietshop.com\/en\/product\/calciomagnesiozinc-100-tabletas\/#breadcrumb","itemListElement":[{"@type":"ListItem","position":1,"name":"Home","item":"https:\/\/armonianaturaldietshop.com\/en\/"},{"@type":"ListItem","position":2,"name":"Shop","item":"https:\/\/armonianaturaldietshop.com\/en\/shop\/"},{"@type":"ListItem","position":3,"name":"Calcio+Magnesio+Zinc 100 tabletas"}]}]}},"_links":{"self":[{"href":"https:\/\/armonianaturaldietshop.com\/en\/wp-json\/wp\/v2\/product\/1858"}],"collection":[{"href":"https:\/\/armonianaturaldietshop.com\/en\/wp-json\/wp\/v2\/product"}],"about":[{"href":"https:\/\/armonianaturaldietshop.com\/en\/wp-json\/wp\/v2\/types\/product"}],"replies":[{"embeddable":true,"href":"https:\/\/armonianaturaldietshop.com\/en\/wp-json\/wp\/v2\/comments?post=1858"}],"wp:featuredmedia":[{"embeddable":true,"href":"https:\/\/armonianaturaldietshop.com\/en\/wp-json\/wp\/v2\/media\/1413"}],"wp:attachment":[{"href":"https:\/\/armonianaturaldietshop.com\/en\/wp-json\/wp\/v2\/media?parent=1858"}],"wp:term":[{"taxonomy":"product_cat","embeddable":true,"href":"https:\/\/armonianaturaldietshop.com\/en\/wp-json\/wp\/v2\/product_cat?post=1858"},{"taxonomy":"product_tag","embeddable":true,"href":"https:\/\/armonianaturaldietshop.com\/en\/wp-json\/wp\/v2\/product_tag?post=1858"}],"curies":[{"name":"wp","href":"https:\/\/api.w.org\/{rel}","templated":true}]}}