{"id":1860,"date":"2018-01-28T21:42:36","date_gmt":"2018-01-28T21:42:36","guid":{"rendered":"http:\/\/armonianaturaldietshop.com\/product\/burn-free-gel-para-aliviar-el-dolor-en-quemaduras\/"},"modified":"2020-11-24T19:18:03","modified_gmt":"2020-11-24T19:18:03","slug":"burn-free-gel-para-aliviar-el-dolor-en-quemaduras","status":"publish","type":"product","link":"https:\/\/armonianaturaldietshop.com\/en\/product\/burn-free-gel-para-aliviar-el-dolor-en-quemaduras\/","title":{"rendered":"BURN FREE, Gel para aliviar el dolor en quemaduras"},"content":{"rendered":"<div class=\"ctext2\" style=\"width: 585px; height: auto; padding: 25px; float: left; position: relative; font-family: Times;\">\n<p><span style=\"font-family: arial, helvetica, sans-serif; font-size: 12pt;\">Las quemaduras son un riesgo para el horgar por ello recomendamos que siempre tenga\u00a0<span style=\"font-weight: bold;\">BurnFree<\/span>\u00a0en casa.<\/span><\/p>\n<\/div>\n<p>&nbsp;<\/p>\n<div class=\"ctext2\" style=\"width: 585px; height: auto; padding: 25px; float: left; position: relative; font-family: Times;\"><span style=\"font-size: 12pt; font-family: arial, helvetica, sans-serif;\">*En la cocina con la estufa o con liquidos hirviendo<\/span><\/div>\n<div class=\"ctext2\" style=\"width: 585px; height: auto; padding: 25px; float: left; position: relative; font-family: Times;\"><span style=\"font-size: 12pt; font-family: arial, helvetica, sans-serif;\">*Con la plancha<\/span><\/div>\n<div class=\"ctext2\" style=\"width: 585px; height: auto; padding: 25px; float: left; position: relative; font-family: Times;\"><span style=\"font-size: 12pt; font-family: arial, helvetica, sans-serif;\">*Quemaduras solares durante las vacaciones<\/span><\/div>\n<div class=\"ctext2\" style=\"width: 585px; height: auto; padding: 25px; float: left; position: relative; font-family: Times;\"><span style=\"font-size: 12pt; font-family: arial, helvetica, sans-serif;\">*Con secadoras, rizadoras o planchas para el cabello<\/span><\/div>\n<div class=\"ctext2\" style=\"width: 585px; height: auto; padding: 25px; float: left; position: relative; font-family: Times;\"><span style=\"font-size: 12pt; font-family: arial, helvetica, sans-serif;\">*Cerillos o encendedores<\/span><\/div>\n<div class=\"ctext2\" style=\"width: 585px; height: auto; padding: 25px; float: left; position: relative; font-family: Times;\"><span style=\"font-size: 12pt; font-family: arial, helvetica, sans-serif;\">*Quemaduras el\u00e9ctricas<\/span><\/div>\n<div class=\"ctext2\" style=\"width: 585px; height: auto; padding: 25px; float: left; position: relative; font-family: Times;\"><span style=\"font-size: 12pt; font-family: arial, helvetica, sans-serif;\">*Quemaduras mec\u00e1nicas: ca\u00eddas y raspones \u00a0 \u00a0 \u00a0 \u00a0 \u00a0 \u00a0 \u00a0 \u00a0 \u00a0 \u00a0<\/span><span style=\"font-size: 12pt; font-family: arial, helvetica, sans-serif;\">\u00a0<\/span><\/div>\n<p><span style=\"font-size: 12pt; font-family: arial, helvetica, sans-serif;\">*No contiene lidoca\u00edna<\/span><\/p>\n<div><\/div>\n<div><\/div>\n<div><\/div>\n<div><\/div>\n<div><\/div>\n<div><\/div>\n<div><\/div>\n<div><\/div>\n<div><\/div>\n<div><\/div>\n<div><\/div>\n<div><\/div>\n<div><\/div>\n<div><\/div>\n<div><\/div>\n<div><\/div>\n<div><\/div>\n<div><\/div>\n<div><\/div>\n<div><\/div>\n<div><\/div>\n<div><\/div>\n<div><\/div>\n<div><\/div>\n<div><\/div>\n<p><span style=\"font-size: 12pt; font-family: arial, helvetica, sans-serif;\"><span style=\"color: #525252; line-height: 22px; text-align: justify; background-color: #f4f4f4;\">BurnFree\u00ae Gel. Es un auxiliar en la atenci\u00f3n de las quemaduras y abrasiones leves. Es importante conocer los riesgos que implican las quemaduras y las ventajas de una atenci\u00f3n r\u00e1pida. En casos de quemaduras graves,\u00a0<\/span><span style=\"font-weight: 600; color: #525252; line-height: 22px; text-align: justify;\">solicite atenci\u00f3n inmediata<\/span><span style=\"color: #525252; line-height: 22px; text-align: justify; background-color: #f4f4f4;\">. BurnFree\u00ae no sustituye la atenci\u00f3n m\u00e9dica.<\/span><br style=\"color: #525252; line-height: 22px; text-align: justify;\" \/><br style=\"color: #525252; line-height: 22px; text-align: justify;\" \/><span style=\"color: #525252; line-height: 22px; text-align: justify; background-color: #f4f4f4;\">La exposici\u00f3n de la piel sin protecci\u00f3n adecuada a la luz solar, puede derivarse en padecimientos dermatol\u00f3gicos, es importante el uso de bloqueador solar en cualquier exposici\u00f3n al sol, la exposici\u00f3n constante a rayos UV es nociva para la salud. BurnFree\u00ae no sustituye el uso de bloqueador solar.<\/span><\/span><\/p>\n<p>&nbsp;<\/p>\n<div class=\"rimg2\" style=\"width: 150px; height: auto; float: right; font-family: Times;\"><\/div>\n<div class=\"rimg2\" style=\"width: 150px; height: auto; float: right; font-family: Times;\"><\/div>\n<div class=\"rimg2\" style=\"width: 150px; height: auto; float: right; font-family: Times;\"><\/div>\n<div class=\"rimg2\" style=\"width: 150px; height: auto; float: right; font-family: Times;\"><\/div>\n<div class=\"rimg2\" style=\"width: 150px; height: auto; float: right; font-family: Times;\"><\/div>\n<div class=\"rimg2\" style=\"width: 150px; height: auto; float: right; font-family: Times;\"><\/div>\n<div class=\"rimg2\" style=\"width: 150px; height: auto; float: right; font-family: Times;\"><\/div>\n<div class=\"rimg2\" style=\"width: 150px; height: auto; float: right; font-family: Times;\"><\/div>\n<div class=\"rimg2\" style=\"width: 150px; height: auto; float: right; font-family: Times;\"><\/div>\n<div class=\"rimg2\" style=\"width: 150px; height: auto; float: right; font-family: Times;\"><\/div>\n<div class=\"rimg2\" style=\"width: 150px; height: auto; float: right; font-family: Times;\"><\/div>\n<div class=\"rimg2\" style=\"width: 150px; height: auto; float: right; font-family: Times;\"><\/div>\n<div class=\"rimg2\" style=\"width: 150px; height: auto; float: right; font-family: Times;\"><\/div>\n<div class=\"rimg2\" style=\"width: 150px; height: auto; float: right; font-family: Times;\"><\/div>\n<div class=\"rimg2\" style=\"width: 150px; height: auto; float: right; font-family: Times;\"><\/div>\n<div class=\"rimg2\" style=\"width: 150px; height: auto; float: right; font-family: Times;\"><\/div>\n<div class=\"rimg2\" style=\"width: 150px; height: auto; float: right; font-family: Times;\"><\/div>\n<div class=\"rimg2\" style=\"width: 150px; height: auto; float: right; font-family: Times;\"><\/div>\n<div class=\"rimg2\" style=\"width: 150px; height: auto; float: right; font-family: Times;\"><\/div>\n<div class=\"rimg2\" style=\"width: 150px; height: auto; float: right; font-family: Times;\"><\/div>\n<div class=\"rimg2\" style=\"width: 150px; height: auto; float: right; font-family: Times;\"><\/div>\n<div class=\"rimg2\" style=\"width: 150px; height: auto; float: right; font-family: Times;\"><\/div>\n<div class=\"rimg2\" style=\"width: 150px; height: auto; float: right; font-family: Times;\"><\/div>\n<div class=\"rimg2\" style=\"width: 150px; height: auto; float: right; font-family: Times;\"><\/div>\n<div class=\"rimg2\" style=\"width: 150px; height: auto; float: right; font-family: Times;\"><\/div>\n<div class=\"rimg2\" style=\"width: 150px; height: auto; float: right; font-family: Times;\"><\/div>\n<div class=\"rimg2\" style=\"width: 150px; height: auto; float: right; font-family: Times;\"><\/div>\n<div class=\"rimg2\" style=\"width: 150px; height: auto; float: right; font-family: Times;\"><\/div>\n<div class=\"rimg2\" style=\"width: 150px; height: auto; float: right; font-family: Times;\"><\/div>\n<div class=\"rimg2\" style=\"width: 150px; height: auto; float: right; font-family: Times;\"><\/div>\n<div class=\"rimg2\" style=\"width: 150px; height: auto; float: right; font-family: Times;\"><\/div>\n<div class=\"rimg2\" style=\"width: 150px; height: auto; float: right; font-family: Times;\"><\/div>\n<div class=\"rimg2\" style=\"width: 150px; height: auto; float: right; font-family: Times;\"><\/div>\n<div class=\"rimg2\" style=\"width: 150px; height: auto; float: right; font-family: Times;\"><\/div>\n<div class=\"rimg2\" style=\"width: 150px; height: auto; float: right; font-family: Times;\"><\/div>\n<div class=\"rimg2\" style=\"width: 150px; height: auto; float: right; font-family: Times;\"><\/div>\n<div class=\"rimg2\" style=\"width: 150px; height: auto; float: right; font-family: Times;\"><\/div>\n<div class=\"rimg2\" style=\"width: 150px; height: auto; float: right; font-family: Times;\">\n<div class=\"mc\" style=\"width: 1100px; height: 500px; margin: 5mm auto 0px; font-family: Times;\">\n<p>&nbsp;<\/p>\n<div class=\"rimg2\" style=\"width: 150px; height: auto; float: right;\"><img style=\"margin: 0px; padding: 0px;\" src=\"https:\/\/burnfreemexico.com.mx\/img\/BF_Bottle_h.PNG\" alt=\"BurnFree Bottle\" \/><\/div>\n<\/div>\n<div class=\"ft_cnt\" style=\"height: 100px; width: 1100px; border-top-width: 1px; border-top-style: solid; border-top-color: #999999; margin-left: 50px; font-family: Times;\"><\/div>\n<\/div>\n<div class=\"rimg2\" style=\"width: 150px; height: auto; float: right; font-family: Times;\"><\/div>\n","protected":false},"excerpt":{"rendered":"<p>BURN FREE PROPORCIONA UN R\u00c1PIDO ALIVIO EN QUEMADURAS INCLUYENDO INSOLACI\u00d3N.<\/p>\n<p>&#8211; ALIVIA EL DOLOR<br \/>\n&#8211; REFRESCA<br \/>\n&#8211; SUAVIZA<br \/>\n&#8211; HUMECTA<\/p>\n","protected":false},"featured_media":4382,"comment_status":"open","ping_status":"closed","template":"","meta":[],"product_cat":[32],"product_tag":[],"acf":[],"yoast_head":"<!-- This site is optimized with the Yoast SEO plugin v18.5.1 - https:\/\/yoast.com\/wordpress\/plugins\/seo\/ -->\n<title>BURN FREE, Gel para aliviar el dolor en quemaduras - Armonia Natural Diet Shop<\/title>\n<meta name=\"robots\" content=\"index, follow, max-snippet:-1, max-image-preview:large, max-video-preview:-1\" \/>\n<link rel=\"canonical\" href=\"https:\/\/armonianaturaldietshop.com\/en\/product\/burn-free-gel-para-aliviar-el-dolor-en-quemaduras\/\" \/>\n<meta property=\"og:locale\" content=\"en_US\" \/>\n<meta property=\"og:type\" content=\"article\" \/>\n<meta property=\"og:title\" content=\"BURN FREE, Gel para aliviar el dolor en quemaduras - Armonia Natural Diet Shop\" \/>\n<meta property=\"og:description\" content=\"BURN FREE PROPORCIONA UN R\u00c1PIDO ALIVIO EN QUEMADURAS INCLUYENDO INSOLACI\u00d3N.  - ALIVIA EL DOLOR - REFRESCA - SUAVIZA - HUMECTA\" \/>\n<meta property=\"og:url\" content=\"https:\/\/armonianaturaldietshop.com\/en\/product\/burn-free-gel-para-aliviar-el-dolor-en-quemaduras\/\" \/>\n<meta property=\"og:site_name\" content=\"Armonia Natural Diet Shop\" \/>\n<meta property=\"article:publisher\" content=\"https:\/\/www.facebook.com\/ArmoniaNaturalDietShop\/\" \/>\n<meta property=\"article:modified_time\" content=\"2020-11-24T19:18:03+00:00\" \/>\n<meta property=\"og:image\" content=\"https:\/\/armonianaturaldietshop.com\/wp-content\/uploads\/2018\/01\/burnfree.jpg\" \/>\n\t<meta property=\"og:image:width\" content=\"1060\" \/>\n\t<meta property=\"og:image:height\" content=\"1060\" \/>\n\t<meta property=\"og:image:type\" content=\"image\/jpeg\" \/>\n<meta name=\"twitter:card\" content=\"summary_large_image\" \/>\n<meta name=\"twitter:label1\" content=\"Est. reading time\" \/>\n\t<meta name=\"twitter:data1\" content=\"1 minute\" \/>\n<script type=\"application\/ld+json\" class=\"yoast-schema-graph\">{\"@context\":\"https:\/\/schema.org\",\"@graph\":[{\"@type\":\"Organization\",\"@id\":\"https:\/\/armonianaturaldietshop.com\/#organization\",\"name\":\"Armonia Natural Diet Shop\",\"url\":\"https:\/\/armonianaturaldietshop.com\/\",\"sameAs\":[\"https:\/\/www.facebook.com\/ArmoniaNaturalDietShop\/\",\"https:\/\/www.instagram.com\/armonia.natural\/?hl=en\"],\"logo\":{\"@type\":\"ImageObject\",\"@id\":\"https:\/\/armonianaturaldietshop.com\/#logo\",\"inLanguage\":\"en-US\",\"url\":\"https:\/\/armonianaturaldietshop.com\/wp-content\/uploads\/2018\/01\/top-banner-1.png\",\"contentUrl\":\"https:\/\/armonianaturaldietshop.com\/wp-content\/uploads\/2018\/01\/top-banner-1.png\",\"width\":369,\"height\":116,\"caption\":\"Armonia Natural Diet Shop\"},\"image\":{\"@id\":\"https:\/\/armonianaturaldietshop.com\/#logo\"}},{\"@type\":\"WebSite\",\"@id\":\"https:\/\/armonianaturaldietshop.com\/#website\",\"url\":\"https:\/\/armonianaturaldietshop.com\/\",\"name\":\"Armonia Natural Diet Shop\",\"description\":\"Otro sitio realizado con WordPress\",\"publisher\":{\"@id\":\"https:\/\/armonianaturaldietshop.com\/#organization\"},\"potentialAction\":[{\"@type\":\"SearchAction\",\"target\":{\"@type\":\"EntryPoint\",\"urlTemplate\":\"https:\/\/armonianaturaldietshop.com\/?s={search_term_string}\"},\"query-input\":\"required name=search_term_string\"}],\"inLanguage\":\"en-US\"},{\"@type\":\"ImageObject\",\"@id\":\"https:\/\/armonianaturaldietshop.com\/en\/product\/burn-free-gel-para-aliviar-el-dolor-en-quemaduras\/#primaryimage\",\"inLanguage\":\"en-US\",\"url\":\"https:\/\/armonianaturaldietshop.com\/wp-content\/uploads\/2018\/01\/burnfree.jpg\",\"contentUrl\":\"https:\/\/armonianaturaldietshop.com\/wp-content\/uploads\/2018\/01\/burnfree.jpg\",\"width\":1060,\"height\":1060,\"caption\":\"Burnfree Colombia\"},{\"@type\":\"WebPage\",\"@id\":\"https:\/\/armonianaturaldietshop.com\/en\/product\/burn-free-gel-para-aliviar-el-dolor-en-quemaduras\/#webpage\",\"url\":\"https:\/\/armonianaturaldietshop.com\/en\/product\/burn-free-gel-para-aliviar-el-dolor-en-quemaduras\/\",\"name\":\"BURN FREE, Gel para aliviar el dolor en quemaduras - Armonia Natural Diet Shop\",\"isPartOf\":{\"@id\":\"https:\/\/armonianaturaldietshop.com\/#website\"},\"primaryImageOfPage\":{\"@id\":\"https:\/\/armonianaturaldietshop.com\/en\/product\/burn-free-gel-para-aliviar-el-dolor-en-quemaduras\/#primaryimage\"},\"datePublished\":\"2018-01-28T21:42:36+00:00\",\"dateModified\":\"2020-11-24T19:18:03+00:00\",\"breadcrumb\":{\"@id\":\"https:\/\/armonianaturaldietshop.com\/en\/product\/burn-free-gel-para-aliviar-el-dolor-en-quemaduras\/#breadcrumb\"},\"inLanguage\":\"en-US\",\"potentialAction\":[{\"@type\":\"ReadAction\",\"target\":[\"https:\/\/armonianaturaldietshop.com\/en\/product\/burn-free-gel-para-aliviar-el-dolor-en-quemaduras\/\"]}]},{\"@type\":\"BreadcrumbList\",\"@id\":\"https:\/\/armonianaturaldietshop.com\/en\/product\/burn-free-gel-para-aliviar-el-dolor-en-quemaduras\/#breadcrumb\",\"itemListElement\":[{\"@type\":\"ListItem\",\"position\":1,\"name\":\"Home\",\"item\":\"https:\/\/armonianaturaldietshop.com\/en\/\"},{\"@type\":\"ListItem\",\"position\":2,\"name\":\"Shop\",\"item\":\"https:\/\/armonianaturaldietshop.com\/en\/shop\/\"},{\"@type\":\"ListItem\",\"position\":3,\"name\":\"BURN FREE, Gel para aliviar el dolor en quemaduras\"}]}]}<\/script>\n<!-- \/ Yoast SEO plugin. -->","yoast_head_json":{"title":"BURN FREE, Gel para aliviar el dolor en quemaduras - Armonia Natural Diet Shop","robots":{"index":"index","follow":"follow","max-snippet":"max-snippet:-1","max-image-preview":"max-image-preview:large","max-video-preview":"max-video-preview:-1"},"canonical":"https:\/\/armonianaturaldietshop.com\/en\/product\/burn-free-gel-para-aliviar-el-dolor-en-quemaduras\/","og_locale":"en_US","og_type":"article","og_title":"BURN FREE, Gel para aliviar el dolor en quemaduras - Armonia Natural Diet Shop","og_description":"BURN FREE PROPORCIONA UN R\u00c1PIDO ALIVIO EN QUEMADURAS INCLUYENDO INSOLACI\u00d3N.  - ALIVIA EL DOLOR - REFRESCA - SUAVIZA - HUMECTA","og_url":"https:\/\/armonianaturaldietshop.com\/en\/product\/burn-free-gel-para-aliviar-el-dolor-en-quemaduras\/","og_site_name":"Armonia Natural Diet Shop","article_publisher":"https:\/\/www.facebook.com\/ArmoniaNaturalDietShop\/","article_modified_time":"2020-11-24T19:18:03+00:00","og_image":[{"width":1060,"height":1060,"url":"https:\/\/armonianaturaldietshop.com\/wp-content\/uploads\/2018\/01\/burnfree.jpg","type":"image\/jpeg"}],"twitter_card":"summary_large_image","twitter_misc":{"Est. reading time":"1 minute"},"schema":{"@context":"https:\/\/schema.org","@graph":[{"@type":"Organization","@id":"https:\/\/armonianaturaldietshop.com\/#organization","name":"Armonia Natural Diet Shop","url":"https:\/\/armonianaturaldietshop.com\/","sameAs":["https:\/\/www.facebook.com\/ArmoniaNaturalDietShop\/","https:\/\/www.instagram.com\/armonia.natural\/?hl=en"],"logo":{"@type":"ImageObject","@id":"https:\/\/armonianaturaldietshop.com\/#logo","inLanguage":"en-US","url":"https:\/\/armonianaturaldietshop.com\/wp-content\/uploads\/2018\/01\/top-banner-1.png","contentUrl":"https:\/\/armonianaturaldietshop.com\/wp-content\/uploads\/2018\/01\/top-banner-1.png","width":369,"height":116,"caption":"Armonia Natural Diet Shop"},"image":{"@id":"https:\/\/armonianaturaldietshop.com\/#logo"}},{"@type":"WebSite","@id":"https:\/\/armonianaturaldietshop.com\/#website","url":"https:\/\/armonianaturaldietshop.com\/","name":"Armonia Natural Diet Shop","description":"Otro sitio realizado con WordPress","publisher":{"@id":"https:\/\/armonianaturaldietshop.com\/#organization"},"potentialAction":[{"@type":"SearchAction","target":{"@type":"EntryPoint","urlTemplate":"https:\/\/armonianaturaldietshop.com\/?s={search_term_string}"},"query-input":"required name=search_term_string"}],"inLanguage":"en-US"},{"@type":"ImageObject","@id":"https:\/\/armonianaturaldietshop.com\/en\/product\/burn-free-gel-para-aliviar-el-dolor-en-quemaduras\/#primaryimage","inLanguage":"en-US","url":"https:\/\/armonianaturaldietshop.com\/wp-content\/uploads\/2018\/01\/burnfree.jpg","contentUrl":"https:\/\/armonianaturaldietshop.com\/wp-content\/uploads\/2018\/01\/burnfree.jpg","width":1060,"height":1060,"caption":"Burnfree Colombia"},{"@type":"WebPage","@id":"https:\/\/armonianaturaldietshop.com\/en\/product\/burn-free-gel-para-aliviar-el-dolor-en-quemaduras\/#webpage","url":"https:\/\/armonianaturaldietshop.com\/en\/product\/burn-free-gel-para-aliviar-el-dolor-en-quemaduras\/","name":"BURN FREE, Gel para aliviar el dolor en quemaduras - Armonia Natural Diet Shop","isPartOf":{"@id":"https:\/\/armonianaturaldietshop.com\/#website"},"primaryImageOfPage":{"@id":"https:\/\/armonianaturaldietshop.com\/en\/product\/burn-free-gel-para-aliviar-el-dolor-en-quemaduras\/#primaryimage"},"datePublished":"2018-01-28T21:42:36+00:00","dateModified":"2020-11-24T19:18:03+00:00","breadcrumb":{"@id":"https:\/\/armonianaturaldietshop.com\/en\/product\/burn-free-gel-para-aliviar-el-dolor-en-quemaduras\/#breadcrumb"},"inLanguage":"en-US","potentialAction":[{"@type":"ReadAction","target":["https:\/\/armonianaturaldietshop.com\/en\/product\/burn-free-gel-para-aliviar-el-dolor-en-quemaduras\/"]}]},{"@type":"BreadcrumbList","@id":"https:\/\/armonianaturaldietshop.com\/en\/product\/burn-free-gel-para-aliviar-el-dolor-en-quemaduras\/#breadcrumb","itemListElement":[{"@type":"ListItem","position":1,"name":"Home","item":"https:\/\/armonianaturaldietshop.com\/en\/"},{"@type":"ListItem","position":2,"name":"Shop","item":"https:\/\/armonianaturaldietshop.com\/en\/shop\/"},{"@type":"ListItem","position":3,"name":"BURN FREE, Gel para aliviar el dolor en quemaduras"}]}]}},"_links":{"self":[{"href":"https:\/\/armonianaturaldietshop.com\/en\/wp-json\/wp\/v2\/product\/1860"}],"collection":[{"href":"https:\/\/armonianaturaldietshop.com\/en\/wp-json\/wp\/v2\/product"}],"about":[{"href":"https:\/\/armonianaturaldietshop.com\/en\/wp-json\/wp\/v2\/types\/product"}],"replies":[{"embeddable":true,"href":"https:\/\/armonianaturaldietshop.com\/en\/wp-json\/wp\/v2\/comments?post=1860"}],"wp:featuredmedia":[{"embeddable":true,"href":"https:\/\/armonianaturaldietshop.com\/en\/wp-json\/wp\/v2\/media\/4382"}],"wp:attachment":[{"href":"https:\/\/armonianaturaldietshop.com\/en\/wp-json\/wp\/v2\/media?parent=1860"}],"wp:term":[{"taxonomy":"product_cat","embeddable":true,"href":"https:\/\/armonianaturaldietshop.com\/en\/wp-json\/wp\/v2\/product_cat?post=1860"},{"taxonomy":"product_tag","embeddable":true,"href":"https:\/\/armonianaturaldietshop.com\/en\/wp-json\/wp\/v2\/product_tag?post=1860"}],"curies":[{"name":"wp","href":"https:\/\/api.w.org\/{rel}","templated":true}]}}