{"id":1863,"date":"2018-01-28T21:42:35","date_gmt":"2018-01-28T21:42:35","guid":{"rendered":"http:\/\/armonianaturaldietshop.com\/product\/biotin-10-000mcg-best-naturals-x-100-capsulas\/"},"modified":"2022-01-29T14:31:59","modified_gmt":"2022-01-29T14:31:59","slug":"biotin-10-000mcg","status":"publish","type":"product","link":"https:\/\/armonianaturaldietshop.com\/en\/product\/biotin-10-000mcg\/","title":{"rendered":"Biotin 10.000mcg  X 50 caps"},"content":{"rendered":"<h1 style=\"text-align: center;\"><span style=\"color: #0000ff;\">ULTRA MEGA BIOTIN 10,000mcg Puritan&#8217;s Pride<\/span><\/h1>\n<p>&nbsp;<\/p>\n<p><span id=\"yui_3_16_0_ym19_1_1493308014669_14311\" style=\"font-family: sans-serif; font-size: 14px; margin: 0px; padding: 0px;\">\u00a0Biotin<\/span><span style=\"font-family: sans-serif; font-size: 14px;\">\u00a010.000mcg es un suplemento<a href=\"https:\/\/www.kernpharma.com\/es\/blog\/vitaminas-imprescindibles-para-nuestra-salud-las-vitaminas-del-complejo-b\"> importante<\/a> a base de\u00a0<\/span><span style=\"font-size: 12pt;\">vitamina B<\/span><span style=\"font-family: sans-serif; font-size: 14px;\">\u00a0que brinda un gran apoyo alimenticio para el cabello y las u\u00f1as, as\u00ed como tambien aumenta la producci\u00f3n de energ\u00eda en el cuerpo. La\u00a0<\/span><span id=\"yui_3_16_0_ym19_1_1493308014669_14317\" style=\"font-family: sans-serif; font-size: 14px; margin: 0px; padding: 0px;\">Biotina<\/span><span style=\"font-family: sans-serif; font-size: 14px;\">\u00a0es la vitamina preferida por las mujeres.<\/span><\/p>\n<p id=\"yui_3_16_0_ym19_1_1493308014669_15981\" style=\"margin: 0px 0px 10px; padding: 0px; font-size: 14px; line-height: 1.3em; font-family: sans-serif;\">La\u00a0<span id=\"yui_3_16_0_ym19_1_1493308014669_15980\" style=\"margin: 0px; padding: 0px;\">Biotina es el suplemento<\/span> que brinda un apoyo a la matriz del pelo y las u\u00f1as que est\u00e1n d\u00e9biles y quebradizas.<\/p>\n<h2 id=\"yui_3_16_0_ym19_1_1493308014669_15991\" style=\"font-size: 19px; margin: 10px 0px; padding: 0px 0px 1px; font-weight: 500; line-height: normal; font-family: sans-serif; color: #0087ca; border: none;\">Beneficios de Biotina 10,000 mcg<\/h2>\n<ul id=\"yui_3_16_0_ym19_1_1493308014669_15994\" style=\"margin: 0px 0px 5px; padding: 0px 0px 0px 20px; list-style-position: initial; list-style-image: initial;\">\n<li style=\"list-style-type: none;\">\n<ul id=\"yui_3_16_0_ym19_1_1493308014669_15993\" style=\"color: #333333; font-family: Arial, sans-serif, 'Helvetica Neue', Helvetica; font-size: 16px; margin: 0px 0px 5px; padding: 0px 0px 0px 20px; list-style: disc;\">\n<li id=\"yui_3_16_0_ym19_1_1493308014669_15992\" style=\"margin: 0px 0px 0px 17px; padding: 0px; font-size: 14px; color: #000000; line-height: 1.3em; font-family: sans-serif; list-style-type: disc;\">Promueve la salud del cabello.<\/li>\n<li id=\"yui_3_16_0_ym19_1_1493308014669_15995\" style=\"margin: 0px 0px 0px 17px; padding: 0px; font-size: 14px; color: #000000; line-height: 1.3em; font-family: sans-serif; list-style-type: disc;\">Fortalece las u\u00f1as.<\/li>\n<li id=\"yui_3_16_0_ym19_1_1493308014669_15996\" style=\"margin: 0px 0px 0px 17px; padding: 0px; font-size: 14px; color: #000000; line-height: 1.3em; font-family: sans-serif; list-style-type: disc;\">Apoya la producci\u00f3n de energ\u00eda celular.<\/li>\n<li id=\"yui_3_16_0_ym19_1_1493308014669_15997\" style=\"margin: 0px 0px 0px 17px; padding: 0px; font-size: 14px; color: #000000; line-height: 1.3em; font-family: sans-serif; list-style-type: disc;\">Es 100% Vegetariana.<\/li>\n<li id=\"yui_3_16_0_ym19_1_1493308014669_15998\" style=\"margin: 0px 0px 0px 17px; padding: 0px; font-size: 14px; color: #000000; line-height: 1.3em; font-family: sans-serif; list-style-type: disc;\">Estimula el crecimiento del cabello en poco tiempo.<\/li>\n<\/ul>\n<\/li>\n<\/ul>\n<div id=\"yui_3_16_0_ym19_1_1493308014669_14310\" class=\"yiv1506981439std\" style=\"font-size: 16px; margin: 0px; padding: 0px; color: #333333; line-height: 1.2em; font-family: Arial, sans-serif, 'Helvetica Neue', Helvetica;\">\n<blockquote id=\"yui_3_16_0_ym19_1_1493308014669_16058\" style=\"margin: 0px 0px 10px; padding: 10px; font-size: 14px; color: #444444; line-height: 18px; background-color: #f5f5f5;\"><p>Cada vez m\u00e1s la<span id=\"yui_3_16_0_ym19_1_1493308014669_16087\" style=\"font-weight: bold; margin: 0px; padding: 0px;\">\u00a0Biotin 10.000mcg\u00a0<\/span>\u00a0es recomendada por los mejores especialistas en belleza debido a que sus efectos son altamente eficaces se le considera tambien la vitamina de la belleza!<\/p><\/blockquote>\n<p id=\"yui_3_16_0_ym19_1_1493308014669_16068\" style=\"margin: 0px 0px 10px; padding: 0px; font-size: 14px; color: #000000; line-height: 1.3em; font-family: sans-serif;\">Tambi\u00e9n conocida como vitamina H, vitamina B8 (o biotina) es una vitamina esencial para a la <a href=\"https:\/\/armonianaturaldietshop.com\/product\/hair-2-love\/\">salud del cabello y las u\u00f1as<\/a>. Recientes estudios han encontrado que aparte de detener la ca\u00edda del cabello,\u00a0<span style=\"margin: 0px; padding: 0px; text-decoration: underline;\">la Biotina ayuda a evitar la Diabetes tipo II.<\/span><\/p>\n<p id=\"yui_3_16_0_ym19_1_1493308014669_16069\" style=\"margin: 0px 0px 10px; padding: 0px; font-size: 14px; color: #000000; line-height: 1.3em; font-family: sans-serif;\">Es proveniente de una <span style=\"margin: 0px; padding: 0px;\">vitamina<\/span>\u00a0hidrosoluble de la cual la mayoria de las personas tienen poco conocimiento. Una de sus funciones principales de la\u00a0<span id=\"yui_3_16_0_ym19_1_1493308014669_16070\" style=\"margin: 0px; padding: 0px;\">Biotina<\/span>\u00a0es la de ejerce en el propio metabolismo de los amino\u00e1cidos, y contribuir a la conservaci\u00f3n del buen estado de la piel, los nervios y el pelo.<\/p>\n<p id=\"yui_3_16_0_ym19_1_1493308014669_16071\" style=\"margin: 0px 0px 10px; padding: 0px; font-size: 14px; color: #000000; line-height: 1.3em; font-family: sans-serif;\">Se puede encontrar naturalmente en una gran cantidad de alimentos pero e dosis realmente peque\u00f1as, motivo por el cual es necesario ingerir suplementos vitam\u00ednicos que contengan biotina. Las personas que siguen un plan diet\u00e9tico vegetariano, adem\u00e1s bajo en grasas y en colesterol, generalmente tienen niveles muy bajos de biotina, los cuales deben tomar <span style=\"margin: 0px; padding: 0px;\">suplementos a base de Biotin 10.000mcg<\/span><\/p>\n<p id=\"yui_3_16_0_ym19_1_1493308014669_16072\" style=\"margin: 0px 0px 10px; padding: 0px; font-size: 14px; color: #000000; line-height: 1.3em; font-family: sans-serif;\">El consumo de la\u00a0<span style=\"margin: 0px; padding: 0px;\">Biotina<\/span> es una buena fuente de beneficios para la salud ya que aporta excelentes resultados en personas que padecen trastornos del ri\u00f1\u00f3n o del intestino que impiden la absorci\u00f3n de esta vitamina. Las personas que padecen de alopecia se ver\u00e1n posiblemente necesitadas de ingerir este suplemento.<\/p>\n<p id=\"yui_3_16_0_ym19_1_1493308014669_16073\" style=\"margin: 0px 0px 10px; padding: 0px; font-size: 14px; color: #000000; line-height: 1.3em; font-family: sans-serif;\">La <span style=\"margin: 0px; padding: 0px;\">vitamina B8<\/span>\u00a0interviene por ejemplo en el crecimiento, y en la condici\u00f3n fisiol\u00f3gica del tejido nervioso, la piel, el pelo, las gl\u00e1ndulas seb\u00e1ceas y las c\u00e9lulas sangu\u00edneas, interviniendo tambien en la formacion de hemoglobina. Las personas con problemas de anemia pueden utilizar la Biotina como un tratamiento complementario para su recuperaci\u00f3n.<\/p>\n<p id=\"yui_3_16_0_ym19_1_1493308014669_16079\" style=\"margin: 0px 0px 10px; padding: 0px; font-size: 14px; color: #000000; line-height: 1.3em; font-family: sans-serif;\"><span style=\"margin: 0px; padding: 0px;\">Es esencial en el metabolismo de las prote\u00ednas y de los l\u00edpidos<\/span>, y seg\u00fan algunos estudios, la Biotina adem\u00e1s de mantener los niveles de az\u00facar en la sangre, ayuda a prevenir la neuropatia diab\u00e9tica y a perder peso al intervenir en su metabolismo y cuando se combina con una dieta.<\/p>\n<p id=\"yui_3_16_0_ym19_1_1493308014669_16077\" style=\"margin: 0px 0px 10px; padding: 0px; font-size: 14px; color: #000000; line-height: 1.3em; font-family: sans-serif;\">El problema de la p\u00e9rdida del cabello puede ser como consecuencia de la deficiencia de una o dos vitaminas o minerales como la vitamina H. Para estas deficiencias es recomendable revisar y comprobar tu dieta de manera seria y responsable. En los casos cr\u00f3nicos y severos es necesario usar Biotina para detener la ca\u00edda del cabello y estimular su crecimiento.<\/p>\n<h2 style=\"font-size: 26px; margin: 0px 0px 5px; padding: 0px 0px 10px; line-height: normal; font-family: Tahoma, Arial, Helvetica, sans-serif; color: #0086c3; font-weight: normal; border: none;\">Informaci\u00f3n adicional<\/h2>\n<table id=\"product-attribute-specs-table\" class=\"data-table\" style=\"border-collapse: collapse; border-spacing: 0px; margin: 0px; padding: 0px; empty-cells: show; font-size: 15px; width: 890px; color: #333333;\">\n<colgroup style=\"margin: 0px; padding: 0px;\">\n<col style=\"margin: 0px; padding: 0px;\" width=\"25%\" \/>\n<col style=\"margin: 0px; padding: 0px;\" \/><\/colgroup>\n<tbody style=\"margin: 0px; padding: 0px;\">\n<tr class=\"first odd\" style=\"margin: 0px; padding: 0px;\">\n<th class=\"label\" style=\"border-bottom-style: solid; border-bottom-color: #e7e7e7; margin: 0px; padding: 3px 8px; vertical-align: top; line-height: 1.25;\">Instrucciones<\/th>\n<td class=\"data last\" style=\"margin: 0px; border-top-width: 0px; border-right-width: 0px; border-left-width: 0px; border-bottom-style: solid; border-bottom-color: #e7e7e7; padding: 3px 8px; vertical-align: top; line-height: 1.25;\">Tome una tableta de Biotina, una vez al d\u00eda, con una comida.<\/td>\n<\/tr>\n<tr class=\"even\" style=\"margin: 0px; padding: 0px;\">\n<th class=\"label\" style=\"border-bottom-style: solid; border-bottom-color: #e7e7e7; margin: 0px; padding: 3px 8px; vertical-align: top; line-height: 1.25;\">Contraindicaciones<\/th>\n<td class=\"data last\" style=\"margin: 0px; border-top-width: 0px; border-right-width: 0px; border-left-width: 0px; border-bottom-style: solid; border-bottom-color: #e7e7e7; padding: 3px 8px; vertical-align: top; line-height: 1.25;\">Consulte a su m\u00e9dico antes de usar Biotina si usted tiene o sospecha una condici\u00f3n m\u00e9dica o est\u00e1 tomando medicamentos recetados, o si est\u00e1 embarazada o lactando. Mantener \u00a0Biotin 10.000mcg fuera del alcance de los ni\u00f1os.<\/td>\n<\/tr>\n<tr class=\"odd\" style=\"margin: 0px; padding: 0px;\">\n<th class=\"label\" style=\"border-bottom-style: solid; border-bottom-color: #e7e7e7; margin: 0px; padding: 3px 8px; vertical-align: top; line-height: 1.25;\">Ingredientes<\/th>\n<td class=\"data last\" style=\"margin: 0px; border-top-width: 0px; border-right-width: 0px; border-left-width: 0px; border-bottom-style: solid; border-bottom-color: #e7e7e7; padding: 3px 8px; vertical-align: top; line-height: 1.25;\">10.000 mcg Biotina 3,333%. Calcio (de fosfato de calcio Dibastic) 66 mg de 7%. Valor diario no establecido. Celulosa, \u00e1cido este\u00e1rico, s\u00edlice, estearato de magnesio, metilcelulosa, goma de celulosa, glicerina<\/td>\n<\/tr>\n<tr class=\"even\" style=\"margin: 0px; padding: 0px;\">\n<th class=\"label\" style=\"border-bottom-style: solid; border-bottom-color: #e7e7e7; margin: 0px; padding: 3px 8px; vertical-align: top; line-height: 1.25;\">Ingrediente Activo<\/th>\n<td class=\"data last\" style=\"margin: 0px; border-top-width: 0px; border-right-width: 0px; border-left-width: 0px; border-bottom-style: solid; border-bottom-color: #e7e7e7; padding: 3px 8px; vertical-align: top; line-height: 1.25;\">biotin<\/td>\n<\/tr>\n<tr class=\"odd\" style=\"margin: 0px; padding: 0px;\">\n<th class=\"label\" style=\"border-bottom-style: solid; border-bottom-color: #e7e7e7; margin: 0px; padding: 3px 8px; vertical-align: top; line-height: 1.25;\">Potencia<\/th>\n<td class=\"data last\" style=\"margin: 0px; border-top-width: 0px; border-right-width: 0px; border-left-width: 0px; border-bottom-style: solid; border-bottom-color: #e7e7e7; padding: 3px 8px; vertical-align: top; line-height: 1.25;\">10000mcg de Biotina<\/td>\n<\/tr>\n<tr class=\"even\" style=\"margin: 0px; padding: 0px;\">\n<th class=\"label\" style=\"border-bottom-style: solid; border-bottom-color: #e7e7e7; margin: 0px; padding: 3px 8px; vertical-align: top; line-height: 1.25;\">Porciones<\/th>\n<td class=\"data last\" style=\"margin: 0px; border-top-width: 0px; border-right-width: 0px; border-left-width: 0px; border-bottom-style: solid; border-bottom-color: #e7e7e7; padding: 3px 8px; vertical-align: top; line-height: 1.25;\">50<\/td>\n<\/tr>\n<tr class=\"odd\" style=\"margin: 0px; padding: 0px;\">\n<th class=\"label\" style=\"border-bottom-style: solid; border-bottom-color: #e7e7e7; margin: 0px; padding: 3px 8px; vertical-align: top; line-height: 1.25;\">Porcion<\/th>\n<td class=\"data last\" style=\"margin: 0px; border-top-width: 0px; border-right-width: 0px; border-left-width: 0px; border-bottom-style: solid; border-bottom-color: #e7e7e7; padding: 3px 8px; vertical-align: top; line-height: 1.25;\">1<\/td>\n<\/tr>\n<tr class=\"even\" style=\"margin: 0px; padding: 0px;\">\n<th class=\"label\" style=\"border-bottom-style: solid; border-bottom-color: #e7e7e7; margin: 0px; padding: 3px 8px; vertical-align: top; line-height: 1.25;\">Cantidad<\/th>\n<td class=\"data last\" style=\"margin: 0px; border-top-width: 0px; border-right-width: 0px; border-left-width: 0px; border-bottom-style: solid; border-bottom-color: #e7e7e7; padding: 3px 8px; vertical-align: top; line-height: 1.25;\">50 tabletas<\/td>\n<\/tr>\n<tr class=\"last odd\" style=\"margin: 0px; padding: 0px;\">\n<th class=\"label\" style=\"margin: 0px; padding: 3px 8px; vertical-align: top; line-height: 1.25;\">Marca<\/th>\n<td class=\"data last\" style=\"margin: 0px; border-top-width: 0px; border-right-width: 0px; border-left-width: 0px; padding: 3px 8px; vertical-align: top; line-height: 1.25;\">Puritans Pride<\/td>\n<\/tr>\n<\/tbody>\n<\/table>\n<\/div>\n","protected":false},"excerpt":{"rendered":"<p>Beneficios de Biotina 10,000 mcg<\/p>\n<p>La Biotina promueve la salud del cabello<br \/>\nLa Biotina fortalece las u\u00f1as<br \/>\nLa Biotina apoya la producci\u00f3n de energ\u00eda celular<br \/>\nLa Biotina es 100% Vegetariana<br \/>\nEstimula el crecimiento del cabello en poco tiempo<\/p>\n","protected":false},"featured_media":4121,"comment_status":"open","ping_status":"closed","template":"","meta":[],"product_cat":[34],"product_tag":[],"acf":[],"yoast_head":"<!-- This site is optimized with the Yoast SEO plugin v18.5.1 - https:\/\/yoast.com\/wordpress\/plugins\/seo\/ -->\n<title>Biotin 10.000mcg X 50 caps - Armonia Natural Diet Shop<\/title>\n<meta name=\"description\" content=\"La Biotina tambi\u00e9n conocida como vitamina H, vitamina B8 (o biotina) es una vitamina esencial para a la salud del cabello y las u\u00f1as.\" \/>\n<meta name=\"robots\" content=\"index, follow, max-snippet:-1, max-image-preview:large, max-video-preview:-1\" \/>\n<link rel=\"canonical\" href=\"https:\/\/armonianaturaldietshop.com\/en\/product\/biotin-10-000mcg\/\" \/>\n<meta property=\"og:locale\" content=\"en_US\" \/>\n<meta property=\"og:type\" content=\"article\" \/>\n<meta property=\"og:title\" content=\"Biotin 10.000mcg X 50 caps - Armonia Natural Diet Shop\" \/>\n<meta property=\"og:description\" content=\"La Biotina tambi\u00e9n conocida como vitamina H, vitamina B8 (o biotina) es una vitamina esencial para a la salud del cabello y las u\u00f1as.\" \/>\n<meta property=\"og:url\" content=\"https:\/\/armonianaturaldietshop.com\/en\/product\/biotin-10-000mcg\/\" \/>\n<meta property=\"og:site_name\" content=\"Armonia Natural Diet Shop\" \/>\n<meta property=\"article:publisher\" content=\"https:\/\/www.facebook.com\/ArmoniaNaturalDietShop\/\" \/>\n<meta property=\"article:modified_time\" content=\"2022-01-29T14:31:59+00:00\" \/>\n<meta property=\"og:image\" content=\"https:\/\/armonianaturaldietshop.com\/wp-content\/uploads\/2018\/01\/biotin.10.000.jpg\" \/>\n\t<meta property=\"og:image:width\" content=\"520\" \/>\n\t<meta property=\"og:image:height\" content=\"520\" \/>\n\t<meta property=\"og:image:type\" content=\"image\/jpeg\" \/>\n<meta name=\"twitter:card\" content=\"summary_large_image\" \/>\n<meta name=\"twitter:label1\" content=\"Est. reading time\" \/>\n\t<meta name=\"twitter:data1\" content=\"3 minutes\" \/>\n<script type=\"application\/ld+json\" class=\"yoast-schema-graph\">{\"@context\":\"https:\/\/schema.org\",\"@graph\":[{\"@type\":\"Organization\",\"@id\":\"https:\/\/armonianaturaldietshop.com\/#organization\",\"name\":\"Armonia Natural Diet Shop\",\"url\":\"https:\/\/armonianaturaldietshop.com\/\",\"sameAs\":[\"https:\/\/www.facebook.com\/ArmoniaNaturalDietShop\/\",\"https:\/\/www.instagram.com\/armonia.natural\/?hl=en\"],\"logo\":{\"@type\":\"ImageObject\",\"@id\":\"https:\/\/armonianaturaldietshop.com\/#logo\",\"inLanguage\":\"en-US\",\"url\":\"https:\/\/armonianaturaldietshop.com\/wp-content\/uploads\/2018\/01\/top-banner-1.png\",\"contentUrl\":\"https:\/\/armonianaturaldietshop.com\/wp-content\/uploads\/2018\/01\/top-banner-1.png\",\"width\":369,\"height\":116,\"caption\":\"Armonia Natural Diet Shop\"},\"image\":{\"@id\":\"https:\/\/armonianaturaldietshop.com\/#logo\"}},{\"@type\":\"WebSite\",\"@id\":\"https:\/\/armonianaturaldietshop.com\/#website\",\"url\":\"https:\/\/armonianaturaldietshop.com\/\",\"name\":\"Armonia Natural Diet Shop\",\"description\":\"Otro sitio realizado con WordPress\",\"publisher\":{\"@id\":\"https:\/\/armonianaturaldietshop.com\/#organization\"},\"potentialAction\":[{\"@type\":\"SearchAction\",\"target\":{\"@type\":\"EntryPoint\",\"urlTemplate\":\"https:\/\/armonianaturaldietshop.com\/?s={search_term_string}\"},\"query-input\":\"required name=search_term_string\"}],\"inLanguage\":\"en-US\"},{\"@type\":\"ImageObject\",\"@id\":\"https:\/\/armonianaturaldietshop.com\/en\/product\/biotin-10-000mcg\/#primaryimage\",\"inLanguage\":\"en-US\",\"url\":\"https:\/\/armonianaturaldietshop.com\/wp-content\/uploads\/2018\/01\/biotin.10.000.jpg\",\"contentUrl\":\"https:\/\/armonianaturaldietshop.com\/wp-content\/uploads\/2018\/01\/biotin.10.000.jpg\",\"width\":520,\"height\":520,\"caption\":\"biotina 10.000 colombia\"},{\"@type\":\"WebPage\",\"@id\":\"https:\/\/armonianaturaldietshop.com\/en\/product\/biotin-10-000mcg\/#webpage\",\"url\":\"https:\/\/armonianaturaldietshop.com\/en\/product\/biotin-10-000mcg\/\",\"name\":\"Biotin 10.000mcg X 50 caps - Armonia Natural Diet Shop\",\"isPartOf\":{\"@id\":\"https:\/\/armonianaturaldietshop.com\/#website\"},\"primaryImageOfPage\":{\"@id\":\"https:\/\/armonianaturaldietshop.com\/en\/product\/biotin-10-000mcg\/#primaryimage\"},\"datePublished\":\"2018-01-28T21:42:35+00:00\",\"dateModified\":\"2022-01-29T14:31:59+00:00\",\"description\":\"La Biotina tambi\u00e9n conocida como vitamina H, vitamina B8 (o biotina) es una vitamina esencial para a la salud del cabello y las u\u00f1as.\",\"breadcrumb\":{\"@id\":\"https:\/\/armonianaturaldietshop.com\/en\/product\/biotin-10-000mcg\/#breadcrumb\"},\"inLanguage\":\"en-US\",\"potentialAction\":[{\"@type\":\"ReadAction\",\"target\":[\"https:\/\/armonianaturaldietshop.com\/en\/product\/biotin-10-000mcg\/\"]}]},{\"@type\":\"BreadcrumbList\",\"@id\":\"https:\/\/armonianaturaldietshop.com\/en\/product\/biotin-10-000mcg\/#breadcrumb\",\"itemListElement\":[{\"@type\":\"ListItem\",\"position\":1,\"name\":\"Home\",\"item\":\"https:\/\/armonianaturaldietshop.com\/en\/\"},{\"@type\":\"ListItem\",\"position\":2,\"name\":\"Shop\",\"item\":\"https:\/\/armonianaturaldietshop.com\/en\/shop\/\"},{\"@type\":\"ListItem\",\"position\":3,\"name\":\"Biotin 10.000mcg X 50 caps\"}]}]}<\/script>\n<!-- \/ Yoast SEO plugin. -->","yoast_head_json":{"title":"Biotin 10.000mcg X 50 caps - Armonia Natural Diet Shop","description":"La Biotina tambi\u00e9n conocida como vitamina H, vitamina B8 (o biotina) es una vitamina esencial para a la salud del cabello y las u\u00f1as.","robots":{"index":"index","follow":"follow","max-snippet":"max-snippet:-1","max-image-preview":"max-image-preview:large","max-video-preview":"max-video-preview:-1"},"canonical":"https:\/\/armonianaturaldietshop.com\/en\/product\/biotin-10-000mcg\/","og_locale":"en_US","og_type":"article","og_title":"Biotin 10.000mcg X 50 caps - Armonia Natural Diet Shop","og_description":"La Biotina tambi\u00e9n conocida como vitamina H, vitamina B8 (o biotina) es una vitamina esencial para a la salud del cabello y las u\u00f1as.","og_url":"https:\/\/armonianaturaldietshop.com\/en\/product\/biotin-10-000mcg\/","og_site_name":"Armonia Natural Diet Shop","article_publisher":"https:\/\/www.facebook.com\/ArmoniaNaturalDietShop\/","article_modified_time":"2022-01-29T14:31:59+00:00","og_image":[{"width":520,"height":520,"url":"https:\/\/armonianaturaldietshop.com\/wp-content\/uploads\/2018\/01\/biotin.10.000.jpg","type":"image\/jpeg"}],"twitter_card":"summary_large_image","twitter_misc":{"Est. reading time":"3 minutes"},"schema":{"@context":"https:\/\/schema.org","@graph":[{"@type":"Organization","@id":"https:\/\/armonianaturaldietshop.com\/#organization","name":"Armonia Natural Diet Shop","url":"https:\/\/armonianaturaldietshop.com\/","sameAs":["https:\/\/www.facebook.com\/ArmoniaNaturalDietShop\/","https:\/\/www.instagram.com\/armonia.natural\/?hl=en"],"logo":{"@type":"ImageObject","@id":"https:\/\/armonianaturaldietshop.com\/#logo","inLanguage":"en-US","url":"https:\/\/armonianaturaldietshop.com\/wp-content\/uploads\/2018\/01\/top-banner-1.png","contentUrl":"https:\/\/armonianaturaldietshop.com\/wp-content\/uploads\/2018\/01\/top-banner-1.png","width":369,"height":116,"caption":"Armonia Natural Diet Shop"},"image":{"@id":"https:\/\/armonianaturaldietshop.com\/#logo"}},{"@type":"WebSite","@id":"https:\/\/armonianaturaldietshop.com\/#website","url":"https:\/\/armonianaturaldietshop.com\/","name":"Armonia Natural Diet Shop","description":"Otro sitio realizado con WordPress","publisher":{"@id":"https:\/\/armonianaturaldietshop.com\/#organization"},"potentialAction":[{"@type":"SearchAction","target":{"@type":"EntryPoint","urlTemplate":"https:\/\/armonianaturaldietshop.com\/?s={search_term_string}"},"query-input":"required name=search_term_string"}],"inLanguage":"en-US"},{"@type":"ImageObject","@id":"https:\/\/armonianaturaldietshop.com\/en\/product\/biotin-10-000mcg\/#primaryimage","inLanguage":"en-US","url":"https:\/\/armonianaturaldietshop.com\/wp-content\/uploads\/2018\/01\/biotin.10.000.jpg","contentUrl":"https:\/\/armonianaturaldietshop.com\/wp-content\/uploads\/2018\/01\/biotin.10.000.jpg","width":520,"height":520,"caption":"biotina 10.000 colombia"},{"@type":"WebPage","@id":"https:\/\/armonianaturaldietshop.com\/en\/product\/biotin-10-000mcg\/#webpage","url":"https:\/\/armonianaturaldietshop.com\/en\/product\/biotin-10-000mcg\/","name":"Biotin 10.000mcg X 50 caps - Armonia Natural Diet Shop","isPartOf":{"@id":"https:\/\/armonianaturaldietshop.com\/#website"},"primaryImageOfPage":{"@id":"https:\/\/armonianaturaldietshop.com\/en\/product\/biotin-10-000mcg\/#primaryimage"},"datePublished":"2018-01-28T21:42:35+00:00","dateModified":"2022-01-29T14:31:59+00:00","description":"La Biotina tambi\u00e9n conocida como vitamina H, vitamina B8 (o biotina) es una vitamina esencial para a la salud del cabello y las u\u00f1as.","breadcrumb":{"@id":"https:\/\/armonianaturaldietshop.com\/en\/product\/biotin-10-000mcg\/#breadcrumb"},"inLanguage":"en-US","potentialAction":[{"@type":"ReadAction","target":["https:\/\/armonianaturaldietshop.com\/en\/product\/biotin-10-000mcg\/"]}]},{"@type":"BreadcrumbList","@id":"https:\/\/armonianaturaldietshop.com\/en\/product\/biotin-10-000mcg\/#breadcrumb","itemListElement":[{"@type":"ListItem","position":1,"name":"Home","item":"https:\/\/armonianaturaldietshop.com\/en\/"},{"@type":"ListItem","position":2,"name":"Shop","item":"https:\/\/armonianaturaldietshop.com\/en\/shop\/"},{"@type":"ListItem","position":3,"name":"Biotin 10.000mcg X 50 caps"}]}]}},"_links":{"self":[{"href":"https:\/\/armonianaturaldietshop.com\/en\/wp-json\/wp\/v2\/product\/1863"}],"collection":[{"href":"https:\/\/armonianaturaldietshop.com\/en\/wp-json\/wp\/v2\/product"}],"about":[{"href":"https:\/\/armonianaturaldietshop.com\/en\/wp-json\/wp\/v2\/types\/product"}],"replies":[{"embeddable":true,"href":"https:\/\/armonianaturaldietshop.com\/en\/wp-json\/wp\/v2\/comments?post=1863"}],"wp:featuredmedia":[{"embeddable":true,"href":"https:\/\/armonianaturaldietshop.com\/en\/wp-json\/wp\/v2\/media\/4121"}],"wp:attachment":[{"href":"https:\/\/armonianaturaldietshop.com\/en\/wp-json\/wp\/v2\/media?parent=1863"}],"wp:term":[{"taxonomy":"product_cat","embeddable":true,"href":"https:\/\/armonianaturaldietshop.com\/en\/wp-json\/wp\/v2\/product_cat?post=1863"},{"taxonomy":"product_tag","embeddable":true,"href":"https:\/\/armonianaturaldietshop.com\/en\/wp-json\/wp\/v2\/product_tag?post=1863"}],"curies":[{"name":"wp","href":"https:\/\/api.w.org\/{rel}","templated":true}]}}