{"id":1867,"date":"2018-01-28T21:42:34","date_gmt":"2018-01-28T21:42:34","guid":{"rendered":"http:\/\/armonianaturaldietshop.com\/product\/bcaa-2200-met-rx\/"},"modified":"2023-10-18T23:00:16","modified_gmt":"2023-10-18T23:00:16","slug":"bcaa-2200-met-rx","status":"publish","type":"product","link":"https:\/\/armonianaturaldietshop.com\/en\/product\/bcaa-2200-met-rx\/","title":{"rendered":"BCAA 2200 MET RX"},"content":{"rendered":"<p><span style=\"font-family: arial, helvetica, sans-serif;\">BCAA 2200, son amino\u00e1cidos ramificados (valina, leucina e isoleucina) que corresponden a amino\u00e1cidos esenciales que forman casi la tercera parte de los amino\u00e1cidos presentes en las <a href=\"https:\/\/armonianaturaldietshop.com\/en\/product\/isopure-zero-carb-3lb-vainilla-cookies-cream\/\">prote\u00ednas<\/a> del m\u00fasculo esquel\u00e9tico. \u00c9stos son claves en la protecci\u00f3n de la masa muscular y en evitar su destrucci\u00f3n, estimulando el proceso de s\u00edntesis de prote\u00ednas musculares. Las c\u00e1psulas blandas de <a href=\"https:\/\/www.foodspring.es\/magazine\/tomar-aminoacidos-ramificados-bcaa\">BCAA<\/a>\u00a0 contienen una f\u00f3rmula de 2200 mg de amino\u00e1cidos ramificados de r\u00e1pida absorci\u00f3n y liberaci\u00f3n sostenida que te aseguran 6 horas de una alta concentraci\u00f3n de \u00e9stos en el torrente sangu\u00edneo. Consumir amino\u00e1cidos ramificados antes o despu\u00e9s del entrenamiento presenta diferentes ventajas, como prevenir la destrucci\u00f3n muscular, mejorar el rendimiento, favorecer la recuperaci\u00f3n y estimular la s\u00edntesis proteica.<\/span><\/p>\n<p>&nbsp;<\/p>\n<p style=\"border: 0px; margin: 0px 0px 20px; padding: 0px; font-size: 13px; font-family: Helvetica, Arial, sans-serif; line-height: 19.5px;\"><span style=\"font-family: arial, helvetica, sans-serif;\">Potente fuente de amino\u00e1cidos ramificados o BCAA, que son los \u201cladrillos\u201d en la construcci\u00f3n del m\u00fasculo. Estos BCAA son metabolizados directamente en los m\u00fasculos, mejoran la retenci\u00f3n de nitr\u00f3geno para reparar y construir las fibras musculares que forman el m\u00fasculo.\u00a0\u00a0BCAA 2200 180 Capsulas Gel \u00a0de Met Rx\u00a0viene con Vitamina B-6 agregada que mejora la absorci\u00f3n al m\u00e1ximo y activa a su vez, la acci\u00f3n de los BCAA. Con c\u00e1psulas blandas f\u00e1ciles de tragar se convierte en uno de los complejos de amino\u00e1cidos m\u00e1s completo.<\/span><\/p>\n<p style=\"border: 0px; margin: 0px 0px 20px; padding: 0px; font-size: 13px; font-family: Helvetica, Arial, sans-serif; line-height: 19.5px;\"><span style=\"font-family: arial, helvetica, sans-serif;\"><strong style=\"border: 0px; margin: 0px; padding: 0px;\">Precauciones:<\/strong><\/span><br \/>\n<span style=\"font-family: arial, helvetica, sans-serif;\">No recomendable para menores de 15 a\u00f1os, en embarazo ni lactancia.<\/span><\/p>\n<p style=\"border: 0px; margin: 0px 0px 20px; padding: 0px; font-size: 13px; font-family: Helvetica, Arial, sans-serif; line-height: 19.5px;\"><span style=\"font-family: arial, helvetica, sans-serif;\"><strong style=\"border: 0px; margin: 0px; padding: 0px;\">Modo de uso:<\/strong><\/span><br \/>\n<span style=\"font-family: arial, helvetica, sans-serif;\">Consumir 3 a 4 c\u00e1psulas antes y despu\u00e9s de entrenar<\/span><\/p>\n","protected":false},"excerpt":{"rendered":"<p>BCAA 2200 180 c\u00e1psulas, Met Rx<\/p>\n<p>Optimiza la recuperaci\u00f3n y el aumento muscular.<br \/>\nIncrementa fuerza y resistencia.<br \/>\nEvita el catabolismo (P\u00e9rdida de masa muscular)<\/p>\n","protected":false},"featured_media":1439,"comment_status":"open","ping_status":"closed","template":"","meta":[],"product_cat":[43,29],"product_tag":[],"acf":[],"yoast_head":"<!-- This site is optimized with the Yoast SEO plugin v18.5.1 - https:\/\/yoast.com\/wordpress\/plugins\/seo\/ -->\n<title>BCAA 2200 MET RX - Armonia Natural Diet Shop<\/title>\n<meta name=\"robots\" content=\"index, follow, max-snippet:-1, max-image-preview:large, max-video-preview:-1\" \/>\n<link rel=\"canonical\" href=\"https:\/\/armonianaturaldietshop.com\/en\/product\/bcaa-2200-met-rx\/\" \/>\n<meta property=\"og:locale\" content=\"en_US\" \/>\n<meta property=\"og:type\" content=\"article\" \/>\n<meta property=\"og:title\" content=\"BCAA 2200 MET RX - Armonia Natural Diet Shop\" \/>\n<meta property=\"og:description\" content=\"BCAA 2200 180 c\u00e1psulas, Met Rx  Optimiza la recuperaci\u00f3n y el aumento muscular. Incrementa fuerza y resistencia. Evita el catabolismo (P\u00e9rdida de masa muscular)\" \/>\n<meta property=\"og:url\" content=\"https:\/\/armonianaturaldietshop.com\/en\/product\/bcaa-2200-met-rx\/\" \/>\n<meta property=\"og:site_name\" content=\"Armonia Natural Diet Shop\" \/>\n<meta property=\"article:publisher\" content=\"https:\/\/www.facebook.com\/ArmoniaNaturalDietShop\/\" \/>\n<meta property=\"article:modified_time\" content=\"2023-10-18T23:00:16+00:00\" \/>\n<meta property=\"og:image\" content=\"https:\/\/armonianaturaldietshop.com\/wp-content\/uploads\/2018\/02\/bcaa-2200-met-rx_487.jpg\" \/>\n\t<meta property=\"og:image:width\" content=\"562\" \/>\n\t<meta property=\"og:image:height\" content=\"1000\" \/>\n\t<meta property=\"og:image:type\" content=\"image\/jpeg\" \/>\n<meta name=\"twitter:card\" content=\"summary_large_image\" \/>\n<meta name=\"twitter:label1\" content=\"Est. reading time\" \/>\n\t<meta name=\"twitter:data1\" content=\"1 minute\" \/>\n<script type=\"application\/ld+json\" class=\"yoast-schema-graph\">{\"@context\":\"https:\/\/schema.org\",\"@graph\":[{\"@type\":\"Organization\",\"@id\":\"https:\/\/armonianaturaldietshop.com\/#organization\",\"name\":\"Armonia Natural Diet Shop\",\"url\":\"https:\/\/armonianaturaldietshop.com\/\",\"sameAs\":[\"https:\/\/www.facebook.com\/ArmoniaNaturalDietShop\/\",\"https:\/\/www.instagram.com\/armonia.natural\/?hl=en\"],\"logo\":{\"@type\":\"ImageObject\",\"@id\":\"https:\/\/armonianaturaldietshop.com\/#logo\",\"inLanguage\":\"en-US\",\"url\":\"https:\/\/armonianaturaldietshop.com\/wp-content\/uploads\/2018\/01\/top-banner-1.png\",\"contentUrl\":\"https:\/\/armonianaturaldietshop.com\/wp-content\/uploads\/2018\/01\/top-banner-1.png\",\"width\":369,\"height\":116,\"caption\":\"Armonia Natural Diet Shop\"},\"image\":{\"@id\":\"https:\/\/armonianaturaldietshop.com\/#logo\"}},{\"@type\":\"WebSite\",\"@id\":\"https:\/\/armonianaturaldietshop.com\/#website\",\"url\":\"https:\/\/armonianaturaldietshop.com\/\",\"name\":\"Armonia Natural Diet Shop\",\"description\":\"Otro sitio realizado con WordPress\",\"publisher\":{\"@id\":\"https:\/\/armonianaturaldietshop.com\/#organization\"},\"potentialAction\":[{\"@type\":\"SearchAction\",\"target\":{\"@type\":\"EntryPoint\",\"urlTemplate\":\"https:\/\/armonianaturaldietshop.com\/?s={search_term_string}\"},\"query-input\":\"required name=search_term_string\"}],\"inLanguage\":\"en-US\"},{\"@type\":\"ImageObject\",\"@id\":\"https:\/\/armonianaturaldietshop.com\/en\/product\/bcaa-2200-met-rx\/#primaryimage\",\"inLanguage\":\"en-US\",\"url\":\"https:\/\/armonianaturaldietshop.com\/wp-content\/uploads\/2018\/02\/bcaa-2200-met-rx_487.jpg\",\"contentUrl\":\"https:\/\/armonianaturaldietshop.com\/wp-content\/uploads\/2018\/02\/bcaa-2200-met-rx_487.jpg\",\"width\":562,\"height\":1000},{\"@type\":\"WebPage\",\"@id\":\"https:\/\/armonianaturaldietshop.com\/en\/product\/bcaa-2200-met-rx\/#webpage\",\"url\":\"https:\/\/armonianaturaldietshop.com\/en\/product\/bcaa-2200-met-rx\/\",\"name\":\"BCAA 2200 MET RX - Armonia Natural Diet Shop\",\"isPartOf\":{\"@id\":\"https:\/\/armonianaturaldietshop.com\/#website\"},\"primaryImageOfPage\":{\"@id\":\"https:\/\/armonianaturaldietshop.com\/en\/product\/bcaa-2200-met-rx\/#primaryimage\"},\"datePublished\":\"2018-01-28T21:42:34+00:00\",\"dateModified\":\"2023-10-18T23:00:16+00:00\",\"breadcrumb\":{\"@id\":\"https:\/\/armonianaturaldietshop.com\/en\/product\/bcaa-2200-met-rx\/#breadcrumb\"},\"inLanguage\":\"en-US\",\"potentialAction\":[{\"@type\":\"ReadAction\",\"target\":[\"https:\/\/armonianaturaldietshop.com\/en\/product\/bcaa-2200-met-rx\/\"]}]},{\"@type\":\"BreadcrumbList\",\"@id\":\"https:\/\/armonianaturaldietshop.com\/en\/product\/bcaa-2200-met-rx\/#breadcrumb\",\"itemListElement\":[{\"@type\":\"ListItem\",\"position\":1,\"name\":\"Home\",\"item\":\"https:\/\/armonianaturaldietshop.com\/en\/\"},{\"@type\":\"ListItem\",\"position\":2,\"name\":\"Shop\",\"item\":\"https:\/\/armonianaturaldietshop.com\/en\/shop\/\"},{\"@type\":\"ListItem\",\"position\":3,\"name\":\"BCAA 2200 MET RX\"}]}]}<\/script>\n<!-- \/ Yoast SEO plugin. -->","yoast_head_json":{"title":"BCAA 2200 MET RX - Armonia Natural Diet Shop","robots":{"index":"index","follow":"follow","max-snippet":"max-snippet:-1","max-image-preview":"max-image-preview:large","max-video-preview":"max-video-preview:-1"},"canonical":"https:\/\/armonianaturaldietshop.com\/en\/product\/bcaa-2200-met-rx\/","og_locale":"en_US","og_type":"article","og_title":"BCAA 2200 MET RX - Armonia Natural Diet Shop","og_description":"BCAA 2200 180 c\u00e1psulas, Met Rx  Optimiza la recuperaci\u00f3n y el aumento muscular. Incrementa fuerza y resistencia. Evita el catabolismo (P\u00e9rdida de masa muscular)","og_url":"https:\/\/armonianaturaldietshop.com\/en\/product\/bcaa-2200-met-rx\/","og_site_name":"Armonia Natural Diet Shop","article_publisher":"https:\/\/www.facebook.com\/ArmoniaNaturalDietShop\/","article_modified_time":"2023-10-18T23:00:16+00:00","og_image":[{"width":562,"height":1000,"url":"https:\/\/armonianaturaldietshop.com\/wp-content\/uploads\/2018\/02\/bcaa-2200-met-rx_487.jpg","type":"image\/jpeg"}],"twitter_card":"summary_large_image","twitter_misc":{"Est. reading time":"1 minute"},"schema":{"@context":"https:\/\/schema.org","@graph":[{"@type":"Organization","@id":"https:\/\/armonianaturaldietshop.com\/#organization","name":"Armonia Natural Diet Shop","url":"https:\/\/armonianaturaldietshop.com\/","sameAs":["https:\/\/www.facebook.com\/ArmoniaNaturalDietShop\/","https:\/\/www.instagram.com\/armonia.natural\/?hl=en"],"logo":{"@type":"ImageObject","@id":"https:\/\/armonianaturaldietshop.com\/#logo","inLanguage":"en-US","url":"https:\/\/armonianaturaldietshop.com\/wp-content\/uploads\/2018\/01\/top-banner-1.png","contentUrl":"https:\/\/armonianaturaldietshop.com\/wp-content\/uploads\/2018\/01\/top-banner-1.png","width":369,"height":116,"caption":"Armonia Natural Diet Shop"},"image":{"@id":"https:\/\/armonianaturaldietshop.com\/#logo"}},{"@type":"WebSite","@id":"https:\/\/armonianaturaldietshop.com\/#website","url":"https:\/\/armonianaturaldietshop.com\/","name":"Armonia Natural Diet Shop","description":"Otro sitio realizado con WordPress","publisher":{"@id":"https:\/\/armonianaturaldietshop.com\/#organization"},"potentialAction":[{"@type":"SearchAction","target":{"@type":"EntryPoint","urlTemplate":"https:\/\/armonianaturaldietshop.com\/?s={search_term_string}"},"query-input":"required name=search_term_string"}],"inLanguage":"en-US"},{"@type":"ImageObject","@id":"https:\/\/armonianaturaldietshop.com\/en\/product\/bcaa-2200-met-rx\/#primaryimage","inLanguage":"en-US","url":"https:\/\/armonianaturaldietshop.com\/wp-content\/uploads\/2018\/02\/bcaa-2200-met-rx_487.jpg","contentUrl":"https:\/\/armonianaturaldietshop.com\/wp-content\/uploads\/2018\/02\/bcaa-2200-met-rx_487.jpg","width":562,"height":1000},{"@type":"WebPage","@id":"https:\/\/armonianaturaldietshop.com\/en\/product\/bcaa-2200-met-rx\/#webpage","url":"https:\/\/armonianaturaldietshop.com\/en\/product\/bcaa-2200-met-rx\/","name":"BCAA 2200 MET RX - Armonia Natural Diet Shop","isPartOf":{"@id":"https:\/\/armonianaturaldietshop.com\/#website"},"primaryImageOfPage":{"@id":"https:\/\/armonianaturaldietshop.com\/en\/product\/bcaa-2200-met-rx\/#primaryimage"},"datePublished":"2018-01-28T21:42:34+00:00","dateModified":"2023-10-18T23:00:16+00:00","breadcrumb":{"@id":"https:\/\/armonianaturaldietshop.com\/en\/product\/bcaa-2200-met-rx\/#breadcrumb"},"inLanguage":"en-US","potentialAction":[{"@type":"ReadAction","target":["https:\/\/armonianaturaldietshop.com\/en\/product\/bcaa-2200-met-rx\/"]}]},{"@type":"BreadcrumbList","@id":"https:\/\/armonianaturaldietshop.com\/en\/product\/bcaa-2200-met-rx\/#breadcrumb","itemListElement":[{"@type":"ListItem","position":1,"name":"Home","item":"https:\/\/armonianaturaldietshop.com\/en\/"},{"@type":"ListItem","position":2,"name":"Shop","item":"https:\/\/armonianaturaldietshop.com\/en\/shop\/"},{"@type":"ListItem","position":3,"name":"BCAA 2200 MET RX"}]}]}},"_links":{"self":[{"href":"https:\/\/armonianaturaldietshop.com\/en\/wp-json\/wp\/v2\/product\/1867"}],"collection":[{"href":"https:\/\/armonianaturaldietshop.com\/en\/wp-json\/wp\/v2\/product"}],"about":[{"href":"https:\/\/armonianaturaldietshop.com\/en\/wp-json\/wp\/v2\/types\/product"}],"replies":[{"embeddable":true,"href":"https:\/\/armonianaturaldietshop.com\/en\/wp-json\/wp\/v2\/comments?post=1867"}],"wp:featuredmedia":[{"embeddable":true,"href":"https:\/\/armonianaturaldietshop.com\/en\/wp-json\/wp\/v2\/media\/1439"}],"wp:attachment":[{"href":"https:\/\/armonianaturaldietshop.com\/en\/wp-json\/wp\/v2\/media?parent=1867"}],"wp:term":[{"taxonomy":"product_cat","embeddable":true,"href":"https:\/\/armonianaturaldietshop.com\/en\/wp-json\/wp\/v2\/product_cat?post=1867"},{"taxonomy":"product_tag","embeddable":true,"href":"https:\/\/armonianaturaldietshop.com\/en\/wp-json\/wp\/v2\/product_tag?post=1867"}],"curies":[{"name":"wp","href":"https:\/\/api.w.org\/{rel}","templated":true}]}}