{"id":1874,"date":"2018-01-28T21:42:34","date_gmt":"2018-01-28T21:42:34","guid":{"rendered":"http:\/\/armonianaturaldietshop.com\/product\/bio-colageno-medical-green\/"},"modified":"2019-01-16T20:19:58","modified_gmt":"2019-01-16T20:19:58","slug":"biocolageno-medical-green","status":"publish","type":"product","link":"https:\/\/armonianaturaldietshop.com\/en\/product\/biocolageno-medical-green\/","title":{"rendered":"BIOCOLLAGEN"},"content":{"rendered":"<p>Biocolageno es col\u00e1geno hidrolizado l\u00edquido que con su combinaci\u00f3n de vitamina C, aportar\u00e1 los nutrientes que tu cuerpo necesita. El col\u00e1geno es una prote\u00edna importante para el cuerpo porque garantiza la elasticidad,construcci\u00f3n y regeneraci\u00f3n de la piel, u\u00f1as ,cabello, cart\u00edlago ,huesos, entre otros.<\/p>\n<p>Al tener alto nivel de concentraci\u00f3n es absorbido r\u00e1pidamente por los tejidos, aporta gran cantidad de vitamina C, para complementar la producci\u00f3n de col\u00e1geno con agradable sabor a frambuesa.<\/p>\n<p>&nbsp;<\/p>\n<p>CARACTER\u00cdSTICAS PRINCIPALES<\/p>\n<p>&nbsp;<\/p>\n<p>*Contiene Col\u00e1geno hidrolizado.<br \/>\n*Aporta Vitamina C .<br \/>\n*Mejora la apariencia de la piel, las u\u00f1as y el cabello.<br \/>\n*Promueve la firmeza de los m\u00fasculos.<\/p>\n<p>&nbsp;<\/p>\n<p>&nbsp;<\/p>\n<p>-Tomar 1 onza (30ml) una vez al d\u00eda.<\/p>\n<p>-Si se deseas se puede disolver en agua.<\/p>\n<p>&nbsp;<\/p>\n<p>PRESENTACI\u00d3N<\/p>\n<p>16 OZ, 473ml<\/p>\n<p>&nbsp;<\/p>\n<p>&nbsp;<\/p>\n<p>&nbsp;<\/p>\n<p>ADVERTENCIA<\/p>\n<p>&nbsp;<\/p>\n<p>Si usted est\u00e1 embarazada, amamantando , tomando otros medicamentos o tiene alguna condici\u00f3n m\u00e9dica, consulte a su m\u00e9dico antes de usar.<br \/>\nSuspenda su uso y consulte a su m\u00e9dico si se produce alguna reacci\u00f3n adversa.<br \/>\nMantener fuera del alcance de los ni\u00f1os.<br \/>\nAlmacenar a temperatura ambiente.<\/p>\n<p>&nbsp;<\/p>\n<p>CONSIDERACIONES<\/p>\n<p>Recomendamos a los usuarios consultar a un m\u00e9dico si tienen alg\u00fan problema de salud.<\/p>\n<p>&nbsp;<\/p>\n<p>Aviso:\u00a0Los resultados individuales pueden variar. Usted siempre debe consultar con su m\u00e9dico antes de comenzar este producto o cualquier programa relacionado con la salud.<\/p>\n<p>&nbsp;<\/p>\n<p>&nbsp;<\/p>\n","protected":false},"excerpt":{"rendered":"<p>Biocolageno es col\u00e1geno hidrolizado l\u00edquido que con su combinaci\u00f3n de vitamina C, aportar\u00e1 los nutrientes que tu cuerpo necesita. El col\u00e1geno es una prote\u00edna importante para el cuerpo porque garantiza la elasticidad,construcci\u00f3n y regeneraci\u00f3n de la piel, u\u00f1as ,cabello, cart\u00edlago ,huesos, entre otros.<\/p>\n","protected":false},"featured_media":2802,"comment_status":"open","ping_status":"closed","template":"","meta":[],"product_cat":[32,29,34],"product_tag":[],"acf":[],"yoast_head":"<!-- This site is optimized with the Yoast SEO plugin v18.5.1 - https:\/\/yoast.com\/wordpress\/plugins\/seo\/ -->\n<title>Biocolageno Medical Green - Colagneo hidrolisado - Armonia Natural<\/title>\n<meta name=\"description\" content=\"El Biocolageno es una prote\u00edna importante para el cuerpo porque garantiza la elasticidad,construcci\u00f3n y regeneraci\u00f3n de la piel, u\u00f1as ,cabello, huesos etc\" \/>\n<meta name=\"robots\" content=\"index, follow, max-snippet:-1, max-image-preview:large, max-video-preview:-1\" \/>\n<link rel=\"canonical\" href=\"https:\/\/armonianaturaldietshop.com\/en\/product\/biocolageno-medical-green\/\" \/>\n<meta property=\"og:locale\" content=\"en_US\" \/>\n<meta property=\"og:type\" content=\"article\" \/>\n<meta property=\"og:title\" content=\"Biocolageno Medical Green - Colagneo hidrolisado - Armonia Natural\" \/>\n<meta property=\"og:description\" content=\"El Biocolageno es una prote\u00edna importante para el cuerpo porque garantiza la elasticidad,construcci\u00f3n y regeneraci\u00f3n de la piel, u\u00f1as ,cabello, huesos etc\" \/>\n<meta property=\"og:url\" content=\"https:\/\/armonianaturaldietshop.com\/en\/product\/biocolageno-medical-green\/\" \/>\n<meta property=\"og:site_name\" content=\"Armonia Natural Diet Shop\" \/>\n<meta property=\"article:publisher\" content=\"https:\/\/www.facebook.com\/ArmoniaNaturalDietShop\/\" \/>\n<meta property=\"article:modified_time\" content=\"2019-01-16T20:19:58+00:00\" \/>\n<meta property=\"og:image\" content=\"https:\/\/armonianaturaldietshop.com\/wp-content\/uploads\/2018\/01\/Biocolageno-1.jpg\" \/>\n\t<meta property=\"og:image:width\" content=\"715\" \/>\n\t<meta property=\"og:image:height\" content=\"789\" \/>\n\t<meta property=\"og:image:type\" content=\"image\/jpeg\" \/>\n<meta name=\"twitter:card\" content=\"summary_large_image\" \/>\n<meta name=\"twitter:label1\" content=\"Est. reading time\" \/>\n\t<meta name=\"twitter:data1\" content=\"1 minute\" \/>\n<script type=\"application\/ld+json\" class=\"yoast-schema-graph\">{\"@context\":\"https:\/\/schema.org\",\"@graph\":[{\"@type\":\"Organization\",\"@id\":\"https:\/\/armonianaturaldietshop.com\/#organization\",\"name\":\"Armonia Natural Diet Shop\",\"url\":\"https:\/\/armonianaturaldietshop.com\/\",\"sameAs\":[\"https:\/\/www.facebook.com\/ArmoniaNaturalDietShop\/\",\"https:\/\/www.instagram.com\/armonia.natural\/?hl=en\"],\"logo\":{\"@type\":\"ImageObject\",\"@id\":\"https:\/\/armonianaturaldietshop.com\/#logo\",\"inLanguage\":\"en-US\",\"url\":\"https:\/\/armonianaturaldietshop.com\/wp-content\/uploads\/2018\/01\/top-banner-1.png\",\"contentUrl\":\"https:\/\/armonianaturaldietshop.com\/wp-content\/uploads\/2018\/01\/top-banner-1.png\",\"width\":369,\"height\":116,\"caption\":\"Armonia Natural Diet Shop\"},\"image\":{\"@id\":\"https:\/\/armonianaturaldietshop.com\/#logo\"}},{\"@type\":\"WebSite\",\"@id\":\"https:\/\/armonianaturaldietshop.com\/#website\",\"url\":\"https:\/\/armonianaturaldietshop.com\/\",\"name\":\"Armonia Natural Diet Shop\",\"description\":\"Otro sitio realizado con WordPress\",\"publisher\":{\"@id\":\"https:\/\/armonianaturaldietshop.com\/#organization\"},\"potentialAction\":[{\"@type\":\"SearchAction\",\"target\":{\"@type\":\"EntryPoint\",\"urlTemplate\":\"https:\/\/armonianaturaldietshop.com\/?s={search_term_string}\"},\"query-input\":\"required name=search_term_string\"}],\"inLanguage\":\"en-US\"},{\"@type\":\"ImageObject\",\"@id\":\"https:\/\/armonianaturaldietshop.com\/en\/product\/biocolageno-medical-green\/#primaryimage\",\"inLanguage\":\"en-US\",\"url\":\"https:\/\/armonianaturaldietshop.com\/wp-content\/uploads\/2018\/01\/Biocolageno-1.jpg\",\"contentUrl\":\"https:\/\/armonianaturaldietshop.com\/wp-content\/uploads\/2018\/01\/Biocolageno-1.jpg\",\"width\":715,\"height\":789,\"caption\":\"biocolageno\"},{\"@type\":\"WebPage\",\"@id\":\"https:\/\/armonianaturaldietshop.com\/en\/product\/biocolageno-medical-green\/#webpage\",\"url\":\"https:\/\/armonianaturaldietshop.com\/en\/product\/biocolageno-medical-green\/\",\"name\":\"Biocolageno Medical Green - Colagneo hidrolisado - Armonia Natural\",\"isPartOf\":{\"@id\":\"https:\/\/armonianaturaldietshop.com\/#website\"},\"primaryImageOfPage\":{\"@id\":\"https:\/\/armonianaturaldietshop.com\/en\/product\/biocolageno-medical-green\/#primaryimage\"},\"datePublished\":\"2018-01-28T21:42:34+00:00\",\"dateModified\":\"2019-01-16T20:19:58+00:00\",\"description\":\"El Biocolageno es una prote\u00edna importante para el cuerpo porque garantiza la elasticidad,construcci\u00f3n y regeneraci\u00f3n de la piel, u\u00f1as ,cabello, huesos etc\",\"breadcrumb\":{\"@id\":\"https:\/\/armonianaturaldietshop.com\/en\/product\/biocolageno-medical-green\/#breadcrumb\"},\"inLanguage\":\"en-US\",\"potentialAction\":[{\"@type\":\"ReadAction\",\"target\":[\"https:\/\/armonianaturaldietshop.com\/en\/product\/biocolageno-medical-green\/\"]}]},{\"@type\":\"BreadcrumbList\",\"@id\":\"https:\/\/armonianaturaldietshop.com\/en\/product\/biocolageno-medical-green\/#breadcrumb\",\"itemListElement\":[{\"@type\":\"ListItem\",\"position\":1,\"name\":\"Home\",\"item\":\"https:\/\/armonianaturaldietshop.com\/en\/\"},{\"@type\":\"ListItem\",\"position\":2,\"name\":\"Shop\",\"item\":\"https:\/\/armonianaturaldietshop.com\/en\/shop\/\"},{\"@type\":\"ListItem\",\"position\":3,\"name\":\"BIOCOLLAGEN\"}]}]}<\/script>\n<!-- \/ Yoast SEO plugin. -->","yoast_head_json":{"title":"Biocolageno Medical Green - Colagneo hidrolisado - Armonia Natural","description":"El Biocolageno es una prote\u00edna importante para el cuerpo porque garantiza la elasticidad,construcci\u00f3n y regeneraci\u00f3n de la piel, u\u00f1as ,cabello, huesos etc","robots":{"index":"index","follow":"follow","max-snippet":"max-snippet:-1","max-image-preview":"max-image-preview:large","max-video-preview":"max-video-preview:-1"},"canonical":"https:\/\/armonianaturaldietshop.com\/en\/product\/biocolageno-medical-green\/","og_locale":"en_US","og_type":"article","og_title":"Biocolageno Medical Green - Colagneo hidrolisado - Armonia Natural","og_description":"El Biocolageno es una prote\u00edna importante para el cuerpo porque garantiza la elasticidad,construcci\u00f3n y regeneraci\u00f3n de la piel, u\u00f1as ,cabello, huesos etc","og_url":"https:\/\/armonianaturaldietshop.com\/en\/product\/biocolageno-medical-green\/","og_site_name":"Armonia Natural Diet Shop","article_publisher":"https:\/\/www.facebook.com\/ArmoniaNaturalDietShop\/","article_modified_time":"2019-01-16T20:19:58+00:00","og_image":[{"width":715,"height":789,"url":"https:\/\/armonianaturaldietshop.com\/wp-content\/uploads\/2018\/01\/Biocolageno-1.jpg","type":"image\/jpeg"}],"twitter_card":"summary_large_image","twitter_misc":{"Est. reading time":"1 minute"},"schema":{"@context":"https:\/\/schema.org","@graph":[{"@type":"Organization","@id":"https:\/\/armonianaturaldietshop.com\/#organization","name":"Armonia Natural Diet Shop","url":"https:\/\/armonianaturaldietshop.com\/","sameAs":["https:\/\/www.facebook.com\/ArmoniaNaturalDietShop\/","https:\/\/www.instagram.com\/armonia.natural\/?hl=en"],"logo":{"@type":"ImageObject","@id":"https:\/\/armonianaturaldietshop.com\/#logo","inLanguage":"en-US","url":"https:\/\/armonianaturaldietshop.com\/wp-content\/uploads\/2018\/01\/top-banner-1.png","contentUrl":"https:\/\/armonianaturaldietshop.com\/wp-content\/uploads\/2018\/01\/top-banner-1.png","width":369,"height":116,"caption":"Armonia Natural Diet Shop"},"image":{"@id":"https:\/\/armonianaturaldietshop.com\/#logo"}},{"@type":"WebSite","@id":"https:\/\/armonianaturaldietshop.com\/#website","url":"https:\/\/armonianaturaldietshop.com\/","name":"Armonia Natural Diet Shop","description":"Otro sitio realizado con WordPress","publisher":{"@id":"https:\/\/armonianaturaldietshop.com\/#organization"},"potentialAction":[{"@type":"SearchAction","target":{"@type":"EntryPoint","urlTemplate":"https:\/\/armonianaturaldietshop.com\/?s={search_term_string}"},"query-input":"required name=search_term_string"}],"inLanguage":"en-US"},{"@type":"ImageObject","@id":"https:\/\/armonianaturaldietshop.com\/en\/product\/biocolageno-medical-green\/#primaryimage","inLanguage":"en-US","url":"https:\/\/armonianaturaldietshop.com\/wp-content\/uploads\/2018\/01\/Biocolageno-1.jpg","contentUrl":"https:\/\/armonianaturaldietshop.com\/wp-content\/uploads\/2018\/01\/Biocolageno-1.jpg","width":715,"height":789,"caption":"biocolageno"},{"@type":"WebPage","@id":"https:\/\/armonianaturaldietshop.com\/en\/product\/biocolageno-medical-green\/#webpage","url":"https:\/\/armonianaturaldietshop.com\/en\/product\/biocolageno-medical-green\/","name":"Biocolageno Medical Green - Colagneo hidrolisado - Armonia Natural","isPartOf":{"@id":"https:\/\/armonianaturaldietshop.com\/#website"},"primaryImageOfPage":{"@id":"https:\/\/armonianaturaldietshop.com\/en\/product\/biocolageno-medical-green\/#primaryimage"},"datePublished":"2018-01-28T21:42:34+00:00","dateModified":"2019-01-16T20:19:58+00:00","description":"El Biocolageno es una prote\u00edna importante para el cuerpo porque garantiza la elasticidad,construcci\u00f3n y regeneraci\u00f3n de la piel, u\u00f1as ,cabello, huesos etc","breadcrumb":{"@id":"https:\/\/armonianaturaldietshop.com\/en\/product\/biocolageno-medical-green\/#breadcrumb"},"inLanguage":"en-US","potentialAction":[{"@type":"ReadAction","target":["https:\/\/armonianaturaldietshop.com\/en\/product\/biocolageno-medical-green\/"]}]},{"@type":"BreadcrumbList","@id":"https:\/\/armonianaturaldietshop.com\/en\/product\/biocolageno-medical-green\/#breadcrumb","itemListElement":[{"@type":"ListItem","position":1,"name":"Home","item":"https:\/\/armonianaturaldietshop.com\/en\/"},{"@type":"ListItem","position":2,"name":"Shop","item":"https:\/\/armonianaturaldietshop.com\/en\/shop\/"},{"@type":"ListItem","position":3,"name":"BIOCOLLAGEN"}]}]}},"_links":{"self":[{"href":"https:\/\/armonianaturaldietshop.com\/en\/wp-json\/wp\/v2\/product\/1874"}],"collection":[{"href":"https:\/\/armonianaturaldietshop.com\/en\/wp-json\/wp\/v2\/product"}],"about":[{"href":"https:\/\/armonianaturaldietshop.com\/en\/wp-json\/wp\/v2\/types\/product"}],"replies":[{"embeddable":true,"href":"https:\/\/armonianaturaldietshop.com\/en\/wp-json\/wp\/v2\/comments?post=1874"}],"wp:featuredmedia":[{"embeddable":true,"href":"https:\/\/armonianaturaldietshop.com\/en\/wp-json\/wp\/v2\/media\/2802"}],"wp:attachment":[{"href":"https:\/\/armonianaturaldietshop.com\/en\/wp-json\/wp\/v2\/media?parent=1874"}],"wp:term":[{"taxonomy":"product_cat","embeddable":true,"href":"https:\/\/armonianaturaldietshop.com\/en\/wp-json\/wp\/v2\/product_cat?post=1874"},{"taxonomy":"product_tag","embeddable":true,"href":"https:\/\/armonianaturaldietshop.com\/en\/wp-json\/wp\/v2\/product_tag?post=1874"}],"curies":[{"name":"wp","href":"https:\/\/api.w.org\/{rel}","templated":true}]}}