{"id":1881,"date":"2018-01-28T21:42:31","date_gmt":"2018-01-28T21:42:31","guid":{"rendered":"http:\/\/armonianaturaldietshop.com\/product\/anabolic-rx24nitric-max-muscle-combo\/"},"modified":"2018-09-22T16:59:37","modified_gmt":"2018-09-22T16:59:37","slug":"anabolic-rx24nitric-max-muscle-combo","status":"publish","type":"product","link":"https:\/\/armonianaturaldietshop.com\/en\/product\/anabolic-rx24nitric-max-muscle-combo\/","title":{"rendered":"ANABOLIC RX24\/NITRIC MAX MUSCLE COMBO"},"content":{"rendered":"<h1 dir=\"ltr\" data-placeholder=\"Translation\">ANABOLIC RX24\/NITRIC MAX MUSCLE COMBO<\/h1>\n<h3><span style=\"font-size: 18pt;\">ANABOLIC RX24<\/span><\/h3>\n<p id=\"tw-target-text\" class=\"tw-data-text tw-ta tw-text-small\" dir=\"ltr\" data-placeholder=\"Translation\"><span lang=\"es\">ANABOLIC RX24\/NITRIC MAX MUSCLE COMBO: Con una mezcla de alto rendimiento de antioxidantes naturales y complejos de testosterona seguros y probados en el laboratorio, este aumentador de testosterona anab\u00f3lico eleva tus niveles de testosterona libre para obtener resultados m\u00e1s saludables y m\u00e1s saludables.<\/span><\/p>\n<p class=\"tw-data-text tw-ta tw-text-small\" dir=\"ltr\" data-placeholder=\"Translation\"><span lang=\"es\"> Anabolic Rx24 aumenta el metabolismo y libera tu cuerpo de hinchaz\u00f3n para aumentar la resistencia y la energ\u00eda para obtener resultados m\u00e1s r\u00e1pidos y efectivos. \u00a0\u00a0\u00a0<\/span><\/p>\n<p class=\"tw-data-text tw-ta tw-text-small\" dir=\"ltr\" data-placeholder=\"Translation\"><span lang=\"es\">-Aumenta los niveles de testosterona<br \/>\n<\/span><\/p>\n<p class=\"tw-data-text tw-ta tw-text-small\" dir=\"ltr\" data-placeholder=\"Translation\"><span lang=\"es\">-Aumenta la densidad mineral \u00f3sea \u00a0\u00a0\u00a0 <\/span><\/p>\n<p class=\"tw-data-text tw-ta tw-text-small\" dir=\"ltr\" data-placeholder=\"Translation\"><span lang=\"es\">-Mejora la funci\u00f3n cognitiva \u00a0\u00a0\u00a0 <\/span><\/p>\n<p class=\"tw-data-text tw-ta tw-text-small\" dir=\"ltr\" data-placeholder=\"Translation\"><span lang=\"es\">-Ralentiza los efectos del envejecimiento \u00a0 <\/span><\/p>\n<p class=\"tw-data-text tw-ta tw-text-small\" dir=\"ltr\" data-placeholder=\"Translation\"><span lang=\"es\">Uso sugerido: Tome una [1] c\u00e1psula por la ma\u00f1ana y una [1] c\u00e1psula antes de la actividad f\u00edsica como un suplemento diet\u00e9tico.<\/span><\/p>\n<h2 dir=\"ltr\" data-placeholder=\"Translation\">ANABOLIC RX24\/NITRIC MAX MUSCLE COMBO<\/h2>\n<p>NITRIC MAX<\/p>\n<p id=\"tw-target-text\" class=\"tw-data-text tw-ta tw-text-small\" dir=\"ltr\" data-placeholder=\"Translation\"><span lang=\"es\">La combinaci\u00f3n de componentes en este incre\u00edble nuevo producto enriquecer\u00e1 su r\u00e9gimen de fortalecimiento para obtener resultados espectaculares. <\/span><\/p>\n<p class=\"tw-data-text tw-ta tw-text-small\" dir=\"ltr\" data-placeholder=\"Translation\"><span lang=\"es\">Dise\u00f1ado para desarrollar masa muscular r\u00e1pidamente y mejorar la resistencia, Nitric Max Muscle es un complejo antioxidante cient\u00edfico con nutrientes naturales y cient\u00edficamente mejorados para transformar su cuerpo en alta definici\u00f3n y rendimiento agregado. \u00a0\u00a0\u00a0\u00a0<\/span><\/p>\n<p class=\"tw-data-text tw-ta tw-text-small\" dir=\"ltr\" data-placeholder=\"Translation\"><span lang=\"es\">-Se\u00f1ala crecimiento de c\u00e9lulas musculares \u00a0\u00a0\u00a0\u00a0<\/span><\/p>\n<p class=\"tw-data-text tw-ta tw-text-small\" dir=\"ltr\" data-placeholder=\"Translation\"><span lang=\"es\">-Sintetiza prote\u00edna \u00a0\u00a0\u00a0\u00a0<\/span><\/p>\n<p class=\"tw-data-text tw-ta tw-text-small\" dir=\"ltr\" data-placeholder=\"Translation\"><span lang=\"es\">-Regula los niveles de sal \u00a0\u00a0\u00a0\u00a0<\/span><\/p>\n<p class=\"tw-data-text tw-ta tw-text-small\" dir=\"ltr\" data-placeholder=\"Translation\"><span lang=\"es\">-Elimina las toxinas<\/span><\/p>\n<p dir=\"ltr\" data-placeholder=\"Translation\">\n","protected":false},"excerpt":{"rendered":"<p><span lang=\"es\">ANABOLIC RX24\/NITRIC MAX MUSCLE COMBO: Con una mezcla de alto rendimiento de antioxidantes naturales y complejos de testosterona seguros y probados en el laboratorio, este aumentador de testosterona anab\u00f3lico eleva tus niveles de testosterona libre para obtener resultados mas rapidos y efectivos.<br \/>\n<\/span><\/p>\n<p><span lang=\"es\"><br \/>\nDise\u00f1ado para desarrollar masa muscular r\u00e1pidamente y mejorar la resistencia, Nitric Max Muscle es un complejo antioxidante cient\u00edfico con nutrientes naturales y cient\u00edficamente mejorados para transformar su cuerpo en alta definici\u00f3n y rendimiento agregado. \u00a0\u00a0\u00a0\u00a0<\/span><\/p>\n","protected":false},"featured_media":2835,"comment_status":"open","ping_status":"closed","template":"","meta":[],"product_cat":[29],"product_tag":[],"acf":[],"yoast_head":"<!-- This site is optimized with the Yoast SEO plugin v18.5.1 - https:\/\/yoast.com\/wordpress\/plugins\/seo\/ -->\n<title>ANABOLIC RX24\/NITRIC MAX MUSCLE COMBO - Armonia Natural Diet Shop<\/title>\n<meta name=\"robots\" content=\"index, follow, max-snippet:-1, max-image-preview:large, max-video-preview:-1\" \/>\n<link rel=\"canonical\" href=\"https:\/\/armonianaturaldietshop.com\/en\/product\/anabolic-rx24nitric-max-muscle-combo\/\" \/>\n<meta property=\"og:locale\" content=\"en_US\" \/>\n<meta property=\"og:type\" content=\"article\" \/>\n<meta property=\"og:title\" content=\"ANABOLIC RX24\/NITRIC MAX MUSCLE COMBO - Armonia Natural Diet Shop\" \/>\n<meta property=\"og:description\" content=\"ANABOLIC RX24\/NITRIC MAX MUSCLE COMBO: Con una mezcla de alto rendimiento de antioxidantes naturales y complejos de testosterona seguros y probados en el laboratorio, este aumentador de testosterona anab\u00f3lico eleva tus niveles de testosterona libre para obtener resultados mas rapidos y efectivos.    Dise\u00f1ado para desarrollar masa muscular r\u00e1pidamente y mejorar la resistencia, Nitric Max Muscle es un complejo antioxidante cient\u00edfico con nutrientes naturales y cient\u00edficamente mejorados para transformar su cuerpo en alta definici\u00f3n y rendimiento agregado. \u00a0\u00a0\u00a0\u00a0\" \/>\n<meta property=\"og:url\" content=\"https:\/\/armonianaturaldietshop.com\/en\/product\/anabolic-rx24nitric-max-muscle-combo\/\" \/>\n<meta property=\"og:site_name\" content=\"Armonia Natural Diet Shop\" \/>\n<meta property=\"article:publisher\" content=\"https:\/\/www.facebook.com\/ArmoniaNaturalDietShop\/\" \/>\n<meta property=\"article:modified_time\" content=\"2018-09-22T16:59:37+00:00\" \/>\n<meta property=\"og:image\" content=\"https:\/\/armonianaturaldietshop.com\/wp-content\/uploads\/2018\/01\/Anabolicrx24NitricMaxMuscle.jpeg\" \/>\n\t<meta property=\"og:image:width\" content=\"1280\" \/>\n\t<meta property=\"og:image:height\" content=\"951\" \/>\n\t<meta property=\"og:image:type\" content=\"image\/jpeg\" \/>\n<meta name=\"twitter:card\" content=\"summary_large_image\" \/>\n<meta name=\"twitter:label1\" content=\"Est. reading time\" \/>\n\t<meta name=\"twitter:data1\" content=\"1 minute\" \/>\n<script type=\"application\/ld+json\" class=\"yoast-schema-graph\">{\"@context\":\"https:\/\/schema.org\",\"@graph\":[{\"@type\":\"Organization\",\"@id\":\"https:\/\/armonianaturaldietshop.com\/#organization\",\"name\":\"Armonia Natural Diet Shop\",\"url\":\"https:\/\/armonianaturaldietshop.com\/\",\"sameAs\":[\"https:\/\/www.facebook.com\/ArmoniaNaturalDietShop\/\",\"https:\/\/www.instagram.com\/armonia.natural\/?hl=en\"],\"logo\":{\"@type\":\"ImageObject\",\"@id\":\"https:\/\/armonianaturaldietshop.com\/#logo\",\"inLanguage\":\"en-US\",\"url\":\"https:\/\/armonianaturaldietshop.com\/wp-content\/uploads\/2018\/01\/top-banner-1.png\",\"contentUrl\":\"https:\/\/armonianaturaldietshop.com\/wp-content\/uploads\/2018\/01\/top-banner-1.png\",\"width\":369,\"height\":116,\"caption\":\"Armonia Natural Diet Shop\"},\"image\":{\"@id\":\"https:\/\/armonianaturaldietshop.com\/#logo\"}},{\"@type\":\"WebSite\",\"@id\":\"https:\/\/armonianaturaldietshop.com\/#website\",\"url\":\"https:\/\/armonianaturaldietshop.com\/\",\"name\":\"Armonia Natural Diet Shop\",\"description\":\"Otro sitio realizado con WordPress\",\"publisher\":{\"@id\":\"https:\/\/armonianaturaldietshop.com\/#organization\"},\"potentialAction\":[{\"@type\":\"SearchAction\",\"target\":{\"@type\":\"EntryPoint\",\"urlTemplate\":\"https:\/\/armonianaturaldietshop.com\/?s={search_term_string}\"},\"query-input\":\"required name=search_term_string\"}],\"inLanguage\":\"en-US\"},{\"@type\":\"ImageObject\",\"@id\":\"https:\/\/armonianaturaldietshop.com\/en\/product\/anabolic-rx24nitric-max-muscle-combo\/#primaryimage\",\"inLanguage\":\"en-US\",\"url\":\"https:\/\/armonianaturaldietshop.com\/wp-content\/uploads\/2018\/01\/Anabolicrx24NitricMaxMuscle.jpeg\",\"contentUrl\":\"https:\/\/armonianaturaldietshop.com\/wp-content\/uploads\/2018\/01\/Anabolicrx24NitricMaxMuscle.jpeg\",\"width\":1280,\"height\":951},{\"@type\":\"WebPage\",\"@id\":\"https:\/\/armonianaturaldietshop.com\/en\/product\/anabolic-rx24nitric-max-muscle-combo\/#webpage\",\"url\":\"https:\/\/armonianaturaldietshop.com\/en\/product\/anabolic-rx24nitric-max-muscle-combo\/\",\"name\":\"ANABOLIC RX24\/NITRIC MAX MUSCLE COMBO - Armonia Natural Diet Shop\",\"isPartOf\":{\"@id\":\"https:\/\/armonianaturaldietshop.com\/#website\"},\"primaryImageOfPage\":{\"@id\":\"https:\/\/armonianaturaldietshop.com\/en\/product\/anabolic-rx24nitric-max-muscle-combo\/#primaryimage\"},\"datePublished\":\"2018-01-28T21:42:31+00:00\",\"dateModified\":\"2018-09-22T16:59:37+00:00\",\"breadcrumb\":{\"@id\":\"https:\/\/armonianaturaldietshop.com\/en\/product\/anabolic-rx24nitric-max-muscle-combo\/#breadcrumb\"},\"inLanguage\":\"en-US\",\"potentialAction\":[{\"@type\":\"ReadAction\",\"target\":[\"https:\/\/armonianaturaldietshop.com\/en\/product\/anabolic-rx24nitric-max-muscle-combo\/\"]}]},{\"@type\":\"BreadcrumbList\",\"@id\":\"https:\/\/armonianaturaldietshop.com\/en\/product\/anabolic-rx24nitric-max-muscle-combo\/#breadcrumb\",\"itemListElement\":[{\"@type\":\"ListItem\",\"position\":1,\"name\":\"Home\",\"item\":\"https:\/\/armonianaturaldietshop.com\/en\/\"},{\"@type\":\"ListItem\",\"position\":2,\"name\":\"Shop\",\"item\":\"https:\/\/armonianaturaldietshop.com\/en\/shop\/\"},{\"@type\":\"ListItem\",\"position\":3,\"name\":\"ANABOLIC RX24\/NITRIC MAX MUSCLE COMBO\"}]}]}<\/script>\n<!-- \/ Yoast SEO plugin. -->","yoast_head_json":{"title":"ANABOLIC RX24\/NITRIC MAX MUSCLE COMBO - Armonia Natural Diet Shop","robots":{"index":"index","follow":"follow","max-snippet":"max-snippet:-1","max-image-preview":"max-image-preview:large","max-video-preview":"max-video-preview:-1"},"canonical":"https:\/\/armonianaturaldietshop.com\/en\/product\/anabolic-rx24nitric-max-muscle-combo\/","og_locale":"en_US","og_type":"article","og_title":"ANABOLIC RX24\/NITRIC MAX MUSCLE COMBO - Armonia Natural Diet Shop","og_description":"ANABOLIC RX24\/NITRIC MAX MUSCLE COMBO: Con una mezcla de alto rendimiento de antioxidantes naturales y complejos de testosterona seguros y probados en el laboratorio, este aumentador de testosterona anab\u00f3lico eleva tus niveles de testosterona libre para obtener resultados mas rapidos y efectivos.    Dise\u00f1ado para desarrollar masa muscular r\u00e1pidamente y mejorar la resistencia, Nitric Max Muscle es un complejo antioxidante cient\u00edfico con nutrientes naturales y cient\u00edficamente mejorados para transformar su cuerpo en alta definici\u00f3n y rendimiento agregado. \u00a0\u00a0\u00a0\u00a0","og_url":"https:\/\/armonianaturaldietshop.com\/en\/product\/anabolic-rx24nitric-max-muscle-combo\/","og_site_name":"Armonia Natural Diet Shop","article_publisher":"https:\/\/www.facebook.com\/ArmoniaNaturalDietShop\/","article_modified_time":"2018-09-22T16:59:37+00:00","og_image":[{"width":1280,"height":951,"url":"https:\/\/armonianaturaldietshop.com\/wp-content\/uploads\/2018\/01\/Anabolicrx24NitricMaxMuscle.jpeg","type":"image\/jpeg"}],"twitter_card":"summary_large_image","twitter_misc":{"Est. reading time":"1 minute"},"schema":{"@context":"https:\/\/schema.org","@graph":[{"@type":"Organization","@id":"https:\/\/armonianaturaldietshop.com\/#organization","name":"Armonia Natural Diet Shop","url":"https:\/\/armonianaturaldietshop.com\/","sameAs":["https:\/\/www.facebook.com\/ArmoniaNaturalDietShop\/","https:\/\/www.instagram.com\/armonia.natural\/?hl=en"],"logo":{"@type":"ImageObject","@id":"https:\/\/armonianaturaldietshop.com\/#logo","inLanguage":"en-US","url":"https:\/\/armonianaturaldietshop.com\/wp-content\/uploads\/2018\/01\/top-banner-1.png","contentUrl":"https:\/\/armonianaturaldietshop.com\/wp-content\/uploads\/2018\/01\/top-banner-1.png","width":369,"height":116,"caption":"Armonia Natural Diet Shop"},"image":{"@id":"https:\/\/armonianaturaldietshop.com\/#logo"}},{"@type":"WebSite","@id":"https:\/\/armonianaturaldietshop.com\/#website","url":"https:\/\/armonianaturaldietshop.com\/","name":"Armonia Natural Diet Shop","description":"Otro sitio realizado con WordPress","publisher":{"@id":"https:\/\/armonianaturaldietshop.com\/#organization"},"potentialAction":[{"@type":"SearchAction","target":{"@type":"EntryPoint","urlTemplate":"https:\/\/armonianaturaldietshop.com\/?s={search_term_string}"},"query-input":"required name=search_term_string"}],"inLanguage":"en-US"},{"@type":"ImageObject","@id":"https:\/\/armonianaturaldietshop.com\/en\/product\/anabolic-rx24nitric-max-muscle-combo\/#primaryimage","inLanguage":"en-US","url":"https:\/\/armonianaturaldietshop.com\/wp-content\/uploads\/2018\/01\/Anabolicrx24NitricMaxMuscle.jpeg","contentUrl":"https:\/\/armonianaturaldietshop.com\/wp-content\/uploads\/2018\/01\/Anabolicrx24NitricMaxMuscle.jpeg","width":1280,"height":951},{"@type":"WebPage","@id":"https:\/\/armonianaturaldietshop.com\/en\/product\/anabolic-rx24nitric-max-muscle-combo\/#webpage","url":"https:\/\/armonianaturaldietshop.com\/en\/product\/anabolic-rx24nitric-max-muscle-combo\/","name":"ANABOLIC RX24\/NITRIC MAX MUSCLE COMBO - Armonia Natural Diet Shop","isPartOf":{"@id":"https:\/\/armonianaturaldietshop.com\/#website"},"primaryImageOfPage":{"@id":"https:\/\/armonianaturaldietshop.com\/en\/product\/anabolic-rx24nitric-max-muscle-combo\/#primaryimage"},"datePublished":"2018-01-28T21:42:31+00:00","dateModified":"2018-09-22T16:59:37+00:00","breadcrumb":{"@id":"https:\/\/armonianaturaldietshop.com\/en\/product\/anabolic-rx24nitric-max-muscle-combo\/#breadcrumb"},"inLanguage":"en-US","potentialAction":[{"@type":"ReadAction","target":["https:\/\/armonianaturaldietshop.com\/en\/product\/anabolic-rx24nitric-max-muscle-combo\/"]}]},{"@type":"BreadcrumbList","@id":"https:\/\/armonianaturaldietshop.com\/en\/product\/anabolic-rx24nitric-max-muscle-combo\/#breadcrumb","itemListElement":[{"@type":"ListItem","position":1,"name":"Home","item":"https:\/\/armonianaturaldietshop.com\/en\/"},{"@type":"ListItem","position":2,"name":"Shop","item":"https:\/\/armonianaturaldietshop.com\/en\/shop\/"},{"@type":"ListItem","position":3,"name":"ANABOLIC RX24\/NITRIC MAX MUSCLE COMBO"}]}]}},"_links":{"self":[{"href":"https:\/\/armonianaturaldietshop.com\/en\/wp-json\/wp\/v2\/product\/1881"}],"collection":[{"href":"https:\/\/armonianaturaldietshop.com\/en\/wp-json\/wp\/v2\/product"}],"about":[{"href":"https:\/\/armonianaturaldietshop.com\/en\/wp-json\/wp\/v2\/types\/product"}],"replies":[{"embeddable":true,"href":"https:\/\/armonianaturaldietshop.com\/en\/wp-json\/wp\/v2\/comments?post=1881"}],"wp:featuredmedia":[{"embeddable":true,"href":"https:\/\/armonianaturaldietshop.com\/en\/wp-json\/wp\/v2\/media\/2835"}],"wp:attachment":[{"href":"https:\/\/armonianaturaldietshop.com\/en\/wp-json\/wp\/v2\/media?parent=1881"}],"wp:term":[{"taxonomy":"product_cat","embeddable":true,"href":"https:\/\/armonianaturaldietshop.com\/en\/wp-json\/wp\/v2\/product_cat?post=1881"},{"taxonomy":"product_tag","embeddable":true,"href":"https:\/\/armonianaturaldietshop.com\/en\/wp-json\/wp\/v2\/product_tag?post=1881"}],"curies":[{"name":"wp","href":"https:\/\/api.w.org\/{rel}","templated":true}]}}