{"id":1882,"date":"2018-01-28T21:42:31","date_gmt":"2018-01-28T21:42:31","guid":{"rendered":"http:\/\/armonianaturaldietshop.com\/product\/ar3-jarabe-para-la-artritis-artrosis-y-dolores-articulares\/"},"modified":"2025-03-10T22:44:17","modified_gmt":"2025-03-10T22:44:17","slug":"ar3-jarabe-dolores-articulares","status":"publish","type":"product","link":"https:\/\/armonianaturaldietshop.com\/en\/product\/ar3-jarabe-dolores-articulares\/","title":{"rendered":"Ar3 Jarabe 300ml  Dolores Articulares"},"content":{"rendered":"<h1 style=\"text-align: center;\"><span style=\"color: #800080;\">AR3 JARABE <\/span><\/h1>\n<h1 style=\"text-align: center;\"><span style=\"color: #800080;\">NUEVA PRESENTACION 300ml<\/span><\/h1>\n<p>&nbsp;<\/p>\n<p>Ar3 es un producto de origen 100% natural, recomendado en el tratamiento de padecimientos o dolencias articulares y musculares causados por enfermedades como la <a href=\"https:\/\/armonianaturaldietshop.com\/producto\/bio-colageno-medical-green\/\">artrosis<\/a>, artritis y todo tipo de lesiones causadas por fracturas, esguinces o tirones.<\/p>\n<p>&nbsp;<\/p>\n<p>Ar3 es usado por personas que padecen de fracturas, esguinces, o cualquier tipo de dolor cr\u00f3nico, pueden ayudarse con el consumo de este producto. Esta fabricado con una combinaci\u00f3n de zumo de uvas y de mangostino, que le proporcionan a este producto todos los nutrientes necesarios en forma natural.<\/p>\n<p>&nbsp;<\/p>\n<h2><span style=\"color: #800080;\">Ar3 Beneficios :<\/span><\/h2>\n<ul>\n<li>Elimina el dolor de las articulaciones.<\/li>\n<li><a href=\"http:\/\/www.voltadol.com.es\/dolor-articular.html\">Proporciona<\/a> todos los ingredientes necesarios.<\/li>\n<li>Act\u00faa de forma natural.<\/li>\n<li>Elimina los dolores causados por la chikungunya.<\/li>\n<li>Cuenta con registro INVIMA RSAV12139713<\/li>\n<li>Mezcla de zumo de naranja y mandarina.<\/li>\n<li>Agua potable tratada.<\/li>\n<li>Sacarosa.<\/li>\n<li>Proteina de Colageno Hidrolizado.<\/li>\n<li>\u00c1cido Citrico (Acidulante).<\/li>\n<li>Benzoato de Sodio (Conservante).<\/li>\n<\/ul>\n<p>&nbsp;<\/p>\n<p>&nbsp;<\/p>\n<p>&nbsp;<\/p>\n<p><strong><span style=\"color: #800080;\">Ingredientes:<\/span><\/strong><\/p>\n<p>&nbsp;<\/p>\n<p>Zumo de Uva y Mangostino.<br \/>\nAgua purificada.<br \/>\nSacarosa (edulcorante natural).<br \/>\nAcido c\u00edtrico (Acidulante).<br \/>\nBenzoato de sodio (conservante).<\/p>\n<p>&nbsp;<\/p>\n<p>Beneficios:<\/p>\n<p>Excelente antiinflamatorio.<br \/>\nRecomendado para personas diab\u00e9ticas.<br \/>\nUtilizado como analg\u00e9sico.<br \/>\nAlivia los dolores producidos por la artritis, artrosis, y dolores en las articulaciones.<br \/>\nEfectivo en el tratamiento de enfermedades como Chikungunya y Zica.<br \/>\nAnalg\u00e9sico.<\/p>\n<p>&nbsp;<\/p>\n<p>Uso sugerido:<\/p>\n<p>&nbsp;<\/p>\n<p>Tomar una (1) copa de 15 mL al d\u00eda, disuelta en un vaso de agua o de jugo, acompa\u00f1ando el desayuno o la cena<\/p>\n<p>&nbsp;<\/p>\n<p>No exceder las dos (2) copas al d\u00eda.<\/p>\n<p>&nbsp;<\/p>\n<h1 id=\"_NBK47467_\"><span class=\"title\" style=\"font-size: 14pt;\">Medicamentos para la artritis reumatoide:<\/span><\/h1>\n<div><\/div>\n<div class=\"subtitle whole_rhythm\"><strong>Gu\u00eda para adultos\u00a0<\/strong><\/div>\n<div><\/div>\n<div><\/div>\n<p>&nbsp;<\/p>\n<p>&nbsp;<\/p>\n<ul>\n<li>*Los medicamentos para la artritis reumatoide (AR) pueden disminuir el avance de la enfermedad y reducir el da\u00f1o en las articulaciones. Tambi\u00e9n pueden aliviar el dolor y hacen m\u00e1s f\u00e1cil el llevar a cabo tareas diarias.<\/li>\n<\/ul>\n<p>&nbsp;<\/p>\n<p>&nbsp;<\/p>\n<p>&nbsp;<\/p>\n<div><\/div>\n<div><\/div>\n<div><\/div>\n<ul>\n<li>*La mayor\u00eda de las personas pueden encontrar un medicamento AR que funciona.<\/li>\n<\/ul>\n<div><\/div>\n<div><\/div>\n<div><\/div>\n<div><\/div>\n<div><\/div>\n<div><\/div>\n<ul>\n<li>*Si un medicamento AR no est\u00e1 funcionando lo suficientemente bien, usted tiene otras opciones. El cambiarse a un medicamento AR diferente o a\u00f1adir otro tipo de medicamento AR puede ser de ayuda.<\/li>\n<\/ul>\n<div><\/div>\n<div><\/div>\n<div><\/div>\n<div><\/div>\n<ul>\n<li>*Los esteroides tambi\u00e9n se utilizan frecuentemente con otros medicamentos AR. Ellos ayudan con el dolor en las articulaciones y la hinchaz\u00f3n. Sin embargo, el utilizarlo por largo tiempo puede causar efectos secundarios.<\/li>\n<\/ul>\n<div><\/div>\n<div><\/div>\n<div><\/div>\n<div><\/div>\n<div><\/div>\n<ul>\n<li>*Los medicamentos AR pueden aumentar las posibilidades de infecciones u otros efectos secundarios. Las revisiones m\u00e9dicas regulares y pruebas de sangre son formas para detectar estos problemas temprano.<\/li>\n<\/ul>\n","protected":false},"excerpt":{"rendered":"<p>Ar3 es un jarabe altamente efectivo para aliviar total o parcialmente los dolores articulares, musculares y de tendones causados por enfermedades como la artritis, artrosis y\/o lesiones causadas por fracturas, esguinces o tirones.<\/p>\n","protected":false},"featured_media":9418,"comment_status":"open","ping_status":"closed","template":"","meta":[],"product_cat":[47,34],"product_tag":[],"acf":[],"yoast_head":"<!-- This site is optimized with the Yoast SEO plugin v18.5.1 - https:\/\/yoast.com\/wordpress\/plugins\/seo\/ -->\n<title>Ar3 Jarabe 300ml Dolores Articulares - Armonia Natural Diet Shop<\/title>\n<meta name=\"description\" content=\"Ar3 es un jarabe altamente efectivo para aliviar total o parcialmente los dolores articulares, musculares y de tendones causados por lesiones o enfermedades\" \/>\n<meta name=\"robots\" content=\"index, follow, max-snippet:-1, max-image-preview:large, max-video-preview:-1\" \/>\n<link rel=\"canonical\" href=\"https:\/\/armonianaturaldietshop.com\/en\/product\/ar3-jarabe-dolores-articulares\/\" \/>\n<meta property=\"og:locale\" content=\"en_US\" \/>\n<meta property=\"og:type\" content=\"article\" \/>\n<meta property=\"og:title\" content=\"Ar3 Jarabe 300ml Dolores Articulares - Armonia Natural Diet Shop\" \/>\n<meta property=\"og:description\" content=\"Ar3 es un jarabe altamente efectivo para aliviar total o parcialmente los dolores articulares, musculares y de tendones causados por lesiones o enfermedades\" \/>\n<meta property=\"og:url\" content=\"https:\/\/armonianaturaldietshop.com\/en\/product\/ar3-jarabe-dolores-articulares\/\" \/>\n<meta property=\"og:site_name\" content=\"Armonia Natural Diet Shop\" \/>\n<meta property=\"article:publisher\" content=\"https:\/\/www.facebook.com\/ArmoniaNaturalDietShop\/\" \/>\n<meta property=\"article:modified_time\" content=\"2025-03-10T22:44:17+00:00\" \/>\n<meta property=\"og:image\" content=\"https:\/\/armonianaturaldietshop.com\/wp-content\/uploads\/2018\/01\/Sin-titulo.jpg\" \/>\n\t<meta property=\"og:image:width\" content=\"492\" \/>\n\t<meta property=\"og:image:height\" content=\"732\" \/>\n\t<meta property=\"og:image:type\" content=\"image\/jpeg\" \/>\n<meta name=\"twitter:card\" content=\"summary_large_image\" \/>\n<meta name=\"twitter:label1\" content=\"Est. reading time\" \/>\n\t<meta name=\"twitter:data1\" content=\"2 minutes\" \/>\n<script type=\"application\/ld+json\" class=\"yoast-schema-graph\">{\"@context\":\"https:\/\/schema.org\",\"@graph\":[{\"@type\":\"Organization\",\"@id\":\"https:\/\/armonianaturaldietshop.com\/#organization\",\"name\":\"Armonia Natural Diet Shop\",\"url\":\"https:\/\/armonianaturaldietshop.com\/\",\"sameAs\":[\"https:\/\/www.facebook.com\/ArmoniaNaturalDietShop\/\",\"https:\/\/www.instagram.com\/armonia.natural\/?hl=en\"],\"logo\":{\"@type\":\"ImageObject\",\"@id\":\"https:\/\/armonianaturaldietshop.com\/#logo\",\"inLanguage\":\"en-US\",\"url\":\"https:\/\/armonianaturaldietshop.com\/wp-content\/uploads\/2018\/01\/top-banner-1.png\",\"contentUrl\":\"https:\/\/armonianaturaldietshop.com\/wp-content\/uploads\/2018\/01\/top-banner-1.png\",\"width\":369,\"height\":116,\"caption\":\"Armonia Natural Diet Shop\"},\"image\":{\"@id\":\"https:\/\/armonianaturaldietshop.com\/#logo\"}},{\"@type\":\"WebSite\",\"@id\":\"https:\/\/armonianaturaldietshop.com\/#website\",\"url\":\"https:\/\/armonianaturaldietshop.com\/\",\"name\":\"Armonia Natural Diet Shop\",\"description\":\"Otro sitio realizado con WordPress\",\"publisher\":{\"@id\":\"https:\/\/armonianaturaldietshop.com\/#organization\"},\"potentialAction\":[{\"@type\":\"SearchAction\",\"target\":{\"@type\":\"EntryPoint\",\"urlTemplate\":\"https:\/\/armonianaturaldietshop.com\/?s={search_term_string}\"},\"query-input\":\"required name=search_term_string\"}],\"inLanguage\":\"en-US\"},{\"@type\":\"ImageObject\",\"@id\":\"https:\/\/armonianaturaldietshop.com\/en\/product\/ar3-jarabe-dolores-articulares\/#primaryimage\",\"inLanguage\":\"en-US\",\"url\":\"https:\/\/armonianaturaldietshop.com\/wp-content\/uploads\/2018\/01\/Sin-titulo.jpg\",\"contentUrl\":\"https:\/\/armonianaturaldietshop.com\/wp-content\/uploads\/2018\/01\/Sin-titulo.jpg\",\"width\":492,\"height\":732,\"caption\":\"ar3\"},{\"@type\":\"WebPage\",\"@id\":\"https:\/\/armonianaturaldietshop.com\/en\/product\/ar3-jarabe-dolores-articulares\/#webpage\",\"url\":\"https:\/\/armonianaturaldietshop.com\/en\/product\/ar3-jarabe-dolores-articulares\/\",\"name\":\"Ar3 Jarabe 300ml Dolores Articulares - Armonia Natural Diet Shop\",\"isPartOf\":{\"@id\":\"https:\/\/armonianaturaldietshop.com\/#website\"},\"primaryImageOfPage\":{\"@id\":\"https:\/\/armonianaturaldietshop.com\/en\/product\/ar3-jarabe-dolores-articulares\/#primaryimage\"},\"datePublished\":\"2018-01-28T21:42:31+00:00\",\"dateModified\":\"2025-03-10T22:44:17+00:00\",\"description\":\"Ar3 es un jarabe altamente efectivo para aliviar total o parcialmente los dolores articulares, musculares y de tendones causados por lesiones o enfermedades\",\"breadcrumb\":{\"@id\":\"https:\/\/armonianaturaldietshop.com\/en\/product\/ar3-jarabe-dolores-articulares\/#breadcrumb\"},\"inLanguage\":\"en-US\",\"potentialAction\":[{\"@type\":\"ReadAction\",\"target\":[\"https:\/\/armonianaturaldietshop.com\/en\/product\/ar3-jarabe-dolores-articulares\/\"]}]},{\"@type\":\"BreadcrumbList\",\"@id\":\"https:\/\/armonianaturaldietshop.com\/en\/product\/ar3-jarabe-dolores-articulares\/#breadcrumb\",\"itemListElement\":[{\"@type\":\"ListItem\",\"position\":1,\"name\":\"Home\",\"item\":\"https:\/\/armonianaturaldietshop.com\/en\/\"},{\"@type\":\"ListItem\",\"position\":2,\"name\":\"Shop\",\"item\":\"https:\/\/armonianaturaldietshop.com\/en\/shop\/\"},{\"@type\":\"ListItem\",\"position\":3,\"name\":\"Ar3 Jarabe 300ml Dolores Articulares\"}]}]}<\/script>\n<!-- \/ Yoast SEO plugin. -->","yoast_head_json":{"title":"Ar3 Jarabe 300ml Dolores Articulares - Armonia Natural Diet Shop","description":"Ar3 es un jarabe altamente efectivo para aliviar total o parcialmente los dolores articulares, musculares y de tendones causados por lesiones o enfermedades","robots":{"index":"index","follow":"follow","max-snippet":"max-snippet:-1","max-image-preview":"max-image-preview:large","max-video-preview":"max-video-preview:-1"},"canonical":"https:\/\/armonianaturaldietshop.com\/en\/product\/ar3-jarabe-dolores-articulares\/","og_locale":"en_US","og_type":"article","og_title":"Ar3 Jarabe 300ml Dolores Articulares - Armonia Natural Diet Shop","og_description":"Ar3 es un jarabe altamente efectivo para aliviar total o parcialmente los dolores articulares, musculares y de tendones causados por lesiones o enfermedades","og_url":"https:\/\/armonianaturaldietshop.com\/en\/product\/ar3-jarabe-dolores-articulares\/","og_site_name":"Armonia Natural Diet Shop","article_publisher":"https:\/\/www.facebook.com\/ArmoniaNaturalDietShop\/","article_modified_time":"2025-03-10T22:44:17+00:00","og_image":[{"width":492,"height":732,"url":"https:\/\/armonianaturaldietshop.com\/wp-content\/uploads\/2018\/01\/Sin-titulo.jpg","type":"image\/jpeg"}],"twitter_card":"summary_large_image","twitter_misc":{"Est. reading time":"2 minutes"},"schema":{"@context":"https:\/\/schema.org","@graph":[{"@type":"Organization","@id":"https:\/\/armonianaturaldietshop.com\/#organization","name":"Armonia Natural Diet Shop","url":"https:\/\/armonianaturaldietshop.com\/","sameAs":["https:\/\/www.facebook.com\/ArmoniaNaturalDietShop\/","https:\/\/www.instagram.com\/armonia.natural\/?hl=en"],"logo":{"@type":"ImageObject","@id":"https:\/\/armonianaturaldietshop.com\/#logo","inLanguage":"en-US","url":"https:\/\/armonianaturaldietshop.com\/wp-content\/uploads\/2018\/01\/top-banner-1.png","contentUrl":"https:\/\/armonianaturaldietshop.com\/wp-content\/uploads\/2018\/01\/top-banner-1.png","width":369,"height":116,"caption":"Armonia Natural Diet Shop"},"image":{"@id":"https:\/\/armonianaturaldietshop.com\/#logo"}},{"@type":"WebSite","@id":"https:\/\/armonianaturaldietshop.com\/#website","url":"https:\/\/armonianaturaldietshop.com\/","name":"Armonia Natural Diet Shop","description":"Otro sitio realizado con WordPress","publisher":{"@id":"https:\/\/armonianaturaldietshop.com\/#organization"},"potentialAction":[{"@type":"SearchAction","target":{"@type":"EntryPoint","urlTemplate":"https:\/\/armonianaturaldietshop.com\/?s={search_term_string}"},"query-input":"required name=search_term_string"}],"inLanguage":"en-US"},{"@type":"ImageObject","@id":"https:\/\/armonianaturaldietshop.com\/en\/product\/ar3-jarabe-dolores-articulares\/#primaryimage","inLanguage":"en-US","url":"https:\/\/armonianaturaldietshop.com\/wp-content\/uploads\/2018\/01\/Sin-titulo.jpg","contentUrl":"https:\/\/armonianaturaldietshop.com\/wp-content\/uploads\/2018\/01\/Sin-titulo.jpg","width":492,"height":732,"caption":"ar3"},{"@type":"WebPage","@id":"https:\/\/armonianaturaldietshop.com\/en\/product\/ar3-jarabe-dolores-articulares\/#webpage","url":"https:\/\/armonianaturaldietshop.com\/en\/product\/ar3-jarabe-dolores-articulares\/","name":"Ar3 Jarabe 300ml Dolores Articulares - Armonia Natural Diet Shop","isPartOf":{"@id":"https:\/\/armonianaturaldietshop.com\/#website"},"primaryImageOfPage":{"@id":"https:\/\/armonianaturaldietshop.com\/en\/product\/ar3-jarabe-dolores-articulares\/#primaryimage"},"datePublished":"2018-01-28T21:42:31+00:00","dateModified":"2025-03-10T22:44:17+00:00","description":"Ar3 es un jarabe altamente efectivo para aliviar total o parcialmente los dolores articulares, musculares y de tendones causados por lesiones o enfermedades","breadcrumb":{"@id":"https:\/\/armonianaturaldietshop.com\/en\/product\/ar3-jarabe-dolores-articulares\/#breadcrumb"},"inLanguage":"en-US","potentialAction":[{"@type":"ReadAction","target":["https:\/\/armonianaturaldietshop.com\/en\/product\/ar3-jarabe-dolores-articulares\/"]}]},{"@type":"BreadcrumbList","@id":"https:\/\/armonianaturaldietshop.com\/en\/product\/ar3-jarabe-dolores-articulares\/#breadcrumb","itemListElement":[{"@type":"ListItem","position":1,"name":"Home","item":"https:\/\/armonianaturaldietshop.com\/en\/"},{"@type":"ListItem","position":2,"name":"Shop","item":"https:\/\/armonianaturaldietshop.com\/en\/shop\/"},{"@type":"ListItem","position":3,"name":"Ar3 Jarabe 300ml Dolores Articulares"}]}]}},"_links":{"self":[{"href":"https:\/\/armonianaturaldietshop.com\/en\/wp-json\/wp\/v2\/product\/1882"}],"collection":[{"href":"https:\/\/armonianaturaldietshop.com\/en\/wp-json\/wp\/v2\/product"}],"about":[{"href":"https:\/\/armonianaturaldietshop.com\/en\/wp-json\/wp\/v2\/types\/product"}],"replies":[{"embeddable":true,"href":"https:\/\/armonianaturaldietshop.com\/en\/wp-json\/wp\/v2\/comments?post=1882"}],"wp:featuredmedia":[{"embeddable":true,"href":"https:\/\/armonianaturaldietshop.com\/en\/wp-json\/wp\/v2\/media\/9418"}],"wp:attachment":[{"href":"https:\/\/armonianaturaldietshop.com\/en\/wp-json\/wp\/v2\/media?parent=1882"}],"wp:term":[{"taxonomy":"product_cat","embeddable":true,"href":"https:\/\/armonianaturaldietshop.com\/en\/wp-json\/wp\/v2\/product_cat?post=1882"},{"taxonomy":"product_tag","embeddable":true,"href":"https:\/\/armonianaturaldietshop.com\/en\/wp-json\/wp\/v2\/product_tag?post=1882"}],"curies":[{"name":"wp","href":"https:\/\/api.w.org\/{rel}","templated":true}]}}