{"id":1884,"date":"2018-01-28T21:42:30","date_gmt":"2018-01-28T21:42:30","guid":{"rendered":"http:\/\/armonianaturaldietshop.com\/product\/amino-x-bsn-aminoacidos-solubles-efervescentes-70-servicios\/"},"modified":"2026-01-21T14:37:38","modified_gmt":"2026-01-21T14:37:38","slug":"amino-x-bsn-aminoacidos-solubles-efervescentes-70-servicios","status":"publish","type":"product","link":"https:\/\/armonianaturaldietshop.com\/en\/product\/amino-x-bsn-aminoacidos-solubles-efervescentes-70-servicios\/","title":{"rendered":"Amino X BSN Amino\u00e1cidos 70 Servicios"},"content":{"rendered":"<div id=\"description\" style=\"color: #434343; font-family: Lato, sans-serif; font-size: 13px;\">\n<div style=\"color: #ffffff;\">\n<p>&nbsp;<\/p>\n<h1 style=\"margin: 18px 0px 9px; padding: 0px; border: 0px; font-family: Arial, Helvetica, sans-serif; font-weight: 500; line-height: 1.1; font-size: 33px; vertical-align: baseline; color: #777777; text-align: center;\"><span style=\"color: #ff0000;\"><strong>Amino X BSN\u00a0 70 servicios\u00a0<\/strong><\/span><\/h1>\n<\/div>\n<p><span style=\"font-size: 12pt;\"><strong>AMINO X<\/strong>\u00a0de\u00a0<em><strong>BSN<\/strong><\/em>\u00a0es un producto a base de amino\u00e1cidos ramificados a los que se les ha a\u00f1adido alanina, taurina y citrulina. Adem\u00e1s, la f\u00f3rmula de\u00a0<strong>AMINO X<\/strong>\u00a0proporciona ingredientes destinados a producir mejoras en la resistencia muscular como el \u00e1cido c\u00edtrico, el bicarbonato s\u00f3dico o el \u00e1cido m\u00e1lico.<\/span><\/p>\n<p>&nbsp;<\/p>\n<p>&nbsp;<\/p>\n<p><span style=\"font-size: 12pt;\">Gracias a su formato en polvo,\u00a0<strong>AMINO X<\/strong>\u00a0es perfecto para cualquier momento del d\u00eda, especialmente durante el entrenamiento, siendo una opci\u00f3n refrescante y deliciosa para combatir el catabolismo y mejorar la resistencia muscular.<\/span><\/p>\n<p>&nbsp;<\/p>\n<h3><span style=\"font-size: 12pt;\"><em>AMINO X. Caracter\u00edsticas principales:<\/em><\/span><\/h3>\n<p>&nbsp;<\/p>\n<ul class=\"product-list-unordened\">\n<li><span style=\"font-size: 12pt;\">10 gramos de amino\u00e1cidos por dosis*.<\/span><\/li>\n<li><span style=\"font-size: 12pt;\">Con amino\u00e1cidos ramificados.<\/span><\/li>\n<li><span style=\"font-size: 12pt;\">Menos de 1 g de carbohidratos por servicio.<\/span><\/li>\n<li><span style=\"font-size: 12pt;\">Sin az\u00facares.<\/span><\/li>\n<li><span style=\"font-size: 12pt;\">Enriquecido en Vitamina D (125% del Valor Diario).<\/span><\/li>\n<li><span style=\"font-size: 12pt;\">Sin Cafe\u00edna.<\/span><\/li>\n<li><span style=\"font-size: 12pt;\">Con \u00c1cido C\u00edtrico, \u00c1cido M\u00e1lico y Bicarbonato S\u00f3dico.<\/span><\/li>\n<li><span style=\"font-size: 12pt;\">Efervescente.<\/span><\/li>\n<li><span style=\"font-size: 12pt;\">435 gramos por envase (30 dosis).<\/span><\/li>\n<\/ul>\n<p>&nbsp;<\/p>\n<p><span style=\"font-size: 12pt;\"><em>Dosis: 14,5 gramos. La informaci\u00f3n nutricional puede variar ligeramente dependiendo del sabor.<\/em><\/span><\/p>\n<p>&nbsp;<\/p>\n<p>&nbsp;<\/p>\n<p>&nbsp;<\/p>\n<p><span style=\"font-size: 12pt;\">La f\u00f3rmula de\u00a0<strong>AMINO X<\/strong>\u00a0est\u00e1 compuesta principalmente por una mezcla de amino\u00e1cidos solubles:<\/span><\/p>\n<p>&nbsp;<\/p>\n<div>\n<p><span style=\"font-size: 12pt;\"><em>BCAAs micronizados:<\/em>\u00a0amino\u00e1cidos esenciales con gran capacidad anticatab\u00f3lica.<\/span><\/p>\n<p>&nbsp;<\/p>\n<p><span style=\"font-size: 12pt;\"><em>L-alanina:<\/em>\u00a0amino\u00e1cido no esencial, pero con gran capacidad de formar glucosa contribuyendo a frenar el catabolismo y combatir la hipoglucemia.<\/span><\/p>\n<\/div>\n<p>&nbsp;<\/p>\n<div>\n<p><span style=\"font-size: 12pt;\"><em>Taurina micronizada:<\/em>\u00a0contribuye al volumen celular e interviene en la transmisi\u00f3n del impulso nervioso. Su consumo se relaciona con la prevenci\u00f3n de lesiones y el aumento de la masa muscular.<\/span><\/p>\n<p>&nbsp;<\/p>\n<p><span style=\"font-size: 12pt;\"><em>L-citrulina:<\/em>\u00a0su consumo puede mejorar la recuperaci\u00f3n entre esfuerzos, reduce el dolor muscular producido por el ejercicio (agujetas) y mejora el rendimiento reduciendo la fatiga.<\/span><\/p>\n<\/div>\n<p>&nbsp;<\/p>\n<p><span style=\"font-size: 12pt;\">Adem\u00e1s, la f\u00f3rmula\u00a0<em>Effosorb\u2122 EnDura Composite<\/em>\u00a0proporciona compuestos que combaten la fatiga como el \u00e1cido c\u00edtrico, \u00e1cido m\u00e1lico o el bicarbonato s\u00f3dico, que neutralizan la acidez y mejoran la resistencia muscular.<\/span><\/p>\n<p>&nbsp;<\/p>\n<p>&nbsp;<\/p>\n<p><span style=\"font-size: 12pt;\">La vitamina D es una vitamina implicada en la funci\u00f3n muscular con un alto \u00edndice de carencia en las personas deportistas. La suplementaci\u00f3n en deportistas con d\u00e9ficit de vitamina D puede mejorar el rendimiento y reducir el dolor muscular.<\/span><\/p>\n<p>&nbsp;<\/p>\n<p><span style=\"font-size: 12pt;\"><strong>AMINO X. Objetivos principales:<\/strong><\/span><\/p>\n<p><span style=\"font-size: 12pt;\">1)Desarrollo muscular.<\/span><\/p>\n<p><span style=\"font-size: 12pt;\">2)Mejora del entrenamiento.<\/span><\/p>\n<p><span style=\"font-size: 12pt;\">2.1\u00a0Entrenamientos m\u00e1s intensos.<\/span><\/p>\n<p><span style=\"font-size: 12pt;\">2.2\u00a0Combatir la fatiga.<\/span><\/p>\n<p><span style=\"font-size: 12pt;\">3)Recuperaci\u00f3n y mantenimiento muscular.<\/span><\/p>\n<p>&nbsp;<\/p>\n<p><span style=\"font-size: 12pt;\"><strong>\u00bfQui\u00e9n puede beneficiarse de AMINO X?<\/strong><\/span><\/p>\n<p><span style=\"font-size: 12pt;\">*AMINO X\u00a0est\u00e1 dise\u00f1ado para deportistas y personas activas que deseen incrementar su rendimiento f\u00edsico o aumentar masa muscular.<\/span><\/p>\n<p><span style=\"font-size: 12pt;\">*AMINO X\u00a0es especialmente interesante para deportistas de resistencia o practicantes de fitness con alto nivel e intensidad, que busquen prevenir el catabolismo, proteger la masa muscular y potenciar la recuperaci\u00f3n posterior.<\/span><\/p>\n<p>&nbsp;<\/p>\n<div style=\"color: #ffffff;\">\n<p>&nbsp;<\/p>\n<\/div>\n<\/div>\n<p>&nbsp;<\/p>\n<div id=\"description\" style=\"color: #434343; font-family: Lato, sans-serif; font-size: 13px;\">\n<div style=\"color: #ffffff;\">\n<p>&nbsp;<\/p>\n<\/div>\n<\/div>\n","protected":false},"excerpt":{"rendered":"<p>AMINO X de BSN es un producto a base de amino\u00e1cidos ramificados a los que se les ha a\u00f1adido alanina, taurina y citrulina. Adem\u00e1s, la f\u00f3rmula de AMINO X proporciona ingredientes destinados a producir mejoras en la resistencia muscular como el \u00e1cido c\u00edtrico, el bicarbonato s\u00f3dico o el \u00e1cido m\u00e1lico.<\/p>\n<p>Gracias a su formato en polvo, AMINO X es perfecto para cualquier momento del d\u00eda, especialmente durante el entrenamiento, siendo una opci\u00f3n refrescante y deliciosa para combatir el catabolismo y mejorar la resistencia muscular.<\/p>\n","protected":false},"featured_media":3222,"comment_status":"open","ping_status":"closed","template":"","meta":[],"product_cat":[43,29],"product_tag":[],"acf":[],"yoast_head":"<!-- This site is optimized with the Yoast SEO plugin v18.5.1 - https:\/\/yoast.com\/wordpress\/plugins\/seo\/ -->\n<title>Amino X BSN Amino\u00e1cidos 70 Servicios - Armonia Natural Diet Shop<\/title>\n<meta name=\"robots\" content=\"index, follow, max-snippet:-1, max-image-preview:large, max-video-preview:-1\" \/>\n<link rel=\"canonical\" href=\"https:\/\/armonianaturaldietshop.com\/product\/amino-x-bsn-aminoacidos-solubles-efervescentes-70-servicios\/\" \/>\n<meta property=\"og:locale\" content=\"en_US\" \/>\n<meta property=\"og:type\" content=\"article\" \/>\n<meta property=\"og:title\" content=\"Amino X BSN Amino\u00e1cidos 70 Servicios - Armonia Natural Diet Shop\" \/>\n<meta property=\"og:description\" content=\"AMINO X de BSN es un producto a base de amino\u00e1cidos ramificados a los que se les ha a\u00f1adido alanina, taurina y citrulina. Adem\u00e1s, la f\u00f3rmula de AMINO X proporciona ingredientes destinados a producir mejoras en la resistencia muscular como el \u00e1cido c\u00edtrico, el bicarbonato s\u00f3dico o el \u00e1cido m\u00e1lico.  Gracias a su formato en polvo, AMINO X es perfecto para cualquier momento del d\u00eda, especialmente durante el entrenamiento, siendo una opci\u00f3n refrescante y deliciosa para combatir el catabolismo y mejorar la resistencia muscular.\" \/>\n<meta property=\"og:url\" content=\"https:\/\/armonianaturaldietshop.com\/product\/amino-x-bsn-aminoacidos-solubles-efervescentes-70-servicios\/\" \/>\n<meta property=\"og:site_name\" content=\"Armonia Natural Diet Shop\" \/>\n<meta property=\"article:publisher\" content=\"https:\/\/www.facebook.com\/ArmoniaNaturalDietShop\/\" \/>\n<meta property=\"article:modified_time\" content=\"2026-01-21T14:37:38+00:00\" \/>\n<meta property=\"og:image\" content=\"https:\/\/armonianaturaldietshop.com\/wp-content\/uploads\/2018\/01\/bsn-amino-x-70serv.jpg\" \/>\n\t<meta property=\"og:image:width\" content=\"1000\" \/>\n\t<meta property=\"og:image:height\" content=\"1000\" \/>\n\t<meta property=\"og:image:type\" content=\"image\/jpeg\" \/>\n<meta name=\"twitter:card\" content=\"summary_large_image\" \/>\n<meta name=\"twitter:label1\" content=\"Est. reading time\" \/>\n\t<meta name=\"twitter:data1\" content=\"2 minutes\" \/>\n<script type=\"application\/ld+json\" class=\"yoast-schema-graph\">{\"@context\":\"https:\/\/schema.org\",\"@graph\":[{\"@type\":\"Organization\",\"@id\":\"https:\/\/armonianaturaldietshop.com\/#organization\",\"name\":\"Armonia Natural Diet Shop\",\"url\":\"https:\/\/armonianaturaldietshop.com\/\",\"sameAs\":[\"https:\/\/www.facebook.com\/ArmoniaNaturalDietShop\/\",\"https:\/\/www.instagram.com\/armonia.natural\/?hl=en\"],\"logo\":{\"@type\":\"ImageObject\",\"@id\":\"https:\/\/armonianaturaldietshop.com\/#logo\",\"inLanguage\":\"en-US\",\"url\":\"https:\/\/armonianaturaldietshop.com\/wp-content\/uploads\/2018\/01\/top-banner-1.png\",\"contentUrl\":\"https:\/\/armonianaturaldietshop.com\/wp-content\/uploads\/2018\/01\/top-banner-1.png\",\"width\":369,\"height\":116,\"caption\":\"Armonia Natural Diet Shop\"},\"image\":{\"@id\":\"https:\/\/armonianaturaldietshop.com\/#logo\"}},{\"@type\":\"WebSite\",\"@id\":\"https:\/\/armonianaturaldietshop.com\/#website\",\"url\":\"https:\/\/armonianaturaldietshop.com\/\",\"name\":\"Armonia Natural Diet Shop\",\"description\":\"Otro sitio realizado con WordPress\",\"publisher\":{\"@id\":\"https:\/\/armonianaturaldietshop.com\/#organization\"},\"potentialAction\":[{\"@type\":\"SearchAction\",\"target\":{\"@type\":\"EntryPoint\",\"urlTemplate\":\"https:\/\/armonianaturaldietshop.com\/?s={search_term_string}\"},\"query-input\":\"required name=search_term_string\"}],\"inLanguage\":\"en-US\"},{\"@type\":\"ImageObject\",\"@id\":\"https:\/\/armonianaturaldietshop.com\/product\/amino-x-bsn-aminoacidos-solubles-efervescentes-70-servicios\/#primaryimage\",\"inLanguage\":\"en-US\",\"url\":\"https:\/\/armonianaturaldietshop.com\/wp-content\/uploads\/2018\/01\/bsn-amino-x-70serv.jpg\",\"contentUrl\":\"https:\/\/armonianaturaldietshop.com\/wp-content\/uploads\/2018\/01\/bsn-amino-x-70serv.jpg\",\"width\":1000,\"height\":1000,\"caption\":\"Amino X 70 serv\"},{\"@type\":\"WebPage\",\"@id\":\"https:\/\/armonianaturaldietshop.com\/product\/amino-x-bsn-aminoacidos-solubles-efervescentes-70-servicios\/#webpage\",\"url\":\"https:\/\/armonianaturaldietshop.com\/product\/amino-x-bsn-aminoacidos-solubles-efervescentes-70-servicios\/\",\"name\":\"Amino X BSN Amino\u00e1cidos 70 Servicios - Armonia Natural Diet Shop\",\"isPartOf\":{\"@id\":\"https:\/\/armonianaturaldietshop.com\/#website\"},\"primaryImageOfPage\":{\"@id\":\"https:\/\/armonianaturaldietshop.com\/product\/amino-x-bsn-aminoacidos-solubles-efervescentes-70-servicios\/#primaryimage\"},\"datePublished\":\"2018-01-28T21:42:30+00:00\",\"dateModified\":\"2026-01-21T14:37:38+00:00\",\"breadcrumb\":{\"@id\":\"https:\/\/armonianaturaldietshop.com\/product\/amino-x-bsn-aminoacidos-solubles-efervescentes-70-servicios\/#breadcrumb\"},\"inLanguage\":\"en-US\",\"potentialAction\":[{\"@type\":\"ReadAction\",\"target\":[\"https:\/\/armonianaturaldietshop.com\/product\/amino-x-bsn-aminoacidos-solubles-efervescentes-70-servicios\/\"]}]},{\"@type\":\"BreadcrumbList\",\"@id\":\"https:\/\/armonianaturaldietshop.com\/product\/amino-x-bsn-aminoacidos-solubles-efervescentes-70-servicios\/#breadcrumb\",\"itemListElement\":[{\"@type\":\"ListItem\",\"position\":1,\"name\":\"Home\",\"item\":\"https:\/\/armonianaturaldietshop.com\/en\/\"},{\"@type\":\"ListItem\",\"position\":2,\"name\":\"Shop\",\"item\":\"https:\/\/armonianaturaldietshop.com\/en\/shop\/\"},{\"@type\":\"ListItem\",\"position\":3,\"name\":\"Amino X BSN Amino\u00e1cidos 70 Servicios\"}]}]}<\/script>\n<!-- \/ Yoast SEO plugin. -->","yoast_head_json":{"title":"Amino X BSN Amino\u00e1cidos 70 Servicios - Armonia Natural Diet Shop","robots":{"index":"index","follow":"follow","max-snippet":"max-snippet:-1","max-image-preview":"max-image-preview:large","max-video-preview":"max-video-preview:-1"},"canonical":"https:\/\/armonianaturaldietshop.com\/product\/amino-x-bsn-aminoacidos-solubles-efervescentes-70-servicios\/","og_locale":"en_US","og_type":"article","og_title":"Amino X BSN Amino\u00e1cidos 70 Servicios - Armonia Natural Diet Shop","og_description":"AMINO X de BSN es un producto a base de amino\u00e1cidos ramificados a los que se les ha a\u00f1adido alanina, taurina y citrulina. Adem\u00e1s, la f\u00f3rmula de AMINO X proporciona ingredientes destinados a producir mejoras en la resistencia muscular como el \u00e1cido c\u00edtrico, el bicarbonato s\u00f3dico o el \u00e1cido m\u00e1lico.  Gracias a su formato en polvo, AMINO X es perfecto para cualquier momento del d\u00eda, especialmente durante el entrenamiento, siendo una opci\u00f3n refrescante y deliciosa para combatir el catabolismo y mejorar la resistencia muscular.","og_url":"https:\/\/armonianaturaldietshop.com\/product\/amino-x-bsn-aminoacidos-solubles-efervescentes-70-servicios\/","og_site_name":"Armonia Natural Diet Shop","article_publisher":"https:\/\/www.facebook.com\/ArmoniaNaturalDietShop\/","article_modified_time":"2026-01-21T14:37:38+00:00","og_image":[{"width":1000,"height":1000,"url":"https:\/\/armonianaturaldietshop.com\/wp-content\/uploads\/2018\/01\/bsn-amino-x-70serv.jpg","type":"image\/jpeg"}],"twitter_card":"summary_large_image","twitter_misc":{"Est. reading time":"2 minutes"},"schema":{"@context":"https:\/\/schema.org","@graph":[{"@type":"Organization","@id":"https:\/\/armonianaturaldietshop.com\/#organization","name":"Armonia Natural Diet Shop","url":"https:\/\/armonianaturaldietshop.com\/","sameAs":["https:\/\/www.facebook.com\/ArmoniaNaturalDietShop\/","https:\/\/www.instagram.com\/armonia.natural\/?hl=en"],"logo":{"@type":"ImageObject","@id":"https:\/\/armonianaturaldietshop.com\/#logo","inLanguage":"en-US","url":"https:\/\/armonianaturaldietshop.com\/wp-content\/uploads\/2018\/01\/top-banner-1.png","contentUrl":"https:\/\/armonianaturaldietshop.com\/wp-content\/uploads\/2018\/01\/top-banner-1.png","width":369,"height":116,"caption":"Armonia Natural Diet Shop"},"image":{"@id":"https:\/\/armonianaturaldietshop.com\/#logo"}},{"@type":"WebSite","@id":"https:\/\/armonianaturaldietshop.com\/#website","url":"https:\/\/armonianaturaldietshop.com\/","name":"Armonia Natural Diet Shop","description":"Otro sitio realizado con WordPress","publisher":{"@id":"https:\/\/armonianaturaldietshop.com\/#organization"},"potentialAction":[{"@type":"SearchAction","target":{"@type":"EntryPoint","urlTemplate":"https:\/\/armonianaturaldietshop.com\/?s={search_term_string}"},"query-input":"required name=search_term_string"}],"inLanguage":"en-US"},{"@type":"ImageObject","@id":"https:\/\/armonianaturaldietshop.com\/product\/amino-x-bsn-aminoacidos-solubles-efervescentes-70-servicios\/#primaryimage","inLanguage":"en-US","url":"https:\/\/armonianaturaldietshop.com\/wp-content\/uploads\/2018\/01\/bsn-amino-x-70serv.jpg","contentUrl":"https:\/\/armonianaturaldietshop.com\/wp-content\/uploads\/2018\/01\/bsn-amino-x-70serv.jpg","width":1000,"height":1000,"caption":"Amino X 70 serv"},{"@type":"WebPage","@id":"https:\/\/armonianaturaldietshop.com\/product\/amino-x-bsn-aminoacidos-solubles-efervescentes-70-servicios\/#webpage","url":"https:\/\/armonianaturaldietshop.com\/product\/amino-x-bsn-aminoacidos-solubles-efervescentes-70-servicios\/","name":"Amino X BSN Amino\u00e1cidos 70 Servicios - Armonia Natural Diet Shop","isPartOf":{"@id":"https:\/\/armonianaturaldietshop.com\/#website"},"primaryImageOfPage":{"@id":"https:\/\/armonianaturaldietshop.com\/product\/amino-x-bsn-aminoacidos-solubles-efervescentes-70-servicios\/#primaryimage"},"datePublished":"2018-01-28T21:42:30+00:00","dateModified":"2026-01-21T14:37:38+00:00","breadcrumb":{"@id":"https:\/\/armonianaturaldietshop.com\/product\/amino-x-bsn-aminoacidos-solubles-efervescentes-70-servicios\/#breadcrumb"},"inLanguage":"en-US","potentialAction":[{"@type":"ReadAction","target":["https:\/\/armonianaturaldietshop.com\/product\/amino-x-bsn-aminoacidos-solubles-efervescentes-70-servicios\/"]}]},{"@type":"BreadcrumbList","@id":"https:\/\/armonianaturaldietshop.com\/product\/amino-x-bsn-aminoacidos-solubles-efervescentes-70-servicios\/#breadcrumb","itemListElement":[{"@type":"ListItem","position":1,"name":"Home","item":"https:\/\/armonianaturaldietshop.com\/en\/"},{"@type":"ListItem","position":2,"name":"Shop","item":"https:\/\/armonianaturaldietshop.com\/en\/shop\/"},{"@type":"ListItem","position":3,"name":"Amino X BSN Amino\u00e1cidos 70 Servicios"}]}]}},"_links":{"self":[{"href":"https:\/\/armonianaturaldietshop.com\/en\/wp-json\/wp\/v2\/product\/1884"}],"collection":[{"href":"https:\/\/armonianaturaldietshop.com\/en\/wp-json\/wp\/v2\/product"}],"about":[{"href":"https:\/\/armonianaturaldietshop.com\/en\/wp-json\/wp\/v2\/types\/product"}],"replies":[{"embeddable":true,"href":"https:\/\/armonianaturaldietshop.com\/en\/wp-json\/wp\/v2\/comments?post=1884"}],"wp:featuredmedia":[{"embeddable":true,"href":"https:\/\/armonianaturaldietshop.com\/en\/wp-json\/wp\/v2\/media\/3222"}],"wp:attachment":[{"href":"https:\/\/armonianaturaldietshop.com\/en\/wp-json\/wp\/v2\/media?parent=1884"}],"wp:term":[{"taxonomy":"product_cat","embeddable":true,"href":"https:\/\/armonianaturaldietshop.com\/en\/wp-json\/wp\/v2\/product_cat?post=1884"},{"taxonomy":"product_tag","embeddable":true,"href":"https:\/\/armonianaturaldietshop.com\/en\/wp-json\/wp\/v2\/product_tag?post=1884"}],"curies":[{"name":"wp","href":"https:\/\/api.w.org\/{rel}","templated":true}]}}